{"id":19929,"date":"2025-07-25T10:48:56","date_gmt":"2025-07-25T07:48:56","guid":{"rendered":"https:\/\/skaitytaknyga.lt\/?post_type=product&#038;p=19929"},"modified":"2026-03-05T13:40:21","modified_gmt":"2026-03-05T11:40:21","slug":"sprogdintoja","status":"publish","type":"product","link":"https:\/\/skaitytaknyga.lt\/en\/produktas\/sprogdintoja\/","title":{"rendered":"Sprogdintoja"},"content":{"rendered":"<p>Ankst\u0173 \u017evarbaus gruod\u017eio ryt\u0105 Evening Post Nusikaltim\u0173 skyriaus vadov\u0117 Anika Bengtzon pa\u017eadinama telefono skambu\u010dio. Olimpiniame stadione nugriaud\u0117jo sprogimas. \u012e skutelius supl\u0117\u0161yta auka \u2013 Kristina Furhag\u0117, vasaros olimpini\u0173 \u017eaidyni\u0173 organizacinio komiteto galva. Meistri\u0161kai balansuodama tarp \u0161eimos ir vadovaujam\u0173 pareig\u0173 laikra\u0161\u010dio skyriuje, spausdama informacij\u0105 i\u0161 policijos informatoriaus, Anika ima kapstytis Kristinos praeityje. O ten grasinimai susidoroti, slapta santuoka ir ne\u0161variai gautos pareigos. Tada nugriaud\u0117ja antrasis sprogimas. \u0160iurp\u016bs nusikaltimai \u017eurnalistei yra geriausia sensacija. Kai \u0161altinis atskleid\u017eia, kad policija jau lipa ant kuln\u0173 nusikalt\u0117liui, Anika i\u0161sireikalauja i\u0161skirtinio interviu. Tik reporter\u0117 kapsto per giliai ir netrukus pati taps \u012fsiutusios serijin\u0117s \u017eudik\u0117s taikiniu.<\/p>\n","protected":false},"excerpt":{"rendered":"<p>Ankst\u0173 \u017evarbaus gruod\u017eio ryt\u0105 Evening Post Nusikaltim\u0173 skyriaus vadov\u0117 Anika Bengtzon pa\u017eadinama telefono skambu\u010dio. Olimpiniame stadione nugriaud\u0117jo sprogimas. \u012e skutelius supl\u0117\u0161yta auka \u2013 Kristina Furhag\u0117, vasaros olimpini\u0173 \u017eaidyni\u0173 organizacinio komiteto galva. Meistri\u0161kai balansuodama tarp \u0161eimos ir vadovaujam\u0173 pareig\u0173 laikra\u0161\u010dio skyriuje, spausdama informacij\u0105 i\u0161 policijos informatoriaus, Anika ima kapstytis Kristinos praeityje. O ten grasinimai susidoroti, slapta santuoka ir ne\u0161variai gautos pareigos. Tada nugriaud\u0117ja antrasis sprogimas. \u0160iurp\u016bs nusikaltimai \u017eurnalistei yra geriausia sensacija. Kai \u0161altinis atskleid\u017eia, kad policija jau lipa ant kuln\u0173 nusikalt\u0117liui, Anika i\u0161sireikalauja i\u0161skirtinio interviu. Tik reporter\u0117 kapsto per giliai ir netrukus pati taps \u012fsiutusios serijin\u0117s \u017eudik\u0117s taikiniu.<\/p>\n","protected":false},"featured_media":19934,"comment_status":"open","ping_status":"closed","template":"","meta":{"_acf_changed":false,"site-sidebar-layout":"default","site-content-layout":"","ast-site-content-layout":"default","site-content-style":"default","site-sidebar-style":"default","ast-global-header-display":"","ast-banner-title-visibility":"","ast-main-header-display":"","ast-hfb-above-header-display":"","ast-hfb-below-header-display":"","ast-hfb-mobile-header-display":"","site-post-title":"","ast-breadcrumbs-content":"","ast-featured-img":"","footer-sml-layout":"","ast-disable-related-posts":"","theme-transparent-header-meta":"","adv-header-id-meta":"","stick-header-meta":"","header-above-stick-meta":"","header-main-stick-meta":"","header-below-stick-meta":"","astra-migrate-meta-layouts":"default","ast-page-background-enabled":"default","ast-page-background-meta":{"desktop":{"background-color":"","background-image":"","background-repeat":"repeat","background-position":"center center","background-size":"auto","background-attachment":"scroll","background-type":"","background-media":"","overlay-type":"","overlay-color":"","overlay-opacity":"","overlay-gradient":""},"tablet":{"background-color":"","background-image":"","background-repeat":"repeat","background-position":"center center","background-size":"auto","background-attachment":"scroll","background-type":"","background-media":"","overlay-type":"","overlay-color":"","overlay-opacity":"","overlay-gradient":""},"mobile":{"background-color":"","background-image":"","background-repeat":"repeat","background-position":"center center","background-size":"auto","background-attachment":"scroll","background-type":"","background-media":"","overlay-type":"","overlay-color":"","overlay-opacity":"","overlay-gradient":""}},"ast-content-background-meta":{"desktop":{"background-color":"var(--ast-global-color-4)","background-image":"","background-repeat":"repeat","background-position":"center center","background-size":"auto","background-attachment":"scroll","background-type":"","background-media":"","overlay-type":"","overlay-color":"","overlay-opacity":"","overlay-gradient":""},"tablet":{"background-color":"var(--ast-global-color-4)","background-image":"","background-repeat":"repeat","background-position":"center center","background-size":"auto","background-attachment":"scroll","background-type":"","background-media":"","overlay-type":"","overlay-color":"","overlay-opacity":"","overlay-gradient":""},"mobile":{"background-color":"var(--ast-global-color-4)","background-image":"","background-repeat":"repeat","background-position":"center center","background-size":"auto","background-attachment":"scroll","background-type":"","background-media":"","overlay-type":"","overlay-color":"","overlay-opacity":"","overlay-gradient":""}}},"product_brand":[],"product_cat":[9581],"product_tag":[6875,6874,6876,3133,6878,6877],"class_list":{"0":"post-19929","1":"product","2":"type-product","3":"status-publish","4":"has-post-thumbnail","6":"product_cat-kriminaliniai-romanai","7":"product_tag-anika-bengtzon","8":"product_tag-liza-marklund","9":"product_tag-sprogdinimai","10":"product_tag-svedija","11":"product_tag-vasaros-zaidynes","12":"product_tag-zurnaliste","13":"desktop-align-left","14":"tablet-align-left","15":"mobile-align-left","17":"first","18":"instock","19":"shipping-taxable","20":"purchasable","21":"product-type-simple"},"acf":[],"yoast_head":"<!-- This site is optimized with the Yoast SEO plugin v27.0 - https:\/\/yoast.com\/product\/yoast-seo-wordpress\/ -->\n<title>Sprogdintoja<\/title>\n<meta name=\"description\" content=\"Ankst\u0173 \u017evarbaus gruod\u017eio ryt\u0105 Evening Post Nusikaltim\u0173 skyriaus vadov\u0117 Anika Bengtzon pa\u017eadinama telefono skambu\u010dio. Olimpiniame stadione nugriaud\u0117jo\" \/>\n<meta name=\"robots\" content=\"index, follow, max-snippet:-1, max-image-preview:large, max-video-preview:-1\" \/>\n<link rel=\"canonical\" href=\"https:\/\/skaitytaknyga.lt\/en\/produktas\/sprogdintoja\/\" \/>\n<meta property=\"og:locale\" content=\"en_GB\" \/>\n<meta property=\"og:locale:alternate\" content=\"lt_LT\" \/>\n<meta property=\"og:type\" content=\"article\" \/>\n<meta property=\"og:title\" content=\"Sprogdintoja\" \/>\n<meta property=\"og:description\" content=\"Ankst\u0173 \u017evarbaus gruod\u017eio ryt\u0105 Evening Post Nusikaltim\u0173 skyriaus vadov\u0117 Anika Bengtzon pa\u017eadinama telefono skambu\u010dio. Olimpiniame stadione nugriaud\u0117jo\" \/>\n<meta property=\"og:url\" content=\"https:\/\/skaitytaknyga.lt\/en\/produktas\/sprogdintoja\/\" \/>\n<meta property=\"og:site_name\" content=\"Skaitytaknyga\" \/>\n<meta property=\"article:publisher\" content=\"https:\/\/www.facebook.com\/skaitytaknyga\/\" \/>\n<meta property=\"article:modified_time\" content=\"2026-03-05T11:40:21+00:00\" \/>\n<meta property=\"og:image\" content=\"https:\/\/skaitytaknyga.lt\/wp-content\/uploads\/2025\/07\/Sprogdintoja-1.webp\" \/>\n\t<meta property=\"og:image:width\" content=\"534\" \/>\n\t<meta property=\"og:image:height\" content=\"801\" \/>\n\t<meta property=\"og:image:type\" content=\"image\/webp\" \/>\n<meta name=\"twitter:card\" content=\"summary_large_image\" \/>\n<meta name=\"twitter:label1\" content=\"Estimated reading time\" \/>\n\t<meta name=\"twitter:data1\" content=\"1 minute\" \/>\n<script type=\"application\/ld+json\" class=\"yoast-schema-graph\">{\"@context\":\"https:\/\/schema.org\",\"@graph\":[{\"@type\":\"WebPage\",\"@id\":\"https:\/\/skaitytaknyga.lt\/produktas\/sprogdintoja\/\",\"url\":\"https:\/\/skaitytaknyga.lt\/produktas\/sprogdintoja\/\",\"name\":\"Sprogdintoja\",\"isPartOf\":{\"@id\":\"https:\/\/skaitytaknyga.lt\/#website\"},\"primaryImageOfPage\":{\"@id\":\"https:\/\/skaitytaknyga.lt\/produktas\/sprogdintoja\/#primaryimage\"},\"image\":{\"@id\":\"https:\/\/skaitytaknyga.lt\/produktas\/sprogdintoja\/#primaryimage\"},\"thumbnailUrl\":\"https:\/\/skaitytaknyga.lt\/wp-content\/uploads\/2025\/07\/Sprogdintoja-1.webp\",\"datePublished\":\"2025-07-25T07:48:56+00:00\",\"dateModified\":\"2026-03-05T11:40:21+00:00\",\"description\":\"Ankst\u0173 \u017evarbaus gruod\u017eio ryt\u0105 Evening Post Nusikaltim\u0173 skyriaus vadov\u0117 Anika Bengtzon pa\u017eadinama telefono skambu\u010dio. Olimpiniame stadione nugriaud\u0117jo\",\"breadcrumb\":{\"@id\":\"https:\/\/skaitytaknyga.lt\/produktas\/sprogdintoja\/#breadcrumb\"},\"inLanguage\":\"en-GB\",\"potentialAction\":[{\"@type\":\"ReadAction\",\"target\":[\"https:\/\/skaitytaknyga.lt\/produktas\/sprogdintoja\/\"]}]},{\"@type\":\"ImageObject\",\"inLanguage\":\"en-GB\",\"@id\":\"https:\/\/skaitytaknyga.lt\/produktas\/sprogdintoja\/#primaryimage\",\"url\":\"https:\/\/skaitytaknyga.lt\/wp-content\/uploads\/2025\/07\/Sprogdintoja-1.webp\",\"contentUrl\":\"https:\/\/skaitytaknyga.lt\/wp-content\/uploads\/2025\/07\/Sprogdintoja-1.webp\",\"width\":534,\"height\":801,\"caption\":\"Sprogdintoja\"},{\"@type\":\"BreadcrumbList\",\"@id\":\"https:\/\/skaitytaknyga.lt\/produktas\/sprogdintoja\/#breadcrumb\",\"itemListElement\":[{\"@type\":\"ListItem\",\"position\":1,\"name\":\"Home\",\"item\":\"https:\/\/skaitytaknyga.lt\/\"},{\"@type\":\"ListItem\",\"position\":2,\"name\":\"Parduotuv\u0117\",\"item\":\"https:\/\/skaitytaknyga.lt\/knygu-parduotuve\/\"},{\"@type\":\"ListItem\",\"position\":3,\"name\":\"Sprogdintoja\"}]},{\"@type\":\"WebSite\",\"@id\":\"https:\/\/skaitytaknyga.lt\/#website\",\"url\":\"https:\/\/skaitytaknyga.lt\/\",\"name\":\"skaitytaknyga.lt\",\"description\":\"Skaitytaknyga.lt \u2013 tai ma\u017eas \u0161eimos verslas, kuris prasid\u0117jo nuo meil\u0117s knygoms ir siekio i\u0161gelb\u0117ti knygas nuo likimo prie konteinerio. Kas vienam nereikalingas daiktas \u2013 kitam lobis, o mes esame tarpininkai, kurie padeda abiems tapti laimingesniems ???? \u017dinome kaip nelengva i\u0161gyventi ma\u017eiems verslams, tad nuo \u0161iol, \u010dia rasite ir kit\u0173, ma\u017e\u0173 \u0161eim\u0173 versl\u0173, rank\u0173 darbo, dovan\u0173 sau ir artimiesiems.\",\"publisher\":{\"@id\":\"https:\/\/skaitytaknyga.lt\/#organization\"},\"potentialAction\":[{\"@type\":\"SearchAction\",\"target\":{\"@type\":\"EntryPoint\",\"urlTemplate\":\"https:\/\/skaitytaknyga.lt\/?s={search_term_string}\"},\"query-input\":{\"@type\":\"PropertyValueSpecification\",\"valueRequired\":true,\"valueName\":\"search_term_string\"}}],\"inLanguage\":\"en-GB\"},{\"@type\":\"Organization\",\"@id\":\"https:\/\/skaitytaknyga.lt\/#organization\",\"name\":\"skaitytaknyga.lt\",\"url\":\"https:\/\/skaitytaknyga.lt\/\",\"logo\":{\"@type\":\"ImageObject\",\"inLanguage\":\"en-GB\",\"@id\":\"https:\/\/skaitytaknyga.lt\/#\/schema\/logo\/image\/\",\"url\":\"https:\/\/skaitytaknyga.lt\/wp-content\/uploads\/2024\/05\/cropped-cropped-cropped-02_00843_jt3bggkj1j3HLc7SyY6rEUpg.jpeg\",\"contentUrl\":\"https:\/\/skaitytaknyga.lt\/wp-content\/uploads\/2024\/05\/cropped-cropped-cropped-02_00843_jt3bggkj1j3HLc7SyY6rEUpg.jpeg\",\"width\":1600,\"height\":1600,\"caption\":\"skaitytaknyga.lt\"},\"image\":{\"@id\":\"https:\/\/skaitytaknyga.lt\/#\/schema\/logo\/image\/\"},\"sameAs\":[\"https:\/\/www.facebook.com\/skaitytaknyga\/\"]}]}<\/script>\n<!-- \/ Yoast SEO plugin. -->","yoast_head_json":{"title":"Sprogdintoja","description":"Ankst\u0173 \u017evarbaus gruod\u017eio ryt\u0105 Evening Post Nusikaltim\u0173 skyriaus vadov\u0117 Anika Bengtzon pa\u017eadinama telefono skambu\u010dio. Olimpiniame stadione nugriaud\u0117jo","robots":{"index":"index","follow":"follow","max-snippet":"max-snippet:-1","max-image-preview":"max-image-preview:large","max-video-preview":"max-video-preview:-1"},"canonical":"https:\/\/skaitytaknyga.lt\/en\/produktas\/sprogdintoja\/","og_locale":"en_GB","og_type":"article","og_title":"[:lt]Sprogdintoja[:] - Skaitytaknyga","og_description":"Ankst\u0173 \u017evarbaus gruod\u017eio ryt\u0105 Evening Post Nusikaltim\u0173 skyriaus vadov\u0117 Anika Bengtzon pa\u017eadinama telefono skambu\u010dio. Olimpiniame stadione nugriaud\u0117jo","og_url":"https:\/\/skaitytaknyga.lt\/en\/produktas\/sprogdintoja\/","og_site_name":"Skaitytaknyga","article_publisher":"https:\/\/www.facebook.com\/skaitytaknyga\/","article_modified_time":"2026-03-05T11:40:21+00:00","og_image":[{"width":534,"height":801,"url":"https:\/\/skaitytaknyga.lt\/wp-content\/uploads\/2025\/07\/Sprogdintoja-1.webp","type":"image\/webp"}],"twitter_card":"summary_large_image","twitter_misc":{"Estimated reading time":"1 minute"},"schema":{"@context":"https:\/\/schema.org","@graph":[{"@type":"WebPage","@id":"https:\/\/skaitytaknyga.lt\/produktas\/sprogdintoja\/","url":"https:\/\/skaitytaknyga.lt\/produktas\/sprogdintoja\/","name":"Sprogdintoja","isPartOf":{"@id":"https:\/\/skaitytaknyga.lt\/#website"},"primaryImageOfPage":{"@id":"https:\/\/skaitytaknyga.lt\/produktas\/sprogdintoja\/#primaryimage"},"image":{"@id":"https:\/\/skaitytaknyga.lt\/produktas\/sprogdintoja\/#primaryimage"},"thumbnailUrl":"https:\/\/skaitytaknyga.lt\/wp-content\/uploads\/2025\/07\/Sprogdintoja-1.webp","datePublished":"2025-07-25T07:48:56+00:00","dateModified":"2026-03-05T11:40:21+00:00","description":"Ankst\u0173 \u017evarbaus gruod\u017eio ryt\u0105 Evening Post Nusikaltim\u0173 skyriaus vadov\u0117 Anika Bengtzon pa\u017eadinama telefono skambu\u010dio. Olimpiniame stadione nugriaud\u0117jo","breadcrumb":{"@id":"https:\/\/skaitytaknyga.lt\/produktas\/sprogdintoja\/#breadcrumb"},"inLanguage":"en-GB","potentialAction":[{"@type":"ReadAction","target":["https:\/\/skaitytaknyga.lt\/produktas\/sprogdintoja\/"]}]},{"@type":"ImageObject","inLanguage":"en-GB","@id":"https:\/\/skaitytaknyga.lt\/produktas\/sprogdintoja\/#primaryimage","url":"https:\/\/skaitytaknyga.lt\/wp-content\/uploads\/2025\/07\/Sprogdintoja-1.webp","contentUrl":"https:\/\/skaitytaknyga.lt\/wp-content\/uploads\/2025\/07\/Sprogdintoja-1.webp","width":534,"height":801,"caption":"Sprogdintoja"},{"@type":"BreadcrumbList","@id":"https:\/\/skaitytaknyga.lt\/produktas\/sprogdintoja\/#breadcrumb","itemListElement":[{"@type":"ListItem","position":1,"name":"Home","item":"https:\/\/skaitytaknyga.lt\/"},{"@type":"ListItem","position":2,"name":"Parduotuv\u0117","item":"https:\/\/skaitytaknyga.lt\/knygu-parduotuve\/"},{"@type":"ListItem","position":3,"name":"Sprogdintoja"}]},{"@type":"WebSite","@id":"https:\/\/skaitytaknyga.lt\/#website","url":"https:\/\/skaitytaknyga.lt\/","name":"skaitytaknyga.lt","description":"Skaitytaknyga.lt \u2013 tai ma\u017eas \u0161eimos verslas, kuris prasid\u0117jo nuo meil\u0117s knygoms ir siekio i\u0161gelb\u0117ti knygas nuo likimo prie konteinerio. Kas vienam nereikalingas daiktas \u2013 kitam lobis, o mes esame tarpininkai, kurie padeda abiems tapti laimingesniems ???? \u017dinome kaip nelengva i\u0161gyventi ma\u017eiems verslams, tad nuo \u0161iol, \u010dia rasite ir kit\u0173, ma\u017e\u0173 \u0161eim\u0173 versl\u0173, rank\u0173 darbo, dovan\u0173 sau ir artimiesiems.","publisher":{"@id":"https:\/\/skaitytaknyga.lt\/#organization"},"potentialAction":[{"@type":"SearchAction","target":{"@type":"EntryPoint","urlTemplate":"https:\/\/skaitytaknyga.lt\/?s={search_term_string}"},"query-input":{"@type":"PropertyValueSpecification","valueRequired":true,"valueName":"search_term_string"}}],"inLanguage":"en-GB"},{"@type":"Organization","@id":"https:\/\/skaitytaknyga.lt\/#organization","name":"skaitytaknyga.lt","url":"https:\/\/skaitytaknyga.lt\/","logo":{"@type":"ImageObject","inLanguage":"en-GB","@id":"https:\/\/skaitytaknyga.lt\/#\/schema\/logo\/image\/","url":"https:\/\/skaitytaknyga.lt\/wp-content\/uploads\/2024\/05\/cropped-cropped-cropped-02_00843_jt3bggkj1j3HLc7SyY6rEUpg.jpeg","contentUrl":"https:\/\/skaitytaknyga.lt\/wp-content\/uploads\/2024\/05\/cropped-cropped-cropped-02_00843_jt3bggkj1j3HLc7SyY6rEUpg.jpeg","width":1600,"height":1600,"caption":"skaitytaknyga.lt"},"image":{"@id":"https:\/\/skaitytaknyga.lt\/#\/schema\/logo\/image\/"},"sameAs":["https:\/\/www.facebook.com\/skaitytaknyga\/"]}]}},"_links":{"self":[{"href":"https:\/\/skaitytaknyga.lt\/en\/wp-json\/wp\/v2\/product\/19929","targetHints":{"allow":["GET"]}}],"collection":[{"href":"https:\/\/skaitytaknyga.lt\/en\/wp-json\/wp\/v2\/product"}],"about":[{"href":"https:\/\/skaitytaknyga.lt\/en\/wp-json\/wp\/v2\/types\/product"}],"replies":[{"embeddable":true,"href":"https:\/\/skaitytaknyga.lt\/en\/wp-json\/wp\/v2\/comments?post=19929"}],"wp:featuredmedia":[{"embeddable":true,"href":"https:\/\/skaitytaknyga.lt\/en\/wp-json\/wp\/v2\/media\/19934"}],"wp:attachment":[{"href":"https:\/\/skaitytaknyga.lt\/en\/wp-json\/wp\/v2\/media?parent=19929"}],"wp:term":[{"taxonomy":"product_brand","embeddable":true,"href":"https:\/\/skaitytaknyga.lt\/en\/wp-json\/wp\/v2\/product_brand?post=19929"},{"taxonomy":"product_cat","embeddable":true,"href":"https:\/\/skaitytaknyga.lt\/en\/wp-json\/wp\/v2\/product_cat?post=19929"},{"taxonomy":"product_tag","embeddable":true,"href":"https:\/\/skaitytaknyga.lt\/en\/wp-json\/wp\/v2\/product_tag?post=19929"}],"curies":[{"name":"wp","href":"https:\/\/api.w.org\/{rel}","templated":true}]}}