{"id":19925,"date":"2025-07-25T10:13:37","date_gmt":"2025-07-25T07:13:37","guid":{"rendered":"https:\/\/skaitytaknyga.lt\/?post_type=product&#038;p=19925"},"modified":"2026-03-05T13:33:17","modified_gmt":"2026-03-05T11:33:17","slug":"peilis","status":"publish","type":"product","link":"https:\/\/skaitytaknyga.lt\/en\/produktas\/peilis\/","title":{"rendered":"Peilis"},"content":{"rendered":"<p>DVYLIKTASIS DETEKTYVO HARIO HU\u0304LE\u0307S SERIJOS ROMANAS.<\/p>\n<p>Haris H\u016bl\u0117 dar niekada nebuvo taip arti prarajos. Rakel\u0117 \u2013 vienintel\u0117 moteris, kuri\u0105 jis kada nors myl\u0117jo, \u2013 galutinai nutrauk\u0117 su juo santykius. Oslo policijoje jis per\u017ei\u016bri u\u017e\u0161aldytas bylas ir r\u016b\u0161iuoja dokumentus, u\u017euot dar\u0119s tai, k\u0105 geba geriausiai, \u2013 tyr\u0119s \u017emog\u017eudystes, kurios gali b\u016bti susijusios su Sveinu Finu, seksualiniu nusikalt\u0117liu, serijiniu \u017eudiku ir H\u016bl\u0117s prie\u0161u. Kadaise Haris pasodino j\u012f u\u017e grot\u0173, o dabar, po daugiau kaip de\u0161imtme\u010dio kal\u0117jime, Finas laisv\u0117je, pasiry\u017e\u0119s atker\u0161yti.<\/p>\n<p>Ir viskas tik \u012f bloga. Kai vien\u0105 ryt\u0105 Haris atsibunda sunkiai pagiringas, visi\u0161kai neprisimindamas nakties, kruvinomis rankomis, tai \u2013 tik verian\u010dio nelyg i\u0161gal\u0105sti peilio a\u0161menys ko\u0161maro prad\u017eia.<\/p>\n","protected":false},"excerpt":{"rendered":"<p>DVYLIKTASIS DETEKTYVO HARIO HU\u0304LE\u0307S SERIJOS ROMANAS. Haris H\u016bl\u0117 dar niekada nebuvo taip arti prarajos. Rakel\u0117 \u2013 vienintel\u0117 moteris, kuri\u0105 jis kada nors myl\u0117jo, \u2013 galutinai nutrauk\u0117 su juo santykius. Oslo policijoje jis per\u017ei\u016bri u\u017e\u0161aldytas bylas ir r\u016b\u0161iuoja dokumentus, u\u017euot dar\u0119s tai, k\u0105 geba geriausiai, \u2013 tyr\u0119s \u017emog\u017eudystes, kurios gali b\u016bti susijusios su Sveinu Finu, seksualiniu nusikalt\u0117liu, serijiniu \u017eudiku ir H\u016bl\u0117s prie\u0161u. Kadaise Haris pasodino j\u012f u\u017e grot\u0173, o dabar, po daugiau kaip de\u0161imtme\u010dio kal\u0117jime, Finas laisv\u0117je, pasiry\u017e\u0119s atker\u0161yti. Ir viskas tik \u012f bloga. Kai vien\u0105 ryt\u0105 Haris atsibunda sunkiai pagiringas, visi\u0161kai neprisimindamas nakties, kruvinomis rankomis, tai \u2013 tik verian\u010dio nelyg i\u0161gal\u0105sti peilio a\u0161menys ko\u0161maro prad\u017eia.<\/p>\n","protected":false},"featured_media":19928,"comment_status":"open","ping_status":"closed","template":"","meta":{"_acf_changed":false,"site-sidebar-layout":"default","site-content-layout":"","ast-site-content-layout":"default","site-content-style":"default","site-sidebar-style":"default","ast-global-header-display":"","ast-banner-title-visibility":"","ast-main-header-display":"","ast-hfb-above-header-display":"","ast-hfb-below-header-display":"","ast-hfb-mobile-header-display":"","site-post-title":"","ast-breadcrumbs-content":"","ast-featured-img":"","footer-sml-layout":"","ast-disable-related-posts":"","theme-transparent-header-meta":"","adv-header-id-meta":"","stick-header-meta":"","header-above-stick-meta":"","header-main-stick-meta":"","header-below-stick-meta":"","astra-migrate-meta-layouts":"default","ast-page-background-enabled":"default","ast-page-background-meta":{"desktop":{"background-color":"","background-image":"","background-repeat":"repeat","background-position":"center center","background-size":"auto","background-attachment":"scroll","background-type":"","background-media":"","overlay-type":"","overlay-color":"","overlay-opacity":"","overlay-gradient":""},"tablet":{"background-color":"","background-image":"","background-repeat":"repeat","background-position":"center center","background-size":"auto","background-attachment":"scroll","background-type":"","background-media":"","overlay-type":"","overlay-color":"","overlay-opacity":"","overlay-gradient":""},"mobile":{"background-color":"","background-image":"","background-repeat":"repeat","background-position":"center center","background-size":"auto","background-attachment":"scroll","background-type":"","background-media":"","overlay-type":"","overlay-color":"","overlay-opacity":"","overlay-gradient":""}},"ast-content-background-meta":{"desktop":{"background-color":"var(--ast-global-color-4)","background-image":"","background-repeat":"repeat","background-position":"center center","background-size":"auto","background-attachment":"scroll","background-type":"","background-media":"","overlay-type":"","overlay-color":"","overlay-opacity":"","overlay-gradient":""},"tablet":{"background-color":"var(--ast-global-color-4)","background-image":"","background-repeat":"repeat","background-position":"center center","background-size":"auto","background-attachment":"scroll","background-type":"","background-media":"","overlay-type":"","overlay-color":"","overlay-opacity":"","overlay-gradient":""},"mobile":{"background-color":"var(--ast-global-color-4)","background-image":"","background-repeat":"repeat","background-position":"center center","background-size":"auto","background-attachment":"scroll","background-type":"","background-media":"","overlay-type":"","overlay-color":"","overlay-opacity":"","overlay-gradient":""}}},"product_brand":[],"product_cat":[9581],"product_tag":[6872,1605,1356,6871,6873,3982],"class_list":{"0":"post-19925","1":"product","2":"type-product","3":"status-publish","4":"has-post-thumbnail","6":"product_cat-kriminaliniai-romanai","7":"product_tag-alkoholizmas","8":"product_tag-haris-hule","9":"product_tag-jo-nesbo","10":"product_tag-oslo","11":"product_tag-praeities-kerstas","12":"product_tag-serijinis-zudikas","13":"desktop-align-left","14":"tablet-align-left","15":"mobile-align-left","17":"first","18":"instock","19":"shipping-taxable","20":"purchasable","21":"product-type-simple"},"acf":[],"yoast_head":"<!-- This site is optimized with the Yoast SEO plugin v27.0 - https:\/\/yoast.com\/product\/yoast-seo-wordpress\/ -->\n<title>Peilis<\/title>\n<meta name=\"description\" content=\"DVYLIKTASIS DETEKTYVO HARIO HU\u0304LE\u0307S SERIJOS ROMANAS. Haris H\u016bl\u0117 dar niekada nebuvo taip arti prarajos. Rakel\u0117 \u2013 vienintel\u0117 moteris, kuri\u0105 jis kada nors\" \/>\n<meta name=\"robots\" content=\"index, follow, max-snippet:-1, max-image-preview:large, max-video-preview:-1\" \/>\n<link rel=\"canonical\" href=\"https:\/\/skaitytaknyga.lt\/en\/produktas\/peilis\/\" \/>\n<meta property=\"og:locale\" content=\"en_GB\" \/>\n<meta property=\"og:locale:alternate\" content=\"lt_LT\" \/>\n<meta property=\"og:type\" content=\"article\" \/>\n<meta property=\"og:title\" content=\"Peilis\" \/>\n<meta property=\"og:description\" content=\"DVYLIKTASIS DETEKTYVO HARIO HU\u0304LE\u0307S SERIJOS ROMANAS. Haris H\u016bl\u0117 dar niekada nebuvo taip arti prarajos. Rakel\u0117 \u2013 vienintel\u0117 moteris, kuri\u0105 jis kada nors\" \/>\n<meta property=\"og:url\" content=\"https:\/\/skaitytaknyga.lt\/en\/produktas\/peilis\/\" \/>\n<meta property=\"og:site_name\" content=\"Skaitytaknyga\" \/>\n<meta property=\"article:publisher\" content=\"https:\/\/www.facebook.com\/skaitytaknyga\/\" \/>\n<meta property=\"article:modified_time\" content=\"2026-03-05T11:33:17+00:00\" \/>\n<meta property=\"og:image\" content=\"https:\/\/skaitytaknyga.lt\/wp-content\/uploads\/2025\/07\/Peilis-1.webp\" \/>\n\t<meta property=\"og:image:width\" content=\"453\" \/>\n\t<meta property=\"og:image:height\" content=\"652\" \/>\n\t<meta property=\"og:image:type\" content=\"image\/webp\" \/>\n<meta name=\"twitter:card\" content=\"summary_large_image\" \/>\n<meta name=\"twitter:label1\" content=\"Estimated reading time\" \/>\n\t<meta name=\"twitter:data1\" content=\"1 minute\" \/>\n<script type=\"application\/ld+json\" class=\"yoast-schema-graph\">{\"@context\":\"https:\/\/schema.org\",\"@graph\":[{\"@type\":\"WebPage\",\"@id\":\"https:\/\/skaitytaknyga.lt\/produktas\/peilis\/\",\"url\":\"https:\/\/skaitytaknyga.lt\/produktas\/peilis\/\",\"name\":\"Peilis\",\"isPartOf\":{\"@id\":\"https:\/\/skaitytaknyga.lt\/#website\"},\"primaryImageOfPage\":{\"@id\":\"https:\/\/skaitytaknyga.lt\/produktas\/peilis\/#primaryimage\"},\"image\":{\"@id\":\"https:\/\/skaitytaknyga.lt\/produktas\/peilis\/#primaryimage\"},\"thumbnailUrl\":\"https:\/\/skaitytaknyga.lt\/wp-content\/uploads\/2025\/07\/Peilis-1.webp\",\"datePublished\":\"2025-07-25T07:13:37+00:00\",\"dateModified\":\"2026-03-05T11:33:17+00:00\",\"description\":\"DVYLIKTASIS DETEKTYVO HARIO HU\u0304LE\u0307S SERIJOS ROMANAS. Haris H\u016bl\u0117 dar niekada nebuvo taip arti prarajos. Rakel\u0117 \u2013 vienintel\u0117 moteris, kuri\u0105 jis kada nors\",\"breadcrumb\":{\"@id\":\"https:\/\/skaitytaknyga.lt\/produktas\/peilis\/#breadcrumb\"},\"inLanguage\":\"en-GB\",\"potentialAction\":[{\"@type\":\"ReadAction\",\"target\":[\"https:\/\/skaitytaknyga.lt\/produktas\/peilis\/\"]}]},{\"@type\":\"ImageObject\",\"inLanguage\":\"en-GB\",\"@id\":\"https:\/\/skaitytaknyga.lt\/produktas\/peilis\/#primaryimage\",\"url\":\"https:\/\/skaitytaknyga.lt\/wp-content\/uploads\/2025\/07\/Peilis-1.webp\",\"contentUrl\":\"https:\/\/skaitytaknyga.lt\/wp-content\/uploads\/2025\/07\/Peilis-1.webp\",\"width\":453,\"height\":652,\"caption\":\"Peilis\"},{\"@type\":\"BreadcrumbList\",\"@id\":\"https:\/\/skaitytaknyga.lt\/produktas\/peilis\/#breadcrumb\",\"itemListElement\":[{\"@type\":\"ListItem\",\"position\":1,\"name\":\"Home\",\"item\":\"https:\/\/skaitytaknyga.lt\/\"},{\"@type\":\"ListItem\",\"position\":2,\"name\":\"Parduotuv\u0117\",\"item\":\"https:\/\/skaitytaknyga.lt\/knygu-parduotuve\/\"},{\"@type\":\"ListItem\",\"position\":3,\"name\":\"Peilis\"}]},{\"@type\":\"WebSite\",\"@id\":\"https:\/\/skaitytaknyga.lt\/#website\",\"url\":\"https:\/\/skaitytaknyga.lt\/\",\"name\":\"skaitytaknyga.lt\",\"description\":\"Skaitytaknyga.lt \u2013 tai ma\u017eas \u0161eimos verslas, kuris prasid\u0117jo nuo meil\u0117s knygoms ir siekio i\u0161gelb\u0117ti knygas nuo likimo prie konteinerio. Kas vienam nereikalingas daiktas \u2013 kitam lobis, o mes esame tarpininkai, kurie padeda abiems tapti laimingesniems ???? \u017dinome kaip nelengva i\u0161gyventi ma\u017eiems verslams, tad nuo \u0161iol, \u010dia rasite ir kit\u0173, ma\u017e\u0173 \u0161eim\u0173 versl\u0173, rank\u0173 darbo, dovan\u0173 sau ir artimiesiems.\",\"publisher\":{\"@id\":\"https:\/\/skaitytaknyga.lt\/#organization\"},\"potentialAction\":[{\"@type\":\"SearchAction\",\"target\":{\"@type\":\"EntryPoint\",\"urlTemplate\":\"https:\/\/skaitytaknyga.lt\/?s={search_term_string}\"},\"query-input\":{\"@type\":\"PropertyValueSpecification\",\"valueRequired\":true,\"valueName\":\"search_term_string\"}}],\"inLanguage\":\"en-GB\"},{\"@type\":\"Organization\",\"@id\":\"https:\/\/skaitytaknyga.lt\/#organization\",\"name\":\"skaitytaknyga.lt\",\"url\":\"https:\/\/skaitytaknyga.lt\/\",\"logo\":{\"@type\":\"ImageObject\",\"inLanguage\":\"en-GB\",\"@id\":\"https:\/\/skaitytaknyga.lt\/#\/schema\/logo\/image\/\",\"url\":\"https:\/\/skaitytaknyga.lt\/wp-content\/uploads\/2024\/05\/cropped-cropped-cropped-02_00843_jt3bggkj1j3HLc7SyY6rEUpg.jpeg\",\"contentUrl\":\"https:\/\/skaitytaknyga.lt\/wp-content\/uploads\/2024\/05\/cropped-cropped-cropped-02_00843_jt3bggkj1j3HLc7SyY6rEUpg.jpeg\",\"width\":1600,\"height\":1600,\"caption\":\"skaitytaknyga.lt\"},\"image\":{\"@id\":\"https:\/\/skaitytaknyga.lt\/#\/schema\/logo\/image\/\"},\"sameAs\":[\"https:\/\/www.facebook.com\/skaitytaknyga\/\"]}]}<\/script>\n<!-- \/ Yoast SEO plugin. -->","yoast_head_json":{"title":"Peilis","description":"DVYLIKTASIS DETEKTYVO HARIO HU\u0304LE\u0307S SERIJOS ROMANAS. Haris H\u016bl\u0117 dar niekada nebuvo taip arti prarajos. Rakel\u0117 \u2013 vienintel\u0117 moteris, kuri\u0105 jis kada nors","robots":{"index":"index","follow":"follow","max-snippet":"max-snippet:-1","max-image-preview":"max-image-preview:large","max-video-preview":"max-video-preview:-1"},"canonical":"https:\/\/skaitytaknyga.lt\/en\/produktas\/peilis\/","og_locale":"en_GB","og_type":"article","og_title":"[:lt]Peilis[:] - Skaitytaknyga","og_description":"DVYLIKTASIS DETEKTYVO HARIO HU\u0304LE\u0307S SERIJOS ROMANAS. Haris H\u016bl\u0117 dar niekada nebuvo taip arti prarajos. Rakel\u0117 \u2013 vienintel\u0117 moteris, kuri\u0105 jis kada nors","og_url":"https:\/\/skaitytaknyga.lt\/en\/produktas\/peilis\/","og_site_name":"Skaitytaknyga","article_publisher":"https:\/\/www.facebook.com\/skaitytaknyga\/","article_modified_time":"2026-03-05T11:33:17+00:00","og_image":[{"width":453,"height":652,"url":"https:\/\/skaitytaknyga.lt\/wp-content\/uploads\/2025\/07\/Peilis-1.webp","type":"image\/webp"}],"twitter_card":"summary_large_image","twitter_misc":{"Estimated reading time":"1 minute"},"schema":{"@context":"https:\/\/schema.org","@graph":[{"@type":"WebPage","@id":"https:\/\/skaitytaknyga.lt\/produktas\/peilis\/","url":"https:\/\/skaitytaknyga.lt\/produktas\/peilis\/","name":"Peilis","isPartOf":{"@id":"https:\/\/skaitytaknyga.lt\/#website"},"primaryImageOfPage":{"@id":"https:\/\/skaitytaknyga.lt\/produktas\/peilis\/#primaryimage"},"image":{"@id":"https:\/\/skaitytaknyga.lt\/produktas\/peilis\/#primaryimage"},"thumbnailUrl":"https:\/\/skaitytaknyga.lt\/wp-content\/uploads\/2025\/07\/Peilis-1.webp","datePublished":"2025-07-25T07:13:37+00:00","dateModified":"2026-03-05T11:33:17+00:00","description":"DVYLIKTASIS DETEKTYVO HARIO HU\u0304LE\u0307S SERIJOS ROMANAS. Haris H\u016bl\u0117 dar niekada nebuvo taip arti prarajos. Rakel\u0117 \u2013 vienintel\u0117 moteris, kuri\u0105 jis kada nors","breadcrumb":{"@id":"https:\/\/skaitytaknyga.lt\/produktas\/peilis\/#breadcrumb"},"inLanguage":"en-GB","potentialAction":[{"@type":"ReadAction","target":["https:\/\/skaitytaknyga.lt\/produktas\/peilis\/"]}]},{"@type":"ImageObject","inLanguage":"en-GB","@id":"https:\/\/skaitytaknyga.lt\/produktas\/peilis\/#primaryimage","url":"https:\/\/skaitytaknyga.lt\/wp-content\/uploads\/2025\/07\/Peilis-1.webp","contentUrl":"https:\/\/skaitytaknyga.lt\/wp-content\/uploads\/2025\/07\/Peilis-1.webp","width":453,"height":652,"caption":"Peilis"},{"@type":"BreadcrumbList","@id":"https:\/\/skaitytaknyga.lt\/produktas\/peilis\/#breadcrumb","itemListElement":[{"@type":"ListItem","position":1,"name":"Home","item":"https:\/\/skaitytaknyga.lt\/"},{"@type":"ListItem","position":2,"name":"Parduotuv\u0117","item":"https:\/\/skaitytaknyga.lt\/knygu-parduotuve\/"},{"@type":"ListItem","position":3,"name":"Peilis"}]},{"@type":"WebSite","@id":"https:\/\/skaitytaknyga.lt\/#website","url":"https:\/\/skaitytaknyga.lt\/","name":"skaitytaknyga.lt","description":"Skaitytaknyga.lt \u2013 tai ma\u017eas \u0161eimos verslas, kuris prasid\u0117jo nuo meil\u0117s knygoms ir siekio i\u0161gelb\u0117ti knygas nuo likimo prie konteinerio. Kas vienam nereikalingas daiktas \u2013 kitam lobis, o mes esame tarpininkai, kurie padeda abiems tapti laimingesniems ???? \u017dinome kaip nelengva i\u0161gyventi ma\u017eiems verslams, tad nuo \u0161iol, \u010dia rasite ir kit\u0173, ma\u017e\u0173 \u0161eim\u0173 versl\u0173, rank\u0173 darbo, dovan\u0173 sau ir artimiesiems.","publisher":{"@id":"https:\/\/skaitytaknyga.lt\/#organization"},"potentialAction":[{"@type":"SearchAction","target":{"@type":"EntryPoint","urlTemplate":"https:\/\/skaitytaknyga.lt\/?s={search_term_string}"},"query-input":{"@type":"PropertyValueSpecification","valueRequired":true,"valueName":"search_term_string"}}],"inLanguage":"en-GB"},{"@type":"Organization","@id":"https:\/\/skaitytaknyga.lt\/#organization","name":"skaitytaknyga.lt","url":"https:\/\/skaitytaknyga.lt\/","logo":{"@type":"ImageObject","inLanguage":"en-GB","@id":"https:\/\/skaitytaknyga.lt\/#\/schema\/logo\/image\/","url":"https:\/\/skaitytaknyga.lt\/wp-content\/uploads\/2024\/05\/cropped-cropped-cropped-02_00843_jt3bggkj1j3HLc7SyY6rEUpg.jpeg","contentUrl":"https:\/\/skaitytaknyga.lt\/wp-content\/uploads\/2024\/05\/cropped-cropped-cropped-02_00843_jt3bggkj1j3HLc7SyY6rEUpg.jpeg","width":1600,"height":1600,"caption":"skaitytaknyga.lt"},"image":{"@id":"https:\/\/skaitytaknyga.lt\/#\/schema\/logo\/image\/"},"sameAs":["https:\/\/www.facebook.com\/skaitytaknyga\/"]}]}},"_links":{"self":[{"href":"https:\/\/skaitytaknyga.lt\/en\/wp-json\/wp\/v2\/product\/19925","targetHints":{"allow":["GET"]}}],"collection":[{"href":"https:\/\/skaitytaknyga.lt\/en\/wp-json\/wp\/v2\/product"}],"about":[{"href":"https:\/\/skaitytaknyga.lt\/en\/wp-json\/wp\/v2\/types\/product"}],"replies":[{"embeddable":true,"href":"https:\/\/skaitytaknyga.lt\/en\/wp-json\/wp\/v2\/comments?post=19925"}],"wp:featuredmedia":[{"embeddable":true,"href":"https:\/\/skaitytaknyga.lt\/en\/wp-json\/wp\/v2\/media\/19928"}],"wp:attachment":[{"href":"https:\/\/skaitytaknyga.lt\/en\/wp-json\/wp\/v2\/media?parent=19925"}],"wp:term":[{"taxonomy":"product_brand","embeddable":true,"href":"https:\/\/skaitytaknyga.lt\/en\/wp-json\/wp\/v2\/product_brand?post=19925"},{"taxonomy":"product_cat","embeddable":true,"href":"https:\/\/skaitytaknyga.lt\/en\/wp-json\/wp\/v2\/product_cat?post=19925"},{"taxonomy":"product_tag","embeddable":true,"href":"https:\/\/skaitytaknyga.lt\/en\/wp-json\/wp\/v2\/product_tag?post=19925"}],"curies":[{"name":"wp","href":"https:\/\/api.w.org\/{rel}","templated":true}]}}