{"id":19924,"date":"2025-07-25T10:13:37","date_gmt":"2025-07-25T07:13:37","guid":{"rendered":"https:\/\/skaitytaknyga.lt\/?post_type=product&#038;p=19924"},"modified":"2025-07-30T21:46:58","modified_gmt":"2025-07-30T18:46:58","slug":"mergaite-pajuryje-salu-komisare-2-knyga","status":"publish","type":"product","link":"https:\/\/skaitytaknyga.lt\/en\/produktas\/mergaite-pajuryje-salu-komisare-2-knyga\/","title":{"rendered":"Mergait\u0117 paj\u016bryje. Sal\u0173 komisar\u0117. 2 knyga"},"content":{"rendered":"<p>Vyriausioji komisar\u0117 Lena Lorencen dalyvauja plataus masto paie\u0161kose \u0160iaur\u0117s Fryz\u0173 saloje Fiore. Dingo keturiolikmet\u0117 Marija Logener, kilusi i\u0161 ekstremaliai religingos \u0161eimos ir vis\u0173 apib\u016bdinama kaip pagal savo am\u017ei\u0173 ne\u012fprastai brandi. Antr\u0105 paie\u0161kos dien\u0105 mergait\u0117 randama nuo\u0161aliame paj\u016brio ruo\u017ee su perpjautomis venomis.<\/p>\n<p>Lenai ir jos jaunajam kolegai Johanui Grazmanui tuojau kyla \u012ftarimas, kad tai \u2013 ne savi\u017eudyb\u0117. Marijos t\u0117vai vengia bendradarbiauti su policija, ta\u010diau jie pasirodo es\u0105 ne vieninteliai, lyg ir turintys k\u0105 sl\u0117pti.<\/p>\n<p>\u017dingsnis po \u017eingsnio tyr\u0117jai skverbiasi \u012f mergait\u0117s gyvenim\u0105 ir paslaptis. Vyriausioji komisar\u0117 \u012fsitikinusi, kad bylos raktas gl\u016bdi b\u016btent \u010dia.<\/p>\n<p>Be to, Lena susiduria ne tik su profesiniais i\u0161\u0161\u016bkiais. Jos laukia nelengva u\u017eduotis: apsispr\u0119sti, ar gyventi kartu su jaunyst\u0117s dien\u0173 draugu Erku, ir \u012fvertinti, koki\u0105 \u012ftak\u0105 darbui \u017dem\u0117s kriminalin\u0117s policijos biure tur\u0117t\u0173 persik\u0117limas \u012f Amrum\u0105. Ir ar gali ji atleisti t\u0117vui, kurio nemat\u0117 jau keturiolika met\u0173?<\/p>\n<p>Anna Johannsen nuo vaikyst\u0117s gyvena \u0160iaur\u0117s Fryzijoje. Jai patinka regiono kra\u0161tovaizdis ir \u017emon\u0117s, o ypa\u010d \u2013 \u0160iaur\u0117s Fryz\u0173 salos, kuriose ir vyksta detektyvini\u0173 roman\u0173 serijos \u201eSal\u0173 komisar\u0117&#8221; veiksmas.<\/p>\n","protected":false},"excerpt":{"rendered":"<p>Vyriausioji komisar\u0117 Lena Lorencen dalyvauja plataus masto paie\u0161kose \u0160iaur\u0117s Fryz\u0173 saloje Fiore. Dingo keturiolikmet\u0117 Marija Logener, kilusi i\u0161 ekstremaliai religingos \u0161eimos ir vis\u0173 apib\u016bdinama kaip pagal savo am\u017ei\u0173 ne\u012fprastai brandi. Antr\u0105 paie\u0161kos dien\u0105 mergait\u0117 randama nuo\u0161aliame paj\u016brio ruo\u017ee su perpjautomis venomis. Lenai ir jos jaunajam kolegai Johanui Grazmanui tuojau kyla \u012ftarimas, kad tai \u2013 ne savi\u017eudyb\u0117. Marijos t\u0117vai vengia bendradarbiauti su policija, ta\u010diau jie pasirodo es\u0105 ne vieninteliai, lyg ir turintys k\u0105 sl\u0117pti. \u017dingsnis po \u017eingsnio tyr\u0117jai skverbiasi \u012f mergait\u0117s gyvenim\u0105 ir paslaptis. Vyriausioji komisar\u0117 \u012fsitikinusi, kad bylos raktas gl\u016bdi b\u016btent \u010dia. Be to, Lena susiduria ne tik su profesiniais i\u0161\u0161\u016bkiais. Jos laukia nelengva u\u017eduotis: apsispr\u0119sti, ar gyventi kartu su jaunyst\u0117s dien\u0173 draugu Erku, ir \u012fvertinti, koki\u0105 \u012ftak\u0105 darbui \u017dem\u0117s kriminalin\u0117s policijos biure tur\u0117t\u0173 persik\u0117limas \u012f Amrum\u0105. Ir ar gali ji atleisti t\u0117vui, kurio nemat\u0117 jau keturiolika met\u0173? Anna Johannsen nuo vaikyst\u0117s gyvena \u0160iaur\u0117s Fryzijoje. Jai patinka regiono kra\u0161tovaizdis ir \u017emon\u0117s, o ypa\u010d \u2013 \u0160iaur\u0117s Fryz\u0173 salos, kuriose ir vyksta detektyvini\u0173 roman\u0173 serijos \u201eSal\u0173 komisar\u0117&#8221; veiksmas.<\/p>\n","protected":false},"featured_media":19926,"comment_status":"open","ping_status":"closed","template":"","meta":{"_acf_changed":false,"site-sidebar-layout":"default","site-content-layout":"","ast-site-content-layout":"default","site-content-style":"default","site-sidebar-style":"default","ast-global-header-display":"","ast-banner-title-visibility":"","ast-main-header-display":"","ast-hfb-above-header-display":"","ast-hfb-below-header-display":"","ast-hfb-mobile-header-display":"","site-post-title":"","ast-breadcrumbs-content":"","ast-featured-img":"","footer-sml-layout":"","ast-disable-related-posts":"","theme-transparent-header-meta":"","adv-header-id-meta":"","stick-header-meta":"","header-above-stick-meta":"","header-main-stick-meta":"","header-below-stick-meta":"","astra-migrate-meta-layouts":"default","ast-page-background-enabled":"default","ast-page-background-meta":{"desktop":{"background-color":"","background-image":"","background-repeat":"repeat","background-position":"center center","background-size":"auto","background-attachment":"scroll","background-type":"","background-media":"","overlay-type":"","overlay-color":"","overlay-opacity":"","overlay-gradient":""},"tablet":{"background-color":"","background-image":"","background-repeat":"repeat","background-position":"center center","background-size":"auto","background-attachment":"scroll","background-type":"","background-media":"","overlay-type":"","overlay-color":"","overlay-opacity":"","overlay-gradient":""},"mobile":{"background-color":"","background-image":"","background-repeat":"repeat","background-position":"center center","background-size":"auto","background-attachment":"scroll","background-type":"","background-media":"","overlay-type":"","overlay-color":"","overlay-opacity":"","overlay-gradient":""}},"ast-content-background-meta":{"desktop":{"background-color":"var(--ast-global-color-4)","background-image":"","background-repeat":"repeat","background-position":"center center","background-size":"auto","background-attachment":"scroll","background-type":"","background-media":"","overlay-type":"","overlay-color":"","overlay-opacity":"","overlay-gradient":""},"tablet":{"background-color":"var(--ast-global-color-4)","background-image":"","background-repeat":"repeat","background-position":"center center","background-size":"auto","background-attachment":"scroll","background-type":"","background-media":"","overlay-type":"","overlay-color":"","overlay-opacity":"","overlay-gradient":""},"mobile":{"background-color":"var(--ast-global-color-4)","background-image":"","background-repeat":"repeat","background-position":"center center","background-size":"auto","background-attachment":"scroll","background-type":"","background-media":"","overlay-type":"","overlay-color":"","overlay-opacity":"","overlay-gradient":""}}},"product_brand":[],"product_cat":[15],"product_tag":[6862,6867,6863,6868,6864],"class_list":{"0":"post-19924","1":"product","2":"type-product","3":"status-publish","4":"has-post-thumbnail","6":"product_cat-uncategorized","7":"product_tag-anna-johannsen","8":"product_tag-dingusi-paaugle","9":"product_tag-lena-lorencen","10":"product_tag-religine-bendruomene","11":"product_tag-salu-komisare","12":"desktop-align-left","13":"tablet-align-left","14":"mobile-align-left","16":"first","17":"instock","18":"shipping-taxable","19":"purchasable","20":"product-type-simple"},"acf":[],"yoast_head":"<!-- This site is optimized with the Yoast SEO plugin v27.0 - https:\/\/yoast.com\/product\/yoast-seo-wordpress\/ -->\n<title>Mergait\u0117 paj\u016bryje. Sal\u0173 komisar\u0117. 2 knyga<\/title>\n<meta name=\"description\" content=\"Vyriausioji komisar\u0117 Lena Lorencen dalyvauja plataus masto paie\u0161kose \u0160iaur\u0117s Fryz\u0173 saloje Fiore. Dingo keturiolikmet\u0117 Marija Logener, kilusi i\u0161\" \/>\n<meta name=\"robots\" content=\"index, follow, max-snippet:-1, max-image-preview:large, max-video-preview:-1\" \/>\n<link rel=\"canonical\" href=\"https:\/\/skaitytaknyga.lt\/en\/produktas\/mergaite-pajuryje-salu-komisare-2-knyga\/\" \/>\n<meta property=\"og:locale\" content=\"en_GB\" \/>\n<meta property=\"og:locale:alternate\" content=\"lt_LT\" \/>\n<meta property=\"og:type\" content=\"article\" \/>\n<meta property=\"og:title\" content=\"Mergait\u0117 paj\u016bryje. Sal\u0173 komisar\u0117. 2 knyga\" \/>\n<meta property=\"og:description\" content=\"Vyriausioji komisar\u0117 Lena Lorencen dalyvauja plataus masto paie\u0161kose \u0160iaur\u0117s Fryz\u0173 saloje Fiore. Dingo keturiolikmet\u0117 Marija Logener, kilusi i\u0161\" \/>\n<meta property=\"og:url\" content=\"https:\/\/skaitytaknyga.lt\/en\/produktas\/mergaite-pajuryje-salu-komisare-2-knyga\/\" \/>\n<meta property=\"og:site_name\" content=\"Skaitytaknyga\" \/>\n<meta property=\"article:publisher\" content=\"https:\/\/www.facebook.com\/skaitytaknyga\/\" \/>\n<meta property=\"article:modified_time\" content=\"2025-07-30T18:46:58+00:00\" \/>\n<meta property=\"og:image\" content=\"https:\/\/skaitytaknyga.lt\/wp-content\/uploads\/2025\/07\/Mergaite-pajuryje.-Salu-komisare.-2-knyga-1.webp\" \/>\n\t<meta property=\"og:image:width\" content=\"300\" \/>\n\t<meta property=\"og:image:height\" content=\"427\" \/>\n\t<meta property=\"og:image:type\" content=\"image\/webp\" \/>\n<meta name=\"twitter:card\" content=\"summary_large_image\" \/>\n<meta name=\"twitter:label1\" content=\"Estimated reading time\" \/>\n\t<meta name=\"twitter:data1\" content=\"1 minute\" \/>\n<script type=\"application\/ld+json\" class=\"yoast-schema-graph\">{\"@context\":\"https:\/\/schema.org\",\"@graph\":[{\"@type\":\"WebPage\",\"@id\":\"https:\/\/skaitytaknyga.lt\/produktas\/mergaite-pajuryje-salu-komisare-2-knyga\/\",\"url\":\"https:\/\/skaitytaknyga.lt\/produktas\/mergaite-pajuryje-salu-komisare-2-knyga\/\",\"name\":\"Mergait\u0117 paj\u016bryje. Sal\u0173 komisar\u0117. 2 knyga\",\"isPartOf\":{\"@id\":\"https:\/\/skaitytaknyga.lt\/#website\"},\"primaryImageOfPage\":{\"@id\":\"https:\/\/skaitytaknyga.lt\/produktas\/mergaite-pajuryje-salu-komisare-2-knyga\/#primaryimage\"},\"image\":{\"@id\":\"https:\/\/skaitytaknyga.lt\/produktas\/mergaite-pajuryje-salu-komisare-2-knyga\/#primaryimage\"},\"thumbnailUrl\":\"https:\/\/skaitytaknyga.lt\/wp-content\/uploads\/2025\/07\/Mergaite-pajuryje.-Salu-komisare.-2-knyga-1.webp\",\"datePublished\":\"2025-07-25T07:13:37+00:00\",\"dateModified\":\"2025-07-30T18:46:58+00:00\",\"description\":\"Vyriausioji komisar\u0117 Lena Lorencen dalyvauja plataus masto paie\u0161kose \u0160iaur\u0117s Fryz\u0173 saloje Fiore. Dingo keturiolikmet\u0117 Marija Logener, kilusi i\u0161\",\"breadcrumb\":{\"@id\":\"https:\/\/skaitytaknyga.lt\/produktas\/mergaite-pajuryje-salu-komisare-2-knyga\/#breadcrumb\"},\"inLanguage\":\"en-GB\",\"potentialAction\":[{\"@type\":\"ReadAction\",\"target\":[\"https:\/\/skaitytaknyga.lt\/produktas\/mergaite-pajuryje-salu-komisare-2-knyga\/\"]}]},{\"@type\":\"ImageObject\",\"inLanguage\":\"en-GB\",\"@id\":\"https:\/\/skaitytaknyga.lt\/produktas\/mergaite-pajuryje-salu-komisare-2-knyga\/#primaryimage\",\"url\":\"https:\/\/skaitytaknyga.lt\/wp-content\/uploads\/2025\/07\/Mergaite-pajuryje.-Salu-komisare.-2-knyga-1.webp\",\"contentUrl\":\"https:\/\/skaitytaknyga.lt\/wp-content\/uploads\/2025\/07\/Mergaite-pajuryje.-Salu-komisare.-2-knyga-1.webp\",\"width\":300,\"height\":427},{\"@type\":\"BreadcrumbList\",\"@id\":\"https:\/\/skaitytaknyga.lt\/produktas\/mergaite-pajuryje-salu-komisare-2-knyga\/#breadcrumb\",\"itemListElement\":[{\"@type\":\"ListItem\",\"position\":1,\"name\":\"Home\",\"item\":\"https:\/\/skaitytaknyga.lt\/\"},{\"@type\":\"ListItem\",\"position\":2,\"name\":\"Parduotuv\u0117\",\"item\":\"https:\/\/skaitytaknyga.lt\/knygu-parduotuve\/\"},{\"@type\":\"ListItem\",\"position\":3,\"name\":\"Mergait\u0117 paj\u016bryje. Sal\u0173 komisar\u0117. 2 knyga\"}]},{\"@type\":\"WebSite\",\"@id\":\"https:\/\/skaitytaknyga.lt\/#website\",\"url\":\"https:\/\/skaitytaknyga.lt\/\",\"name\":\"skaitytaknyga.lt\",\"description\":\"Skaitytaknyga.lt \u2013 tai ma\u017eas \u0161eimos verslas, kuris prasid\u0117jo nuo meil\u0117s knygoms ir siekio i\u0161gelb\u0117ti knygas nuo likimo prie konteinerio. Kas vienam nereikalingas daiktas \u2013 kitam lobis, o mes esame tarpininkai, kurie padeda abiems tapti laimingesniems ???? \u017dinome kaip nelengva i\u0161gyventi ma\u017eiems verslams, tad nuo \u0161iol, \u010dia rasite ir kit\u0173, ma\u017e\u0173 \u0161eim\u0173 versl\u0173, rank\u0173 darbo, dovan\u0173 sau ir artimiesiems.\",\"publisher\":{\"@id\":\"https:\/\/skaitytaknyga.lt\/#organization\"},\"potentialAction\":[{\"@type\":\"SearchAction\",\"target\":{\"@type\":\"EntryPoint\",\"urlTemplate\":\"https:\/\/skaitytaknyga.lt\/?s={search_term_string}\"},\"query-input\":{\"@type\":\"PropertyValueSpecification\",\"valueRequired\":true,\"valueName\":\"search_term_string\"}}],\"inLanguage\":\"en-GB\"},{\"@type\":\"Organization\",\"@id\":\"https:\/\/skaitytaknyga.lt\/#organization\",\"name\":\"skaitytaknyga.lt\",\"url\":\"https:\/\/skaitytaknyga.lt\/\",\"logo\":{\"@type\":\"ImageObject\",\"inLanguage\":\"en-GB\",\"@id\":\"https:\/\/skaitytaknyga.lt\/#\/schema\/logo\/image\/\",\"url\":\"https:\/\/skaitytaknyga.lt\/wp-content\/uploads\/2024\/05\/cropped-cropped-cropped-02_00843_jt3bggkj1j3HLc7SyY6rEUpg.jpeg\",\"contentUrl\":\"https:\/\/skaitytaknyga.lt\/wp-content\/uploads\/2024\/05\/cropped-cropped-cropped-02_00843_jt3bggkj1j3HLc7SyY6rEUpg.jpeg\",\"width\":1600,\"height\":1600,\"caption\":\"skaitytaknyga.lt\"},\"image\":{\"@id\":\"https:\/\/skaitytaknyga.lt\/#\/schema\/logo\/image\/\"},\"sameAs\":[\"https:\/\/www.facebook.com\/skaitytaknyga\/\"]}]}<\/script>\n<!-- \/ Yoast SEO plugin. -->","yoast_head_json":{"title":"Mergait\u0117 paj\u016bryje. Sal\u0173 komisar\u0117. 2 knyga","description":"Vyriausioji komisar\u0117 Lena Lorencen dalyvauja plataus masto paie\u0161kose \u0160iaur\u0117s Fryz\u0173 saloje Fiore. Dingo keturiolikmet\u0117 Marija Logener, kilusi i\u0161","robots":{"index":"index","follow":"follow","max-snippet":"max-snippet:-1","max-image-preview":"max-image-preview:large","max-video-preview":"max-video-preview:-1"},"canonical":"https:\/\/skaitytaknyga.lt\/en\/produktas\/mergaite-pajuryje-salu-komisare-2-knyga\/","og_locale":"en_GB","og_type":"article","og_title":"[:lt]Mergait\u0117 paj\u016bryje. Sal\u0173 komisar\u0117. 2 knyga[:] - Skaitytaknyga","og_description":"Vyriausioji komisar\u0117 Lena Lorencen dalyvauja plataus masto paie\u0161kose \u0160iaur\u0117s Fryz\u0173 saloje Fiore. Dingo keturiolikmet\u0117 Marija Logener, kilusi i\u0161","og_url":"https:\/\/skaitytaknyga.lt\/en\/produktas\/mergaite-pajuryje-salu-komisare-2-knyga\/","og_site_name":"Skaitytaknyga","article_publisher":"https:\/\/www.facebook.com\/skaitytaknyga\/","article_modified_time":"2025-07-30T18:46:58+00:00","og_image":[{"width":300,"height":427,"url":"https:\/\/skaitytaknyga.lt\/wp-content\/uploads\/2025\/07\/Mergaite-pajuryje.-Salu-komisare.-2-knyga-1.webp","type":"image\/webp"}],"twitter_card":"summary_large_image","twitter_misc":{"Estimated reading time":"1 minute"},"schema":{"@context":"https:\/\/schema.org","@graph":[{"@type":"WebPage","@id":"https:\/\/skaitytaknyga.lt\/produktas\/mergaite-pajuryje-salu-komisare-2-knyga\/","url":"https:\/\/skaitytaknyga.lt\/produktas\/mergaite-pajuryje-salu-komisare-2-knyga\/","name":"Mergait\u0117 paj\u016bryje. Sal\u0173 komisar\u0117. 2 knyga","isPartOf":{"@id":"https:\/\/skaitytaknyga.lt\/#website"},"primaryImageOfPage":{"@id":"https:\/\/skaitytaknyga.lt\/produktas\/mergaite-pajuryje-salu-komisare-2-knyga\/#primaryimage"},"image":{"@id":"https:\/\/skaitytaknyga.lt\/produktas\/mergaite-pajuryje-salu-komisare-2-knyga\/#primaryimage"},"thumbnailUrl":"https:\/\/skaitytaknyga.lt\/wp-content\/uploads\/2025\/07\/Mergaite-pajuryje.-Salu-komisare.-2-knyga-1.webp","datePublished":"2025-07-25T07:13:37+00:00","dateModified":"2025-07-30T18:46:58+00:00","description":"Vyriausioji komisar\u0117 Lena Lorencen dalyvauja plataus masto paie\u0161kose \u0160iaur\u0117s Fryz\u0173 saloje Fiore. Dingo keturiolikmet\u0117 Marija Logener, kilusi i\u0161","breadcrumb":{"@id":"https:\/\/skaitytaknyga.lt\/produktas\/mergaite-pajuryje-salu-komisare-2-knyga\/#breadcrumb"},"inLanguage":"en-GB","potentialAction":[{"@type":"ReadAction","target":["https:\/\/skaitytaknyga.lt\/produktas\/mergaite-pajuryje-salu-komisare-2-knyga\/"]}]},{"@type":"ImageObject","inLanguage":"en-GB","@id":"https:\/\/skaitytaknyga.lt\/produktas\/mergaite-pajuryje-salu-komisare-2-knyga\/#primaryimage","url":"https:\/\/skaitytaknyga.lt\/wp-content\/uploads\/2025\/07\/Mergaite-pajuryje.-Salu-komisare.-2-knyga-1.webp","contentUrl":"https:\/\/skaitytaknyga.lt\/wp-content\/uploads\/2025\/07\/Mergaite-pajuryje.-Salu-komisare.-2-knyga-1.webp","width":300,"height":427},{"@type":"BreadcrumbList","@id":"https:\/\/skaitytaknyga.lt\/produktas\/mergaite-pajuryje-salu-komisare-2-knyga\/#breadcrumb","itemListElement":[{"@type":"ListItem","position":1,"name":"Home","item":"https:\/\/skaitytaknyga.lt\/"},{"@type":"ListItem","position":2,"name":"Parduotuv\u0117","item":"https:\/\/skaitytaknyga.lt\/knygu-parduotuve\/"},{"@type":"ListItem","position":3,"name":"Mergait\u0117 paj\u016bryje. Sal\u0173 komisar\u0117. 2 knyga"}]},{"@type":"WebSite","@id":"https:\/\/skaitytaknyga.lt\/#website","url":"https:\/\/skaitytaknyga.lt\/","name":"skaitytaknyga.lt","description":"Skaitytaknyga.lt \u2013 tai ma\u017eas \u0161eimos verslas, kuris prasid\u0117jo nuo meil\u0117s knygoms ir siekio i\u0161gelb\u0117ti knygas nuo likimo prie konteinerio. Kas vienam nereikalingas daiktas \u2013 kitam lobis, o mes esame tarpininkai, kurie padeda abiems tapti laimingesniems ???? \u017dinome kaip nelengva i\u0161gyventi ma\u017eiems verslams, tad nuo \u0161iol, \u010dia rasite ir kit\u0173, ma\u017e\u0173 \u0161eim\u0173 versl\u0173, rank\u0173 darbo, dovan\u0173 sau ir artimiesiems.","publisher":{"@id":"https:\/\/skaitytaknyga.lt\/#organization"},"potentialAction":[{"@type":"SearchAction","target":{"@type":"EntryPoint","urlTemplate":"https:\/\/skaitytaknyga.lt\/?s={search_term_string}"},"query-input":{"@type":"PropertyValueSpecification","valueRequired":true,"valueName":"search_term_string"}}],"inLanguage":"en-GB"},{"@type":"Organization","@id":"https:\/\/skaitytaknyga.lt\/#organization","name":"skaitytaknyga.lt","url":"https:\/\/skaitytaknyga.lt\/","logo":{"@type":"ImageObject","inLanguage":"en-GB","@id":"https:\/\/skaitytaknyga.lt\/#\/schema\/logo\/image\/","url":"https:\/\/skaitytaknyga.lt\/wp-content\/uploads\/2024\/05\/cropped-cropped-cropped-02_00843_jt3bggkj1j3HLc7SyY6rEUpg.jpeg","contentUrl":"https:\/\/skaitytaknyga.lt\/wp-content\/uploads\/2024\/05\/cropped-cropped-cropped-02_00843_jt3bggkj1j3HLc7SyY6rEUpg.jpeg","width":1600,"height":1600,"caption":"skaitytaknyga.lt"},"image":{"@id":"https:\/\/skaitytaknyga.lt\/#\/schema\/logo\/image\/"},"sameAs":["https:\/\/www.facebook.com\/skaitytaknyga\/"]}]}},"_links":{"self":[{"href":"https:\/\/skaitytaknyga.lt\/en\/wp-json\/wp\/v2\/product\/19924","targetHints":{"allow":["GET"]}}],"collection":[{"href":"https:\/\/skaitytaknyga.lt\/en\/wp-json\/wp\/v2\/product"}],"about":[{"href":"https:\/\/skaitytaknyga.lt\/en\/wp-json\/wp\/v2\/types\/product"}],"replies":[{"embeddable":true,"href":"https:\/\/skaitytaknyga.lt\/en\/wp-json\/wp\/v2\/comments?post=19924"}],"wp:featuredmedia":[{"embeddable":true,"href":"https:\/\/skaitytaknyga.lt\/en\/wp-json\/wp\/v2\/media\/19926"}],"wp:attachment":[{"href":"https:\/\/skaitytaknyga.lt\/en\/wp-json\/wp\/v2\/media?parent=19924"}],"wp:term":[{"taxonomy":"product_brand","embeddable":true,"href":"https:\/\/skaitytaknyga.lt\/en\/wp-json\/wp\/v2\/product_brand?post=19924"},{"taxonomy":"product_cat","embeddable":true,"href":"https:\/\/skaitytaknyga.lt\/en\/wp-json\/wp\/v2\/product_cat?post=19924"},{"taxonomy":"product_tag","embeddable":true,"href":"https:\/\/skaitytaknyga.lt\/en\/wp-json\/wp\/v2\/product_tag?post=19924"}],"curies":[{"name":"wp","href":"https:\/\/api.w.org\/{rel}","templated":true}]}}