{"id":19916,"date":"2025-07-25T10:05:59","date_gmt":"2025-07-25T07:05:59","guid":{"rendered":"https:\/\/skaitytaknyga.lt\/?post_type=product&#038;p=19916"},"modified":"2025-07-30T21:46:58","modified_gmt":"2025-07-30T18:46:58","slug":"senoji-ponia-prie-juros-salu-komisare-3-knyga","status":"publish","type":"product","link":"https:\/\/skaitytaknyga.lt\/en\/produktas\/senoji-ponia-prie-juros-salu-komisare-3-knyga\/","title":{"rendered":"Senoji ponia prie j\u016bros. Sal\u0173 komisar\u0117. 3 knyga"},"content":{"rendered":"<p>Vyriausioji komisar\u0117 Lena Lorencen su kolega Johanu Grazmanu atvyksta \u012f Ziult\u0105 d\u0117l senos ponios mirties. Velion\u0117 G\u0117za Jensen, kilusi i\u0161 labai \u012ftakingos \u0161eimos, jau ne vien\u0105 de\u0161imtmet\u012f nesugyveno su broliu ir kitais klano nariais. Netrukus \u012ftarim\u0105 ima kelti ne tik \u0161eimynyk\u0161\u010diai, bet ir abejotinos reputacijos palikimo administratorius bei gydytojas.<\/p>\n<p>Lena, bandanti pab\u0117gti nuo savo did\u017eiosios meil\u0117s Erko, seka p\u0117dsakais, vedan\u010diais \u012f \u0161e\u0161tojo de\u0161imtme\u010dio Hamburgo meninink\u0173 pasaul\u012f. Kruop\u0161\u010diai tirdama, praeityje ie\u0161ko nuorod\u0173, kurios gal\u0117t\u0173 b\u016bti susijusios su senosios ponios mirtimi. J\u0105 remia teta Bek\u0117, nuo jaunyst\u0117s draugavusi ir i\u0161tisus de\u0161imtme\u010dius palaikiusi ry\u0161\u012f su G\u0117za.<\/p>\n<p>\u012e akirat\u012f \u016bmai patenka ir Lenos t\u0117vas, tad byla \u012fgauna asmeni\u0161k\u0105 pob\u016bd\u012f ir Lenai tenka daryti visk\u0105, kad kuo grei\u010diau rast\u0173 \u017eudik\u0105.<\/p>\n<p>\u201eSenoji ponia prie j\u016bros&#8221; \u2013 tai tre\u010dioji sal\u0173 komisar\u0117s byla.<\/p>\n","protected":false},"excerpt":{"rendered":"<p>Vyriausioji komisar\u0117 Lena Lorencen su kolega Johanu Grazmanu atvyksta \u012f Ziult\u0105 d\u0117l senos ponios mirties. Velion\u0117 G\u0117za Jensen, kilusi i\u0161 labai \u012ftakingos \u0161eimos, jau ne vien\u0105 de\u0161imtmet\u012f nesugyveno su broliu ir kitais klano nariais. Netrukus \u012ftarim\u0105 ima kelti ne tik \u0161eimynyk\u0161\u010diai, bet ir abejotinos reputacijos palikimo administratorius bei gydytojas. Lena, bandanti pab\u0117gti nuo savo did\u017eiosios meil\u0117s Erko, seka p\u0117dsakais, vedan\u010diais \u012f \u0161e\u0161tojo de\u0161imtme\u010dio Hamburgo meninink\u0173 pasaul\u012f. Kruop\u0161\u010diai tirdama, praeityje ie\u0161ko nuorod\u0173, kurios gal\u0117t\u0173 b\u016bti susijusios su senosios ponios mirtimi. J\u0105 remia teta Bek\u0117, nuo jaunyst\u0117s draugavusi ir i\u0161tisus de\u0161imtme\u010dius palaikiusi ry\u0161\u012f su G\u0117za. \u012e akirat\u012f \u016bmai patenka ir Lenos t\u0117vas, tad byla \u012fgauna asmeni\u0161k\u0105 pob\u016bd\u012f ir Lenai tenka daryti visk\u0105, kad kuo grei\u010diau rast\u0173 \u017eudik\u0105. \u201eSenoji ponia prie j\u016bros&#8221; \u2013 tai tre\u010dioji sal\u0173 komisar\u0117s byla.<\/p>\n","protected":false},"featured_media":19923,"comment_status":"open","ping_status":"closed","template":"","meta":{"_acf_changed":false,"site-sidebar-layout":"default","site-content-layout":"","ast-site-content-layout":"default","site-content-style":"default","site-sidebar-style":"default","ast-global-header-display":"","ast-banner-title-visibility":"","ast-main-header-display":"","ast-hfb-above-header-display":"","ast-hfb-below-header-display":"","ast-hfb-mobile-header-display":"","site-post-title":"","ast-breadcrumbs-content":"","ast-featured-img":"","footer-sml-layout":"","ast-disable-related-posts":"","theme-transparent-header-meta":"","adv-header-id-meta":"","stick-header-meta":"","header-above-stick-meta":"","header-main-stick-meta":"","header-below-stick-meta":"","astra-migrate-meta-layouts":"default","ast-page-background-enabled":"default","ast-page-background-meta":{"desktop":{"background-color":"","background-image":"","background-repeat":"repeat","background-position":"center center","background-size":"auto","background-attachment":"scroll","background-type":"","background-media":"","overlay-type":"","overlay-color":"","overlay-opacity":"","overlay-gradient":""},"tablet":{"background-color":"","background-image":"","background-repeat":"repeat","background-position":"center center","background-size":"auto","background-attachment":"scroll","background-type":"","background-media":"","overlay-type":"","overlay-color":"","overlay-opacity":"","overlay-gradient":""},"mobile":{"background-color":"","background-image":"","background-repeat":"repeat","background-position":"center center","background-size":"auto","background-attachment":"scroll","background-type":"","background-media":"","overlay-type":"","overlay-color":"","overlay-opacity":"","overlay-gradient":""}},"ast-content-background-meta":{"desktop":{"background-color":"var(--ast-global-color-4)","background-image":"","background-repeat":"repeat","background-position":"center center","background-size":"auto","background-attachment":"scroll","background-type":"","background-media":"","overlay-type":"","overlay-color":"","overlay-opacity":"","overlay-gradient":""},"tablet":{"background-color":"var(--ast-global-color-4)","background-image":"","background-repeat":"repeat","background-position":"center center","background-size":"auto","background-attachment":"scroll","background-type":"","background-media":"","overlay-type":"","overlay-color":"","overlay-opacity":"","overlay-gradient":""},"mobile":{"background-color":"var(--ast-global-color-4)","background-image":"","background-repeat":"repeat","background-position":"center center","background-size":"auto","background-attachment":"scroll","background-type":"","background-media":"","overlay-type":"","overlay-color":"","overlay-opacity":"","overlay-gradient":""}}},"product_brand":[],"product_cat":[15],"product_tag":[6862,6863,6866,3781,6864,6865],"class_list":{"0":"post-19916","1":"product","2":"type-product","3":"status-publish","4":"has-post-thumbnail","6":"product_cat-uncategorized","7":"product_tag-anna-johannsen","8":"product_tag-lena-lorencen","9":"product_tag-menininku-pasaulis","10":"product_tag-paveldas","11":"product_tag-salu-komisare","12":"product_tag-seimos-intrigos","13":"desktop-align-left","14":"tablet-align-left","15":"mobile-align-left","17":"first","18":"instock","19":"shipping-taxable","20":"purchasable","21":"product-type-simple"},"acf":[],"yoast_head":"<!-- This site is optimized with the Yoast SEO plugin v27.0 - https:\/\/yoast.com\/product\/yoast-seo-wordpress\/ -->\n<title>Senoji ponia prie j\u016bros. Sal\u0173 komisar\u0117. 3 knyga<\/title>\n<meta name=\"description\" content=\"Vyriausioji komisar\u0117 Lena Lorencen su kolega Johanu Grazmanu atvyksta \u012f Ziult\u0105 d\u0117l senos ponios mirties. Velion\u0117 G\u0117za Jensen, kilusi i\u0161 labai \u012ftakingos\" \/>\n<meta name=\"robots\" content=\"index, follow, max-snippet:-1, max-image-preview:large, max-video-preview:-1\" \/>\n<link rel=\"canonical\" href=\"https:\/\/skaitytaknyga.lt\/en\/produktas\/senoji-ponia-prie-juros-salu-komisare-3-knyga\/\" \/>\n<meta property=\"og:locale\" content=\"en_GB\" \/>\n<meta property=\"og:locale:alternate\" content=\"lt_LT\" \/>\n<meta property=\"og:type\" content=\"article\" \/>\n<meta property=\"og:title\" content=\"Senoji ponia prie j\u016bros. Sal\u0173 komisar\u0117. 3 knyga\" \/>\n<meta property=\"og:description\" content=\"Vyriausioji komisar\u0117 Lena Lorencen su kolega Johanu Grazmanu atvyksta \u012f Ziult\u0105 d\u0117l senos ponios mirties. Velion\u0117 G\u0117za Jensen, kilusi i\u0161 labai \u012ftakingos\" \/>\n<meta property=\"og:url\" content=\"https:\/\/skaitytaknyga.lt\/en\/produktas\/senoji-ponia-prie-juros-salu-komisare-3-knyga\/\" \/>\n<meta property=\"og:site_name\" content=\"Skaitytaknyga\" \/>\n<meta property=\"article:publisher\" content=\"https:\/\/www.facebook.com\/skaitytaknyga\/\" \/>\n<meta property=\"article:modified_time\" content=\"2025-07-30T18:46:58+00:00\" \/>\n<meta property=\"og:image\" content=\"https:\/\/skaitytaknyga.lt\/wp-content\/uploads\/2025\/07\/Senoji-ponia-prie-juros.-Salu-komisare.-3-knyga-1.webp\" \/>\n\t<meta property=\"og:image:width\" content=\"345\" \/>\n\t<meta property=\"og:image:height\" content=\"500\" \/>\n\t<meta property=\"og:image:type\" content=\"image\/webp\" \/>\n<meta name=\"twitter:card\" content=\"summary_large_image\" \/>\n<meta name=\"twitter:label1\" content=\"Estimated reading time\" \/>\n\t<meta name=\"twitter:data1\" content=\"1 minute\" \/>\n<script type=\"application\/ld+json\" class=\"yoast-schema-graph\">{\"@context\":\"https:\/\/schema.org\",\"@graph\":[{\"@type\":\"WebPage\",\"@id\":\"https:\/\/skaitytaknyga.lt\/produktas\/senoji-ponia-prie-juros-salu-komisare-3-knyga\/\",\"url\":\"https:\/\/skaitytaknyga.lt\/produktas\/senoji-ponia-prie-juros-salu-komisare-3-knyga\/\",\"name\":\"Senoji ponia prie j\u016bros. Sal\u0173 komisar\u0117. 3 knyga\",\"isPartOf\":{\"@id\":\"https:\/\/skaitytaknyga.lt\/#website\"},\"primaryImageOfPage\":{\"@id\":\"https:\/\/skaitytaknyga.lt\/produktas\/senoji-ponia-prie-juros-salu-komisare-3-knyga\/#primaryimage\"},\"image\":{\"@id\":\"https:\/\/skaitytaknyga.lt\/produktas\/senoji-ponia-prie-juros-salu-komisare-3-knyga\/#primaryimage\"},\"thumbnailUrl\":\"https:\/\/skaitytaknyga.lt\/wp-content\/uploads\/2025\/07\/Senoji-ponia-prie-juros.-Salu-komisare.-3-knyga-1.webp\",\"datePublished\":\"2025-07-25T07:05:59+00:00\",\"dateModified\":\"2025-07-30T18:46:58+00:00\",\"description\":\"Vyriausioji komisar\u0117 Lena Lorencen su kolega Johanu Grazmanu atvyksta \u012f Ziult\u0105 d\u0117l senos ponios mirties. Velion\u0117 G\u0117za Jensen, kilusi i\u0161 labai \u012ftakingos\",\"breadcrumb\":{\"@id\":\"https:\/\/skaitytaknyga.lt\/produktas\/senoji-ponia-prie-juros-salu-komisare-3-knyga\/#breadcrumb\"},\"inLanguage\":\"en-GB\",\"potentialAction\":[{\"@type\":\"ReadAction\",\"target\":[\"https:\/\/skaitytaknyga.lt\/produktas\/senoji-ponia-prie-juros-salu-komisare-3-knyga\/\"]}]},{\"@type\":\"ImageObject\",\"inLanguage\":\"en-GB\",\"@id\":\"https:\/\/skaitytaknyga.lt\/produktas\/senoji-ponia-prie-juros-salu-komisare-3-knyga\/#primaryimage\",\"url\":\"https:\/\/skaitytaknyga.lt\/wp-content\/uploads\/2025\/07\/Senoji-ponia-prie-juros.-Salu-komisare.-3-knyga-1.webp\",\"contentUrl\":\"https:\/\/skaitytaknyga.lt\/wp-content\/uploads\/2025\/07\/Senoji-ponia-prie-juros.-Salu-komisare.-3-knyga-1.webp\",\"width\":345,\"height\":500},{\"@type\":\"BreadcrumbList\",\"@id\":\"https:\/\/skaitytaknyga.lt\/produktas\/senoji-ponia-prie-juros-salu-komisare-3-knyga\/#breadcrumb\",\"itemListElement\":[{\"@type\":\"ListItem\",\"position\":1,\"name\":\"Home\",\"item\":\"https:\/\/skaitytaknyga.lt\/\"},{\"@type\":\"ListItem\",\"position\":2,\"name\":\"Parduotuv\u0117\",\"item\":\"https:\/\/skaitytaknyga.lt\/knygu-parduotuve\/\"},{\"@type\":\"ListItem\",\"position\":3,\"name\":\"Senoji ponia prie j\u016bros. Sal\u0173 komisar\u0117. 3 knyga\"}]},{\"@type\":\"WebSite\",\"@id\":\"https:\/\/skaitytaknyga.lt\/#website\",\"url\":\"https:\/\/skaitytaknyga.lt\/\",\"name\":\"skaitytaknyga.lt\",\"description\":\"Skaitytaknyga.lt \u2013 tai ma\u017eas \u0161eimos verslas, kuris prasid\u0117jo nuo meil\u0117s knygoms ir siekio i\u0161gelb\u0117ti knygas nuo likimo prie konteinerio. Kas vienam nereikalingas daiktas \u2013 kitam lobis, o mes esame tarpininkai, kurie padeda abiems tapti laimingesniems ???? \u017dinome kaip nelengva i\u0161gyventi ma\u017eiems verslams, tad nuo \u0161iol, \u010dia rasite ir kit\u0173, ma\u017e\u0173 \u0161eim\u0173 versl\u0173, rank\u0173 darbo, dovan\u0173 sau ir artimiesiems.\",\"publisher\":{\"@id\":\"https:\/\/skaitytaknyga.lt\/#organization\"},\"potentialAction\":[{\"@type\":\"SearchAction\",\"target\":{\"@type\":\"EntryPoint\",\"urlTemplate\":\"https:\/\/skaitytaknyga.lt\/?s={search_term_string}\"},\"query-input\":{\"@type\":\"PropertyValueSpecification\",\"valueRequired\":true,\"valueName\":\"search_term_string\"}}],\"inLanguage\":\"en-GB\"},{\"@type\":\"Organization\",\"@id\":\"https:\/\/skaitytaknyga.lt\/#organization\",\"name\":\"skaitytaknyga.lt\",\"url\":\"https:\/\/skaitytaknyga.lt\/\",\"logo\":{\"@type\":\"ImageObject\",\"inLanguage\":\"en-GB\",\"@id\":\"https:\/\/skaitytaknyga.lt\/#\/schema\/logo\/image\/\",\"url\":\"https:\/\/skaitytaknyga.lt\/wp-content\/uploads\/2024\/05\/cropped-cropped-cropped-02_00843_jt3bggkj1j3HLc7SyY6rEUpg.jpeg\",\"contentUrl\":\"https:\/\/skaitytaknyga.lt\/wp-content\/uploads\/2024\/05\/cropped-cropped-cropped-02_00843_jt3bggkj1j3HLc7SyY6rEUpg.jpeg\",\"width\":1600,\"height\":1600,\"caption\":\"skaitytaknyga.lt\"},\"image\":{\"@id\":\"https:\/\/skaitytaknyga.lt\/#\/schema\/logo\/image\/\"},\"sameAs\":[\"https:\/\/www.facebook.com\/skaitytaknyga\/\"]}]}<\/script>\n<!-- \/ Yoast SEO plugin. -->","yoast_head_json":{"title":"Senoji ponia prie j\u016bros. Sal\u0173 komisar\u0117. 3 knyga","description":"Vyriausioji komisar\u0117 Lena Lorencen su kolega Johanu Grazmanu atvyksta \u012f Ziult\u0105 d\u0117l senos ponios mirties. Velion\u0117 G\u0117za Jensen, kilusi i\u0161 labai \u012ftakingos","robots":{"index":"index","follow":"follow","max-snippet":"max-snippet:-1","max-image-preview":"max-image-preview:large","max-video-preview":"max-video-preview:-1"},"canonical":"https:\/\/skaitytaknyga.lt\/en\/produktas\/senoji-ponia-prie-juros-salu-komisare-3-knyga\/","og_locale":"en_GB","og_type":"article","og_title":"[:lt]Senoji ponia prie j\u016bros. Sal\u0173 komisar\u0117. 3 knyga[:] - Skaitytaknyga","og_description":"Vyriausioji komisar\u0117 Lena Lorencen su kolega Johanu Grazmanu atvyksta \u012f Ziult\u0105 d\u0117l senos ponios mirties. Velion\u0117 G\u0117za Jensen, kilusi i\u0161 labai \u012ftakingos","og_url":"https:\/\/skaitytaknyga.lt\/en\/produktas\/senoji-ponia-prie-juros-salu-komisare-3-knyga\/","og_site_name":"Skaitytaknyga","article_publisher":"https:\/\/www.facebook.com\/skaitytaknyga\/","article_modified_time":"2025-07-30T18:46:58+00:00","og_image":[{"width":345,"height":500,"url":"https:\/\/skaitytaknyga.lt\/wp-content\/uploads\/2025\/07\/Senoji-ponia-prie-juros.-Salu-komisare.-3-knyga-1.webp","type":"image\/webp"}],"twitter_card":"summary_large_image","twitter_misc":{"Estimated reading time":"1 minute"},"schema":{"@context":"https:\/\/schema.org","@graph":[{"@type":"WebPage","@id":"https:\/\/skaitytaknyga.lt\/produktas\/senoji-ponia-prie-juros-salu-komisare-3-knyga\/","url":"https:\/\/skaitytaknyga.lt\/produktas\/senoji-ponia-prie-juros-salu-komisare-3-knyga\/","name":"Senoji ponia prie j\u016bros. Sal\u0173 komisar\u0117. 3 knyga","isPartOf":{"@id":"https:\/\/skaitytaknyga.lt\/#website"},"primaryImageOfPage":{"@id":"https:\/\/skaitytaknyga.lt\/produktas\/senoji-ponia-prie-juros-salu-komisare-3-knyga\/#primaryimage"},"image":{"@id":"https:\/\/skaitytaknyga.lt\/produktas\/senoji-ponia-prie-juros-salu-komisare-3-knyga\/#primaryimage"},"thumbnailUrl":"https:\/\/skaitytaknyga.lt\/wp-content\/uploads\/2025\/07\/Senoji-ponia-prie-juros.-Salu-komisare.-3-knyga-1.webp","datePublished":"2025-07-25T07:05:59+00:00","dateModified":"2025-07-30T18:46:58+00:00","description":"Vyriausioji komisar\u0117 Lena Lorencen su kolega Johanu Grazmanu atvyksta \u012f Ziult\u0105 d\u0117l senos ponios mirties. Velion\u0117 G\u0117za Jensen, kilusi i\u0161 labai \u012ftakingos","breadcrumb":{"@id":"https:\/\/skaitytaknyga.lt\/produktas\/senoji-ponia-prie-juros-salu-komisare-3-knyga\/#breadcrumb"},"inLanguage":"en-GB","potentialAction":[{"@type":"ReadAction","target":["https:\/\/skaitytaknyga.lt\/produktas\/senoji-ponia-prie-juros-salu-komisare-3-knyga\/"]}]},{"@type":"ImageObject","inLanguage":"en-GB","@id":"https:\/\/skaitytaknyga.lt\/produktas\/senoji-ponia-prie-juros-salu-komisare-3-knyga\/#primaryimage","url":"https:\/\/skaitytaknyga.lt\/wp-content\/uploads\/2025\/07\/Senoji-ponia-prie-juros.-Salu-komisare.-3-knyga-1.webp","contentUrl":"https:\/\/skaitytaknyga.lt\/wp-content\/uploads\/2025\/07\/Senoji-ponia-prie-juros.-Salu-komisare.-3-knyga-1.webp","width":345,"height":500},{"@type":"BreadcrumbList","@id":"https:\/\/skaitytaknyga.lt\/produktas\/senoji-ponia-prie-juros-salu-komisare-3-knyga\/#breadcrumb","itemListElement":[{"@type":"ListItem","position":1,"name":"Home","item":"https:\/\/skaitytaknyga.lt\/"},{"@type":"ListItem","position":2,"name":"Parduotuv\u0117","item":"https:\/\/skaitytaknyga.lt\/knygu-parduotuve\/"},{"@type":"ListItem","position":3,"name":"Senoji ponia prie j\u016bros. Sal\u0173 komisar\u0117. 3 knyga"}]},{"@type":"WebSite","@id":"https:\/\/skaitytaknyga.lt\/#website","url":"https:\/\/skaitytaknyga.lt\/","name":"skaitytaknyga.lt","description":"Skaitytaknyga.lt \u2013 tai ma\u017eas \u0161eimos verslas, kuris prasid\u0117jo nuo meil\u0117s knygoms ir siekio i\u0161gelb\u0117ti knygas nuo likimo prie konteinerio. Kas vienam nereikalingas daiktas \u2013 kitam lobis, o mes esame tarpininkai, kurie padeda abiems tapti laimingesniems ???? \u017dinome kaip nelengva i\u0161gyventi ma\u017eiems verslams, tad nuo \u0161iol, \u010dia rasite ir kit\u0173, ma\u017e\u0173 \u0161eim\u0173 versl\u0173, rank\u0173 darbo, dovan\u0173 sau ir artimiesiems.","publisher":{"@id":"https:\/\/skaitytaknyga.lt\/#organization"},"potentialAction":[{"@type":"SearchAction","target":{"@type":"EntryPoint","urlTemplate":"https:\/\/skaitytaknyga.lt\/?s={search_term_string}"},"query-input":{"@type":"PropertyValueSpecification","valueRequired":true,"valueName":"search_term_string"}}],"inLanguage":"en-GB"},{"@type":"Organization","@id":"https:\/\/skaitytaknyga.lt\/#organization","name":"skaitytaknyga.lt","url":"https:\/\/skaitytaknyga.lt\/","logo":{"@type":"ImageObject","inLanguage":"en-GB","@id":"https:\/\/skaitytaknyga.lt\/#\/schema\/logo\/image\/","url":"https:\/\/skaitytaknyga.lt\/wp-content\/uploads\/2024\/05\/cropped-cropped-cropped-02_00843_jt3bggkj1j3HLc7SyY6rEUpg.jpeg","contentUrl":"https:\/\/skaitytaknyga.lt\/wp-content\/uploads\/2024\/05\/cropped-cropped-cropped-02_00843_jt3bggkj1j3HLc7SyY6rEUpg.jpeg","width":1600,"height":1600,"caption":"skaitytaknyga.lt"},"image":{"@id":"https:\/\/skaitytaknyga.lt\/#\/schema\/logo\/image\/"},"sameAs":["https:\/\/www.facebook.com\/skaitytaknyga\/"]}]}},"_links":{"self":[{"href":"https:\/\/skaitytaknyga.lt\/en\/wp-json\/wp\/v2\/product\/19916","targetHints":{"allow":["GET"]}}],"collection":[{"href":"https:\/\/skaitytaknyga.lt\/en\/wp-json\/wp\/v2\/product"}],"about":[{"href":"https:\/\/skaitytaknyga.lt\/en\/wp-json\/wp\/v2\/types\/product"}],"replies":[{"embeddable":true,"href":"https:\/\/skaitytaknyga.lt\/en\/wp-json\/wp\/v2\/comments?post=19916"}],"wp:featuredmedia":[{"embeddable":true,"href":"https:\/\/skaitytaknyga.lt\/en\/wp-json\/wp\/v2\/media\/19923"}],"wp:attachment":[{"href":"https:\/\/skaitytaknyga.lt\/en\/wp-json\/wp\/v2\/media?parent=19916"}],"wp:term":[{"taxonomy":"product_brand","embeddable":true,"href":"https:\/\/skaitytaknyga.lt\/en\/wp-json\/wp\/v2\/product_brand?post=19916"},{"taxonomy":"product_cat","embeddable":true,"href":"https:\/\/skaitytaknyga.lt\/en\/wp-json\/wp\/v2\/product_cat?post=19916"},{"taxonomy":"product_tag","embeddable":true,"href":"https:\/\/skaitytaknyga.lt\/en\/wp-json\/wp\/v2\/product_tag?post=19916"}],"curies":[{"name":"wp","href":"https:\/\/api.w.org\/{rel}","templated":true}]}}