{"id":19915,"date":"2025-07-25T10:05:59","date_gmt":"2025-07-25T07:05:59","guid":{"rendered":"https:\/\/skaitytaknyga.lt\/?post_type=product&#038;p=19915"},"modified":"2026-03-05T10:42:15","modified_gmt":"2026-03-05T08:42:15","slug":"paskelbta-mirusia-karteris-bleikas-5","status":"publish","type":"product","link":"https:\/\/skaitytaknyga.lt\/en\/produktas\/paskelbta-mirusia-karteris-bleikas-5\/","title":{"rendered":"Paskelbta mirusia. Karteris Bleikas. 5"},"content":{"rendered":"<p>Ji kalb\u0117jo racionaliai, \u012ftikinamai. Bet galb\u016bt tod\u0117l \u017einut\u0117s pabaiga mane baugino labiau u\u017e visas iki tol gird\u0117tas smulkmenas. Ne d\u0117l jos \u017eod\u017ei\u0173, o d\u0117l to, kaip skamb\u0117jo jos balsas. Ji kalb\u0117jo kaip \u017emogus, kuriuo visa \u0161irdimi nori tik\u0117ti.<\/p>\n<p>MASON CROSS (Meisonas Krosas) \u2013 brit\u0173 autorius, i\u0161gars\u0117j\u0119s trileri\u0173 serija apie Karter\u012f Bleik\u0105 \u2013 \u017emog\u0173, kuris neturi nei vardo, nei tapatyb\u0117s, tik talent\u0105 rasti tuos, kurie nenori b\u016bti rasti. Nors greta Bleiko visuomet atsiduria partneris, padedantis narplioti nusikaltimus, Karteris Bleikas yra vieni\u0161as kovotojas. Jis trok\u0161ta ramyb\u0117s, ta\u010diau jam nepavyksta jos rasti. Lietuvi\u0161kai jau i\u0161leistos keturios Karterio Bleiko serijos knygos: \u201e\u017dudymo sezonas\u201c, \u201eSamarietis\u201c, \u201eMetas \u017eudyti\u201c ir \u201eNeie\u0161kok man\u0119s\u201c. Penktojoje serijos knygoje \u201ePaskelbta mirusia\u201c Bleikas atsiduria ma\u017eame kaln\u0173 miestelyje D\u017eord\u017eijoje, kur po ilgo laiko ima siaut\u0117ti serijinis \u017eudikas. Ta\u010diau miestelio gyventojai apie tai kalb\u0117ti nenori.<\/p>\n<p>Deividas Konoras \u012fsitikin\u0119s \u2013 jis neseniai mat\u0117 savo seser\u012f Adelin\u0105. Seser\u012f, kuri dingo prie\u0161 penkiolika met\u0173 ir, policijos manymu, tapo paskutini\u0105ja Velnio kalno \u017eudiko auka. Ta\u010diau jos k\u016bnas taip ir nebuvo rastas. Sudomintas bylos Karteris Bleikas vyksta \u012f kalnuose \u012fsik\u016brus\u012f Betanio miestel\u012f ir imasi tyrimo. Jam padeda \u0161erifo pavaduotoja Izabela Grin, kurios gyvenimas taip pat pa\u017eenklintas tragedijos: moters t\u0117vas kadaise tapo nesu\u010diupto serijinio \u017eudiko auka.<\/p>\n<p>Karteris Bleikas n\u0117 ne\u012ftaria, kad Adelinos paie\u0161kos \u012f\u017eiebs nauj\u0105 \u017emog\u017eudys\u010di\u0173 bang\u0105, o \u012ftarios miestel\u0117n\u0173 akys ims krypti \u012f j\u012f. Atmosfera Betanyje ima kaisti. \u012etariam\u0173j\u0173 s\u0105ra\u0161as tampa vis labiau ne\u012ftikimas, o kiekviena nauja tyrimo detal\u0117 veda tyr\u0117jus mirtino pavojaus link. Ar pavyks Bleikui ir Grin likti gyviems ir i\u0161siai\u0161kinti ties\u0105 apie \u017eudik\u0105?<\/p>\n","protected":false},"excerpt":{"rendered":"<p>Ji kalb\u0117jo racionaliai, \u012ftikinamai. Bet galb\u016bt tod\u0117l \u017einut\u0117s pabaiga mane baugino labiau u\u017e visas iki tol gird\u0117tas smulkmenas. Ne d\u0117l jos \u017eod\u017ei\u0173, o d\u0117l to, kaip skamb\u0117jo jos balsas. Ji kalb\u0117jo kaip \u017emogus, kuriuo visa \u0161irdimi nori tik\u0117ti. MASON CROSS (Meisonas Krosas) \u2013 brit\u0173 autorius, i\u0161gars\u0117j\u0119s trileri\u0173 serija apie Karter\u012f Bleik\u0105 \u2013 \u017emog\u0173, kuris neturi nei vardo, nei tapatyb\u0117s, tik talent\u0105 rasti tuos, kurie nenori b\u016bti rasti. Nors greta Bleiko visuomet atsiduria partneris, padedantis narplioti nusikaltimus, Karteris Bleikas yra vieni\u0161as kovotojas. Jis trok\u0161ta ramyb\u0117s, ta\u010diau jam nepavyksta jos rasti. Lietuvi\u0161kai jau i\u0161leistos keturios Karterio Bleiko serijos knygos: \u201e\u017dudymo sezonas\u201c, \u201eSamarietis\u201c, \u201eMetas \u017eudyti\u201c ir \u201eNeie\u0161kok man\u0119s\u201c. Penktojoje serijos knygoje \u201ePaskelbta mirusia\u201c Bleikas atsiduria ma\u017eame kaln\u0173 miestelyje D\u017eord\u017eijoje, kur po ilgo laiko ima siaut\u0117ti serijinis \u017eudikas. Ta\u010diau miestelio gyventojai apie tai kalb\u0117ti nenori. Deividas Konoras \u012fsitikin\u0119s \u2013 jis neseniai mat\u0117 savo seser\u012f Adelin\u0105. Seser\u012f, kuri dingo prie\u0161 penkiolika met\u0173 ir, policijos manymu, tapo paskutini\u0105ja Velnio kalno \u017eudiko auka. Ta\u010diau jos k\u016bnas taip ir nebuvo rastas. Sudomintas bylos Karteris Bleikas vyksta \u012f kalnuose \u012fsik\u016brus\u012f Betanio miestel\u012f ir imasi tyrimo. Jam padeda \u0161erifo pavaduotoja Izabela Grin, kurios gyvenimas taip pat pa\u017eenklintas tragedijos: moters t\u0117vas kadaise tapo nesu\u010diupto serijinio \u017eudiko auka. Karteris Bleikas n\u0117 ne\u012ftaria, kad Adelinos paie\u0161kos \u012f\u017eiebs nauj\u0105 \u017emog\u017eudys\u010di\u0173 bang\u0105, o \u012ftarios miestel\u0117n\u0173 akys ims krypti \u012f j\u012f. Atmosfera Betanyje ima kaisti. \u012etariam\u0173j\u0173 s\u0105ra\u0161as tampa vis labiau ne\u012ftikimas, o kiekviena nauja tyrimo detal\u0117 veda tyr\u0117jus mirtino pavojaus link. Ar pavyks Bleikui ir Grin likti gyviems ir i\u0161siai\u0161kinti ties\u0105 apie \u017eudik\u0105?<\/p>\n","protected":false},"featured_media":19922,"comment_status":"open","ping_status":"closed","template":"","meta":{"_acf_changed":false,"site-sidebar-layout":"default","site-content-layout":"","ast-site-content-layout":"default","site-content-style":"default","site-sidebar-style":"default","ast-global-header-display":"","ast-banner-title-visibility":"","ast-main-header-display":"","ast-hfb-above-header-display":"","ast-hfb-below-header-display":"","ast-hfb-mobile-header-display":"","site-post-title":"","ast-breadcrumbs-content":"","ast-featured-img":"","footer-sml-layout":"","ast-disable-related-posts":"","theme-transparent-header-meta":"","adv-header-id-meta":"","stick-header-meta":"","header-above-stick-meta":"","header-main-stick-meta":"","header-below-stick-meta":"","astra-migrate-meta-layouts":"default","ast-page-background-enabled":"default","ast-page-background-meta":{"desktop":{"background-color":"","background-image":"","background-repeat":"repeat","background-position":"center center","background-size":"auto","background-attachment":"scroll","background-type":"","background-media":"","overlay-type":"","overlay-color":"","overlay-opacity":"","overlay-gradient":""},"tablet":{"background-color":"","background-image":"","background-repeat":"repeat","background-position":"center center","background-size":"auto","background-attachment":"scroll","background-type":"","background-media":"","overlay-type":"","overlay-color":"","overlay-opacity":"","overlay-gradient":""},"mobile":{"background-color":"","background-image":"","background-repeat":"repeat","background-position":"center center","background-size":"auto","background-attachment":"scroll","background-type":"","background-media":"","overlay-type":"","overlay-color":"","overlay-opacity":"","overlay-gradient":""}},"ast-content-background-meta":{"desktop":{"background-color":"var(--ast-global-color-4)","background-image":"","background-repeat":"repeat","background-position":"center center","background-size":"auto","background-attachment":"scroll","background-type":"","background-media":"","overlay-type":"","overlay-color":"","overlay-opacity":"","overlay-gradient":""},"tablet":{"background-color":"var(--ast-global-color-4)","background-image":"","background-repeat":"repeat","background-position":"center center","background-size":"auto","background-attachment":"scroll","background-type":"","background-media":"","overlay-type":"","overlay-color":"","overlay-opacity":"","overlay-gradient":""},"mobile":{"background-color":"var(--ast-global-color-4)","background-image":"","background-repeat":"repeat","background-position":"center center","background-size":"auto","background-attachment":"scroll","background-type":"","background-media":"","overlay-type":"","overlay-color":"","overlay-opacity":"","overlay-gradient":""}}},"product_brand":[],"product_cat":[9581],"product_tag":[6860,6859,6858,4529,6861,3982],"class_list":{"0":"post-19915","1":"product","2":"type-product","3":"status-publish","4":"has-post-thumbnail","6":"product_cat-kriminaliniai-romanai","7":"product_tag-dingusieji","8":"product_tag-karteris-bleikas","9":"product_tag-mason-cross","10":"product_tag-mazas-miestelis","11":"product_tag-praeities-gresme","12":"product_tag-serijinis-zudikas","13":"desktop-align-left","14":"tablet-align-left","15":"mobile-align-left","17":"first","18":"instock","19":"shipping-taxable","20":"purchasable","21":"product-type-simple"},"acf":[],"yoast_head":"<!-- This site is optimized with the Yoast SEO plugin v27.0 - https:\/\/yoast.com\/product\/yoast-seo-wordpress\/ -->\n<title>Paskelbta mirusia. Karteris Bleikas. 5<\/title>\n<meta name=\"description\" content=\"Ji kalb\u0117jo racionaliai, \u012ftikinamai. Bet galb\u016bt tod\u0117l \u017einut\u0117s pabaiga mane baugino labiau u\u017e visas iki tol gird\u0117tas smulkmenas. Ne d\u0117l jos \u017eod\u017ei\u0173, o d\u0117l\" \/>\n<meta name=\"robots\" content=\"index, follow, max-snippet:-1, max-image-preview:large, max-video-preview:-1\" \/>\n<link rel=\"canonical\" href=\"https:\/\/skaitytaknyga.lt\/en\/produktas\/paskelbta-mirusia-karteris-bleikas-5\/\" \/>\n<meta property=\"og:locale\" content=\"en_GB\" \/>\n<meta property=\"og:locale:alternate\" content=\"lt_LT\" \/>\n<meta property=\"og:type\" content=\"article\" \/>\n<meta property=\"og:title\" content=\"Paskelbta mirusia. Karteris Bleikas. 5\" \/>\n<meta property=\"og:description\" content=\"Ji kalb\u0117jo racionaliai, \u012ftikinamai. Bet galb\u016bt tod\u0117l \u017einut\u0117s pabaiga mane baugino labiau u\u017e visas iki tol gird\u0117tas smulkmenas. Ne d\u0117l jos \u017eod\u017ei\u0173, o d\u0117l\" \/>\n<meta property=\"og:url\" content=\"https:\/\/skaitytaknyga.lt\/en\/produktas\/paskelbta-mirusia-karteris-bleikas-5\/\" \/>\n<meta property=\"og:site_name\" content=\"Skaitytaknyga\" \/>\n<meta property=\"article:publisher\" content=\"https:\/\/www.facebook.com\/skaitytaknyga\/\" \/>\n<meta property=\"article:modified_time\" content=\"2026-03-05T08:42:15+00:00\" \/>\n<meta property=\"og:image\" content=\"https:\/\/skaitytaknyga.lt\/wp-content\/uploads\/2025\/07\/Paskelbta-mirusia.-Karteris-Bleikas.-5-1.webp\" \/>\n\t<meta property=\"og:image:width\" content=\"423\" \/>\n\t<meta property=\"og:image:height\" content=\"635\" \/>\n\t<meta property=\"og:image:type\" content=\"image\/webp\" \/>\n<meta name=\"twitter:card\" content=\"summary_large_image\" \/>\n<meta name=\"twitter:label1\" content=\"Estimated reading time\" \/>\n\t<meta name=\"twitter:data1\" content=\"1 minute\" \/>\n<script type=\"application\/ld+json\" class=\"yoast-schema-graph\">{\"@context\":\"https:\/\/schema.org\",\"@graph\":[{\"@type\":\"WebPage\",\"@id\":\"https:\/\/skaitytaknyga.lt\/produktas\/paskelbta-mirusia-karteris-bleikas-5\/\",\"url\":\"https:\/\/skaitytaknyga.lt\/produktas\/paskelbta-mirusia-karteris-bleikas-5\/\",\"name\":\"Paskelbta mirusia. Karteris Bleikas. 5\",\"isPartOf\":{\"@id\":\"https:\/\/skaitytaknyga.lt\/#website\"},\"primaryImageOfPage\":{\"@id\":\"https:\/\/skaitytaknyga.lt\/produktas\/paskelbta-mirusia-karteris-bleikas-5\/#primaryimage\"},\"image\":{\"@id\":\"https:\/\/skaitytaknyga.lt\/produktas\/paskelbta-mirusia-karteris-bleikas-5\/#primaryimage\"},\"thumbnailUrl\":\"https:\/\/skaitytaknyga.lt\/wp-content\/uploads\/2025\/07\/Paskelbta-mirusia.-Karteris-Bleikas.-5-1.webp\",\"datePublished\":\"2025-07-25T07:05:59+00:00\",\"dateModified\":\"2026-03-05T08:42:15+00:00\",\"description\":\"Ji kalb\u0117jo racionaliai, \u012ftikinamai. Bet galb\u016bt tod\u0117l \u017einut\u0117s pabaiga mane baugino labiau u\u017e visas iki tol gird\u0117tas smulkmenas. Ne d\u0117l jos \u017eod\u017ei\u0173, o d\u0117l\",\"breadcrumb\":{\"@id\":\"https:\/\/skaitytaknyga.lt\/produktas\/paskelbta-mirusia-karteris-bleikas-5\/#breadcrumb\"},\"inLanguage\":\"en-GB\",\"potentialAction\":[{\"@type\":\"ReadAction\",\"target\":[\"https:\/\/skaitytaknyga.lt\/produktas\/paskelbta-mirusia-karteris-bleikas-5\/\"]}]},{\"@type\":\"ImageObject\",\"inLanguage\":\"en-GB\",\"@id\":\"https:\/\/skaitytaknyga.lt\/produktas\/paskelbta-mirusia-karteris-bleikas-5\/#primaryimage\",\"url\":\"https:\/\/skaitytaknyga.lt\/wp-content\/uploads\/2025\/07\/Paskelbta-mirusia.-Karteris-Bleikas.-5-1.webp\",\"contentUrl\":\"https:\/\/skaitytaknyga.lt\/wp-content\/uploads\/2025\/07\/Paskelbta-mirusia.-Karteris-Bleikas.-5-1.webp\",\"width\":423,\"height\":635,\"caption\":\"Paskelbta mirusia. Karteris Bleikas. 5\"},{\"@type\":\"BreadcrumbList\",\"@id\":\"https:\/\/skaitytaknyga.lt\/produktas\/paskelbta-mirusia-karteris-bleikas-5\/#breadcrumb\",\"itemListElement\":[{\"@type\":\"ListItem\",\"position\":1,\"name\":\"Home\",\"item\":\"https:\/\/skaitytaknyga.lt\/\"},{\"@type\":\"ListItem\",\"position\":2,\"name\":\"Parduotuv\u0117\",\"item\":\"https:\/\/skaitytaknyga.lt\/knygu-parduotuve\/\"},{\"@type\":\"ListItem\",\"position\":3,\"name\":\"Paskelbta mirusia. Karteris Bleikas. 5\"}]},{\"@type\":\"WebSite\",\"@id\":\"https:\/\/skaitytaknyga.lt\/#website\",\"url\":\"https:\/\/skaitytaknyga.lt\/\",\"name\":\"skaitytaknyga.lt\",\"description\":\"Skaitytaknyga.lt \u2013 tai ma\u017eas \u0161eimos verslas, kuris prasid\u0117jo nuo meil\u0117s knygoms ir siekio i\u0161gelb\u0117ti knygas nuo likimo prie konteinerio. Kas vienam nereikalingas daiktas \u2013 kitam lobis, o mes esame tarpininkai, kurie padeda abiems tapti laimingesniems ???? \u017dinome kaip nelengva i\u0161gyventi ma\u017eiems verslams, tad nuo \u0161iol, \u010dia rasite ir kit\u0173, ma\u017e\u0173 \u0161eim\u0173 versl\u0173, rank\u0173 darbo, dovan\u0173 sau ir artimiesiems.\",\"publisher\":{\"@id\":\"https:\/\/skaitytaknyga.lt\/#organization\"},\"potentialAction\":[{\"@type\":\"SearchAction\",\"target\":{\"@type\":\"EntryPoint\",\"urlTemplate\":\"https:\/\/skaitytaknyga.lt\/?s={search_term_string}\"},\"query-input\":{\"@type\":\"PropertyValueSpecification\",\"valueRequired\":true,\"valueName\":\"search_term_string\"}}],\"inLanguage\":\"en-GB\"},{\"@type\":\"Organization\",\"@id\":\"https:\/\/skaitytaknyga.lt\/#organization\",\"name\":\"skaitytaknyga.lt\",\"url\":\"https:\/\/skaitytaknyga.lt\/\",\"logo\":{\"@type\":\"ImageObject\",\"inLanguage\":\"en-GB\",\"@id\":\"https:\/\/skaitytaknyga.lt\/#\/schema\/logo\/image\/\",\"url\":\"https:\/\/skaitytaknyga.lt\/wp-content\/uploads\/2024\/05\/cropped-cropped-cropped-02_00843_jt3bggkj1j3HLc7SyY6rEUpg.jpeg\",\"contentUrl\":\"https:\/\/skaitytaknyga.lt\/wp-content\/uploads\/2024\/05\/cropped-cropped-cropped-02_00843_jt3bggkj1j3HLc7SyY6rEUpg.jpeg\",\"width\":1600,\"height\":1600,\"caption\":\"skaitytaknyga.lt\"},\"image\":{\"@id\":\"https:\/\/skaitytaknyga.lt\/#\/schema\/logo\/image\/\"},\"sameAs\":[\"https:\/\/www.facebook.com\/skaitytaknyga\/\"]}]}<\/script>\n<!-- \/ Yoast SEO plugin. -->","yoast_head_json":{"title":"Paskelbta mirusia. Karteris Bleikas. 5","description":"Ji kalb\u0117jo racionaliai, \u012ftikinamai. Bet galb\u016bt tod\u0117l \u017einut\u0117s pabaiga mane baugino labiau u\u017e visas iki tol gird\u0117tas smulkmenas. Ne d\u0117l jos \u017eod\u017ei\u0173, o d\u0117l","robots":{"index":"index","follow":"follow","max-snippet":"max-snippet:-1","max-image-preview":"max-image-preview:large","max-video-preview":"max-video-preview:-1"},"canonical":"https:\/\/skaitytaknyga.lt\/en\/produktas\/paskelbta-mirusia-karteris-bleikas-5\/","og_locale":"en_GB","og_type":"article","og_title":"[:lt]Paskelbta mirusia. Karteris Bleikas. 5[:] - Skaitytaknyga","og_description":"Ji kalb\u0117jo racionaliai, \u012ftikinamai. Bet galb\u016bt tod\u0117l \u017einut\u0117s pabaiga mane baugino labiau u\u017e visas iki tol gird\u0117tas smulkmenas. Ne d\u0117l jos \u017eod\u017ei\u0173, o d\u0117l","og_url":"https:\/\/skaitytaknyga.lt\/en\/produktas\/paskelbta-mirusia-karteris-bleikas-5\/","og_site_name":"Skaitytaknyga","article_publisher":"https:\/\/www.facebook.com\/skaitytaknyga\/","article_modified_time":"2026-03-05T08:42:15+00:00","og_image":[{"width":423,"height":635,"url":"https:\/\/skaitytaknyga.lt\/wp-content\/uploads\/2025\/07\/Paskelbta-mirusia.-Karteris-Bleikas.-5-1.webp","type":"image\/webp"}],"twitter_card":"summary_large_image","twitter_misc":{"Estimated reading time":"1 minute"},"schema":{"@context":"https:\/\/schema.org","@graph":[{"@type":"WebPage","@id":"https:\/\/skaitytaknyga.lt\/produktas\/paskelbta-mirusia-karteris-bleikas-5\/","url":"https:\/\/skaitytaknyga.lt\/produktas\/paskelbta-mirusia-karteris-bleikas-5\/","name":"Paskelbta mirusia. Karteris Bleikas. 5","isPartOf":{"@id":"https:\/\/skaitytaknyga.lt\/#website"},"primaryImageOfPage":{"@id":"https:\/\/skaitytaknyga.lt\/produktas\/paskelbta-mirusia-karteris-bleikas-5\/#primaryimage"},"image":{"@id":"https:\/\/skaitytaknyga.lt\/produktas\/paskelbta-mirusia-karteris-bleikas-5\/#primaryimage"},"thumbnailUrl":"https:\/\/skaitytaknyga.lt\/wp-content\/uploads\/2025\/07\/Paskelbta-mirusia.-Karteris-Bleikas.-5-1.webp","datePublished":"2025-07-25T07:05:59+00:00","dateModified":"2026-03-05T08:42:15+00:00","description":"Ji kalb\u0117jo racionaliai, \u012ftikinamai. Bet galb\u016bt tod\u0117l \u017einut\u0117s pabaiga mane baugino labiau u\u017e visas iki tol gird\u0117tas smulkmenas. Ne d\u0117l jos \u017eod\u017ei\u0173, o d\u0117l","breadcrumb":{"@id":"https:\/\/skaitytaknyga.lt\/produktas\/paskelbta-mirusia-karteris-bleikas-5\/#breadcrumb"},"inLanguage":"en-GB","potentialAction":[{"@type":"ReadAction","target":["https:\/\/skaitytaknyga.lt\/produktas\/paskelbta-mirusia-karteris-bleikas-5\/"]}]},{"@type":"ImageObject","inLanguage":"en-GB","@id":"https:\/\/skaitytaknyga.lt\/produktas\/paskelbta-mirusia-karteris-bleikas-5\/#primaryimage","url":"https:\/\/skaitytaknyga.lt\/wp-content\/uploads\/2025\/07\/Paskelbta-mirusia.-Karteris-Bleikas.-5-1.webp","contentUrl":"https:\/\/skaitytaknyga.lt\/wp-content\/uploads\/2025\/07\/Paskelbta-mirusia.-Karteris-Bleikas.-5-1.webp","width":423,"height":635,"caption":"Paskelbta mirusia. Karteris Bleikas. 5"},{"@type":"BreadcrumbList","@id":"https:\/\/skaitytaknyga.lt\/produktas\/paskelbta-mirusia-karteris-bleikas-5\/#breadcrumb","itemListElement":[{"@type":"ListItem","position":1,"name":"Home","item":"https:\/\/skaitytaknyga.lt\/"},{"@type":"ListItem","position":2,"name":"Parduotuv\u0117","item":"https:\/\/skaitytaknyga.lt\/knygu-parduotuve\/"},{"@type":"ListItem","position":3,"name":"Paskelbta mirusia. Karteris Bleikas. 5"}]},{"@type":"WebSite","@id":"https:\/\/skaitytaknyga.lt\/#website","url":"https:\/\/skaitytaknyga.lt\/","name":"skaitytaknyga.lt","description":"Skaitytaknyga.lt \u2013 tai ma\u017eas \u0161eimos verslas, kuris prasid\u0117jo nuo meil\u0117s knygoms ir siekio i\u0161gelb\u0117ti knygas nuo likimo prie konteinerio. Kas vienam nereikalingas daiktas \u2013 kitam lobis, o mes esame tarpininkai, kurie padeda abiems tapti laimingesniems ???? \u017dinome kaip nelengva i\u0161gyventi ma\u017eiems verslams, tad nuo \u0161iol, \u010dia rasite ir kit\u0173, ma\u017e\u0173 \u0161eim\u0173 versl\u0173, rank\u0173 darbo, dovan\u0173 sau ir artimiesiems.","publisher":{"@id":"https:\/\/skaitytaknyga.lt\/#organization"},"potentialAction":[{"@type":"SearchAction","target":{"@type":"EntryPoint","urlTemplate":"https:\/\/skaitytaknyga.lt\/?s={search_term_string}"},"query-input":{"@type":"PropertyValueSpecification","valueRequired":true,"valueName":"search_term_string"}}],"inLanguage":"en-GB"},{"@type":"Organization","@id":"https:\/\/skaitytaknyga.lt\/#organization","name":"skaitytaknyga.lt","url":"https:\/\/skaitytaknyga.lt\/","logo":{"@type":"ImageObject","inLanguage":"en-GB","@id":"https:\/\/skaitytaknyga.lt\/#\/schema\/logo\/image\/","url":"https:\/\/skaitytaknyga.lt\/wp-content\/uploads\/2024\/05\/cropped-cropped-cropped-02_00843_jt3bggkj1j3HLc7SyY6rEUpg.jpeg","contentUrl":"https:\/\/skaitytaknyga.lt\/wp-content\/uploads\/2024\/05\/cropped-cropped-cropped-02_00843_jt3bggkj1j3HLc7SyY6rEUpg.jpeg","width":1600,"height":1600,"caption":"skaitytaknyga.lt"},"image":{"@id":"https:\/\/skaitytaknyga.lt\/#\/schema\/logo\/image\/"},"sameAs":["https:\/\/www.facebook.com\/skaitytaknyga\/"]}]}},"_links":{"self":[{"href":"https:\/\/skaitytaknyga.lt\/en\/wp-json\/wp\/v2\/product\/19915","targetHints":{"allow":["GET"]}}],"collection":[{"href":"https:\/\/skaitytaknyga.lt\/en\/wp-json\/wp\/v2\/product"}],"about":[{"href":"https:\/\/skaitytaknyga.lt\/en\/wp-json\/wp\/v2\/types\/product"}],"replies":[{"embeddable":true,"href":"https:\/\/skaitytaknyga.lt\/en\/wp-json\/wp\/v2\/comments?post=19915"}],"wp:featuredmedia":[{"embeddable":true,"href":"https:\/\/skaitytaknyga.lt\/en\/wp-json\/wp\/v2\/media\/19922"}],"wp:attachment":[{"href":"https:\/\/skaitytaknyga.lt\/en\/wp-json\/wp\/v2\/media?parent=19915"}],"wp:term":[{"taxonomy":"product_brand","embeddable":true,"href":"https:\/\/skaitytaknyga.lt\/en\/wp-json\/wp\/v2\/product_brand?post=19915"},{"taxonomy":"product_cat","embeddable":true,"href":"https:\/\/skaitytaknyga.lt\/en\/wp-json\/wp\/v2\/product_cat?post=19915"},{"taxonomy":"product_tag","embeddable":true,"href":"https:\/\/skaitytaknyga.lt\/en\/wp-json\/wp\/v2\/product_tag?post=19915"}],"curies":[{"name":"wp","href":"https:\/\/api.w.org\/{rel}","templated":true}]}}