{"id":19914,"date":"2025-07-25T10:05:59","date_gmt":"2025-07-25T07:05:59","guid":{"rendered":"https:\/\/skaitytaknyga.lt\/?post_type=product&#038;p=19914"},"modified":"2026-03-05T10:42:15","modified_gmt":"2026-03-05T08:42:15","slug":"neieskok-manes-karteris-bleikas-4","status":"publish","type":"product","link":"https:\/\/skaitytaknyga.lt\/en\/produktas\/neieskok-manes-karteris-bleikas-4\/","title":{"rendered":"Neie\u0161kok man\u0119s. Karteris Bleikas. 4"},"content":{"rendered":"<p>Ka\u017ein, ar ji suprato, kokia ironi\u0161ka buvo ta \u017einut\u0117. Kerol negal\u0117jo \u017einoti, kad tai buvo vienas pagrindini\u0173 punkt\u0173 mano darbo apra\u0161yme: ie\u0161koti \u017emoni\u0173. Tais dviem \u017eod\u017eiais ji suri\u0161o man rankas. \u017dinojo, kad a\u0161 nesiprie\u0161insiu paskutiniam jos pra\u0161ymui.<br \/>\nIr nesiprie\u0161inau \u2013 iki \u0161iol.<\/p>\n<p>MASON CROSS (Meisonas Krosas) \u2013 brit\u0173 autorius, i\u0161gars\u0117j\u0119s trileri\u0173 serija apie Karter\u012f Bleik\u0105 \u2013 \u017emog\u0173, kuris neturi nei vardo, nei tapatyb\u0117s, tik talent\u0105 rasti tuos, kurie daro visk\u0105, kad j\u0173 b\u016bt\u0173 ne\u012fmanoma rasti. Nors Bleiko pa\u0161on\u0117je visuomet atsiduria netik\u0117tas partneris, padedantis narplioti nusikaltimus, Karteris Bleikas yra vieni\u0161as kovotojas, trok\u0161tantis ramyb\u0117s, ta\u010diau niekaip jos nerandantis. Lietuvi\u0161kai jau i\u0161leistos pirmosios trys Karterio Bleiko serijos knygos: \u201e\u017dudymo sezonas\u201c, \u201eSamarietis\u201c ir \u201eMetas \u017eudyti\u201c. Ketvirtajame trileryje \u201eNeie\u0161kok man\u0119s\u201c Bleikui tenka surasti ir gelb\u0117ti su pavojingais \u017emon\u0117mis susid\u0117jusi\u0105 mylim\u0105 moter\u012f.<\/p>\n<p>Las Vegase gyvenanti Sara Blekvel d\u017eiaugiasi \u012f gretim\u0105 nam\u0105 pagaliau atsikraus\u010dius ramiems kaimynams. Kaip netrukus supranta, galb\u016bt kiek per ramiems. Susibi\u010diuliavusi su nauj\u0105ja namo gyventoja Rebeka Smit, Sara nustemba, kai netrukus ji su savo vyru Dominiku dingsta kaip \u012f vanden\u012f, o \u0161alia j\u0173 nam\u0173 pasirodo ginkluoti vyrai. Siekdama i\u0161siai\u0161kinti, kas nutiko draugei, Sara nusprend\u017eia kreiptis pagalbos.<\/p>\n<p>\u201eNeie\u0161kok man\u0119s\u201c \u2013 paskutiniai Karteriui Bleikui skirti jo mylimos moters \u017eod\u017eiai. \u0160io priesako jis tvirtai laikosi \u0161e\u0161erius metus, kol vien\u0105 dien\u0105 sulaukia paslaptingo lai\u0161ko. Bleikas suvokia \u2013 moteriai, kuri\u0105 kadaise myl\u0117jo ir prarado, i\u0161kilo mirtinas pavojus. Jis priverstas sulau\u017eyti pa\u017ead\u0105. Visgi Bleikas ne vienintelis ie\u0161ko sprunkan\u010dios moters \u2013 jai ant kuln\u0173 lipa smogikas Trentonas Geid\u017eas, nusikaltim\u0173 pasaulyje gars\u0117jantis geb\u0117jimu rasti dingusius ar besislapstan\u010dius \u017emones. Visai kaip Karteris Bleikas.<\/p>\n<p>Kas pirmas suras \u012f nusikaltim\u0173 pasaul\u012f \u012ftraukt\u0105 moter\u012f? Kokias paslaptis ji saugo?<\/p>\n","protected":false},"excerpt":{"rendered":"<p>Ka\u017ein, ar ji suprato, kokia ironi\u0161ka buvo ta \u017einut\u0117. Kerol negal\u0117jo \u017einoti, kad tai buvo vienas pagrindini\u0173 punkt\u0173 mano darbo apra\u0161yme: ie\u0161koti \u017emoni\u0173. Tais dviem \u017eod\u017eiais ji suri\u0161o man rankas. \u017dinojo, kad a\u0161 nesiprie\u0161insiu paskutiniam jos pra\u0161ymui. Ir nesiprie\u0161inau \u2013 iki \u0161iol. MASON CROSS (Meisonas Krosas) \u2013 brit\u0173 autorius, i\u0161gars\u0117j\u0119s trileri\u0173 serija apie Karter\u012f Bleik\u0105 \u2013 \u017emog\u0173, kuris neturi nei vardo, nei tapatyb\u0117s, tik talent\u0105 rasti tuos, kurie daro visk\u0105, kad j\u0173 b\u016bt\u0173 ne\u012fmanoma rasti. Nors Bleiko pa\u0161on\u0117je visuomet atsiduria netik\u0117tas partneris, padedantis narplioti nusikaltimus, Karteris Bleikas yra vieni\u0161as kovotojas, trok\u0161tantis ramyb\u0117s, ta\u010diau niekaip jos nerandantis. Lietuvi\u0161kai jau i\u0161leistos pirmosios trys Karterio Bleiko serijos knygos: \u201e\u017dudymo sezonas\u201c, \u201eSamarietis\u201c ir \u201eMetas \u017eudyti\u201c. Ketvirtajame trileryje \u201eNeie\u0161kok man\u0119s\u201c Bleikui tenka surasti ir gelb\u0117ti su pavojingais \u017emon\u0117mis susid\u0117jusi\u0105 mylim\u0105 moter\u012f. Las Vegase gyvenanti Sara Blekvel d\u017eiaugiasi \u012f gretim\u0105 nam\u0105 pagaliau atsikraus\u010dius ramiems kaimynams. Kaip netrukus supranta, galb\u016bt kiek per ramiems. Susibi\u010diuliavusi su nauj\u0105ja namo gyventoja Rebeka Smit, Sara nustemba, kai netrukus ji su savo vyru Dominiku dingsta kaip \u012f vanden\u012f, o \u0161alia j\u0173 nam\u0173 pasirodo ginkluoti vyrai. Siekdama i\u0161siai\u0161kinti, kas nutiko draugei, Sara nusprend\u017eia kreiptis pagalbos. \u201eNeie\u0161kok man\u0119s\u201c \u2013 paskutiniai Karteriui Bleikui skirti jo mylimos moters \u017eod\u017eiai. \u0160io priesako jis tvirtai laikosi \u0161e\u0161erius metus, kol vien\u0105 dien\u0105 sulaukia paslaptingo lai\u0161ko. Bleikas suvokia \u2013 moteriai, kuri\u0105 kadaise myl\u0117jo ir prarado, i\u0161kilo mirtinas pavojus. Jis priverstas sulau\u017eyti pa\u017ead\u0105. Visgi Bleikas ne vienintelis ie\u0161ko sprunkan\u010dios moters \u2013 jai ant kuln\u0173 lipa smogikas Trentonas Geid\u017eas, nusikaltim\u0173 pasaulyje gars\u0117jantis geb\u0117jimu rasti dingusius ar besislapstan\u010dius \u017emones. Visai kaip Karteris Bleikas. Kas pirmas suras \u012f nusikaltim\u0173 pasaul\u012f \u012ftraukt\u0105 moter\u012f? Kokias paslaptis ji saugo?<\/p>\n","protected":false},"featured_media":19921,"comment_status":"open","ping_status":"closed","template":"","meta":{"_acf_changed":false,"site-sidebar-layout":"default","site-content-layout":"","ast-site-content-layout":"default","site-content-style":"default","site-sidebar-style":"default","ast-global-header-display":"","ast-banner-title-visibility":"","ast-main-header-display":"","ast-hfb-above-header-display":"","ast-hfb-below-header-display":"","ast-hfb-mobile-header-display":"","site-post-title":"","ast-breadcrumbs-content":"","ast-featured-img":"","footer-sml-layout":"","ast-disable-related-posts":"","theme-transparent-header-meta":"","adv-header-id-meta":"","stick-header-meta":"","header-above-stick-meta":"","header-main-stick-meta":"","header-below-stick-meta":"","astra-migrate-meta-layouts":"default","ast-page-background-enabled":"default","ast-page-background-meta":{"desktop":{"background-color":"","background-image":"","background-repeat":"repeat","background-position":"center center","background-size":"auto","background-attachment":"scroll","background-type":"","background-media":"","overlay-type":"","overlay-color":"","overlay-opacity":"","overlay-gradient":""},"tablet":{"background-color":"","background-image":"","background-repeat":"repeat","background-position":"center center","background-size":"auto","background-attachment":"scroll","background-type":"","background-media":"","overlay-type":"","overlay-color":"","overlay-opacity":"","overlay-gradient":""},"mobile":{"background-color":"","background-image":"","background-repeat":"repeat","background-position":"center center","background-size":"auto","background-attachment":"scroll","background-type":"","background-media":"","overlay-type":"","overlay-color":"","overlay-opacity":"","overlay-gradient":""}},"ast-content-background-meta":{"desktop":{"background-color":"var(--ast-global-color-4)","background-image":"","background-repeat":"repeat","background-position":"center center","background-size":"auto","background-attachment":"scroll","background-type":"","background-media":"","overlay-type":"","overlay-color":"","overlay-opacity":"","overlay-gradient":""},"tablet":{"background-color":"var(--ast-global-color-4)","background-image":"","background-repeat":"repeat","background-position":"center center","background-size":"auto","background-attachment":"scroll","background-type":"","background-media":"","overlay-type":"","overlay-color":"","overlay-opacity":"","overlay-gradient":""},"mobile":{"background-color":"var(--ast-global-color-4)","background-image":"","background-repeat":"repeat","background-position":"center center","background-size":"auto","background-attachment":"scroll","background-type":"","background-media":"","overlay-type":"","overlay-color":"","overlay-opacity":"","overlay-gradient":""}}},"product_brand":[],"product_cat":[9581],"product_tag":[6859,6858,6962,1587],"class_list":{"0":"post-19914","1":"product","2":"type-product","3":"status-publish","4":"has-post-thumbnail","6":"product_cat-kriminaliniai-romanai","7":"product_tag-karteris-bleikas","8":"product_tag-mason-cross","9":"product_tag-neieskok-manes","10":"product_tag-trileris","11":"desktop-align-left","12":"tablet-align-left","13":"mobile-align-left","15":"first","16":"instock","17":"shipping-taxable","18":"purchasable","19":"product-type-simple"},"acf":[],"yoast_head":"<!-- This site is optimized with the Yoast SEO plugin v27.0 - https:\/\/yoast.com\/product\/yoast-seo-wordpress\/ -->\n<title>Neie\u0161kok man\u0119s. Karteris Bleikas. 4<\/title>\n<meta name=\"description\" content=\"Ka\u017ein, ar ji suprato, kokia ironi\u0161ka buvo ta \u017einut\u0117. Kerol negal\u0117jo \u017einoti, kad tai buvo vienas pagrindini\u0173 punkt\u0173 mano darbo apra\u0161yme: ie\u0161koti \u017emoni\u0173.\" \/>\n<meta name=\"robots\" content=\"index, follow, max-snippet:-1, max-image-preview:large, max-video-preview:-1\" \/>\n<link rel=\"canonical\" href=\"https:\/\/skaitytaknyga.lt\/en\/produktas\/neieskok-manes-karteris-bleikas-4\/\" \/>\n<meta property=\"og:locale\" content=\"en_GB\" \/>\n<meta property=\"og:locale:alternate\" content=\"lt_LT\" \/>\n<meta property=\"og:type\" content=\"article\" \/>\n<meta property=\"og:title\" content=\"Neie\u0161kok man\u0119s. Karteris Bleikas. 4\" \/>\n<meta property=\"og:description\" content=\"Ka\u017ein, ar ji suprato, kokia ironi\u0161ka buvo ta \u017einut\u0117. Kerol negal\u0117jo \u017einoti, kad tai buvo vienas pagrindini\u0173 punkt\u0173 mano darbo apra\u0161yme: ie\u0161koti \u017emoni\u0173.\" \/>\n<meta property=\"og:url\" content=\"https:\/\/skaitytaknyga.lt\/en\/produktas\/neieskok-manes-karteris-bleikas-4\/\" \/>\n<meta property=\"og:site_name\" content=\"Skaitytaknyga\" \/>\n<meta property=\"article:publisher\" content=\"https:\/\/www.facebook.com\/skaitytaknyga\/\" \/>\n<meta property=\"article:modified_time\" content=\"2026-03-05T08:42:15+00:00\" \/>\n<meta property=\"og:image\" content=\"https:\/\/skaitytaknyga.lt\/wp-content\/uploads\/2025\/07\/Neieskok-manes.-Karteris-Bleikas.-4-1.webp\" \/>\n\t<meta property=\"og:image:width\" content=\"423\" \/>\n\t<meta property=\"og:image:height\" content=\"635\" \/>\n\t<meta property=\"og:image:type\" content=\"image\/webp\" \/>\n<meta name=\"twitter:card\" content=\"summary_large_image\" \/>\n<meta name=\"twitter:label1\" content=\"Estimated reading time\" \/>\n\t<meta name=\"twitter:data1\" content=\"2 minutes\" \/>\n<script type=\"application\/ld+json\" class=\"yoast-schema-graph\">{\"@context\":\"https:\/\/schema.org\",\"@graph\":[{\"@type\":\"WebPage\",\"@id\":\"https:\/\/skaitytaknyga.lt\/produktas\/neieskok-manes-karteris-bleikas-4\/\",\"url\":\"https:\/\/skaitytaknyga.lt\/produktas\/neieskok-manes-karteris-bleikas-4\/\",\"name\":\"Neie\u0161kok man\u0119s. Karteris Bleikas. 4\",\"isPartOf\":{\"@id\":\"https:\/\/skaitytaknyga.lt\/#website\"},\"primaryImageOfPage\":{\"@id\":\"https:\/\/skaitytaknyga.lt\/produktas\/neieskok-manes-karteris-bleikas-4\/#primaryimage\"},\"image\":{\"@id\":\"https:\/\/skaitytaknyga.lt\/produktas\/neieskok-manes-karteris-bleikas-4\/#primaryimage\"},\"thumbnailUrl\":\"https:\/\/skaitytaknyga.lt\/wp-content\/uploads\/2025\/07\/Neieskok-manes.-Karteris-Bleikas.-4-1.webp\",\"datePublished\":\"2025-07-25T07:05:59+00:00\",\"dateModified\":\"2026-03-05T08:42:15+00:00\",\"description\":\"Ka\u017ein, ar ji suprato, kokia ironi\u0161ka buvo ta \u017einut\u0117. Kerol negal\u0117jo \u017einoti, kad tai buvo vienas pagrindini\u0173 punkt\u0173 mano darbo apra\u0161yme: ie\u0161koti \u017emoni\u0173.\",\"breadcrumb\":{\"@id\":\"https:\/\/skaitytaknyga.lt\/produktas\/neieskok-manes-karteris-bleikas-4\/#breadcrumb\"},\"inLanguage\":\"en-GB\",\"potentialAction\":[{\"@type\":\"ReadAction\",\"target\":[\"https:\/\/skaitytaknyga.lt\/produktas\/neieskok-manes-karteris-bleikas-4\/\"]}]},{\"@type\":\"ImageObject\",\"inLanguage\":\"en-GB\",\"@id\":\"https:\/\/skaitytaknyga.lt\/produktas\/neieskok-manes-karteris-bleikas-4\/#primaryimage\",\"url\":\"https:\/\/skaitytaknyga.lt\/wp-content\/uploads\/2025\/07\/Neieskok-manes.-Karteris-Bleikas.-4-1.webp\",\"contentUrl\":\"https:\/\/skaitytaknyga.lt\/wp-content\/uploads\/2025\/07\/Neieskok-manes.-Karteris-Bleikas.-4-1.webp\",\"width\":423,\"height\":635,\"caption\":\"Neie\u0161kok man\u0119s. Karteris Bleikas. 4\"},{\"@type\":\"BreadcrumbList\",\"@id\":\"https:\/\/skaitytaknyga.lt\/produktas\/neieskok-manes-karteris-bleikas-4\/#breadcrumb\",\"itemListElement\":[{\"@type\":\"ListItem\",\"position\":1,\"name\":\"Home\",\"item\":\"https:\/\/skaitytaknyga.lt\/\"},{\"@type\":\"ListItem\",\"position\":2,\"name\":\"Parduotuv\u0117\",\"item\":\"https:\/\/skaitytaknyga.lt\/knygu-parduotuve\/\"},{\"@type\":\"ListItem\",\"position\":3,\"name\":\"Neie\u0161kok man\u0119s. Karteris Bleikas. 4\"}]},{\"@type\":\"WebSite\",\"@id\":\"https:\/\/skaitytaknyga.lt\/#website\",\"url\":\"https:\/\/skaitytaknyga.lt\/\",\"name\":\"skaitytaknyga.lt\",\"description\":\"Skaitytaknyga.lt \u2013 tai ma\u017eas \u0161eimos verslas, kuris prasid\u0117jo nuo meil\u0117s knygoms ir siekio i\u0161gelb\u0117ti knygas nuo likimo prie konteinerio. Kas vienam nereikalingas daiktas \u2013 kitam lobis, o mes esame tarpininkai, kurie padeda abiems tapti laimingesniems ???? \u017dinome kaip nelengva i\u0161gyventi ma\u017eiems verslams, tad nuo \u0161iol, \u010dia rasite ir kit\u0173, ma\u017e\u0173 \u0161eim\u0173 versl\u0173, rank\u0173 darbo, dovan\u0173 sau ir artimiesiems.\",\"publisher\":{\"@id\":\"https:\/\/skaitytaknyga.lt\/#organization\"},\"potentialAction\":[{\"@type\":\"SearchAction\",\"target\":{\"@type\":\"EntryPoint\",\"urlTemplate\":\"https:\/\/skaitytaknyga.lt\/?s={search_term_string}\"},\"query-input\":{\"@type\":\"PropertyValueSpecification\",\"valueRequired\":true,\"valueName\":\"search_term_string\"}}],\"inLanguage\":\"en-GB\"},{\"@type\":\"Organization\",\"@id\":\"https:\/\/skaitytaknyga.lt\/#organization\",\"name\":\"skaitytaknyga.lt\",\"url\":\"https:\/\/skaitytaknyga.lt\/\",\"logo\":{\"@type\":\"ImageObject\",\"inLanguage\":\"en-GB\",\"@id\":\"https:\/\/skaitytaknyga.lt\/#\/schema\/logo\/image\/\",\"url\":\"https:\/\/skaitytaknyga.lt\/wp-content\/uploads\/2024\/05\/cropped-cropped-cropped-02_00843_jt3bggkj1j3HLc7SyY6rEUpg.jpeg\",\"contentUrl\":\"https:\/\/skaitytaknyga.lt\/wp-content\/uploads\/2024\/05\/cropped-cropped-cropped-02_00843_jt3bggkj1j3HLc7SyY6rEUpg.jpeg\",\"width\":1600,\"height\":1600,\"caption\":\"skaitytaknyga.lt\"},\"image\":{\"@id\":\"https:\/\/skaitytaknyga.lt\/#\/schema\/logo\/image\/\"},\"sameAs\":[\"https:\/\/www.facebook.com\/skaitytaknyga\/\"]}]}<\/script>\n<!-- \/ Yoast SEO plugin. -->","yoast_head_json":{"title":"Neie\u0161kok man\u0119s. Karteris Bleikas. 4","description":"Ka\u017ein, ar ji suprato, kokia ironi\u0161ka buvo ta \u017einut\u0117. Kerol negal\u0117jo \u017einoti, kad tai buvo vienas pagrindini\u0173 punkt\u0173 mano darbo apra\u0161yme: ie\u0161koti \u017emoni\u0173.","robots":{"index":"index","follow":"follow","max-snippet":"max-snippet:-1","max-image-preview":"max-image-preview:large","max-video-preview":"max-video-preview:-1"},"canonical":"https:\/\/skaitytaknyga.lt\/en\/produktas\/neieskok-manes-karteris-bleikas-4\/","og_locale":"en_GB","og_type":"article","og_title":"[:lt]Neie\u0161kok man\u0119s. Karteris Bleikas. 4[:] - Skaitytaknyga","og_description":"Ka\u017ein, ar ji suprato, kokia ironi\u0161ka buvo ta \u017einut\u0117. Kerol negal\u0117jo \u017einoti, kad tai buvo vienas pagrindini\u0173 punkt\u0173 mano darbo apra\u0161yme: ie\u0161koti \u017emoni\u0173.","og_url":"https:\/\/skaitytaknyga.lt\/en\/produktas\/neieskok-manes-karteris-bleikas-4\/","og_site_name":"Skaitytaknyga","article_publisher":"https:\/\/www.facebook.com\/skaitytaknyga\/","article_modified_time":"2026-03-05T08:42:15+00:00","og_image":[{"width":423,"height":635,"url":"https:\/\/skaitytaknyga.lt\/wp-content\/uploads\/2025\/07\/Neieskok-manes.-Karteris-Bleikas.-4-1.webp","type":"image\/webp"}],"twitter_card":"summary_large_image","twitter_misc":{"Estimated reading time":"2 minutes"},"schema":{"@context":"https:\/\/schema.org","@graph":[{"@type":"WebPage","@id":"https:\/\/skaitytaknyga.lt\/produktas\/neieskok-manes-karteris-bleikas-4\/","url":"https:\/\/skaitytaknyga.lt\/produktas\/neieskok-manes-karteris-bleikas-4\/","name":"Neie\u0161kok man\u0119s. Karteris Bleikas. 4","isPartOf":{"@id":"https:\/\/skaitytaknyga.lt\/#website"},"primaryImageOfPage":{"@id":"https:\/\/skaitytaknyga.lt\/produktas\/neieskok-manes-karteris-bleikas-4\/#primaryimage"},"image":{"@id":"https:\/\/skaitytaknyga.lt\/produktas\/neieskok-manes-karteris-bleikas-4\/#primaryimage"},"thumbnailUrl":"https:\/\/skaitytaknyga.lt\/wp-content\/uploads\/2025\/07\/Neieskok-manes.-Karteris-Bleikas.-4-1.webp","datePublished":"2025-07-25T07:05:59+00:00","dateModified":"2026-03-05T08:42:15+00:00","description":"Ka\u017ein, ar ji suprato, kokia ironi\u0161ka buvo ta \u017einut\u0117. Kerol negal\u0117jo \u017einoti, kad tai buvo vienas pagrindini\u0173 punkt\u0173 mano darbo apra\u0161yme: ie\u0161koti \u017emoni\u0173.","breadcrumb":{"@id":"https:\/\/skaitytaknyga.lt\/produktas\/neieskok-manes-karteris-bleikas-4\/#breadcrumb"},"inLanguage":"en-GB","potentialAction":[{"@type":"ReadAction","target":["https:\/\/skaitytaknyga.lt\/produktas\/neieskok-manes-karteris-bleikas-4\/"]}]},{"@type":"ImageObject","inLanguage":"en-GB","@id":"https:\/\/skaitytaknyga.lt\/produktas\/neieskok-manes-karteris-bleikas-4\/#primaryimage","url":"https:\/\/skaitytaknyga.lt\/wp-content\/uploads\/2025\/07\/Neieskok-manes.-Karteris-Bleikas.-4-1.webp","contentUrl":"https:\/\/skaitytaknyga.lt\/wp-content\/uploads\/2025\/07\/Neieskok-manes.-Karteris-Bleikas.-4-1.webp","width":423,"height":635,"caption":"Neie\u0161kok man\u0119s. Karteris Bleikas. 4"},{"@type":"BreadcrumbList","@id":"https:\/\/skaitytaknyga.lt\/produktas\/neieskok-manes-karteris-bleikas-4\/#breadcrumb","itemListElement":[{"@type":"ListItem","position":1,"name":"Home","item":"https:\/\/skaitytaknyga.lt\/"},{"@type":"ListItem","position":2,"name":"Parduotuv\u0117","item":"https:\/\/skaitytaknyga.lt\/knygu-parduotuve\/"},{"@type":"ListItem","position":3,"name":"Neie\u0161kok man\u0119s. Karteris Bleikas. 4"}]},{"@type":"WebSite","@id":"https:\/\/skaitytaknyga.lt\/#website","url":"https:\/\/skaitytaknyga.lt\/","name":"skaitytaknyga.lt","description":"Skaitytaknyga.lt \u2013 tai ma\u017eas \u0161eimos verslas, kuris prasid\u0117jo nuo meil\u0117s knygoms ir siekio i\u0161gelb\u0117ti knygas nuo likimo prie konteinerio. Kas vienam nereikalingas daiktas \u2013 kitam lobis, o mes esame tarpininkai, kurie padeda abiems tapti laimingesniems ???? \u017dinome kaip nelengva i\u0161gyventi ma\u017eiems verslams, tad nuo \u0161iol, \u010dia rasite ir kit\u0173, ma\u017e\u0173 \u0161eim\u0173 versl\u0173, rank\u0173 darbo, dovan\u0173 sau ir artimiesiems.","publisher":{"@id":"https:\/\/skaitytaknyga.lt\/#organization"},"potentialAction":[{"@type":"SearchAction","target":{"@type":"EntryPoint","urlTemplate":"https:\/\/skaitytaknyga.lt\/?s={search_term_string}"},"query-input":{"@type":"PropertyValueSpecification","valueRequired":true,"valueName":"search_term_string"}}],"inLanguage":"en-GB"},{"@type":"Organization","@id":"https:\/\/skaitytaknyga.lt\/#organization","name":"skaitytaknyga.lt","url":"https:\/\/skaitytaknyga.lt\/","logo":{"@type":"ImageObject","inLanguage":"en-GB","@id":"https:\/\/skaitytaknyga.lt\/#\/schema\/logo\/image\/","url":"https:\/\/skaitytaknyga.lt\/wp-content\/uploads\/2024\/05\/cropped-cropped-cropped-02_00843_jt3bggkj1j3HLc7SyY6rEUpg.jpeg","contentUrl":"https:\/\/skaitytaknyga.lt\/wp-content\/uploads\/2024\/05\/cropped-cropped-cropped-02_00843_jt3bggkj1j3HLc7SyY6rEUpg.jpeg","width":1600,"height":1600,"caption":"skaitytaknyga.lt"},"image":{"@id":"https:\/\/skaitytaknyga.lt\/#\/schema\/logo\/image\/"},"sameAs":["https:\/\/www.facebook.com\/skaitytaknyga\/"]}]}},"_links":{"self":[{"href":"https:\/\/skaitytaknyga.lt\/en\/wp-json\/wp\/v2\/product\/19914","targetHints":{"allow":["GET"]}}],"collection":[{"href":"https:\/\/skaitytaknyga.lt\/en\/wp-json\/wp\/v2\/product"}],"about":[{"href":"https:\/\/skaitytaknyga.lt\/en\/wp-json\/wp\/v2\/types\/product"}],"replies":[{"embeddable":true,"href":"https:\/\/skaitytaknyga.lt\/en\/wp-json\/wp\/v2\/comments?post=19914"}],"wp:featuredmedia":[{"embeddable":true,"href":"https:\/\/skaitytaknyga.lt\/en\/wp-json\/wp\/v2\/media\/19921"}],"wp:attachment":[{"href":"https:\/\/skaitytaknyga.lt\/en\/wp-json\/wp\/v2\/media?parent=19914"}],"wp:term":[{"taxonomy":"product_brand","embeddable":true,"href":"https:\/\/skaitytaknyga.lt\/en\/wp-json\/wp\/v2\/product_brand?post=19914"},{"taxonomy":"product_cat","embeddable":true,"href":"https:\/\/skaitytaknyga.lt\/en\/wp-json\/wp\/v2\/product_cat?post=19914"},{"taxonomy":"product_tag","embeddable":true,"href":"https:\/\/skaitytaknyga.lt\/en\/wp-json\/wp\/v2\/product_tag?post=19914"}],"curies":[{"name":"wp","href":"https:\/\/api.w.org\/{rel}","templated":true}]}}