{"id":19912,"date":"2025-07-25T10:05:58","date_gmt":"2025-07-25T07:05:58","guid":{"rendered":"https:\/\/skaitytaknyga.lt\/?post_type=product&#038;p=19912"},"modified":"2026-03-05T10:42:15","modified_gmt":"2026-03-05T08:42:15","slug":"samarietis-karteris-bleikas-2","status":"publish","type":"product","link":"https:\/\/skaitytaknyga.lt\/en\/produktas\/samarietis-karteris-bleikas-2\/","title":{"rendered":"Samarietis. Karteris Bleikas. 2"},"content":{"rendered":"<p>\u2013 Jis jas pav\u0117\u017e\u0117ja. Jis ka\u017ekaip randa \u012f b\u0117d\u0105 pakliuvusi\u0173 vairuotoj\u0173 moter\u0173 ir pasirodo it koks&#8230;<br \/>\n\u2013 Gailestingasis samarietis?<br \/>\nAlen surauk\u0117 kakt\u0105.<br \/>\n\u2013 Veikiau negailestingasis.<\/p>\n<p>MASON CROSS (Meisonas Krosas) \u2013 brit\u0173 autorius, i\u0161gars\u0117j\u0119s trileri\u0173 serija apie Karter\u012f Bleik\u0105. Niekas ne\u017eino, kas i\u0161 ties\u0173 yra Bleikas. \u017dmogus, kuris neturi nei vardo, nei tapatyb\u0117s, tik talent\u0105 rasti tuos, kurie daro visk\u0105, kad j\u0173 neb\u016bt\u0173 \u012fmanoma rasti. Lietuvi\u0161kai jau i\u0161leistas \u201e\u017dudymo sezonas&#8221; \u2013 pirmoji serijos knyga. Antrajame trileryje \u201eSamarietis&#8221; Karteriui Bleikui teks susiremti su labai klastingu \u017eudiku maniaku.<\/p>\n<p>Santa Monikos kalnuose randami trij\u0173 jaun\u0173 moter\u0173 lavonai. Detektyv\u0117 D\u017eesika Alen neabejoja \u2013 tai patyrusio \u017eudiko aukos. Visos trys moterys buvo kankinamos ir nu\u017eudytos tuo pa\u010diu b\u016bdu. Visos rastos su ne\u012fprasta r\u0117\u017etine kaklo \u017eaizda nelygiais kra\u0161tais. Detektyv\u0117 supranta, kad tai ji jau mat\u0117 prie\u0161 pustre\u010di\u0173 met\u0173 kitame \u0161alies pakra\u0161tyje. Ta\u010diau&#8230; anuomet tyrimas buvo nutrauktas. \u017dudikas liko laisv\u0117je.<\/p>\n<p>Prad\u0117jusi tyrim\u0105 Alen greitai prisikasa prie siaubingos tiesos. Serijinis \u017eudikas sadistas pagrobia, kankina ir \u017eudo vienas vairuojan\u010dias moteris, kurioms nakt\u012f sugenda automobilis. Jo si\u016bloma pagalba baigdavosi baisia mirtimi. \u017diniasklaida pavadino maniak\u0105 Samarie\u010diu \u2013 tik jis ne\u0161\u0117 ne gailest\u012f, o mirt\u012f.<br \/>\nTyr\u0117jams \u012f pagalb\u0105 pasisi\u016blo Karteris Bleikas, ne\u012ftik\u0117tinu b\u016bdu sugebantis nusp\u0117ti \u017eudiko veiksmus. Tai kelia \u012ftarim\u0105 \u2013 naujasis s\u0105jungininkas atrodo pernelyg pana\u0161us \u012f ie\u0161kom\u0105j\u012f. Samarietis toliau s\u0117ja siaub\u0105, laiko vis ma\u017eiau, o Karteriui Bleikui tenka kautis su gerai j\u012f pa\u017e\u012fstan\u010diu prie\u0161ininku. Reikia rasti b\u016bd\u0105, kaip sustabdyti \u017eudik\u0105, net jei d\u0117l to tekt\u0173 atskleisti dal\u012f savo praeities.<br \/>\nKarterio Bleiko pasaulyje n\u0117ra vietos gailes\u010diui. \u012etampa gniau\u017eia kvap\u0105.<\/p>\n","protected":false},"excerpt":{"rendered":"<p>\u2013 Jis jas pav\u0117\u017e\u0117ja. Jis ka\u017ekaip randa \u012f b\u0117d\u0105 pakliuvusi\u0173 vairuotoj\u0173 moter\u0173 ir pasirodo it koks&#8230; \u2013 Gailestingasis samarietis? Alen surauk\u0117 kakt\u0105. \u2013 Veikiau negailestingasis. MASON CROSS (Meisonas Krosas) \u2013 brit\u0173 autorius, i\u0161gars\u0117j\u0119s trileri\u0173 serija apie Karter\u012f Bleik\u0105. Niekas ne\u017eino, kas i\u0161 ties\u0173 yra Bleikas. \u017dmogus, kuris neturi nei vardo, nei tapatyb\u0117s, tik talent\u0105 rasti tuos, kurie daro visk\u0105, kad j\u0173 neb\u016bt\u0173 \u012fmanoma rasti. Lietuvi\u0161kai jau i\u0161leistas \u201e\u017dudymo sezonas&#8221; \u2013 pirmoji serijos knyga. Antrajame trileryje \u201eSamarietis&#8221; Karteriui Bleikui teks susiremti su labai klastingu \u017eudiku maniaku. Santa Monikos kalnuose randami trij\u0173 jaun\u0173 moter\u0173 lavonai. Detektyv\u0117 D\u017eesika Alen neabejoja \u2013 tai patyrusio \u017eudiko aukos. Visos trys moterys buvo kankinamos ir nu\u017eudytos tuo pa\u010diu b\u016bdu. Visos rastos su ne\u012fprasta r\u0117\u017etine kaklo \u017eaizda nelygiais kra\u0161tais. Detektyv\u0117 supranta, kad tai ji jau mat\u0117 prie\u0161 pustre\u010di\u0173 met\u0173 kitame \u0161alies pakra\u0161tyje. Ta\u010diau&#8230; anuomet tyrimas buvo nutrauktas. \u017dudikas liko laisv\u0117je. Prad\u0117jusi tyrim\u0105 Alen greitai prisikasa prie siaubingos tiesos. Serijinis \u017eudikas sadistas pagrobia, kankina ir \u017eudo vienas vairuojan\u010dias moteris, kurioms nakt\u012f sugenda automobilis. Jo si\u016bloma pagalba baigdavosi baisia mirtimi. \u017diniasklaida pavadino maniak\u0105 Samarie\u010diu \u2013 tik jis ne\u0161\u0117 ne gailest\u012f, o mirt\u012f. Tyr\u0117jams \u012f pagalb\u0105 pasisi\u016blo Karteris Bleikas, ne\u012ftik\u0117tinu b\u016bdu sugebantis nusp\u0117ti \u017eudiko veiksmus. Tai kelia \u012ftarim\u0105 \u2013 naujasis s\u0105jungininkas atrodo pernelyg pana\u0161us \u012f ie\u0161kom\u0105j\u012f. Samarietis toliau s\u0117ja siaub\u0105, laiko vis ma\u017eiau, o Karteriui Bleikui tenka kautis su gerai j\u012f pa\u017e\u012fstan\u010diu prie\u0161ininku. Reikia rasti b\u016bd\u0105, kaip sustabdyti \u017eudik\u0105, net jei d\u0117l to tekt\u0173 atskleisti dal\u012f savo praeities. Karterio Bleiko pasaulyje n\u0117ra vietos gailes\u010diui. \u012etampa gniau\u017eia kvap\u0105.<\/p>\n","protected":false},"featured_media":19918,"comment_status":"open","ping_status":"closed","template":"","meta":{"_acf_changed":false,"site-sidebar-layout":"default","site-content-layout":"","ast-site-content-layout":"default","site-content-style":"default","site-sidebar-style":"default","ast-global-header-display":"","ast-banner-title-visibility":"","ast-main-header-display":"","ast-hfb-above-header-display":"","ast-hfb-below-header-display":"","ast-hfb-mobile-header-display":"","site-post-title":"","ast-breadcrumbs-content":"","ast-featured-img":"","footer-sml-layout":"","ast-disable-related-posts":"","theme-transparent-header-meta":"","adv-header-id-meta":"","stick-header-meta":"","header-above-stick-meta":"","header-main-stick-meta":"","header-below-stick-meta":"","astra-migrate-meta-layouts":"default","ast-page-background-enabled":"default","ast-page-background-meta":{"desktop":{"background-color":"","background-image":"","background-repeat":"repeat","background-position":"center center","background-size":"auto","background-attachment":"scroll","background-type":"","background-media":"","overlay-type":"","overlay-color":"","overlay-opacity":"","overlay-gradient":""},"tablet":{"background-color":"","background-image":"","background-repeat":"repeat","background-position":"center center","background-size":"auto","background-attachment":"scroll","background-type":"","background-media":"","overlay-type":"","overlay-color":"","overlay-opacity":"","overlay-gradient":""},"mobile":{"background-color":"","background-image":"","background-repeat":"repeat","background-position":"center center","background-size":"auto","background-attachment":"scroll","background-type":"","background-media":"","overlay-type":"","overlay-color":"","overlay-opacity":"","overlay-gradient":""}},"ast-content-background-meta":{"desktop":{"background-color":"var(--ast-global-color-4)","background-image":"","background-repeat":"repeat","background-position":"center center","background-size":"auto","background-attachment":"scroll","background-type":"","background-media":"","overlay-type":"","overlay-color":"","overlay-opacity":"","overlay-gradient":""},"tablet":{"background-color":"var(--ast-global-color-4)","background-image":"","background-repeat":"repeat","background-position":"center center","background-size":"auto","background-attachment":"scroll","background-type":"","background-media":"","overlay-type":"","overlay-color":"","overlay-opacity":"","overlay-gradient":""},"mobile":{"background-color":"var(--ast-global-color-4)","background-image":"","background-repeat":"repeat","background-position":"center center","background-size":"auto","background-attachment":"scroll","background-type":"","background-media":"","overlay-type":"","overlay-color":"","overlay-opacity":"","overlay-gradient":""}}},"product_brand":[],"product_cat":[9581],"product_tag":[6859,6858,6960,1587],"class_list":{"0":"post-19912","1":"product","2":"type-product","3":"status-publish","4":"has-post-thumbnail","6":"product_cat-kriminaliniai-romanai","7":"product_tag-karteris-bleikas","8":"product_tag-mason-cross","9":"product_tag-samarietis","10":"product_tag-trileris","11":"desktop-align-left","12":"tablet-align-left","13":"mobile-align-left","15":"first","16":"instock","17":"shipping-taxable","18":"purchasable","19":"product-type-simple"},"acf":[],"yoast_head":"<!-- This site is optimized with the Yoast SEO plugin v27.0 - https:\/\/yoast.com\/product\/yoast-seo-wordpress\/ -->\n<title>Samarietis. Karteris Bleikas. 2<\/title>\n<meta name=\"description\" content=\"\u2013 Jis jas pav\u0117\u017e\u0117ja. Jis ka\u017ekaip randa \u012f b\u0117d\u0105 pakliuvusi\u0173 vairuotoj\u0173 moter\u0173 ir pasirodo it koks... \u2013 Gailestingasis samarietis? Alen surauk\u0117 kakt\u0105. \u2013\" \/>\n<meta name=\"robots\" content=\"index, follow, max-snippet:-1, max-image-preview:large, max-video-preview:-1\" \/>\n<link rel=\"canonical\" href=\"https:\/\/skaitytaknyga.lt\/en\/produktas\/samarietis-karteris-bleikas-2\/\" \/>\n<meta property=\"og:locale\" content=\"en_GB\" \/>\n<meta property=\"og:locale:alternate\" content=\"lt_LT\" \/>\n<meta property=\"og:type\" content=\"article\" \/>\n<meta property=\"og:title\" content=\"Samarietis. Karteris Bleikas. 2\" \/>\n<meta property=\"og:description\" content=\"\u2013 Jis jas pav\u0117\u017e\u0117ja. Jis ka\u017ekaip randa \u012f b\u0117d\u0105 pakliuvusi\u0173 vairuotoj\u0173 moter\u0173 ir pasirodo it koks... \u2013 Gailestingasis samarietis? Alen surauk\u0117 kakt\u0105. \u2013\" \/>\n<meta property=\"og:url\" content=\"https:\/\/skaitytaknyga.lt\/en\/produktas\/samarietis-karteris-bleikas-2\/\" \/>\n<meta property=\"og:site_name\" content=\"Skaitytaknyga\" \/>\n<meta property=\"article:publisher\" content=\"https:\/\/www.facebook.com\/skaitytaknyga\/\" \/>\n<meta property=\"article:modified_time\" content=\"2026-03-05T08:42:15+00:00\" \/>\n<meta property=\"og:image\" content=\"https:\/\/skaitytaknyga.lt\/wp-content\/uploads\/2025\/07\/Samarietis.-Karteris-Bleikas.-2-1.webp\" \/>\n\t<meta property=\"og:image:width\" content=\"534\" \/>\n\t<meta property=\"og:image:height\" content=\"801\" \/>\n\t<meta property=\"og:image:type\" content=\"image\/webp\" \/>\n<meta name=\"twitter:card\" content=\"summary_large_image\" \/>\n<meta name=\"twitter:label1\" content=\"Estimated reading time\" \/>\n\t<meta name=\"twitter:data1\" content=\"1 minute\" \/>\n<script type=\"application\/ld+json\" class=\"yoast-schema-graph\">{\"@context\":\"https:\/\/schema.org\",\"@graph\":[{\"@type\":\"WebPage\",\"@id\":\"https:\/\/skaitytaknyga.lt\/produktas\/samarietis-karteris-bleikas-2\/\",\"url\":\"https:\/\/skaitytaknyga.lt\/produktas\/samarietis-karteris-bleikas-2\/\",\"name\":\"Samarietis. Karteris Bleikas. 2\",\"isPartOf\":{\"@id\":\"https:\/\/skaitytaknyga.lt\/#website\"},\"primaryImageOfPage\":{\"@id\":\"https:\/\/skaitytaknyga.lt\/produktas\/samarietis-karteris-bleikas-2\/#primaryimage\"},\"image\":{\"@id\":\"https:\/\/skaitytaknyga.lt\/produktas\/samarietis-karteris-bleikas-2\/#primaryimage\"},\"thumbnailUrl\":\"https:\/\/skaitytaknyga.lt\/wp-content\/uploads\/2025\/07\/Samarietis.-Karteris-Bleikas.-2-1.webp\",\"datePublished\":\"2025-07-25T07:05:58+00:00\",\"dateModified\":\"2026-03-05T08:42:15+00:00\",\"description\":\"\u2013 Jis jas pav\u0117\u017e\u0117ja. Jis ka\u017ekaip randa \u012f b\u0117d\u0105 pakliuvusi\u0173 vairuotoj\u0173 moter\u0173 ir pasirodo it koks... \u2013 Gailestingasis samarietis? Alen surauk\u0117 kakt\u0105. \u2013\",\"breadcrumb\":{\"@id\":\"https:\/\/skaitytaknyga.lt\/produktas\/samarietis-karteris-bleikas-2\/#breadcrumb\"},\"inLanguage\":\"en-GB\",\"potentialAction\":[{\"@type\":\"ReadAction\",\"target\":[\"https:\/\/skaitytaknyga.lt\/produktas\/samarietis-karteris-bleikas-2\/\"]}]},{\"@type\":\"ImageObject\",\"inLanguage\":\"en-GB\",\"@id\":\"https:\/\/skaitytaknyga.lt\/produktas\/samarietis-karteris-bleikas-2\/#primaryimage\",\"url\":\"https:\/\/skaitytaknyga.lt\/wp-content\/uploads\/2025\/07\/Samarietis.-Karteris-Bleikas.-2-1.webp\",\"contentUrl\":\"https:\/\/skaitytaknyga.lt\/wp-content\/uploads\/2025\/07\/Samarietis.-Karteris-Bleikas.-2-1.webp\",\"width\":534,\"height\":801,\"caption\":\"Samarietis. Karteris Bleikas. 2\"},{\"@type\":\"BreadcrumbList\",\"@id\":\"https:\/\/skaitytaknyga.lt\/produktas\/samarietis-karteris-bleikas-2\/#breadcrumb\",\"itemListElement\":[{\"@type\":\"ListItem\",\"position\":1,\"name\":\"Home\",\"item\":\"https:\/\/skaitytaknyga.lt\/\"},{\"@type\":\"ListItem\",\"position\":2,\"name\":\"Parduotuv\u0117\",\"item\":\"https:\/\/skaitytaknyga.lt\/knygu-parduotuve\/\"},{\"@type\":\"ListItem\",\"position\":3,\"name\":\"Samarietis. Karteris Bleikas. 2\"}]},{\"@type\":\"WebSite\",\"@id\":\"https:\/\/skaitytaknyga.lt\/#website\",\"url\":\"https:\/\/skaitytaknyga.lt\/\",\"name\":\"skaitytaknyga.lt\",\"description\":\"Skaitytaknyga.lt \u2013 tai ma\u017eas \u0161eimos verslas, kuris prasid\u0117jo nuo meil\u0117s knygoms ir siekio i\u0161gelb\u0117ti knygas nuo likimo prie konteinerio. Kas vienam nereikalingas daiktas \u2013 kitam lobis, o mes esame tarpininkai, kurie padeda abiems tapti laimingesniems ???? \u017dinome kaip nelengva i\u0161gyventi ma\u017eiems verslams, tad nuo \u0161iol, \u010dia rasite ir kit\u0173, ma\u017e\u0173 \u0161eim\u0173 versl\u0173, rank\u0173 darbo, dovan\u0173 sau ir artimiesiems.\",\"publisher\":{\"@id\":\"https:\/\/skaitytaknyga.lt\/#organization\"},\"potentialAction\":[{\"@type\":\"SearchAction\",\"target\":{\"@type\":\"EntryPoint\",\"urlTemplate\":\"https:\/\/skaitytaknyga.lt\/?s={search_term_string}\"},\"query-input\":{\"@type\":\"PropertyValueSpecification\",\"valueRequired\":true,\"valueName\":\"search_term_string\"}}],\"inLanguage\":\"en-GB\"},{\"@type\":\"Organization\",\"@id\":\"https:\/\/skaitytaknyga.lt\/#organization\",\"name\":\"skaitytaknyga.lt\",\"url\":\"https:\/\/skaitytaknyga.lt\/\",\"logo\":{\"@type\":\"ImageObject\",\"inLanguage\":\"en-GB\",\"@id\":\"https:\/\/skaitytaknyga.lt\/#\/schema\/logo\/image\/\",\"url\":\"https:\/\/skaitytaknyga.lt\/wp-content\/uploads\/2024\/05\/cropped-cropped-cropped-02_00843_jt3bggkj1j3HLc7SyY6rEUpg.jpeg\",\"contentUrl\":\"https:\/\/skaitytaknyga.lt\/wp-content\/uploads\/2024\/05\/cropped-cropped-cropped-02_00843_jt3bggkj1j3HLc7SyY6rEUpg.jpeg\",\"width\":1600,\"height\":1600,\"caption\":\"skaitytaknyga.lt\"},\"image\":{\"@id\":\"https:\/\/skaitytaknyga.lt\/#\/schema\/logo\/image\/\"},\"sameAs\":[\"https:\/\/www.facebook.com\/skaitytaknyga\/\"]}]}<\/script>\n<!-- \/ Yoast SEO plugin. -->","yoast_head_json":{"title":"Samarietis. Karteris Bleikas. 2","description":"\u2013 Jis jas pav\u0117\u017e\u0117ja. Jis ka\u017ekaip randa \u012f b\u0117d\u0105 pakliuvusi\u0173 vairuotoj\u0173 moter\u0173 ir pasirodo it koks... \u2013 Gailestingasis samarietis? Alen surauk\u0117 kakt\u0105. \u2013","robots":{"index":"index","follow":"follow","max-snippet":"max-snippet:-1","max-image-preview":"max-image-preview:large","max-video-preview":"max-video-preview:-1"},"canonical":"https:\/\/skaitytaknyga.lt\/en\/produktas\/samarietis-karteris-bleikas-2\/","og_locale":"en_GB","og_type":"article","og_title":"[:lt]Samarietis. Karteris Bleikas. 2[:] - Skaitytaknyga","og_description":"\u2013 Jis jas pav\u0117\u017e\u0117ja. Jis ka\u017ekaip randa \u012f b\u0117d\u0105 pakliuvusi\u0173 vairuotoj\u0173 moter\u0173 ir pasirodo it koks... \u2013 Gailestingasis samarietis? Alen surauk\u0117 kakt\u0105. \u2013","og_url":"https:\/\/skaitytaknyga.lt\/en\/produktas\/samarietis-karteris-bleikas-2\/","og_site_name":"Skaitytaknyga","article_publisher":"https:\/\/www.facebook.com\/skaitytaknyga\/","article_modified_time":"2026-03-05T08:42:15+00:00","og_image":[{"width":534,"height":801,"url":"https:\/\/skaitytaknyga.lt\/wp-content\/uploads\/2025\/07\/Samarietis.-Karteris-Bleikas.-2-1.webp","type":"image\/webp"}],"twitter_card":"summary_large_image","twitter_misc":{"Estimated reading time":"1 minute"},"schema":{"@context":"https:\/\/schema.org","@graph":[{"@type":"WebPage","@id":"https:\/\/skaitytaknyga.lt\/produktas\/samarietis-karteris-bleikas-2\/","url":"https:\/\/skaitytaknyga.lt\/produktas\/samarietis-karteris-bleikas-2\/","name":"Samarietis. Karteris Bleikas. 2","isPartOf":{"@id":"https:\/\/skaitytaknyga.lt\/#website"},"primaryImageOfPage":{"@id":"https:\/\/skaitytaknyga.lt\/produktas\/samarietis-karteris-bleikas-2\/#primaryimage"},"image":{"@id":"https:\/\/skaitytaknyga.lt\/produktas\/samarietis-karteris-bleikas-2\/#primaryimage"},"thumbnailUrl":"https:\/\/skaitytaknyga.lt\/wp-content\/uploads\/2025\/07\/Samarietis.-Karteris-Bleikas.-2-1.webp","datePublished":"2025-07-25T07:05:58+00:00","dateModified":"2026-03-05T08:42:15+00:00","description":"\u2013 Jis jas pav\u0117\u017e\u0117ja. Jis ka\u017ekaip randa \u012f b\u0117d\u0105 pakliuvusi\u0173 vairuotoj\u0173 moter\u0173 ir pasirodo it koks... \u2013 Gailestingasis samarietis? Alen surauk\u0117 kakt\u0105. \u2013","breadcrumb":{"@id":"https:\/\/skaitytaknyga.lt\/produktas\/samarietis-karteris-bleikas-2\/#breadcrumb"},"inLanguage":"en-GB","potentialAction":[{"@type":"ReadAction","target":["https:\/\/skaitytaknyga.lt\/produktas\/samarietis-karteris-bleikas-2\/"]}]},{"@type":"ImageObject","inLanguage":"en-GB","@id":"https:\/\/skaitytaknyga.lt\/produktas\/samarietis-karteris-bleikas-2\/#primaryimage","url":"https:\/\/skaitytaknyga.lt\/wp-content\/uploads\/2025\/07\/Samarietis.-Karteris-Bleikas.-2-1.webp","contentUrl":"https:\/\/skaitytaknyga.lt\/wp-content\/uploads\/2025\/07\/Samarietis.-Karteris-Bleikas.-2-1.webp","width":534,"height":801,"caption":"Samarietis. Karteris Bleikas. 2"},{"@type":"BreadcrumbList","@id":"https:\/\/skaitytaknyga.lt\/produktas\/samarietis-karteris-bleikas-2\/#breadcrumb","itemListElement":[{"@type":"ListItem","position":1,"name":"Home","item":"https:\/\/skaitytaknyga.lt\/"},{"@type":"ListItem","position":2,"name":"Parduotuv\u0117","item":"https:\/\/skaitytaknyga.lt\/knygu-parduotuve\/"},{"@type":"ListItem","position":3,"name":"Samarietis. Karteris Bleikas. 2"}]},{"@type":"WebSite","@id":"https:\/\/skaitytaknyga.lt\/#website","url":"https:\/\/skaitytaknyga.lt\/","name":"skaitytaknyga.lt","description":"Skaitytaknyga.lt \u2013 tai ma\u017eas \u0161eimos verslas, kuris prasid\u0117jo nuo meil\u0117s knygoms ir siekio i\u0161gelb\u0117ti knygas nuo likimo prie konteinerio. Kas vienam nereikalingas daiktas \u2013 kitam lobis, o mes esame tarpininkai, kurie padeda abiems tapti laimingesniems ???? \u017dinome kaip nelengva i\u0161gyventi ma\u017eiems verslams, tad nuo \u0161iol, \u010dia rasite ir kit\u0173, ma\u017e\u0173 \u0161eim\u0173 versl\u0173, rank\u0173 darbo, dovan\u0173 sau ir artimiesiems.","publisher":{"@id":"https:\/\/skaitytaknyga.lt\/#organization"},"potentialAction":[{"@type":"SearchAction","target":{"@type":"EntryPoint","urlTemplate":"https:\/\/skaitytaknyga.lt\/?s={search_term_string}"},"query-input":{"@type":"PropertyValueSpecification","valueRequired":true,"valueName":"search_term_string"}}],"inLanguage":"en-GB"},{"@type":"Organization","@id":"https:\/\/skaitytaknyga.lt\/#organization","name":"skaitytaknyga.lt","url":"https:\/\/skaitytaknyga.lt\/","logo":{"@type":"ImageObject","inLanguage":"en-GB","@id":"https:\/\/skaitytaknyga.lt\/#\/schema\/logo\/image\/","url":"https:\/\/skaitytaknyga.lt\/wp-content\/uploads\/2024\/05\/cropped-cropped-cropped-02_00843_jt3bggkj1j3HLc7SyY6rEUpg.jpeg","contentUrl":"https:\/\/skaitytaknyga.lt\/wp-content\/uploads\/2024\/05\/cropped-cropped-cropped-02_00843_jt3bggkj1j3HLc7SyY6rEUpg.jpeg","width":1600,"height":1600,"caption":"skaitytaknyga.lt"},"image":{"@id":"https:\/\/skaitytaknyga.lt\/#\/schema\/logo\/image\/"},"sameAs":["https:\/\/www.facebook.com\/skaitytaknyga\/"]}]}},"_links":{"self":[{"href":"https:\/\/skaitytaknyga.lt\/en\/wp-json\/wp\/v2\/product\/19912","targetHints":{"allow":["GET"]}}],"collection":[{"href":"https:\/\/skaitytaknyga.lt\/en\/wp-json\/wp\/v2\/product"}],"about":[{"href":"https:\/\/skaitytaknyga.lt\/en\/wp-json\/wp\/v2\/types\/product"}],"replies":[{"embeddable":true,"href":"https:\/\/skaitytaknyga.lt\/en\/wp-json\/wp\/v2\/comments?post=19912"}],"wp:featuredmedia":[{"embeddable":true,"href":"https:\/\/skaitytaknyga.lt\/en\/wp-json\/wp\/v2\/media\/19918"}],"wp:attachment":[{"href":"https:\/\/skaitytaknyga.lt\/en\/wp-json\/wp\/v2\/media?parent=19912"}],"wp:term":[{"taxonomy":"product_brand","embeddable":true,"href":"https:\/\/skaitytaknyga.lt\/en\/wp-json\/wp\/v2\/product_brand?post=19912"},{"taxonomy":"product_cat","embeddable":true,"href":"https:\/\/skaitytaknyga.lt\/en\/wp-json\/wp\/v2\/product_cat?post=19912"},{"taxonomy":"product_tag","embeddable":true,"href":"https:\/\/skaitytaknyga.lt\/en\/wp-json\/wp\/v2\/product_tag?post=19912"}],"curies":[{"name":"wp","href":"https:\/\/api.w.org\/{rel}","templated":true}]}}