{"id":19900,"date":"2025-07-25T09:31:39","date_gmt":"2025-07-25T06:31:39","guid":{"rendered":"https:\/\/skaitytaknyga.lt\/?post_type=product&#038;p=19900"},"modified":"2026-03-05T10:42:15","modified_gmt":"2026-03-05T08:42:15","slug":"zudymo-sezonas-karteris-bleikas-1","status":"publish","type":"product","link":"https:\/\/skaitytaknyga.lt\/en\/produktas\/zudymo-sezonas-karteris-bleikas-1\/","title":{"rendered":"\u017dudymo sezonas. Karteris Bleikas. 1"},"content":{"rendered":"<p>Pirmas dalykas, kur\u012f turite apie mane \u017einoti, \u2013 Karteris Bleikas n\u0117ra mano tikrasis vardas.<\/p>\n<p>Mason Cross (Meisonas Krosas) \u2013 brit\u0173 autorius, i\u0161gars\u0117j\u0119s savo trileri\u0173 serija apie Karter\u012f Bleik\u0105. \u201e\u017dudymo sezonas&#8221; \u2013 pirmoji serijos knyga.<\/p>\n<p>Kalebas Vordelas buvo pabaisa, apie kur\u012f \u017einojo visi. \u010cikagos snaiperiu pramintas profesionalus \u017eudikas laik\u0117 baim\u0117je vis\u0105 \u0161al\u012f, kol galiausiai buvo su\u010diuptas ir nuteistas. Ta\u010diau jam pavyko pasprukti i\u0161 kal\u0117jimo likus dviem savait\u0117ms iki mirties bausm\u0117s \u012fvykdymo. Ir ker\u0161to tro\u0161kimo paskatintas \u017eudymo sezonas v\u0117l prasid\u0117jo&#8230;<\/p>\n<p>FTB tenka \u0161auktis \u012f pagalb\u0105 Karter\u012f Bleik\u0105. \u017dmog\u0173, kuris neturi nei vardo, nei tapatyb\u0117s, tik talent\u0105 rasti tuos, kurie padaro visk\u0105, kad j\u0173 neb\u016bt\u0173 \u012fmanoma rasti. \u017dmog\u0173, kuris jau buvo susid\u016br\u0119s su Kalebu Vordelu ir \u017eino, k\u0105 \u0161is sugeba. Kartu su ambicinga speciali\u0105ja agente Eleina Baner jie privalo surasti Vordel\u0105, toliau s\u0117jant\u012f siaub\u0105 Amerikoje. Atrodo, kad jis \u017eudo visus, kurie pasitaiko jo kelyje. Be jokios prie\u017easties.<\/p>\n<p>Ta\u010diau Bleikas ir Baner greitai ima \u012ftarti, kad juos stengiamasi nu\u0161alinti nuo tyrimo. Tod\u0117l jie turi ne tik kuo grei\u010diau su\u010diupti d\u0117l malonumo \u017eudant\u012f monstr\u0105, bet ir i\u0161narplioti pa\u0161on\u0117je klestint\u012f melo ir korupcijos voratinkl\u012f. Karteris Bleikas yra priverstas sulau\u017eyti visas taisykles ir stoti \u012f kov\u0105 su FTB \u2013 tam, kad pagaliau sustabdyt\u0173 \u017eudynes ir \u012f vie\u0161um\u0105 i\u0161kelt\u0173 mirt\u012f ne\u0161ant\u012f s\u0105moksl\u0105.<br \/>\nKvap\u0105 gniau\u017eiantis ir mieg\u0105 atimantis \u201e\u017dudymo sezonas&#8221; \u2013 pa\u017eintis su Karteriu Bleiku ir jo pavojing\u0173 tyrim\u0173 prad\u017eia.<\/p>\n","protected":false},"excerpt":{"rendered":"<p>Pirmas dalykas, kur\u012f turite apie mane \u017einoti, \u2013 Karteris Bleikas n\u0117ra mano tikrasis vardas. Mason Cross (Meisonas Krosas) \u2013 brit\u0173 autorius, i\u0161gars\u0117j\u0119s savo trileri\u0173 serija apie Karter\u012f Bleik\u0105. \u201e\u017dudymo sezonas&#8221; \u2013 pirmoji serijos knyga. Kalebas Vordelas buvo pabaisa, apie kur\u012f \u017einojo visi. \u010cikagos snaiperiu pramintas profesionalus \u017eudikas laik\u0117 baim\u0117je vis\u0105 \u0161al\u012f, kol galiausiai buvo su\u010diuptas ir nuteistas. Ta\u010diau jam pavyko pasprukti i\u0161 kal\u0117jimo likus dviem savait\u0117ms iki mirties bausm\u0117s \u012fvykdymo. Ir ker\u0161to tro\u0161kimo paskatintas \u017eudymo sezonas v\u0117l prasid\u0117jo&#8230; FTB tenka \u0161auktis \u012f pagalb\u0105 Karter\u012f Bleik\u0105. \u017dmog\u0173, kuris neturi nei vardo, nei tapatyb\u0117s, tik talent\u0105 rasti tuos, kurie padaro visk\u0105, kad j\u0173 neb\u016bt\u0173 \u012fmanoma rasti. \u017dmog\u0173, kuris jau buvo susid\u016br\u0119s su Kalebu Vordelu ir \u017eino, k\u0105 \u0161is sugeba. Kartu su ambicinga speciali\u0105ja agente Eleina Baner jie privalo surasti Vordel\u0105, toliau s\u0117jant\u012f siaub\u0105 Amerikoje. Atrodo, kad jis \u017eudo visus, kurie pasitaiko jo kelyje. Be jokios prie\u017easties. Ta\u010diau Bleikas ir Baner greitai ima \u012ftarti, kad juos stengiamasi nu\u0161alinti nuo tyrimo. Tod\u0117l jie turi ne tik kuo grei\u010diau su\u010diupti d\u0117l malonumo \u017eudant\u012f monstr\u0105, bet ir i\u0161narplioti pa\u0161on\u0117je klestint\u012f melo ir korupcijos voratinkl\u012f. Karteris Bleikas yra priverstas sulau\u017eyti visas taisykles ir stoti \u012f kov\u0105 su FTB \u2013 tam, kad pagaliau sustabdyt\u0173 \u017eudynes ir \u012f vie\u0161um\u0105 i\u0161kelt\u0173 mirt\u012f ne\u0161ant\u012f s\u0105moksl\u0105. Kvap\u0105 gniau\u017eiantis ir mieg\u0105 atimantis \u201e\u017dudymo sezonas&#8221; \u2013 pa\u017eintis su Karteriu Bleiku ir jo pavojing\u0173 tyrim\u0173 prad\u017eia.<\/p>\n","protected":false},"featured_media":19911,"comment_status":"open","ping_status":"closed","template":"","meta":{"_acf_changed":false,"site-sidebar-layout":"default","site-content-layout":"","ast-site-content-layout":"default","site-content-style":"default","site-sidebar-style":"default","ast-global-header-display":"","ast-banner-title-visibility":"","ast-main-header-display":"","ast-hfb-above-header-display":"","ast-hfb-below-header-display":"","ast-hfb-mobile-header-display":"","site-post-title":"","ast-breadcrumbs-content":"","ast-featured-img":"","footer-sml-layout":"","ast-disable-related-posts":"","theme-transparent-header-meta":"","adv-header-id-meta":"","stick-header-meta":"","header-above-stick-meta":"","header-main-stick-meta":"","header-below-stick-meta":"","astra-migrate-meta-layouts":"default","ast-page-background-enabled":"default","ast-page-background-meta":{"desktop":{"background-color":"","background-image":"","background-repeat":"repeat","background-position":"center center","background-size":"auto","background-attachment":"scroll","background-type":"","background-media":"","overlay-type":"","overlay-color":"","overlay-opacity":"","overlay-gradient":""},"tablet":{"background-color":"","background-image":"","background-repeat":"repeat","background-position":"center center","background-size":"auto","background-attachment":"scroll","background-type":"","background-media":"","overlay-type":"","overlay-color":"","overlay-opacity":"","overlay-gradient":""},"mobile":{"background-color":"","background-image":"","background-repeat":"repeat","background-position":"center center","background-size":"auto","background-attachment":"scroll","background-type":"","background-media":"","overlay-type":"","overlay-color":"","overlay-opacity":"","overlay-gradient":""}},"ast-content-background-meta":{"desktop":{"background-color":"var(--ast-global-color-4)","background-image":"","background-repeat":"repeat","background-position":"center center","background-size":"auto","background-attachment":"scroll","background-type":"","background-media":"","overlay-type":"","overlay-color":"","overlay-opacity":"","overlay-gradient":""},"tablet":{"background-color":"var(--ast-global-color-4)","background-image":"","background-repeat":"repeat","background-position":"center center","background-size":"auto","background-attachment":"scroll","background-type":"","background-media":"","overlay-type":"","overlay-color":"","overlay-opacity":"","overlay-gradient":""},"mobile":{"background-color":"var(--ast-global-color-4)","background-image":"","background-repeat":"repeat","background-position":"center center","background-size":"auto","background-attachment":"scroll","background-type":"","background-media":"","overlay-type":"","overlay-color":"","overlay-opacity":"","overlay-gradient":""}}},"product_brand":[],"product_cat":[9581],"product_tag":[6859,6858,1587,6959],"class_list":{"0":"post-19900","1":"product","2":"type-product","3":"status-publish","4":"has-post-thumbnail","6":"product_cat-kriminaliniai-romanai","7":"product_tag-karteris-bleikas","8":"product_tag-mason-cross","9":"product_tag-trileris","10":"product_tag-zudymo-sezonas","11":"desktop-align-left","12":"tablet-align-left","13":"mobile-align-left","15":"first","16":"instock","17":"shipping-taxable","18":"purchasable","19":"product-type-simple"},"acf":[],"yoast_head":"<!-- This site is optimized with the Yoast SEO plugin v27.0 - https:\/\/yoast.com\/product\/yoast-seo-wordpress\/ -->\n<title>\u017dudymo sezonas. Karteris Bleikas. 1<\/title>\n<meta name=\"description\" content=\"Pirmas dalykas, kur\u012f turite apie mane \u017einoti, \u2013 Karteris Bleikas n\u0117ra mano tikrasis vardas. Mason Cross (Meisonas Krosas) \u2013 brit\u0173 autorius, i\u0161gars\u0117j\u0119s\" \/>\n<meta name=\"robots\" content=\"index, follow, max-snippet:-1, max-image-preview:large, max-video-preview:-1\" \/>\n<link rel=\"canonical\" href=\"https:\/\/skaitytaknyga.lt\/en\/produktas\/zudymo-sezonas-karteris-bleikas-1\/\" \/>\n<meta property=\"og:locale\" content=\"en_GB\" \/>\n<meta property=\"og:locale:alternate\" content=\"lt_LT\" \/>\n<meta property=\"og:type\" content=\"article\" \/>\n<meta property=\"og:title\" content=\"\u017dudymo sezonas. Karteris Bleikas. 1\" \/>\n<meta property=\"og:description\" content=\"Pirmas dalykas, kur\u012f turite apie mane \u017einoti, \u2013 Karteris Bleikas n\u0117ra mano tikrasis vardas. Mason Cross (Meisonas Krosas) \u2013 brit\u0173 autorius, i\u0161gars\u0117j\u0119s\" \/>\n<meta property=\"og:url\" content=\"https:\/\/skaitytaknyga.lt\/en\/produktas\/zudymo-sezonas-karteris-bleikas-1\/\" \/>\n<meta property=\"og:site_name\" content=\"Skaitytaknyga\" \/>\n<meta property=\"article:publisher\" content=\"https:\/\/www.facebook.com\/skaitytaknyga\/\" \/>\n<meta property=\"article:modified_time\" content=\"2026-03-05T08:42:15+00:00\" \/>\n<meta property=\"og:image\" content=\"https:\/\/skaitytaknyga.lt\/wp-content\/uploads\/2025\/07\/Zudymo-sezonas.-Karteris-Bleikas.-1.webp\" \/>\n\t<meta property=\"og:image:width\" content=\"534\" \/>\n\t<meta property=\"og:image:height\" content=\"801\" \/>\n\t<meta property=\"og:image:type\" content=\"image\/webp\" \/>\n<meta name=\"twitter:card\" content=\"summary_large_image\" \/>\n<meta name=\"twitter:label1\" content=\"Estimated reading time\" \/>\n\t<meta name=\"twitter:data1\" content=\"1 minute\" \/>\n<script type=\"application\/ld+json\" class=\"yoast-schema-graph\">{\"@context\":\"https:\/\/schema.org\",\"@graph\":[{\"@type\":\"WebPage\",\"@id\":\"https:\/\/skaitytaknyga.lt\/produktas\/zudymo-sezonas-karteris-bleikas-1\/\",\"url\":\"https:\/\/skaitytaknyga.lt\/produktas\/zudymo-sezonas-karteris-bleikas-1\/\",\"name\":\"\u017dudymo sezonas. Karteris Bleikas. 1\",\"isPartOf\":{\"@id\":\"https:\/\/skaitytaknyga.lt\/#website\"},\"primaryImageOfPage\":{\"@id\":\"https:\/\/skaitytaknyga.lt\/produktas\/zudymo-sezonas-karteris-bleikas-1\/#primaryimage\"},\"image\":{\"@id\":\"https:\/\/skaitytaknyga.lt\/produktas\/zudymo-sezonas-karteris-bleikas-1\/#primaryimage\"},\"thumbnailUrl\":\"https:\/\/skaitytaknyga.lt\/wp-content\/uploads\/2025\/07\/Zudymo-sezonas.-Karteris-Bleikas.-1.webp\",\"datePublished\":\"2025-07-25T06:31:39+00:00\",\"dateModified\":\"2026-03-05T08:42:15+00:00\",\"description\":\"Pirmas dalykas, kur\u012f turite apie mane \u017einoti, \u2013 Karteris Bleikas n\u0117ra mano tikrasis vardas. Mason Cross (Meisonas Krosas) \u2013 brit\u0173 autorius, i\u0161gars\u0117j\u0119s\",\"breadcrumb\":{\"@id\":\"https:\/\/skaitytaknyga.lt\/produktas\/zudymo-sezonas-karteris-bleikas-1\/#breadcrumb\"},\"inLanguage\":\"en-GB\",\"potentialAction\":[{\"@type\":\"ReadAction\",\"target\":[\"https:\/\/skaitytaknyga.lt\/produktas\/zudymo-sezonas-karteris-bleikas-1\/\"]}]},{\"@type\":\"ImageObject\",\"inLanguage\":\"en-GB\",\"@id\":\"https:\/\/skaitytaknyga.lt\/produktas\/zudymo-sezonas-karteris-bleikas-1\/#primaryimage\",\"url\":\"https:\/\/skaitytaknyga.lt\/wp-content\/uploads\/2025\/07\/Zudymo-sezonas.-Karteris-Bleikas.-1.webp\",\"contentUrl\":\"https:\/\/skaitytaknyga.lt\/wp-content\/uploads\/2025\/07\/Zudymo-sezonas.-Karteris-Bleikas.-1.webp\",\"width\":534,\"height\":801},{\"@type\":\"BreadcrumbList\",\"@id\":\"https:\/\/skaitytaknyga.lt\/produktas\/zudymo-sezonas-karteris-bleikas-1\/#breadcrumb\",\"itemListElement\":[{\"@type\":\"ListItem\",\"position\":1,\"name\":\"Home\",\"item\":\"https:\/\/skaitytaknyga.lt\/\"},{\"@type\":\"ListItem\",\"position\":2,\"name\":\"Parduotuv\u0117\",\"item\":\"https:\/\/skaitytaknyga.lt\/knygu-parduotuve\/\"},{\"@type\":\"ListItem\",\"position\":3,\"name\":\"\u017dudymo sezonas. Karteris Bleikas. 1\"}]},{\"@type\":\"WebSite\",\"@id\":\"https:\/\/skaitytaknyga.lt\/#website\",\"url\":\"https:\/\/skaitytaknyga.lt\/\",\"name\":\"skaitytaknyga.lt\",\"description\":\"Skaitytaknyga.lt \u2013 tai ma\u017eas \u0161eimos verslas, kuris prasid\u0117jo nuo meil\u0117s knygoms ir siekio i\u0161gelb\u0117ti knygas nuo likimo prie konteinerio. Kas vienam nereikalingas daiktas \u2013 kitam lobis, o mes esame tarpininkai, kurie padeda abiems tapti laimingesniems ???? \u017dinome kaip nelengva i\u0161gyventi ma\u017eiems verslams, tad nuo \u0161iol, \u010dia rasite ir kit\u0173, ma\u017e\u0173 \u0161eim\u0173 versl\u0173, rank\u0173 darbo, dovan\u0173 sau ir artimiesiems.\",\"publisher\":{\"@id\":\"https:\/\/skaitytaknyga.lt\/#organization\"},\"potentialAction\":[{\"@type\":\"SearchAction\",\"target\":{\"@type\":\"EntryPoint\",\"urlTemplate\":\"https:\/\/skaitytaknyga.lt\/?s={search_term_string}\"},\"query-input\":{\"@type\":\"PropertyValueSpecification\",\"valueRequired\":true,\"valueName\":\"search_term_string\"}}],\"inLanguage\":\"en-GB\"},{\"@type\":\"Organization\",\"@id\":\"https:\/\/skaitytaknyga.lt\/#organization\",\"name\":\"skaitytaknyga.lt\",\"url\":\"https:\/\/skaitytaknyga.lt\/\",\"logo\":{\"@type\":\"ImageObject\",\"inLanguage\":\"en-GB\",\"@id\":\"https:\/\/skaitytaknyga.lt\/#\/schema\/logo\/image\/\",\"url\":\"https:\/\/skaitytaknyga.lt\/wp-content\/uploads\/2024\/05\/cropped-cropped-cropped-02_00843_jt3bggkj1j3HLc7SyY6rEUpg.jpeg\",\"contentUrl\":\"https:\/\/skaitytaknyga.lt\/wp-content\/uploads\/2024\/05\/cropped-cropped-cropped-02_00843_jt3bggkj1j3HLc7SyY6rEUpg.jpeg\",\"width\":1600,\"height\":1600,\"caption\":\"skaitytaknyga.lt\"},\"image\":{\"@id\":\"https:\/\/skaitytaknyga.lt\/#\/schema\/logo\/image\/\"},\"sameAs\":[\"https:\/\/www.facebook.com\/skaitytaknyga\/\"]}]}<\/script>\n<!-- \/ Yoast SEO plugin. -->","yoast_head_json":{"title":"\u017dudymo sezonas. Karteris Bleikas. 1","description":"Pirmas dalykas, kur\u012f turite apie mane \u017einoti, \u2013 Karteris Bleikas n\u0117ra mano tikrasis vardas. Mason Cross (Meisonas Krosas) \u2013 brit\u0173 autorius, i\u0161gars\u0117j\u0119s","robots":{"index":"index","follow":"follow","max-snippet":"max-snippet:-1","max-image-preview":"max-image-preview:large","max-video-preview":"max-video-preview:-1"},"canonical":"https:\/\/skaitytaknyga.lt\/en\/produktas\/zudymo-sezonas-karteris-bleikas-1\/","og_locale":"en_GB","og_type":"article","og_title":"[:lt]\u017dudymo sezonas. Karteris Bleikas. 1[:] - Skaitytaknyga","og_description":"Pirmas dalykas, kur\u012f turite apie mane \u017einoti, \u2013 Karteris Bleikas n\u0117ra mano tikrasis vardas. Mason Cross (Meisonas Krosas) \u2013 brit\u0173 autorius, i\u0161gars\u0117j\u0119s","og_url":"https:\/\/skaitytaknyga.lt\/en\/produktas\/zudymo-sezonas-karteris-bleikas-1\/","og_site_name":"Skaitytaknyga","article_publisher":"https:\/\/www.facebook.com\/skaitytaknyga\/","article_modified_time":"2026-03-05T08:42:15+00:00","og_image":[{"width":534,"height":801,"url":"https:\/\/skaitytaknyga.lt\/wp-content\/uploads\/2025\/07\/Zudymo-sezonas.-Karteris-Bleikas.-1.webp","type":"image\/webp"}],"twitter_card":"summary_large_image","twitter_misc":{"Estimated reading time":"1 minute"},"schema":{"@context":"https:\/\/schema.org","@graph":[{"@type":"WebPage","@id":"https:\/\/skaitytaknyga.lt\/produktas\/zudymo-sezonas-karteris-bleikas-1\/","url":"https:\/\/skaitytaknyga.lt\/produktas\/zudymo-sezonas-karteris-bleikas-1\/","name":"\u017dudymo sezonas. Karteris Bleikas. 1","isPartOf":{"@id":"https:\/\/skaitytaknyga.lt\/#website"},"primaryImageOfPage":{"@id":"https:\/\/skaitytaknyga.lt\/produktas\/zudymo-sezonas-karteris-bleikas-1\/#primaryimage"},"image":{"@id":"https:\/\/skaitytaknyga.lt\/produktas\/zudymo-sezonas-karteris-bleikas-1\/#primaryimage"},"thumbnailUrl":"https:\/\/skaitytaknyga.lt\/wp-content\/uploads\/2025\/07\/Zudymo-sezonas.-Karteris-Bleikas.-1.webp","datePublished":"2025-07-25T06:31:39+00:00","dateModified":"2026-03-05T08:42:15+00:00","description":"Pirmas dalykas, kur\u012f turite apie mane \u017einoti, \u2013 Karteris Bleikas n\u0117ra mano tikrasis vardas. Mason Cross (Meisonas Krosas) \u2013 brit\u0173 autorius, i\u0161gars\u0117j\u0119s","breadcrumb":{"@id":"https:\/\/skaitytaknyga.lt\/produktas\/zudymo-sezonas-karteris-bleikas-1\/#breadcrumb"},"inLanguage":"en-GB","potentialAction":[{"@type":"ReadAction","target":["https:\/\/skaitytaknyga.lt\/produktas\/zudymo-sezonas-karteris-bleikas-1\/"]}]},{"@type":"ImageObject","inLanguage":"en-GB","@id":"https:\/\/skaitytaknyga.lt\/produktas\/zudymo-sezonas-karteris-bleikas-1\/#primaryimage","url":"https:\/\/skaitytaknyga.lt\/wp-content\/uploads\/2025\/07\/Zudymo-sezonas.-Karteris-Bleikas.-1.webp","contentUrl":"https:\/\/skaitytaknyga.lt\/wp-content\/uploads\/2025\/07\/Zudymo-sezonas.-Karteris-Bleikas.-1.webp","width":534,"height":801},{"@type":"BreadcrumbList","@id":"https:\/\/skaitytaknyga.lt\/produktas\/zudymo-sezonas-karteris-bleikas-1\/#breadcrumb","itemListElement":[{"@type":"ListItem","position":1,"name":"Home","item":"https:\/\/skaitytaknyga.lt\/"},{"@type":"ListItem","position":2,"name":"Parduotuv\u0117","item":"https:\/\/skaitytaknyga.lt\/knygu-parduotuve\/"},{"@type":"ListItem","position":3,"name":"\u017dudymo sezonas. Karteris Bleikas. 1"}]},{"@type":"WebSite","@id":"https:\/\/skaitytaknyga.lt\/#website","url":"https:\/\/skaitytaknyga.lt\/","name":"skaitytaknyga.lt","description":"Skaitytaknyga.lt \u2013 tai ma\u017eas \u0161eimos verslas, kuris prasid\u0117jo nuo meil\u0117s knygoms ir siekio i\u0161gelb\u0117ti knygas nuo likimo prie konteinerio. Kas vienam nereikalingas daiktas \u2013 kitam lobis, o mes esame tarpininkai, kurie padeda abiems tapti laimingesniems ???? \u017dinome kaip nelengva i\u0161gyventi ma\u017eiems verslams, tad nuo \u0161iol, \u010dia rasite ir kit\u0173, ma\u017e\u0173 \u0161eim\u0173 versl\u0173, rank\u0173 darbo, dovan\u0173 sau ir artimiesiems.","publisher":{"@id":"https:\/\/skaitytaknyga.lt\/#organization"},"potentialAction":[{"@type":"SearchAction","target":{"@type":"EntryPoint","urlTemplate":"https:\/\/skaitytaknyga.lt\/?s={search_term_string}"},"query-input":{"@type":"PropertyValueSpecification","valueRequired":true,"valueName":"search_term_string"}}],"inLanguage":"en-GB"},{"@type":"Organization","@id":"https:\/\/skaitytaknyga.lt\/#organization","name":"skaitytaknyga.lt","url":"https:\/\/skaitytaknyga.lt\/","logo":{"@type":"ImageObject","inLanguage":"en-GB","@id":"https:\/\/skaitytaknyga.lt\/#\/schema\/logo\/image\/","url":"https:\/\/skaitytaknyga.lt\/wp-content\/uploads\/2024\/05\/cropped-cropped-cropped-02_00843_jt3bggkj1j3HLc7SyY6rEUpg.jpeg","contentUrl":"https:\/\/skaitytaknyga.lt\/wp-content\/uploads\/2024\/05\/cropped-cropped-cropped-02_00843_jt3bggkj1j3HLc7SyY6rEUpg.jpeg","width":1600,"height":1600,"caption":"skaitytaknyga.lt"},"image":{"@id":"https:\/\/skaitytaknyga.lt\/#\/schema\/logo\/image\/"},"sameAs":["https:\/\/www.facebook.com\/skaitytaknyga\/"]}]}},"_links":{"self":[{"href":"https:\/\/skaitytaknyga.lt\/en\/wp-json\/wp\/v2\/product\/19900","targetHints":{"allow":["GET"]}}],"collection":[{"href":"https:\/\/skaitytaknyga.lt\/en\/wp-json\/wp\/v2\/product"}],"about":[{"href":"https:\/\/skaitytaknyga.lt\/en\/wp-json\/wp\/v2\/types\/product"}],"replies":[{"embeddable":true,"href":"https:\/\/skaitytaknyga.lt\/en\/wp-json\/wp\/v2\/comments?post=19900"}],"wp:featuredmedia":[{"embeddable":true,"href":"https:\/\/skaitytaknyga.lt\/en\/wp-json\/wp\/v2\/media\/19911"}],"wp:attachment":[{"href":"https:\/\/skaitytaknyga.lt\/en\/wp-json\/wp\/v2\/media?parent=19900"}],"wp:term":[{"taxonomy":"product_brand","embeddable":true,"href":"https:\/\/skaitytaknyga.lt\/en\/wp-json\/wp\/v2\/product_brand?post=19900"},{"taxonomy":"product_cat","embeddable":true,"href":"https:\/\/skaitytaknyga.lt\/en\/wp-json\/wp\/v2\/product_cat?post=19900"},{"taxonomy":"product_tag","embeddable":true,"href":"https:\/\/skaitytaknyga.lt\/en\/wp-json\/wp\/v2\/product_tag?post=19900"}],"curies":[{"name":"wp","href":"https:\/\/api.w.org\/{rel}","templated":true}]}}