{"id":19899,"date":"2025-07-25T09:31:39","date_gmt":"2025-07-25T06:31:39","guid":{"rendered":"https:\/\/skaitytaknyga.lt\/?post_type=product&#038;p=19899"},"modified":"2025-07-30T21:46:44","modified_gmt":"2025-07-30T18:46:44","slug":"pacinko","status":"publish","type":"product","link":"https:\/\/skaitytaknyga.lt\/en\/produktas\/pacinko\/","title":{"rendered":"Pa\u010dinko"},"content":{"rendered":"<p>Laim\u0117toj\u0173 gali b\u016bti tik keli, pralaim\u0117jusi\u0173j\u0173 daug. Ta\u010diau mes \u017eaid\u017eiame toliau, nes viliam\u0117s, kad b\u016bsime tie laimingieji.&#8221;<\/p>\n<p>1932-ieji, Kor\u0117ja. Mylima luo\u0161o \u017evejo dukra Sund\u017ea triuk\u0161mingame uostamies\u010dio turguje sutinka nepa\u017e\u012fstam\u0105j\u012f. \u017davus vyras u\u017eburia j\u0105 kalbomis ir pa\u017eada po kojomis pakloti vis\u0105 pasaul\u012f. Ta\u010diau nepritekli\u0173 augintos \u017evejo dukros meilei nelemta baigtis laimingai. I\u0161duota ir pa\u017eeminta, Sund\u017ea ry\u017etasi palikti gimtin\u0119 ir keliauti \u012f Japonij\u0105 \u2013 kra\u0161t\u0105, kuriame n\u0117 vienas kor\u0117jietis n\u0117ra laukiamas sve\u010dias.<\/p>\n<p>Taip prasideda vis\u0105 dvide\u0161imt\u0105 am\u017ei\u0173 apimanti Sund\u017eos ir b\u016bsim\u0173 trij\u0173 jos gimin\u0117s kart\u0173 gyvenimo istorija, savo nenusp\u0117jama s\u0117kme, netik\u0117tais pos\u016bkiais ir nei\u0161vengiama rizika primenanti Japonijoje klestint\u012f kor\u0117jieti\u0161k\u0105 azartin\u012f \u017eaidim\u0105 pa\u010dinko.<\/p>\n","protected":false},"excerpt":{"rendered":"<p>Laim\u0117toj\u0173 gali b\u016bti tik keli, pralaim\u0117jusi\u0173j\u0173 daug. Ta\u010diau mes \u017eaid\u017eiame toliau, nes viliam\u0117s, kad b\u016bsime tie laimingieji.&#8221; 1932-ieji, Kor\u0117ja. Mylima luo\u0161o \u017evejo dukra Sund\u017ea triuk\u0161mingame uostamies\u010dio turguje sutinka nepa\u017e\u012fstam\u0105j\u012f. \u017davus vyras u\u017eburia j\u0105 kalbomis ir pa\u017eada po kojomis pakloti vis\u0105 pasaul\u012f. Ta\u010diau nepritekli\u0173 augintos \u017evejo dukros meilei nelemta baigtis laimingai. I\u0161duota ir pa\u017eeminta, Sund\u017ea ry\u017etasi palikti gimtin\u0119 ir keliauti \u012f Japonij\u0105 \u2013 kra\u0161t\u0105, kuriame n\u0117 vienas kor\u0117jietis n\u0117ra laukiamas sve\u010dias. Taip prasideda vis\u0105 dvide\u0161imt\u0105 am\u017ei\u0173 apimanti Sund\u017eos ir b\u016bsim\u0173 trij\u0173 jos gimin\u0117s kart\u0173 gyvenimo istorija, savo nenusp\u0117jama s\u0117kme, netik\u0117tais pos\u016bkiais ir nei\u0161vengiama rizika primenanti Japonijoje klestint\u012f kor\u0117jieti\u0161k\u0105 azartin\u012f \u017eaidim\u0105 pa\u010dinko.<\/p>\n","protected":false},"featured_media":0,"comment_status":"open","ping_status":"closed","template":"","meta":{"_acf_changed":false,"site-sidebar-layout":"default","site-content-layout":"","ast-site-content-layout":"default","site-content-style":"default","site-sidebar-style":"default","ast-global-header-display":"","ast-banner-title-visibility":"","ast-main-header-display":"","ast-hfb-above-header-display":"","ast-hfb-below-header-display":"","ast-hfb-mobile-header-display":"","site-post-title":"","ast-breadcrumbs-content":"","ast-featured-img":"","footer-sml-layout":"","ast-disable-related-posts":"","theme-transparent-header-meta":"","adv-header-id-meta":"","stick-header-meta":"","header-above-stick-meta":"","header-main-stick-meta":"","header-below-stick-meta":"","astra-migrate-meta-layouts":"default","ast-page-background-enabled":"default","ast-page-background-meta":{"desktop":{"background-color":"","background-image":"","background-repeat":"repeat","background-position":"center center","background-size":"auto","background-attachment":"scroll","background-type":"","background-media":"","overlay-type":"","overlay-color":"","overlay-opacity":"","overlay-gradient":""},"tablet":{"background-color":"","background-image":"","background-repeat":"repeat","background-position":"center center","background-size":"auto","background-attachment":"scroll","background-type":"","background-media":"","overlay-type":"","overlay-color":"","overlay-opacity":"","overlay-gradient":""},"mobile":{"background-color":"","background-image":"","background-repeat":"repeat","background-position":"center center","background-size":"auto","background-attachment":"scroll","background-type":"","background-media":"","overlay-type":"","overlay-color":"","overlay-opacity":"","overlay-gradient":""}},"ast-content-background-meta":{"desktop":{"background-color":"var(--ast-global-color-4)","background-image":"","background-repeat":"repeat","background-position":"center center","background-size":"auto","background-attachment":"scroll","background-type":"","background-media":"","overlay-type":"","overlay-color":"","overlay-opacity":"","overlay-gradient":""},"tablet":{"background-color":"var(--ast-global-color-4)","background-image":"","background-repeat":"repeat","background-position":"center center","background-size":"auto","background-attachment":"scroll","background-type":"","background-media":"","overlay-type":"","overlay-color":"","overlay-opacity":"","overlay-gradient":""},"mobile":{"background-color":"var(--ast-global-color-4)","background-image":"","background-repeat":"repeat","background-position":"center center","background-size":"auto","background-attachment":"scroll","background-type":"","background-media":"","overlay-type":"","overlay-color":"","overlay-opacity":"","overlay-gradient":""}}},"product_brand":[],"product_cat":[15],"product_tag":[3533,5692,6957,6958],"class_list":{"0":"post-19899","1":"product","2":"type-product","3":"status-publish","5":"product_cat-uncategorized","6":"product_tag-istorinis","7":"product_tag-koreja","8":"product_tag-min-jin-lee","9":"product_tag-pacinko","10":"desktop-align-left","11":"tablet-align-left","12":"mobile-align-left","14":"first","15":"outofstock","16":"shipping-taxable","17":"purchasable","18":"product-type-simple"},"acf":[],"yoast_head":"<!-- This site is optimized with the Yoast SEO plugin v27.4 - https:\/\/yoast.com\/product\/yoast-seo-wordpress\/ -->\n<title>Pa\u010dinko<\/title>\n<meta name=\"description\" content=\"Laim\u0117toj\u0173 gali b\u016bti tik keli, pralaim\u0117jusi\u0173j\u0173 daug. Ta\u010diau mes \u017eaid\u017eiame toliau, nes viliam\u0117s, kad b\u016bsime tie laimingieji.&quot; 1932-ieji, Kor\u0117ja. Mylima\" \/>\n<meta name=\"robots\" content=\"index, follow, max-snippet:-1, max-image-preview:large, max-video-preview:-1\" \/>\n<link rel=\"canonical\" href=\"https:\/\/skaitytaknyga.lt\/en\/produktas\/pacinko\/\" \/>\n<meta property=\"og:locale\" content=\"en_GB\" \/>\n<meta property=\"og:locale:alternate\" content=\"lt_LT\" \/>\n<meta property=\"og:type\" content=\"article\" \/>\n<meta property=\"og:title\" content=\"Pa\u010dinko\" \/>\n<meta property=\"og:description\" content=\"Laim\u0117toj\u0173 gali b\u016bti tik keli, pralaim\u0117jusi\u0173j\u0173 daug. Ta\u010diau mes \u017eaid\u017eiame toliau, nes viliam\u0117s, kad b\u016bsime tie laimingieji.&quot; 1932-ieji, Kor\u0117ja. Mylima\" \/>\n<meta property=\"og:url\" content=\"https:\/\/skaitytaknyga.lt\/en\/produktas\/pacinko\/\" \/>\n<meta property=\"og:site_name\" content=\"Skaitytaknyga\" \/>\n<meta property=\"article:publisher\" content=\"https:\/\/www.facebook.com\/skaitytaknyga\/\" \/>\n<meta property=\"article:modified_time\" content=\"2025-07-30T18:46:44+00:00\" \/>\n<meta property=\"og:image\" content=\"https:\/\/skaitytaknyga.lt\/wp-content\/uploads\/2024\/07\/skaitytaknyga.png\" \/>\n\t<meta property=\"og:image:width\" content=\"747\" \/>\n\t<meta property=\"og:image:height\" content=\"496\" \/>\n\t<meta property=\"og:image:type\" content=\"image\/png\" \/>\n<meta name=\"twitter:card\" content=\"summary_large_image\" \/>\n<meta name=\"twitter:label1\" content=\"Estimated reading time\" \/>\n\t<meta name=\"twitter:data1\" content=\"1 minute\" \/>\n<script type=\"application\/ld+json\" class=\"yoast-schema-graph\">{\"@context\":\"https:\\\/\\\/schema.org\",\"@graph\":[{\"@type\":\"WebPage\",\"@id\":\"https:\\\/\\\/skaitytaknyga.lt\\\/produktas\\\/pacinko\\\/\",\"url\":\"https:\\\/\\\/skaitytaknyga.lt\\\/produktas\\\/pacinko\\\/\",\"name\":\"Pa\u010dinko\",\"isPartOf\":{\"@id\":\"https:\\\/\\\/skaitytaknyga.lt\\\/#website\"},\"datePublished\":\"2025-07-25T06:31:39+00:00\",\"dateModified\":\"2025-07-30T18:46:44+00:00\",\"description\":\"Laim\u0117toj\u0173 gali b\u016bti tik keli, pralaim\u0117jusi\u0173j\u0173 daug. Ta\u010diau mes \u017eaid\u017eiame toliau, nes viliam\u0117s, kad b\u016bsime tie laimingieji.\\\" 1932-ieji, Kor\u0117ja. Mylima\",\"breadcrumb\":{\"@id\":\"https:\\\/\\\/skaitytaknyga.lt\\\/produktas\\\/pacinko\\\/#breadcrumb\"},\"inLanguage\":\"en-GB\",\"potentialAction\":[{\"@type\":\"ReadAction\",\"target\":[\"https:\\\/\\\/skaitytaknyga.lt\\\/produktas\\\/pacinko\\\/\"]}]},{\"@type\":\"BreadcrumbList\",\"@id\":\"https:\\\/\\\/skaitytaknyga.lt\\\/produktas\\\/pacinko\\\/#breadcrumb\",\"itemListElement\":[{\"@type\":\"ListItem\",\"position\":1,\"name\":\"Home\",\"item\":\"https:\\\/\\\/skaitytaknyga.lt\\\/\"},{\"@type\":\"ListItem\",\"position\":2,\"name\":\"Parduotuv\u0117\",\"item\":\"https:\\\/\\\/skaitytaknyga.lt\\\/knygu-parduotuve\\\/\"},{\"@type\":\"ListItem\",\"position\":3,\"name\":\"Pa\u010dinko\"}]},{\"@type\":\"WebSite\",\"@id\":\"https:\\\/\\\/skaitytaknyga.lt\\\/#website\",\"url\":\"https:\\\/\\\/skaitytaknyga.lt\\\/\",\"name\":\"skaitytaknyga.lt\",\"description\":\"Skaitytaknyga.lt \u2013 tai ma\u017eas \u0161eimos verslas, kuris prasid\u0117jo nuo meil\u0117s knygoms ir siekio i\u0161gelb\u0117ti knygas nuo likimo prie konteinerio. Kas vienam nereikalingas daiktas \u2013 kitam lobis, o mes esame tarpininkai, kurie padeda abiems tapti laimingesniems ???? \u017dinome kaip nelengva i\u0161gyventi ma\u017eiems verslams, tad nuo \u0161iol, \u010dia rasite ir kit\u0173, ma\u017e\u0173 \u0161eim\u0173 versl\u0173, rank\u0173 darbo, dovan\u0173 sau ir artimiesiems.\",\"publisher\":{\"@id\":\"https:\\\/\\\/skaitytaknyga.lt\\\/#organization\"},\"potentialAction\":[{\"@type\":\"SearchAction\",\"target\":{\"@type\":\"EntryPoint\",\"urlTemplate\":\"https:\\\/\\\/skaitytaknyga.lt\\\/?s={search_term_string}\"},\"query-input\":{\"@type\":\"PropertyValueSpecification\",\"valueRequired\":true,\"valueName\":\"search_term_string\"}}],\"inLanguage\":\"en-GB\"},{\"@type\":\"Organization\",\"@id\":\"https:\\\/\\\/skaitytaknyga.lt\\\/#organization\",\"name\":\"skaitytaknyga.lt\",\"url\":\"https:\\\/\\\/skaitytaknyga.lt\\\/\",\"logo\":{\"@type\":\"ImageObject\",\"inLanguage\":\"en-GB\",\"@id\":\"https:\\\/\\\/skaitytaknyga.lt\\\/#\\\/schema\\\/logo\\\/image\\\/\",\"url\":\"https:\\\/\\\/skaitytaknyga.lt\\\/wp-content\\\/uploads\\\/2024\\\/05\\\/cropped-cropped-cropped-02_00843_jt3bggkj1j3HLc7SyY6rEUpg.jpeg\",\"contentUrl\":\"https:\\\/\\\/skaitytaknyga.lt\\\/wp-content\\\/uploads\\\/2024\\\/05\\\/cropped-cropped-cropped-02_00843_jt3bggkj1j3HLc7SyY6rEUpg.jpeg\",\"width\":1600,\"height\":1600,\"caption\":\"skaitytaknyga.lt\"},\"image\":{\"@id\":\"https:\\\/\\\/skaitytaknyga.lt\\\/#\\\/schema\\\/logo\\\/image\\\/\"},\"sameAs\":[\"https:\\\/\\\/www.facebook.com\\\/skaitytaknyga\\\/\"]}]}<\/script>\n<!-- \/ Yoast SEO plugin. -->","yoast_head_json":{"title":"Pa\u010dinko","description":"Laim\u0117toj\u0173 gali b\u016bti tik keli, pralaim\u0117jusi\u0173j\u0173 daug. Ta\u010diau mes \u017eaid\u017eiame toliau, nes viliam\u0117s, kad b\u016bsime tie laimingieji.\" 1932-ieji, Kor\u0117ja. Mylima","robots":{"index":"index","follow":"follow","max-snippet":"max-snippet:-1","max-image-preview":"max-image-preview:large","max-video-preview":"max-video-preview:-1"},"canonical":"https:\/\/skaitytaknyga.lt\/en\/produktas\/pacinko\/","og_locale":"en_GB","og_type":"article","og_title":"[:lt]Pa\u010dinko[:] - Skaitytaknyga","og_description":"Laim\u0117toj\u0173 gali b\u016bti tik keli, pralaim\u0117jusi\u0173j\u0173 daug. Ta\u010diau mes \u017eaid\u017eiame toliau, nes viliam\u0117s, kad b\u016bsime tie laimingieji.\" 1932-ieji, Kor\u0117ja. Mylima","og_url":"https:\/\/skaitytaknyga.lt\/en\/produktas\/pacinko\/","og_site_name":"Skaitytaknyga","article_publisher":"https:\/\/www.facebook.com\/skaitytaknyga\/","article_modified_time":"2025-07-30T18:46:44+00:00","og_image":[{"width":747,"height":496,"url":"https:\/\/skaitytaknyga.lt\/wp-content\/uploads\/2024\/07\/skaitytaknyga.png","type":"image\/png"}],"twitter_card":"summary_large_image","twitter_misc":{"Estimated reading time":"1 minute"},"schema":{"@context":"https:\/\/schema.org","@graph":[{"@type":"WebPage","@id":"https:\/\/skaitytaknyga.lt\/produktas\/pacinko\/","url":"https:\/\/skaitytaknyga.lt\/produktas\/pacinko\/","name":"Pa\u010dinko","isPartOf":{"@id":"https:\/\/skaitytaknyga.lt\/#website"},"datePublished":"2025-07-25T06:31:39+00:00","dateModified":"2025-07-30T18:46:44+00:00","description":"Laim\u0117toj\u0173 gali b\u016bti tik keli, pralaim\u0117jusi\u0173j\u0173 daug. Ta\u010diau mes \u017eaid\u017eiame toliau, nes viliam\u0117s, kad b\u016bsime tie laimingieji.\" 1932-ieji, Kor\u0117ja. Mylima","breadcrumb":{"@id":"https:\/\/skaitytaknyga.lt\/produktas\/pacinko\/#breadcrumb"},"inLanguage":"en-GB","potentialAction":[{"@type":"ReadAction","target":["https:\/\/skaitytaknyga.lt\/produktas\/pacinko\/"]}]},{"@type":"BreadcrumbList","@id":"https:\/\/skaitytaknyga.lt\/produktas\/pacinko\/#breadcrumb","itemListElement":[{"@type":"ListItem","position":1,"name":"Home","item":"https:\/\/skaitytaknyga.lt\/"},{"@type":"ListItem","position":2,"name":"Parduotuv\u0117","item":"https:\/\/skaitytaknyga.lt\/knygu-parduotuve\/"},{"@type":"ListItem","position":3,"name":"Pa\u010dinko"}]},{"@type":"WebSite","@id":"https:\/\/skaitytaknyga.lt\/#website","url":"https:\/\/skaitytaknyga.lt\/","name":"skaitytaknyga.lt","description":"Skaitytaknyga.lt \u2013 tai ma\u017eas \u0161eimos verslas, kuris prasid\u0117jo nuo meil\u0117s knygoms ir siekio i\u0161gelb\u0117ti knygas nuo likimo prie konteinerio. Kas vienam nereikalingas daiktas \u2013 kitam lobis, o mes esame tarpininkai, kurie padeda abiems tapti laimingesniems ???? \u017dinome kaip nelengva i\u0161gyventi ma\u017eiems verslams, tad nuo \u0161iol, \u010dia rasite ir kit\u0173, ma\u017e\u0173 \u0161eim\u0173 versl\u0173, rank\u0173 darbo, dovan\u0173 sau ir artimiesiems.","publisher":{"@id":"https:\/\/skaitytaknyga.lt\/#organization"},"potentialAction":[{"@type":"SearchAction","target":{"@type":"EntryPoint","urlTemplate":"https:\/\/skaitytaknyga.lt\/?s={search_term_string}"},"query-input":{"@type":"PropertyValueSpecification","valueRequired":true,"valueName":"search_term_string"}}],"inLanguage":"en-GB"},{"@type":"Organization","@id":"https:\/\/skaitytaknyga.lt\/#organization","name":"skaitytaknyga.lt","url":"https:\/\/skaitytaknyga.lt\/","logo":{"@type":"ImageObject","inLanguage":"en-GB","@id":"https:\/\/skaitytaknyga.lt\/#\/schema\/logo\/image\/","url":"https:\/\/skaitytaknyga.lt\/wp-content\/uploads\/2024\/05\/cropped-cropped-cropped-02_00843_jt3bggkj1j3HLc7SyY6rEUpg.jpeg","contentUrl":"https:\/\/skaitytaknyga.lt\/wp-content\/uploads\/2024\/05\/cropped-cropped-cropped-02_00843_jt3bggkj1j3HLc7SyY6rEUpg.jpeg","width":1600,"height":1600,"caption":"skaitytaknyga.lt"},"image":{"@id":"https:\/\/skaitytaknyga.lt\/#\/schema\/logo\/image\/"},"sameAs":["https:\/\/www.facebook.com\/skaitytaknyga\/"]}]}},"_links":{"self":[{"href":"https:\/\/skaitytaknyga.lt\/en\/wp-json\/wp\/v2\/product\/19899","targetHints":{"allow":["GET"]}}],"collection":[{"href":"https:\/\/skaitytaknyga.lt\/en\/wp-json\/wp\/v2\/product"}],"about":[{"href":"https:\/\/skaitytaknyga.lt\/en\/wp-json\/wp\/v2\/types\/product"}],"replies":[{"embeddable":true,"href":"https:\/\/skaitytaknyga.lt\/en\/wp-json\/wp\/v2\/comments?post=19899"}],"wp:attachment":[{"href":"https:\/\/skaitytaknyga.lt\/en\/wp-json\/wp\/v2\/media?parent=19899"}],"wp:term":[{"taxonomy":"product_brand","embeddable":true,"href":"https:\/\/skaitytaknyga.lt\/en\/wp-json\/wp\/v2\/product_brand?post=19899"},{"taxonomy":"product_cat","embeddable":true,"href":"https:\/\/skaitytaknyga.lt\/en\/wp-json\/wp\/v2\/product_cat?post=19899"},{"taxonomy":"product_tag","embeddable":true,"href":"https:\/\/skaitytaknyga.lt\/en\/wp-json\/wp\/v2\/product_tag?post=19899"}],"curies":[{"name":"wp","href":"https:\/\/api.w.org\/{rel}","templated":true}]}}