{"id":19898,"date":"2025-07-25T09:31:39","date_gmt":"2025-07-25T06:31:39","guid":{"rendered":"https:\/\/skaitytaknyga.lt\/?post_type=product&#038;p=19898"},"modified":"2026-03-05T15:58:06","modified_gmt":"2026-03-05T13:58:06","slug":"ruko-sala","status":"publish","type":"product","link":"https:\/\/skaitytaknyga.lt\/en\/produktas\/ruko-sala\/","title":{"rendered":"R\u016bko sala"},"content":{"rendered":"<p>Labiausiai \u012ftraukiantis ir pasaul\u012f su\u017eav\u0117j\u0119s Skandinavijos bestseleris pasirodo lietuvi\u0161kai! Sveiki atvyk\u0119 \u012f R\u016aKO SAL\u0104 \u2013 prikaustant\u012f roman\u0105, kur\u012f \u012fkv\u0117p\u0117 tikra autor\u0117s patirtis scientologijos sektoje&#8230;<\/p>\n<p>Tu nepasirenki sektos.<\/p>\n<p>Sekta pasirenka tave.<\/p>\n<p>Sofija pabaig\u0117 studijas universitete ir nutrauk\u0117 \u012fgrisusius santykius su vaikinu. Trok\u0161dama nauj\u0173 potyri\u0173 ji i\u0161klauso paskait\u0105 apie naujojo am\u017eiaus jud\u0117jim\u0105, vadinam\u0105 \u201eVia Terra&#8221;.<\/p>\n<p>Jau po pirmojo susitikimo Sofij\u0105 u\u017eburia jud\u0117jimo vadovo Franco Osvaldo asmeninis \u017eavesys ir jo skleid\u017eiamos id\u0117jos, o labiausiai suintriguoja pasi\u016blymas nuvykti \u012f R\u016bko sal\u0105, kur \u012fsik\u016brusi pagrindin\u0117 \u201eVia Terra&#8221; b\u016bstin\u0117. Nuostabaus gro\u017eio dvaras salos pakrant\u0117je, i\u0161puosel\u0117ti sodai, ramyb\u0117 ir nepaprastai draugi\u0161ki \u017emon\u0117s \u2013 R\u016bko sala atrodo kaip rojaus kampelis \u017eem\u0117je. Sofijos jausmai Francui darosi vis stipresni ir atrodo abipusiai.<\/p>\n<p>Mergina pasilieka saloje. Tikina, kad tik trumpam&#8230;<\/p>\n<p>Ta\u010diau, kai vasar\u0105 pakei\u010dia \u017eiema ir tir\u0161tas r\u016bkas apgaubia sal\u0105, ji suvokia, kad Francas valdo \u0161i\u0105 viet\u0105 gele\u017einiu kum\u0161\u010diu.<\/p>\n<p>Draud\u017eiami telefonai ir kompiuteriai.<\/p>\n<p>Kambariuose \u012frengtos vaizdo steb\u0117jimo kameros.<\/p>\n<p>Ne\u012fmanoma susisiekti su \u017eemynine salos dalimi.<\/p>\n<p>Teritorij\u0105 supa elektrin\u0117 tvora.<\/p>\n<p>Pama\u017eu Sofijos iliuzijos \u017elunga: ji ne tik pasijunta vieni\u0161a, bet ir supranta, kad niekas niekada nepaliko R\u016bko salos gyvas&#8230;<\/p>\n<p>Pasiruo\u0161kite meistri\u0161kam baim\u0117s, seksualin\u0117s \u012ftampos ir mirtino susi\u017eav\u0117jimo deriniui.<\/p>\n","protected":false},"excerpt":{"rendered":"<p>Labiausiai \u012ftraukiantis ir pasaul\u012f su\u017eav\u0117j\u0119s Skandinavijos bestseleris pasirodo lietuvi\u0161kai! Sveiki atvyk\u0119 \u012f R\u016aKO SAL\u0104 \u2013 prikaustant\u012f roman\u0105, kur\u012f \u012fkv\u0117p\u0117 tikra autor\u0117s patirtis scientologijos sektoje&#8230; Tu nepasirenki sektos. Sekta pasirenka tave. Sofija pabaig\u0117 studijas universitete ir nutrauk\u0117 \u012fgrisusius santykius su vaikinu. Trok\u0161dama nauj\u0173 potyri\u0173 ji i\u0161klauso paskait\u0105 apie naujojo am\u017eiaus jud\u0117jim\u0105, vadinam\u0105 \u201eVia Terra&#8221;. Jau po pirmojo susitikimo Sofij\u0105 u\u017eburia jud\u0117jimo vadovo Franco Osvaldo asmeninis \u017eavesys ir jo skleid\u017eiamos id\u0117jos, o labiausiai suintriguoja pasi\u016blymas nuvykti \u012f R\u016bko sal\u0105, kur \u012fsik\u016brusi pagrindin\u0117 \u201eVia Terra&#8221; b\u016bstin\u0117. Nuostabaus gro\u017eio dvaras salos pakrant\u0117je, i\u0161puosel\u0117ti sodai, ramyb\u0117 ir nepaprastai draugi\u0161ki \u017emon\u0117s \u2013 R\u016bko sala atrodo kaip rojaus kampelis \u017eem\u0117je. Sofijos jausmai Francui darosi vis stipresni ir atrodo abipusiai. Mergina pasilieka saloje. Tikina, kad tik trumpam&#8230; Ta\u010diau, kai vasar\u0105 pakei\u010dia \u017eiema ir tir\u0161tas r\u016bkas apgaubia sal\u0105, ji suvokia, kad Francas valdo \u0161i\u0105 viet\u0105 gele\u017einiu kum\u0161\u010diu. Draud\u017eiami telefonai ir kompiuteriai. Kambariuose \u012frengtos vaizdo steb\u0117jimo kameros. Ne\u012fmanoma susisiekti su \u017eemynine salos dalimi. Teritorij\u0105 supa elektrin\u0117 tvora. Pama\u017eu Sofijos iliuzijos \u017elunga: ji ne tik pasijunta vieni\u0161a, bet ir supranta, kad niekas niekada nepaliko R\u016bko salos gyvas&#8230; Pasiruo\u0161kite meistri\u0161kam baim\u0117s, seksualin\u0117s \u012ftampos ir mirtino susi\u017eav\u0117jimo deriniui.<\/p>\n","protected":false},"featured_media":19908,"comment_status":"open","ping_status":"closed","template":"","meta":{"_acf_changed":false,"site-sidebar-layout":"default","site-content-layout":"","ast-site-content-layout":"default","site-content-style":"default","site-sidebar-style":"default","ast-global-header-display":"","ast-banner-title-visibility":"","ast-main-header-display":"","ast-hfb-above-header-display":"","ast-hfb-below-header-display":"","ast-hfb-mobile-header-display":"","site-post-title":"","ast-breadcrumbs-content":"","ast-featured-img":"","footer-sml-layout":"","ast-disable-related-posts":"","theme-transparent-header-meta":"","adv-header-id-meta":"","stick-header-meta":"","header-above-stick-meta":"","header-main-stick-meta":"","header-below-stick-meta":"","astra-migrate-meta-layouts":"default","ast-page-background-enabled":"default","ast-page-background-meta":{"desktop":{"background-color":"","background-image":"","background-repeat":"repeat","background-position":"center center","background-size":"auto","background-attachment":"scroll","background-type":"","background-media":"","overlay-type":"","overlay-color":"","overlay-opacity":"","overlay-gradient":""},"tablet":{"background-color":"","background-image":"","background-repeat":"repeat","background-position":"center center","background-size":"auto","background-attachment":"scroll","background-type":"","background-media":"","overlay-type":"","overlay-color":"","overlay-opacity":"","overlay-gradient":""},"mobile":{"background-color":"","background-image":"","background-repeat":"repeat","background-position":"center center","background-size":"auto","background-attachment":"scroll","background-type":"","background-media":"","overlay-type":"","overlay-color":"","overlay-opacity":"","overlay-gradient":""}},"ast-content-background-meta":{"desktop":{"background-color":"var(--ast-global-color-4)","background-image":"","background-repeat":"repeat","background-position":"center center","background-size":"auto","background-attachment":"scroll","background-type":"","background-media":"","overlay-type":"","overlay-color":"","overlay-opacity":"","overlay-gradient":""},"tablet":{"background-color":"var(--ast-global-color-4)","background-image":"","background-repeat":"repeat","background-position":"center center","background-size":"auto","background-attachment":"scroll","background-type":"","background-media":"","overlay-type":"","overlay-color":"","overlay-opacity":"","overlay-gradient":""},"mobile":{"background-color":"var(--ast-global-color-4)","background-image":"","background-repeat":"repeat","background-position":"center center","background-size":"auto","background-attachment":"scroll","background-type":"","background-media":"","overlay-type":"","overlay-color":"","overlay-opacity":"","overlay-gradient":""}}},"product_brand":[],"product_cat":[9580],"product_tag":[6953,6955,6956,6954,1587],"class_list":{"0":"post-19898","1":"product","2":"type-product","3":"status-publish","4":"has-post-thumbnail","6":"product_cat-psichologiniai-detektyvai","7":"product_tag-mariette-lindstein","8":"product_tag-ruko-sala","9":"product_tag-sektos","10":"product_tag-skandinavijos","11":"product_tag-trileris","12":"desktop-align-left","13":"tablet-align-left","14":"mobile-align-left","16":"first","17":"instock","18":"shipping-taxable","19":"purchasable","20":"product-type-simple"},"acf":[],"yoast_head":"<!-- This site is optimized with the Yoast SEO plugin v27.0 - https:\/\/yoast.com\/product\/yoast-seo-wordpress\/ -->\n<title>R\u016bko sala<\/title>\n<meta name=\"description\" content=\"Labiausiai \u012ftraukiantis ir pasaul\u012f su\u017eav\u0117j\u0119s Skandinavijos bestseleris pasirodo lietuvi\u0161kai! Sveiki atvyk\u0119 \u012f R\u016aKO SAL\u0104 \u2013 prikaustant\u012f roman\u0105, kur\u012f \u012fkv\u0117p\u0117\" \/>\n<meta name=\"robots\" content=\"index, follow, max-snippet:-1, max-image-preview:large, max-video-preview:-1\" \/>\n<link rel=\"canonical\" href=\"https:\/\/skaitytaknyga.lt\/en\/produktas\/ruko-sala\/\" \/>\n<meta property=\"og:locale\" content=\"en_GB\" \/>\n<meta property=\"og:locale:alternate\" content=\"lt_LT\" \/>\n<meta property=\"og:type\" content=\"article\" \/>\n<meta property=\"og:title\" content=\"R\u016bko sala\" \/>\n<meta property=\"og:description\" content=\"Labiausiai \u012ftraukiantis ir pasaul\u012f su\u017eav\u0117j\u0119s Skandinavijos bestseleris pasirodo lietuvi\u0161kai! Sveiki atvyk\u0119 \u012f R\u016aKO SAL\u0104 \u2013 prikaustant\u012f roman\u0105, kur\u012f \u012fkv\u0117p\u0117\" \/>\n<meta property=\"og:url\" content=\"https:\/\/skaitytaknyga.lt\/en\/produktas\/ruko-sala\/\" \/>\n<meta property=\"og:site_name\" content=\"Skaitytaknyga\" \/>\n<meta property=\"article:publisher\" content=\"https:\/\/www.facebook.com\/skaitytaknyga\/\" \/>\n<meta property=\"article:modified_time\" content=\"2026-03-05T13:58:06+00:00\" \/>\n<meta property=\"og:image\" content=\"https:\/\/skaitytaknyga.lt\/wp-content\/uploads\/2024\/07\/skaitytaknyga.png\" \/>\n\t<meta property=\"og:image:width\" content=\"747\" \/>\n\t<meta property=\"og:image:height\" content=\"496\" \/>\n\t<meta property=\"og:image:type\" content=\"image\/png\" \/>\n<meta name=\"twitter:card\" content=\"summary_large_image\" \/>\n<meta name=\"twitter:label1\" content=\"Estimated reading time\" \/>\n\t<meta name=\"twitter:data1\" content=\"1 minute\" \/>\n<script type=\"application\/ld+json\" class=\"yoast-schema-graph\">{\"@context\":\"https:\/\/schema.org\",\"@graph\":[{\"@type\":\"WebPage\",\"@id\":\"https:\/\/skaitytaknyga.lt\/produktas\/ruko-sala\/\",\"url\":\"https:\/\/skaitytaknyga.lt\/produktas\/ruko-sala\/\",\"name\":\"R\u016bko sala\",\"isPartOf\":{\"@id\":\"https:\/\/skaitytaknyga.lt\/#website\"},\"primaryImageOfPage\":{\"@id\":\"https:\/\/skaitytaknyga.lt\/produktas\/ruko-sala\/#primaryimage\"},\"image\":{\"@id\":\"https:\/\/skaitytaknyga.lt\/produktas\/ruko-sala\/#primaryimage\"},\"thumbnailUrl\":\"\",\"datePublished\":\"2025-07-25T06:31:39+00:00\",\"dateModified\":\"2026-03-05T13:58:06+00:00\",\"description\":\"Labiausiai \u012ftraukiantis ir pasaul\u012f su\u017eav\u0117j\u0119s Skandinavijos bestseleris pasirodo lietuvi\u0161kai! Sveiki atvyk\u0119 \u012f R\u016aKO SAL\u0104 \u2013 prikaustant\u012f roman\u0105, kur\u012f \u012fkv\u0117p\u0117\",\"breadcrumb\":{\"@id\":\"https:\/\/skaitytaknyga.lt\/produktas\/ruko-sala\/#breadcrumb\"},\"inLanguage\":\"en-GB\",\"potentialAction\":[{\"@type\":\"ReadAction\",\"target\":[\"https:\/\/skaitytaknyga.lt\/produktas\/ruko-sala\/\"]}]},{\"@type\":\"ImageObject\",\"inLanguage\":\"en-GB\",\"@id\":\"https:\/\/skaitytaknyga.lt\/produktas\/ruko-sala\/#primaryimage\",\"url\":\"\",\"contentUrl\":\"\"},{\"@type\":\"BreadcrumbList\",\"@id\":\"https:\/\/skaitytaknyga.lt\/produktas\/ruko-sala\/#breadcrumb\",\"itemListElement\":[{\"@type\":\"ListItem\",\"position\":1,\"name\":\"Home\",\"item\":\"https:\/\/skaitytaknyga.lt\/\"},{\"@type\":\"ListItem\",\"position\":2,\"name\":\"Parduotuv\u0117\",\"item\":\"https:\/\/skaitytaknyga.lt\/knygu-parduotuve\/\"},{\"@type\":\"ListItem\",\"position\":3,\"name\":\"R\u016bko sala\"}]},{\"@type\":\"WebSite\",\"@id\":\"https:\/\/skaitytaknyga.lt\/#website\",\"url\":\"https:\/\/skaitytaknyga.lt\/\",\"name\":\"skaitytaknyga.lt\",\"description\":\"Skaitytaknyga.lt \u2013 tai ma\u017eas \u0161eimos verslas, kuris prasid\u0117jo nuo meil\u0117s knygoms ir siekio i\u0161gelb\u0117ti knygas nuo likimo prie konteinerio. Kas vienam nereikalingas daiktas \u2013 kitam lobis, o mes esame tarpininkai, kurie padeda abiems tapti laimingesniems ???? \u017dinome kaip nelengva i\u0161gyventi ma\u017eiems verslams, tad nuo \u0161iol, \u010dia rasite ir kit\u0173, ma\u017e\u0173 \u0161eim\u0173 versl\u0173, rank\u0173 darbo, dovan\u0173 sau ir artimiesiems.\",\"publisher\":{\"@id\":\"https:\/\/skaitytaknyga.lt\/#organization\"},\"potentialAction\":[{\"@type\":\"SearchAction\",\"target\":{\"@type\":\"EntryPoint\",\"urlTemplate\":\"https:\/\/skaitytaknyga.lt\/?s={search_term_string}\"},\"query-input\":{\"@type\":\"PropertyValueSpecification\",\"valueRequired\":true,\"valueName\":\"search_term_string\"}}],\"inLanguage\":\"en-GB\"},{\"@type\":\"Organization\",\"@id\":\"https:\/\/skaitytaknyga.lt\/#organization\",\"name\":\"skaitytaknyga.lt\",\"url\":\"https:\/\/skaitytaknyga.lt\/\",\"logo\":{\"@type\":\"ImageObject\",\"inLanguage\":\"en-GB\",\"@id\":\"https:\/\/skaitytaknyga.lt\/#\/schema\/logo\/image\/\",\"url\":\"https:\/\/skaitytaknyga.lt\/wp-content\/uploads\/2024\/05\/cropped-cropped-cropped-02_00843_jt3bggkj1j3HLc7SyY6rEUpg.jpeg\",\"contentUrl\":\"https:\/\/skaitytaknyga.lt\/wp-content\/uploads\/2024\/05\/cropped-cropped-cropped-02_00843_jt3bggkj1j3HLc7SyY6rEUpg.jpeg\",\"width\":1600,\"height\":1600,\"caption\":\"skaitytaknyga.lt\"},\"image\":{\"@id\":\"https:\/\/skaitytaknyga.lt\/#\/schema\/logo\/image\/\"},\"sameAs\":[\"https:\/\/www.facebook.com\/skaitytaknyga\/\"]}]}<\/script>\n<!-- \/ Yoast SEO plugin. -->","yoast_head_json":{"title":"R\u016bko sala","description":"Labiausiai \u012ftraukiantis ir pasaul\u012f su\u017eav\u0117j\u0119s Skandinavijos bestseleris pasirodo lietuvi\u0161kai! Sveiki atvyk\u0119 \u012f R\u016aKO SAL\u0104 \u2013 prikaustant\u012f roman\u0105, kur\u012f \u012fkv\u0117p\u0117","robots":{"index":"index","follow":"follow","max-snippet":"max-snippet:-1","max-image-preview":"max-image-preview:large","max-video-preview":"max-video-preview:-1"},"canonical":"https:\/\/skaitytaknyga.lt\/en\/produktas\/ruko-sala\/","og_locale":"en_GB","og_type":"article","og_title":"[:lt]R\u016bko sala[:] - Skaitytaknyga","og_description":"Labiausiai \u012ftraukiantis ir pasaul\u012f su\u017eav\u0117j\u0119s Skandinavijos bestseleris pasirodo lietuvi\u0161kai! Sveiki atvyk\u0119 \u012f R\u016aKO SAL\u0104 \u2013 prikaustant\u012f roman\u0105, kur\u012f \u012fkv\u0117p\u0117","og_url":"https:\/\/skaitytaknyga.lt\/en\/produktas\/ruko-sala\/","og_site_name":"Skaitytaknyga","article_publisher":"https:\/\/www.facebook.com\/skaitytaknyga\/","article_modified_time":"2026-03-05T13:58:06+00:00","og_image":[{"width":747,"height":496,"url":"https:\/\/skaitytaknyga.lt\/wp-content\/uploads\/2024\/07\/skaitytaknyga.png","type":"image\/png"}],"twitter_card":"summary_large_image","twitter_misc":{"Estimated reading time":"1 minute"},"schema":{"@context":"https:\/\/schema.org","@graph":[{"@type":"WebPage","@id":"https:\/\/skaitytaknyga.lt\/produktas\/ruko-sala\/","url":"https:\/\/skaitytaknyga.lt\/produktas\/ruko-sala\/","name":"R\u016bko sala","isPartOf":{"@id":"https:\/\/skaitytaknyga.lt\/#website"},"primaryImageOfPage":{"@id":"https:\/\/skaitytaknyga.lt\/produktas\/ruko-sala\/#primaryimage"},"image":{"@id":"https:\/\/skaitytaknyga.lt\/produktas\/ruko-sala\/#primaryimage"},"thumbnailUrl":"","datePublished":"2025-07-25T06:31:39+00:00","dateModified":"2026-03-05T13:58:06+00:00","description":"Labiausiai \u012ftraukiantis ir pasaul\u012f su\u017eav\u0117j\u0119s Skandinavijos bestseleris pasirodo lietuvi\u0161kai! Sveiki atvyk\u0119 \u012f R\u016aKO SAL\u0104 \u2013 prikaustant\u012f roman\u0105, kur\u012f \u012fkv\u0117p\u0117","breadcrumb":{"@id":"https:\/\/skaitytaknyga.lt\/produktas\/ruko-sala\/#breadcrumb"},"inLanguage":"en-GB","potentialAction":[{"@type":"ReadAction","target":["https:\/\/skaitytaknyga.lt\/produktas\/ruko-sala\/"]}]},{"@type":"ImageObject","inLanguage":"en-GB","@id":"https:\/\/skaitytaknyga.lt\/produktas\/ruko-sala\/#primaryimage","url":"","contentUrl":""},{"@type":"BreadcrumbList","@id":"https:\/\/skaitytaknyga.lt\/produktas\/ruko-sala\/#breadcrumb","itemListElement":[{"@type":"ListItem","position":1,"name":"Home","item":"https:\/\/skaitytaknyga.lt\/"},{"@type":"ListItem","position":2,"name":"Parduotuv\u0117","item":"https:\/\/skaitytaknyga.lt\/knygu-parduotuve\/"},{"@type":"ListItem","position":3,"name":"R\u016bko sala"}]},{"@type":"WebSite","@id":"https:\/\/skaitytaknyga.lt\/#website","url":"https:\/\/skaitytaknyga.lt\/","name":"skaitytaknyga.lt","description":"Skaitytaknyga.lt \u2013 tai ma\u017eas \u0161eimos verslas, kuris prasid\u0117jo nuo meil\u0117s knygoms ir siekio i\u0161gelb\u0117ti knygas nuo likimo prie konteinerio. Kas vienam nereikalingas daiktas \u2013 kitam lobis, o mes esame tarpininkai, kurie padeda abiems tapti laimingesniems ???? \u017dinome kaip nelengva i\u0161gyventi ma\u017eiems verslams, tad nuo \u0161iol, \u010dia rasite ir kit\u0173, ma\u017e\u0173 \u0161eim\u0173 versl\u0173, rank\u0173 darbo, dovan\u0173 sau ir artimiesiems.","publisher":{"@id":"https:\/\/skaitytaknyga.lt\/#organization"},"potentialAction":[{"@type":"SearchAction","target":{"@type":"EntryPoint","urlTemplate":"https:\/\/skaitytaknyga.lt\/?s={search_term_string}"},"query-input":{"@type":"PropertyValueSpecification","valueRequired":true,"valueName":"search_term_string"}}],"inLanguage":"en-GB"},{"@type":"Organization","@id":"https:\/\/skaitytaknyga.lt\/#organization","name":"skaitytaknyga.lt","url":"https:\/\/skaitytaknyga.lt\/","logo":{"@type":"ImageObject","inLanguage":"en-GB","@id":"https:\/\/skaitytaknyga.lt\/#\/schema\/logo\/image\/","url":"https:\/\/skaitytaknyga.lt\/wp-content\/uploads\/2024\/05\/cropped-cropped-cropped-02_00843_jt3bggkj1j3HLc7SyY6rEUpg.jpeg","contentUrl":"https:\/\/skaitytaknyga.lt\/wp-content\/uploads\/2024\/05\/cropped-cropped-cropped-02_00843_jt3bggkj1j3HLc7SyY6rEUpg.jpeg","width":1600,"height":1600,"caption":"skaitytaknyga.lt"},"image":{"@id":"https:\/\/skaitytaknyga.lt\/#\/schema\/logo\/image\/"},"sameAs":["https:\/\/www.facebook.com\/skaitytaknyga\/"]}]}},"_links":{"self":[{"href":"https:\/\/skaitytaknyga.lt\/en\/wp-json\/wp\/v2\/product\/19898","targetHints":{"allow":["GET"]}}],"collection":[{"href":"https:\/\/skaitytaknyga.lt\/en\/wp-json\/wp\/v2\/product"}],"about":[{"href":"https:\/\/skaitytaknyga.lt\/en\/wp-json\/wp\/v2\/types\/product"}],"replies":[{"embeddable":true,"href":"https:\/\/skaitytaknyga.lt\/en\/wp-json\/wp\/v2\/comments?post=19898"}],"wp:featuredmedia":[{"embeddable":true,"href":"https:\/\/skaitytaknyga.lt\/en\/wp-json\/"}],"wp:attachment":[{"href":"https:\/\/skaitytaknyga.lt\/en\/wp-json\/wp\/v2\/media?parent=19898"}],"wp:term":[{"taxonomy":"product_brand","embeddable":true,"href":"https:\/\/skaitytaknyga.lt\/en\/wp-json\/wp\/v2\/product_brand?post=19898"},{"taxonomy":"product_cat","embeddable":true,"href":"https:\/\/skaitytaknyga.lt\/en\/wp-json\/wp\/v2\/product_cat?post=19898"},{"taxonomy":"product_tag","embeddable":true,"href":"https:\/\/skaitytaknyga.lt\/en\/wp-json\/wp\/v2\/product_tag?post=19898"}],"curies":[{"name":"wp","href":"https:\/\/api.w.org\/{rel}","templated":true}]}}