{"id":19897,"date":"2025-07-25T09:31:38","date_gmt":"2025-07-25T06:31:38","guid":{"rendered":"https:\/\/skaitytaknyga.lt\/?post_type=product&#038;p=19897"},"modified":"2026-03-05T13:34:46","modified_gmt":"2026-03-05T11:34:46","slug":"vilos-dukterys","status":"publish","type":"product","link":"https:\/\/skaitytaknyga.lt\/en\/produktas\/vilos-dukterys\/","title":{"rendered":"Vilos dukterys"},"content":{"rendered":"<p>Jaudinanti \u0161eimos saga, neabejotinai nud\u017eiuginsianti serialo \u201eDauntono abatija\u201c gerb\u0117jus.<\/p>\n<p>PRABANGI VILA, \u012eTAKINGA \u0160EIMA, PASAULINIS KARAS&#8230;<\/p>\n<p>Augsburgas, 1916 met\u0173 \u017eiema.<\/p>\n<p>Pra\u0117jo treji metai nuo tada, kai Mari pirm\u0105 kart\u0105 pasibeld\u0117 \u012f Melceri\u0173 duris. Tik treji metai, bet&#8230; viskas pasikeit\u0117. Nors moteris dabar yra Pauliaus \u017emona ir nam\u0173 \u0161eiminink\u0117, prabangioje viloje, paverstoje karo ligonine, nebeliko laiko \u0161v\u0119sti.<\/p>\n<p>Vyrai i\u0161vyko \u012f front\u0105, moterys su tarnais dien\u0105 nakt\u012f dirba slaugydami su\u017eeistuosius, o Mari \u0117m\u0117 r\u016bpintis \u0161eimai priklausan\u010diu audini\u0173 fabriku, kuris patiria did\u017eiul\u012f nepritekli\u0173.<\/p>\n<p>Viltis, kad Paulius greitai gr\u012f\u0161 i\u0161 baisaus karo, vis labiau tolsta. Visos \u0161eimos likimas gula ant Mari pe\u010di\u0173, nes svain\u0117ms Kitei ir Elizabetai taip pat reikia jos paramos.<\/p>\n<p>Vien\u0105 dien\u0105 Mari pasiekia baisi \u017einia, kad Paulius pateko \u012f nelaisv\u0119, o eleganti\u0161kasis Ernstas fon Klip\u0161teinas vis da\u017eniau atsiduria netoliese&#8230;<\/p>\n<p>\u201eVilos dukterys\u201c \u2013 nepamir\u0161tama saga, kurioje susipina tiek pasaulin\u0117s, tiek asmeni\u0161kos istorijos.<\/p>\n<p>Tai \u012ftraukianti klasikin\u0117 saga, kurioje apstu romantikos ir istorini\u0173 detali\u0173. Jos pagrindin\u0117 heroj\u0117 Mari \u2013 tarsi lygyb\u0117s siekian\u010dios, su blogiu nesitaikstan\u010dios, stiprios ir talentingos Pelen\u0117s versija, tikrai nustebinsianti skaitytoj\u0105. Dvi pasakojimo linijos \u2013 tarn\u0173 ir pon\u0173 \u2013 i\u0161ties primena gars\u0173j\u012f serial\u0105 \u201eDauntono abatija\u201c. \u012evairiapusi\u0161kas, d\u0117mes\u012f prikaustantis ir kupinas jausm\u0173 romanas.<\/p>\n","protected":false},"excerpt":{"rendered":"<p>Jaudinanti \u0161eimos saga, neabejotinai nud\u017eiuginsianti serialo \u201eDauntono abatija\u201c gerb\u0117jus. PRABANGI VILA, \u012eTAKINGA \u0160EIMA, PASAULINIS KARAS&#8230; Augsburgas, 1916 met\u0173 \u017eiema. Pra\u0117jo treji metai nuo tada, kai Mari pirm\u0105 kart\u0105 pasibeld\u0117 \u012f Melceri\u0173 duris. Tik treji metai, bet&#8230; viskas pasikeit\u0117. Nors moteris dabar yra Pauliaus \u017emona ir nam\u0173 \u0161eiminink\u0117, prabangioje viloje, paverstoje karo ligonine, nebeliko laiko \u0161v\u0119sti. Vyrai i\u0161vyko \u012f front\u0105, moterys su tarnais dien\u0105 nakt\u012f dirba slaugydami su\u017eeistuosius, o Mari \u0117m\u0117 r\u016bpintis \u0161eimai priklausan\u010diu audini\u0173 fabriku, kuris patiria did\u017eiul\u012f nepritekli\u0173. Viltis, kad Paulius greitai gr\u012f\u0161 i\u0161 baisaus karo, vis labiau tolsta. Visos \u0161eimos likimas gula ant Mari pe\u010di\u0173, nes svain\u0117ms Kitei ir Elizabetai taip pat reikia jos paramos. Vien\u0105 dien\u0105 Mari pasiekia baisi \u017einia, kad Paulius pateko \u012f nelaisv\u0119, o eleganti\u0161kasis Ernstas fon Klip\u0161teinas vis da\u017eniau atsiduria netoliese&#8230; \u201eVilos dukterys\u201c \u2013 nepamir\u0161tama saga, kurioje susipina tiek pasaulin\u0117s, tiek asmeni\u0161kos istorijos. Tai \u012ftraukianti klasikin\u0117 saga, kurioje apstu romantikos ir istorini\u0173 detali\u0173. Jos pagrindin\u0117 heroj\u0117 Mari \u2013 tarsi lygyb\u0117s siekian\u010dios, su blogiu nesitaikstan\u010dios, stiprios ir talentingos Pelen\u0117s versija, tikrai nustebinsianti skaitytoj\u0105. Dvi pasakojimo linijos \u2013 tarn\u0173 ir pon\u0173 \u2013 i\u0161ties primena gars\u0173j\u012f serial\u0105 \u201eDauntono abatija\u201c. \u012evairiapusi\u0161kas, d\u0117mes\u012f prikaustantis ir kupinas jausm\u0173 romanas.<\/p>\n","protected":false},"featured_media":19907,"comment_status":"open","ping_status":"closed","template":"","meta":{"_acf_changed":false,"site-sidebar-layout":"default","site-content-layout":"","ast-site-content-layout":"default","site-content-style":"default","site-sidebar-style":"default","ast-global-header-display":"","ast-banner-title-visibility":"","ast-main-header-display":"","ast-hfb-above-header-display":"","ast-hfb-below-header-display":"","ast-hfb-mobile-header-display":"","site-post-title":"","ast-breadcrumbs-content":"","ast-featured-img":"","footer-sml-layout":"","ast-disable-related-posts":"","theme-transparent-header-meta":"","adv-header-id-meta":"","stick-header-meta":"","header-above-stick-meta":"","header-main-stick-meta":"","header-below-stick-meta":"","astra-migrate-meta-layouts":"default","ast-page-background-enabled":"default","ast-page-background-meta":{"desktop":{"background-color":"","background-image":"","background-repeat":"repeat","background-position":"center center","background-size":"auto","background-attachment":"scroll","background-type":"","background-media":"","overlay-type":"","overlay-color":"","overlay-opacity":"","overlay-gradient":""},"tablet":{"background-color":"","background-image":"","background-repeat":"repeat","background-position":"center center","background-size":"auto","background-attachment":"scroll","background-type":"","background-media":"","overlay-type":"","overlay-color":"","overlay-opacity":"","overlay-gradient":""},"mobile":{"background-color":"","background-image":"","background-repeat":"repeat","background-position":"center center","background-size":"auto","background-attachment":"scroll","background-type":"","background-media":"","overlay-type":"","overlay-color":"","overlay-opacity":"","overlay-gradient":""}},"ast-content-background-meta":{"desktop":{"background-color":"var(--ast-global-color-4)","background-image":"","background-repeat":"repeat","background-position":"center center","background-size":"auto","background-attachment":"scroll","background-type":"","background-media":"","overlay-type":"","overlay-color":"","overlay-opacity":"","overlay-gradient":""},"tablet":{"background-color":"var(--ast-global-color-4)","background-image":"","background-repeat":"repeat","background-position":"center center","background-size":"auto","background-attachment":"scroll","background-type":"","background-media":"","overlay-type":"","overlay-color":"","overlay-opacity":"","overlay-gradient":""},"mobile":{"background-color":"var(--ast-global-color-4)","background-image":"","background-repeat":"repeat","background-position":"center center","background-size":"auto","background-attachment":"scroll","background-type":"","background-media":"","overlay-type":"","overlay-color":"","overlay-opacity":"","overlay-gradient":""}}},"product_brand":[],"product_cat":[9618],"product_tag":[6950,3533,6952,2390,6951],"class_list":{"0":"post-19897","1":"product","2":"type-product","3":"status-publish","4":"has-post-thumbnail","6":"product_cat-istoriniai-romanai","7":"product_tag-anne-jacobs","8":"product_tag-istorinis","9":"product_tag-pasaulinis-karas","10":"product_tag-seimos-saga","11":"product_tag-vilos-dukterys","12":"desktop-align-left","13":"tablet-align-left","14":"mobile-align-left","16":"first","17":"instock","18":"shipping-taxable","19":"purchasable","20":"product-type-simple"},"acf":[],"yoast_head":"<!-- This site is optimized with the Yoast SEO plugin v27.0 - https:\/\/yoast.com\/product\/yoast-seo-wordpress\/ -->\n<title>Vilos dukterys<\/title>\n<meta name=\"description\" content=\"Jaudinanti \u0161eimos saga, neabejotinai nud\u017eiuginsianti serialo \u201eDauntono abatija\u201c gerb\u0117jus. PRABANGI VILA, \u012eTAKINGA \u0160EIMA, PASAULINIS KARAS... Augsburgas,\" \/>\n<meta name=\"robots\" content=\"index, follow, max-snippet:-1, max-image-preview:large, max-video-preview:-1\" \/>\n<link rel=\"canonical\" href=\"https:\/\/skaitytaknyga.lt\/en\/produktas\/vilos-dukterys\/\" \/>\n<meta property=\"og:locale\" content=\"en_GB\" \/>\n<meta property=\"og:locale:alternate\" content=\"lt_LT\" \/>\n<meta property=\"og:type\" content=\"article\" \/>\n<meta property=\"og:title\" content=\"Vilos dukterys\" \/>\n<meta property=\"og:description\" content=\"Jaudinanti \u0161eimos saga, neabejotinai nud\u017eiuginsianti serialo \u201eDauntono abatija\u201c gerb\u0117jus. PRABANGI VILA, \u012eTAKINGA \u0160EIMA, PASAULINIS KARAS... Augsburgas,\" \/>\n<meta property=\"og:url\" content=\"https:\/\/skaitytaknyga.lt\/en\/produktas\/vilos-dukterys\/\" \/>\n<meta property=\"og:site_name\" content=\"Skaitytaknyga\" \/>\n<meta property=\"article:publisher\" content=\"https:\/\/www.facebook.com\/skaitytaknyga\/\" \/>\n<meta property=\"article:modified_time\" content=\"2026-03-05T11:34:46+00:00\" \/>\n<meta property=\"og:image\" content=\"https:\/\/skaitytaknyga.lt\/wp-content\/uploads\/2025\/07\/Vilos-dukterys.webp\" \/>\n\t<meta property=\"og:image:width\" content=\"402\" \/>\n\t<meta property=\"og:image:height\" content=\"600\" \/>\n\t<meta property=\"og:image:type\" content=\"image\/webp\" \/>\n<meta name=\"twitter:card\" content=\"summary_large_image\" \/>\n<meta name=\"twitter:label1\" content=\"Estimated reading time\" \/>\n\t<meta name=\"twitter:data1\" content=\"1 minute\" \/>\n<script type=\"application\/ld+json\" class=\"yoast-schema-graph\">{\"@context\":\"https:\/\/schema.org\",\"@graph\":[{\"@type\":\"WebPage\",\"@id\":\"https:\/\/skaitytaknyga.lt\/produktas\/vilos-dukterys\/\",\"url\":\"https:\/\/skaitytaknyga.lt\/produktas\/vilos-dukterys\/\",\"name\":\"Vilos dukterys\",\"isPartOf\":{\"@id\":\"https:\/\/skaitytaknyga.lt\/#website\"},\"primaryImageOfPage\":{\"@id\":\"https:\/\/skaitytaknyga.lt\/produktas\/vilos-dukterys\/#primaryimage\"},\"image\":{\"@id\":\"https:\/\/skaitytaknyga.lt\/produktas\/vilos-dukterys\/#primaryimage\"},\"thumbnailUrl\":\"https:\/\/skaitytaknyga.lt\/wp-content\/uploads\/2025\/07\/Vilos-dukterys.webp\",\"datePublished\":\"2025-07-25T06:31:38+00:00\",\"dateModified\":\"2026-03-05T11:34:46+00:00\",\"description\":\"Jaudinanti \u0161eimos saga, neabejotinai nud\u017eiuginsianti serialo \u201eDauntono abatija\u201c gerb\u0117jus. PRABANGI VILA, \u012eTAKINGA \u0160EIMA, PASAULINIS KARAS... Augsburgas,\",\"breadcrumb\":{\"@id\":\"https:\/\/skaitytaknyga.lt\/produktas\/vilos-dukterys\/#breadcrumb\"},\"inLanguage\":\"en-GB\",\"potentialAction\":[{\"@type\":\"ReadAction\",\"target\":[\"https:\/\/skaitytaknyga.lt\/produktas\/vilos-dukterys\/\"]}]},{\"@type\":\"ImageObject\",\"inLanguage\":\"en-GB\",\"@id\":\"https:\/\/skaitytaknyga.lt\/produktas\/vilos-dukterys\/#primaryimage\",\"url\":\"https:\/\/skaitytaknyga.lt\/wp-content\/uploads\/2025\/07\/Vilos-dukterys.webp\",\"contentUrl\":\"https:\/\/skaitytaknyga.lt\/wp-content\/uploads\/2025\/07\/Vilos-dukterys.webp\",\"width\":402,\"height\":600,\"caption\":\"Vilos dukterys\"},{\"@type\":\"BreadcrumbList\",\"@id\":\"https:\/\/skaitytaknyga.lt\/produktas\/vilos-dukterys\/#breadcrumb\",\"itemListElement\":[{\"@type\":\"ListItem\",\"position\":1,\"name\":\"Home\",\"item\":\"https:\/\/skaitytaknyga.lt\/\"},{\"@type\":\"ListItem\",\"position\":2,\"name\":\"Parduotuv\u0117\",\"item\":\"https:\/\/skaitytaknyga.lt\/knygu-parduotuve\/\"},{\"@type\":\"ListItem\",\"position\":3,\"name\":\"Vilos dukterys\"}]},{\"@type\":\"WebSite\",\"@id\":\"https:\/\/skaitytaknyga.lt\/#website\",\"url\":\"https:\/\/skaitytaknyga.lt\/\",\"name\":\"skaitytaknyga.lt\",\"description\":\"Skaitytaknyga.lt \u2013 tai ma\u017eas \u0161eimos verslas, kuris prasid\u0117jo nuo meil\u0117s knygoms ir siekio i\u0161gelb\u0117ti knygas nuo likimo prie konteinerio. Kas vienam nereikalingas daiktas \u2013 kitam lobis, o mes esame tarpininkai, kurie padeda abiems tapti laimingesniems ???? \u017dinome kaip nelengva i\u0161gyventi ma\u017eiems verslams, tad nuo \u0161iol, \u010dia rasite ir kit\u0173, ma\u017e\u0173 \u0161eim\u0173 versl\u0173, rank\u0173 darbo, dovan\u0173 sau ir artimiesiems.\",\"publisher\":{\"@id\":\"https:\/\/skaitytaknyga.lt\/#organization\"},\"potentialAction\":[{\"@type\":\"SearchAction\",\"target\":{\"@type\":\"EntryPoint\",\"urlTemplate\":\"https:\/\/skaitytaknyga.lt\/?s={search_term_string}\"},\"query-input\":{\"@type\":\"PropertyValueSpecification\",\"valueRequired\":true,\"valueName\":\"search_term_string\"}}],\"inLanguage\":\"en-GB\"},{\"@type\":\"Organization\",\"@id\":\"https:\/\/skaitytaknyga.lt\/#organization\",\"name\":\"skaitytaknyga.lt\",\"url\":\"https:\/\/skaitytaknyga.lt\/\",\"logo\":{\"@type\":\"ImageObject\",\"inLanguage\":\"en-GB\",\"@id\":\"https:\/\/skaitytaknyga.lt\/#\/schema\/logo\/image\/\",\"url\":\"https:\/\/skaitytaknyga.lt\/wp-content\/uploads\/2024\/05\/cropped-cropped-cropped-02_00843_jt3bggkj1j3HLc7SyY6rEUpg.jpeg\",\"contentUrl\":\"https:\/\/skaitytaknyga.lt\/wp-content\/uploads\/2024\/05\/cropped-cropped-cropped-02_00843_jt3bggkj1j3HLc7SyY6rEUpg.jpeg\",\"width\":1600,\"height\":1600,\"caption\":\"skaitytaknyga.lt\"},\"image\":{\"@id\":\"https:\/\/skaitytaknyga.lt\/#\/schema\/logo\/image\/\"},\"sameAs\":[\"https:\/\/www.facebook.com\/skaitytaknyga\/\"]}]}<\/script>\n<!-- \/ Yoast SEO plugin. -->","yoast_head_json":{"title":"Vilos dukterys","description":"Jaudinanti \u0161eimos saga, neabejotinai nud\u017eiuginsianti serialo \u201eDauntono abatija\u201c gerb\u0117jus. PRABANGI VILA, \u012eTAKINGA \u0160EIMA, PASAULINIS KARAS... Augsburgas,","robots":{"index":"index","follow":"follow","max-snippet":"max-snippet:-1","max-image-preview":"max-image-preview:large","max-video-preview":"max-video-preview:-1"},"canonical":"https:\/\/skaitytaknyga.lt\/en\/produktas\/vilos-dukterys\/","og_locale":"en_GB","og_type":"article","og_title":"[:lt]Vilos dukterys[:] - Skaitytaknyga","og_description":"Jaudinanti \u0161eimos saga, neabejotinai nud\u017eiuginsianti serialo \u201eDauntono abatija\u201c gerb\u0117jus. PRABANGI VILA, \u012eTAKINGA \u0160EIMA, PASAULINIS KARAS... Augsburgas,","og_url":"https:\/\/skaitytaknyga.lt\/en\/produktas\/vilos-dukterys\/","og_site_name":"Skaitytaknyga","article_publisher":"https:\/\/www.facebook.com\/skaitytaknyga\/","article_modified_time":"2026-03-05T11:34:46+00:00","og_image":[{"width":402,"height":600,"url":"https:\/\/skaitytaknyga.lt\/wp-content\/uploads\/2025\/07\/Vilos-dukterys.webp","type":"image\/webp"}],"twitter_card":"summary_large_image","twitter_misc":{"Estimated reading time":"1 minute"},"schema":{"@context":"https:\/\/schema.org","@graph":[{"@type":"WebPage","@id":"https:\/\/skaitytaknyga.lt\/produktas\/vilos-dukterys\/","url":"https:\/\/skaitytaknyga.lt\/produktas\/vilos-dukterys\/","name":"Vilos dukterys","isPartOf":{"@id":"https:\/\/skaitytaknyga.lt\/#website"},"primaryImageOfPage":{"@id":"https:\/\/skaitytaknyga.lt\/produktas\/vilos-dukterys\/#primaryimage"},"image":{"@id":"https:\/\/skaitytaknyga.lt\/produktas\/vilos-dukterys\/#primaryimage"},"thumbnailUrl":"https:\/\/skaitytaknyga.lt\/wp-content\/uploads\/2025\/07\/Vilos-dukterys.webp","datePublished":"2025-07-25T06:31:38+00:00","dateModified":"2026-03-05T11:34:46+00:00","description":"Jaudinanti \u0161eimos saga, neabejotinai nud\u017eiuginsianti serialo \u201eDauntono abatija\u201c gerb\u0117jus. PRABANGI VILA, \u012eTAKINGA \u0160EIMA, PASAULINIS KARAS... Augsburgas,","breadcrumb":{"@id":"https:\/\/skaitytaknyga.lt\/produktas\/vilos-dukterys\/#breadcrumb"},"inLanguage":"en-GB","potentialAction":[{"@type":"ReadAction","target":["https:\/\/skaitytaknyga.lt\/produktas\/vilos-dukterys\/"]}]},{"@type":"ImageObject","inLanguage":"en-GB","@id":"https:\/\/skaitytaknyga.lt\/produktas\/vilos-dukterys\/#primaryimage","url":"https:\/\/skaitytaknyga.lt\/wp-content\/uploads\/2025\/07\/Vilos-dukterys.webp","contentUrl":"https:\/\/skaitytaknyga.lt\/wp-content\/uploads\/2025\/07\/Vilos-dukterys.webp","width":402,"height":600,"caption":"Vilos dukterys"},{"@type":"BreadcrumbList","@id":"https:\/\/skaitytaknyga.lt\/produktas\/vilos-dukterys\/#breadcrumb","itemListElement":[{"@type":"ListItem","position":1,"name":"Home","item":"https:\/\/skaitytaknyga.lt\/"},{"@type":"ListItem","position":2,"name":"Parduotuv\u0117","item":"https:\/\/skaitytaknyga.lt\/knygu-parduotuve\/"},{"@type":"ListItem","position":3,"name":"Vilos dukterys"}]},{"@type":"WebSite","@id":"https:\/\/skaitytaknyga.lt\/#website","url":"https:\/\/skaitytaknyga.lt\/","name":"skaitytaknyga.lt","description":"Skaitytaknyga.lt \u2013 tai ma\u017eas \u0161eimos verslas, kuris prasid\u0117jo nuo meil\u0117s knygoms ir siekio i\u0161gelb\u0117ti knygas nuo likimo prie konteinerio. Kas vienam nereikalingas daiktas \u2013 kitam lobis, o mes esame tarpininkai, kurie padeda abiems tapti laimingesniems ???? \u017dinome kaip nelengva i\u0161gyventi ma\u017eiems verslams, tad nuo \u0161iol, \u010dia rasite ir kit\u0173, ma\u017e\u0173 \u0161eim\u0173 versl\u0173, rank\u0173 darbo, dovan\u0173 sau ir artimiesiems.","publisher":{"@id":"https:\/\/skaitytaknyga.lt\/#organization"},"potentialAction":[{"@type":"SearchAction","target":{"@type":"EntryPoint","urlTemplate":"https:\/\/skaitytaknyga.lt\/?s={search_term_string}"},"query-input":{"@type":"PropertyValueSpecification","valueRequired":true,"valueName":"search_term_string"}}],"inLanguage":"en-GB"},{"@type":"Organization","@id":"https:\/\/skaitytaknyga.lt\/#organization","name":"skaitytaknyga.lt","url":"https:\/\/skaitytaknyga.lt\/","logo":{"@type":"ImageObject","inLanguage":"en-GB","@id":"https:\/\/skaitytaknyga.lt\/#\/schema\/logo\/image\/","url":"https:\/\/skaitytaknyga.lt\/wp-content\/uploads\/2024\/05\/cropped-cropped-cropped-02_00843_jt3bggkj1j3HLc7SyY6rEUpg.jpeg","contentUrl":"https:\/\/skaitytaknyga.lt\/wp-content\/uploads\/2024\/05\/cropped-cropped-cropped-02_00843_jt3bggkj1j3HLc7SyY6rEUpg.jpeg","width":1600,"height":1600,"caption":"skaitytaknyga.lt"},"image":{"@id":"https:\/\/skaitytaknyga.lt\/#\/schema\/logo\/image\/"},"sameAs":["https:\/\/www.facebook.com\/skaitytaknyga\/"]}]}},"_links":{"self":[{"href":"https:\/\/skaitytaknyga.lt\/en\/wp-json\/wp\/v2\/product\/19897","targetHints":{"allow":["GET"]}}],"collection":[{"href":"https:\/\/skaitytaknyga.lt\/en\/wp-json\/wp\/v2\/product"}],"about":[{"href":"https:\/\/skaitytaknyga.lt\/en\/wp-json\/wp\/v2\/types\/product"}],"replies":[{"embeddable":true,"href":"https:\/\/skaitytaknyga.lt\/en\/wp-json\/wp\/v2\/comments?post=19897"}],"wp:featuredmedia":[{"embeddable":true,"href":"https:\/\/skaitytaknyga.lt\/en\/wp-json\/wp\/v2\/media\/19907"}],"wp:attachment":[{"href":"https:\/\/skaitytaknyga.lt\/en\/wp-json\/wp\/v2\/media?parent=19897"}],"wp:term":[{"taxonomy":"product_brand","embeddable":true,"href":"https:\/\/skaitytaknyga.lt\/en\/wp-json\/wp\/v2\/product_brand?post=19897"},{"taxonomy":"product_cat","embeddable":true,"href":"https:\/\/skaitytaknyga.lt\/en\/wp-json\/wp\/v2\/product_cat?post=19897"},{"taxonomy":"product_tag","embeddable":true,"href":"https:\/\/skaitytaknyga.lt\/en\/wp-json\/wp\/v2\/product_tag?post=19897"}],"curies":[{"name":"wp","href":"https:\/\/api.w.org\/{rel}","templated":true}]}}