{"id":19896,"date":"2025-07-25T09:31:38","date_gmt":"2025-07-25T06:31:38","guid":{"rendered":"https:\/\/skaitytaknyga.lt\/?post_type=product&#038;p=19896"},"modified":"2026-03-05T13:34:30","modified_gmt":"2026-03-05T11:34:30","slug":"moteris-lange","status":"publish","type":"product","link":"https:\/\/skaitytaknyga.lt\/en\/produktas\/moteris-lange\/","title":{"rendered":"Moteris lange"},"content":{"rendered":"<p>Kur baigiasi realyb\u0117 ir prasideda paranoja?<\/p>\n<p>Ana Foks jau de\u0161imt m\u0117nesi\u0173 nei\u0161eina i\u0161 nam\u0173. Tarsi vaiduoklis kasdien klaid\u017eiodama po kambarius menkaverti\u0161kumo jausm\u0105 skandina vyne, panikos ir agorafobijos priepuolius mal\u0161ina vaistais, vakarais \u017ei\u016bri senus filmus ir pro fotoaparato objektyv\u0105 atid\u017eiai stebi kaimyn\u0173 gyvenimus.<br \/>\nAnapus parko atsikraus\u010diusi Rasel\u0173 \u0161eima i\u0161 karto patraukia Anos d\u0117mes\u012f. Vyras su \u017emona ir paaugliu s\u016bnumi \u2013 lyg skaudus jos pa\u010dios gyvenimo, likusio praeityje, atspindys. Vien\u0105 vakar\u0105 tyl\u0105 perskrod\u017eia stingdantis riksmas. Rasel\u0173 lange Ana pamato \u017eiban\u010dius peilio a\u0161menis kruvinoje kr\u016btin\u0117je.<\/p>\n<p>Kit\u0105 ryt\u0105 Ana atsibunda ligonin\u0117je, visi Rasel\u0173 \u0161eimos nariai sveiki, o policija \u012ftariai \u017ei\u016bri \u012f nestabilios b\u016bkl\u0117s liudinink\u0119, kurios pasakojimas skamba kaip kino filmo scenarijus. Ar jos vartojami vaistai gal\u0117jo sukelti haliucinacijas? O gal Rasel\u0173 \u0161eima su Ana \u017eaid\u017eia velni\u0161kai tams\u0173 \u017eaidim\u0105? Kiekvienas knygos herojus slepia \u0161iurpias paslaptis, o tiesa kur kas ni\u016bresn\u0117, nei buvo galima numanyti&#8230;<\/p>\n","protected":false},"excerpt":{"rendered":"<p>Kur baigiasi realyb\u0117 ir prasideda paranoja? Ana Foks jau de\u0161imt m\u0117nesi\u0173 nei\u0161eina i\u0161 nam\u0173. Tarsi vaiduoklis kasdien klaid\u017eiodama po kambarius menkaverti\u0161kumo jausm\u0105 skandina vyne, panikos ir agorafobijos priepuolius mal\u0161ina vaistais, vakarais \u017ei\u016bri senus filmus ir pro fotoaparato objektyv\u0105 atid\u017eiai stebi kaimyn\u0173 gyvenimus. Anapus parko atsikraus\u010diusi Rasel\u0173 \u0161eima i\u0161 karto patraukia Anos d\u0117mes\u012f. Vyras su \u017emona ir paaugliu s\u016bnumi \u2013 lyg skaudus jos pa\u010dios gyvenimo, likusio praeityje, atspindys. Vien\u0105 vakar\u0105 tyl\u0105 perskrod\u017eia stingdantis riksmas. Rasel\u0173 lange Ana pamato \u017eiban\u010dius peilio a\u0161menis kruvinoje kr\u016btin\u0117je. Kit\u0105 ryt\u0105 Ana atsibunda ligonin\u0117je, visi Rasel\u0173 \u0161eimos nariai sveiki, o policija \u012ftariai \u017ei\u016bri \u012f nestabilios b\u016bkl\u0117s liudinink\u0119, kurios pasakojimas skamba kaip kino filmo scenarijus. Ar jos vartojami vaistai gal\u0117jo sukelti haliucinacijas? O gal Rasel\u0173 \u0161eima su Ana \u017eaid\u017eia velni\u0161kai tams\u0173 \u017eaidim\u0105? Kiekvienas knygos herojus slepia \u0161iurpias paslaptis, o tiesa kur kas ni\u016bresn\u0117, nei buvo galima numanyti&#8230;<\/p>\n","protected":false},"featured_media":19906,"comment_status":"open","ping_status":"closed","template":"","meta":{"_acf_changed":false,"site-sidebar-layout":"default","site-content-layout":"","ast-site-content-layout":"default","site-content-style":"default","site-sidebar-style":"default","ast-global-header-display":"","ast-banner-title-visibility":"","ast-main-header-display":"","ast-hfb-above-header-display":"","ast-hfb-below-header-display":"","ast-hfb-mobile-header-display":"","site-post-title":"","ast-breadcrumbs-content":"","ast-featured-img":"","footer-sml-layout":"","ast-disable-related-posts":"","theme-transparent-header-meta":"","adv-header-id-meta":"","stick-header-meta":"","header-above-stick-meta":"","header-main-stick-meta":"","header-below-stick-meta":"","astra-migrate-meta-layouts":"default","ast-page-background-enabled":"default","ast-page-background-meta":{"desktop":{"background-color":"","background-image":"","background-repeat":"repeat","background-position":"center center","background-size":"auto","background-attachment":"scroll","background-type":"","background-media":"","overlay-type":"","overlay-color":"","overlay-opacity":"","overlay-gradient":""},"tablet":{"background-color":"","background-image":"","background-repeat":"repeat","background-position":"center center","background-size":"auto","background-attachment":"scroll","background-type":"","background-media":"","overlay-type":"","overlay-color":"","overlay-opacity":"","overlay-gradient":""},"mobile":{"background-color":"","background-image":"","background-repeat":"repeat","background-position":"center center","background-size":"auto","background-attachment":"scroll","background-type":"","background-media":"","overlay-type":"","overlay-color":"","overlay-opacity":"","overlay-gradient":""}},"ast-content-background-meta":{"desktop":{"background-color":"var(--ast-global-color-4)","background-image":"","background-repeat":"repeat","background-position":"center center","background-size":"auto","background-attachment":"scroll","background-type":"","background-media":"","overlay-type":"","overlay-color":"","overlay-opacity":"","overlay-gradient":""},"tablet":{"background-color":"var(--ast-global-color-4)","background-image":"","background-repeat":"repeat","background-position":"center center","background-size":"auto","background-attachment":"scroll","background-type":"","background-media":"","overlay-type":"","overlay-color":"","overlay-opacity":"","overlay-gradient":""},"mobile":{"background-color":"var(--ast-global-color-4)","background-image":"","background-repeat":"repeat","background-position":"center center","background-size":"auto","background-attachment":"scroll","background-type":"","background-media":"","overlay-type":"","overlay-color":"","overlay-opacity":"","overlay-gradient":""}}},"product_brand":[],"product_cat":[9580],"product_tag":[6947,6948,6949,2155],"class_list":{"0":"post-19896","1":"product","2":"type-product","3":"status-publish","4":"has-post-thumbnail","6":"product_cat-psichologiniai-detektyvai","7":"product_tag-a-j-finn","8":"product_tag-agorafobija","9":"product_tag-moteris-lange","10":"product_tag-psichologinis-trileris","11":"desktop-align-left","12":"tablet-align-left","13":"mobile-align-left","15":"first","16":"instock","17":"shipping-taxable","18":"purchasable","19":"product-type-simple"},"acf":[],"yoast_head":"<!-- This site is optimized with the Yoast SEO plugin v27.0 - https:\/\/yoast.com\/product\/yoast-seo-wordpress\/ -->\n<title>Moteris lange<\/title>\n<meta name=\"description\" content=\"Kur baigiasi realyb\u0117 ir prasideda paranoja? Ana Foks jau de\u0161imt m\u0117nesi\u0173 nei\u0161eina i\u0161 nam\u0173. Tarsi vaiduoklis kasdien klaid\u017eiodama po kambarius\" \/>\n<meta name=\"robots\" content=\"index, follow, max-snippet:-1, max-image-preview:large, max-video-preview:-1\" \/>\n<link rel=\"canonical\" href=\"https:\/\/skaitytaknyga.lt\/en\/produktas\/moteris-lange\/\" \/>\n<meta property=\"og:locale\" content=\"en_GB\" \/>\n<meta property=\"og:locale:alternate\" content=\"lt_LT\" \/>\n<meta property=\"og:type\" content=\"article\" \/>\n<meta property=\"og:title\" content=\"Moteris lange\" \/>\n<meta property=\"og:description\" content=\"Kur baigiasi realyb\u0117 ir prasideda paranoja? Ana Foks jau de\u0161imt m\u0117nesi\u0173 nei\u0161eina i\u0161 nam\u0173. Tarsi vaiduoklis kasdien klaid\u017eiodama po kambarius\" \/>\n<meta property=\"og:url\" content=\"https:\/\/skaitytaknyga.lt\/en\/produktas\/moteris-lange\/\" \/>\n<meta property=\"og:site_name\" content=\"Skaitytaknyga\" \/>\n<meta property=\"article:publisher\" content=\"https:\/\/www.facebook.com\/skaitytaknyga\/\" \/>\n<meta property=\"article:modified_time\" content=\"2026-03-05T11:34:30+00:00\" \/>\n<meta property=\"og:image\" content=\"https:\/\/skaitytaknyga.lt\/wp-content\/uploads\/2025\/07\/MOTERIS-LANGE.webp\" \/>\n\t<meta property=\"og:image:width\" content=\"450\" \/>\n\t<meta property=\"og:image:height\" content=\"652\" \/>\n\t<meta property=\"og:image:type\" content=\"image\/webp\" \/>\n<meta name=\"twitter:card\" content=\"summary_large_image\" \/>\n<meta name=\"twitter:label1\" content=\"Estimated reading time\" \/>\n\t<meta name=\"twitter:data1\" content=\"1 minute\" \/>\n<script type=\"application\/ld+json\" class=\"yoast-schema-graph\">{\"@context\":\"https:\/\/schema.org\",\"@graph\":[{\"@type\":\"WebPage\",\"@id\":\"https:\/\/skaitytaknyga.lt\/produktas\/moteris-lange\/\",\"url\":\"https:\/\/skaitytaknyga.lt\/produktas\/moteris-lange\/\",\"name\":\"Moteris lange\",\"isPartOf\":{\"@id\":\"https:\/\/skaitytaknyga.lt\/#website\"},\"primaryImageOfPage\":{\"@id\":\"https:\/\/skaitytaknyga.lt\/produktas\/moteris-lange\/#primaryimage\"},\"image\":{\"@id\":\"https:\/\/skaitytaknyga.lt\/produktas\/moteris-lange\/#primaryimage\"},\"thumbnailUrl\":\"https:\/\/skaitytaknyga.lt\/wp-content\/uploads\/2025\/07\/MOTERIS-LANGE.webp\",\"datePublished\":\"2025-07-25T06:31:38+00:00\",\"dateModified\":\"2026-03-05T11:34:30+00:00\",\"description\":\"Kur baigiasi realyb\u0117 ir prasideda paranoja? Ana Foks jau de\u0161imt m\u0117nesi\u0173 nei\u0161eina i\u0161 nam\u0173. Tarsi vaiduoklis kasdien klaid\u017eiodama po kambarius\",\"breadcrumb\":{\"@id\":\"https:\/\/skaitytaknyga.lt\/produktas\/moteris-lange\/#breadcrumb\"},\"inLanguage\":\"en-GB\",\"potentialAction\":[{\"@type\":\"ReadAction\",\"target\":[\"https:\/\/skaitytaknyga.lt\/produktas\/moteris-lange\/\"]}]},{\"@type\":\"ImageObject\",\"inLanguage\":\"en-GB\",\"@id\":\"https:\/\/skaitytaknyga.lt\/produktas\/moteris-lange\/#primaryimage\",\"url\":\"https:\/\/skaitytaknyga.lt\/wp-content\/uploads\/2025\/07\/MOTERIS-LANGE.webp\",\"contentUrl\":\"https:\/\/skaitytaknyga.lt\/wp-content\/uploads\/2025\/07\/MOTERIS-LANGE.webp\",\"width\":450,\"height\":652,\"caption\":\"MOTERIS LANGE\"},{\"@type\":\"BreadcrumbList\",\"@id\":\"https:\/\/skaitytaknyga.lt\/produktas\/moteris-lange\/#breadcrumb\",\"itemListElement\":[{\"@type\":\"ListItem\",\"position\":1,\"name\":\"Home\",\"item\":\"https:\/\/skaitytaknyga.lt\/\"},{\"@type\":\"ListItem\",\"position\":2,\"name\":\"Parduotuv\u0117\",\"item\":\"https:\/\/skaitytaknyga.lt\/knygu-parduotuve\/\"},{\"@type\":\"ListItem\",\"position\":3,\"name\":\"Moteris lange\"}]},{\"@type\":\"WebSite\",\"@id\":\"https:\/\/skaitytaknyga.lt\/#website\",\"url\":\"https:\/\/skaitytaknyga.lt\/\",\"name\":\"skaitytaknyga.lt\",\"description\":\"Skaitytaknyga.lt \u2013 tai ma\u017eas \u0161eimos verslas, kuris prasid\u0117jo nuo meil\u0117s knygoms ir siekio i\u0161gelb\u0117ti knygas nuo likimo prie konteinerio. Kas vienam nereikalingas daiktas \u2013 kitam lobis, o mes esame tarpininkai, kurie padeda abiems tapti laimingesniems ???? \u017dinome kaip nelengva i\u0161gyventi ma\u017eiems verslams, tad nuo \u0161iol, \u010dia rasite ir kit\u0173, ma\u017e\u0173 \u0161eim\u0173 versl\u0173, rank\u0173 darbo, dovan\u0173 sau ir artimiesiems.\",\"publisher\":{\"@id\":\"https:\/\/skaitytaknyga.lt\/#organization\"},\"potentialAction\":[{\"@type\":\"SearchAction\",\"target\":{\"@type\":\"EntryPoint\",\"urlTemplate\":\"https:\/\/skaitytaknyga.lt\/?s={search_term_string}\"},\"query-input\":{\"@type\":\"PropertyValueSpecification\",\"valueRequired\":true,\"valueName\":\"search_term_string\"}}],\"inLanguage\":\"en-GB\"},{\"@type\":\"Organization\",\"@id\":\"https:\/\/skaitytaknyga.lt\/#organization\",\"name\":\"skaitytaknyga.lt\",\"url\":\"https:\/\/skaitytaknyga.lt\/\",\"logo\":{\"@type\":\"ImageObject\",\"inLanguage\":\"en-GB\",\"@id\":\"https:\/\/skaitytaknyga.lt\/#\/schema\/logo\/image\/\",\"url\":\"https:\/\/skaitytaknyga.lt\/wp-content\/uploads\/2024\/05\/cropped-cropped-cropped-02_00843_jt3bggkj1j3HLc7SyY6rEUpg.jpeg\",\"contentUrl\":\"https:\/\/skaitytaknyga.lt\/wp-content\/uploads\/2024\/05\/cropped-cropped-cropped-02_00843_jt3bggkj1j3HLc7SyY6rEUpg.jpeg\",\"width\":1600,\"height\":1600,\"caption\":\"skaitytaknyga.lt\"},\"image\":{\"@id\":\"https:\/\/skaitytaknyga.lt\/#\/schema\/logo\/image\/\"},\"sameAs\":[\"https:\/\/www.facebook.com\/skaitytaknyga\/\"]}]}<\/script>\n<!-- \/ Yoast SEO plugin. -->","yoast_head_json":{"title":"Moteris lange","description":"Kur baigiasi realyb\u0117 ir prasideda paranoja? Ana Foks jau de\u0161imt m\u0117nesi\u0173 nei\u0161eina i\u0161 nam\u0173. Tarsi vaiduoklis kasdien klaid\u017eiodama po kambarius","robots":{"index":"index","follow":"follow","max-snippet":"max-snippet:-1","max-image-preview":"max-image-preview:large","max-video-preview":"max-video-preview:-1"},"canonical":"https:\/\/skaitytaknyga.lt\/en\/produktas\/moteris-lange\/","og_locale":"en_GB","og_type":"article","og_title":"[:lt]Moteris lange[:] - Skaitytaknyga","og_description":"Kur baigiasi realyb\u0117 ir prasideda paranoja? Ana Foks jau de\u0161imt m\u0117nesi\u0173 nei\u0161eina i\u0161 nam\u0173. Tarsi vaiduoklis kasdien klaid\u017eiodama po kambarius","og_url":"https:\/\/skaitytaknyga.lt\/en\/produktas\/moteris-lange\/","og_site_name":"Skaitytaknyga","article_publisher":"https:\/\/www.facebook.com\/skaitytaknyga\/","article_modified_time":"2026-03-05T11:34:30+00:00","og_image":[{"width":450,"height":652,"url":"https:\/\/skaitytaknyga.lt\/wp-content\/uploads\/2025\/07\/MOTERIS-LANGE.webp","type":"image\/webp"}],"twitter_card":"summary_large_image","twitter_misc":{"Estimated reading time":"1 minute"},"schema":{"@context":"https:\/\/schema.org","@graph":[{"@type":"WebPage","@id":"https:\/\/skaitytaknyga.lt\/produktas\/moteris-lange\/","url":"https:\/\/skaitytaknyga.lt\/produktas\/moteris-lange\/","name":"Moteris lange","isPartOf":{"@id":"https:\/\/skaitytaknyga.lt\/#website"},"primaryImageOfPage":{"@id":"https:\/\/skaitytaknyga.lt\/produktas\/moteris-lange\/#primaryimage"},"image":{"@id":"https:\/\/skaitytaknyga.lt\/produktas\/moteris-lange\/#primaryimage"},"thumbnailUrl":"https:\/\/skaitytaknyga.lt\/wp-content\/uploads\/2025\/07\/MOTERIS-LANGE.webp","datePublished":"2025-07-25T06:31:38+00:00","dateModified":"2026-03-05T11:34:30+00:00","description":"Kur baigiasi realyb\u0117 ir prasideda paranoja? Ana Foks jau de\u0161imt m\u0117nesi\u0173 nei\u0161eina i\u0161 nam\u0173. Tarsi vaiduoklis kasdien klaid\u017eiodama po kambarius","breadcrumb":{"@id":"https:\/\/skaitytaknyga.lt\/produktas\/moteris-lange\/#breadcrumb"},"inLanguage":"en-GB","potentialAction":[{"@type":"ReadAction","target":["https:\/\/skaitytaknyga.lt\/produktas\/moteris-lange\/"]}]},{"@type":"ImageObject","inLanguage":"en-GB","@id":"https:\/\/skaitytaknyga.lt\/produktas\/moteris-lange\/#primaryimage","url":"https:\/\/skaitytaknyga.lt\/wp-content\/uploads\/2025\/07\/MOTERIS-LANGE.webp","contentUrl":"https:\/\/skaitytaknyga.lt\/wp-content\/uploads\/2025\/07\/MOTERIS-LANGE.webp","width":450,"height":652,"caption":"MOTERIS LANGE"},{"@type":"BreadcrumbList","@id":"https:\/\/skaitytaknyga.lt\/produktas\/moteris-lange\/#breadcrumb","itemListElement":[{"@type":"ListItem","position":1,"name":"Home","item":"https:\/\/skaitytaknyga.lt\/"},{"@type":"ListItem","position":2,"name":"Parduotuv\u0117","item":"https:\/\/skaitytaknyga.lt\/knygu-parduotuve\/"},{"@type":"ListItem","position":3,"name":"Moteris lange"}]},{"@type":"WebSite","@id":"https:\/\/skaitytaknyga.lt\/#website","url":"https:\/\/skaitytaknyga.lt\/","name":"skaitytaknyga.lt","description":"Skaitytaknyga.lt \u2013 tai ma\u017eas \u0161eimos verslas, kuris prasid\u0117jo nuo meil\u0117s knygoms ir siekio i\u0161gelb\u0117ti knygas nuo likimo prie konteinerio. Kas vienam nereikalingas daiktas \u2013 kitam lobis, o mes esame tarpininkai, kurie padeda abiems tapti laimingesniems ???? \u017dinome kaip nelengva i\u0161gyventi ma\u017eiems verslams, tad nuo \u0161iol, \u010dia rasite ir kit\u0173, ma\u017e\u0173 \u0161eim\u0173 versl\u0173, rank\u0173 darbo, dovan\u0173 sau ir artimiesiems.","publisher":{"@id":"https:\/\/skaitytaknyga.lt\/#organization"},"potentialAction":[{"@type":"SearchAction","target":{"@type":"EntryPoint","urlTemplate":"https:\/\/skaitytaknyga.lt\/?s={search_term_string}"},"query-input":{"@type":"PropertyValueSpecification","valueRequired":true,"valueName":"search_term_string"}}],"inLanguage":"en-GB"},{"@type":"Organization","@id":"https:\/\/skaitytaknyga.lt\/#organization","name":"skaitytaknyga.lt","url":"https:\/\/skaitytaknyga.lt\/","logo":{"@type":"ImageObject","inLanguage":"en-GB","@id":"https:\/\/skaitytaknyga.lt\/#\/schema\/logo\/image\/","url":"https:\/\/skaitytaknyga.lt\/wp-content\/uploads\/2024\/05\/cropped-cropped-cropped-02_00843_jt3bggkj1j3HLc7SyY6rEUpg.jpeg","contentUrl":"https:\/\/skaitytaknyga.lt\/wp-content\/uploads\/2024\/05\/cropped-cropped-cropped-02_00843_jt3bggkj1j3HLc7SyY6rEUpg.jpeg","width":1600,"height":1600,"caption":"skaitytaknyga.lt"},"image":{"@id":"https:\/\/skaitytaknyga.lt\/#\/schema\/logo\/image\/"},"sameAs":["https:\/\/www.facebook.com\/skaitytaknyga\/"]}]}},"_links":{"self":[{"href":"https:\/\/skaitytaknyga.lt\/en\/wp-json\/wp\/v2\/product\/19896","targetHints":{"allow":["GET"]}}],"collection":[{"href":"https:\/\/skaitytaknyga.lt\/en\/wp-json\/wp\/v2\/product"}],"about":[{"href":"https:\/\/skaitytaknyga.lt\/en\/wp-json\/wp\/v2\/types\/product"}],"replies":[{"embeddable":true,"href":"https:\/\/skaitytaknyga.lt\/en\/wp-json\/wp\/v2\/comments?post=19896"}],"wp:featuredmedia":[{"embeddable":true,"href":"https:\/\/skaitytaknyga.lt\/en\/wp-json\/wp\/v2\/media\/19906"}],"wp:attachment":[{"href":"https:\/\/skaitytaknyga.lt\/en\/wp-json\/wp\/v2\/media?parent=19896"}],"wp:term":[{"taxonomy":"product_brand","embeddable":true,"href":"https:\/\/skaitytaknyga.lt\/en\/wp-json\/wp\/v2\/product_brand?post=19896"},{"taxonomy":"product_cat","embeddable":true,"href":"https:\/\/skaitytaknyga.lt\/en\/wp-json\/wp\/v2\/product_cat?post=19896"},{"taxonomy":"product_tag","embeddable":true,"href":"https:\/\/skaitytaknyga.lt\/en\/wp-json\/wp\/v2\/product_tag?post=19896"}],"curies":[{"name":"wp","href":"https:\/\/api.w.org\/{rel}","templated":true}]}}