{"id":19895,"date":"2025-07-25T09:31:38","date_gmt":"2025-07-25T06:31:38","guid":{"rendered":"https:\/\/skaitytaknyga.lt\/?post_type=product&#038;p=19895"},"modified":"2026-03-05T11:59:16","modified_gmt":"2026-03-05T09:59:16","slug":"katarinos-kodas","status":"publish","type":"product","link":"https:\/\/skaitytaknyga.lt\/en\/produktas\/katarinos-kodas\/","title":{"rendered":"Katarinos kodas"},"content":{"rendered":"<p>Viljamas Vistingas jau 24 metus i\u0161 eil\u0117s spalio 10 dien\u0105 i\u0161 spintos i\u0161traukia ramyb\u0117s neduodan\u010dios bylos dokumentus. Katarina Haugen dingo be \u017einios, palikusi sukraut\u0105 lagamin\u0105, neprad\u0117tus valgyti pusry\u010dius ir u\u017ekoduot\u0105 \u017einut\u0119, kurios niekam nepavyko i\u0161\u0161ifruoti. T\u0105 dien\u0105 Vistingas kasmet aplanko Katarinos vyr\u0105 Martin\u0105 jausdamas kalt\u0119 d\u0117l taip ir nei\u0161ai\u0161kintos bylos.<\/p>\n<p>Tuo tarpu Nacionalinio kriminalin\u0117s policijos biuro tyr\u0117jas Adrianas Stileris gr\u012f\u017eta prie kitos 9-ajame de\u0161imtmetyje dingusios merginos bylos. Pasitelk\u0119s naujausius DNR tyrimo metodus, jis \u017eino gal\u012fs \u012frodyti, kad prie nusikaltimo prisid\u0117jo Martinas Haugenas. Tik jam vis dar tr\u016bksta keli\u0173 detali\u0173, ir joms i\u0161gauti Stileris nusprend\u017eia pasinaudoti Vistingo ir Haugeno draugyste. Prasideda klastingas kat\u0117s ir pel\u0117s \u017eaidimas, kurio baigties niekas negal\u0117t\u0173 nusp\u0117ti.<\/p>\n<p>\u201eHorstas turi ypating\u0105 talent\u0105 i\u0161radingai ir netik\u0117tai pa\u017evelgti \u012f tradicin\u012f knygos siu\u017eet\u0105.&#8221;<br \/>\n2019 m. \u201ePetrona&#8221; apdovanojimo komisija<\/p>\n<p>Patyr\u0119s detektyvas Viljamas Vistingas skaitytojams jau pa\u017e\u012fstamas i\u0161 \u0161i\u0173 leidyklos \u201eBaltos lankos&#8221; i\u0161leist\u0173 kriminalini\u0173 roman\u0173: \u201eMed\u017eiokliniai \u0161unys&#8221;, \u201eU\u017edaryta \u017eiemai&#8221;, \u201eUrvinis \u017emogus&#8221; ir \u201eAklas sp\u0117jimas&#8221;.<\/p>\n<p>J\u00f8rn Lier Horst (Jornas Lieras Ho\u0161tas, g. 1970) \u2013 vienas svarbiausi\u0173 ir populiariausi\u0173 \u0161iuolaikini\u0173 Norvegijos kriminalini\u0173 roman\u0173 autori\u0173. Daugyb\u0119 met\u0173 dirbo vyriausiuoju inspektoriumi, savo unikali\u0105 patirt\u012f pasitelkia romanuose. Ra\u0161ytojas yra gav\u0119s gausyb\u0119 literat\u016brini\u0173 apdovanojim\u0173: \u201eRiverton&#8221;, \u201eStiklinio rakto&#8221;, taip pat presti\u017ein\u0119 premij\u0105 \u201eThe Martin Beck&#8221;, kuri\u0105 skiria \u0160vedijos detektyv\u0173 ra\u0161ytoj\u0173 akademija.<\/p>\n","protected":false},"excerpt":{"rendered":"<p>Viljamas Vistingas jau 24 metus i\u0161 eil\u0117s spalio 10 dien\u0105 i\u0161 spintos i\u0161traukia ramyb\u0117s neduodan\u010dios bylos dokumentus. Katarina Haugen dingo be \u017einios, palikusi sukraut\u0105 lagamin\u0105, neprad\u0117tus valgyti pusry\u010dius ir u\u017ekoduot\u0105 \u017einut\u0119, kurios niekam nepavyko i\u0161\u0161ifruoti. T\u0105 dien\u0105 Vistingas kasmet aplanko Katarinos vyr\u0105 Martin\u0105 jausdamas kalt\u0119 d\u0117l taip ir nei\u0161ai\u0161kintos bylos. Tuo tarpu Nacionalinio kriminalin\u0117s policijos biuro tyr\u0117jas Adrianas Stileris gr\u012f\u017eta prie kitos 9-ajame de\u0161imtmetyje dingusios merginos bylos. Pasitelk\u0119s naujausius DNR tyrimo metodus, jis \u017eino gal\u012fs \u012frodyti, kad prie nusikaltimo prisid\u0117jo Martinas Haugenas. Tik jam vis dar tr\u016bksta keli\u0173 detali\u0173, ir joms i\u0161gauti Stileris nusprend\u017eia pasinaudoti Vistingo ir Haugeno draugyste. Prasideda klastingas kat\u0117s ir pel\u0117s \u017eaidimas, kurio baigties niekas negal\u0117t\u0173 nusp\u0117ti. \u201eHorstas turi ypating\u0105 talent\u0105 i\u0161radingai ir netik\u0117tai pa\u017evelgti \u012f tradicin\u012f knygos siu\u017eet\u0105.&#8221; 2019 m. \u201ePetrona&#8221; apdovanojimo komisija Patyr\u0119s detektyvas Viljamas Vistingas skaitytojams jau pa\u017e\u012fstamas i\u0161 \u0161i\u0173 leidyklos \u201eBaltos lankos&#8221; i\u0161leist\u0173 kriminalini\u0173 roman\u0173: \u201eMed\u017eiokliniai \u0161unys&#8221;, \u201eU\u017edaryta \u017eiemai&#8221;, \u201eUrvinis \u017emogus&#8221; ir \u201eAklas sp\u0117jimas&#8221;. J\u00f8rn Lier Horst (Jornas Lieras Ho\u0161tas, g. 1970) \u2013 vienas svarbiausi\u0173 ir populiariausi\u0173 \u0161iuolaikini\u0173 Norvegijos kriminalini\u0173 roman\u0173 autori\u0173. Daugyb\u0119 met\u0173 dirbo vyriausiuoju inspektoriumi, savo unikali\u0105 patirt\u012f pasitelkia romanuose. Ra\u0161ytojas yra gav\u0119s gausyb\u0119 literat\u016brini\u0173 apdovanojim\u0173: \u201eRiverton&#8221;, \u201eStiklinio rakto&#8221;, taip pat presti\u017ein\u0119 premij\u0105 \u201eThe Martin Beck&#8221;, kuri\u0105 skiria \u0160vedijos detektyv\u0173 ra\u0161ytoj\u0173 akademija.<\/p>\n","protected":false},"featured_media":19905,"comment_status":"open","ping_status":"closed","template":"","meta":{"_acf_changed":false,"site-sidebar-layout":"default","site-content-layout":"","ast-site-content-layout":"default","site-content-style":"default","site-sidebar-style":"default","ast-global-header-display":"","ast-banner-title-visibility":"","ast-main-header-display":"","ast-hfb-above-header-display":"","ast-hfb-below-header-display":"","ast-hfb-mobile-header-display":"","site-post-title":"","ast-breadcrumbs-content":"","ast-featured-img":"","footer-sml-layout":"","ast-disable-related-posts":"","theme-transparent-header-meta":"","adv-header-id-meta":"","stick-header-meta":"","header-above-stick-meta":"","header-main-stick-meta":"","header-below-stick-meta":"","astra-migrate-meta-layouts":"default","ast-page-background-enabled":"default","ast-page-background-meta":{"desktop":{"background-color":"","background-image":"","background-repeat":"repeat","background-position":"center center","background-size":"auto","background-attachment":"scroll","background-type":"","background-media":"","overlay-type":"","overlay-color":"","overlay-opacity":"","overlay-gradient":""},"tablet":{"background-color":"","background-image":"","background-repeat":"repeat","background-position":"center center","background-size":"auto","background-attachment":"scroll","background-type":"","background-media":"","overlay-type":"","overlay-color":"","overlay-opacity":"","overlay-gradient":""},"mobile":{"background-color":"","background-image":"","background-repeat":"repeat","background-position":"center center","background-size":"auto","background-attachment":"scroll","background-type":"","background-media":"","overlay-type":"","overlay-color":"","overlay-opacity":"","overlay-gradient":""}},"ast-content-background-meta":{"desktop":{"background-color":"var(--ast-global-color-4)","background-image":"","background-repeat":"repeat","background-position":"center center","background-size":"auto","background-attachment":"scroll","background-type":"","background-media":"","overlay-type":"","overlay-color":"","overlay-opacity":"","overlay-gradient":""},"tablet":{"background-color":"var(--ast-global-color-4)","background-image":"","background-repeat":"repeat","background-position":"center center","background-size":"auto","background-attachment":"scroll","background-type":"","background-media":"","overlay-type":"","overlay-color":"","overlay-opacity":"","overlay-gradient":""},"mobile":{"background-color":"var(--ast-global-color-4)","background-image":"","background-repeat":"repeat","background-position":"center center","background-size":"auto","background-attachment":"scroll","background-type":"","background-media":"","overlay-type":"","overlay-color":"","overlay-opacity":"","overlay-gradient":""}}},"product_brand":[],"product_cat":[9581],"product_tag":[1476,6396,6946,4346],"class_list":{"0":"post-19895","1":"product","2":"type-product","3":"status-publish","4":"has-post-thumbnail","6":"product_cat-kriminaliniai-romanai","7":"product_tag-detektyvas","8":"product_tag-jorn-lier-horst","9":"product_tag-katarinos-kodas","10":"product_tag-kriminalinis","11":"desktop-align-left","12":"tablet-align-left","13":"mobile-align-left","15":"first","16":"instock","17":"shipping-taxable","18":"purchasable","19":"product-type-simple"},"acf":[],"yoast_head":"<!-- This site is optimized with the Yoast SEO plugin v27.0 - https:\/\/yoast.com\/product\/yoast-seo-wordpress\/ -->\n<title>Katarinos kodas<\/title>\n<meta name=\"description\" content=\"Viljamas Vistingas jau 24 metus i\u0161 eil\u0117s spalio 10 dien\u0105 i\u0161 spintos i\u0161traukia ramyb\u0117s neduodan\u010dios bylos dokumentus. Katarina Haugen dingo be \u017einios,\" \/>\n<meta name=\"robots\" content=\"index, follow, max-snippet:-1, max-image-preview:large, max-video-preview:-1\" \/>\n<link rel=\"canonical\" href=\"https:\/\/skaitytaknyga.lt\/en\/produktas\/katarinos-kodas\/\" \/>\n<meta property=\"og:locale\" content=\"en_GB\" \/>\n<meta property=\"og:locale:alternate\" content=\"lt_LT\" \/>\n<meta property=\"og:type\" content=\"article\" \/>\n<meta property=\"og:title\" content=\"Katarinos kodas\" \/>\n<meta property=\"og:description\" content=\"Viljamas Vistingas jau 24 metus i\u0161 eil\u0117s spalio 10 dien\u0105 i\u0161 spintos i\u0161traukia ramyb\u0117s neduodan\u010dios bylos dokumentus. Katarina Haugen dingo be \u017einios,\" \/>\n<meta property=\"og:url\" content=\"https:\/\/skaitytaknyga.lt\/en\/produktas\/katarinos-kodas\/\" \/>\n<meta property=\"og:site_name\" content=\"Skaitytaknyga\" \/>\n<meta property=\"article:publisher\" content=\"https:\/\/www.facebook.com\/skaitytaknyga\/\" \/>\n<meta property=\"article:modified_time\" content=\"2026-03-05T09:59:16+00:00\" \/>\n<meta property=\"og:image\" content=\"https:\/\/skaitytaknyga.lt\/wp-content\/uploads\/2025\/07\/Katarinos-kodas.jpg\" \/>\n\t<meta property=\"og:image:width\" content=\"449\" \/>\n\t<meta property=\"og:image:height\" content=\"652\" \/>\n\t<meta property=\"og:image:type\" content=\"image\/jpeg\" \/>\n<meta name=\"twitter:card\" content=\"summary_large_image\" \/>\n<meta name=\"twitter:label1\" content=\"Estimated reading time\" \/>\n\t<meta name=\"twitter:data1\" content=\"1 minute\" \/>\n<script type=\"application\/ld+json\" class=\"yoast-schema-graph\">{\"@context\":\"https:\/\/schema.org\",\"@graph\":[{\"@type\":\"WebPage\",\"@id\":\"https:\/\/skaitytaknyga.lt\/produktas\/katarinos-kodas\/\",\"url\":\"https:\/\/skaitytaknyga.lt\/produktas\/katarinos-kodas\/\",\"name\":\"Katarinos kodas\",\"isPartOf\":{\"@id\":\"https:\/\/skaitytaknyga.lt\/#website\"},\"primaryImageOfPage\":{\"@id\":\"https:\/\/skaitytaknyga.lt\/produktas\/katarinos-kodas\/#primaryimage\"},\"image\":{\"@id\":\"https:\/\/skaitytaknyga.lt\/produktas\/katarinos-kodas\/#primaryimage\"},\"thumbnailUrl\":\"https:\/\/skaitytaknyga.lt\/wp-content\/uploads\/2025\/07\/Katarinos-kodas.jpg\",\"datePublished\":\"2025-07-25T06:31:38+00:00\",\"dateModified\":\"2026-03-05T09:59:16+00:00\",\"description\":\"Viljamas Vistingas jau 24 metus i\u0161 eil\u0117s spalio 10 dien\u0105 i\u0161 spintos i\u0161traukia ramyb\u0117s neduodan\u010dios bylos dokumentus. Katarina Haugen dingo be \u017einios,\",\"breadcrumb\":{\"@id\":\"https:\/\/skaitytaknyga.lt\/produktas\/katarinos-kodas\/#breadcrumb\"},\"inLanguage\":\"en-GB\",\"potentialAction\":[{\"@type\":\"ReadAction\",\"target\":[\"https:\/\/skaitytaknyga.lt\/produktas\/katarinos-kodas\/\"]}]},{\"@type\":\"ImageObject\",\"inLanguage\":\"en-GB\",\"@id\":\"https:\/\/skaitytaknyga.lt\/produktas\/katarinos-kodas\/#primaryimage\",\"url\":\"https:\/\/skaitytaknyga.lt\/wp-content\/uploads\/2025\/07\/Katarinos-kodas.jpg\",\"contentUrl\":\"https:\/\/skaitytaknyga.lt\/wp-content\/uploads\/2025\/07\/Katarinos-kodas.jpg\",\"width\":449,\"height\":652,\"caption\":\"Katarinos kodas\"},{\"@type\":\"BreadcrumbList\",\"@id\":\"https:\/\/skaitytaknyga.lt\/produktas\/katarinos-kodas\/#breadcrumb\",\"itemListElement\":[{\"@type\":\"ListItem\",\"position\":1,\"name\":\"Home\",\"item\":\"https:\/\/skaitytaknyga.lt\/\"},{\"@type\":\"ListItem\",\"position\":2,\"name\":\"Parduotuv\u0117\",\"item\":\"https:\/\/skaitytaknyga.lt\/knygu-parduotuve\/\"},{\"@type\":\"ListItem\",\"position\":3,\"name\":\"Katarinos kodas\"}]},{\"@type\":\"WebSite\",\"@id\":\"https:\/\/skaitytaknyga.lt\/#website\",\"url\":\"https:\/\/skaitytaknyga.lt\/\",\"name\":\"skaitytaknyga.lt\",\"description\":\"Skaitytaknyga.lt \u2013 tai ma\u017eas \u0161eimos verslas, kuris prasid\u0117jo nuo meil\u0117s knygoms ir siekio i\u0161gelb\u0117ti knygas nuo likimo prie konteinerio. Kas vienam nereikalingas daiktas \u2013 kitam lobis, o mes esame tarpininkai, kurie padeda abiems tapti laimingesniems ???? \u017dinome kaip nelengva i\u0161gyventi ma\u017eiems verslams, tad nuo \u0161iol, \u010dia rasite ir kit\u0173, ma\u017e\u0173 \u0161eim\u0173 versl\u0173, rank\u0173 darbo, dovan\u0173 sau ir artimiesiems.\",\"publisher\":{\"@id\":\"https:\/\/skaitytaknyga.lt\/#organization\"},\"potentialAction\":[{\"@type\":\"SearchAction\",\"target\":{\"@type\":\"EntryPoint\",\"urlTemplate\":\"https:\/\/skaitytaknyga.lt\/?s={search_term_string}\"},\"query-input\":{\"@type\":\"PropertyValueSpecification\",\"valueRequired\":true,\"valueName\":\"search_term_string\"}}],\"inLanguage\":\"en-GB\"},{\"@type\":\"Organization\",\"@id\":\"https:\/\/skaitytaknyga.lt\/#organization\",\"name\":\"skaitytaknyga.lt\",\"url\":\"https:\/\/skaitytaknyga.lt\/\",\"logo\":{\"@type\":\"ImageObject\",\"inLanguage\":\"en-GB\",\"@id\":\"https:\/\/skaitytaknyga.lt\/#\/schema\/logo\/image\/\",\"url\":\"https:\/\/skaitytaknyga.lt\/wp-content\/uploads\/2024\/05\/cropped-cropped-cropped-02_00843_jt3bggkj1j3HLc7SyY6rEUpg.jpeg\",\"contentUrl\":\"https:\/\/skaitytaknyga.lt\/wp-content\/uploads\/2024\/05\/cropped-cropped-cropped-02_00843_jt3bggkj1j3HLc7SyY6rEUpg.jpeg\",\"width\":1600,\"height\":1600,\"caption\":\"skaitytaknyga.lt\"},\"image\":{\"@id\":\"https:\/\/skaitytaknyga.lt\/#\/schema\/logo\/image\/\"},\"sameAs\":[\"https:\/\/www.facebook.com\/skaitytaknyga\/\"]}]}<\/script>\n<!-- \/ Yoast SEO plugin. -->","yoast_head_json":{"title":"Katarinos kodas","description":"Viljamas Vistingas jau 24 metus i\u0161 eil\u0117s spalio 10 dien\u0105 i\u0161 spintos i\u0161traukia ramyb\u0117s neduodan\u010dios bylos dokumentus. Katarina Haugen dingo be \u017einios,","robots":{"index":"index","follow":"follow","max-snippet":"max-snippet:-1","max-image-preview":"max-image-preview:large","max-video-preview":"max-video-preview:-1"},"canonical":"https:\/\/skaitytaknyga.lt\/en\/produktas\/katarinos-kodas\/","og_locale":"en_GB","og_type":"article","og_title":"[:lt]Katarinos kodas[:] - Skaitytaknyga","og_description":"Viljamas Vistingas jau 24 metus i\u0161 eil\u0117s spalio 10 dien\u0105 i\u0161 spintos i\u0161traukia ramyb\u0117s neduodan\u010dios bylos dokumentus. Katarina Haugen dingo be \u017einios,","og_url":"https:\/\/skaitytaknyga.lt\/en\/produktas\/katarinos-kodas\/","og_site_name":"Skaitytaknyga","article_publisher":"https:\/\/www.facebook.com\/skaitytaknyga\/","article_modified_time":"2026-03-05T09:59:16+00:00","og_image":[{"width":449,"height":652,"url":"https:\/\/skaitytaknyga.lt\/wp-content\/uploads\/2025\/07\/Katarinos-kodas.jpg","type":"image\/jpeg"}],"twitter_card":"summary_large_image","twitter_misc":{"Estimated reading time":"1 minute"},"schema":{"@context":"https:\/\/schema.org","@graph":[{"@type":"WebPage","@id":"https:\/\/skaitytaknyga.lt\/produktas\/katarinos-kodas\/","url":"https:\/\/skaitytaknyga.lt\/produktas\/katarinos-kodas\/","name":"Katarinos kodas","isPartOf":{"@id":"https:\/\/skaitytaknyga.lt\/#website"},"primaryImageOfPage":{"@id":"https:\/\/skaitytaknyga.lt\/produktas\/katarinos-kodas\/#primaryimage"},"image":{"@id":"https:\/\/skaitytaknyga.lt\/produktas\/katarinos-kodas\/#primaryimage"},"thumbnailUrl":"https:\/\/skaitytaknyga.lt\/wp-content\/uploads\/2025\/07\/Katarinos-kodas.jpg","datePublished":"2025-07-25T06:31:38+00:00","dateModified":"2026-03-05T09:59:16+00:00","description":"Viljamas Vistingas jau 24 metus i\u0161 eil\u0117s spalio 10 dien\u0105 i\u0161 spintos i\u0161traukia ramyb\u0117s neduodan\u010dios bylos dokumentus. Katarina Haugen dingo be \u017einios,","breadcrumb":{"@id":"https:\/\/skaitytaknyga.lt\/produktas\/katarinos-kodas\/#breadcrumb"},"inLanguage":"en-GB","potentialAction":[{"@type":"ReadAction","target":["https:\/\/skaitytaknyga.lt\/produktas\/katarinos-kodas\/"]}]},{"@type":"ImageObject","inLanguage":"en-GB","@id":"https:\/\/skaitytaknyga.lt\/produktas\/katarinos-kodas\/#primaryimage","url":"https:\/\/skaitytaknyga.lt\/wp-content\/uploads\/2025\/07\/Katarinos-kodas.jpg","contentUrl":"https:\/\/skaitytaknyga.lt\/wp-content\/uploads\/2025\/07\/Katarinos-kodas.jpg","width":449,"height":652,"caption":"Katarinos kodas"},{"@type":"BreadcrumbList","@id":"https:\/\/skaitytaknyga.lt\/produktas\/katarinos-kodas\/#breadcrumb","itemListElement":[{"@type":"ListItem","position":1,"name":"Home","item":"https:\/\/skaitytaknyga.lt\/"},{"@type":"ListItem","position":2,"name":"Parduotuv\u0117","item":"https:\/\/skaitytaknyga.lt\/knygu-parduotuve\/"},{"@type":"ListItem","position":3,"name":"Katarinos kodas"}]},{"@type":"WebSite","@id":"https:\/\/skaitytaknyga.lt\/#website","url":"https:\/\/skaitytaknyga.lt\/","name":"skaitytaknyga.lt","description":"Skaitytaknyga.lt \u2013 tai ma\u017eas \u0161eimos verslas, kuris prasid\u0117jo nuo meil\u0117s knygoms ir siekio i\u0161gelb\u0117ti knygas nuo likimo prie konteinerio. Kas vienam nereikalingas daiktas \u2013 kitam lobis, o mes esame tarpininkai, kurie padeda abiems tapti laimingesniems ???? \u017dinome kaip nelengva i\u0161gyventi ma\u017eiems verslams, tad nuo \u0161iol, \u010dia rasite ir kit\u0173, ma\u017e\u0173 \u0161eim\u0173 versl\u0173, rank\u0173 darbo, dovan\u0173 sau ir artimiesiems.","publisher":{"@id":"https:\/\/skaitytaknyga.lt\/#organization"},"potentialAction":[{"@type":"SearchAction","target":{"@type":"EntryPoint","urlTemplate":"https:\/\/skaitytaknyga.lt\/?s={search_term_string}"},"query-input":{"@type":"PropertyValueSpecification","valueRequired":true,"valueName":"search_term_string"}}],"inLanguage":"en-GB"},{"@type":"Organization","@id":"https:\/\/skaitytaknyga.lt\/#organization","name":"skaitytaknyga.lt","url":"https:\/\/skaitytaknyga.lt\/","logo":{"@type":"ImageObject","inLanguage":"en-GB","@id":"https:\/\/skaitytaknyga.lt\/#\/schema\/logo\/image\/","url":"https:\/\/skaitytaknyga.lt\/wp-content\/uploads\/2024\/05\/cropped-cropped-cropped-02_00843_jt3bggkj1j3HLc7SyY6rEUpg.jpeg","contentUrl":"https:\/\/skaitytaknyga.lt\/wp-content\/uploads\/2024\/05\/cropped-cropped-cropped-02_00843_jt3bggkj1j3HLc7SyY6rEUpg.jpeg","width":1600,"height":1600,"caption":"skaitytaknyga.lt"},"image":{"@id":"https:\/\/skaitytaknyga.lt\/#\/schema\/logo\/image\/"},"sameAs":["https:\/\/www.facebook.com\/skaitytaknyga\/"]}]}},"_links":{"self":[{"href":"https:\/\/skaitytaknyga.lt\/en\/wp-json\/wp\/v2\/product\/19895","targetHints":{"allow":["GET"]}}],"collection":[{"href":"https:\/\/skaitytaknyga.lt\/en\/wp-json\/wp\/v2\/product"}],"about":[{"href":"https:\/\/skaitytaknyga.lt\/en\/wp-json\/wp\/v2\/types\/product"}],"replies":[{"embeddable":true,"href":"https:\/\/skaitytaknyga.lt\/en\/wp-json\/wp\/v2\/comments?post=19895"}],"wp:featuredmedia":[{"embeddable":true,"href":"https:\/\/skaitytaknyga.lt\/en\/wp-json\/wp\/v2\/media\/19905"}],"wp:attachment":[{"href":"https:\/\/skaitytaknyga.lt\/en\/wp-json\/wp\/v2\/media?parent=19895"}],"wp:term":[{"taxonomy":"product_brand","embeddable":true,"href":"https:\/\/skaitytaknyga.lt\/en\/wp-json\/wp\/v2\/product_brand?post=19895"},{"taxonomy":"product_cat","embeddable":true,"href":"https:\/\/skaitytaknyga.lt\/en\/wp-json\/wp\/v2\/product_cat?post=19895"},{"taxonomy":"product_tag","embeddable":true,"href":"https:\/\/skaitytaknyga.lt\/en\/wp-json\/wp\/v2\/product_tag?post=19895"}],"curies":[{"name":"wp","href":"https:\/\/api.w.org\/{rel}","templated":true}]}}