{"id":19894,"date":"2025-07-25T09:31:38","date_gmt":"2025-07-25T06:31:38","guid":{"rendered":"https:\/\/skaitytaknyga.lt\/?post_type=product&#038;p=19894"},"modified":"2026-03-17T11:49:04","modified_gmt":"2026-03-17T09:49:04","slug":"kalno-seselis","status":"publish","type":"product","link":"https:\/\/skaitytaknyga.lt\/en\/produktas\/kalno-seselis\/","title":{"rendered":"Kalno \u0161e\u0161\u0117lis"},"content":{"rendered":"<p>Gregory David Roberts (Gregoris Deividas Robertsas; g. 1952 m. Melburne, Australijoje) \u2013 garsusis \u201e\u0160antaramo&#8221; autorius. Toje knygoje \u2013 ne\u012ftik\u0117tini de\u0161imt Robertso gyvenimo met\u0173 Bomb\u0117jaus l\u016b\u0161nynuose, mafijos prieglobstyje. Ilgai lauktas \u201e\u0160antaramo&#8221; t\u0119sinys \u201eKalno \u0161e\u0161\u0117lis&#8221; v\u0117l panardina mus \u012f Lino akimis matom\u0105 Indij\u0105. Nuo \u201e\u0160antaramo&#8221; \u012fvyki\u0173 pra\u0117jo dveji metai. Linas gr\u012f\u017eta \u012f Bomb\u0117j\u0173, valdom\u0105 naujos kartos mafijos vadeiv\u0173, ir \u017eaidimai su mirtimi dabar vyksta pagal naujas taisykles. Jis jau prarado du artimiausius \u017emones \u2013 Afganistano kalnuose \u017euvus\u012f Kadarbhaj\u0173, kuris jam atstojo t\u0117v\u0105, ir paslapting\u0105j\u0105 gra\u017euol\u0119 Karl\u0105, i\u0161tek\u0117jusi\u0105 u\u017e Bomb\u0117jaus \u017einiasklaidos magnato. Viskas pasikeit\u0117. Senieji draugai dingo, naujieji mafijos vadai \u012fsipainioj\u0119 \u012f \u017eiaurius konfliktus ir intrigas. O Linui reikia atlikti paskutin\u0119 Kadarbhajaus u\u017eduot\u012f, pelnyti kalnuose gyvenan\u010dio i\u0161min\u010diaus pasitik\u0117jim\u0105, i\u0161saugoti savo gyvyb\u0119 kasdienin\u0117se mafijos kovose&#8230; Jis privalo likti Bomb\u0117juje d\u0117l Karlos ir mir\u0161tan\u010diam \u017emogui duoto pa\u017eado.<\/p>\n<p>Praeitis \u2013 mylimas prie\u0161as \u2013 u\u017eklumpa netinkamu laiku. An\u0173 Bomb\u0117jaus dien\u0173 prisiminimai u\u017epl\u016bsta taip ry\u0161kiai ir taip staiga, kad a\u0161 kartais i\u0161svied\u017eiamas i\u0161 dabarties ir pamir\u0161tu kasdienius darbus. \u0160ypsena, daina, ir a\u0161 v\u0117l gr\u012f\u017etu \u012f tuos laikus, saul\u0117t\u0105 ryt\u0105 tvarsausi po lov\u0105, kaln\u0173 keliu va\u017eiuoju motociklu arba suri\u0161tas, sumu\u0161tas maldauju lemties duoti man dar vien\u0105 prog\u0105.<\/p>\n","protected":false},"excerpt":{"rendered":"<p>Gregory David Roberts (Gregoris Deividas Robertsas; g. 1952 m. Melburne, Australijoje) \u2013 garsusis \u201e\u0160antaramo&#8221; autorius. Toje knygoje \u2013 ne\u012ftik\u0117tini de\u0161imt Robertso gyvenimo met\u0173 Bomb\u0117jaus l\u016b\u0161nynuose, mafijos prieglobstyje. Ilgai lauktas \u201e\u0160antaramo&#8221; t\u0119sinys \u201eKalno \u0161e\u0161\u0117lis&#8221; v\u0117l panardina mus \u012f Lino akimis matom\u0105 Indij\u0105. Nuo \u201e\u0160antaramo&#8221; \u012fvyki\u0173 pra\u0117jo dveji metai. Linas gr\u012f\u017eta \u012f Bomb\u0117j\u0173, valdom\u0105 naujos kartos mafijos vadeiv\u0173, ir \u017eaidimai su mirtimi dabar vyksta pagal naujas taisykles. Jis jau prarado du artimiausius \u017emones \u2013 Afganistano kalnuose \u017euvus\u012f Kadarbhaj\u0173, kuris jam atstojo t\u0117v\u0105, ir paslapting\u0105j\u0105 gra\u017euol\u0119 Karl\u0105, i\u0161tek\u0117jusi\u0105 u\u017e Bomb\u0117jaus \u017einiasklaidos magnato. Viskas pasikeit\u0117. Senieji draugai dingo, naujieji mafijos vadai \u012fsipainioj\u0119 \u012f \u017eiaurius konfliktus ir intrigas. O Linui reikia atlikti paskutin\u0119 Kadarbhajaus u\u017eduot\u012f, pelnyti kalnuose gyvenan\u010dio i\u0161min\u010diaus pasitik\u0117jim\u0105, i\u0161saugoti savo gyvyb\u0119 kasdienin\u0117se mafijos kovose&#8230; Jis privalo likti Bomb\u0117juje d\u0117l Karlos ir mir\u0161tan\u010diam \u017emogui duoto pa\u017eado. Praeitis \u2013 mylimas prie\u0161as \u2013 u\u017eklumpa netinkamu laiku. An\u0173 Bomb\u0117jaus dien\u0173 prisiminimai u\u017epl\u016bsta taip ry\u0161kiai ir taip staiga, kad a\u0161 kartais i\u0161svied\u017eiamas i\u0161 dabarties ir pamir\u0161tu kasdienius darbus. \u0160ypsena, daina, ir a\u0161 v\u0117l gr\u012f\u017etu \u012f tuos laikus, saul\u0117t\u0105 ryt\u0105 tvarsausi po lov\u0105, kaln\u0173 keliu va\u017eiuoju motociklu arba suri\u0161tas, sumu\u0161tas maldauju lemties duoti man dar vien\u0105 prog\u0105.<\/p>\n","protected":false},"featured_media":19904,"comment_status":"open","ping_status":"closed","template":"","meta":{"_acf_changed":false,"site-sidebar-layout":"default","site-content-layout":"","ast-site-content-layout":"default","site-content-style":"default","site-sidebar-style":"default","ast-global-header-display":"","ast-banner-title-visibility":"","ast-main-header-display":"","ast-hfb-above-header-display":"","ast-hfb-below-header-display":"","ast-hfb-mobile-header-display":"","site-post-title":"","ast-breadcrumbs-content":"","ast-featured-img":"","footer-sml-layout":"","ast-disable-related-posts":"","theme-transparent-header-meta":"","adv-header-id-meta":"","stick-header-meta":"","header-above-stick-meta":"","header-main-stick-meta":"","header-below-stick-meta":"","astra-migrate-meta-layouts":"default","ast-page-background-enabled":"default","ast-page-background-meta":{"desktop":{"background-color":"","background-image":"","background-repeat":"repeat","background-position":"center center","background-size":"auto","background-attachment":"scroll","background-type":"","background-media":"","overlay-type":"","overlay-color":"","overlay-opacity":"","overlay-gradient":""},"tablet":{"background-color":"","background-image":"","background-repeat":"repeat","background-position":"center center","background-size":"auto","background-attachment":"scroll","background-type":"","background-media":"","overlay-type":"","overlay-color":"","overlay-opacity":"","overlay-gradient":""},"mobile":{"background-color":"","background-image":"","background-repeat":"repeat","background-position":"center center","background-size":"auto","background-attachment":"scroll","background-type":"","background-media":"","overlay-type":"","overlay-color":"","overlay-opacity":"","overlay-gradient":""}},"ast-content-background-meta":{"desktop":{"background-color":"var(--ast-global-color-4)","background-image":"","background-repeat":"repeat","background-position":"center center","background-size":"auto","background-attachment":"scroll","background-type":"","background-media":"","overlay-type":"","overlay-color":"","overlay-opacity":"","overlay-gradient":""},"tablet":{"background-color":"var(--ast-global-color-4)","background-image":"","background-repeat":"repeat","background-position":"center center","background-size":"auto","background-attachment":"scroll","background-type":"","background-media":"","overlay-type":"","overlay-color":"","overlay-opacity":"","overlay-gradient":""},"mobile":{"background-color":"var(--ast-global-color-4)","background-image":"","background-repeat":"repeat","background-position":"center center","background-size":"auto","background-attachment":"scroll","background-type":"","background-media":"","overlay-type":"","overlay-color":"","overlay-opacity":"","overlay-gradient":""}}},"product_brand":[],"product_cat":[9734],"product_tag":[6945,6943,6944,1728,1451],"class_list":{"0":"post-19894","1":"product","2":"type-product","3":"status-publish","4":"has-post-thumbnail","6":"product_cat-romanai","7":"product_tag-autobiografinis","8":"product_tag-gregory-david-roberts","9":"product_tag-kalno-seselis","10":"product_tag-mafija","11":"product_tag-nuotykiai","12":"desktop-align-left","13":"tablet-align-left","14":"mobile-align-left","16":"first","17":"instock","18":"shipping-taxable","19":"purchasable","20":"product-type-simple"},"acf":[],"yoast_head":"<!-- This site is optimized with the Yoast SEO plugin v27.0 - https:\/\/yoast.com\/product\/yoast-seo-wordpress\/ -->\n<title>Kalno \u0161e\u0161\u0117lis<\/title>\n<meta name=\"description\" content=\"Gregory David Roberts (Gregoris Deividas Robertsas; g. 1952 m. Melburne, Australijoje) \u2013 garsusis \u201e\u0160antaramo&quot; autorius. Toje knygoje \u2013 ne\u012ftik\u0117tini de\u0161imt\" \/>\n<meta name=\"robots\" content=\"index, follow, max-snippet:-1, max-image-preview:large, max-video-preview:-1\" \/>\n<link rel=\"canonical\" href=\"https:\/\/skaitytaknyga.lt\/en\/produktas\/kalno-seselis\/\" \/>\n<meta property=\"og:locale\" content=\"en_GB\" \/>\n<meta property=\"og:locale:alternate\" content=\"lt_LT\" \/>\n<meta property=\"og:type\" content=\"article\" \/>\n<meta property=\"og:title\" content=\"Kalno \u0161e\u0161\u0117lis\" \/>\n<meta property=\"og:description\" content=\"Gregory David Roberts (Gregoris Deividas Robertsas; g. 1952 m. Melburne, Australijoje) \u2013 garsusis \u201e\u0160antaramo&quot; autorius. Toje knygoje \u2013 ne\u012ftik\u0117tini de\u0161imt\" \/>\n<meta property=\"og:url\" content=\"https:\/\/skaitytaknyga.lt\/en\/produktas\/kalno-seselis\/\" \/>\n<meta property=\"og:site_name\" content=\"Skaitytaknyga\" \/>\n<meta property=\"article:publisher\" content=\"https:\/\/www.facebook.com\/skaitytaknyga\/\" \/>\n<meta property=\"article:modified_time\" content=\"2026-03-17T09:49:04+00:00\" \/>\n<meta property=\"og:image\" content=\"https:\/\/skaitytaknyga.lt\/wp-content\/uploads\/2025\/07\/Kalno-seselis.webp\" \/>\n\t<meta property=\"og:image:width\" content=\"534\" \/>\n\t<meta property=\"og:image:height\" content=\"801\" \/>\n\t<meta property=\"og:image:type\" content=\"image\/webp\" \/>\n<meta name=\"twitter:card\" content=\"summary_large_image\" \/>\n<meta name=\"twitter:label1\" content=\"Estimated reading time\" \/>\n\t<meta name=\"twitter:data1\" content=\"1 minute\" \/>\n<script type=\"application\/ld+json\" class=\"yoast-schema-graph\">{\"@context\":\"https:\/\/schema.org\",\"@graph\":[{\"@type\":\"WebPage\",\"@id\":\"https:\/\/skaitytaknyga.lt\/produktas\/kalno-seselis\/\",\"url\":\"https:\/\/skaitytaknyga.lt\/produktas\/kalno-seselis\/\",\"name\":\"Kalno \u0161e\u0161\u0117lis\",\"isPartOf\":{\"@id\":\"https:\/\/skaitytaknyga.lt\/#website\"},\"primaryImageOfPage\":{\"@id\":\"https:\/\/skaitytaknyga.lt\/produktas\/kalno-seselis\/#primaryimage\"},\"image\":{\"@id\":\"https:\/\/skaitytaknyga.lt\/produktas\/kalno-seselis\/#primaryimage\"},\"thumbnailUrl\":\"https:\/\/skaitytaknyga.lt\/wp-content\/uploads\/2025\/07\/Kalno-seselis.webp\",\"datePublished\":\"2025-07-25T06:31:38+00:00\",\"dateModified\":\"2026-03-17T09:49:04+00:00\",\"description\":\"Gregory David Roberts (Gregoris Deividas Robertsas; g. 1952 m. Melburne, Australijoje) \u2013 garsusis \u201e\u0160antaramo\\\" autorius. Toje knygoje \u2013 ne\u012ftik\u0117tini de\u0161imt\",\"breadcrumb\":{\"@id\":\"https:\/\/skaitytaknyga.lt\/produktas\/kalno-seselis\/#breadcrumb\"},\"inLanguage\":\"en-GB\",\"potentialAction\":[{\"@type\":\"ReadAction\",\"target\":[\"https:\/\/skaitytaknyga.lt\/produktas\/kalno-seselis\/\"]}]},{\"@type\":\"ImageObject\",\"inLanguage\":\"en-GB\",\"@id\":\"https:\/\/skaitytaknyga.lt\/produktas\/kalno-seselis\/#primaryimage\",\"url\":\"https:\/\/skaitytaknyga.lt\/wp-content\/uploads\/2025\/07\/Kalno-seselis.webp\",\"contentUrl\":\"https:\/\/skaitytaknyga.lt\/wp-content\/uploads\/2025\/07\/Kalno-seselis.webp\",\"width\":534,\"height\":801},{\"@type\":\"BreadcrumbList\",\"@id\":\"https:\/\/skaitytaknyga.lt\/produktas\/kalno-seselis\/#breadcrumb\",\"itemListElement\":[{\"@type\":\"ListItem\",\"position\":1,\"name\":\"Home\",\"item\":\"https:\/\/skaitytaknyga.lt\/\"},{\"@type\":\"ListItem\",\"position\":2,\"name\":\"Parduotuv\u0117\",\"item\":\"https:\/\/skaitytaknyga.lt\/knygu-parduotuve\/\"},{\"@type\":\"ListItem\",\"position\":3,\"name\":\"Kalno \u0161e\u0161\u0117lis\"}]},{\"@type\":\"WebSite\",\"@id\":\"https:\/\/skaitytaknyga.lt\/#website\",\"url\":\"https:\/\/skaitytaknyga.lt\/\",\"name\":\"skaitytaknyga.lt\",\"description\":\"Skaitytaknyga.lt \u2013 tai ma\u017eas \u0161eimos verslas, kuris prasid\u0117jo nuo meil\u0117s knygoms ir siekio i\u0161gelb\u0117ti knygas nuo likimo prie konteinerio. Kas vienam nereikalingas daiktas \u2013 kitam lobis, o mes esame tarpininkai, kurie padeda abiems tapti laimingesniems ???? \u017dinome kaip nelengva i\u0161gyventi ma\u017eiems verslams, tad nuo \u0161iol, \u010dia rasite ir kit\u0173, ma\u017e\u0173 \u0161eim\u0173 versl\u0173, rank\u0173 darbo, dovan\u0173 sau ir artimiesiems.\",\"publisher\":{\"@id\":\"https:\/\/skaitytaknyga.lt\/#organization\"},\"potentialAction\":[{\"@type\":\"SearchAction\",\"target\":{\"@type\":\"EntryPoint\",\"urlTemplate\":\"https:\/\/skaitytaknyga.lt\/?s={search_term_string}\"},\"query-input\":{\"@type\":\"PropertyValueSpecification\",\"valueRequired\":true,\"valueName\":\"search_term_string\"}}],\"inLanguage\":\"en-GB\"},{\"@type\":\"Organization\",\"@id\":\"https:\/\/skaitytaknyga.lt\/#organization\",\"name\":\"skaitytaknyga.lt\",\"url\":\"https:\/\/skaitytaknyga.lt\/\",\"logo\":{\"@type\":\"ImageObject\",\"inLanguage\":\"en-GB\",\"@id\":\"https:\/\/skaitytaknyga.lt\/#\/schema\/logo\/image\/\",\"url\":\"https:\/\/skaitytaknyga.lt\/wp-content\/uploads\/2024\/05\/cropped-cropped-cropped-02_00843_jt3bggkj1j3HLc7SyY6rEUpg.jpeg\",\"contentUrl\":\"https:\/\/skaitytaknyga.lt\/wp-content\/uploads\/2024\/05\/cropped-cropped-cropped-02_00843_jt3bggkj1j3HLc7SyY6rEUpg.jpeg\",\"width\":1600,\"height\":1600,\"caption\":\"skaitytaknyga.lt\"},\"image\":{\"@id\":\"https:\/\/skaitytaknyga.lt\/#\/schema\/logo\/image\/\"},\"sameAs\":[\"https:\/\/www.facebook.com\/skaitytaknyga\/\"]}]}<\/script>\n<!-- \/ Yoast SEO plugin. -->","yoast_head_json":{"title":"Kalno \u0161e\u0161\u0117lis","description":"Gregory David Roberts (Gregoris Deividas Robertsas; g. 1952 m. Melburne, Australijoje) \u2013 garsusis \u201e\u0160antaramo\" autorius. Toje knygoje \u2013 ne\u012ftik\u0117tini de\u0161imt","robots":{"index":"index","follow":"follow","max-snippet":"max-snippet:-1","max-image-preview":"max-image-preview:large","max-video-preview":"max-video-preview:-1"},"canonical":"https:\/\/skaitytaknyga.lt\/en\/produktas\/kalno-seselis\/","og_locale":"en_GB","og_type":"article","og_title":"[:lt]Kalno \u0161e\u0161\u0117lis[:] - Skaitytaknyga","og_description":"Gregory David Roberts (Gregoris Deividas Robertsas; g. 1952 m. Melburne, Australijoje) \u2013 garsusis \u201e\u0160antaramo\" autorius. Toje knygoje \u2013 ne\u012ftik\u0117tini de\u0161imt","og_url":"https:\/\/skaitytaknyga.lt\/en\/produktas\/kalno-seselis\/","og_site_name":"Skaitytaknyga","article_publisher":"https:\/\/www.facebook.com\/skaitytaknyga\/","article_modified_time":"2026-03-17T09:49:04+00:00","og_image":[{"width":534,"height":801,"url":"https:\/\/skaitytaknyga.lt\/wp-content\/uploads\/2025\/07\/Kalno-seselis.webp","type":"image\/webp"}],"twitter_card":"summary_large_image","twitter_misc":{"Estimated reading time":"1 minute"},"schema":{"@context":"https:\/\/schema.org","@graph":[{"@type":"WebPage","@id":"https:\/\/skaitytaknyga.lt\/produktas\/kalno-seselis\/","url":"https:\/\/skaitytaknyga.lt\/produktas\/kalno-seselis\/","name":"Kalno \u0161e\u0161\u0117lis","isPartOf":{"@id":"https:\/\/skaitytaknyga.lt\/#website"},"primaryImageOfPage":{"@id":"https:\/\/skaitytaknyga.lt\/produktas\/kalno-seselis\/#primaryimage"},"image":{"@id":"https:\/\/skaitytaknyga.lt\/produktas\/kalno-seselis\/#primaryimage"},"thumbnailUrl":"https:\/\/skaitytaknyga.lt\/wp-content\/uploads\/2025\/07\/Kalno-seselis.webp","datePublished":"2025-07-25T06:31:38+00:00","dateModified":"2026-03-17T09:49:04+00:00","description":"Gregory David Roberts (Gregoris Deividas Robertsas; g. 1952 m. Melburne, Australijoje) \u2013 garsusis \u201e\u0160antaramo\" autorius. Toje knygoje \u2013 ne\u012ftik\u0117tini de\u0161imt","breadcrumb":{"@id":"https:\/\/skaitytaknyga.lt\/produktas\/kalno-seselis\/#breadcrumb"},"inLanguage":"en-GB","potentialAction":[{"@type":"ReadAction","target":["https:\/\/skaitytaknyga.lt\/produktas\/kalno-seselis\/"]}]},{"@type":"ImageObject","inLanguage":"en-GB","@id":"https:\/\/skaitytaknyga.lt\/produktas\/kalno-seselis\/#primaryimage","url":"https:\/\/skaitytaknyga.lt\/wp-content\/uploads\/2025\/07\/Kalno-seselis.webp","contentUrl":"https:\/\/skaitytaknyga.lt\/wp-content\/uploads\/2025\/07\/Kalno-seselis.webp","width":534,"height":801},{"@type":"BreadcrumbList","@id":"https:\/\/skaitytaknyga.lt\/produktas\/kalno-seselis\/#breadcrumb","itemListElement":[{"@type":"ListItem","position":1,"name":"Home","item":"https:\/\/skaitytaknyga.lt\/"},{"@type":"ListItem","position":2,"name":"Parduotuv\u0117","item":"https:\/\/skaitytaknyga.lt\/knygu-parduotuve\/"},{"@type":"ListItem","position":3,"name":"Kalno \u0161e\u0161\u0117lis"}]},{"@type":"WebSite","@id":"https:\/\/skaitytaknyga.lt\/#website","url":"https:\/\/skaitytaknyga.lt\/","name":"skaitytaknyga.lt","description":"Skaitytaknyga.lt \u2013 tai ma\u017eas \u0161eimos verslas, kuris prasid\u0117jo nuo meil\u0117s knygoms ir siekio i\u0161gelb\u0117ti knygas nuo likimo prie konteinerio. Kas vienam nereikalingas daiktas \u2013 kitam lobis, o mes esame tarpininkai, kurie padeda abiems tapti laimingesniems ???? \u017dinome kaip nelengva i\u0161gyventi ma\u017eiems verslams, tad nuo \u0161iol, \u010dia rasite ir kit\u0173, ma\u017e\u0173 \u0161eim\u0173 versl\u0173, rank\u0173 darbo, dovan\u0173 sau ir artimiesiems.","publisher":{"@id":"https:\/\/skaitytaknyga.lt\/#organization"},"potentialAction":[{"@type":"SearchAction","target":{"@type":"EntryPoint","urlTemplate":"https:\/\/skaitytaknyga.lt\/?s={search_term_string}"},"query-input":{"@type":"PropertyValueSpecification","valueRequired":true,"valueName":"search_term_string"}}],"inLanguage":"en-GB"},{"@type":"Organization","@id":"https:\/\/skaitytaknyga.lt\/#organization","name":"skaitytaknyga.lt","url":"https:\/\/skaitytaknyga.lt\/","logo":{"@type":"ImageObject","inLanguage":"en-GB","@id":"https:\/\/skaitytaknyga.lt\/#\/schema\/logo\/image\/","url":"https:\/\/skaitytaknyga.lt\/wp-content\/uploads\/2024\/05\/cropped-cropped-cropped-02_00843_jt3bggkj1j3HLc7SyY6rEUpg.jpeg","contentUrl":"https:\/\/skaitytaknyga.lt\/wp-content\/uploads\/2024\/05\/cropped-cropped-cropped-02_00843_jt3bggkj1j3HLc7SyY6rEUpg.jpeg","width":1600,"height":1600,"caption":"skaitytaknyga.lt"},"image":{"@id":"https:\/\/skaitytaknyga.lt\/#\/schema\/logo\/image\/"},"sameAs":["https:\/\/www.facebook.com\/skaitytaknyga\/"]}]}},"_links":{"self":[{"href":"https:\/\/skaitytaknyga.lt\/en\/wp-json\/wp\/v2\/product\/19894","targetHints":{"allow":["GET"]}}],"collection":[{"href":"https:\/\/skaitytaknyga.lt\/en\/wp-json\/wp\/v2\/product"}],"about":[{"href":"https:\/\/skaitytaknyga.lt\/en\/wp-json\/wp\/v2\/types\/product"}],"replies":[{"embeddable":true,"href":"https:\/\/skaitytaknyga.lt\/en\/wp-json\/wp\/v2\/comments?post=19894"}],"wp:featuredmedia":[{"embeddable":true,"href":"https:\/\/skaitytaknyga.lt\/en\/wp-json\/wp\/v2\/media\/19904"}],"wp:attachment":[{"href":"https:\/\/skaitytaknyga.lt\/en\/wp-json\/wp\/v2\/media?parent=19894"}],"wp:term":[{"taxonomy":"product_brand","embeddable":true,"href":"https:\/\/skaitytaknyga.lt\/en\/wp-json\/wp\/v2\/product_brand?post=19894"},{"taxonomy":"product_cat","embeddable":true,"href":"https:\/\/skaitytaknyga.lt\/en\/wp-json\/wp\/v2\/product_cat?post=19894"},{"taxonomy":"product_tag","embeddable":true,"href":"https:\/\/skaitytaknyga.lt\/en\/wp-json\/wp\/v2\/product_tag?post=19894"}],"curies":[{"name":"wp","href":"https:\/\/api.w.org\/{rel}","templated":true}]}}