{"id":19893,"date":"2025-07-25T09:31:38","date_gmt":"2025-07-25T06:31:38","guid":{"rendered":"https:\/\/skaitytaknyga.lt\/?post_type=product&#038;p=19893"},"modified":"2026-03-05T13:32:42","modified_gmt":"2026-03-05T11:32:42","slug":"mirties-nuosprendis","status":"publish","type":"product","link":"https:\/\/skaitytaknyga.lt\/en\/produktas\/mirties-nuosprendis\/","title":{"rendered":"Mirties nuosprendis"},"content":{"rendered":"<p>Sneideris ir Nemec v\u0117l seka paskui nusikalt\u0117lius.<\/p>\n<p>Vienos Mi\u0161ko pakra\u0161tyje netik\u0117tai i\u0161nyra i\u0161sekusi ir visi\u0161kai sutrikusi pusnuog\u0117 mergait\u0117. Tai prie\u0161 metus staiga pradingusi vienuolikmet\u0117, vardu Klara. Ant jos nugaros i\u0161tatuiruoti Dant\u0117s \u201ePragaro&#8221; motyvai. Ta\u010diau mergait\u0117 neprisimena, k\u0105 ji veik\u0117 dvylika m\u0117nesi\u0173. Klara tiesiog nekalba.<\/p>\n<p>Tuo tarpu policijos pareig\u016bn\u0117 i\u0161 Miuncheno Sabina Nemec pradeda studijuoti Vysbadeno kriminalini\u0173 tyrim\u0173 biuro akademijoje, skirtoje itin gabiems jauniems tyr\u0117jams. Vienas i\u0161 jos d\u0117stytoj\u0173 yra kriminalini\u0173 byl\u0173 analitikas Martenas S. Sneideris, su kuriuo Sabina jau kart\u0105 buvo dirbusi. Jis \u2014 pagars\u0117j\u0119s ekscentrikas, o nei\u0161ai\u0161kint\u0173 nusikaltim\u0173 tyrimo metodai, kuriuos jis d\u0117sto savo studentams, vertinami prie\u0161taringai.<\/p>\n<p>Netrukus Sabina stoja \u0161alia Sneiderio ir su juo tiria tris kontroversi\u0161kas bylas, i\u0161 pa\u017ei\u016bros neturin\u010dias nieko bendra. Paai\u0161k\u0117jus s\u0105sajoms su Vienoje pagrobtos mergait\u0117s byla, teorija ir praktiniai mokymai visi\u0161kai susipina. Abu tyr\u0117jai savo kailiu \u012fsitikina, kad jie ap\u010diuop\u0117 si\u016blo gal\u0105 ir netrukus \u012fmins \u0161i\u0105 sud\u0117ting\u0105 m\u012fsl\u0119. Bet \u012f\u017e\u016blus nusikalt\u0117lis nusitaik\u0117 ir \u012f juos&#8230;<\/p>\n<p>Andreasas Gruberis gim\u0117 1968 m. Vienoje, studijavo Vienos ekonomikos universitete ir dirba ne vis\u0105 darbo dien\u0105 farmacijos \u012fmon\u0117je.<br \/>\nSu \u0161eima ir keturiomis kat\u0117mis gyvena Grilenberge, \u017demutin\u0117je Austrijoje. Jo knygos tris kartus buvo apdovanotos Vincento premija, taip pat tris kartus \u2014 Vokietijos fantastikos premija. \u0160iuo metu autorius ra\u0161o nauj\u0105 triler\u012f.<\/p>\n","protected":false},"excerpt":{"rendered":"<p>Sneideris ir Nemec v\u0117l seka paskui nusikalt\u0117lius. Vienos Mi\u0161ko pakra\u0161tyje netik\u0117tai i\u0161nyra i\u0161sekusi ir visi\u0161kai sutrikusi pusnuog\u0117 mergait\u0117. Tai prie\u0161 metus staiga pradingusi vienuolikmet\u0117, vardu Klara. Ant jos nugaros i\u0161tatuiruoti Dant\u0117s \u201ePragaro&#8221; motyvai. Ta\u010diau mergait\u0117 neprisimena, k\u0105 ji veik\u0117 dvylika m\u0117nesi\u0173. Klara tiesiog nekalba. Tuo tarpu policijos pareig\u016bn\u0117 i\u0161 Miuncheno Sabina Nemec pradeda studijuoti Vysbadeno kriminalini\u0173 tyrim\u0173 biuro akademijoje, skirtoje itin gabiems jauniems tyr\u0117jams. Vienas i\u0161 jos d\u0117stytoj\u0173 yra kriminalini\u0173 byl\u0173 analitikas Martenas S. Sneideris, su kuriuo Sabina jau kart\u0105 buvo dirbusi. Jis \u2014 pagars\u0117j\u0119s ekscentrikas, o nei\u0161ai\u0161kint\u0173 nusikaltim\u0173 tyrimo metodai, kuriuos jis d\u0117sto savo studentams, vertinami prie\u0161taringai. Netrukus Sabina stoja \u0161alia Sneiderio ir su juo tiria tris kontroversi\u0161kas bylas, i\u0161 pa\u017ei\u016bros neturin\u010dias nieko bendra. Paai\u0161k\u0117jus s\u0105sajoms su Vienoje pagrobtos mergait\u0117s byla, teorija ir praktiniai mokymai visi\u0161kai susipina. Abu tyr\u0117jai savo kailiu \u012fsitikina, kad jie ap\u010diuop\u0117 si\u016blo gal\u0105 ir netrukus \u012fmins \u0161i\u0105 sud\u0117ting\u0105 m\u012fsl\u0119. Bet \u012f\u017e\u016blus nusikalt\u0117lis nusitaik\u0117 ir \u012f juos&#8230; Andreasas Gruberis gim\u0117 1968 m. Vienoje, studijavo Vienos ekonomikos universitete ir dirba ne vis\u0105 darbo dien\u0105 farmacijos \u012fmon\u0117je. Su \u0161eima ir keturiomis kat\u0117mis gyvena Grilenberge, \u017demutin\u0117je Austrijoje. Jo knygos tris kartus buvo apdovanotos Vincento premija, taip pat tris kartus \u2014 Vokietijos fantastikos premija. \u0160iuo metu autorius ra\u0161o nauj\u0105 triler\u012f.<\/p>\n","protected":false},"featured_media":19903,"comment_status":"open","ping_status":"closed","template":"","meta":{"_acf_changed":false,"site-sidebar-layout":"default","site-content-layout":"","ast-site-content-layout":"default","site-content-style":"default","site-sidebar-style":"default","ast-global-header-display":"","ast-banner-title-visibility":"","ast-main-header-display":"","ast-hfb-above-header-display":"","ast-hfb-below-header-display":"","ast-hfb-mobile-header-display":"","site-post-title":"","ast-breadcrumbs-content":"","ast-featured-img":"","footer-sml-layout":"","ast-disable-related-posts":"","theme-transparent-header-meta":"","adv-header-id-meta":"","stick-header-meta":"","header-above-stick-meta":"","header-main-stick-meta":"","header-below-stick-meta":"","astra-migrate-meta-layouts":"default","ast-page-background-enabled":"default","ast-page-background-meta":{"desktop":{"background-color":"","background-image":"","background-repeat":"repeat","background-position":"center center","background-size":"auto","background-attachment":"scroll","background-type":"","background-media":"","overlay-type":"","overlay-color":"","overlay-opacity":"","overlay-gradient":""},"tablet":{"background-color":"","background-image":"","background-repeat":"repeat","background-position":"center center","background-size":"auto","background-attachment":"scroll","background-type":"","background-media":"","overlay-type":"","overlay-color":"","overlay-opacity":"","overlay-gradient":""},"mobile":{"background-color":"","background-image":"","background-repeat":"repeat","background-position":"center center","background-size":"auto","background-attachment":"scroll","background-type":"","background-media":"","overlay-type":"","overlay-color":"","overlay-opacity":"","overlay-gradient":""}},"ast-content-background-meta":{"desktop":{"background-color":"var(--ast-global-color-4)","background-image":"","background-repeat":"repeat","background-position":"center center","background-size":"auto","background-attachment":"scroll","background-type":"","background-media":"","overlay-type":"","overlay-color":"","overlay-opacity":"","overlay-gradient":""},"tablet":{"background-color":"var(--ast-global-color-4)","background-image":"","background-repeat":"repeat","background-position":"center center","background-size":"auto","background-attachment":"scroll","background-type":"","background-media":"","overlay-type":"","overlay-color":"","overlay-opacity":"","overlay-gradient":""},"mobile":{"background-color":"var(--ast-global-color-4)","background-image":"","background-repeat":"repeat","background-position":"center center","background-size":"auto","background-attachment":"scroll","background-type":"","background-media":"","overlay-type":"","overlay-color":"","overlay-opacity":"","overlay-gradient":""}}},"product_brand":[],"product_cat":[9581],"product_tag":[1732,4346,6942,1587,3244],"class_list":{"0":"post-19893","1":"product","2":"type-product","3":"status-publish","4":"has-post-thumbnail","6":"product_cat-kriminaliniai-romanai","7":"product_tag-andreas-gruber","8":"product_tag-kriminalinis","9":"product_tag-mirties-nuosprendis","10":"product_tag-trileris","11":"product_tag-tyrimas","12":"desktop-align-left","13":"tablet-align-left","14":"mobile-align-left","16":"first","17":"instock","18":"shipping-taxable","19":"purchasable","20":"product-type-simple"},"acf":[],"yoast_head":"<!-- This site is optimized with the Yoast SEO plugin v27.0 - https:\/\/yoast.com\/product\/yoast-seo-wordpress\/ -->\n<title>Mirties nuosprendis<\/title>\n<meta name=\"description\" content=\"Sneideris ir Nemec v\u0117l seka paskui nusikalt\u0117lius. Vienos Mi\u0161ko pakra\u0161tyje netik\u0117tai i\u0161nyra i\u0161sekusi ir visi\u0161kai sutrikusi pusnuog\u0117 mergait\u0117. Tai prie\u0161\" \/>\n<meta name=\"robots\" content=\"index, follow, max-snippet:-1, max-image-preview:large, max-video-preview:-1\" \/>\n<link rel=\"canonical\" href=\"https:\/\/skaitytaknyga.lt\/en\/produktas\/mirties-nuosprendis\/\" \/>\n<meta property=\"og:locale\" content=\"en_GB\" \/>\n<meta property=\"og:locale:alternate\" content=\"lt_LT\" \/>\n<meta property=\"og:type\" content=\"article\" \/>\n<meta property=\"og:title\" content=\"Mirties nuosprendis\" \/>\n<meta property=\"og:description\" content=\"Sneideris ir Nemec v\u0117l seka paskui nusikalt\u0117lius. Vienos Mi\u0161ko pakra\u0161tyje netik\u0117tai i\u0161nyra i\u0161sekusi ir visi\u0161kai sutrikusi pusnuog\u0117 mergait\u0117. Tai prie\u0161\" \/>\n<meta property=\"og:url\" content=\"https:\/\/skaitytaknyga.lt\/en\/produktas\/mirties-nuosprendis\/\" \/>\n<meta property=\"og:site_name\" content=\"Skaitytaknyga\" \/>\n<meta property=\"article:publisher\" content=\"https:\/\/www.facebook.com\/skaitytaknyga\/\" \/>\n<meta property=\"article:modified_time\" content=\"2026-03-05T11:32:42+00:00\" \/>\n<meta property=\"og:image\" content=\"https:\/\/skaitytaknyga.lt\/wp-content\/uploads\/2025\/07\/Mirties-nuosprendis.jpg\" \/>\n\t<meta property=\"og:image:width\" content=\"535\" \/>\n\t<meta property=\"og:image:height\" content=\"800\" \/>\n\t<meta property=\"og:image:type\" content=\"image\/jpeg\" \/>\n<meta name=\"twitter:card\" content=\"summary_large_image\" \/>\n<meta name=\"twitter:label1\" content=\"Estimated reading time\" \/>\n\t<meta name=\"twitter:data1\" content=\"1 minute\" \/>\n<script type=\"application\/ld+json\" class=\"yoast-schema-graph\">{\"@context\":\"https:\/\/schema.org\",\"@graph\":[{\"@type\":\"WebPage\",\"@id\":\"https:\/\/skaitytaknyga.lt\/produktas\/mirties-nuosprendis\/\",\"url\":\"https:\/\/skaitytaknyga.lt\/produktas\/mirties-nuosprendis\/\",\"name\":\"Mirties nuosprendis\",\"isPartOf\":{\"@id\":\"https:\/\/skaitytaknyga.lt\/#website\"},\"primaryImageOfPage\":{\"@id\":\"https:\/\/skaitytaknyga.lt\/produktas\/mirties-nuosprendis\/#primaryimage\"},\"image\":{\"@id\":\"https:\/\/skaitytaknyga.lt\/produktas\/mirties-nuosprendis\/#primaryimage\"},\"thumbnailUrl\":\"https:\/\/skaitytaknyga.lt\/wp-content\/uploads\/2025\/07\/Mirties-nuosprendis.jpg\",\"datePublished\":\"2025-07-25T06:31:38+00:00\",\"dateModified\":\"2026-03-05T11:32:42+00:00\",\"description\":\"Sneideris ir Nemec v\u0117l seka paskui nusikalt\u0117lius. Vienos Mi\u0161ko pakra\u0161tyje netik\u0117tai i\u0161nyra i\u0161sekusi ir visi\u0161kai sutrikusi pusnuog\u0117 mergait\u0117. Tai prie\u0161\",\"breadcrumb\":{\"@id\":\"https:\/\/skaitytaknyga.lt\/produktas\/mirties-nuosprendis\/#breadcrumb\"},\"inLanguage\":\"en-GB\",\"potentialAction\":[{\"@type\":\"ReadAction\",\"target\":[\"https:\/\/skaitytaknyga.lt\/produktas\/mirties-nuosprendis\/\"]}]},{\"@type\":\"ImageObject\",\"inLanguage\":\"en-GB\",\"@id\":\"https:\/\/skaitytaknyga.lt\/produktas\/mirties-nuosprendis\/#primaryimage\",\"url\":\"https:\/\/skaitytaknyga.lt\/wp-content\/uploads\/2025\/07\/Mirties-nuosprendis.jpg\",\"contentUrl\":\"https:\/\/skaitytaknyga.lt\/wp-content\/uploads\/2025\/07\/Mirties-nuosprendis.jpg\",\"width\":535,\"height\":800},{\"@type\":\"BreadcrumbList\",\"@id\":\"https:\/\/skaitytaknyga.lt\/produktas\/mirties-nuosprendis\/#breadcrumb\",\"itemListElement\":[{\"@type\":\"ListItem\",\"position\":1,\"name\":\"Home\",\"item\":\"https:\/\/skaitytaknyga.lt\/\"},{\"@type\":\"ListItem\",\"position\":2,\"name\":\"Parduotuv\u0117\",\"item\":\"https:\/\/skaitytaknyga.lt\/knygu-parduotuve\/\"},{\"@type\":\"ListItem\",\"position\":3,\"name\":\"Mirties nuosprendis\"}]},{\"@type\":\"WebSite\",\"@id\":\"https:\/\/skaitytaknyga.lt\/#website\",\"url\":\"https:\/\/skaitytaknyga.lt\/\",\"name\":\"skaitytaknyga.lt\",\"description\":\"Skaitytaknyga.lt \u2013 tai ma\u017eas \u0161eimos verslas, kuris prasid\u0117jo nuo meil\u0117s knygoms ir siekio i\u0161gelb\u0117ti knygas nuo likimo prie konteinerio. Kas vienam nereikalingas daiktas \u2013 kitam lobis, o mes esame tarpininkai, kurie padeda abiems tapti laimingesniems ???? \u017dinome kaip nelengva i\u0161gyventi ma\u017eiems verslams, tad nuo \u0161iol, \u010dia rasite ir kit\u0173, ma\u017e\u0173 \u0161eim\u0173 versl\u0173, rank\u0173 darbo, dovan\u0173 sau ir artimiesiems.\",\"publisher\":{\"@id\":\"https:\/\/skaitytaknyga.lt\/#organization\"},\"potentialAction\":[{\"@type\":\"SearchAction\",\"target\":{\"@type\":\"EntryPoint\",\"urlTemplate\":\"https:\/\/skaitytaknyga.lt\/?s={search_term_string}\"},\"query-input\":{\"@type\":\"PropertyValueSpecification\",\"valueRequired\":true,\"valueName\":\"search_term_string\"}}],\"inLanguage\":\"en-GB\"},{\"@type\":\"Organization\",\"@id\":\"https:\/\/skaitytaknyga.lt\/#organization\",\"name\":\"skaitytaknyga.lt\",\"url\":\"https:\/\/skaitytaknyga.lt\/\",\"logo\":{\"@type\":\"ImageObject\",\"inLanguage\":\"en-GB\",\"@id\":\"https:\/\/skaitytaknyga.lt\/#\/schema\/logo\/image\/\",\"url\":\"https:\/\/skaitytaknyga.lt\/wp-content\/uploads\/2024\/05\/cropped-cropped-cropped-02_00843_jt3bggkj1j3HLc7SyY6rEUpg.jpeg\",\"contentUrl\":\"https:\/\/skaitytaknyga.lt\/wp-content\/uploads\/2024\/05\/cropped-cropped-cropped-02_00843_jt3bggkj1j3HLc7SyY6rEUpg.jpeg\",\"width\":1600,\"height\":1600,\"caption\":\"skaitytaknyga.lt\"},\"image\":{\"@id\":\"https:\/\/skaitytaknyga.lt\/#\/schema\/logo\/image\/\"},\"sameAs\":[\"https:\/\/www.facebook.com\/skaitytaknyga\/\"]}]}<\/script>\n<!-- \/ Yoast SEO plugin. -->","yoast_head_json":{"title":"Mirties nuosprendis","description":"Sneideris ir Nemec v\u0117l seka paskui nusikalt\u0117lius. Vienos Mi\u0161ko pakra\u0161tyje netik\u0117tai i\u0161nyra i\u0161sekusi ir visi\u0161kai sutrikusi pusnuog\u0117 mergait\u0117. Tai prie\u0161","robots":{"index":"index","follow":"follow","max-snippet":"max-snippet:-1","max-image-preview":"max-image-preview:large","max-video-preview":"max-video-preview:-1"},"canonical":"https:\/\/skaitytaknyga.lt\/en\/produktas\/mirties-nuosprendis\/","og_locale":"en_GB","og_type":"article","og_title":"[:lt]Mirties nuosprendis[:] - Skaitytaknyga","og_description":"Sneideris ir Nemec v\u0117l seka paskui nusikalt\u0117lius. Vienos Mi\u0161ko pakra\u0161tyje netik\u0117tai i\u0161nyra i\u0161sekusi ir visi\u0161kai sutrikusi pusnuog\u0117 mergait\u0117. Tai prie\u0161","og_url":"https:\/\/skaitytaknyga.lt\/en\/produktas\/mirties-nuosprendis\/","og_site_name":"Skaitytaknyga","article_publisher":"https:\/\/www.facebook.com\/skaitytaknyga\/","article_modified_time":"2026-03-05T11:32:42+00:00","og_image":[{"width":535,"height":800,"url":"https:\/\/skaitytaknyga.lt\/wp-content\/uploads\/2025\/07\/Mirties-nuosprendis.jpg","type":"image\/jpeg"}],"twitter_card":"summary_large_image","twitter_misc":{"Estimated reading time":"1 minute"},"schema":{"@context":"https:\/\/schema.org","@graph":[{"@type":"WebPage","@id":"https:\/\/skaitytaknyga.lt\/produktas\/mirties-nuosprendis\/","url":"https:\/\/skaitytaknyga.lt\/produktas\/mirties-nuosprendis\/","name":"Mirties nuosprendis","isPartOf":{"@id":"https:\/\/skaitytaknyga.lt\/#website"},"primaryImageOfPage":{"@id":"https:\/\/skaitytaknyga.lt\/produktas\/mirties-nuosprendis\/#primaryimage"},"image":{"@id":"https:\/\/skaitytaknyga.lt\/produktas\/mirties-nuosprendis\/#primaryimage"},"thumbnailUrl":"https:\/\/skaitytaknyga.lt\/wp-content\/uploads\/2025\/07\/Mirties-nuosprendis.jpg","datePublished":"2025-07-25T06:31:38+00:00","dateModified":"2026-03-05T11:32:42+00:00","description":"Sneideris ir Nemec v\u0117l seka paskui nusikalt\u0117lius. Vienos Mi\u0161ko pakra\u0161tyje netik\u0117tai i\u0161nyra i\u0161sekusi ir visi\u0161kai sutrikusi pusnuog\u0117 mergait\u0117. Tai prie\u0161","breadcrumb":{"@id":"https:\/\/skaitytaknyga.lt\/produktas\/mirties-nuosprendis\/#breadcrumb"},"inLanguage":"en-GB","potentialAction":[{"@type":"ReadAction","target":["https:\/\/skaitytaknyga.lt\/produktas\/mirties-nuosprendis\/"]}]},{"@type":"ImageObject","inLanguage":"en-GB","@id":"https:\/\/skaitytaknyga.lt\/produktas\/mirties-nuosprendis\/#primaryimage","url":"https:\/\/skaitytaknyga.lt\/wp-content\/uploads\/2025\/07\/Mirties-nuosprendis.jpg","contentUrl":"https:\/\/skaitytaknyga.lt\/wp-content\/uploads\/2025\/07\/Mirties-nuosprendis.jpg","width":535,"height":800},{"@type":"BreadcrumbList","@id":"https:\/\/skaitytaknyga.lt\/produktas\/mirties-nuosprendis\/#breadcrumb","itemListElement":[{"@type":"ListItem","position":1,"name":"Home","item":"https:\/\/skaitytaknyga.lt\/"},{"@type":"ListItem","position":2,"name":"Parduotuv\u0117","item":"https:\/\/skaitytaknyga.lt\/knygu-parduotuve\/"},{"@type":"ListItem","position":3,"name":"Mirties nuosprendis"}]},{"@type":"WebSite","@id":"https:\/\/skaitytaknyga.lt\/#website","url":"https:\/\/skaitytaknyga.lt\/","name":"skaitytaknyga.lt","description":"Skaitytaknyga.lt \u2013 tai ma\u017eas \u0161eimos verslas, kuris prasid\u0117jo nuo meil\u0117s knygoms ir siekio i\u0161gelb\u0117ti knygas nuo likimo prie konteinerio. Kas vienam nereikalingas daiktas \u2013 kitam lobis, o mes esame tarpininkai, kurie padeda abiems tapti laimingesniems ???? \u017dinome kaip nelengva i\u0161gyventi ma\u017eiems verslams, tad nuo \u0161iol, \u010dia rasite ir kit\u0173, ma\u017e\u0173 \u0161eim\u0173 versl\u0173, rank\u0173 darbo, dovan\u0173 sau ir artimiesiems.","publisher":{"@id":"https:\/\/skaitytaknyga.lt\/#organization"},"potentialAction":[{"@type":"SearchAction","target":{"@type":"EntryPoint","urlTemplate":"https:\/\/skaitytaknyga.lt\/?s={search_term_string}"},"query-input":{"@type":"PropertyValueSpecification","valueRequired":true,"valueName":"search_term_string"}}],"inLanguage":"en-GB"},{"@type":"Organization","@id":"https:\/\/skaitytaknyga.lt\/#organization","name":"skaitytaknyga.lt","url":"https:\/\/skaitytaknyga.lt\/","logo":{"@type":"ImageObject","inLanguage":"en-GB","@id":"https:\/\/skaitytaknyga.lt\/#\/schema\/logo\/image\/","url":"https:\/\/skaitytaknyga.lt\/wp-content\/uploads\/2024\/05\/cropped-cropped-cropped-02_00843_jt3bggkj1j3HLc7SyY6rEUpg.jpeg","contentUrl":"https:\/\/skaitytaknyga.lt\/wp-content\/uploads\/2024\/05\/cropped-cropped-cropped-02_00843_jt3bggkj1j3HLc7SyY6rEUpg.jpeg","width":1600,"height":1600,"caption":"skaitytaknyga.lt"},"image":{"@id":"https:\/\/skaitytaknyga.lt\/#\/schema\/logo\/image\/"},"sameAs":["https:\/\/www.facebook.com\/skaitytaknyga\/"]}]}},"_links":{"self":[{"href":"https:\/\/skaitytaknyga.lt\/en\/wp-json\/wp\/v2\/product\/19893","targetHints":{"allow":["GET"]}}],"collection":[{"href":"https:\/\/skaitytaknyga.lt\/en\/wp-json\/wp\/v2\/product"}],"about":[{"href":"https:\/\/skaitytaknyga.lt\/en\/wp-json\/wp\/v2\/types\/product"}],"replies":[{"embeddable":true,"href":"https:\/\/skaitytaknyga.lt\/en\/wp-json\/wp\/v2\/comments?post=19893"}],"wp:featuredmedia":[{"embeddable":true,"href":"https:\/\/skaitytaknyga.lt\/en\/wp-json\/wp\/v2\/media\/19903"}],"wp:attachment":[{"href":"https:\/\/skaitytaknyga.lt\/en\/wp-json\/wp\/v2\/media?parent=19893"}],"wp:term":[{"taxonomy":"product_brand","embeddable":true,"href":"https:\/\/skaitytaknyga.lt\/en\/wp-json\/wp\/v2\/product_brand?post=19893"},{"taxonomy":"product_cat","embeddable":true,"href":"https:\/\/skaitytaknyga.lt\/en\/wp-json\/wp\/v2\/product_cat?post=19893"},{"taxonomy":"product_tag","embeddable":true,"href":"https:\/\/skaitytaknyga.lt\/en\/wp-json\/wp\/v2\/product_tag?post=19893"}],"curies":[{"name":"wp","href":"https:\/\/api.w.org\/{rel}","templated":true}]}}