{"id":19892,"date":"2025-07-25T09:31:38","date_gmt":"2025-07-25T06:31:38","guid":{"rendered":"https:\/\/skaitytaknyga.lt\/?post_type=product&#038;p=19892"},"modified":"2026-03-05T13:34:57","modified_gmt":"2026-03-05T11:34:57","slug":"paneles-smilos-sniego-jausmas","status":"publish","type":"product","link":"https:\/\/skaitytaknyga.lt\/en\/produktas\/paneles-smilos-sniego-jausmas\/","title":{"rendered":"Panel\u0117s Smilos sniego jausmas"},"content":{"rendered":"<p>Peter H\u00f8eg (Peteris Hiojus; g. 1957 m. Kopenhagoje) \u2013 vienas \u017eymiausi\u0173 \u0161iuolaikini\u0173 dan\u0173 ra\u0161ytoj\u0173. Autoriaus biografija spalvinga: jis \u2013 buv\u0119s \u0161ok\u0117jas, j\u016breivis, aktorius, alpinistas, fechtuotojas. Visame pasaulyje P. H\u00f8egas i\u0161gars\u0117jo 1992 m. para\u0161\u0119s bestseler\u012f \u201ePanel\u0117s Smilos sniego jausmas&#8221;. \u0160i knyga i\u0161versta \u012f daugiau nei trisde\u0161imt kalb\u0173, jos jau dvide\u0161imt penkerius metus negali pamir\u0161ti pasaulio skaitytojai. Ir ne veltui. Suk\u016br\u0119s Smil\u0105, ra\u0161ytojas suk\u016br\u0117 charakter\u012f, \u012fk\u016bnijant\u012f pa\u010di\u0105 \u0160iaur\u0119.<\/p>\n<p>\u201ePanel\u0117s Smilos sniego jausmas&#8221; \u2013 meistri\u0161kai para\u0161ytas romanas, kur\u012f galima vadinti ir filosofiniu detektyvu, ir Danijos bei Grenlandijos gyvenimo veidrod\u017eiu. Gyvenimo, kuriame taip ma\u017ea vietos meilei ir taip daug \u2013 vienatvei ir sniegui. Gyvenimo, kur\u012f gyvena Smila \u2013 grenland\u0117s med\u017eiotojos dukra, vaikyst\u0117je po motinos \u017e\u016bties t\u0117vo atve\u017eta \u012f Danij\u0105, ta\u010diau \u0161irdimi taip ir likusi Grenlandijoje. Smila at\u0161iauri, \u0161alta ir mai\u0161tinga, labiau u\u017e visk\u0105 mylinti snieg\u0105, led\u0105 ir skai\u010dius. Ir Izaij\u0105 \u2013 kaimynyst\u0117je gyvenant\u012f inuit\u0173 berniuk\u0105. Tod\u0117l kai jis \u017e\u016bsta nukrit\u0119s nuo stogo, Smila nepatiki policijos versija \u2013 p\u0117dos sniege jai sako daugiau. Ji jau\u010dia snieg\u0105 ir moka j\u012f skaityti. Ji jau\u010dia pavoj\u0173 ir klast\u0105. Prad\u0117jusi savo tyrim\u0105, Smila i\u0161judina intrig\u0173, interes\u0173 ir nusikaltim\u0173 lavin\u0105, nublo\u0161kian\u010di\u0105 j\u0105 i\u0161 Kopenhagos \u012f Grenlandijos ledynus&#8230;<\/p>\n<p>Tai romanas, kuriame meil\u0117 sniegui susipina su meile \u017emogui; \u0161altas, ironi\u0161kas, negailestingas, metafori\u0161kas romanas, nuo kurio ne\u012fmanoma atsitraukti. Jame yra viskas, k\u0105 nor\u0117tum\u0117te \u017einoti apie snieg\u0105, led\u0105, ker\u0161t\u0105 ir \u0160iaur\u0119.<\/p>\n","protected":false},"excerpt":{"rendered":"<p>Peter H\u00f8eg (Peteris Hiojus; g. 1957 m. Kopenhagoje) \u2013 vienas \u017eymiausi\u0173 \u0161iuolaikini\u0173 dan\u0173 ra\u0161ytoj\u0173. Autoriaus biografija spalvinga: jis \u2013 buv\u0119s \u0161ok\u0117jas, j\u016breivis, aktorius, alpinistas, fechtuotojas. Visame pasaulyje P. H\u00f8egas i\u0161gars\u0117jo 1992 m. para\u0161\u0119s bestseler\u012f \u201ePanel\u0117s Smilos sniego jausmas&#8221;. \u0160i knyga i\u0161versta \u012f daugiau nei trisde\u0161imt kalb\u0173, jos jau dvide\u0161imt penkerius metus negali pamir\u0161ti pasaulio skaitytojai. Ir ne veltui. Suk\u016br\u0119s Smil\u0105, ra\u0161ytojas suk\u016br\u0117 charakter\u012f, \u012fk\u016bnijant\u012f pa\u010di\u0105 \u0160iaur\u0119. \u201ePanel\u0117s Smilos sniego jausmas&#8221; \u2013 meistri\u0161kai para\u0161ytas romanas, kur\u012f galima vadinti ir filosofiniu detektyvu, ir Danijos bei Grenlandijos gyvenimo veidrod\u017eiu. Gyvenimo, kuriame taip ma\u017ea vietos meilei ir taip daug \u2013 vienatvei ir sniegui. Gyvenimo, kur\u012f gyvena Smila \u2013 grenland\u0117s med\u017eiotojos dukra, vaikyst\u0117je po motinos \u017e\u016bties t\u0117vo atve\u017eta \u012f Danij\u0105, ta\u010diau \u0161irdimi taip ir likusi Grenlandijoje. Smila at\u0161iauri, \u0161alta ir mai\u0161tinga, labiau u\u017e visk\u0105 mylinti snieg\u0105, led\u0105 ir skai\u010dius. Ir Izaij\u0105 \u2013 kaimynyst\u0117je gyvenant\u012f inuit\u0173 berniuk\u0105. Tod\u0117l kai jis \u017e\u016bsta nukrit\u0119s nuo stogo, Smila nepatiki policijos versija \u2013 p\u0117dos sniege jai sako daugiau. Ji jau\u010dia snieg\u0105 ir moka j\u012f skaityti. Ji jau\u010dia pavoj\u0173 ir klast\u0105. Prad\u0117jusi savo tyrim\u0105, Smila i\u0161judina intrig\u0173, interes\u0173 ir nusikaltim\u0173 lavin\u0105, nublo\u0161kian\u010di\u0105 j\u0105 i\u0161 Kopenhagos \u012f Grenlandijos ledynus&#8230; Tai romanas, kuriame meil\u0117 sniegui susipina su meile \u017emogui; \u0161altas, ironi\u0161kas, negailestingas, metafori\u0161kas romanas, nuo kurio ne\u012fmanoma atsitraukti. Jame yra viskas, k\u0105 nor\u0117tum\u0117te \u017einoti apie snieg\u0105, led\u0105, ker\u0161t\u0105 ir \u0160iaur\u0119.<\/p>\n","protected":false},"featured_media":19902,"comment_status":"open","ping_status":"closed","template":"","meta":{"_acf_changed":false,"site-sidebar-layout":"default","site-content-layout":"","ast-site-content-layout":"default","site-content-style":"default","site-sidebar-style":"default","ast-global-header-display":"","ast-banner-title-visibility":"","ast-main-header-display":"","ast-hfb-above-header-display":"","ast-hfb-below-header-display":"","ast-hfb-mobile-header-display":"","site-post-title":"","ast-breadcrumbs-content":"","ast-featured-img":"","footer-sml-layout":"","ast-disable-related-posts":"","theme-transparent-header-meta":"","adv-header-id-meta":"","stick-header-meta":"","header-above-stick-meta":"","header-main-stick-meta":"","header-below-stick-meta":"","astra-migrate-meta-layouts":"default","ast-page-background-enabled":"default","ast-page-background-meta":{"desktop":{"background-color":"","background-image":"","background-repeat":"repeat","background-position":"center center","background-size":"auto","background-attachment":"scroll","background-type":"","background-media":"","overlay-type":"","overlay-color":"","overlay-opacity":"","overlay-gradient":""},"tablet":{"background-color":"","background-image":"","background-repeat":"repeat","background-position":"center center","background-size":"auto","background-attachment":"scroll","background-type":"","background-media":"","overlay-type":"","overlay-color":"","overlay-opacity":"","overlay-gradient":""},"mobile":{"background-color":"","background-image":"","background-repeat":"repeat","background-position":"center center","background-size":"auto","background-attachment":"scroll","background-type":"","background-media":"","overlay-type":"","overlay-color":"","overlay-opacity":"","overlay-gradient":""}},"ast-content-background-meta":{"desktop":{"background-color":"var(--ast-global-color-4)","background-image":"","background-repeat":"repeat","background-position":"center center","background-size":"auto","background-attachment":"scroll","background-type":"","background-media":"","overlay-type":"","overlay-color":"","overlay-opacity":"","overlay-gradient":""},"tablet":{"background-color":"var(--ast-global-color-4)","background-image":"","background-repeat":"repeat","background-position":"center center","background-size":"auto","background-attachment":"scroll","background-type":"","background-media":"","overlay-type":"","overlay-color":"","overlay-opacity":"","overlay-gradient":""},"mobile":{"background-color":"var(--ast-global-color-4)","background-image":"","background-repeat":"repeat","background-position":"center center","background-size":"auto","background-attachment":"scroll","background-type":"","background-media":"","overlay-type":"","overlay-color":"","overlay-opacity":"","overlay-gradient":""}}},"product_brand":[],"product_cat":[9580],"product_tag":[6941,1799,6940,2793,4071,6602],"class_list":{"0":"post-19892","1":"product","2":"type-product","3":"status-publish","4":"has-post-thumbnail","6":"product_cat-psichologiniai-detektyvai","7":"product_tag-filosofinis-detektyvas","8":"product_tag-kerstas","9":"product_tag-paneles-smilos-sniego-jausmas","10":"product_tag-peter-hoeg","11":"product_tag-siaure","12":"product_tag-sniegas","13":"desktop-align-left","14":"tablet-align-left","15":"mobile-align-left","17":"first","18":"instock","19":"shipping-taxable","20":"purchasable","21":"product-type-simple"},"acf":[],"yoast_head":"<!-- This site is optimized with the Yoast SEO plugin v27.0 - https:\/\/yoast.com\/product\/yoast-seo-wordpress\/ -->\n<title>Panel\u0117s Smilos sniego jausmas<\/title>\n<meta name=\"description\" content=\"Peter H\u00f8eg (Peteris Hiojus; g. 1957 m. Kopenhagoje) \u2013 vienas \u017eymiausi\u0173 \u0161iuolaikini\u0173 dan\u0173 ra\u0161ytoj\u0173. Autoriaus biografija spalvinga: jis \u2013 buv\u0119s \u0161ok\u0117jas,\" \/>\n<meta name=\"robots\" content=\"index, follow, max-snippet:-1, max-image-preview:large, max-video-preview:-1\" \/>\n<link rel=\"canonical\" href=\"https:\/\/skaitytaknyga.lt\/en\/produktas\/paneles-smilos-sniego-jausmas\/\" \/>\n<meta property=\"og:locale\" content=\"en_GB\" \/>\n<meta property=\"og:locale:alternate\" content=\"lt_LT\" \/>\n<meta property=\"og:type\" content=\"article\" \/>\n<meta property=\"og:title\" content=\"Panel\u0117s Smilos sniego jausmas\" \/>\n<meta property=\"og:description\" content=\"Peter H\u00f8eg (Peteris Hiojus; g. 1957 m. Kopenhagoje) \u2013 vienas \u017eymiausi\u0173 \u0161iuolaikini\u0173 dan\u0173 ra\u0161ytoj\u0173. Autoriaus biografija spalvinga: jis \u2013 buv\u0119s \u0161ok\u0117jas,\" \/>\n<meta property=\"og:url\" content=\"https:\/\/skaitytaknyga.lt\/en\/produktas\/paneles-smilos-sniego-jausmas\/\" \/>\n<meta property=\"og:site_name\" content=\"Skaitytaknyga\" \/>\n<meta property=\"article:publisher\" content=\"https:\/\/www.facebook.com\/skaitytaknyga\/\" \/>\n<meta property=\"article:modified_time\" content=\"2026-03-05T11:34:57+00:00\" \/>\n<meta property=\"og:image\" content=\"https:\/\/skaitytaknyga.lt\/wp-content\/uploads\/2025\/07\/Paneles-Smilos-sniego-jausmas.jpg\" \/>\n\t<meta property=\"og:image:width\" content=\"534\" \/>\n\t<meta property=\"og:image:height\" content=\"801\" \/>\n\t<meta property=\"og:image:type\" content=\"image\/jpeg\" \/>\n<meta name=\"twitter:card\" content=\"summary_large_image\" \/>\n<meta name=\"twitter:label1\" content=\"Estimated reading time\" \/>\n\t<meta name=\"twitter:data1\" content=\"1 minute\" \/>\n<script type=\"application\/ld+json\" class=\"yoast-schema-graph\">{\"@context\":\"https:\/\/schema.org\",\"@graph\":[{\"@type\":\"WebPage\",\"@id\":\"https:\/\/skaitytaknyga.lt\/produktas\/paneles-smilos-sniego-jausmas\/\",\"url\":\"https:\/\/skaitytaknyga.lt\/produktas\/paneles-smilos-sniego-jausmas\/\",\"name\":\"Panel\u0117s Smilos sniego jausmas\",\"isPartOf\":{\"@id\":\"https:\/\/skaitytaknyga.lt\/#website\"},\"primaryImageOfPage\":{\"@id\":\"https:\/\/skaitytaknyga.lt\/produktas\/paneles-smilos-sniego-jausmas\/#primaryimage\"},\"image\":{\"@id\":\"https:\/\/skaitytaknyga.lt\/produktas\/paneles-smilos-sniego-jausmas\/#primaryimage\"},\"thumbnailUrl\":\"https:\/\/skaitytaknyga.lt\/wp-content\/uploads\/2025\/07\/Paneles-Smilos-sniego-jausmas.jpg\",\"datePublished\":\"2025-07-25T06:31:38+00:00\",\"dateModified\":\"2026-03-05T11:34:57+00:00\",\"description\":\"Peter H\u00f8eg (Peteris Hiojus; g. 1957 m. Kopenhagoje) \u2013 vienas \u017eymiausi\u0173 \u0161iuolaikini\u0173 dan\u0173 ra\u0161ytoj\u0173. Autoriaus biografija spalvinga: jis \u2013 buv\u0119s \u0161ok\u0117jas,\",\"breadcrumb\":{\"@id\":\"https:\/\/skaitytaknyga.lt\/produktas\/paneles-smilos-sniego-jausmas\/#breadcrumb\"},\"inLanguage\":\"en-GB\",\"potentialAction\":[{\"@type\":\"ReadAction\",\"target\":[\"https:\/\/skaitytaknyga.lt\/produktas\/paneles-smilos-sniego-jausmas\/\"]}]},{\"@type\":\"ImageObject\",\"inLanguage\":\"en-GB\",\"@id\":\"https:\/\/skaitytaknyga.lt\/produktas\/paneles-smilos-sniego-jausmas\/#primaryimage\",\"url\":\"https:\/\/skaitytaknyga.lt\/wp-content\/uploads\/2025\/07\/Paneles-Smilos-sniego-jausmas.jpg\",\"contentUrl\":\"https:\/\/skaitytaknyga.lt\/wp-content\/uploads\/2025\/07\/Paneles-Smilos-sniego-jausmas.jpg\",\"width\":534,\"height\":801,\"caption\":\"Panel\u0117s Smilos sniego jausmas\"},{\"@type\":\"BreadcrumbList\",\"@id\":\"https:\/\/skaitytaknyga.lt\/produktas\/paneles-smilos-sniego-jausmas\/#breadcrumb\",\"itemListElement\":[{\"@type\":\"ListItem\",\"position\":1,\"name\":\"Home\",\"item\":\"https:\/\/skaitytaknyga.lt\/\"},{\"@type\":\"ListItem\",\"position\":2,\"name\":\"Parduotuv\u0117\",\"item\":\"https:\/\/skaitytaknyga.lt\/knygu-parduotuve\/\"},{\"@type\":\"ListItem\",\"position\":3,\"name\":\"Panel\u0117s Smilos sniego jausmas\"}]},{\"@type\":\"WebSite\",\"@id\":\"https:\/\/skaitytaknyga.lt\/#website\",\"url\":\"https:\/\/skaitytaknyga.lt\/\",\"name\":\"skaitytaknyga.lt\",\"description\":\"Skaitytaknyga.lt \u2013 tai ma\u017eas \u0161eimos verslas, kuris prasid\u0117jo nuo meil\u0117s knygoms ir siekio i\u0161gelb\u0117ti knygas nuo likimo prie konteinerio. Kas vienam nereikalingas daiktas \u2013 kitam lobis, o mes esame tarpininkai, kurie padeda abiems tapti laimingesniems ???? \u017dinome kaip nelengva i\u0161gyventi ma\u017eiems verslams, tad nuo \u0161iol, \u010dia rasite ir kit\u0173, ma\u017e\u0173 \u0161eim\u0173 versl\u0173, rank\u0173 darbo, dovan\u0173 sau ir artimiesiems.\",\"publisher\":{\"@id\":\"https:\/\/skaitytaknyga.lt\/#organization\"},\"potentialAction\":[{\"@type\":\"SearchAction\",\"target\":{\"@type\":\"EntryPoint\",\"urlTemplate\":\"https:\/\/skaitytaknyga.lt\/?s={search_term_string}\"},\"query-input\":{\"@type\":\"PropertyValueSpecification\",\"valueRequired\":true,\"valueName\":\"search_term_string\"}}],\"inLanguage\":\"en-GB\"},{\"@type\":\"Organization\",\"@id\":\"https:\/\/skaitytaknyga.lt\/#organization\",\"name\":\"skaitytaknyga.lt\",\"url\":\"https:\/\/skaitytaknyga.lt\/\",\"logo\":{\"@type\":\"ImageObject\",\"inLanguage\":\"en-GB\",\"@id\":\"https:\/\/skaitytaknyga.lt\/#\/schema\/logo\/image\/\",\"url\":\"https:\/\/skaitytaknyga.lt\/wp-content\/uploads\/2024\/05\/cropped-cropped-cropped-02_00843_jt3bggkj1j3HLc7SyY6rEUpg.jpeg\",\"contentUrl\":\"https:\/\/skaitytaknyga.lt\/wp-content\/uploads\/2024\/05\/cropped-cropped-cropped-02_00843_jt3bggkj1j3HLc7SyY6rEUpg.jpeg\",\"width\":1600,\"height\":1600,\"caption\":\"skaitytaknyga.lt\"},\"image\":{\"@id\":\"https:\/\/skaitytaknyga.lt\/#\/schema\/logo\/image\/\"},\"sameAs\":[\"https:\/\/www.facebook.com\/skaitytaknyga\/\"]}]}<\/script>\n<!-- \/ Yoast SEO plugin. -->","yoast_head_json":{"title":"Panel\u0117s Smilos sniego jausmas","description":"Peter H\u00f8eg (Peteris Hiojus; g. 1957 m. Kopenhagoje) \u2013 vienas \u017eymiausi\u0173 \u0161iuolaikini\u0173 dan\u0173 ra\u0161ytoj\u0173. Autoriaus biografija spalvinga: jis \u2013 buv\u0119s \u0161ok\u0117jas,","robots":{"index":"index","follow":"follow","max-snippet":"max-snippet:-1","max-image-preview":"max-image-preview:large","max-video-preview":"max-video-preview:-1"},"canonical":"https:\/\/skaitytaknyga.lt\/en\/produktas\/paneles-smilos-sniego-jausmas\/","og_locale":"en_GB","og_type":"article","og_title":"[:lt]Panel\u0117s Smilos sniego jausmas[:] - Skaitytaknyga","og_description":"Peter H\u00f8eg (Peteris Hiojus; g. 1957 m. Kopenhagoje) \u2013 vienas \u017eymiausi\u0173 \u0161iuolaikini\u0173 dan\u0173 ra\u0161ytoj\u0173. Autoriaus biografija spalvinga: jis \u2013 buv\u0119s \u0161ok\u0117jas,","og_url":"https:\/\/skaitytaknyga.lt\/en\/produktas\/paneles-smilos-sniego-jausmas\/","og_site_name":"Skaitytaknyga","article_publisher":"https:\/\/www.facebook.com\/skaitytaknyga\/","article_modified_time":"2026-03-05T11:34:57+00:00","og_image":[{"width":534,"height":801,"url":"https:\/\/skaitytaknyga.lt\/wp-content\/uploads\/2025\/07\/Paneles-Smilos-sniego-jausmas.jpg","type":"image\/jpeg"}],"twitter_card":"summary_large_image","twitter_misc":{"Estimated reading time":"1 minute"},"schema":{"@context":"https:\/\/schema.org","@graph":[{"@type":"WebPage","@id":"https:\/\/skaitytaknyga.lt\/produktas\/paneles-smilos-sniego-jausmas\/","url":"https:\/\/skaitytaknyga.lt\/produktas\/paneles-smilos-sniego-jausmas\/","name":"Panel\u0117s Smilos sniego jausmas","isPartOf":{"@id":"https:\/\/skaitytaknyga.lt\/#website"},"primaryImageOfPage":{"@id":"https:\/\/skaitytaknyga.lt\/produktas\/paneles-smilos-sniego-jausmas\/#primaryimage"},"image":{"@id":"https:\/\/skaitytaknyga.lt\/produktas\/paneles-smilos-sniego-jausmas\/#primaryimage"},"thumbnailUrl":"https:\/\/skaitytaknyga.lt\/wp-content\/uploads\/2025\/07\/Paneles-Smilos-sniego-jausmas.jpg","datePublished":"2025-07-25T06:31:38+00:00","dateModified":"2026-03-05T11:34:57+00:00","description":"Peter H\u00f8eg (Peteris Hiojus; g. 1957 m. Kopenhagoje) \u2013 vienas \u017eymiausi\u0173 \u0161iuolaikini\u0173 dan\u0173 ra\u0161ytoj\u0173. Autoriaus biografija spalvinga: jis \u2013 buv\u0119s \u0161ok\u0117jas,","breadcrumb":{"@id":"https:\/\/skaitytaknyga.lt\/produktas\/paneles-smilos-sniego-jausmas\/#breadcrumb"},"inLanguage":"en-GB","potentialAction":[{"@type":"ReadAction","target":["https:\/\/skaitytaknyga.lt\/produktas\/paneles-smilos-sniego-jausmas\/"]}]},{"@type":"ImageObject","inLanguage":"en-GB","@id":"https:\/\/skaitytaknyga.lt\/produktas\/paneles-smilos-sniego-jausmas\/#primaryimage","url":"https:\/\/skaitytaknyga.lt\/wp-content\/uploads\/2025\/07\/Paneles-Smilos-sniego-jausmas.jpg","contentUrl":"https:\/\/skaitytaknyga.lt\/wp-content\/uploads\/2025\/07\/Paneles-Smilos-sniego-jausmas.jpg","width":534,"height":801,"caption":"Panel\u0117s Smilos sniego jausmas"},{"@type":"BreadcrumbList","@id":"https:\/\/skaitytaknyga.lt\/produktas\/paneles-smilos-sniego-jausmas\/#breadcrumb","itemListElement":[{"@type":"ListItem","position":1,"name":"Home","item":"https:\/\/skaitytaknyga.lt\/"},{"@type":"ListItem","position":2,"name":"Parduotuv\u0117","item":"https:\/\/skaitytaknyga.lt\/knygu-parduotuve\/"},{"@type":"ListItem","position":3,"name":"Panel\u0117s Smilos sniego jausmas"}]},{"@type":"WebSite","@id":"https:\/\/skaitytaknyga.lt\/#website","url":"https:\/\/skaitytaknyga.lt\/","name":"skaitytaknyga.lt","description":"Skaitytaknyga.lt \u2013 tai ma\u017eas \u0161eimos verslas, kuris prasid\u0117jo nuo meil\u0117s knygoms ir siekio i\u0161gelb\u0117ti knygas nuo likimo prie konteinerio. Kas vienam nereikalingas daiktas \u2013 kitam lobis, o mes esame tarpininkai, kurie padeda abiems tapti laimingesniems ???? \u017dinome kaip nelengva i\u0161gyventi ma\u017eiems verslams, tad nuo \u0161iol, \u010dia rasite ir kit\u0173, ma\u017e\u0173 \u0161eim\u0173 versl\u0173, rank\u0173 darbo, dovan\u0173 sau ir artimiesiems.","publisher":{"@id":"https:\/\/skaitytaknyga.lt\/#organization"},"potentialAction":[{"@type":"SearchAction","target":{"@type":"EntryPoint","urlTemplate":"https:\/\/skaitytaknyga.lt\/?s={search_term_string}"},"query-input":{"@type":"PropertyValueSpecification","valueRequired":true,"valueName":"search_term_string"}}],"inLanguage":"en-GB"},{"@type":"Organization","@id":"https:\/\/skaitytaknyga.lt\/#organization","name":"skaitytaknyga.lt","url":"https:\/\/skaitytaknyga.lt\/","logo":{"@type":"ImageObject","inLanguage":"en-GB","@id":"https:\/\/skaitytaknyga.lt\/#\/schema\/logo\/image\/","url":"https:\/\/skaitytaknyga.lt\/wp-content\/uploads\/2024\/05\/cropped-cropped-cropped-02_00843_jt3bggkj1j3HLc7SyY6rEUpg.jpeg","contentUrl":"https:\/\/skaitytaknyga.lt\/wp-content\/uploads\/2024\/05\/cropped-cropped-cropped-02_00843_jt3bggkj1j3HLc7SyY6rEUpg.jpeg","width":1600,"height":1600,"caption":"skaitytaknyga.lt"},"image":{"@id":"https:\/\/skaitytaknyga.lt\/#\/schema\/logo\/image\/"},"sameAs":["https:\/\/www.facebook.com\/skaitytaknyga\/"]}]}},"_links":{"self":[{"href":"https:\/\/skaitytaknyga.lt\/en\/wp-json\/wp\/v2\/product\/19892","targetHints":{"allow":["GET"]}}],"collection":[{"href":"https:\/\/skaitytaknyga.lt\/en\/wp-json\/wp\/v2\/product"}],"about":[{"href":"https:\/\/skaitytaknyga.lt\/en\/wp-json\/wp\/v2\/types\/product"}],"replies":[{"embeddable":true,"href":"https:\/\/skaitytaknyga.lt\/en\/wp-json\/wp\/v2\/comments?post=19892"}],"wp:featuredmedia":[{"embeddable":true,"href":"https:\/\/skaitytaknyga.lt\/en\/wp-json\/wp\/v2\/media\/19902"}],"wp:attachment":[{"href":"https:\/\/skaitytaknyga.lt\/en\/wp-json\/wp\/v2\/media?parent=19892"}],"wp:term":[{"taxonomy":"product_brand","embeddable":true,"href":"https:\/\/skaitytaknyga.lt\/en\/wp-json\/wp\/v2\/product_brand?post=19892"},{"taxonomy":"product_cat","embeddable":true,"href":"https:\/\/skaitytaknyga.lt\/en\/wp-json\/wp\/v2\/product_cat?post=19892"},{"taxonomy":"product_tag","embeddable":true,"href":"https:\/\/skaitytaknyga.lt\/en\/wp-json\/wp\/v2\/product_tag?post=19892"}],"curies":[{"name":"wp","href":"https:\/\/api.w.org\/{rel}","templated":true}]}}