{"id":19891,"date":"2025-07-25T09:31:37","date_gmt":"2025-07-25T06:31:37","guid":{"rendered":"https:\/\/skaitytaknyga.lt\/?post_type=product&#038;p=19891"},"modified":"2026-03-05T13:45:21","modified_gmt":"2026-03-05T11:45:21","slug":"geresne-ji","status":"publish","type":"product","link":"https:\/\/skaitytaknyga.lt\/en\/produktas\/geresne-ji\/","title":{"rendered":"Geresn\u0117 ji"},"content":{"rendered":"<p>Seid\u0117 ir Vilas Foustai su s\u016bnumis i\u0161 \u010cikagos persikrausto \u012f tyli\u0105 salel\u0119 prie Meino krant\u0173. \u010cia visi vieni kitus pa\u017e\u012fsta. O naujakuriai stebimi ypa\u010d akylai.<\/p>\n<p>Paskui Foustus velkasi ilgas \u010cikagoje likusi\u0173 klaid\u0173, nutyl\u0117jim\u0173, nuoskaud\u0173 ir melagys\u010di\u0173 \u0161leifas. Meine pasitinka i\u0161bandymai: ne tik mai\u0161tinga, motinos savi\u017eudyb\u0117s sutraumuota paaugl\u0117, kuri\u0105 Foustai privalo priimti \u012f savo \u0161eim\u0105, bet ir nejaukus namas, persmelktas skausmu ir paslaptimis.<\/p>\n<p>Kaimynyst\u0117je randama negyva moteris. \u017dmog\u017eudyst\u0117 sujaukia ma\u017eyt\u0117s salos ramyb\u0119, bet Seid\u0119 sukre\u010dia labiausiai. \u012etari\u0173 gyventoj\u0173 akims sekant naujakuri\u0173 \u0161eim\u0105, Seid\u0117 kar\u0161tligi\u0161kai pasineria \u012f kaimyn\u0173 ir savo \u0161eimos paslap\u010di\u0173 narpliojim\u0105. Ar mylin\u010di\u0173 sutuoktini\u0173 \u012fvaizdis \u2013 tik apgaul\u0117? Kokias nuoskaudas slepia vaikai? Sutuoktinis? Ji pati?<\/p>\n<p>Sulig kiekvienu atsakytu klausimu tampa akivaizdu, kad tiesa i\u0161 Seid\u0117s gali atimti labai daug. Per daug.<\/p>\n","protected":false},"excerpt":{"rendered":"<p>Seid\u0117 ir Vilas Foustai su s\u016bnumis i\u0161 \u010cikagos persikrausto \u012f tyli\u0105 salel\u0119 prie Meino krant\u0173. \u010cia visi vieni kitus pa\u017e\u012fsta. O naujakuriai stebimi ypa\u010d akylai. Paskui Foustus velkasi ilgas \u010cikagoje likusi\u0173 klaid\u0173, nutyl\u0117jim\u0173, nuoskaud\u0173 ir melagys\u010di\u0173 \u0161leifas. Meine pasitinka i\u0161bandymai: ne tik mai\u0161tinga, motinos savi\u017eudyb\u0117s sutraumuota paaugl\u0117, kuri\u0105 Foustai privalo priimti \u012f savo \u0161eim\u0105, bet ir nejaukus namas, persmelktas skausmu ir paslaptimis. Kaimynyst\u0117je randama negyva moteris. \u017dmog\u017eudyst\u0117 sujaukia ma\u017eyt\u0117s salos ramyb\u0119, bet Seid\u0119 sukre\u010dia labiausiai. \u012etari\u0173 gyventoj\u0173 akims sekant naujakuri\u0173 \u0161eim\u0105, Seid\u0117 kar\u0161tligi\u0161kai pasineria \u012f kaimyn\u0173 ir savo \u0161eimos paslap\u010di\u0173 narpliojim\u0105. Ar mylin\u010di\u0173 sutuoktini\u0173 \u012fvaizdis \u2013 tik apgaul\u0117? Kokias nuoskaudas slepia vaikai? Sutuoktinis? Ji pati? Sulig kiekvienu atsakytu klausimu tampa akivaizdu, kad tiesa i\u0161 Seid\u0117s gali atimti labai daug. Per daug.<\/p>\n","protected":false},"featured_media":19901,"comment_status":"open","ping_status":"closed","template":"","meta":{"_acf_changed":false,"site-sidebar-layout":"default","site-content-layout":"","ast-site-content-layout":"default","site-content-style":"default","site-sidebar-style":"default","ast-global-header-display":"","ast-banner-title-visibility":"","ast-main-header-display":"","ast-hfb-above-header-display":"","ast-hfb-below-header-display":"","ast-hfb-mobile-header-display":"","site-post-title":"","ast-breadcrumbs-content":"","ast-featured-img":"","footer-sml-layout":"","ast-disable-related-posts":"","theme-transparent-header-meta":"","adv-header-id-meta":"","stick-header-meta":"","header-above-stick-meta":"","header-main-stick-meta":"","header-below-stick-meta":"","astra-migrate-meta-layouts":"default","ast-page-background-enabled":"default","ast-page-background-meta":{"desktop":{"background-color":"","background-image":"","background-repeat":"repeat","background-position":"center center","background-size":"auto","background-attachment":"scroll","background-type":"","background-media":"","overlay-type":"","overlay-color":"","overlay-opacity":"","overlay-gradient":""},"tablet":{"background-color":"","background-image":"","background-repeat":"repeat","background-position":"center center","background-size":"auto","background-attachment":"scroll","background-type":"","background-media":"","overlay-type":"","overlay-color":"","overlay-opacity":"","overlay-gradient":""},"mobile":{"background-color":"","background-image":"","background-repeat":"repeat","background-position":"center center","background-size":"auto","background-attachment":"scroll","background-type":"","background-media":"","overlay-type":"","overlay-color":"","overlay-opacity":"","overlay-gradient":""}},"ast-content-background-meta":{"desktop":{"background-color":"var(--ast-global-color-4)","background-image":"","background-repeat":"repeat","background-position":"center center","background-size":"auto","background-attachment":"scroll","background-type":"","background-media":"","overlay-type":"","overlay-color":"","overlay-opacity":"","overlay-gradient":""},"tablet":{"background-color":"var(--ast-global-color-4)","background-image":"","background-repeat":"repeat","background-position":"center center","background-size":"auto","background-attachment":"scroll","background-type":"","background-media":"","overlay-type":"","overlay-color":"","overlay-opacity":"","overlay-gradient":""},"mobile":{"background-color":"var(--ast-global-color-4)","background-image":"","background-repeat":"repeat","background-position":"center center","background-size":"auto","background-attachment":"scroll","background-type":"","background-media":"","overlay-type":"","overlay-color":"","overlay-opacity":"","overlay-gradient":""}}},"product_brand":[],"product_cat":[9580],"product_tag":[6939,6938,1478,2155,1646,2922],"class_list":{"0":"post-19891","1":"product","2":"type-product","3":"status-publish","4":"has-post-thumbnail","6":"product_cat-psichologiniai-detektyvai","7":"product_tag-geresne-ji","8":"product_tag-mary-kubica","9":"product_tag-paslaptys","10":"product_tag-psichologinis-trileris","11":"product_tag-seima","12":"product_tag-smurtas","13":"desktop-align-left","14":"tablet-align-left","15":"mobile-align-left","17":"first","18":"instock","19":"shipping-taxable","20":"purchasable","21":"product-type-simple"},"acf":[],"yoast_head":"<!-- This site is optimized with the Yoast SEO plugin v27.0 - https:\/\/yoast.com\/product\/yoast-seo-wordpress\/ -->\n<title>Geresn\u0117 ji<\/title>\n<meta name=\"description\" content=\"Seid\u0117 ir Vilas Foustai su s\u016bnumis i\u0161 \u010cikagos persikrausto \u012f tyli\u0105 salel\u0119 prie Meino krant\u0173. \u010cia visi vieni kitus pa\u017e\u012fsta. O naujakuriai stebimi ypa\u010d\" \/>\n<meta name=\"robots\" content=\"index, follow, max-snippet:-1, max-image-preview:large, max-video-preview:-1\" \/>\n<link rel=\"canonical\" href=\"https:\/\/skaitytaknyga.lt\/en\/produktas\/geresne-ji\/\" \/>\n<meta property=\"og:locale\" content=\"en_GB\" \/>\n<meta property=\"og:locale:alternate\" content=\"lt_LT\" \/>\n<meta property=\"og:type\" content=\"article\" \/>\n<meta property=\"og:title\" content=\"Geresn\u0117 ji\" \/>\n<meta property=\"og:description\" content=\"Seid\u0117 ir Vilas Foustai su s\u016bnumis i\u0161 \u010cikagos persikrausto \u012f tyli\u0105 salel\u0119 prie Meino krant\u0173. \u010cia visi vieni kitus pa\u017e\u012fsta. O naujakuriai stebimi ypa\u010d\" \/>\n<meta property=\"og:url\" content=\"https:\/\/skaitytaknyga.lt\/en\/produktas\/geresne-ji\/\" \/>\n<meta property=\"og:site_name\" content=\"Skaitytaknyga\" \/>\n<meta property=\"article:publisher\" content=\"https:\/\/www.facebook.com\/skaitytaknyga\/\" \/>\n<meta property=\"article:modified_time\" content=\"2026-03-05T11:45:21+00:00\" \/>\n<meta property=\"og:image\" content=\"https:\/\/skaitytaknyga.lt\/wp-content\/uploads\/2025\/07\/Geresne-ji-e1753425140574.webp\" \/>\n\t<meta property=\"og:image:width\" content=\"263\" \/>\n\t<meta property=\"og:image:height\" content=\"406\" \/>\n\t<meta property=\"og:image:type\" content=\"image\/webp\" \/>\n<meta name=\"twitter:card\" content=\"summary_large_image\" \/>\n<meta name=\"twitter:label1\" content=\"Estimated reading time\" \/>\n\t<meta name=\"twitter:data1\" content=\"1 minute\" \/>\n<script type=\"application\/ld+json\" class=\"yoast-schema-graph\">{\"@context\":\"https:\/\/schema.org\",\"@graph\":[{\"@type\":\"WebPage\",\"@id\":\"https:\/\/skaitytaknyga.lt\/produktas\/geresne-ji\/\",\"url\":\"https:\/\/skaitytaknyga.lt\/produktas\/geresne-ji\/\",\"name\":\"Geresn\u0117 ji\",\"isPartOf\":{\"@id\":\"https:\/\/skaitytaknyga.lt\/#website\"},\"primaryImageOfPage\":{\"@id\":\"https:\/\/skaitytaknyga.lt\/produktas\/geresne-ji\/#primaryimage\"},\"image\":{\"@id\":\"https:\/\/skaitytaknyga.lt\/produktas\/geresne-ji\/#primaryimage\"},\"thumbnailUrl\":\"https:\/\/skaitytaknyga.lt\/wp-content\/uploads\/2025\/07\/Geresne-ji-e1753425140574.webp\",\"datePublished\":\"2025-07-25T06:31:37+00:00\",\"dateModified\":\"2026-03-05T11:45:21+00:00\",\"description\":\"Seid\u0117 ir Vilas Foustai su s\u016bnumis i\u0161 \u010cikagos persikrausto \u012f tyli\u0105 salel\u0119 prie Meino krant\u0173. \u010cia visi vieni kitus pa\u017e\u012fsta. O naujakuriai stebimi ypa\u010d\",\"breadcrumb\":{\"@id\":\"https:\/\/skaitytaknyga.lt\/produktas\/geresne-ji\/#breadcrumb\"},\"inLanguage\":\"en-GB\",\"potentialAction\":[{\"@type\":\"ReadAction\",\"target\":[\"https:\/\/skaitytaknyga.lt\/produktas\/geresne-ji\/\"]}]},{\"@type\":\"ImageObject\",\"inLanguage\":\"en-GB\",\"@id\":\"https:\/\/skaitytaknyga.lt\/produktas\/geresne-ji\/#primaryimage\",\"url\":\"https:\/\/skaitytaknyga.lt\/wp-content\/uploads\/2025\/07\/Geresne-ji-e1753425140574.webp\",\"contentUrl\":\"https:\/\/skaitytaknyga.lt\/wp-content\/uploads\/2025\/07\/Geresne-ji-e1753425140574.webp\",\"width\":263,\"height\":406,\"caption\":\"Geresn\u0117 ji\"},{\"@type\":\"BreadcrumbList\",\"@id\":\"https:\/\/skaitytaknyga.lt\/produktas\/geresne-ji\/#breadcrumb\",\"itemListElement\":[{\"@type\":\"ListItem\",\"position\":1,\"name\":\"Home\",\"item\":\"https:\/\/skaitytaknyga.lt\/\"},{\"@type\":\"ListItem\",\"position\":2,\"name\":\"Parduotuv\u0117\",\"item\":\"https:\/\/skaitytaknyga.lt\/knygu-parduotuve\/\"},{\"@type\":\"ListItem\",\"position\":3,\"name\":\"Geresn\u0117 ji\"}]},{\"@type\":\"WebSite\",\"@id\":\"https:\/\/skaitytaknyga.lt\/#website\",\"url\":\"https:\/\/skaitytaknyga.lt\/\",\"name\":\"skaitytaknyga.lt\",\"description\":\"Skaitytaknyga.lt \u2013 tai ma\u017eas \u0161eimos verslas, kuris prasid\u0117jo nuo meil\u0117s knygoms ir siekio i\u0161gelb\u0117ti knygas nuo likimo prie konteinerio. Kas vienam nereikalingas daiktas \u2013 kitam lobis, o mes esame tarpininkai, kurie padeda abiems tapti laimingesniems ???? \u017dinome kaip nelengva i\u0161gyventi ma\u017eiems verslams, tad nuo \u0161iol, \u010dia rasite ir kit\u0173, ma\u017e\u0173 \u0161eim\u0173 versl\u0173, rank\u0173 darbo, dovan\u0173 sau ir artimiesiems.\",\"publisher\":{\"@id\":\"https:\/\/skaitytaknyga.lt\/#organization\"},\"potentialAction\":[{\"@type\":\"SearchAction\",\"target\":{\"@type\":\"EntryPoint\",\"urlTemplate\":\"https:\/\/skaitytaknyga.lt\/?s={search_term_string}\"},\"query-input\":{\"@type\":\"PropertyValueSpecification\",\"valueRequired\":true,\"valueName\":\"search_term_string\"}}],\"inLanguage\":\"en-GB\"},{\"@type\":\"Organization\",\"@id\":\"https:\/\/skaitytaknyga.lt\/#organization\",\"name\":\"skaitytaknyga.lt\",\"url\":\"https:\/\/skaitytaknyga.lt\/\",\"logo\":{\"@type\":\"ImageObject\",\"inLanguage\":\"en-GB\",\"@id\":\"https:\/\/skaitytaknyga.lt\/#\/schema\/logo\/image\/\",\"url\":\"https:\/\/skaitytaknyga.lt\/wp-content\/uploads\/2024\/05\/cropped-cropped-cropped-02_00843_jt3bggkj1j3HLc7SyY6rEUpg.jpeg\",\"contentUrl\":\"https:\/\/skaitytaknyga.lt\/wp-content\/uploads\/2024\/05\/cropped-cropped-cropped-02_00843_jt3bggkj1j3HLc7SyY6rEUpg.jpeg\",\"width\":1600,\"height\":1600,\"caption\":\"skaitytaknyga.lt\"},\"image\":{\"@id\":\"https:\/\/skaitytaknyga.lt\/#\/schema\/logo\/image\/\"},\"sameAs\":[\"https:\/\/www.facebook.com\/skaitytaknyga\/\"]}]}<\/script>\n<!-- \/ Yoast SEO plugin. -->","yoast_head_json":{"title":"Geresn\u0117 ji","description":"Seid\u0117 ir Vilas Foustai su s\u016bnumis i\u0161 \u010cikagos persikrausto \u012f tyli\u0105 salel\u0119 prie Meino krant\u0173. \u010cia visi vieni kitus pa\u017e\u012fsta. O naujakuriai stebimi ypa\u010d","robots":{"index":"index","follow":"follow","max-snippet":"max-snippet:-1","max-image-preview":"max-image-preview:large","max-video-preview":"max-video-preview:-1"},"canonical":"https:\/\/skaitytaknyga.lt\/en\/produktas\/geresne-ji\/","og_locale":"en_GB","og_type":"article","og_title":"[:lt]Geresn\u0117 ji[:] - Skaitytaknyga","og_description":"Seid\u0117 ir Vilas Foustai su s\u016bnumis i\u0161 \u010cikagos persikrausto \u012f tyli\u0105 salel\u0119 prie Meino krant\u0173. \u010cia visi vieni kitus pa\u017e\u012fsta. O naujakuriai stebimi ypa\u010d","og_url":"https:\/\/skaitytaknyga.lt\/en\/produktas\/geresne-ji\/","og_site_name":"Skaitytaknyga","article_publisher":"https:\/\/www.facebook.com\/skaitytaknyga\/","article_modified_time":"2026-03-05T11:45:21+00:00","og_image":[{"width":263,"height":406,"url":"https:\/\/skaitytaknyga.lt\/wp-content\/uploads\/2025\/07\/Geresne-ji-e1753425140574.webp","type":"image\/webp"}],"twitter_card":"summary_large_image","twitter_misc":{"Estimated reading time":"1 minute"},"schema":{"@context":"https:\/\/schema.org","@graph":[{"@type":"WebPage","@id":"https:\/\/skaitytaknyga.lt\/produktas\/geresne-ji\/","url":"https:\/\/skaitytaknyga.lt\/produktas\/geresne-ji\/","name":"Geresn\u0117 ji","isPartOf":{"@id":"https:\/\/skaitytaknyga.lt\/#website"},"primaryImageOfPage":{"@id":"https:\/\/skaitytaknyga.lt\/produktas\/geresne-ji\/#primaryimage"},"image":{"@id":"https:\/\/skaitytaknyga.lt\/produktas\/geresne-ji\/#primaryimage"},"thumbnailUrl":"https:\/\/skaitytaknyga.lt\/wp-content\/uploads\/2025\/07\/Geresne-ji-e1753425140574.webp","datePublished":"2025-07-25T06:31:37+00:00","dateModified":"2026-03-05T11:45:21+00:00","description":"Seid\u0117 ir Vilas Foustai su s\u016bnumis i\u0161 \u010cikagos persikrausto \u012f tyli\u0105 salel\u0119 prie Meino krant\u0173. \u010cia visi vieni kitus pa\u017e\u012fsta. O naujakuriai stebimi ypa\u010d","breadcrumb":{"@id":"https:\/\/skaitytaknyga.lt\/produktas\/geresne-ji\/#breadcrumb"},"inLanguage":"en-GB","potentialAction":[{"@type":"ReadAction","target":["https:\/\/skaitytaknyga.lt\/produktas\/geresne-ji\/"]}]},{"@type":"ImageObject","inLanguage":"en-GB","@id":"https:\/\/skaitytaknyga.lt\/produktas\/geresne-ji\/#primaryimage","url":"https:\/\/skaitytaknyga.lt\/wp-content\/uploads\/2025\/07\/Geresne-ji-e1753425140574.webp","contentUrl":"https:\/\/skaitytaknyga.lt\/wp-content\/uploads\/2025\/07\/Geresne-ji-e1753425140574.webp","width":263,"height":406,"caption":"Geresn\u0117 ji"},{"@type":"BreadcrumbList","@id":"https:\/\/skaitytaknyga.lt\/produktas\/geresne-ji\/#breadcrumb","itemListElement":[{"@type":"ListItem","position":1,"name":"Home","item":"https:\/\/skaitytaknyga.lt\/"},{"@type":"ListItem","position":2,"name":"Parduotuv\u0117","item":"https:\/\/skaitytaknyga.lt\/knygu-parduotuve\/"},{"@type":"ListItem","position":3,"name":"Geresn\u0117 ji"}]},{"@type":"WebSite","@id":"https:\/\/skaitytaknyga.lt\/#website","url":"https:\/\/skaitytaknyga.lt\/","name":"skaitytaknyga.lt","description":"Skaitytaknyga.lt \u2013 tai ma\u017eas \u0161eimos verslas, kuris prasid\u0117jo nuo meil\u0117s knygoms ir siekio i\u0161gelb\u0117ti knygas nuo likimo prie konteinerio. Kas vienam nereikalingas daiktas \u2013 kitam lobis, o mes esame tarpininkai, kurie padeda abiems tapti laimingesniems ???? \u017dinome kaip nelengva i\u0161gyventi ma\u017eiems verslams, tad nuo \u0161iol, \u010dia rasite ir kit\u0173, ma\u017e\u0173 \u0161eim\u0173 versl\u0173, rank\u0173 darbo, dovan\u0173 sau ir artimiesiems.","publisher":{"@id":"https:\/\/skaitytaknyga.lt\/#organization"},"potentialAction":[{"@type":"SearchAction","target":{"@type":"EntryPoint","urlTemplate":"https:\/\/skaitytaknyga.lt\/?s={search_term_string}"},"query-input":{"@type":"PropertyValueSpecification","valueRequired":true,"valueName":"search_term_string"}}],"inLanguage":"en-GB"},{"@type":"Organization","@id":"https:\/\/skaitytaknyga.lt\/#organization","name":"skaitytaknyga.lt","url":"https:\/\/skaitytaknyga.lt\/","logo":{"@type":"ImageObject","inLanguage":"en-GB","@id":"https:\/\/skaitytaknyga.lt\/#\/schema\/logo\/image\/","url":"https:\/\/skaitytaknyga.lt\/wp-content\/uploads\/2024\/05\/cropped-cropped-cropped-02_00843_jt3bggkj1j3HLc7SyY6rEUpg.jpeg","contentUrl":"https:\/\/skaitytaknyga.lt\/wp-content\/uploads\/2024\/05\/cropped-cropped-cropped-02_00843_jt3bggkj1j3HLc7SyY6rEUpg.jpeg","width":1600,"height":1600,"caption":"skaitytaknyga.lt"},"image":{"@id":"https:\/\/skaitytaknyga.lt\/#\/schema\/logo\/image\/"},"sameAs":["https:\/\/www.facebook.com\/skaitytaknyga\/"]}]}},"_links":{"self":[{"href":"https:\/\/skaitytaknyga.lt\/en\/wp-json\/wp\/v2\/product\/19891","targetHints":{"allow":["GET"]}}],"collection":[{"href":"https:\/\/skaitytaknyga.lt\/en\/wp-json\/wp\/v2\/product"}],"about":[{"href":"https:\/\/skaitytaknyga.lt\/en\/wp-json\/wp\/v2\/types\/product"}],"replies":[{"embeddable":true,"href":"https:\/\/skaitytaknyga.lt\/en\/wp-json\/wp\/v2\/comments?post=19891"}],"wp:featuredmedia":[{"embeddable":true,"href":"https:\/\/skaitytaknyga.lt\/en\/wp-json\/wp\/v2\/media\/19901"}],"wp:attachment":[{"href":"https:\/\/skaitytaknyga.lt\/en\/wp-json\/wp\/v2\/media?parent=19891"}],"wp:term":[{"taxonomy":"product_brand","embeddable":true,"href":"https:\/\/skaitytaknyga.lt\/en\/wp-json\/wp\/v2\/product_brand?post=19891"},{"taxonomy":"product_cat","embeddable":true,"href":"https:\/\/skaitytaknyga.lt\/en\/wp-json\/wp\/v2\/product_cat?post=19891"},{"taxonomy":"product_tag","embeddable":true,"href":"https:\/\/skaitytaknyga.lt\/en\/wp-json\/wp\/v2\/product_tag?post=19891"}],"curies":[{"name":"wp","href":"https:\/\/api.w.org\/{rel}","templated":true}]}}