{"id":19883,"date":"2025-07-25T09:05:45","date_gmt":"2025-07-25T06:05:45","guid":{"rendered":"https:\/\/skaitytaknyga.lt\/?post_type=product&#038;p=19883"},"modified":"2026-03-05T11:02:42","modified_gmt":"2026-03-05T09:02:42","slug":"kapo-sauksmas","status":"publish","type":"product","link":"https:\/\/skaitytaknyga.lt\/en\/produktas\/kapo-sauksmas\/","title":{"rendered":"Kapo \u0161auksmas"},"content":{"rendered":"<p>Simon Beckett (Saimonas Beketas; g. 1968 m.) \u2013 brit\u0173 autorius, i\u0161 kuklaus muzikanto ir reporterio virt\u0119s detektyv\u0173 ra\u0161ytoju ir i\u0161kart tap\u0119s labai populiarus. Jo detektyvai i\u0161 serijos apie Deivid\u0105 Hanter\u012f u\u017ekariavo vis\u0105 Europ\u0105, visa serija i\u0161versta \u012f daugiau nei 27 kalbas, o pagrindinis veik\u0117jas kriminalistas atrodo tarsi nu\u017eeng\u0119s i\u0161 filmo \u201eCSI Niujorkas\u201c.<\/p>\n<p>\u201eKapo \u0161auksmas\u201c \u2013 ketvirtoji ir kol kas paskutin\u0117 serijos knyga. Gr\u012f\u017etame \u012f praeit\u012f, kai teismo medicinos ekspertas Deividas Hanteris dar d\u017eiaug\u0117si laimingu gyvenimu su savo \u0161eima. Trys merginos dingsta be \u017einios. Bute \u017eiauriai nu\u017eudoma ketvirtoji \u2013 nebyl\u0117 \u2013 mergina. Krauju pasruv\u0119s nusikalt\u0117lis kvatodamas pasprunka. Jis \u2013 ne bet kas, o D\u017eonatanas Monkas, \u017eagintojas ir \u017eudikas maniakas, s\u0117jantis siaub\u0105 visame Dartmure. Sulaikytas jis atsisako nurodyti, kur u\u017ekas\u0117 k\u016bnus.<\/p>\n<p>Deivido Hanterio pastangos taip pat lieka bevais\u0117s. Atrodo, viskas taip ir nugrims \u012f u\u017emar\u0161t\u012f. Ta\u010diau po a\u0161tuoneri\u0173 met\u0173 viskas netik\u0117tai prasideda i\u0161 naujo, tik kur kas siaubingiau: Monkui pavyksta pasprukti i\u0161 kal\u0117jimo, ir visus apima neapra\u0161oma panika. Nu\u017eudyt\u0173 mergin\u0173 lavonai ima byloti i\u0161 po \u017eem\u0117s, Deividas Hanteris pabando sustabdyti \u017eudik\u0105, bet pasirodo, kad r\u016bke paskendusiame Dartmure \u017eiaurusis Monkas jau\u010diasi tarsi \u017euvis vandeny\u2026<\/p>\n<p>\u201eKapo \u0161auksmas\u201c \u2013 kankinan\u010dios \u012ftampos pilnas detektyvas, nei \u012ftaiga, nei siu\u017eeto pos\u016bkiais nenusileid\u017eiantis kitoms Deivido Hanterio serijos knygoms.<\/p>\n","protected":false},"excerpt":{"rendered":"<p>Simon Beckett (Saimonas Beketas; g. 1968 m.) \u2013 brit\u0173 autorius, i\u0161 kuklaus muzikanto ir reporterio virt\u0119s detektyv\u0173 ra\u0161ytoju ir i\u0161kart tap\u0119s labai populiarus. Jo detektyvai i\u0161 serijos apie Deivid\u0105 Hanter\u012f u\u017ekariavo vis\u0105 Europ\u0105, visa serija i\u0161versta \u012f daugiau nei 27 kalbas, o pagrindinis veik\u0117jas kriminalistas atrodo tarsi nu\u017eeng\u0119s i\u0161 filmo \u201eCSI Niujorkas\u201c. \u201eKapo \u0161auksmas\u201c \u2013 ketvirtoji ir kol kas paskutin\u0117 serijos knyga. Gr\u012f\u017etame \u012f praeit\u012f, kai teismo medicinos ekspertas Deividas Hanteris dar d\u017eiaug\u0117si laimingu gyvenimu su savo \u0161eima. Trys merginos dingsta be \u017einios. Bute \u017eiauriai nu\u017eudoma ketvirtoji \u2013 nebyl\u0117 \u2013 mergina. Krauju pasruv\u0119s nusikalt\u0117lis kvatodamas pasprunka. Jis \u2013 ne bet kas, o D\u017eonatanas Monkas, \u017eagintojas ir \u017eudikas maniakas, s\u0117jantis siaub\u0105 visame Dartmure. Sulaikytas jis atsisako nurodyti, kur u\u017ekas\u0117 k\u016bnus. Deivido Hanterio pastangos taip pat lieka bevais\u0117s. Atrodo, viskas taip ir nugrims \u012f u\u017emar\u0161t\u012f. Ta\u010diau po a\u0161tuoneri\u0173 met\u0173 viskas netik\u0117tai prasideda i\u0161 naujo, tik kur kas siaubingiau: Monkui pavyksta pasprukti i\u0161 kal\u0117jimo, ir visus apima neapra\u0161oma panika. Nu\u017eudyt\u0173 mergin\u0173 lavonai ima byloti i\u0161 po \u017eem\u0117s, Deividas Hanteris pabando sustabdyti \u017eudik\u0105, bet pasirodo, kad r\u016bke paskendusiame Dartmure \u017eiaurusis Monkas jau\u010diasi tarsi \u017euvis vandeny\u2026 \u201eKapo \u0161auksmas\u201c \u2013 kankinan\u010dios \u012ftampos pilnas detektyvas, nei \u012ftaiga, nei siu\u017eeto pos\u016bkiais nenusileid\u017eiantis kitoms Deivido Hanterio serijos knygoms.<\/p>\n","protected":false},"featured_media":19890,"comment_status":"open","ping_status":"closed","template":"","meta":{"_acf_changed":false,"site-sidebar-layout":"default","site-content-layout":"","ast-site-content-layout":"default","site-content-style":"default","site-sidebar-style":"default","ast-global-header-display":"","ast-banner-title-visibility":"","ast-main-header-display":"","ast-hfb-above-header-display":"","ast-hfb-below-header-display":"","ast-hfb-mobile-header-display":"","site-post-title":"","ast-breadcrumbs-content":"","ast-featured-img":"","footer-sml-layout":"","ast-disable-related-posts":"","theme-transparent-header-meta":"","adv-header-id-meta":"","stick-header-meta":"","header-above-stick-meta":"","header-main-stick-meta":"","header-below-stick-meta":"","astra-migrate-meta-layouts":"default","ast-page-background-enabled":"default","ast-page-background-meta":{"desktop":{"background-color":"","background-image":"","background-repeat":"repeat","background-position":"center center","background-size":"auto","background-attachment":"scroll","background-type":"","background-media":"","overlay-type":"","overlay-color":"","overlay-opacity":"","overlay-gradient":""},"tablet":{"background-color":"","background-image":"","background-repeat":"repeat","background-position":"center center","background-size":"auto","background-attachment":"scroll","background-type":"","background-media":"","overlay-type":"","overlay-color":"","overlay-opacity":"","overlay-gradient":""},"mobile":{"background-color":"","background-image":"","background-repeat":"repeat","background-position":"center center","background-size":"auto","background-attachment":"scroll","background-type":"","background-media":"","overlay-type":"","overlay-color":"","overlay-opacity":"","overlay-gradient":""}},"ast-content-background-meta":{"desktop":{"background-color":"var(--ast-global-color-4)","background-image":"","background-repeat":"repeat","background-position":"center center","background-size":"auto","background-attachment":"scroll","background-type":"","background-media":"","overlay-type":"","overlay-color":"","overlay-opacity":"","overlay-gradient":""},"tablet":{"background-color":"var(--ast-global-color-4)","background-image":"","background-repeat":"repeat","background-position":"center center","background-size":"auto","background-attachment":"scroll","background-type":"","background-media":"","overlay-type":"","overlay-color":"","overlay-opacity":"","overlay-gradient":""},"mobile":{"background-color":"var(--ast-global-color-4)","background-image":"","background-repeat":"repeat","background-position":"center center","background-size":"auto","background-attachment":"scroll","background-type":"","background-media":"","overlay-type":"","overlay-color":"","overlay-opacity":"","overlay-gradient":""}}},"product_brand":[],"product_cat":[9581],"product_tag":[1476,6937,6927,3182,3242],"class_list":{"0":"post-19883","1":"product","2":"type-product","3":"status-publish","4":"has-post-thumbnail","6":"product_cat-kriminaliniai-romanai","7":"product_tag-detektyvas","8":"product_tag-kapo-sauksmas","9":"product_tag-simon-beckett","10":"product_tag-teismo-medicina","11":"product_tag-zudikas","12":"desktop-align-left","13":"tablet-align-left","14":"mobile-align-left","16":"first","17":"instock","18":"shipping-taxable","19":"purchasable","20":"product-type-simple"},"acf":[],"yoast_head":"<!-- This site is optimized with the Yoast SEO plugin v27.0 - https:\/\/yoast.com\/product\/yoast-seo-wordpress\/ -->\n<title>Kapo \u0161auksmas<\/title>\n<meta name=\"description\" content=\"Simon Beckett (Saimonas Beketas; g. 1968 m.) \u2013 brit\u0173 autorius, i\u0161 kuklaus muzikanto ir reporterio virt\u0119s detektyv\u0173 ra\u0161ytoju ir i\u0161kart tap\u0119s labai\" \/>\n<meta name=\"robots\" content=\"index, follow, max-snippet:-1, max-image-preview:large, max-video-preview:-1\" \/>\n<link rel=\"canonical\" href=\"https:\/\/skaitytaknyga.lt\/en\/produktas\/kapo-sauksmas\/\" \/>\n<meta property=\"og:locale\" content=\"en_GB\" \/>\n<meta property=\"og:locale:alternate\" content=\"lt_LT\" \/>\n<meta property=\"og:type\" content=\"article\" \/>\n<meta property=\"og:title\" content=\"Kapo \u0161auksmas\" \/>\n<meta property=\"og:description\" content=\"Simon Beckett (Saimonas Beketas; g. 1968 m.) \u2013 brit\u0173 autorius, i\u0161 kuklaus muzikanto ir reporterio virt\u0119s detektyv\u0173 ra\u0161ytoju ir i\u0161kart tap\u0119s labai\" \/>\n<meta property=\"og:url\" content=\"https:\/\/skaitytaknyga.lt\/en\/produktas\/kapo-sauksmas\/\" \/>\n<meta property=\"og:site_name\" content=\"Skaitytaknyga\" \/>\n<meta property=\"article:publisher\" content=\"https:\/\/www.facebook.com\/skaitytaknyga\/\" \/>\n<meta property=\"article:modified_time\" content=\"2026-03-05T09:02:42+00:00\" \/>\n<meta property=\"og:image\" content=\"https:\/\/skaitytaknyga.lt\/wp-content\/uploads\/2025\/07\/Kapo-sauksmas.webp\" \/>\n\t<meta property=\"og:image:width\" content=\"529\" \/>\n\t<meta property=\"og:image:height\" content=\"801\" \/>\n\t<meta property=\"og:image:type\" content=\"image\/webp\" \/>\n<meta name=\"twitter:card\" content=\"summary_large_image\" \/>\n<meta name=\"twitter:label1\" content=\"Estimated reading time\" \/>\n\t<meta name=\"twitter:data1\" content=\"1 minute\" \/>\n<script type=\"application\/ld+json\" class=\"yoast-schema-graph\">{\"@context\":\"https:\/\/schema.org\",\"@graph\":[{\"@type\":\"WebPage\",\"@id\":\"https:\/\/skaitytaknyga.lt\/produktas\/kapo-sauksmas\/\",\"url\":\"https:\/\/skaitytaknyga.lt\/produktas\/kapo-sauksmas\/\",\"name\":\"Kapo \u0161auksmas\",\"isPartOf\":{\"@id\":\"https:\/\/skaitytaknyga.lt\/#website\"},\"primaryImageOfPage\":{\"@id\":\"https:\/\/skaitytaknyga.lt\/produktas\/kapo-sauksmas\/#primaryimage\"},\"image\":{\"@id\":\"https:\/\/skaitytaknyga.lt\/produktas\/kapo-sauksmas\/#primaryimage\"},\"thumbnailUrl\":\"https:\/\/skaitytaknyga.lt\/wp-content\/uploads\/2025\/07\/Kapo-sauksmas.webp\",\"datePublished\":\"2025-07-25T06:05:45+00:00\",\"dateModified\":\"2026-03-05T09:02:42+00:00\",\"description\":\"Simon Beckett (Saimonas Beketas; g. 1968 m.) \u2013 brit\u0173 autorius, i\u0161 kuklaus muzikanto ir reporterio virt\u0119s detektyv\u0173 ra\u0161ytoju ir i\u0161kart tap\u0119s labai\",\"breadcrumb\":{\"@id\":\"https:\/\/skaitytaknyga.lt\/produktas\/kapo-sauksmas\/#breadcrumb\"},\"inLanguage\":\"en-GB\",\"potentialAction\":[{\"@type\":\"ReadAction\",\"target\":[\"https:\/\/skaitytaknyga.lt\/produktas\/kapo-sauksmas\/\"]}]},{\"@type\":\"ImageObject\",\"inLanguage\":\"en-GB\",\"@id\":\"https:\/\/skaitytaknyga.lt\/produktas\/kapo-sauksmas\/#primaryimage\",\"url\":\"https:\/\/skaitytaknyga.lt\/wp-content\/uploads\/2025\/07\/Kapo-sauksmas.webp\",\"contentUrl\":\"https:\/\/skaitytaknyga.lt\/wp-content\/uploads\/2025\/07\/Kapo-sauksmas.webp\",\"width\":529,\"height\":801},{\"@type\":\"BreadcrumbList\",\"@id\":\"https:\/\/skaitytaknyga.lt\/produktas\/kapo-sauksmas\/#breadcrumb\",\"itemListElement\":[{\"@type\":\"ListItem\",\"position\":1,\"name\":\"Home\",\"item\":\"https:\/\/skaitytaknyga.lt\/\"},{\"@type\":\"ListItem\",\"position\":2,\"name\":\"Parduotuv\u0117\",\"item\":\"https:\/\/skaitytaknyga.lt\/knygu-parduotuve\/\"},{\"@type\":\"ListItem\",\"position\":3,\"name\":\"Kapo \u0161auksmas\"}]},{\"@type\":\"WebSite\",\"@id\":\"https:\/\/skaitytaknyga.lt\/#website\",\"url\":\"https:\/\/skaitytaknyga.lt\/\",\"name\":\"skaitytaknyga.lt\",\"description\":\"Skaitytaknyga.lt \u2013 tai ma\u017eas \u0161eimos verslas, kuris prasid\u0117jo nuo meil\u0117s knygoms ir siekio i\u0161gelb\u0117ti knygas nuo likimo prie konteinerio. Kas vienam nereikalingas daiktas \u2013 kitam lobis, o mes esame tarpininkai, kurie padeda abiems tapti laimingesniems ???? \u017dinome kaip nelengva i\u0161gyventi ma\u017eiems verslams, tad nuo \u0161iol, \u010dia rasite ir kit\u0173, ma\u017e\u0173 \u0161eim\u0173 versl\u0173, rank\u0173 darbo, dovan\u0173 sau ir artimiesiems.\",\"publisher\":{\"@id\":\"https:\/\/skaitytaknyga.lt\/#organization\"},\"potentialAction\":[{\"@type\":\"SearchAction\",\"target\":{\"@type\":\"EntryPoint\",\"urlTemplate\":\"https:\/\/skaitytaknyga.lt\/?s={search_term_string}\"},\"query-input\":{\"@type\":\"PropertyValueSpecification\",\"valueRequired\":true,\"valueName\":\"search_term_string\"}}],\"inLanguage\":\"en-GB\"},{\"@type\":\"Organization\",\"@id\":\"https:\/\/skaitytaknyga.lt\/#organization\",\"name\":\"skaitytaknyga.lt\",\"url\":\"https:\/\/skaitytaknyga.lt\/\",\"logo\":{\"@type\":\"ImageObject\",\"inLanguage\":\"en-GB\",\"@id\":\"https:\/\/skaitytaknyga.lt\/#\/schema\/logo\/image\/\",\"url\":\"https:\/\/skaitytaknyga.lt\/wp-content\/uploads\/2024\/05\/cropped-cropped-cropped-02_00843_jt3bggkj1j3HLc7SyY6rEUpg.jpeg\",\"contentUrl\":\"https:\/\/skaitytaknyga.lt\/wp-content\/uploads\/2024\/05\/cropped-cropped-cropped-02_00843_jt3bggkj1j3HLc7SyY6rEUpg.jpeg\",\"width\":1600,\"height\":1600,\"caption\":\"skaitytaknyga.lt\"},\"image\":{\"@id\":\"https:\/\/skaitytaknyga.lt\/#\/schema\/logo\/image\/\"},\"sameAs\":[\"https:\/\/www.facebook.com\/skaitytaknyga\/\"]}]}<\/script>\n<!-- \/ Yoast SEO plugin. -->","yoast_head_json":{"title":"Kapo \u0161auksmas","description":"Simon Beckett (Saimonas Beketas; g. 1968 m.) \u2013 brit\u0173 autorius, i\u0161 kuklaus muzikanto ir reporterio virt\u0119s detektyv\u0173 ra\u0161ytoju ir i\u0161kart tap\u0119s labai","robots":{"index":"index","follow":"follow","max-snippet":"max-snippet:-1","max-image-preview":"max-image-preview:large","max-video-preview":"max-video-preview:-1"},"canonical":"https:\/\/skaitytaknyga.lt\/en\/produktas\/kapo-sauksmas\/","og_locale":"en_GB","og_type":"article","og_title":"[:lt]Kapo \u0161auksmas[:] - Skaitytaknyga","og_description":"Simon Beckett (Saimonas Beketas; g. 1968 m.) \u2013 brit\u0173 autorius, i\u0161 kuklaus muzikanto ir reporterio virt\u0119s detektyv\u0173 ra\u0161ytoju ir i\u0161kart tap\u0119s labai","og_url":"https:\/\/skaitytaknyga.lt\/en\/produktas\/kapo-sauksmas\/","og_site_name":"Skaitytaknyga","article_publisher":"https:\/\/www.facebook.com\/skaitytaknyga\/","article_modified_time":"2026-03-05T09:02:42+00:00","og_image":[{"width":529,"height":801,"url":"https:\/\/skaitytaknyga.lt\/wp-content\/uploads\/2025\/07\/Kapo-sauksmas.webp","type":"image\/webp"}],"twitter_card":"summary_large_image","twitter_misc":{"Estimated reading time":"1 minute"},"schema":{"@context":"https:\/\/schema.org","@graph":[{"@type":"WebPage","@id":"https:\/\/skaitytaknyga.lt\/produktas\/kapo-sauksmas\/","url":"https:\/\/skaitytaknyga.lt\/produktas\/kapo-sauksmas\/","name":"Kapo \u0161auksmas","isPartOf":{"@id":"https:\/\/skaitytaknyga.lt\/#website"},"primaryImageOfPage":{"@id":"https:\/\/skaitytaknyga.lt\/produktas\/kapo-sauksmas\/#primaryimage"},"image":{"@id":"https:\/\/skaitytaknyga.lt\/produktas\/kapo-sauksmas\/#primaryimage"},"thumbnailUrl":"https:\/\/skaitytaknyga.lt\/wp-content\/uploads\/2025\/07\/Kapo-sauksmas.webp","datePublished":"2025-07-25T06:05:45+00:00","dateModified":"2026-03-05T09:02:42+00:00","description":"Simon Beckett (Saimonas Beketas; g. 1968 m.) \u2013 brit\u0173 autorius, i\u0161 kuklaus muzikanto ir reporterio virt\u0119s detektyv\u0173 ra\u0161ytoju ir i\u0161kart tap\u0119s labai","breadcrumb":{"@id":"https:\/\/skaitytaknyga.lt\/produktas\/kapo-sauksmas\/#breadcrumb"},"inLanguage":"en-GB","potentialAction":[{"@type":"ReadAction","target":["https:\/\/skaitytaknyga.lt\/produktas\/kapo-sauksmas\/"]}]},{"@type":"ImageObject","inLanguage":"en-GB","@id":"https:\/\/skaitytaknyga.lt\/produktas\/kapo-sauksmas\/#primaryimage","url":"https:\/\/skaitytaknyga.lt\/wp-content\/uploads\/2025\/07\/Kapo-sauksmas.webp","contentUrl":"https:\/\/skaitytaknyga.lt\/wp-content\/uploads\/2025\/07\/Kapo-sauksmas.webp","width":529,"height":801},{"@type":"BreadcrumbList","@id":"https:\/\/skaitytaknyga.lt\/produktas\/kapo-sauksmas\/#breadcrumb","itemListElement":[{"@type":"ListItem","position":1,"name":"Home","item":"https:\/\/skaitytaknyga.lt\/"},{"@type":"ListItem","position":2,"name":"Parduotuv\u0117","item":"https:\/\/skaitytaknyga.lt\/knygu-parduotuve\/"},{"@type":"ListItem","position":3,"name":"Kapo \u0161auksmas"}]},{"@type":"WebSite","@id":"https:\/\/skaitytaknyga.lt\/#website","url":"https:\/\/skaitytaknyga.lt\/","name":"skaitytaknyga.lt","description":"Skaitytaknyga.lt \u2013 tai ma\u017eas \u0161eimos verslas, kuris prasid\u0117jo nuo meil\u0117s knygoms ir siekio i\u0161gelb\u0117ti knygas nuo likimo prie konteinerio. Kas vienam nereikalingas daiktas \u2013 kitam lobis, o mes esame tarpininkai, kurie padeda abiems tapti laimingesniems ???? \u017dinome kaip nelengva i\u0161gyventi ma\u017eiems verslams, tad nuo \u0161iol, \u010dia rasite ir kit\u0173, ma\u017e\u0173 \u0161eim\u0173 versl\u0173, rank\u0173 darbo, dovan\u0173 sau ir artimiesiems.","publisher":{"@id":"https:\/\/skaitytaknyga.lt\/#organization"},"potentialAction":[{"@type":"SearchAction","target":{"@type":"EntryPoint","urlTemplate":"https:\/\/skaitytaknyga.lt\/?s={search_term_string}"},"query-input":{"@type":"PropertyValueSpecification","valueRequired":true,"valueName":"search_term_string"}}],"inLanguage":"en-GB"},{"@type":"Organization","@id":"https:\/\/skaitytaknyga.lt\/#organization","name":"skaitytaknyga.lt","url":"https:\/\/skaitytaknyga.lt\/","logo":{"@type":"ImageObject","inLanguage":"en-GB","@id":"https:\/\/skaitytaknyga.lt\/#\/schema\/logo\/image\/","url":"https:\/\/skaitytaknyga.lt\/wp-content\/uploads\/2024\/05\/cropped-cropped-cropped-02_00843_jt3bggkj1j3HLc7SyY6rEUpg.jpeg","contentUrl":"https:\/\/skaitytaknyga.lt\/wp-content\/uploads\/2024\/05\/cropped-cropped-cropped-02_00843_jt3bggkj1j3HLc7SyY6rEUpg.jpeg","width":1600,"height":1600,"caption":"skaitytaknyga.lt"},"image":{"@id":"https:\/\/skaitytaknyga.lt\/#\/schema\/logo\/image\/"},"sameAs":["https:\/\/www.facebook.com\/skaitytaknyga\/"]}]}},"_links":{"self":[{"href":"https:\/\/skaitytaknyga.lt\/en\/wp-json\/wp\/v2\/product\/19883","targetHints":{"allow":["GET"]}}],"collection":[{"href":"https:\/\/skaitytaknyga.lt\/en\/wp-json\/wp\/v2\/product"}],"about":[{"href":"https:\/\/skaitytaknyga.lt\/en\/wp-json\/wp\/v2\/types\/product"}],"replies":[{"embeddable":true,"href":"https:\/\/skaitytaknyga.lt\/en\/wp-json\/wp\/v2\/comments?post=19883"}],"wp:featuredmedia":[{"embeddable":true,"href":"https:\/\/skaitytaknyga.lt\/en\/wp-json\/wp\/v2\/media\/19890"}],"wp:attachment":[{"href":"https:\/\/skaitytaknyga.lt\/en\/wp-json\/wp\/v2\/media?parent=19883"}],"wp:term":[{"taxonomy":"product_brand","embeddable":true,"href":"https:\/\/skaitytaknyga.lt\/en\/wp-json\/wp\/v2\/product_brand?post=19883"},{"taxonomy":"product_cat","embeddable":true,"href":"https:\/\/skaitytaknyga.lt\/en\/wp-json\/wp\/v2\/product_cat?post=19883"},{"taxonomy":"product_tag","embeddable":true,"href":"https:\/\/skaitytaknyga.lt\/en\/wp-json\/wp\/v2\/product_tag?post=19883"}],"curies":[{"name":"wp","href":"https:\/\/api.w.org\/{rel}","templated":true}]}}