{"id":19882,"date":"2025-07-25T09:05:45","date_gmt":"2025-07-25T06:05:45","guid":{"rendered":"https:\/\/skaitytaknyga.lt\/?post_type=product&#038;p=19882"},"modified":"2026-03-05T11:59:16","modified_gmt":"2026-03-05T09:59:16","slug":"irasyta-kauluose","status":"publish","type":"product","link":"https:\/\/skaitytaknyga.lt\/en\/produktas\/irasyta-kauluose\/","title":{"rendered":"\u012era\u0161yta kauluose"},"content":{"rendered":"<p>Teismo medikas Deividas Hanteris jau buvo netoli nam\u0173, kai j\u012f sustabd\u0117 telefono skambutis. Runoje, vienoje i\u0161 Hebrid\u0173 sal\u0173 toli Atlanto vandenyne, rastas lavonas. Atvyk\u0119s \u012f audr\u0173 purtom\u0105 sal\u0105, teismo medikas susiduria su sunkiu nusikaltimu. Beveik visi\u0161kai suangl\u0117j\u0119s lavonas rastas senoje l\u016b\u0161nel\u0117je; vietos policijos paj\u0117gos linksta tai laikyti nelaimingu atsitikimu, ta\u010diau Deividas tuo netiki. Tirdamas gaisraviet\u0119, jis padaro i\u0161vad\u0105, kad auka buvo nu\u017eudyta. Pad\u0117tis tampa dar gr\u0117smingesn\u0117, kai audra atskiria sal\u0105 nuo i\u0161orinio pasaulio, pastiprinimas neatvyksta, o velni\u0161ka ugnis \u012fsiplieskia v\u0117l. Tai rei\u0161kia tik viena: \u017eudikas tyko saloje ir teismo medikas privalo j\u012f rasti, kol dar ne per v\u0117lu.<\/p>\n<p>\u201e\u012era\u0161yta kauluose\u201d \u2013 pa\u0161\u0117lusios \u012ftampos kupinas detektyvas, sudarytas i\u0161 klasikini\u0173 komponent\u0173: apibr\u0117\u017etas galim\u0173 \u012ftariam\u0173j\u0173 ratas, visus be perstojo \u012ftarin\u0117jantys salos gyventojai ir daugyb\u0117 versij\u0173, tod\u0117l autoriui pavyksta klastingai ved\u017eioti skaitytoj\u0105 u\u017e nosies. \u012etampa auga sulig kiekvienu puslapiu, \u017eiaurumas nesl\u016bgsta, knyga kupina nejauki\u0173 paslap\u010di\u0173, kurios apgaubia tyr\u0117j\u0105 tarsi kokonas.<\/p>\n","protected":false},"excerpt":{"rendered":"<p>Teismo medikas Deividas Hanteris jau buvo netoli nam\u0173, kai j\u012f sustabd\u0117 telefono skambutis. Runoje, vienoje i\u0161 Hebrid\u0173 sal\u0173 toli Atlanto vandenyne, rastas lavonas. Atvyk\u0119s \u012f audr\u0173 purtom\u0105 sal\u0105, teismo medikas susiduria su sunkiu nusikaltimu. Beveik visi\u0161kai suangl\u0117j\u0119s lavonas rastas senoje l\u016b\u0161nel\u0117je; vietos policijos paj\u0117gos linksta tai laikyti nelaimingu atsitikimu, ta\u010diau Deividas tuo netiki. Tirdamas gaisraviet\u0119, jis padaro i\u0161vad\u0105, kad auka buvo nu\u017eudyta. Pad\u0117tis tampa dar gr\u0117smingesn\u0117, kai audra atskiria sal\u0105 nuo i\u0161orinio pasaulio, pastiprinimas neatvyksta, o velni\u0161ka ugnis \u012fsiplieskia v\u0117l. Tai rei\u0161kia tik viena: \u017eudikas tyko saloje ir teismo medikas privalo j\u012f rasti, kol dar ne per v\u0117lu. \u201e\u012era\u0161yta kauluose\u201d \u2013 pa\u0161\u0117lusios \u012ftampos kupinas detektyvas, sudarytas i\u0161 klasikini\u0173 komponent\u0173: apibr\u0117\u017etas galim\u0173 \u012ftariam\u0173j\u0173 ratas, visus be perstojo \u012ftarin\u0117jantys salos gyventojai ir daugyb\u0117 versij\u0173, tod\u0117l autoriui pavyksta klastingai ved\u017eioti skaitytoj\u0105 u\u017e nosies. \u012etampa auga sulig kiekvienu puslapiu, \u017eiaurumas nesl\u016bgsta, knyga kupina nejauki\u0173 paslap\u010di\u0173, kurios apgaubia tyr\u0117j\u0105 tarsi kokonas.<\/p>\n","protected":false},"featured_media":19889,"comment_status":"open","ping_status":"closed","template":"","meta":{"_acf_changed":false,"site-sidebar-layout":"default","site-content-layout":"","ast-site-content-layout":"default","site-content-style":"default","site-sidebar-style":"default","ast-global-header-display":"","ast-banner-title-visibility":"","ast-main-header-display":"","ast-hfb-above-header-display":"","ast-hfb-below-header-display":"","ast-hfb-mobile-header-display":"","site-post-title":"","ast-breadcrumbs-content":"","ast-featured-img":"","footer-sml-layout":"","ast-disable-related-posts":"","theme-transparent-header-meta":"","adv-header-id-meta":"","stick-header-meta":"","header-above-stick-meta":"","header-main-stick-meta":"","header-below-stick-meta":"","astra-migrate-meta-layouts":"default","ast-page-background-enabled":"default","ast-page-background-meta":{"desktop":{"background-color":"","background-image":"","background-repeat":"repeat","background-position":"center center","background-size":"auto","background-attachment":"scroll","background-type":"","background-media":"","overlay-type":"","overlay-color":"","overlay-opacity":"","overlay-gradient":""},"tablet":{"background-color":"","background-image":"","background-repeat":"repeat","background-position":"center center","background-size":"auto","background-attachment":"scroll","background-type":"","background-media":"","overlay-type":"","overlay-color":"","overlay-opacity":"","overlay-gradient":""},"mobile":{"background-color":"","background-image":"","background-repeat":"repeat","background-position":"center center","background-size":"auto","background-attachment":"scroll","background-type":"","background-media":"","overlay-type":"","overlay-color":"","overlay-opacity":"","overlay-gradient":""}},"ast-content-background-meta":{"desktop":{"background-color":"var(--ast-global-color-4)","background-image":"","background-repeat":"repeat","background-position":"center center","background-size":"auto","background-attachment":"scroll","background-type":"","background-media":"","overlay-type":"","overlay-color":"","overlay-opacity":"","overlay-gradient":""},"tablet":{"background-color":"var(--ast-global-color-4)","background-image":"","background-repeat":"repeat","background-position":"center center","background-size":"auto","background-attachment":"scroll","background-type":"","background-media":"","overlay-type":"","overlay-color":"","overlay-opacity":"","overlay-gradient":""},"mobile":{"background-color":"var(--ast-global-color-4)","background-image":"","background-repeat":"repeat","background-position":"center center","background-size":"auto","background-attachment":"scroll","background-type":"","background-media":"","overlay-type":"","overlay-color":"","overlay-opacity":"","overlay-gradient":""}}},"product_brand":[],"product_cat":[9581],"product_tag":[1476,6935,6585,6927,6936],"class_list":{"0":"post-19882","1":"product","2":"type-product","3":"status-publish","4":"has-post-thumbnail","6":"product_cat-kriminaliniai-romanai","7":"product_tag-detektyvas","8":"product_tag-irasyta-kauluose","9":"product_tag-sala","10":"product_tag-simon-beckett","11":"product_tag-tykojimas","12":"desktop-align-left","13":"tablet-align-left","14":"mobile-align-left","16":"first","17":"instock","18":"shipping-taxable","19":"purchasable","20":"product-type-simple"},"acf":[],"yoast_head":"<!-- This site is optimized with the Yoast SEO plugin v27.0 - https:\/\/yoast.com\/product\/yoast-seo-wordpress\/ -->\n<title>\u012era\u0161yta kauluose<\/title>\n<meta name=\"description\" content=\"Teismo medikas Deividas Hanteris jau buvo netoli nam\u0173, kai j\u012f sustabd\u0117 telefono skambutis. Runoje, vienoje i\u0161 Hebrid\u0173 sal\u0173 toli Atlanto vandenyne, rastas\" \/>\n<meta name=\"robots\" content=\"index, follow, max-snippet:-1, max-image-preview:large, max-video-preview:-1\" \/>\n<link rel=\"canonical\" href=\"https:\/\/skaitytaknyga.lt\/en\/produktas\/irasyta-kauluose\/\" \/>\n<meta property=\"og:locale\" content=\"en_GB\" \/>\n<meta property=\"og:locale:alternate\" content=\"lt_LT\" \/>\n<meta property=\"og:type\" content=\"article\" \/>\n<meta property=\"og:title\" content=\"\u012era\u0161yta kauluose\" \/>\n<meta property=\"og:description\" content=\"Teismo medikas Deividas Hanteris jau buvo netoli nam\u0173, kai j\u012f sustabd\u0117 telefono skambutis. Runoje, vienoje i\u0161 Hebrid\u0173 sal\u0173 toli Atlanto vandenyne, rastas\" \/>\n<meta property=\"og:url\" content=\"https:\/\/skaitytaknyga.lt\/en\/produktas\/irasyta-kauluose\/\" \/>\n<meta property=\"og:site_name\" content=\"Skaitytaknyga\" \/>\n<meta property=\"article:publisher\" content=\"https:\/\/www.facebook.com\/skaitytaknyga\/\" \/>\n<meta property=\"article:modified_time\" content=\"2026-03-05T09:59:16+00:00\" \/>\n<meta property=\"og:image\" content=\"https:\/\/skaitytaknyga.lt\/wp-content\/uploads\/2025\/07\/Irasyta-kauluose.webp\" \/>\n\t<meta property=\"og:image:width\" content=\"497\" \/>\n\t<meta property=\"og:image:height\" content=\"801\" \/>\n\t<meta property=\"og:image:type\" content=\"image\/webp\" \/>\n<meta name=\"twitter:card\" content=\"summary_large_image\" \/>\n<meta name=\"twitter:label1\" content=\"Estimated reading time\" \/>\n\t<meta name=\"twitter:data1\" content=\"1 minute\" \/>\n<script type=\"application\/ld+json\" class=\"yoast-schema-graph\">{\"@context\":\"https:\/\/schema.org\",\"@graph\":[{\"@type\":\"WebPage\",\"@id\":\"https:\/\/skaitytaknyga.lt\/produktas\/irasyta-kauluose\/\",\"url\":\"https:\/\/skaitytaknyga.lt\/produktas\/irasyta-kauluose\/\",\"name\":\"\u012era\u0161yta kauluose\",\"isPartOf\":{\"@id\":\"https:\/\/skaitytaknyga.lt\/#website\"},\"primaryImageOfPage\":{\"@id\":\"https:\/\/skaitytaknyga.lt\/produktas\/irasyta-kauluose\/#primaryimage\"},\"image\":{\"@id\":\"https:\/\/skaitytaknyga.lt\/produktas\/irasyta-kauluose\/#primaryimage\"},\"thumbnailUrl\":\"https:\/\/skaitytaknyga.lt\/wp-content\/uploads\/2025\/07\/Irasyta-kauluose.webp\",\"datePublished\":\"2025-07-25T06:05:45+00:00\",\"dateModified\":\"2026-03-05T09:59:16+00:00\",\"description\":\"Teismo medikas Deividas Hanteris jau buvo netoli nam\u0173, kai j\u012f sustabd\u0117 telefono skambutis. Runoje, vienoje i\u0161 Hebrid\u0173 sal\u0173 toli Atlanto vandenyne, rastas\",\"breadcrumb\":{\"@id\":\"https:\/\/skaitytaknyga.lt\/produktas\/irasyta-kauluose\/#breadcrumb\"},\"inLanguage\":\"en-GB\",\"potentialAction\":[{\"@type\":\"ReadAction\",\"target\":[\"https:\/\/skaitytaknyga.lt\/produktas\/irasyta-kauluose\/\"]}]},{\"@type\":\"ImageObject\",\"inLanguage\":\"en-GB\",\"@id\":\"https:\/\/skaitytaknyga.lt\/produktas\/irasyta-kauluose\/#primaryimage\",\"url\":\"https:\/\/skaitytaknyga.lt\/wp-content\/uploads\/2025\/07\/Irasyta-kauluose.webp\",\"contentUrl\":\"https:\/\/skaitytaknyga.lt\/wp-content\/uploads\/2025\/07\/Irasyta-kauluose.webp\",\"width\":497,\"height\":801,\"caption\":\"\u012era\u0161yta kauluose\"},{\"@type\":\"BreadcrumbList\",\"@id\":\"https:\/\/skaitytaknyga.lt\/produktas\/irasyta-kauluose\/#breadcrumb\",\"itemListElement\":[{\"@type\":\"ListItem\",\"position\":1,\"name\":\"Home\",\"item\":\"https:\/\/skaitytaknyga.lt\/\"},{\"@type\":\"ListItem\",\"position\":2,\"name\":\"Parduotuv\u0117\",\"item\":\"https:\/\/skaitytaknyga.lt\/knygu-parduotuve\/\"},{\"@type\":\"ListItem\",\"position\":3,\"name\":\"\u012era\u0161yta kauluose\"}]},{\"@type\":\"WebSite\",\"@id\":\"https:\/\/skaitytaknyga.lt\/#website\",\"url\":\"https:\/\/skaitytaknyga.lt\/\",\"name\":\"skaitytaknyga.lt\",\"description\":\"Skaitytaknyga.lt \u2013 tai ma\u017eas \u0161eimos verslas, kuris prasid\u0117jo nuo meil\u0117s knygoms ir siekio i\u0161gelb\u0117ti knygas nuo likimo prie konteinerio. Kas vienam nereikalingas daiktas \u2013 kitam lobis, o mes esame tarpininkai, kurie padeda abiems tapti laimingesniems ???? \u017dinome kaip nelengva i\u0161gyventi ma\u017eiems verslams, tad nuo \u0161iol, \u010dia rasite ir kit\u0173, ma\u017e\u0173 \u0161eim\u0173 versl\u0173, rank\u0173 darbo, dovan\u0173 sau ir artimiesiems.\",\"publisher\":{\"@id\":\"https:\/\/skaitytaknyga.lt\/#organization\"},\"potentialAction\":[{\"@type\":\"SearchAction\",\"target\":{\"@type\":\"EntryPoint\",\"urlTemplate\":\"https:\/\/skaitytaknyga.lt\/?s={search_term_string}\"},\"query-input\":{\"@type\":\"PropertyValueSpecification\",\"valueRequired\":true,\"valueName\":\"search_term_string\"}}],\"inLanguage\":\"en-GB\"},{\"@type\":\"Organization\",\"@id\":\"https:\/\/skaitytaknyga.lt\/#organization\",\"name\":\"skaitytaknyga.lt\",\"url\":\"https:\/\/skaitytaknyga.lt\/\",\"logo\":{\"@type\":\"ImageObject\",\"inLanguage\":\"en-GB\",\"@id\":\"https:\/\/skaitytaknyga.lt\/#\/schema\/logo\/image\/\",\"url\":\"https:\/\/skaitytaknyga.lt\/wp-content\/uploads\/2024\/05\/cropped-cropped-cropped-02_00843_jt3bggkj1j3HLc7SyY6rEUpg.jpeg\",\"contentUrl\":\"https:\/\/skaitytaknyga.lt\/wp-content\/uploads\/2024\/05\/cropped-cropped-cropped-02_00843_jt3bggkj1j3HLc7SyY6rEUpg.jpeg\",\"width\":1600,\"height\":1600,\"caption\":\"skaitytaknyga.lt\"},\"image\":{\"@id\":\"https:\/\/skaitytaknyga.lt\/#\/schema\/logo\/image\/\"},\"sameAs\":[\"https:\/\/www.facebook.com\/skaitytaknyga\/\"]}]}<\/script>\n<!-- \/ Yoast SEO plugin. -->","yoast_head_json":{"title":"\u012era\u0161yta kauluose","description":"Teismo medikas Deividas Hanteris jau buvo netoli nam\u0173, kai j\u012f sustabd\u0117 telefono skambutis. Runoje, vienoje i\u0161 Hebrid\u0173 sal\u0173 toli Atlanto vandenyne, rastas","robots":{"index":"index","follow":"follow","max-snippet":"max-snippet:-1","max-image-preview":"max-image-preview:large","max-video-preview":"max-video-preview:-1"},"canonical":"https:\/\/skaitytaknyga.lt\/en\/produktas\/irasyta-kauluose\/","og_locale":"en_GB","og_type":"article","og_title":"[:lt]\u012era\u0161yta kauluose[:] - Skaitytaknyga","og_description":"Teismo medikas Deividas Hanteris jau buvo netoli nam\u0173, kai j\u012f sustabd\u0117 telefono skambutis. Runoje, vienoje i\u0161 Hebrid\u0173 sal\u0173 toli Atlanto vandenyne, rastas","og_url":"https:\/\/skaitytaknyga.lt\/en\/produktas\/irasyta-kauluose\/","og_site_name":"Skaitytaknyga","article_publisher":"https:\/\/www.facebook.com\/skaitytaknyga\/","article_modified_time":"2026-03-05T09:59:16+00:00","og_image":[{"width":497,"height":801,"url":"https:\/\/skaitytaknyga.lt\/wp-content\/uploads\/2025\/07\/Irasyta-kauluose.webp","type":"image\/webp"}],"twitter_card":"summary_large_image","twitter_misc":{"Estimated reading time":"1 minute"},"schema":{"@context":"https:\/\/schema.org","@graph":[{"@type":"WebPage","@id":"https:\/\/skaitytaknyga.lt\/produktas\/irasyta-kauluose\/","url":"https:\/\/skaitytaknyga.lt\/produktas\/irasyta-kauluose\/","name":"\u012era\u0161yta kauluose","isPartOf":{"@id":"https:\/\/skaitytaknyga.lt\/#website"},"primaryImageOfPage":{"@id":"https:\/\/skaitytaknyga.lt\/produktas\/irasyta-kauluose\/#primaryimage"},"image":{"@id":"https:\/\/skaitytaknyga.lt\/produktas\/irasyta-kauluose\/#primaryimage"},"thumbnailUrl":"https:\/\/skaitytaknyga.lt\/wp-content\/uploads\/2025\/07\/Irasyta-kauluose.webp","datePublished":"2025-07-25T06:05:45+00:00","dateModified":"2026-03-05T09:59:16+00:00","description":"Teismo medikas Deividas Hanteris jau buvo netoli nam\u0173, kai j\u012f sustabd\u0117 telefono skambutis. Runoje, vienoje i\u0161 Hebrid\u0173 sal\u0173 toli Atlanto vandenyne, rastas","breadcrumb":{"@id":"https:\/\/skaitytaknyga.lt\/produktas\/irasyta-kauluose\/#breadcrumb"},"inLanguage":"en-GB","potentialAction":[{"@type":"ReadAction","target":["https:\/\/skaitytaknyga.lt\/produktas\/irasyta-kauluose\/"]}]},{"@type":"ImageObject","inLanguage":"en-GB","@id":"https:\/\/skaitytaknyga.lt\/produktas\/irasyta-kauluose\/#primaryimage","url":"https:\/\/skaitytaknyga.lt\/wp-content\/uploads\/2025\/07\/Irasyta-kauluose.webp","contentUrl":"https:\/\/skaitytaknyga.lt\/wp-content\/uploads\/2025\/07\/Irasyta-kauluose.webp","width":497,"height":801,"caption":"\u012era\u0161yta kauluose"},{"@type":"BreadcrumbList","@id":"https:\/\/skaitytaknyga.lt\/produktas\/irasyta-kauluose\/#breadcrumb","itemListElement":[{"@type":"ListItem","position":1,"name":"Home","item":"https:\/\/skaitytaknyga.lt\/"},{"@type":"ListItem","position":2,"name":"Parduotuv\u0117","item":"https:\/\/skaitytaknyga.lt\/knygu-parduotuve\/"},{"@type":"ListItem","position":3,"name":"\u012era\u0161yta kauluose"}]},{"@type":"WebSite","@id":"https:\/\/skaitytaknyga.lt\/#website","url":"https:\/\/skaitytaknyga.lt\/","name":"skaitytaknyga.lt","description":"Skaitytaknyga.lt \u2013 tai ma\u017eas \u0161eimos verslas, kuris prasid\u0117jo nuo meil\u0117s knygoms ir siekio i\u0161gelb\u0117ti knygas nuo likimo prie konteinerio. Kas vienam nereikalingas daiktas \u2013 kitam lobis, o mes esame tarpininkai, kurie padeda abiems tapti laimingesniems ???? \u017dinome kaip nelengva i\u0161gyventi ma\u017eiems verslams, tad nuo \u0161iol, \u010dia rasite ir kit\u0173, ma\u017e\u0173 \u0161eim\u0173 versl\u0173, rank\u0173 darbo, dovan\u0173 sau ir artimiesiems.","publisher":{"@id":"https:\/\/skaitytaknyga.lt\/#organization"},"potentialAction":[{"@type":"SearchAction","target":{"@type":"EntryPoint","urlTemplate":"https:\/\/skaitytaknyga.lt\/?s={search_term_string}"},"query-input":{"@type":"PropertyValueSpecification","valueRequired":true,"valueName":"search_term_string"}}],"inLanguage":"en-GB"},{"@type":"Organization","@id":"https:\/\/skaitytaknyga.lt\/#organization","name":"skaitytaknyga.lt","url":"https:\/\/skaitytaknyga.lt\/","logo":{"@type":"ImageObject","inLanguage":"en-GB","@id":"https:\/\/skaitytaknyga.lt\/#\/schema\/logo\/image\/","url":"https:\/\/skaitytaknyga.lt\/wp-content\/uploads\/2024\/05\/cropped-cropped-cropped-02_00843_jt3bggkj1j3HLc7SyY6rEUpg.jpeg","contentUrl":"https:\/\/skaitytaknyga.lt\/wp-content\/uploads\/2024\/05\/cropped-cropped-cropped-02_00843_jt3bggkj1j3HLc7SyY6rEUpg.jpeg","width":1600,"height":1600,"caption":"skaitytaknyga.lt"},"image":{"@id":"https:\/\/skaitytaknyga.lt\/#\/schema\/logo\/image\/"},"sameAs":["https:\/\/www.facebook.com\/skaitytaknyga\/"]}]}},"_links":{"self":[{"href":"https:\/\/skaitytaknyga.lt\/en\/wp-json\/wp\/v2\/product\/19882","targetHints":{"allow":["GET"]}}],"collection":[{"href":"https:\/\/skaitytaknyga.lt\/en\/wp-json\/wp\/v2\/product"}],"about":[{"href":"https:\/\/skaitytaknyga.lt\/en\/wp-json\/wp\/v2\/types\/product"}],"replies":[{"embeddable":true,"href":"https:\/\/skaitytaknyga.lt\/en\/wp-json\/wp\/v2\/comments?post=19882"}],"wp:featuredmedia":[{"embeddable":true,"href":"https:\/\/skaitytaknyga.lt\/en\/wp-json\/wp\/v2\/media\/19889"}],"wp:attachment":[{"href":"https:\/\/skaitytaknyga.lt\/en\/wp-json\/wp\/v2\/media?parent=19882"}],"wp:term":[{"taxonomy":"product_brand","embeddable":true,"href":"https:\/\/skaitytaknyga.lt\/en\/wp-json\/wp\/v2\/product_brand?post=19882"},{"taxonomy":"product_cat","embeddable":true,"href":"https:\/\/skaitytaknyga.lt\/en\/wp-json\/wp\/v2\/product_cat?post=19882"},{"taxonomy":"product_tag","embeddable":true,"href":"https:\/\/skaitytaknyga.lt\/en\/wp-json\/wp\/v2\/product_tag?post=19882"}],"curies":[{"name":"wp","href":"https:\/\/api.w.org\/{rel}","templated":true}]}}