{"id":19881,"date":"2025-07-25T09:05:45","date_gmt":"2025-07-25T06:05:45","guid":{"rendered":"https:\/\/skaitytaknyga.lt\/?post_type=product&#038;p=19881"},"modified":"2026-03-05T11:02:42","modified_gmt":"2026-03-05T09:02:42","slug":"mirusiuju-snabzdesiai","status":"publish","type":"product","link":"https:\/\/skaitytaknyga.lt\/en\/produktas\/mirusiuju-snabzdesiai\/","title":{"rendered":"Mirusi\u0173j\u0173 \u0161nab\u017edesiai"},"content":{"rendered":"<p>Bet net negyva ir numesta oda i\u0161saugo p\u0117dsakus, bylojan\u010dius apie tai, kokia ji buvo. Net dabar ji gali daug k\u0105 papasakoti ir sl\u0117pti ne vien\u0105 paslapt\u012f.<br \/>\nAi\u0161ku, jei moki ie\u0161koti.<\/p>\n<p>Simon Beckett (Saimonas Beketas; g. 1968 m.) \u2013 brit\u0173 autorius, i\u0161 kuklaus muzikanto ir reporterio virt\u0119s detektyv\u0173 ra\u0161ytoju ir i\u0161kart tap\u0119s labai populiarus. \u201eMirties chemija\u201d , pirmasis jo detektyvas i\u0161 serijos apie Deivid\u0105 Hanter\u012f, u\u017ekariavo vis\u0105 Europ\u0105, visa serija i\u0161versta \u012f daugiau nei 27 kalbas, o pagrindinis veik\u0117jas kriminalistas atrodo tarsi nu\u017eeng\u0119s i\u0161 filmo \u201eCSI Niujorkas\u201d. \u201eMirusi\u0173j\u0173 \u0161nab\u017edesiai\u201c \u2013 tre\u010dioji serijos knyga.<\/p>\n<p>I\u0161 ties\u0173 Deividas Hanteris tenor\u0117jo truput\u0117lio ramyb\u0117s. Tod\u0117l kai buv\u0119s d\u0117stytojas Tomas Libermanas j\u012f pakviet\u0117 \u012f JAV, Tenesio valstijoje \u012fsik\u016brus\u012f gars\u0173j\u012f Lavon\u0173 \u016bk\u012f, jis noriai i\u0161vyko, tik\u0117damasis atitr\u016bkti nuo kasdieni\u0173 problem\u0173 ir daugiau laiko skirti profesiniam tobul\u0117jmui. Ta\u010diau tu\u010dtuojau paai\u0161k\u0117ja, kad k\u016bn\u0173 irim\u0105 tirian\u010diame institute jo laukia kankinanti u\u017eduotis: Libermanas pra\u0161o pagalbos, tiriant stipriai suirus\u012f nu\u017eudymo aukos k\u016bn\u0105. Ir \u010dia prasideda problemos: mirties prie\u017eastis neai\u0161ki, mirties laiko ne\u012fmanoma nustatyti, ant lavono odos randami keisti pir\u0161t\u0173 atspaudai&#8230; Ne\u012fmanoma identifikuoti net ir nu\u017eudytojo asmenyb\u0117s. Nei lavonas, nei nusikaltimo vieta neatrodo taip, kaip tur\u0117t\u0173. Tarsi tik to ir betr\u016bkt\u0173 \u2013 atsiranda ir daugiau auk\u0173. Libermanas ir Hanteris ima suprasti, kad \u017eudikas su jais \u017eaid\u017eia, siekdamas tik jam vienam te\u017einomo tikslo. Ta\u010diau jie net ne\u012ftaria, kad patys atsid\u016br\u0117 mirtiname pavojuje&#8230;<\/p>\n<p>\u201eMirusi\u0173j\u0173 \u0161nab\u017edesiai\u201c \u2013 \u012ftampos ir \u0161iurpi\u0173 nuojaut\u0173 kupinas detektyvas, nei \u012ftaigumu, nei siu\u017eeto pos\u016bkiais nenusileid\u017eiantis \u201eMirtis chemijai\u201c ir \u201e\u012era\u0161yta kauluose\u201c.<\/p>\n","protected":false},"excerpt":{"rendered":"<p>Bet net negyva ir numesta oda i\u0161saugo p\u0117dsakus, bylojan\u010dius apie tai, kokia ji buvo. Net dabar ji gali daug k\u0105 papasakoti ir sl\u0117pti ne vien\u0105 paslapt\u012f. Ai\u0161ku, jei moki ie\u0161koti. Simon Beckett (Saimonas Beketas; g. 1968 m.) \u2013 brit\u0173 autorius, i\u0161 kuklaus muzikanto ir reporterio virt\u0119s detektyv\u0173 ra\u0161ytoju ir i\u0161kart tap\u0119s labai populiarus. \u201eMirties chemija\u201d , pirmasis jo detektyvas i\u0161 serijos apie Deivid\u0105 Hanter\u012f, u\u017ekariavo vis\u0105 Europ\u0105, visa serija i\u0161versta \u012f daugiau nei 27 kalbas, o pagrindinis veik\u0117jas kriminalistas atrodo tarsi nu\u017eeng\u0119s i\u0161 filmo \u201eCSI Niujorkas\u201d. \u201eMirusi\u0173j\u0173 \u0161nab\u017edesiai\u201c \u2013 tre\u010dioji serijos knyga. I\u0161 ties\u0173 Deividas Hanteris tenor\u0117jo truput\u0117lio ramyb\u0117s. Tod\u0117l kai buv\u0119s d\u0117stytojas Tomas Libermanas j\u012f pakviet\u0117 \u012f JAV, Tenesio valstijoje \u012fsik\u016brus\u012f gars\u0173j\u012f Lavon\u0173 \u016bk\u012f, jis noriai i\u0161vyko, tik\u0117damasis atitr\u016bkti nuo kasdieni\u0173 problem\u0173 ir daugiau laiko skirti profesiniam tobul\u0117jmui. Ta\u010diau tu\u010dtuojau paai\u0161k\u0117ja, kad k\u016bn\u0173 irim\u0105 tirian\u010diame institute jo laukia kankinanti u\u017eduotis: Libermanas pra\u0161o pagalbos, tiriant stipriai suirus\u012f nu\u017eudymo aukos k\u016bn\u0105. Ir \u010dia prasideda problemos: mirties prie\u017eastis neai\u0161ki, mirties laiko ne\u012fmanoma nustatyti, ant lavono odos randami keisti pir\u0161t\u0173 atspaudai&#8230; Ne\u012fmanoma identifikuoti net ir nu\u017eudytojo asmenyb\u0117s. Nei lavonas, nei nusikaltimo vieta neatrodo taip, kaip tur\u0117t\u0173. Tarsi tik to ir betr\u016bkt\u0173 \u2013 atsiranda ir daugiau auk\u0173. Libermanas ir Hanteris ima suprasti, kad \u017eudikas su jais \u017eaid\u017eia, siekdamas tik jam vienam te\u017einomo tikslo. Ta\u010diau jie net ne\u012ftaria, kad patys atsid\u016br\u0117 mirtiname pavojuje&#8230; \u201eMirusi\u0173j\u0173 \u0161nab\u017edesiai\u201c \u2013 \u012ftampos ir \u0161iurpi\u0173 nuojaut\u0173 kupinas detektyvas, nei \u012ftaigumu, nei siu\u017eeto pos\u016bkiais nenusileid\u017eiantis \u201eMirtis chemijai\u201c ir \u201e\u012era\u0161yta kauluose\u201c.<\/p>\n","protected":false},"featured_media":19888,"comment_status":"open","ping_status":"closed","template":"","meta":{"_acf_changed":false,"site-sidebar-layout":"default","site-content-layout":"","ast-site-content-layout":"default","site-content-style":"default","site-sidebar-style":"default","ast-global-header-display":"","ast-banner-title-visibility":"","ast-main-header-display":"","ast-hfb-above-header-display":"","ast-hfb-below-header-display":"","ast-hfb-mobile-header-display":"","site-post-title":"","ast-breadcrumbs-content":"","ast-featured-img":"","footer-sml-layout":"","ast-disable-related-posts":"","theme-transparent-header-meta":"","adv-header-id-meta":"","stick-header-meta":"","header-above-stick-meta":"","header-main-stick-meta":"","header-below-stick-meta":"","astra-migrate-meta-layouts":"default","ast-page-background-enabled":"default","ast-page-background-meta":{"desktop":{"background-color":"","background-image":"","background-repeat":"repeat","background-position":"center center","background-size":"auto","background-attachment":"scroll","background-type":"","background-media":"","overlay-type":"","overlay-color":"","overlay-opacity":"","overlay-gradient":""},"tablet":{"background-color":"","background-image":"","background-repeat":"repeat","background-position":"center center","background-size":"auto","background-attachment":"scroll","background-type":"","background-media":"","overlay-type":"","overlay-color":"","overlay-opacity":"","overlay-gradient":""},"mobile":{"background-color":"","background-image":"","background-repeat":"repeat","background-position":"center center","background-size":"auto","background-attachment":"scroll","background-type":"","background-media":"","overlay-type":"","overlay-color":"","overlay-opacity":"","overlay-gradient":""}},"ast-content-background-meta":{"desktop":{"background-color":"var(--ast-global-color-4)","background-image":"","background-repeat":"repeat","background-position":"center center","background-size":"auto","background-attachment":"scroll","background-type":"","background-media":"","overlay-type":"","overlay-color":"","overlay-opacity":"","overlay-gradient":""},"tablet":{"background-color":"var(--ast-global-color-4)","background-image":"","background-repeat":"repeat","background-position":"center center","background-size":"auto","background-attachment":"scroll","background-type":"","background-media":"","overlay-type":"","overlay-color":"","overlay-opacity":"","overlay-gradient":""},"mobile":{"background-color":"var(--ast-global-color-4)","background-image":"","background-repeat":"repeat","background-position":"center center","background-size":"auto","background-attachment":"scroll","background-type":"","background-media":"","overlay-type":"","overlay-color":"","overlay-opacity":"","overlay-gradient":""}}},"product_brand":[],"product_cat":[9581],"product_tag":[1476,6934,1478,3145,6927,3182],"class_list":{"0":"post-19881","1":"product","2":"type-product","3":"status-publish","4":"has-post-thumbnail","6":"product_cat-kriminaliniai-romanai","7":"product_tag-detektyvas","8":"product_tag-mirusiuju-snabzdesiai","9":"product_tag-paslaptys","10":"product_tag-pavojus","11":"product_tag-simon-beckett","12":"product_tag-teismo-medicina","13":"desktop-align-left","14":"tablet-align-left","15":"mobile-align-left","17":"first","18":"instock","19":"shipping-taxable","20":"purchasable","21":"product-type-simple"},"acf":[],"yoast_head":"<!-- This site is optimized with the Yoast SEO plugin v27.0 - https:\/\/yoast.com\/product\/yoast-seo-wordpress\/ -->\n<title>Mirusi\u0173j\u0173 \u0161nab\u017edesiai<\/title>\n<meta name=\"description\" content=\"Bet net negyva ir numesta oda i\u0161saugo p\u0117dsakus, bylojan\u010dius apie tai, kokia ji buvo. Net dabar ji gali daug k\u0105 papasakoti ir sl\u0117pti ne vien\u0105 paslapt\u012f.\" \/>\n<meta name=\"robots\" content=\"index, follow, max-snippet:-1, max-image-preview:large, max-video-preview:-1\" \/>\n<link rel=\"canonical\" href=\"https:\/\/skaitytaknyga.lt\/en\/produktas\/mirusiuju-snabzdesiai\/\" \/>\n<meta property=\"og:locale\" content=\"en_GB\" \/>\n<meta property=\"og:locale:alternate\" content=\"lt_LT\" \/>\n<meta property=\"og:type\" content=\"article\" \/>\n<meta property=\"og:title\" content=\"Mirusi\u0173j\u0173 \u0161nab\u017edesiai\" \/>\n<meta property=\"og:description\" content=\"Bet net negyva ir numesta oda i\u0161saugo p\u0117dsakus, bylojan\u010dius apie tai, kokia ji buvo. Net dabar ji gali daug k\u0105 papasakoti ir sl\u0117pti ne vien\u0105 paslapt\u012f.\" \/>\n<meta property=\"og:url\" content=\"https:\/\/skaitytaknyga.lt\/en\/produktas\/mirusiuju-snabzdesiai\/\" \/>\n<meta property=\"og:site_name\" content=\"Skaitytaknyga\" \/>\n<meta property=\"article:publisher\" content=\"https:\/\/www.facebook.com\/skaitytaknyga\/\" \/>\n<meta property=\"article:modified_time\" content=\"2026-03-05T09:02:42+00:00\" \/>\n<meta property=\"og:image\" content=\"https:\/\/skaitytaknyga.lt\/wp-content\/uploads\/2025\/07\/Mirusiuju-snabzdesiai.webp\" \/>\n\t<meta property=\"og:image:width\" content=\"529\" \/>\n\t<meta property=\"og:image:height\" content=\"801\" \/>\n\t<meta property=\"og:image:type\" content=\"image\/webp\" \/>\n<meta name=\"twitter:card\" content=\"summary_large_image\" \/>\n<meta name=\"twitter:label1\" content=\"Estimated reading time\" \/>\n\t<meta name=\"twitter:data1\" content=\"1 minute\" \/>\n<script type=\"application\/ld+json\" class=\"yoast-schema-graph\">{\"@context\":\"https:\/\/schema.org\",\"@graph\":[{\"@type\":\"WebPage\",\"@id\":\"https:\/\/skaitytaknyga.lt\/produktas\/mirusiuju-snabzdesiai\/\",\"url\":\"https:\/\/skaitytaknyga.lt\/produktas\/mirusiuju-snabzdesiai\/\",\"name\":\"Mirusi\u0173j\u0173 \u0161nab\u017edesiai\",\"isPartOf\":{\"@id\":\"https:\/\/skaitytaknyga.lt\/#website\"},\"primaryImageOfPage\":{\"@id\":\"https:\/\/skaitytaknyga.lt\/produktas\/mirusiuju-snabzdesiai\/#primaryimage\"},\"image\":{\"@id\":\"https:\/\/skaitytaknyga.lt\/produktas\/mirusiuju-snabzdesiai\/#primaryimage\"},\"thumbnailUrl\":\"https:\/\/skaitytaknyga.lt\/wp-content\/uploads\/2025\/07\/Mirusiuju-snabzdesiai.webp\",\"datePublished\":\"2025-07-25T06:05:45+00:00\",\"dateModified\":\"2026-03-05T09:02:42+00:00\",\"description\":\"Bet net negyva ir numesta oda i\u0161saugo p\u0117dsakus, bylojan\u010dius apie tai, kokia ji buvo. Net dabar ji gali daug k\u0105 papasakoti ir sl\u0117pti ne vien\u0105 paslapt\u012f.\",\"breadcrumb\":{\"@id\":\"https:\/\/skaitytaknyga.lt\/produktas\/mirusiuju-snabzdesiai\/#breadcrumb\"},\"inLanguage\":\"en-GB\",\"potentialAction\":[{\"@type\":\"ReadAction\",\"target\":[\"https:\/\/skaitytaknyga.lt\/produktas\/mirusiuju-snabzdesiai\/\"]}]},{\"@type\":\"ImageObject\",\"inLanguage\":\"en-GB\",\"@id\":\"https:\/\/skaitytaknyga.lt\/produktas\/mirusiuju-snabzdesiai\/#primaryimage\",\"url\":\"https:\/\/skaitytaknyga.lt\/wp-content\/uploads\/2025\/07\/Mirusiuju-snabzdesiai.webp\",\"contentUrl\":\"https:\/\/skaitytaknyga.lt\/wp-content\/uploads\/2025\/07\/Mirusiuju-snabzdesiai.webp\",\"width\":529,\"height\":801},{\"@type\":\"BreadcrumbList\",\"@id\":\"https:\/\/skaitytaknyga.lt\/produktas\/mirusiuju-snabzdesiai\/#breadcrumb\",\"itemListElement\":[{\"@type\":\"ListItem\",\"position\":1,\"name\":\"Home\",\"item\":\"https:\/\/skaitytaknyga.lt\/\"},{\"@type\":\"ListItem\",\"position\":2,\"name\":\"Parduotuv\u0117\",\"item\":\"https:\/\/skaitytaknyga.lt\/knygu-parduotuve\/\"},{\"@type\":\"ListItem\",\"position\":3,\"name\":\"Mirusi\u0173j\u0173 \u0161nab\u017edesiai\"}]},{\"@type\":\"WebSite\",\"@id\":\"https:\/\/skaitytaknyga.lt\/#website\",\"url\":\"https:\/\/skaitytaknyga.lt\/\",\"name\":\"skaitytaknyga.lt\",\"description\":\"Skaitytaknyga.lt \u2013 tai ma\u017eas \u0161eimos verslas, kuris prasid\u0117jo nuo meil\u0117s knygoms ir siekio i\u0161gelb\u0117ti knygas nuo likimo prie konteinerio. Kas vienam nereikalingas daiktas \u2013 kitam lobis, o mes esame tarpininkai, kurie padeda abiems tapti laimingesniems ???? \u017dinome kaip nelengva i\u0161gyventi ma\u017eiems verslams, tad nuo \u0161iol, \u010dia rasite ir kit\u0173, ma\u017e\u0173 \u0161eim\u0173 versl\u0173, rank\u0173 darbo, dovan\u0173 sau ir artimiesiems.\",\"publisher\":{\"@id\":\"https:\/\/skaitytaknyga.lt\/#organization\"},\"potentialAction\":[{\"@type\":\"SearchAction\",\"target\":{\"@type\":\"EntryPoint\",\"urlTemplate\":\"https:\/\/skaitytaknyga.lt\/?s={search_term_string}\"},\"query-input\":{\"@type\":\"PropertyValueSpecification\",\"valueRequired\":true,\"valueName\":\"search_term_string\"}}],\"inLanguage\":\"en-GB\"},{\"@type\":\"Organization\",\"@id\":\"https:\/\/skaitytaknyga.lt\/#organization\",\"name\":\"skaitytaknyga.lt\",\"url\":\"https:\/\/skaitytaknyga.lt\/\",\"logo\":{\"@type\":\"ImageObject\",\"inLanguage\":\"en-GB\",\"@id\":\"https:\/\/skaitytaknyga.lt\/#\/schema\/logo\/image\/\",\"url\":\"https:\/\/skaitytaknyga.lt\/wp-content\/uploads\/2024\/05\/cropped-cropped-cropped-02_00843_jt3bggkj1j3HLc7SyY6rEUpg.jpeg\",\"contentUrl\":\"https:\/\/skaitytaknyga.lt\/wp-content\/uploads\/2024\/05\/cropped-cropped-cropped-02_00843_jt3bggkj1j3HLc7SyY6rEUpg.jpeg\",\"width\":1600,\"height\":1600,\"caption\":\"skaitytaknyga.lt\"},\"image\":{\"@id\":\"https:\/\/skaitytaknyga.lt\/#\/schema\/logo\/image\/\"},\"sameAs\":[\"https:\/\/www.facebook.com\/skaitytaknyga\/\"]}]}<\/script>\n<!-- \/ Yoast SEO plugin. -->","yoast_head_json":{"title":"Mirusi\u0173j\u0173 \u0161nab\u017edesiai","description":"Bet net negyva ir numesta oda i\u0161saugo p\u0117dsakus, bylojan\u010dius apie tai, kokia ji buvo. Net dabar ji gali daug k\u0105 papasakoti ir sl\u0117pti ne vien\u0105 paslapt\u012f.","robots":{"index":"index","follow":"follow","max-snippet":"max-snippet:-1","max-image-preview":"max-image-preview:large","max-video-preview":"max-video-preview:-1"},"canonical":"https:\/\/skaitytaknyga.lt\/en\/produktas\/mirusiuju-snabzdesiai\/","og_locale":"en_GB","og_type":"article","og_title":"[:lt]Mirusi\u0173j\u0173 \u0161nab\u017edesiai[:] - Skaitytaknyga","og_description":"Bet net negyva ir numesta oda i\u0161saugo p\u0117dsakus, bylojan\u010dius apie tai, kokia ji buvo. Net dabar ji gali daug k\u0105 papasakoti ir sl\u0117pti ne vien\u0105 paslapt\u012f.","og_url":"https:\/\/skaitytaknyga.lt\/en\/produktas\/mirusiuju-snabzdesiai\/","og_site_name":"Skaitytaknyga","article_publisher":"https:\/\/www.facebook.com\/skaitytaknyga\/","article_modified_time":"2026-03-05T09:02:42+00:00","og_image":[{"width":529,"height":801,"url":"https:\/\/skaitytaknyga.lt\/wp-content\/uploads\/2025\/07\/Mirusiuju-snabzdesiai.webp","type":"image\/webp"}],"twitter_card":"summary_large_image","twitter_misc":{"Estimated reading time":"1 minute"},"schema":{"@context":"https:\/\/schema.org","@graph":[{"@type":"WebPage","@id":"https:\/\/skaitytaknyga.lt\/produktas\/mirusiuju-snabzdesiai\/","url":"https:\/\/skaitytaknyga.lt\/produktas\/mirusiuju-snabzdesiai\/","name":"Mirusi\u0173j\u0173 \u0161nab\u017edesiai","isPartOf":{"@id":"https:\/\/skaitytaknyga.lt\/#website"},"primaryImageOfPage":{"@id":"https:\/\/skaitytaknyga.lt\/produktas\/mirusiuju-snabzdesiai\/#primaryimage"},"image":{"@id":"https:\/\/skaitytaknyga.lt\/produktas\/mirusiuju-snabzdesiai\/#primaryimage"},"thumbnailUrl":"https:\/\/skaitytaknyga.lt\/wp-content\/uploads\/2025\/07\/Mirusiuju-snabzdesiai.webp","datePublished":"2025-07-25T06:05:45+00:00","dateModified":"2026-03-05T09:02:42+00:00","description":"Bet net negyva ir numesta oda i\u0161saugo p\u0117dsakus, bylojan\u010dius apie tai, kokia ji buvo. Net dabar ji gali daug k\u0105 papasakoti ir sl\u0117pti ne vien\u0105 paslapt\u012f.","breadcrumb":{"@id":"https:\/\/skaitytaknyga.lt\/produktas\/mirusiuju-snabzdesiai\/#breadcrumb"},"inLanguage":"en-GB","potentialAction":[{"@type":"ReadAction","target":["https:\/\/skaitytaknyga.lt\/produktas\/mirusiuju-snabzdesiai\/"]}]},{"@type":"ImageObject","inLanguage":"en-GB","@id":"https:\/\/skaitytaknyga.lt\/produktas\/mirusiuju-snabzdesiai\/#primaryimage","url":"https:\/\/skaitytaknyga.lt\/wp-content\/uploads\/2025\/07\/Mirusiuju-snabzdesiai.webp","contentUrl":"https:\/\/skaitytaknyga.lt\/wp-content\/uploads\/2025\/07\/Mirusiuju-snabzdesiai.webp","width":529,"height":801},{"@type":"BreadcrumbList","@id":"https:\/\/skaitytaknyga.lt\/produktas\/mirusiuju-snabzdesiai\/#breadcrumb","itemListElement":[{"@type":"ListItem","position":1,"name":"Home","item":"https:\/\/skaitytaknyga.lt\/"},{"@type":"ListItem","position":2,"name":"Parduotuv\u0117","item":"https:\/\/skaitytaknyga.lt\/knygu-parduotuve\/"},{"@type":"ListItem","position":3,"name":"Mirusi\u0173j\u0173 \u0161nab\u017edesiai"}]},{"@type":"WebSite","@id":"https:\/\/skaitytaknyga.lt\/#website","url":"https:\/\/skaitytaknyga.lt\/","name":"skaitytaknyga.lt","description":"Skaitytaknyga.lt \u2013 tai ma\u017eas \u0161eimos verslas, kuris prasid\u0117jo nuo meil\u0117s knygoms ir siekio i\u0161gelb\u0117ti knygas nuo likimo prie konteinerio. Kas vienam nereikalingas daiktas \u2013 kitam lobis, o mes esame tarpininkai, kurie padeda abiems tapti laimingesniems ???? \u017dinome kaip nelengva i\u0161gyventi ma\u017eiems verslams, tad nuo \u0161iol, \u010dia rasite ir kit\u0173, ma\u017e\u0173 \u0161eim\u0173 versl\u0173, rank\u0173 darbo, dovan\u0173 sau ir artimiesiems.","publisher":{"@id":"https:\/\/skaitytaknyga.lt\/#organization"},"potentialAction":[{"@type":"SearchAction","target":{"@type":"EntryPoint","urlTemplate":"https:\/\/skaitytaknyga.lt\/?s={search_term_string}"},"query-input":{"@type":"PropertyValueSpecification","valueRequired":true,"valueName":"search_term_string"}}],"inLanguage":"en-GB"},{"@type":"Organization","@id":"https:\/\/skaitytaknyga.lt\/#organization","name":"skaitytaknyga.lt","url":"https:\/\/skaitytaknyga.lt\/","logo":{"@type":"ImageObject","inLanguage":"en-GB","@id":"https:\/\/skaitytaknyga.lt\/#\/schema\/logo\/image\/","url":"https:\/\/skaitytaknyga.lt\/wp-content\/uploads\/2024\/05\/cropped-cropped-cropped-02_00843_jt3bggkj1j3HLc7SyY6rEUpg.jpeg","contentUrl":"https:\/\/skaitytaknyga.lt\/wp-content\/uploads\/2024\/05\/cropped-cropped-cropped-02_00843_jt3bggkj1j3HLc7SyY6rEUpg.jpeg","width":1600,"height":1600,"caption":"skaitytaknyga.lt"},"image":{"@id":"https:\/\/skaitytaknyga.lt\/#\/schema\/logo\/image\/"},"sameAs":["https:\/\/www.facebook.com\/skaitytaknyga\/"]}]}},"_links":{"self":[{"href":"https:\/\/skaitytaknyga.lt\/en\/wp-json\/wp\/v2\/product\/19881","targetHints":{"allow":["GET"]}}],"collection":[{"href":"https:\/\/skaitytaknyga.lt\/en\/wp-json\/wp\/v2\/product"}],"about":[{"href":"https:\/\/skaitytaknyga.lt\/en\/wp-json\/wp\/v2\/types\/product"}],"replies":[{"embeddable":true,"href":"https:\/\/skaitytaknyga.lt\/en\/wp-json\/wp\/v2\/comments?post=19881"}],"wp:featuredmedia":[{"embeddable":true,"href":"https:\/\/skaitytaknyga.lt\/en\/wp-json\/wp\/v2\/media\/19888"}],"wp:attachment":[{"href":"https:\/\/skaitytaknyga.lt\/en\/wp-json\/wp\/v2\/media?parent=19881"}],"wp:term":[{"taxonomy":"product_brand","embeddable":true,"href":"https:\/\/skaitytaknyga.lt\/en\/wp-json\/wp\/v2\/product_brand?post=19881"},{"taxonomy":"product_cat","embeddable":true,"href":"https:\/\/skaitytaknyga.lt\/en\/wp-json\/wp\/v2\/product_cat?post=19881"},{"taxonomy":"product_tag","embeddable":true,"href":"https:\/\/skaitytaknyga.lt\/en\/wp-json\/wp\/v2\/product_tag?post=19881"}],"curies":[{"name":"wp","href":"https:\/\/api.w.org\/{rel}","templated":true}]}}