{"id":19880,"date":"2025-07-25T09:05:45","date_gmt":"2025-07-25T06:05:45","guid":{"rendered":"https:\/\/skaitytaknyga.lt\/?post_type=product&#038;p=19880"},"modified":"2026-03-05T11:02:42","modified_gmt":"2026-03-05T09:02:42","slug":"neramus-mirusieji","status":"publish","type":"product","link":"https:\/\/skaitytaknyga.lt\/en\/produktas\/neramus-mirusieji\/","title":{"rendered":"Neram\u016bs mirusieji"},"content":{"rendered":"<p>Simon Beckett (Saimonas Beketas, g. 1968 m.) \u2013 pasaulinio pripa\u017einimo sulauk\u0119s brit\u0173 autorius: jo detektyvai i\u0161versti \u012f 29 kalbas, parduota daugiau nei 12 mln. knyg\u0173, jos fig\u016bruoja The Sunday Times ir tarptautini\u0173 bestseleri\u0173 s\u0105ra\u0161uose. Ra\u0161ytojo karjer\u0105 S. Beckettas prad\u0117jo dar 2002 m., kai dirbdamas \u017eurnalistu apsilank\u0117 Tenesio Lavon\u0173 \u016bkyje. \u0160i patirtis \u012fkv\u0117p\u0117 populiariausi\u0105 jo knyg\u0173 serij\u0105 apie teismo medicinos ekspert\u0105 Deivid\u0105 Hanter\u012f, kuri\u0105 pam\u0117go ir Lietuvos skaitytojai. \u201eNeram\u016bs mirusieji&#8221; \u2013 penktoji \u0161ios serijos knyga.<\/p>\n<p>Deividas Hanteris kry\u017ekel\u0117je \u2013 jo karjera kybo ant plauko, o asmeninis gyvenimas klostosi pras\u010diau, nei jis nor\u0117t\u0173. Tad netik\u0117tas Esekso policijos inspektoriaus Bobo Lund\u017eio skambutis teismo antropolog\u0105 pasiekia pa\u010diu tinkamiausiu metu.<\/p>\n<p>Soltmere\u0307s estuarijoje netoli Mersio salos rastas k\u016bnas. Daktaras Hanteris kvie\u010diamas dalyvauti traukiant mirus\u012fj\u012f i\u0161 vandens, ta\u010diau teismo antropologas reikalingas tik radus griau\u010dius arba k\u016bnui esant stipriai suirusiam. Kod\u0117l Esekso policijos pareig\u016bnams prireik\u0117 Hanterio pagalbos ir ar rastas k\u016bnas tikrai turtingo jaunuolio Leo Viljerso? Ar tai susij\u0119 su dar keliomis \u0161iuose kra\u0161tuose nei\u0161tirtomis dingusi\u0173 asmen\u0173 bylomis?<\/p>\n<p>\u012estrig\u0119s estuarijoje Hanteris susipa\u017e\u012fsta su Rei\u010dele \u2013 prie\u0161 septynis m\u0117nesius dingusios fotograf\u0117s Emos Derbi seserimi. \u012esisuka sunkiai nusp\u0117jam\u0173 \u012fvyki\u0173 verpetas. Dumbl\u0117tos plyn\u0117s ir druskingi pelki\u0173 kanalai atskleid\u017eia vis daugiau siaub\u0105 kelian\u010di\u0173 paslap\u010di\u0173, o Deividas Hanteris \u012fsitikina \u2013 \u0161iame gyvenime turime bijoti ne mirusi\u0173j\u0173.<br \/>\n\u012etraukiantis, kvap\u0105 gniau\u017eiantis, kupinas netik\u0117t\u0173 detali\u0173 ir siu\u017eeto pos\u016bki\u0173 detektyvas \u201eNeram\u016bs mirusieji&#8221; \u2013 dar viena \u0161vent\u0117 Simono Becketto gerb\u0117jams.<\/p>\n<p>Vadinasi, tai buvo arba kraupus atsitiktinumas&#8230;<br \/>\nArba egzekucija.<\/p>\n","protected":false},"excerpt":{"rendered":"<p>Simon Beckett (Saimonas Beketas, g. 1968 m.) \u2013 pasaulinio pripa\u017einimo sulauk\u0119s brit\u0173 autorius: jo detektyvai i\u0161versti \u012f 29 kalbas, parduota daugiau nei 12 mln. knyg\u0173, jos fig\u016bruoja The Sunday Times ir tarptautini\u0173 bestseleri\u0173 s\u0105ra\u0161uose. Ra\u0161ytojo karjer\u0105 S. Beckettas prad\u0117jo dar 2002 m., kai dirbdamas \u017eurnalistu apsilank\u0117 Tenesio Lavon\u0173 \u016bkyje. \u0160i patirtis \u012fkv\u0117p\u0117 populiariausi\u0105 jo knyg\u0173 serij\u0105 apie teismo medicinos ekspert\u0105 Deivid\u0105 Hanter\u012f, kuri\u0105 pam\u0117go ir Lietuvos skaitytojai. \u201eNeram\u016bs mirusieji&#8221; \u2013 penktoji \u0161ios serijos knyga. Deividas Hanteris kry\u017ekel\u0117je \u2013 jo karjera kybo ant plauko, o asmeninis gyvenimas klostosi pras\u010diau, nei jis nor\u0117t\u0173. Tad netik\u0117tas Esekso policijos inspektoriaus Bobo Lund\u017eio skambutis teismo antropolog\u0105 pasiekia pa\u010diu tinkamiausiu metu. Soltmere\u0307s estuarijoje netoli Mersio salos rastas k\u016bnas. Daktaras Hanteris kvie\u010diamas dalyvauti traukiant mirus\u012fj\u012f i\u0161 vandens, ta\u010diau teismo antropologas reikalingas tik radus griau\u010dius arba k\u016bnui esant stipriai suirusiam. Kod\u0117l Esekso policijos pareig\u016bnams prireik\u0117 Hanterio pagalbos ir ar rastas k\u016bnas tikrai turtingo jaunuolio Leo Viljerso? Ar tai susij\u0119 su dar keliomis \u0161iuose kra\u0161tuose nei\u0161tirtomis dingusi\u0173 asmen\u0173 bylomis? \u012estrig\u0119s estuarijoje Hanteris susipa\u017e\u012fsta su Rei\u010dele \u2013 prie\u0161 septynis m\u0117nesius dingusios fotograf\u0117s Emos Derbi seserimi. \u012esisuka sunkiai nusp\u0117jam\u0173 \u012fvyki\u0173 verpetas. Dumbl\u0117tos plyn\u0117s ir druskingi pelki\u0173 kanalai atskleid\u017eia vis daugiau siaub\u0105 kelian\u010di\u0173 paslap\u010di\u0173, o Deividas Hanteris \u012fsitikina \u2013 \u0161iame gyvenime turime bijoti ne mirusi\u0173j\u0173. \u012etraukiantis, kvap\u0105 gniau\u017eiantis, kupinas netik\u0117t\u0173 detali\u0173 ir siu\u017eeto pos\u016bki\u0173 detektyvas \u201eNeram\u016bs mirusieji&#8221; \u2013 dar viena \u0161vent\u0117 Simono Becketto gerb\u0117jams. Vadinasi, tai buvo arba kraupus atsitiktinumas&#8230; Arba egzekucija.<\/p>\n","protected":false},"featured_media":19887,"comment_status":"open","ping_status":"closed","template":"","meta":{"_acf_changed":false,"site-sidebar-layout":"default","site-content-layout":"","ast-site-content-layout":"default","site-content-style":"default","site-sidebar-style":"default","ast-global-header-display":"","ast-banner-title-visibility":"","ast-main-header-display":"","ast-hfb-above-header-display":"","ast-hfb-below-header-display":"","ast-hfb-mobile-header-display":"","site-post-title":"","ast-breadcrumbs-content":"","ast-featured-img":"","footer-sml-layout":"","ast-disable-related-posts":"","theme-transparent-header-meta":"","adv-header-id-meta":"","stick-header-meta":"","header-above-stick-meta":"","header-main-stick-meta":"","header-below-stick-meta":"","astra-migrate-meta-layouts":"default","ast-page-background-enabled":"default","ast-page-background-meta":{"desktop":{"background-color":"","background-image":"","background-repeat":"repeat","background-position":"center center","background-size":"auto","background-attachment":"scroll","background-type":"","background-media":"","overlay-type":"","overlay-color":"","overlay-opacity":"","overlay-gradient":""},"tablet":{"background-color":"","background-image":"","background-repeat":"repeat","background-position":"center center","background-size":"auto","background-attachment":"scroll","background-type":"","background-media":"","overlay-type":"","overlay-color":"","overlay-opacity":"","overlay-gradient":""},"mobile":{"background-color":"","background-image":"","background-repeat":"repeat","background-position":"center center","background-size":"auto","background-attachment":"scroll","background-type":"","background-media":"","overlay-type":"","overlay-color":"","overlay-opacity":"","overlay-gradient":""}},"ast-content-background-meta":{"desktop":{"background-color":"var(--ast-global-color-4)","background-image":"","background-repeat":"repeat","background-position":"center center","background-size":"auto","background-attachment":"scroll","background-type":"","background-media":"","overlay-type":"","overlay-color":"","overlay-opacity":"","overlay-gradient":""},"tablet":{"background-color":"var(--ast-global-color-4)","background-image":"","background-repeat":"repeat","background-position":"center center","background-size":"auto","background-attachment":"scroll","background-type":"","background-media":"","overlay-type":"","overlay-color":"","overlay-opacity":"","overlay-gradient":""},"mobile":{"background-color":"var(--ast-global-color-4)","background-image":"","background-repeat":"repeat","background-position":"center center","background-size":"auto","background-attachment":"scroll","background-type":"","background-media":"","overlay-type":"","overlay-color":"","overlay-opacity":"","overlay-gradient":""}}},"product_brand":[],"product_cat":[9581],"product_tag":[6933,1476,4346,6932,6927,3182,1587],"class_list":{"0":"post-19880","1":"product","2":"type-product","3":"status-publish","4":"has-post-thumbnail","6":"product_cat-kriminaliniai-romanai","7":"product_tag-deividas-hanteris","8":"product_tag-detektyvas","9":"product_tag-kriminalinis","10":"product_tag-neramus-mirusieji","11":"product_tag-simon-beckett","12":"product_tag-teismo-medicina","13":"product_tag-trileris","14":"desktop-align-left","15":"tablet-align-left","16":"mobile-align-left","18":"first","19":"instock","20":"shipping-taxable","21":"purchasable","22":"product-type-simple"},"acf":[],"yoast_head":"<!-- This site is optimized with the Yoast SEO plugin v27.0 - https:\/\/yoast.com\/product\/yoast-seo-wordpress\/ -->\n<title>Neram\u016bs mirusieji<\/title>\n<meta name=\"description\" content=\"Simon Beckett (Saimonas Beketas, g. 1968 m.) \u2013 pasaulinio pripa\u017einimo sulauk\u0119s brit\u0173 autorius: jo detektyvai i\u0161versti \u012f 29 kalbas, parduota daugiau nei 12\" \/>\n<meta name=\"robots\" content=\"index, follow, max-snippet:-1, max-image-preview:large, max-video-preview:-1\" \/>\n<link rel=\"canonical\" href=\"https:\/\/skaitytaknyga.lt\/en\/produktas\/neramus-mirusieji\/\" \/>\n<meta property=\"og:locale\" content=\"en_GB\" \/>\n<meta property=\"og:locale:alternate\" content=\"lt_LT\" \/>\n<meta property=\"og:type\" content=\"article\" \/>\n<meta property=\"og:title\" content=\"Neram\u016bs mirusieji\" \/>\n<meta property=\"og:description\" content=\"Simon Beckett (Saimonas Beketas, g. 1968 m.) \u2013 pasaulinio pripa\u017einimo sulauk\u0119s brit\u0173 autorius: jo detektyvai i\u0161versti \u012f 29 kalbas, parduota daugiau nei 12\" \/>\n<meta property=\"og:url\" content=\"https:\/\/skaitytaknyga.lt\/en\/produktas\/neramus-mirusieji\/\" \/>\n<meta property=\"og:site_name\" content=\"Skaitytaknyga\" \/>\n<meta property=\"article:publisher\" content=\"https:\/\/www.facebook.com\/skaitytaknyga\/\" \/>\n<meta property=\"article:modified_time\" content=\"2026-03-05T09:02:42+00:00\" \/>\n<meta property=\"og:image\" content=\"https:\/\/skaitytaknyga.lt\/wp-content\/uploads\/2025\/07\/Neramus-mirusieji.webp\" \/>\n\t<meta property=\"og:image:width\" content=\"534\" \/>\n\t<meta property=\"og:image:height\" content=\"801\" \/>\n\t<meta property=\"og:image:type\" content=\"image\/webp\" \/>\n<meta name=\"twitter:card\" content=\"summary_large_image\" \/>\n<meta name=\"twitter:label1\" content=\"Estimated reading time\" \/>\n\t<meta name=\"twitter:data1\" content=\"1 minute\" \/>\n<script type=\"application\/ld+json\" class=\"yoast-schema-graph\">{\"@context\":\"https:\/\/schema.org\",\"@graph\":[{\"@type\":\"WebPage\",\"@id\":\"https:\/\/skaitytaknyga.lt\/produktas\/neramus-mirusieji\/\",\"url\":\"https:\/\/skaitytaknyga.lt\/produktas\/neramus-mirusieji\/\",\"name\":\"Neram\u016bs mirusieji\",\"isPartOf\":{\"@id\":\"https:\/\/skaitytaknyga.lt\/#website\"},\"primaryImageOfPage\":{\"@id\":\"https:\/\/skaitytaknyga.lt\/produktas\/neramus-mirusieji\/#primaryimage\"},\"image\":{\"@id\":\"https:\/\/skaitytaknyga.lt\/produktas\/neramus-mirusieji\/#primaryimage\"},\"thumbnailUrl\":\"https:\/\/skaitytaknyga.lt\/wp-content\/uploads\/2025\/07\/Neramus-mirusieji.webp\",\"datePublished\":\"2025-07-25T06:05:45+00:00\",\"dateModified\":\"2026-03-05T09:02:42+00:00\",\"description\":\"Simon Beckett (Saimonas Beketas, g. 1968 m.) \u2013 pasaulinio pripa\u017einimo sulauk\u0119s brit\u0173 autorius: jo detektyvai i\u0161versti \u012f 29 kalbas, parduota daugiau nei 12\",\"breadcrumb\":{\"@id\":\"https:\/\/skaitytaknyga.lt\/produktas\/neramus-mirusieji\/#breadcrumb\"},\"inLanguage\":\"en-GB\",\"potentialAction\":[{\"@type\":\"ReadAction\",\"target\":[\"https:\/\/skaitytaknyga.lt\/produktas\/neramus-mirusieji\/\"]}]},{\"@type\":\"ImageObject\",\"inLanguage\":\"en-GB\",\"@id\":\"https:\/\/skaitytaknyga.lt\/produktas\/neramus-mirusieji\/#primaryimage\",\"url\":\"https:\/\/skaitytaknyga.lt\/wp-content\/uploads\/2025\/07\/Neramus-mirusieji.webp\",\"contentUrl\":\"https:\/\/skaitytaknyga.lt\/wp-content\/uploads\/2025\/07\/Neramus-mirusieji.webp\",\"width\":534,\"height\":801},{\"@type\":\"BreadcrumbList\",\"@id\":\"https:\/\/skaitytaknyga.lt\/produktas\/neramus-mirusieji\/#breadcrumb\",\"itemListElement\":[{\"@type\":\"ListItem\",\"position\":1,\"name\":\"Home\",\"item\":\"https:\/\/skaitytaknyga.lt\/\"},{\"@type\":\"ListItem\",\"position\":2,\"name\":\"Parduotuv\u0117\",\"item\":\"https:\/\/skaitytaknyga.lt\/knygu-parduotuve\/\"},{\"@type\":\"ListItem\",\"position\":3,\"name\":\"Neram\u016bs mirusieji\"}]},{\"@type\":\"WebSite\",\"@id\":\"https:\/\/skaitytaknyga.lt\/#website\",\"url\":\"https:\/\/skaitytaknyga.lt\/\",\"name\":\"skaitytaknyga.lt\",\"description\":\"Skaitytaknyga.lt \u2013 tai ma\u017eas \u0161eimos verslas, kuris prasid\u0117jo nuo meil\u0117s knygoms ir siekio i\u0161gelb\u0117ti knygas nuo likimo prie konteinerio. Kas vienam nereikalingas daiktas \u2013 kitam lobis, o mes esame tarpininkai, kurie padeda abiems tapti laimingesniems ???? \u017dinome kaip nelengva i\u0161gyventi ma\u017eiems verslams, tad nuo \u0161iol, \u010dia rasite ir kit\u0173, ma\u017e\u0173 \u0161eim\u0173 versl\u0173, rank\u0173 darbo, dovan\u0173 sau ir artimiesiems.\",\"publisher\":{\"@id\":\"https:\/\/skaitytaknyga.lt\/#organization\"},\"potentialAction\":[{\"@type\":\"SearchAction\",\"target\":{\"@type\":\"EntryPoint\",\"urlTemplate\":\"https:\/\/skaitytaknyga.lt\/?s={search_term_string}\"},\"query-input\":{\"@type\":\"PropertyValueSpecification\",\"valueRequired\":true,\"valueName\":\"search_term_string\"}}],\"inLanguage\":\"en-GB\"},{\"@type\":\"Organization\",\"@id\":\"https:\/\/skaitytaknyga.lt\/#organization\",\"name\":\"skaitytaknyga.lt\",\"url\":\"https:\/\/skaitytaknyga.lt\/\",\"logo\":{\"@type\":\"ImageObject\",\"inLanguage\":\"en-GB\",\"@id\":\"https:\/\/skaitytaknyga.lt\/#\/schema\/logo\/image\/\",\"url\":\"https:\/\/skaitytaknyga.lt\/wp-content\/uploads\/2024\/05\/cropped-cropped-cropped-02_00843_jt3bggkj1j3HLc7SyY6rEUpg.jpeg\",\"contentUrl\":\"https:\/\/skaitytaknyga.lt\/wp-content\/uploads\/2024\/05\/cropped-cropped-cropped-02_00843_jt3bggkj1j3HLc7SyY6rEUpg.jpeg\",\"width\":1600,\"height\":1600,\"caption\":\"skaitytaknyga.lt\"},\"image\":{\"@id\":\"https:\/\/skaitytaknyga.lt\/#\/schema\/logo\/image\/\"},\"sameAs\":[\"https:\/\/www.facebook.com\/skaitytaknyga\/\"]}]}<\/script>\n<!-- \/ Yoast SEO plugin. -->","yoast_head_json":{"title":"Neram\u016bs mirusieji","description":"Simon Beckett (Saimonas Beketas, g. 1968 m.) \u2013 pasaulinio pripa\u017einimo sulauk\u0119s brit\u0173 autorius: jo detektyvai i\u0161versti \u012f 29 kalbas, parduota daugiau nei 12","robots":{"index":"index","follow":"follow","max-snippet":"max-snippet:-1","max-image-preview":"max-image-preview:large","max-video-preview":"max-video-preview:-1"},"canonical":"https:\/\/skaitytaknyga.lt\/en\/produktas\/neramus-mirusieji\/","og_locale":"en_GB","og_type":"article","og_title":"[:lt]Neram\u016bs mirusieji[:] - Skaitytaknyga","og_description":"Simon Beckett (Saimonas Beketas, g. 1968 m.) \u2013 pasaulinio pripa\u017einimo sulauk\u0119s brit\u0173 autorius: jo detektyvai i\u0161versti \u012f 29 kalbas, parduota daugiau nei 12","og_url":"https:\/\/skaitytaknyga.lt\/en\/produktas\/neramus-mirusieji\/","og_site_name":"Skaitytaknyga","article_publisher":"https:\/\/www.facebook.com\/skaitytaknyga\/","article_modified_time":"2026-03-05T09:02:42+00:00","og_image":[{"width":534,"height":801,"url":"https:\/\/skaitytaknyga.lt\/wp-content\/uploads\/2025\/07\/Neramus-mirusieji.webp","type":"image\/webp"}],"twitter_card":"summary_large_image","twitter_misc":{"Estimated reading time":"1 minute"},"schema":{"@context":"https:\/\/schema.org","@graph":[{"@type":"WebPage","@id":"https:\/\/skaitytaknyga.lt\/produktas\/neramus-mirusieji\/","url":"https:\/\/skaitytaknyga.lt\/produktas\/neramus-mirusieji\/","name":"Neram\u016bs mirusieji","isPartOf":{"@id":"https:\/\/skaitytaknyga.lt\/#website"},"primaryImageOfPage":{"@id":"https:\/\/skaitytaknyga.lt\/produktas\/neramus-mirusieji\/#primaryimage"},"image":{"@id":"https:\/\/skaitytaknyga.lt\/produktas\/neramus-mirusieji\/#primaryimage"},"thumbnailUrl":"https:\/\/skaitytaknyga.lt\/wp-content\/uploads\/2025\/07\/Neramus-mirusieji.webp","datePublished":"2025-07-25T06:05:45+00:00","dateModified":"2026-03-05T09:02:42+00:00","description":"Simon Beckett (Saimonas Beketas, g. 1968 m.) \u2013 pasaulinio pripa\u017einimo sulauk\u0119s brit\u0173 autorius: jo detektyvai i\u0161versti \u012f 29 kalbas, parduota daugiau nei 12","breadcrumb":{"@id":"https:\/\/skaitytaknyga.lt\/produktas\/neramus-mirusieji\/#breadcrumb"},"inLanguage":"en-GB","potentialAction":[{"@type":"ReadAction","target":["https:\/\/skaitytaknyga.lt\/produktas\/neramus-mirusieji\/"]}]},{"@type":"ImageObject","inLanguage":"en-GB","@id":"https:\/\/skaitytaknyga.lt\/produktas\/neramus-mirusieji\/#primaryimage","url":"https:\/\/skaitytaknyga.lt\/wp-content\/uploads\/2025\/07\/Neramus-mirusieji.webp","contentUrl":"https:\/\/skaitytaknyga.lt\/wp-content\/uploads\/2025\/07\/Neramus-mirusieji.webp","width":534,"height":801},{"@type":"BreadcrumbList","@id":"https:\/\/skaitytaknyga.lt\/produktas\/neramus-mirusieji\/#breadcrumb","itemListElement":[{"@type":"ListItem","position":1,"name":"Home","item":"https:\/\/skaitytaknyga.lt\/"},{"@type":"ListItem","position":2,"name":"Parduotuv\u0117","item":"https:\/\/skaitytaknyga.lt\/knygu-parduotuve\/"},{"@type":"ListItem","position":3,"name":"Neram\u016bs mirusieji"}]},{"@type":"WebSite","@id":"https:\/\/skaitytaknyga.lt\/#website","url":"https:\/\/skaitytaknyga.lt\/","name":"skaitytaknyga.lt","description":"Skaitytaknyga.lt \u2013 tai ma\u017eas \u0161eimos verslas, kuris prasid\u0117jo nuo meil\u0117s knygoms ir siekio i\u0161gelb\u0117ti knygas nuo likimo prie konteinerio. Kas vienam nereikalingas daiktas \u2013 kitam lobis, o mes esame tarpininkai, kurie padeda abiems tapti laimingesniems ???? \u017dinome kaip nelengva i\u0161gyventi ma\u017eiems verslams, tad nuo \u0161iol, \u010dia rasite ir kit\u0173, ma\u017e\u0173 \u0161eim\u0173 versl\u0173, rank\u0173 darbo, dovan\u0173 sau ir artimiesiems.","publisher":{"@id":"https:\/\/skaitytaknyga.lt\/#organization"},"potentialAction":[{"@type":"SearchAction","target":{"@type":"EntryPoint","urlTemplate":"https:\/\/skaitytaknyga.lt\/?s={search_term_string}"},"query-input":{"@type":"PropertyValueSpecification","valueRequired":true,"valueName":"search_term_string"}}],"inLanguage":"en-GB"},{"@type":"Organization","@id":"https:\/\/skaitytaknyga.lt\/#organization","name":"skaitytaknyga.lt","url":"https:\/\/skaitytaknyga.lt\/","logo":{"@type":"ImageObject","inLanguage":"en-GB","@id":"https:\/\/skaitytaknyga.lt\/#\/schema\/logo\/image\/","url":"https:\/\/skaitytaknyga.lt\/wp-content\/uploads\/2024\/05\/cropped-cropped-cropped-02_00843_jt3bggkj1j3HLc7SyY6rEUpg.jpeg","contentUrl":"https:\/\/skaitytaknyga.lt\/wp-content\/uploads\/2024\/05\/cropped-cropped-cropped-02_00843_jt3bggkj1j3HLc7SyY6rEUpg.jpeg","width":1600,"height":1600,"caption":"skaitytaknyga.lt"},"image":{"@id":"https:\/\/skaitytaknyga.lt\/#\/schema\/logo\/image\/"},"sameAs":["https:\/\/www.facebook.com\/skaitytaknyga\/"]}]}},"_links":{"self":[{"href":"https:\/\/skaitytaknyga.lt\/en\/wp-json\/wp\/v2\/product\/19880","targetHints":{"allow":["GET"]}}],"collection":[{"href":"https:\/\/skaitytaknyga.lt\/en\/wp-json\/wp\/v2\/product"}],"about":[{"href":"https:\/\/skaitytaknyga.lt\/en\/wp-json\/wp\/v2\/types\/product"}],"replies":[{"embeddable":true,"href":"https:\/\/skaitytaknyga.lt\/en\/wp-json\/wp\/v2\/comments?post=19880"}],"wp:featuredmedia":[{"embeddable":true,"href":"https:\/\/skaitytaknyga.lt\/en\/wp-json\/wp\/v2\/media\/19887"}],"wp:attachment":[{"href":"https:\/\/skaitytaknyga.lt\/en\/wp-json\/wp\/v2\/media?parent=19880"}],"wp:term":[{"taxonomy":"product_brand","embeddable":true,"href":"https:\/\/skaitytaknyga.lt\/en\/wp-json\/wp\/v2\/product_brand?post=19880"},{"taxonomy":"product_cat","embeddable":true,"href":"https:\/\/skaitytaknyga.lt\/en\/wp-json\/wp\/v2\/product_cat?post=19880"},{"taxonomy":"product_tag","embeddable":true,"href":"https:\/\/skaitytaknyga.lt\/en\/wp-json\/wp\/v2\/product_tag?post=19880"}],"curies":[{"name":"wp","href":"https:\/\/api.w.org\/{rel}","templated":true}]}}