{"id":19879,"date":"2025-07-25T09:05:44","date_gmt":"2025-07-25T06:05:44","guid":{"rendered":"https:\/\/skaitytaknyga.lt\/?post_type=product&#038;p=19879"},"modified":"2026-03-05T11:59:17","modified_gmt":"2026-03-05T09:59:17","slug":"mirties-chemija","status":"publish","type":"product","link":"https:\/\/skaitytaknyga.lt\/en\/produktas\/mirties-chemija\/","title":{"rendered":"Mirties chemija"},"content":{"rendered":"<p>Nudirbkite visus nam\u0173 ruo\u0161os darbus, pakeiskite vakaro planus, nes kai paimsite \u012f rankas \u201eMirties chemij\u0105\u201c, visa kita taps nebesvarbu!<\/p>\n<p>Deividas Hanteris buvo \u017eymiausias teismo medikas visoje Anglijoje. Ta\u010diau po \u017emonos ir dukters \u017e\u016bties jis palieka London\u0105 ir persikrausto \u012f ma\u017e\u0105 kaimel\u012f kaip paprastas gydytojas. Niekas i\u0161 kaimie\u010di\u0173 ne\u017eino jo praeities. Po trej\u0173 ramaus gyvenimo met\u0173 du berniukai randa vietin\u0117s ra\u0161ytojos lavon\u0105 su \u012f nugar\u0105 \u012fsmeigtais gulb\u0117s sparnais. Kaip medikas, Hanteris privalo ap\u017ei\u016br\u0117ti negyv\u0117l\u0119, o tuo metu pradingsta antra kaimelio gyventoja. \u012etarimas krinta ant gydytojo, nes jis visiems vis dar tebeatrodo svetimas\u2026<\/p>\n<p>\u201eMirties chemija\u201c \u2013 \u012ftampos kupinas detektyvas, sudarytas i\u0161 klasikini\u0173 komponent\u0173: apibr\u0117\u017etas galim\u0173 \u012ftariam\u0173j\u0173 ratas, visus be perstojo \u012ftarin\u0117jantys kaimo gyventojai ir daugyb\u0117 versij\u0173, kurias pasitelk\u0119s autorius nepaprastai gudriai ved\u017eioja skaitytoj\u0105 u\u017e nosies. \u012etampa auga sulig kiekvienu puslapiu, kaime isterija apima vis daugiau \u017emoni\u0173, nes vien\u0105 \u017eiauri\u0105 ir keist\u0105 \u017emog\u017eudyst\u0119 veja kitos.<\/p>\n<p>Kiek skausmo ir nelaimi\u0173 galima pakelti? Kas yra blogis ir kod\u0117l \u017emon\u0117s taip \u017eiauriai elgiasi vieni su kitais? Deividas Hanteris ie\u0161ko atsakym\u0173 \u012f \u0161iuos klausimus, bandydamas suprasti, k\u0105 mes padarome su savo ir kit\u0173 gyvenimais. Jis irgi tik \u017emogus, kaip mes visi, bet jo teismo medicinos \u017einios ir talentas padeda jam \u012f\u017evelgti tai, ko nepastebi kiti.<\/p>\n","protected":false},"excerpt":{"rendered":"<p>Nudirbkite visus nam\u0173 ruo\u0161os darbus, pakeiskite vakaro planus, nes kai paimsite \u012f rankas \u201eMirties chemij\u0105\u201c, visa kita taps nebesvarbu! Deividas Hanteris buvo \u017eymiausias teismo medikas visoje Anglijoje. Ta\u010diau po \u017emonos ir dukters \u017e\u016bties jis palieka London\u0105 ir persikrausto \u012f ma\u017e\u0105 kaimel\u012f kaip paprastas gydytojas. Niekas i\u0161 kaimie\u010di\u0173 ne\u017eino jo praeities. Po trej\u0173 ramaus gyvenimo met\u0173 du berniukai randa vietin\u0117s ra\u0161ytojos lavon\u0105 su \u012f nugar\u0105 \u012fsmeigtais gulb\u0117s sparnais. Kaip medikas, Hanteris privalo ap\u017ei\u016br\u0117ti negyv\u0117l\u0119, o tuo metu pradingsta antra kaimelio gyventoja. \u012etarimas krinta ant gydytojo, nes jis visiems vis dar tebeatrodo svetimas\u2026 \u201eMirties chemija\u201c \u2013 \u012ftampos kupinas detektyvas, sudarytas i\u0161 klasikini\u0173 komponent\u0173: apibr\u0117\u017etas galim\u0173 \u012ftariam\u0173j\u0173 ratas, visus be perstojo \u012ftarin\u0117jantys kaimo gyventojai ir daugyb\u0117 versij\u0173, kurias pasitelk\u0119s autorius nepaprastai gudriai ved\u017eioja skaitytoj\u0105 u\u017e nosies. \u012etampa auga sulig kiekvienu puslapiu, kaime isterija apima vis daugiau \u017emoni\u0173, nes vien\u0105 \u017eiauri\u0105 ir keist\u0105 \u017emog\u017eudyst\u0119 veja kitos. Kiek skausmo ir nelaimi\u0173 galima pakelti? Kas yra blogis ir kod\u0117l \u017emon\u0117s taip \u017eiauriai elgiasi vieni su kitais? Deividas Hanteris ie\u0161ko atsakym\u0173 \u012f \u0161iuos klausimus, bandydamas suprasti, k\u0105 mes padarome su savo ir kit\u0173 gyvenimais. Jis irgi tik \u017emogus, kaip mes visi, bet jo teismo medicinos \u017einios ir talentas padeda jam \u012f\u017evelgti tai, ko nepastebi kiti.<\/p>\n","protected":false},"featured_media":19886,"comment_status":"open","ping_status":"closed","template":"","meta":{"_acf_changed":false,"site-sidebar-layout":"default","site-content-layout":"","ast-site-content-layout":"default","site-content-style":"default","site-sidebar-style":"default","ast-global-header-display":"","ast-banner-title-visibility":"","ast-main-header-display":"","ast-hfb-above-header-display":"","ast-hfb-below-header-display":"","ast-hfb-mobile-header-display":"","site-post-title":"","ast-breadcrumbs-content":"","ast-featured-img":"","footer-sml-layout":"","ast-disable-related-posts":"","theme-transparent-header-meta":"","adv-header-id-meta":"","stick-header-meta":"","header-above-stick-meta":"","header-main-stick-meta":"","header-below-stick-meta":"","astra-migrate-meta-layouts":"default","ast-page-background-enabled":"default","ast-page-background-meta":{"desktop":{"background-color":"","background-image":"","background-repeat":"repeat","background-position":"center center","background-size":"auto","background-attachment":"scroll","background-type":"","background-media":"","overlay-type":"","overlay-color":"","overlay-opacity":"","overlay-gradient":""},"tablet":{"background-color":"","background-image":"","background-repeat":"repeat","background-position":"center center","background-size":"auto","background-attachment":"scroll","background-type":"","background-media":"","overlay-type":"","overlay-color":"","overlay-opacity":"","overlay-gradient":""},"mobile":{"background-color":"","background-image":"","background-repeat":"repeat","background-position":"center center","background-size":"auto","background-attachment":"scroll","background-type":"","background-media":"","overlay-type":"","overlay-color":"","overlay-opacity":"","overlay-gradient":""}},"ast-content-background-meta":{"desktop":{"background-color":"var(--ast-global-color-4)","background-image":"","background-repeat":"repeat","background-position":"center center","background-size":"auto","background-attachment":"scroll","background-type":"","background-media":"","overlay-type":"","overlay-color":"","overlay-opacity":"","overlay-gradient":""},"tablet":{"background-color":"var(--ast-global-color-4)","background-image":"","background-repeat":"repeat","background-position":"center center","background-size":"auto","background-attachment":"scroll","background-type":"","background-media":"","overlay-type":"","overlay-color":"","overlay-opacity":"","overlay-gradient":""},"mobile":{"background-color":"var(--ast-global-color-4)","background-image":"","background-repeat":"repeat","background-position":"center center","background-size":"auto","background-attachment":"scroll","background-type":"","background-media":"","overlay-type":"","overlay-color":"","overlay-opacity":"","overlay-gradient":""}}},"product_brand":[],"product_cat":[9581],"product_tag":[1476,1590,6931,6927,3182,1587,1772],"class_list":{"0":"post-19879","1":"product","2":"type-product","3":"status-publish","4":"has-post-thumbnail","6":"product_cat-kriminaliniai-romanai","7":"product_tag-detektyvas","8":"product_tag-itampa","9":"product_tag-mirties-chemija","10":"product_tag-simon-beckett","11":"product_tag-teismo-medicina","12":"product_tag-trileris","13":"product_tag-zmogzudyste","14":"desktop-align-left","15":"tablet-align-left","16":"mobile-align-left","18":"first","19":"instock","20":"shipping-taxable","21":"purchasable","22":"product-type-simple"},"acf":[],"yoast_head":"<!-- This site is optimized with the Yoast SEO plugin v27.0 - https:\/\/yoast.com\/product\/yoast-seo-wordpress\/ -->\n<title>Mirties chemija<\/title>\n<meta name=\"description\" content=\"Nudirbkite visus nam\u0173 ruo\u0161os darbus, pakeiskite vakaro planus, nes kai paimsite \u012f rankas \u201eMirties chemij\u0105\u201c, visa kita taps nebesvarbu! Deividas Hanteris\" \/>\n<meta name=\"robots\" content=\"index, follow, max-snippet:-1, max-image-preview:large, max-video-preview:-1\" \/>\n<link rel=\"canonical\" href=\"https:\/\/skaitytaknyga.lt\/en\/produktas\/mirties-chemija\/\" \/>\n<meta property=\"og:locale\" content=\"en_GB\" \/>\n<meta property=\"og:locale:alternate\" content=\"lt_LT\" \/>\n<meta property=\"og:type\" content=\"article\" \/>\n<meta property=\"og:title\" content=\"Mirties chemija\" \/>\n<meta property=\"og:description\" content=\"Nudirbkite visus nam\u0173 ruo\u0161os darbus, pakeiskite vakaro planus, nes kai paimsite \u012f rankas \u201eMirties chemij\u0105\u201c, visa kita taps nebesvarbu! Deividas Hanteris\" \/>\n<meta property=\"og:url\" content=\"https:\/\/skaitytaknyga.lt\/en\/produktas\/mirties-chemija\/\" \/>\n<meta property=\"og:site_name\" content=\"Skaitytaknyga\" \/>\n<meta property=\"article:publisher\" content=\"https:\/\/www.facebook.com\/skaitytaknyga\/\" \/>\n<meta property=\"article:modified_time\" content=\"2026-03-05T09:59:17+00:00\" \/>\n<meta property=\"og:image\" content=\"https:\/\/skaitytaknyga.lt\/wp-content\/uploads\/2025\/07\/Mirties-chemija.webp\" \/>\n\t<meta property=\"og:image:width\" content=\"535\" \/>\n\t<meta property=\"og:image:height\" content=\"800\" \/>\n\t<meta property=\"og:image:type\" content=\"image\/webp\" \/>\n<meta name=\"twitter:card\" content=\"summary_large_image\" \/>\n<meta name=\"twitter:label1\" content=\"Estimated reading time\" \/>\n\t<meta name=\"twitter:data1\" content=\"1 minute\" \/>\n<script type=\"application\/ld+json\" class=\"yoast-schema-graph\">{\"@context\":\"https:\/\/schema.org\",\"@graph\":[{\"@type\":\"WebPage\",\"@id\":\"https:\/\/skaitytaknyga.lt\/produktas\/mirties-chemija\/\",\"url\":\"https:\/\/skaitytaknyga.lt\/produktas\/mirties-chemija\/\",\"name\":\"Mirties chemija\",\"isPartOf\":{\"@id\":\"https:\/\/skaitytaknyga.lt\/#website\"},\"primaryImageOfPage\":{\"@id\":\"https:\/\/skaitytaknyga.lt\/produktas\/mirties-chemija\/#primaryimage\"},\"image\":{\"@id\":\"https:\/\/skaitytaknyga.lt\/produktas\/mirties-chemija\/#primaryimage\"},\"thumbnailUrl\":\"https:\/\/skaitytaknyga.lt\/wp-content\/uploads\/2025\/07\/Mirties-chemija.webp\",\"datePublished\":\"2025-07-25T06:05:44+00:00\",\"dateModified\":\"2026-03-05T09:59:17+00:00\",\"description\":\"Nudirbkite visus nam\u0173 ruo\u0161os darbus, pakeiskite vakaro planus, nes kai paimsite \u012f rankas \u201eMirties chemij\u0105\u201c, visa kita taps nebesvarbu! Deividas Hanteris\",\"breadcrumb\":{\"@id\":\"https:\/\/skaitytaknyga.lt\/produktas\/mirties-chemija\/#breadcrumb\"},\"inLanguage\":\"en-GB\",\"potentialAction\":[{\"@type\":\"ReadAction\",\"target\":[\"https:\/\/skaitytaknyga.lt\/produktas\/mirties-chemija\/\"]}]},{\"@type\":\"ImageObject\",\"inLanguage\":\"en-GB\",\"@id\":\"https:\/\/skaitytaknyga.lt\/produktas\/mirties-chemija\/#primaryimage\",\"url\":\"https:\/\/skaitytaknyga.lt\/wp-content\/uploads\/2025\/07\/Mirties-chemija.webp\",\"contentUrl\":\"https:\/\/skaitytaknyga.lt\/wp-content\/uploads\/2025\/07\/Mirties-chemija.webp\",\"width\":535,\"height\":800},{\"@type\":\"BreadcrumbList\",\"@id\":\"https:\/\/skaitytaknyga.lt\/produktas\/mirties-chemija\/#breadcrumb\",\"itemListElement\":[{\"@type\":\"ListItem\",\"position\":1,\"name\":\"Home\",\"item\":\"https:\/\/skaitytaknyga.lt\/\"},{\"@type\":\"ListItem\",\"position\":2,\"name\":\"Parduotuv\u0117\",\"item\":\"https:\/\/skaitytaknyga.lt\/knygu-parduotuve\/\"},{\"@type\":\"ListItem\",\"position\":3,\"name\":\"Mirties chemija\"}]},{\"@type\":\"WebSite\",\"@id\":\"https:\/\/skaitytaknyga.lt\/#website\",\"url\":\"https:\/\/skaitytaknyga.lt\/\",\"name\":\"skaitytaknyga.lt\",\"description\":\"Skaitytaknyga.lt \u2013 tai ma\u017eas \u0161eimos verslas, kuris prasid\u0117jo nuo meil\u0117s knygoms ir siekio i\u0161gelb\u0117ti knygas nuo likimo prie konteinerio. Kas vienam nereikalingas daiktas \u2013 kitam lobis, o mes esame tarpininkai, kurie padeda abiems tapti laimingesniems ???? \u017dinome kaip nelengva i\u0161gyventi ma\u017eiems verslams, tad nuo \u0161iol, \u010dia rasite ir kit\u0173, ma\u017e\u0173 \u0161eim\u0173 versl\u0173, rank\u0173 darbo, dovan\u0173 sau ir artimiesiems.\",\"publisher\":{\"@id\":\"https:\/\/skaitytaknyga.lt\/#organization\"},\"potentialAction\":[{\"@type\":\"SearchAction\",\"target\":{\"@type\":\"EntryPoint\",\"urlTemplate\":\"https:\/\/skaitytaknyga.lt\/?s={search_term_string}\"},\"query-input\":{\"@type\":\"PropertyValueSpecification\",\"valueRequired\":true,\"valueName\":\"search_term_string\"}}],\"inLanguage\":\"en-GB\"},{\"@type\":\"Organization\",\"@id\":\"https:\/\/skaitytaknyga.lt\/#organization\",\"name\":\"skaitytaknyga.lt\",\"url\":\"https:\/\/skaitytaknyga.lt\/\",\"logo\":{\"@type\":\"ImageObject\",\"inLanguage\":\"en-GB\",\"@id\":\"https:\/\/skaitytaknyga.lt\/#\/schema\/logo\/image\/\",\"url\":\"https:\/\/skaitytaknyga.lt\/wp-content\/uploads\/2024\/05\/cropped-cropped-cropped-02_00843_jt3bggkj1j3HLc7SyY6rEUpg.jpeg\",\"contentUrl\":\"https:\/\/skaitytaknyga.lt\/wp-content\/uploads\/2024\/05\/cropped-cropped-cropped-02_00843_jt3bggkj1j3HLc7SyY6rEUpg.jpeg\",\"width\":1600,\"height\":1600,\"caption\":\"skaitytaknyga.lt\"},\"image\":{\"@id\":\"https:\/\/skaitytaknyga.lt\/#\/schema\/logo\/image\/\"},\"sameAs\":[\"https:\/\/www.facebook.com\/skaitytaknyga\/\"]}]}<\/script>\n<!-- \/ Yoast SEO plugin. -->","yoast_head_json":{"title":"Mirties chemija","description":"Nudirbkite visus nam\u0173 ruo\u0161os darbus, pakeiskite vakaro planus, nes kai paimsite \u012f rankas \u201eMirties chemij\u0105\u201c, visa kita taps nebesvarbu! Deividas Hanteris","robots":{"index":"index","follow":"follow","max-snippet":"max-snippet:-1","max-image-preview":"max-image-preview:large","max-video-preview":"max-video-preview:-1"},"canonical":"https:\/\/skaitytaknyga.lt\/en\/produktas\/mirties-chemija\/","og_locale":"en_GB","og_type":"article","og_title":"[:lt]Mirties chemija[:] - Skaitytaknyga","og_description":"Nudirbkite visus nam\u0173 ruo\u0161os darbus, pakeiskite vakaro planus, nes kai paimsite \u012f rankas \u201eMirties chemij\u0105\u201c, visa kita taps nebesvarbu! Deividas Hanteris","og_url":"https:\/\/skaitytaknyga.lt\/en\/produktas\/mirties-chemija\/","og_site_name":"Skaitytaknyga","article_publisher":"https:\/\/www.facebook.com\/skaitytaknyga\/","article_modified_time":"2026-03-05T09:59:17+00:00","og_image":[{"width":535,"height":800,"url":"https:\/\/skaitytaknyga.lt\/wp-content\/uploads\/2025\/07\/Mirties-chemija.webp","type":"image\/webp"}],"twitter_card":"summary_large_image","twitter_misc":{"Estimated reading time":"1 minute"},"schema":{"@context":"https:\/\/schema.org","@graph":[{"@type":"WebPage","@id":"https:\/\/skaitytaknyga.lt\/produktas\/mirties-chemija\/","url":"https:\/\/skaitytaknyga.lt\/produktas\/mirties-chemija\/","name":"Mirties chemija","isPartOf":{"@id":"https:\/\/skaitytaknyga.lt\/#website"},"primaryImageOfPage":{"@id":"https:\/\/skaitytaknyga.lt\/produktas\/mirties-chemija\/#primaryimage"},"image":{"@id":"https:\/\/skaitytaknyga.lt\/produktas\/mirties-chemija\/#primaryimage"},"thumbnailUrl":"https:\/\/skaitytaknyga.lt\/wp-content\/uploads\/2025\/07\/Mirties-chemija.webp","datePublished":"2025-07-25T06:05:44+00:00","dateModified":"2026-03-05T09:59:17+00:00","description":"Nudirbkite visus nam\u0173 ruo\u0161os darbus, pakeiskite vakaro planus, nes kai paimsite \u012f rankas \u201eMirties chemij\u0105\u201c, visa kita taps nebesvarbu! Deividas Hanteris","breadcrumb":{"@id":"https:\/\/skaitytaknyga.lt\/produktas\/mirties-chemija\/#breadcrumb"},"inLanguage":"en-GB","potentialAction":[{"@type":"ReadAction","target":["https:\/\/skaitytaknyga.lt\/produktas\/mirties-chemija\/"]}]},{"@type":"ImageObject","inLanguage":"en-GB","@id":"https:\/\/skaitytaknyga.lt\/produktas\/mirties-chemija\/#primaryimage","url":"https:\/\/skaitytaknyga.lt\/wp-content\/uploads\/2025\/07\/Mirties-chemija.webp","contentUrl":"https:\/\/skaitytaknyga.lt\/wp-content\/uploads\/2025\/07\/Mirties-chemija.webp","width":535,"height":800},{"@type":"BreadcrumbList","@id":"https:\/\/skaitytaknyga.lt\/produktas\/mirties-chemija\/#breadcrumb","itemListElement":[{"@type":"ListItem","position":1,"name":"Home","item":"https:\/\/skaitytaknyga.lt\/"},{"@type":"ListItem","position":2,"name":"Parduotuv\u0117","item":"https:\/\/skaitytaknyga.lt\/knygu-parduotuve\/"},{"@type":"ListItem","position":3,"name":"Mirties chemija"}]},{"@type":"WebSite","@id":"https:\/\/skaitytaknyga.lt\/#website","url":"https:\/\/skaitytaknyga.lt\/","name":"skaitytaknyga.lt","description":"Skaitytaknyga.lt \u2013 tai ma\u017eas \u0161eimos verslas, kuris prasid\u0117jo nuo meil\u0117s knygoms ir siekio i\u0161gelb\u0117ti knygas nuo likimo prie konteinerio. Kas vienam nereikalingas daiktas \u2013 kitam lobis, o mes esame tarpininkai, kurie padeda abiems tapti laimingesniems ???? \u017dinome kaip nelengva i\u0161gyventi ma\u017eiems verslams, tad nuo \u0161iol, \u010dia rasite ir kit\u0173, ma\u017e\u0173 \u0161eim\u0173 versl\u0173, rank\u0173 darbo, dovan\u0173 sau ir artimiesiems.","publisher":{"@id":"https:\/\/skaitytaknyga.lt\/#organization"},"potentialAction":[{"@type":"SearchAction","target":{"@type":"EntryPoint","urlTemplate":"https:\/\/skaitytaknyga.lt\/?s={search_term_string}"},"query-input":{"@type":"PropertyValueSpecification","valueRequired":true,"valueName":"search_term_string"}}],"inLanguage":"en-GB"},{"@type":"Organization","@id":"https:\/\/skaitytaknyga.lt\/#organization","name":"skaitytaknyga.lt","url":"https:\/\/skaitytaknyga.lt\/","logo":{"@type":"ImageObject","inLanguage":"en-GB","@id":"https:\/\/skaitytaknyga.lt\/#\/schema\/logo\/image\/","url":"https:\/\/skaitytaknyga.lt\/wp-content\/uploads\/2024\/05\/cropped-cropped-cropped-02_00843_jt3bggkj1j3HLc7SyY6rEUpg.jpeg","contentUrl":"https:\/\/skaitytaknyga.lt\/wp-content\/uploads\/2024\/05\/cropped-cropped-cropped-02_00843_jt3bggkj1j3HLc7SyY6rEUpg.jpeg","width":1600,"height":1600,"caption":"skaitytaknyga.lt"},"image":{"@id":"https:\/\/skaitytaknyga.lt\/#\/schema\/logo\/image\/"},"sameAs":["https:\/\/www.facebook.com\/skaitytaknyga\/"]}]}},"_links":{"self":[{"href":"https:\/\/skaitytaknyga.lt\/en\/wp-json\/wp\/v2\/product\/19879","targetHints":{"allow":["GET"]}}],"collection":[{"href":"https:\/\/skaitytaknyga.lt\/en\/wp-json\/wp\/v2\/product"}],"about":[{"href":"https:\/\/skaitytaknyga.lt\/en\/wp-json\/wp\/v2\/types\/product"}],"replies":[{"embeddable":true,"href":"https:\/\/skaitytaknyga.lt\/en\/wp-json\/wp\/v2\/comments?post=19879"}],"wp:featuredmedia":[{"embeddable":true,"href":"https:\/\/skaitytaknyga.lt\/en\/wp-json\/wp\/v2\/media\/19886"}],"wp:attachment":[{"href":"https:\/\/skaitytaknyga.lt\/en\/wp-json\/wp\/v2\/media?parent=19879"}],"wp:term":[{"taxonomy":"product_brand","embeddable":true,"href":"https:\/\/skaitytaknyga.lt\/en\/wp-json\/wp\/v2\/product_brand?post=19879"},{"taxonomy":"product_cat","embeddable":true,"href":"https:\/\/skaitytaknyga.lt\/en\/wp-json\/wp\/v2\/product_cat?post=19879"},{"taxonomy":"product_tag","embeddable":true,"href":"https:\/\/skaitytaknyga.lt\/en\/wp-json\/wp\/v2\/product_tag?post=19879"}],"curies":[{"name":"wp","href":"https:\/\/api.w.org\/{rel}","templated":true}]}}