{"id":19878,"date":"2025-07-25T09:05:44","date_gmt":"2025-07-25T06:05:44","guid":{"rendered":"https:\/\/skaitytaknyga.lt\/?post_type=product&#038;p=19878"},"modified":"2026-03-05T11:01:37","modified_gmt":"2026-03-05T09:01:37","slug":"mirties-kvapas","status":"publish","type":"product","link":"https:\/\/skaitytaknyga.lt\/en\/produktas\/mirties-kvapas\/","title":{"rendered":"Mirties kvapas"},"content":{"rendered":"<p>Simon Beckett (Saimonas Beketas; g. 1968 m.) \u2013 pasaulinio pripa\u017einimo sulauk\u0119s brit\u0173 autorius: jo detektyvai i\u0161versti \u012f 29 kalbas, parduota daugiau nei 12 mln. knyg\u0173, jos fig\u016bruoja The Sunday Times ir tarptautini\u0173 bestseleri\u0173 s\u0105ra\u0161uose. Ra\u0161ytojo karjer\u0105 S. Beckettas prad\u0117jo dar 2002 m., kai dirbdamas \u017eurnalistu apsilank\u0117 Tenesio Lavon\u0173 \u016bkyje. \u0160i patirtis \u012fkv\u0117p\u0117 populiariausi\u0105 jo knyg\u0173 serij\u0105 apie teismo medicinos ekspert\u0105 Deivid\u0105 Hanter\u012f, j\u0105 pam\u0117go ir Lietuvos skaitytojai. \u201eMirties kvapas&#8221; \u2013 \u0161e\u0161toji \u0161ios serijos knyga.<\/p>\n<p>Teismo medicinos ekspertas Deividas Hanteris jau\u010diasi laimingas: santykiai su mylim\u0105ja Rei\u010dele klostosi s\u0117kmingai, kaip ir jo, policijos konsultanto, karjera. Regis, teismo antropologas pagaliau gali d\u017eiaugtis gyvenimu. Deja, neilgai. Netik\u0117tas inspektor\u0117s \u0160eron Vord skambutis sudrums\u010dia jo idili\u0161k\u0105 laim\u0119 \u2013 \u0160iaur\u0117s Londone, apleistos \u0160v. Judo Tado ligonin\u0117s pal\u0117p\u0117je, rastas lavonas, ir Deividas Hanteris yra kvie\u010diamas j\u012f i\u0161tirti.<\/p>\n<p>Karalien\u0117s Viktorijos laik\u0173 ligonin\u0117 jau daug met\u0173 stovi u\u017edaryta, bet joje dabar gyvena benamiai, narkomanai, anks\u010diau \u010dia vyko ir plataus masto prekyba narkotikais. Neseniai prad\u0117t\u0173 ligonin\u0117s griovimo darb\u0173 metu aptinkamas beveik mumifikav\u0119sis lavonas. Hanteris n\u0117ra tikras, kiek laiko k\u016bnas guli pasl\u0117ptas ligonin\u0117s pal\u0117p\u0117je, ta\u010diau ai\u0161ku, kad tai jaunos moters lavonas. Staiga pal\u0117p\u0117s grindys \u012fl\u016b\u017eta, ir tyr\u0117jai kartu su Hanteriu patenka \u012f slapt\u0105 u\u017em\u016bryt\u0105 patalp\u0105. \u010cia stovi trys lovos, o dviejose i\u0161 j\u0173 \u2013 du nejudantys k\u016bnai.<\/p>\n<p>Koki\u0173 dar \u0161iurpi\u0173 paslap\u010di\u0173 atskleis \u0160v. Judo Tado ligonin\u0117? I\u0161 pirmo \u017evilgsnio \u0161i nesud\u0117tinga, policijos konsultantui Deividui Hanteriui \u012fprasta byla akimirksniu taps jo ir vis\u0173 aplinkini\u0173 gyvybei gr\u0117sm\u0119 kelian\u010diu ko\u0161maru.<br \/>\n\u0160is meistri\u0161kas S. Becketto trileris, kupinas \u0161iurpinan\u010dios ir nervus dirginan\u010dios \u012ftampos, privers skaitytoj\u0105 aiktel\u0117ti.<\/p>\n<p>\u201e\u0160e\u0161toji serijos apie Deivid\u0105 Hanter\u012f knyga, be abejon\u0117s, yra geriausias Simono Becketto trileris.&#8221; \u2013 The Times<\/p>\n","protected":false},"excerpt":{"rendered":"<p>Simon Beckett (Saimonas Beketas; g. 1968 m.) \u2013 pasaulinio pripa\u017einimo sulauk\u0119s brit\u0173 autorius: jo detektyvai i\u0161versti \u012f 29 kalbas, parduota daugiau nei 12 mln. knyg\u0173, jos fig\u016bruoja The Sunday Times ir tarptautini\u0173 bestseleri\u0173 s\u0105ra\u0161uose. Ra\u0161ytojo karjer\u0105 S. Beckettas prad\u0117jo dar 2002 m., kai dirbdamas \u017eurnalistu apsilank\u0117 Tenesio Lavon\u0173 \u016bkyje. \u0160i patirtis \u012fkv\u0117p\u0117 populiariausi\u0105 jo knyg\u0173 serij\u0105 apie teismo medicinos ekspert\u0105 Deivid\u0105 Hanter\u012f, j\u0105 pam\u0117go ir Lietuvos skaitytojai. \u201eMirties kvapas&#8221; \u2013 \u0161e\u0161toji \u0161ios serijos knyga. Teismo medicinos ekspertas Deividas Hanteris jau\u010diasi laimingas: santykiai su mylim\u0105ja Rei\u010dele klostosi s\u0117kmingai, kaip ir jo, policijos konsultanto, karjera. Regis, teismo antropologas pagaliau gali d\u017eiaugtis gyvenimu. Deja, neilgai. Netik\u0117tas inspektor\u0117s \u0160eron Vord skambutis sudrums\u010dia jo idili\u0161k\u0105 laim\u0119 \u2013 \u0160iaur\u0117s Londone, apleistos \u0160v. Judo Tado ligonin\u0117s pal\u0117p\u0117je, rastas lavonas, ir Deividas Hanteris yra kvie\u010diamas j\u012f i\u0161tirti. Karalien\u0117s Viktorijos laik\u0173 ligonin\u0117 jau daug met\u0173 stovi u\u017edaryta, bet joje dabar gyvena benamiai, narkomanai, anks\u010diau \u010dia vyko ir plataus masto prekyba narkotikais. Neseniai prad\u0117t\u0173 ligonin\u0117s griovimo darb\u0173 metu aptinkamas beveik mumifikav\u0119sis lavonas. Hanteris n\u0117ra tikras, kiek laiko k\u016bnas guli pasl\u0117ptas ligonin\u0117s pal\u0117p\u0117je, ta\u010diau ai\u0161ku, kad tai jaunos moters lavonas. Staiga pal\u0117p\u0117s grindys \u012fl\u016b\u017eta, ir tyr\u0117jai kartu su Hanteriu patenka \u012f slapt\u0105 u\u017em\u016bryt\u0105 patalp\u0105. \u010cia stovi trys lovos, o dviejose i\u0161 j\u0173 \u2013 du nejudantys k\u016bnai. Koki\u0173 dar \u0161iurpi\u0173 paslap\u010di\u0173 atskleis \u0160v. Judo Tado ligonin\u0117? I\u0161 pirmo \u017evilgsnio \u0161i nesud\u0117tinga, policijos konsultantui Deividui Hanteriui \u012fprasta byla akimirksniu taps jo ir vis\u0173 aplinkini\u0173 gyvybei gr\u0117sm\u0119 kelian\u010diu ko\u0161maru. \u0160is meistri\u0161kas S. Becketto trileris, kupinas \u0161iurpinan\u010dios ir nervus dirginan\u010dios \u012ftampos, privers skaitytoj\u0105 aiktel\u0117ti. \u201e\u0160e\u0161toji serijos apie Deivid\u0105 Hanter\u012f knyga, be abejon\u0117s, yra geriausias Simono Becketto trileris.&#8221; \u2013 The Times<\/p>\n","protected":false},"featured_media":19885,"comment_status":"open","ping_status":"closed","template":"","meta":{"_acf_changed":false,"site-sidebar-layout":"default","site-content-layout":"","ast-site-content-layout":"default","site-content-style":"default","site-sidebar-style":"default","ast-global-header-display":"","ast-banner-title-visibility":"","ast-main-header-display":"","ast-hfb-above-header-display":"","ast-hfb-below-header-display":"","ast-hfb-mobile-header-display":"","site-post-title":"","ast-breadcrumbs-content":"","ast-featured-img":"","footer-sml-layout":"","ast-disable-related-posts":"","theme-transparent-header-meta":"","adv-header-id-meta":"","stick-header-meta":"","header-above-stick-meta":"","header-main-stick-meta":"","header-below-stick-meta":"","astra-migrate-meta-layouts":"default","ast-page-background-enabled":"default","ast-page-background-meta":{"desktop":{"background-color":"","background-image":"","background-repeat":"repeat","background-position":"center center","background-size":"auto","background-attachment":"scroll","background-type":"","background-media":"","overlay-type":"","overlay-color":"","overlay-opacity":"","overlay-gradient":""},"tablet":{"background-color":"","background-image":"","background-repeat":"repeat","background-position":"center center","background-size":"auto","background-attachment":"scroll","background-type":"","background-media":"","overlay-type":"","overlay-color":"","overlay-opacity":"","overlay-gradient":""},"mobile":{"background-color":"","background-image":"","background-repeat":"repeat","background-position":"center center","background-size":"auto","background-attachment":"scroll","background-type":"","background-media":"","overlay-type":"","overlay-color":"","overlay-opacity":"","overlay-gradient":""}},"ast-content-background-meta":{"desktop":{"background-color":"var(--ast-global-color-4)","background-image":"","background-repeat":"repeat","background-position":"center center","background-size":"auto","background-attachment":"scroll","background-type":"","background-media":"","overlay-type":"","overlay-color":"","overlay-opacity":"","overlay-gradient":""},"tablet":{"background-color":"var(--ast-global-color-4)","background-image":"","background-repeat":"repeat","background-position":"center center","background-size":"auto","background-attachment":"scroll","background-type":"","background-media":"","overlay-type":"","overlay-color":"","overlay-opacity":"","overlay-gradient":""},"mobile":{"background-color":"var(--ast-global-color-4)","background-image":"","background-repeat":"repeat","background-position":"center center","background-size":"auto","background-attachment":"scroll","background-type":"","background-media":"","overlay-type":"","overlay-color":"","overlay-opacity":"","overlay-gradient":""}}},"product_brand":[],"product_cat":[9581],"product_tag":[4346,6930,1478,3145,6927,3182,1587],"class_list":{"0":"post-19878","1":"product","2":"type-product","3":"status-publish","4":"has-post-thumbnail","6":"product_cat-kriminaliniai-romanai","7":"product_tag-kriminalinis","8":"product_tag-mirties-kvapas","9":"product_tag-paslaptys","10":"product_tag-pavojus","11":"product_tag-simon-beckett","12":"product_tag-teismo-medicina","13":"product_tag-trileris","14":"desktop-align-left","15":"tablet-align-left","16":"mobile-align-left","18":"first","19":"instock","20":"shipping-taxable","21":"purchasable","22":"product-type-simple"},"acf":[],"yoast_head":"<!-- This site is optimized with the Yoast SEO plugin v27.0 - https:\/\/yoast.com\/product\/yoast-seo-wordpress\/ -->\n<title>Mirties kvapas<\/title>\n<meta name=\"description\" content=\"Simon Beckett (Saimonas Beketas; g. 1968 m.) \u2013 pasaulinio pripa\u017einimo sulauk\u0119s brit\u0173 autorius: jo detektyvai i\u0161versti \u012f 29 kalbas, parduota daugiau nei 12\" \/>\n<meta name=\"robots\" content=\"index, follow, max-snippet:-1, max-image-preview:large, max-video-preview:-1\" \/>\n<link rel=\"canonical\" href=\"https:\/\/skaitytaknyga.lt\/en\/produktas\/mirties-kvapas\/\" \/>\n<meta property=\"og:locale\" content=\"en_GB\" \/>\n<meta property=\"og:locale:alternate\" content=\"lt_LT\" \/>\n<meta property=\"og:type\" content=\"article\" \/>\n<meta property=\"og:title\" content=\"Mirties kvapas\" \/>\n<meta property=\"og:description\" content=\"Simon Beckett (Saimonas Beketas; g. 1968 m.) \u2013 pasaulinio pripa\u017einimo sulauk\u0119s brit\u0173 autorius: jo detektyvai i\u0161versti \u012f 29 kalbas, parduota daugiau nei 12\" \/>\n<meta property=\"og:url\" content=\"https:\/\/skaitytaknyga.lt\/en\/produktas\/mirties-kvapas\/\" \/>\n<meta property=\"og:site_name\" content=\"Skaitytaknyga\" \/>\n<meta property=\"article:publisher\" content=\"https:\/\/www.facebook.com\/skaitytaknyga\/\" \/>\n<meta property=\"article:modified_time\" content=\"2026-03-05T09:01:37+00:00\" \/>\n<meta property=\"og:image\" content=\"https:\/\/skaitytaknyga.lt\/wp-content\/uploads\/2025\/07\/Mirties-kvapas.webp\" \/>\n\t<meta property=\"og:image:width\" content=\"534\" \/>\n\t<meta property=\"og:image:height\" content=\"801\" \/>\n\t<meta property=\"og:image:type\" content=\"image\/webp\" \/>\n<meta name=\"twitter:card\" content=\"summary_large_image\" \/>\n<meta name=\"twitter:label1\" content=\"Estimated reading time\" \/>\n\t<meta name=\"twitter:data1\" content=\"2 minutes\" \/>\n<script type=\"application\/ld+json\" class=\"yoast-schema-graph\">{\"@context\":\"https:\/\/schema.org\",\"@graph\":[{\"@type\":\"WebPage\",\"@id\":\"https:\/\/skaitytaknyga.lt\/produktas\/mirties-kvapas\/\",\"url\":\"https:\/\/skaitytaknyga.lt\/produktas\/mirties-kvapas\/\",\"name\":\"Mirties kvapas\",\"isPartOf\":{\"@id\":\"https:\/\/skaitytaknyga.lt\/#website\"},\"primaryImageOfPage\":{\"@id\":\"https:\/\/skaitytaknyga.lt\/produktas\/mirties-kvapas\/#primaryimage\"},\"image\":{\"@id\":\"https:\/\/skaitytaknyga.lt\/produktas\/mirties-kvapas\/#primaryimage\"},\"thumbnailUrl\":\"https:\/\/skaitytaknyga.lt\/wp-content\/uploads\/2025\/07\/Mirties-kvapas.webp\",\"datePublished\":\"2025-07-25T06:05:44+00:00\",\"dateModified\":\"2026-03-05T09:01:37+00:00\",\"description\":\"Simon Beckett (Saimonas Beketas; g. 1968 m.) \u2013 pasaulinio pripa\u017einimo sulauk\u0119s brit\u0173 autorius: jo detektyvai i\u0161versti \u012f 29 kalbas, parduota daugiau nei 12\",\"breadcrumb\":{\"@id\":\"https:\/\/skaitytaknyga.lt\/produktas\/mirties-kvapas\/#breadcrumb\"},\"inLanguage\":\"en-GB\",\"potentialAction\":[{\"@type\":\"ReadAction\",\"target\":[\"https:\/\/skaitytaknyga.lt\/produktas\/mirties-kvapas\/\"]}]},{\"@type\":\"ImageObject\",\"inLanguage\":\"en-GB\",\"@id\":\"https:\/\/skaitytaknyga.lt\/produktas\/mirties-kvapas\/#primaryimage\",\"url\":\"https:\/\/skaitytaknyga.lt\/wp-content\/uploads\/2025\/07\/Mirties-kvapas.webp\",\"contentUrl\":\"https:\/\/skaitytaknyga.lt\/wp-content\/uploads\/2025\/07\/Mirties-kvapas.webp\",\"width\":534,\"height\":801},{\"@type\":\"BreadcrumbList\",\"@id\":\"https:\/\/skaitytaknyga.lt\/produktas\/mirties-kvapas\/#breadcrumb\",\"itemListElement\":[{\"@type\":\"ListItem\",\"position\":1,\"name\":\"Home\",\"item\":\"https:\/\/skaitytaknyga.lt\/\"},{\"@type\":\"ListItem\",\"position\":2,\"name\":\"Parduotuv\u0117\",\"item\":\"https:\/\/skaitytaknyga.lt\/knygu-parduotuve\/\"},{\"@type\":\"ListItem\",\"position\":3,\"name\":\"Mirties kvapas\"}]},{\"@type\":\"WebSite\",\"@id\":\"https:\/\/skaitytaknyga.lt\/#website\",\"url\":\"https:\/\/skaitytaknyga.lt\/\",\"name\":\"skaitytaknyga.lt\",\"description\":\"Skaitytaknyga.lt \u2013 tai ma\u017eas \u0161eimos verslas, kuris prasid\u0117jo nuo meil\u0117s knygoms ir siekio i\u0161gelb\u0117ti knygas nuo likimo prie konteinerio. Kas vienam nereikalingas daiktas \u2013 kitam lobis, o mes esame tarpininkai, kurie padeda abiems tapti laimingesniems ???? \u017dinome kaip nelengva i\u0161gyventi ma\u017eiems verslams, tad nuo \u0161iol, \u010dia rasite ir kit\u0173, ma\u017e\u0173 \u0161eim\u0173 versl\u0173, rank\u0173 darbo, dovan\u0173 sau ir artimiesiems.\",\"publisher\":{\"@id\":\"https:\/\/skaitytaknyga.lt\/#organization\"},\"potentialAction\":[{\"@type\":\"SearchAction\",\"target\":{\"@type\":\"EntryPoint\",\"urlTemplate\":\"https:\/\/skaitytaknyga.lt\/?s={search_term_string}\"},\"query-input\":{\"@type\":\"PropertyValueSpecification\",\"valueRequired\":true,\"valueName\":\"search_term_string\"}}],\"inLanguage\":\"en-GB\"},{\"@type\":\"Organization\",\"@id\":\"https:\/\/skaitytaknyga.lt\/#organization\",\"name\":\"skaitytaknyga.lt\",\"url\":\"https:\/\/skaitytaknyga.lt\/\",\"logo\":{\"@type\":\"ImageObject\",\"inLanguage\":\"en-GB\",\"@id\":\"https:\/\/skaitytaknyga.lt\/#\/schema\/logo\/image\/\",\"url\":\"https:\/\/skaitytaknyga.lt\/wp-content\/uploads\/2024\/05\/cropped-cropped-cropped-02_00843_jt3bggkj1j3HLc7SyY6rEUpg.jpeg\",\"contentUrl\":\"https:\/\/skaitytaknyga.lt\/wp-content\/uploads\/2024\/05\/cropped-cropped-cropped-02_00843_jt3bggkj1j3HLc7SyY6rEUpg.jpeg\",\"width\":1600,\"height\":1600,\"caption\":\"skaitytaknyga.lt\"},\"image\":{\"@id\":\"https:\/\/skaitytaknyga.lt\/#\/schema\/logo\/image\/\"},\"sameAs\":[\"https:\/\/www.facebook.com\/skaitytaknyga\/\"]}]}<\/script>\n<!-- \/ Yoast SEO plugin. -->","yoast_head_json":{"title":"Mirties kvapas","description":"Simon Beckett (Saimonas Beketas; g. 1968 m.) \u2013 pasaulinio pripa\u017einimo sulauk\u0119s brit\u0173 autorius: jo detektyvai i\u0161versti \u012f 29 kalbas, parduota daugiau nei 12","robots":{"index":"index","follow":"follow","max-snippet":"max-snippet:-1","max-image-preview":"max-image-preview:large","max-video-preview":"max-video-preview:-1"},"canonical":"https:\/\/skaitytaknyga.lt\/en\/produktas\/mirties-kvapas\/","og_locale":"en_GB","og_type":"article","og_title":"[:lt]Mirties kvapas[:] - Skaitytaknyga","og_description":"Simon Beckett (Saimonas Beketas; g. 1968 m.) \u2013 pasaulinio pripa\u017einimo sulauk\u0119s brit\u0173 autorius: jo detektyvai i\u0161versti \u012f 29 kalbas, parduota daugiau nei 12","og_url":"https:\/\/skaitytaknyga.lt\/en\/produktas\/mirties-kvapas\/","og_site_name":"Skaitytaknyga","article_publisher":"https:\/\/www.facebook.com\/skaitytaknyga\/","article_modified_time":"2026-03-05T09:01:37+00:00","og_image":[{"width":534,"height":801,"url":"https:\/\/skaitytaknyga.lt\/wp-content\/uploads\/2025\/07\/Mirties-kvapas.webp","type":"image\/webp"}],"twitter_card":"summary_large_image","twitter_misc":{"Estimated reading time":"2 minutes"},"schema":{"@context":"https:\/\/schema.org","@graph":[{"@type":"WebPage","@id":"https:\/\/skaitytaknyga.lt\/produktas\/mirties-kvapas\/","url":"https:\/\/skaitytaknyga.lt\/produktas\/mirties-kvapas\/","name":"Mirties kvapas","isPartOf":{"@id":"https:\/\/skaitytaknyga.lt\/#website"},"primaryImageOfPage":{"@id":"https:\/\/skaitytaknyga.lt\/produktas\/mirties-kvapas\/#primaryimage"},"image":{"@id":"https:\/\/skaitytaknyga.lt\/produktas\/mirties-kvapas\/#primaryimage"},"thumbnailUrl":"https:\/\/skaitytaknyga.lt\/wp-content\/uploads\/2025\/07\/Mirties-kvapas.webp","datePublished":"2025-07-25T06:05:44+00:00","dateModified":"2026-03-05T09:01:37+00:00","description":"Simon Beckett (Saimonas Beketas; g. 1968 m.) \u2013 pasaulinio pripa\u017einimo sulauk\u0119s brit\u0173 autorius: jo detektyvai i\u0161versti \u012f 29 kalbas, parduota daugiau nei 12","breadcrumb":{"@id":"https:\/\/skaitytaknyga.lt\/produktas\/mirties-kvapas\/#breadcrumb"},"inLanguage":"en-GB","potentialAction":[{"@type":"ReadAction","target":["https:\/\/skaitytaknyga.lt\/produktas\/mirties-kvapas\/"]}]},{"@type":"ImageObject","inLanguage":"en-GB","@id":"https:\/\/skaitytaknyga.lt\/produktas\/mirties-kvapas\/#primaryimage","url":"https:\/\/skaitytaknyga.lt\/wp-content\/uploads\/2025\/07\/Mirties-kvapas.webp","contentUrl":"https:\/\/skaitytaknyga.lt\/wp-content\/uploads\/2025\/07\/Mirties-kvapas.webp","width":534,"height":801},{"@type":"BreadcrumbList","@id":"https:\/\/skaitytaknyga.lt\/produktas\/mirties-kvapas\/#breadcrumb","itemListElement":[{"@type":"ListItem","position":1,"name":"Home","item":"https:\/\/skaitytaknyga.lt\/"},{"@type":"ListItem","position":2,"name":"Parduotuv\u0117","item":"https:\/\/skaitytaknyga.lt\/knygu-parduotuve\/"},{"@type":"ListItem","position":3,"name":"Mirties kvapas"}]},{"@type":"WebSite","@id":"https:\/\/skaitytaknyga.lt\/#website","url":"https:\/\/skaitytaknyga.lt\/","name":"skaitytaknyga.lt","description":"Skaitytaknyga.lt \u2013 tai ma\u017eas \u0161eimos verslas, kuris prasid\u0117jo nuo meil\u0117s knygoms ir siekio i\u0161gelb\u0117ti knygas nuo likimo prie konteinerio. Kas vienam nereikalingas daiktas \u2013 kitam lobis, o mes esame tarpininkai, kurie padeda abiems tapti laimingesniems ???? \u017dinome kaip nelengva i\u0161gyventi ma\u017eiems verslams, tad nuo \u0161iol, \u010dia rasite ir kit\u0173, ma\u017e\u0173 \u0161eim\u0173 versl\u0173, rank\u0173 darbo, dovan\u0173 sau ir artimiesiems.","publisher":{"@id":"https:\/\/skaitytaknyga.lt\/#organization"},"potentialAction":[{"@type":"SearchAction","target":{"@type":"EntryPoint","urlTemplate":"https:\/\/skaitytaknyga.lt\/?s={search_term_string}"},"query-input":{"@type":"PropertyValueSpecification","valueRequired":true,"valueName":"search_term_string"}}],"inLanguage":"en-GB"},{"@type":"Organization","@id":"https:\/\/skaitytaknyga.lt\/#organization","name":"skaitytaknyga.lt","url":"https:\/\/skaitytaknyga.lt\/","logo":{"@type":"ImageObject","inLanguage":"en-GB","@id":"https:\/\/skaitytaknyga.lt\/#\/schema\/logo\/image\/","url":"https:\/\/skaitytaknyga.lt\/wp-content\/uploads\/2024\/05\/cropped-cropped-cropped-02_00843_jt3bggkj1j3HLc7SyY6rEUpg.jpeg","contentUrl":"https:\/\/skaitytaknyga.lt\/wp-content\/uploads\/2024\/05\/cropped-cropped-cropped-02_00843_jt3bggkj1j3HLc7SyY6rEUpg.jpeg","width":1600,"height":1600,"caption":"skaitytaknyga.lt"},"image":{"@id":"https:\/\/skaitytaknyga.lt\/#\/schema\/logo\/image\/"},"sameAs":["https:\/\/www.facebook.com\/skaitytaknyga\/"]}]}},"_links":{"self":[{"href":"https:\/\/skaitytaknyga.lt\/en\/wp-json\/wp\/v2\/product\/19878","targetHints":{"allow":["GET"]}}],"collection":[{"href":"https:\/\/skaitytaknyga.lt\/en\/wp-json\/wp\/v2\/product"}],"about":[{"href":"https:\/\/skaitytaknyga.lt\/en\/wp-json\/wp\/v2\/types\/product"}],"replies":[{"embeddable":true,"href":"https:\/\/skaitytaknyga.lt\/en\/wp-json\/wp\/v2\/comments?post=19878"}],"wp:featuredmedia":[{"embeddable":true,"href":"https:\/\/skaitytaknyga.lt\/en\/wp-json\/wp\/v2\/media\/19885"}],"wp:attachment":[{"href":"https:\/\/skaitytaknyga.lt\/en\/wp-json\/wp\/v2\/media?parent=19878"}],"wp:term":[{"taxonomy":"product_brand","embeddable":true,"href":"https:\/\/skaitytaknyga.lt\/en\/wp-json\/wp\/v2\/product_brand?post=19878"},{"taxonomy":"product_cat","embeddable":true,"href":"https:\/\/skaitytaknyga.lt\/en\/wp-json\/wp\/v2\/product_cat?post=19878"},{"taxonomy":"product_tag","embeddable":true,"href":"https:\/\/skaitytaknyga.lt\/en\/wp-json\/wp\/v2\/product_tag?post=19878"}],"curies":[{"name":"wp","href":"https:\/\/api.w.org\/{rel}","templated":true}]}}