{"id":19877,"date":"2025-07-25T09:05:44","date_gmt":"2025-07-25T06:05:44","guid":{"rendered":"https:\/\/skaitytaknyga.lt\/?post_type=product&#038;p=19877"},"modified":"2026-03-05T11:02:42","modified_gmt":"2026-03-05T09:02:42","slug":"dinges-be-zinios","status":"publish","type":"product","link":"https:\/\/skaitytaknyga.lt\/en\/produktas\/dinges-be-zinios\/","title":{"rendered":"Ding\u0119s be \u017einios"},"content":{"rendered":"<p>D\u017eona nukreip\u0117 \u017eibintuv\u0117l\u012f \u012f grindis pa\u017ei\u016br\u0117ti, kur veda kraujo p\u0117dsakas. Spindulys perskrod\u0117 pastoli\u0173 skersinius ir kr\u016bv\u0105 polietileno pl\u0117vel\u0117s, galiausiai ap\u0161viet\u0117 dar kai k\u0105.<\/p>\n<p>Kojas.<\/p>\n<p>SIMON BECKETT (Saimonas Beketas, g. 1968 m.) \u2013 brit\u0173 kilm\u0117s \u017eurnalistas, ra\u0161ytojas. Jo knygos ver\u010diamos \u012f 29 kalbas, visame pasaulyje j\u0173 parduota daugiau nei 12 mln. egzempliori\u0173. Lietuvi\u0173 skaitytojams \u0161is autorius puikiai pa\u017e\u012fstamas i\u0161 populiarios knyg\u0173 serijos apie teismo medik\u0105 Deivid\u0105 Hanter\u012f. Lietuvi\u0173 kalba jau i\u0161leistos \u0161ios serijos knygos \u201eMirties chemija\u201c, \u201e\u012era\u0161yta kauluose\u201c, \u201eMirusi\u0173j\u0173 \u0161nab\u017edesiai\u201c, \u201eKapo \u0161auksmas\u201c, o netrukus pasirodys dar dvi \u2013 \u201eNeram\u016bs mirusieji\u201c ir \u201eMirties kvapas\u201c. 2021 m. S. Beckettas \u0117m\u0117 ra\u0161yti nauj\u0105 detektyvini\u0173 roman\u0173 cikl\u0105. \u201eDing\u0119s be \u017einios\u201c \u2013 pirmoji \u0161io ciklo knyga.<\/p>\n<p>Seniai gird\u0117to draugo skambutis atveda Londono policijos ser\u017eant\u0105 D\u017eon\u0105 Kol\u012f \u012f Skerdimo prieplauk\u0105. \u010cia rasti \u012f plastikinius mai\u0161us \u012fvynioti lavonai kelia daugyb\u0119 klausim\u0173. I\u0161 pirmo \u017evilgsnio atrodo, kad \u0161ie \u017euvusieji vienas su kitu niekaip nesusij\u0119 ir yra prekybos \u017emon\u0117mis aukos. Ta\u010diau lemting\u0105 nakt\u012f prieplaukos sand\u0117lyje reg\u0117ti vaizdai ver\u010dia ser\u017eant\u0105 Kol\u012f manyti, kad tai kur kas painesn\u0117s bylos prad\u017eia. Policininkas supranta esantis vienintelis gyvas Skerdimo prieplaukos \u017eudyni\u0173 liudininkas. Bet jis negal\u0117jo numatyti, jog netrukus taps ir pagrindiniu \u012ftariamuoju. Ginantis nuo kaltinim\u0173, ser\u017eantui Koliui teks suabejoti artimiausiais \u017emon\u0117mis ir savo paties \u012fsitikinimais.<\/p>\n<p>Ar jo dalyvavimas Skerdimo prieplaukos \u012fvykiuose tikrai atsitiktinis? Lengvai atsakyti \u012f \u0161\u012f klausim\u0105 ser\u017eantui neleis tyrimo metu netik\u0117tai pasteb\u0117tas pa\u017e\u012fstamas veidas. \u0160\u012f veid\u0105 jis gerai \u012fsid\u0117m\u0117jo prie\u0161 de\u0161imt met\u0173 \u2013 t\u0105 dien\u0105, kai jo s\u016bnus dingo be \u017einios.<\/p>\n<p>Nuostabus trileris, para\u0161ytas vieno geriausi\u0173 m\u016bs\u0173 detektyvini\u0173 roman\u0173 ra\u0161ytoj\u0173, pa\u010dioje jo karjeros vir\u0161\u016bn\u0117je. \u2013 Peter James<\/p>\n","protected":false},"excerpt":{"rendered":"<p>D\u017eona nukreip\u0117 \u017eibintuv\u0117l\u012f \u012f grindis pa\u017ei\u016br\u0117ti, kur veda kraujo p\u0117dsakas. Spindulys perskrod\u0117 pastoli\u0173 skersinius ir kr\u016bv\u0105 polietileno pl\u0117vel\u0117s, galiausiai ap\u0161viet\u0117 dar kai k\u0105. Kojas. SIMON BECKETT (Saimonas Beketas, g. 1968 m.) \u2013 brit\u0173 kilm\u0117s \u017eurnalistas, ra\u0161ytojas. Jo knygos ver\u010diamos \u012f 29 kalbas, visame pasaulyje j\u0173 parduota daugiau nei 12 mln. egzempliori\u0173. Lietuvi\u0173 skaitytojams \u0161is autorius puikiai pa\u017e\u012fstamas i\u0161 populiarios knyg\u0173 serijos apie teismo medik\u0105 Deivid\u0105 Hanter\u012f. Lietuvi\u0173 kalba jau i\u0161leistos \u0161ios serijos knygos \u201eMirties chemija\u201c, \u201e\u012era\u0161yta kauluose\u201c, \u201eMirusi\u0173j\u0173 \u0161nab\u017edesiai\u201c, \u201eKapo \u0161auksmas\u201c, o netrukus pasirodys dar dvi \u2013 \u201eNeram\u016bs mirusieji\u201c ir \u201eMirties kvapas\u201c. 2021 m. S. Beckettas \u0117m\u0117 ra\u0161yti nauj\u0105 detektyvini\u0173 roman\u0173 cikl\u0105. \u201eDing\u0119s be \u017einios\u201c \u2013 pirmoji \u0161io ciklo knyga. Seniai gird\u0117to draugo skambutis atveda Londono policijos ser\u017eant\u0105 D\u017eon\u0105 Kol\u012f \u012f Skerdimo prieplauk\u0105. \u010cia rasti \u012f plastikinius mai\u0161us \u012fvynioti lavonai kelia daugyb\u0119 klausim\u0173. I\u0161 pirmo \u017evilgsnio atrodo, kad \u0161ie \u017euvusieji vienas su kitu niekaip nesusij\u0119 ir yra prekybos \u017emon\u0117mis aukos. Ta\u010diau lemting\u0105 nakt\u012f prieplaukos sand\u0117lyje reg\u0117ti vaizdai ver\u010dia ser\u017eant\u0105 Kol\u012f manyti, kad tai kur kas painesn\u0117s bylos prad\u017eia. Policininkas supranta esantis vienintelis gyvas Skerdimo prieplaukos \u017eudyni\u0173 liudininkas. Bet jis negal\u0117jo numatyti, jog netrukus taps ir pagrindiniu \u012ftariamuoju. Ginantis nuo kaltinim\u0173, ser\u017eantui Koliui teks suabejoti artimiausiais \u017emon\u0117mis ir savo paties \u012fsitikinimais. Ar jo dalyvavimas Skerdimo prieplaukos \u012fvykiuose tikrai atsitiktinis? Lengvai atsakyti \u012f \u0161\u012f klausim\u0105 ser\u017eantui neleis tyrimo metu netik\u0117tai pasteb\u0117tas pa\u017e\u012fstamas veidas. \u0160\u012f veid\u0105 jis gerai \u012fsid\u0117m\u0117jo prie\u0161 de\u0161imt met\u0173 \u2013 t\u0105 dien\u0105, kai jo s\u016bnus dingo be \u017einios. Nuostabus trileris, para\u0161ytas vieno geriausi\u0173 m\u016bs\u0173 detektyvini\u0173 roman\u0173 ra\u0161ytoj\u0173, pa\u010dioje jo karjeros vir\u0161\u016bn\u0117je. \u2013 Peter James<\/p>\n","protected":false},"featured_media":19884,"comment_status":"open","ping_status":"closed","template":"","meta":{"_acf_changed":false,"site-sidebar-layout":"default","site-content-layout":"","ast-site-content-layout":"default","site-content-style":"default","site-sidebar-style":"default","ast-global-header-display":"","ast-banner-title-visibility":"","ast-main-header-display":"","ast-hfb-above-header-display":"","ast-hfb-below-header-display":"","ast-hfb-mobile-header-display":"","site-post-title":"","ast-breadcrumbs-content":"","ast-featured-img":"","footer-sml-layout":"","ast-disable-related-posts":"","theme-transparent-header-meta":"","adv-header-id-meta":"","stick-header-meta":"","header-above-stick-meta":"","header-main-stick-meta":"","header-below-stick-meta":"","astra-migrate-meta-layouts":"default","ast-page-background-enabled":"default","ast-page-background-meta":{"desktop":{"background-color":"","background-image":"","background-repeat":"repeat","background-position":"center center","background-size":"auto","background-attachment":"scroll","background-type":"","background-media":"","overlay-type":"","overlay-color":"","overlay-opacity":"","overlay-gradient":""},"tablet":{"background-color":"","background-image":"","background-repeat":"repeat","background-position":"center center","background-size":"auto","background-attachment":"scroll","background-type":"","background-media":"","overlay-type":"","overlay-color":"","overlay-opacity":"","overlay-gradient":""},"mobile":{"background-color":"","background-image":"","background-repeat":"repeat","background-position":"center center","background-size":"auto","background-attachment":"scroll","background-type":"","background-media":"","overlay-type":"","overlay-color":"","overlay-opacity":"","overlay-gradient":""}},"ast-content-background-meta":{"desktop":{"background-color":"var(--ast-global-color-4)","background-image":"","background-repeat":"repeat","background-position":"center center","background-size":"auto","background-attachment":"scroll","background-type":"","background-media":"","overlay-type":"","overlay-color":"","overlay-opacity":"","overlay-gradient":""},"tablet":{"background-color":"var(--ast-global-color-4)","background-image":"","background-repeat":"repeat","background-position":"center center","background-size":"auto","background-attachment":"scroll","background-type":"","background-media":"","overlay-type":"","overlay-color":"","overlay-opacity":"","overlay-gradient":""},"mobile":{"background-color":"var(--ast-global-color-4)","background-image":"","background-repeat":"repeat","background-position":"center center","background-size":"auto","background-attachment":"scroll","background-type":"","background-media":"","overlay-type":"","overlay-color":"","overlay-opacity":"","overlay-gradient":""}}},"product_brand":[],"product_cat":[9581],"product_tag":[6928,1590,4346,6929,6927,1587],"class_list":{"0":"post-19877","1":"product","2":"type-product","3":"status-publish","4":"has-post-thumbnail","6":"product_cat-kriminaliniai-romanai","7":"product_tag-dinges-be-zinios","8":"product_tag-itampa","9":"product_tag-kriminalinis","10":"product_tag-prekyba-zmonemis","11":"product_tag-simon-beckett","12":"product_tag-trileris","13":"desktop-align-left","14":"tablet-align-left","15":"mobile-align-left","17":"first","18":"instock","19":"shipping-taxable","20":"purchasable","21":"product-type-simple"},"acf":[],"yoast_head":"<!-- This site is optimized with the Yoast SEO plugin v27.0 - https:\/\/yoast.com\/product\/yoast-seo-wordpress\/ -->\n<title>Ding\u0119s be \u017einios<\/title>\n<meta name=\"description\" content=\"D\u017eona nukreip\u0117 \u017eibintuv\u0117l\u012f \u012f grindis pa\u017ei\u016br\u0117ti, kur veda kraujo p\u0117dsakas. Spindulys perskrod\u0117 pastoli\u0173 skersinius ir kr\u016bv\u0105 polietileno pl\u0117vel\u0117s,\" \/>\n<meta name=\"robots\" content=\"index, follow, max-snippet:-1, max-image-preview:large, max-video-preview:-1\" \/>\n<link rel=\"canonical\" href=\"https:\/\/skaitytaknyga.lt\/en\/produktas\/dinges-be-zinios\/\" \/>\n<meta property=\"og:locale\" content=\"en_GB\" \/>\n<meta property=\"og:locale:alternate\" content=\"lt_LT\" \/>\n<meta property=\"og:type\" content=\"article\" \/>\n<meta property=\"og:title\" content=\"Ding\u0119s be \u017einios\" \/>\n<meta property=\"og:description\" content=\"D\u017eona nukreip\u0117 \u017eibintuv\u0117l\u012f \u012f grindis pa\u017ei\u016br\u0117ti, kur veda kraujo p\u0117dsakas. Spindulys perskrod\u0117 pastoli\u0173 skersinius ir kr\u016bv\u0105 polietileno pl\u0117vel\u0117s,\" \/>\n<meta property=\"og:url\" content=\"https:\/\/skaitytaknyga.lt\/en\/produktas\/dinges-be-zinios\/\" \/>\n<meta property=\"og:site_name\" content=\"Skaitytaknyga\" \/>\n<meta property=\"article:publisher\" content=\"https:\/\/www.facebook.com\/skaitytaknyga\/\" \/>\n<meta property=\"article:modified_time\" content=\"2026-03-05T09:02:42+00:00\" \/>\n<meta property=\"og:image\" content=\"https:\/\/skaitytaknyga.lt\/wp-content\/uploads\/2025\/07\/Dinges-be-zinios.jpg\" \/>\n\t<meta property=\"og:image:width\" content=\"534\" \/>\n\t<meta property=\"og:image:height\" content=\"801\" \/>\n\t<meta property=\"og:image:type\" content=\"image\/jpeg\" \/>\n<meta name=\"twitter:card\" content=\"summary_large_image\" \/>\n<meta name=\"twitter:label1\" content=\"Estimated reading time\" \/>\n\t<meta name=\"twitter:data1\" content=\"1 minute\" \/>\n<script type=\"application\/ld+json\" class=\"yoast-schema-graph\">{\"@context\":\"https:\/\/schema.org\",\"@graph\":[{\"@type\":\"WebPage\",\"@id\":\"https:\/\/skaitytaknyga.lt\/produktas\/dinges-be-zinios\/\",\"url\":\"https:\/\/skaitytaknyga.lt\/produktas\/dinges-be-zinios\/\",\"name\":\"Ding\u0119s be \u017einios\",\"isPartOf\":{\"@id\":\"https:\/\/skaitytaknyga.lt\/#website\"},\"primaryImageOfPage\":{\"@id\":\"https:\/\/skaitytaknyga.lt\/produktas\/dinges-be-zinios\/#primaryimage\"},\"image\":{\"@id\":\"https:\/\/skaitytaknyga.lt\/produktas\/dinges-be-zinios\/#primaryimage\"},\"thumbnailUrl\":\"https:\/\/skaitytaknyga.lt\/wp-content\/uploads\/2025\/07\/Dinges-be-zinios.jpg\",\"datePublished\":\"2025-07-25T06:05:44+00:00\",\"dateModified\":\"2026-03-05T09:02:42+00:00\",\"description\":\"D\u017eona nukreip\u0117 \u017eibintuv\u0117l\u012f \u012f grindis pa\u017ei\u016br\u0117ti, kur veda kraujo p\u0117dsakas. Spindulys perskrod\u0117 pastoli\u0173 skersinius ir kr\u016bv\u0105 polietileno pl\u0117vel\u0117s,\",\"breadcrumb\":{\"@id\":\"https:\/\/skaitytaknyga.lt\/produktas\/dinges-be-zinios\/#breadcrumb\"},\"inLanguage\":\"en-GB\",\"potentialAction\":[{\"@type\":\"ReadAction\",\"target\":[\"https:\/\/skaitytaknyga.lt\/produktas\/dinges-be-zinios\/\"]}]},{\"@type\":\"ImageObject\",\"inLanguage\":\"en-GB\",\"@id\":\"https:\/\/skaitytaknyga.lt\/produktas\/dinges-be-zinios\/#primaryimage\",\"url\":\"https:\/\/skaitytaknyga.lt\/wp-content\/uploads\/2025\/07\/Dinges-be-zinios.jpg\",\"contentUrl\":\"https:\/\/skaitytaknyga.lt\/wp-content\/uploads\/2025\/07\/Dinges-be-zinios.jpg\",\"width\":534,\"height\":801,\"caption\":\"Ding\u0119s be \u017einios\"},{\"@type\":\"BreadcrumbList\",\"@id\":\"https:\/\/skaitytaknyga.lt\/produktas\/dinges-be-zinios\/#breadcrumb\",\"itemListElement\":[{\"@type\":\"ListItem\",\"position\":1,\"name\":\"Home\",\"item\":\"https:\/\/skaitytaknyga.lt\/\"},{\"@type\":\"ListItem\",\"position\":2,\"name\":\"Parduotuv\u0117\",\"item\":\"https:\/\/skaitytaknyga.lt\/knygu-parduotuve\/\"},{\"@type\":\"ListItem\",\"position\":3,\"name\":\"Ding\u0119s be \u017einios\"}]},{\"@type\":\"WebSite\",\"@id\":\"https:\/\/skaitytaknyga.lt\/#website\",\"url\":\"https:\/\/skaitytaknyga.lt\/\",\"name\":\"skaitytaknyga.lt\",\"description\":\"Skaitytaknyga.lt \u2013 tai ma\u017eas \u0161eimos verslas, kuris prasid\u0117jo nuo meil\u0117s knygoms ir siekio i\u0161gelb\u0117ti knygas nuo likimo prie konteinerio. Kas vienam nereikalingas daiktas \u2013 kitam lobis, o mes esame tarpininkai, kurie padeda abiems tapti laimingesniems ???? \u017dinome kaip nelengva i\u0161gyventi ma\u017eiems verslams, tad nuo \u0161iol, \u010dia rasite ir kit\u0173, ma\u017e\u0173 \u0161eim\u0173 versl\u0173, rank\u0173 darbo, dovan\u0173 sau ir artimiesiems.\",\"publisher\":{\"@id\":\"https:\/\/skaitytaknyga.lt\/#organization\"},\"potentialAction\":[{\"@type\":\"SearchAction\",\"target\":{\"@type\":\"EntryPoint\",\"urlTemplate\":\"https:\/\/skaitytaknyga.lt\/?s={search_term_string}\"},\"query-input\":{\"@type\":\"PropertyValueSpecification\",\"valueRequired\":true,\"valueName\":\"search_term_string\"}}],\"inLanguage\":\"en-GB\"},{\"@type\":\"Organization\",\"@id\":\"https:\/\/skaitytaknyga.lt\/#organization\",\"name\":\"skaitytaknyga.lt\",\"url\":\"https:\/\/skaitytaknyga.lt\/\",\"logo\":{\"@type\":\"ImageObject\",\"inLanguage\":\"en-GB\",\"@id\":\"https:\/\/skaitytaknyga.lt\/#\/schema\/logo\/image\/\",\"url\":\"https:\/\/skaitytaknyga.lt\/wp-content\/uploads\/2024\/05\/cropped-cropped-cropped-02_00843_jt3bggkj1j3HLc7SyY6rEUpg.jpeg\",\"contentUrl\":\"https:\/\/skaitytaknyga.lt\/wp-content\/uploads\/2024\/05\/cropped-cropped-cropped-02_00843_jt3bggkj1j3HLc7SyY6rEUpg.jpeg\",\"width\":1600,\"height\":1600,\"caption\":\"skaitytaknyga.lt\"},\"image\":{\"@id\":\"https:\/\/skaitytaknyga.lt\/#\/schema\/logo\/image\/\"},\"sameAs\":[\"https:\/\/www.facebook.com\/skaitytaknyga\/\"]}]}<\/script>\n<!-- \/ Yoast SEO plugin. -->","yoast_head_json":{"title":"Ding\u0119s be \u017einios","description":"D\u017eona nukreip\u0117 \u017eibintuv\u0117l\u012f \u012f grindis pa\u017ei\u016br\u0117ti, kur veda kraujo p\u0117dsakas. Spindulys perskrod\u0117 pastoli\u0173 skersinius ir kr\u016bv\u0105 polietileno pl\u0117vel\u0117s,","robots":{"index":"index","follow":"follow","max-snippet":"max-snippet:-1","max-image-preview":"max-image-preview:large","max-video-preview":"max-video-preview:-1"},"canonical":"https:\/\/skaitytaknyga.lt\/en\/produktas\/dinges-be-zinios\/","og_locale":"en_GB","og_type":"article","og_title":"[:lt]Ding\u0119s be \u017einios[:] - Skaitytaknyga","og_description":"D\u017eona nukreip\u0117 \u017eibintuv\u0117l\u012f \u012f grindis pa\u017ei\u016br\u0117ti, kur veda kraujo p\u0117dsakas. Spindulys perskrod\u0117 pastoli\u0173 skersinius ir kr\u016bv\u0105 polietileno pl\u0117vel\u0117s,","og_url":"https:\/\/skaitytaknyga.lt\/en\/produktas\/dinges-be-zinios\/","og_site_name":"Skaitytaknyga","article_publisher":"https:\/\/www.facebook.com\/skaitytaknyga\/","article_modified_time":"2026-03-05T09:02:42+00:00","og_image":[{"width":534,"height":801,"url":"https:\/\/skaitytaknyga.lt\/wp-content\/uploads\/2025\/07\/Dinges-be-zinios.jpg","type":"image\/jpeg"}],"twitter_card":"summary_large_image","twitter_misc":{"Estimated reading time":"1 minute"},"schema":{"@context":"https:\/\/schema.org","@graph":[{"@type":"WebPage","@id":"https:\/\/skaitytaknyga.lt\/produktas\/dinges-be-zinios\/","url":"https:\/\/skaitytaknyga.lt\/produktas\/dinges-be-zinios\/","name":"Ding\u0119s be \u017einios","isPartOf":{"@id":"https:\/\/skaitytaknyga.lt\/#website"},"primaryImageOfPage":{"@id":"https:\/\/skaitytaknyga.lt\/produktas\/dinges-be-zinios\/#primaryimage"},"image":{"@id":"https:\/\/skaitytaknyga.lt\/produktas\/dinges-be-zinios\/#primaryimage"},"thumbnailUrl":"https:\/\/skaitytaknyga.lt\/wp-content\/uploads\/2025\/07\/Dinges-be-zinios.jpg","datePublished":"2025-07-25T06:05:44+00:00","dateModified":"2026-03-05T09:02:42+00:00","description":"D\u017eona nukreip\u0117 \u017eibintuv\u0117l\u012f \u012f grindis pa\u017ei\u016br\u0117ti, kur veda kraujo p\u0117dsakas. Spindulys perskrod\u0117 pastoli\u0173 skersinius ir kr\u016bv\u0105 polietileno pl\u0117vel\u0117s,","breadcrumb":{"@id":"https:\/\/skaitytaknyga.lt\/produktas\/dinges-be-zinios\/#breadcrumb"},"inLanguage":"en-GB","potentialAction":[{"@type":"ReadAction","target":["https:\/\/skaitytaknyga.lt\/produktas\/dinges-be-zinios\/"]}]},{"@type":"ImageObject","inLanguage":"en-GB","@id":"https:\/\/skaitytaknyga.lt\/produktas\/dinges-be-zinios\/#primaryimage","url":"https:\/\/skaitytaknyga.lt\/wp-content\/uploads\/2025\/07\/Dinges-be-zinios.jpg","contentUrl":"https:\/\/skaitytaknyga.lt\/wp-content\/uploads\/2025\/07\/Dinges-be-zinios.jpg","width":534,"height":801,"caption":"Ding\u0119s be \u017einios"},{"@type":"BreadcrumbList","@id":"https:\/\/skaitytaknyga.lt\/produktas\/dinges-be-zinios\/#breadcrumb","itemListElement":[{"@type":"ListItem","position":1,"name":"Home","item":"https:\/\/skaitytaknyga.lt\/"},{"@type":"ListItem","position":2,"name":"Parduotuv\u0117","item":"https:\/\/skaitytaknyga.lt\/knygu-parduotuve\/"},{"@type":"ListItem","position":3,"name":"Ding\u0119s be \u017einios"}]},{"@type":"WebSite","@id":"https:\/\/skaitytaknyga.lt\/#website","url":"https:\/\/skaitytaknyga.lt\/","name":"skaitytaknyga.lt","description":"Skaitytaknyga.lt \u2013 tai ma\u017eas \u0161eimos verslas, kuris prasid\u0117jo nuo meil\u0117s knygoms ir siekio i\u0161gelb\u0117ti knygas nuo likimo prie konteinerio. Kas vienam nereikalingas daiktas \u2013 kitam lobis, o mes esame tarpininkai, kurie padeda abiems tapti laimingesniems ???? \u017dinome kaip nelengva i\u0161gyventi ma\u017eiems verslams, tad nuo \u0161iol, \u010dia rasite ir kit\u0173, ma\u017e\u0173 \u0161eim\u0173 versl\u0173, rank\u0173 darbo, dovan\u0173 sau ir artimiesiems.","publisher":{"@id":"https:\/\/skaitytaknyga.lt\/#organization"},"potentialAction":[{"@type":"SearchAction","target":{"@type":"EntryPoint","urlTemplate":"https:\/\/skaitytaknyga.lt\/?s={search_term_string}"},"query-input":{"@type":"PropertyValueSpecification","valueRequired":true,"valueName":"search_term_string"}}],"inLanguage":"en-GB"},{"@type":"Organization","@id":"https:\/\/skaitytaknyga.lt\/#organization","name":"skaitytaknyga.lt","url":"https:\/\/skaitytaknyga.lt\/","logo":{"@type":"ImageObject","inLanguage":"en-GB","@id":"https:\/\/skaitytaknyga.lt\/#\/schema\/logo\/image\/","url":"https:\/\/skaitytaknyga.lt\/wp-content\/uploads\/2024\/05\/cropped-cropped-cropped-02_00843_jt3bggkj1j3HLc7SyY6rEUpg.jpeg","contentUrl":"https:\/\/skaitytaknyga.lt\/wp-content\/uploads\/2024\/05\/cropped-cropped-cropped-02_00843_jt3bggkj1j3HLc7SyY6rEUpg.jpeg","width":1600,"height":1600,"caption":"skaitytaknyga.lt"},"image":{"@id":"https:\/\/skaitytaknyga.lt\/#\/schema\/logo\/image\/"},"sameAs":["https:\/\/www.facebook.com\/skaitytaknyga\/"]}]}},"_links":{"self":[{"href":"https:\/\/skaitytaknyga.lt\/en\/wp-json\/wp\/v2\/product\/19877","targetHints":{"allow":["GET"]}}],"collection":[{"href":"https:\/\/skaitytaknyga.lt\/en\/wp-json\/wp\/v2\/product"}],"about":[{"href":"https:\/\/skaitytaknyga.lt\/en\/wp-json\/wp\/v2\/types\/product"}],"replies":[{"embeddable":true,"href":"https:\/\/skaitytaknyga.lt\/en\/wp-json\/wp\/v2\/comments?post=19877"}],"wp:featuredmedia":[{"embeddable":true,"href":"https:\/\/skaitytaknyga.lt\/en\/wp-json\/wp\/v2\/media\/19884"}],"wp:attachment":[{"href":"https:\/\/skaitytaknyga.lt\/en\/wp-json\/wp\/v2\/media?parent=19877"}],"wp:term":[{"taxonomy":"product_brand","embeddable":true,"href":"https:\/\/skaitytaknyga.lt\/en\/wp-json\/wp\/v2\/product_brand?post=19877"},{"taxonomy":"product_cat","embeddable":true,"href":"https:\/\/skaitytaknyga.lt\/en\/wp-json\/wp\/v2\/product_cat?post=19877"},{"taxonomy":"product_tag","embeddable":true,"href":"https:\/\/skaitytaknyga.lt\/en\/wp-json\/wp\/v2\/product_tag?post=19877"}],"curies":[{"name":"wp","href":"https:\/\/api.w.org\/{rel}","templated":true}]}}