{"id":19872,"date":"2025-07-24T10:49:43","date_gmt":"2025-07-24T07:49:43","guid":{"rendered":"https:\/\/skaitytaknyga.lt\/?post_type=product&#038;p=19872"},"modified":"2025-08-01T08:22:03","modified_gmt":"2025-08-01T05:22:03","slug":"filosofine-antropologija-gamtos-filosofija-ir-metafizika","status":"publish","type":"product","link":"https:\/\/skaitytaknyga.lt\/en\/produktas\/filosofine-antropologija-gamtos-filosofija-ir-metafizika\/","title":{"rendered":"Filosofin\u0117 antropologija, gamtos filosofija ir metafizika"},"content":{"rendered":"<p>\u012evadas. Filosofin\u0117 antropologija, gamtos filosofija ir metafizika<\/p>\n<p>Vosyliaus Sezemano rankra\u0161\u010diuose 6<\/p>\n<p>Dvasinio ir materialaus prado s\u0105ry\u0161is. Refleksai, instinktai, laisv\u0117 32<\/p>\n<p>Dvasinio ir materialaus prado s\u0105ry\u0161is. S\u0105mon\u0117 ir laisv\u0117 72<\/p>\n<p>Dvasinio ir materialaus prado s\u0105ry\u0161is. Pagrindini\u0173 teigini\u0173 s\u0105vadas 134<\/p>\n<p>Subjektin\u0117 ir objektin\u0117 s\u0105mon\u0117s nuostata, j\u0173 skirtumas ir tarpusavio santykis 179<\/p>\n<p>Sav\u0119s pa\u017einimas, savimon\u0117 ir objektyvacija. Subjekti\u0161kumas ir objekti\u0161kumas 183<\/p>\n<p>Apie tobulum\u0105 227<\/p>\n<p>Paai\u0161kinimai 234<\/p>\n<p>Philosophical Anthropology, Philosophy of Nature, and Metaphysics. Summary 237<\/p>\n<p>Asmenvard\u017ei\u0173 rodykl\u0117 239<\/p>\n","protected":false},"excerpt":{"rendered":"<p>\u012evadas. Filosofin\u0117 antropologija, gamtos filosofija ir metafizika Vosyliaus Sezemano rankra\u0161\u010diuose 6 Dvasinio ir materialaus prado s\u0105ry\u0161is. Refleksai, instinktai, laisv\u0117 32 Dvasinio ir materialaus prado s\u0105ry\u0161is. S\u0105mon\u0117 ir laisv\u0117 72 Dvasinio ir materialaus prado s\u0105ry\u0161is. Pagrindini\u0173 teigini\u0173 s\u0105vadas 134 Subjektin\u0117 ir objektin\u0117 s\u0105mon\u0117s nuostata, j\u0173 skirtumas ir tarpusavio santykis 179 Sav\u0119s pa\u017einimas, savimon\u0117 ir objektyvacija. Subjekti\u0161kumas ir objekti\u0161kumas 183 Apie tobulum\u0105 227 Paai\u0161kinimai 234 Philosophical Anthropology, Philosophy of Nature, and Metaphysics. Summary 237 Asmenvard\u017ei\u0173 rodykl\u0117 239<\/p>\n","protected":false},"featured_media":19876,"comment_status":"open","ping_status":"closed","template":"","meta":{"_acf_changed":false,"site-sidebar-layout":"default","site-content-layout":"","ast-site-content-layout":"default","site-content-style":"default","site-sidebar-style":"default","ast-global-header-display":"","ast-banner-title-visibility":"","ast-main-header-display":"","ast-hfb-above-header-display":"","ast-hfb-below-header-display":"","ast-hfb-mobile-header-display":"","site-post-title":"","ast-breadcrumbs-content":"","ast-featured-img":"","footer-sml-layout":"","ast-disable-related-posts":"","theme-transparent-header-meta":"","adv-header-id-meta":"","stick-header-meta":"","header-above-stick-meta":"","header-main-stick-meta":"","header-below-stick-meta":"","astra-migrate-meta-layouts":"default","ast-page-background-enabled":"default","ast-page-background-meta":{"desktop":{"background-color":"","background-image":"","background-repeat":"repeat","background-position":"center center","background-size":"auto","background-attachment":"scroll","background-type":"","background-media":"","overlay-type":"","overlay-color":"","overlay-opacity":"","overlay-gradient":""},"tablet":{"background-color":"","background-image":"","background-repeat":"repeat","background-position":"center center","background-size":"auto","background-attachment":"scroll","background-type":"","background-media":"","overlay-type":"","overlay-color":"","overlay-opacity":"","overlay-gradient":""},"mobile":{"background-color":"","background-image":"","background-repeat":"repeat","background-position":"center center","background-size":"auto","background-attachment":"scroll","background-type":"","background-media":"","overlay-type":"","overlay-color":"","overlay-opacity":"","overlay-gradient":""}},"ast-content-background-meta":{"desktop":{"background-color":"var(--ast-global-color-4)","background-image":"","background-repeat":"repeat","background-position":"center center","background-size":"auto","background-attachment":"scroll","background-type":"","background-media":"","overlay-type":"","overlay-color":"","overlay-opacity":"","overlay-gradient":""},"tablet":{"background-color":"var(--ast-global-color-4)","background-image":"","background-repeat":"repeat","background-position":"center center","background-size":"auto","background-attachment":"scroll","background-type":"","background-media":"","overlay-type":"","overlay-color":"","overlay-opacity":"","overlay-gradient":""},"mobile":{"background-color":"var(--ast-global-color-4)","background-image":"","background-repeat":"repeat","background-position":"center center","background-size":"auto","background-attachment":"scroll","background-type":"","background-media":"","overlay-type":"","overlay-color":"","overlay-opacity":"","overlay-gradient":""}}},"product_brand":[],"product_cat":[165],"product_tag":[6833,1467,6831,6832,2833,2834,6830],"class_list":{"0":"post-19872","1":"product","2":"type-product","3":"status-publish","4":"has-post-thumbnail","6":"product_cat-religija-filosofija-ir-ezoterika","7":"product_tag-dvasinis-ir-materialus-pradas","8":"product_tag-filosofija","9":"product_tag-filosofine-antropologija","10":"product_tag-gamtos-filosofija","11":"product_tag-metafizika","12":"product_tag-samone","13":"product_tag-vosylius-sezemanas","14":"desktop-align-left","15":"tablet-align-left","16":"mobile-align-left","18":"first","19":"instock","20":"shipping-taxable","21":"purchasable","22":"product-type-simple"},"acf":[],"yoast_head":"<!-- This site is optimized with the Yoast SEO plugin v27.0 - https:\/\/yoast.com\/product\/yoast-seo-wordpress\/ -->\n<title>Filosofin\u0117 antropologija, gamtos filosofija ir metafizika<\/title>\n<meta name=\"description\" content=\"\u012evadas. Filosofin\u0117 antropologija, gamtos filosofija ir metafizika Vosyliaus Sezemano rankra\u0161\u010diuose 6 Dvasinio ir materialaus prado s\u0105ry\u0161is. Refleksai,\" \/>\n<meta name=\"robots\" content=\"index, follow, max-snippet:-1, max-image-preview:large, max-video-preview:-1\" \/>\n<link rel=\"canonical\" href=\"https:\/\/skaitytaknyga.lt\/en\/produktas\/filosofine-antropologija-gamtos-filosofija-ir-metafizika\/\" \/>\n<meta property=\"og:locale\" content=\"en_GB\" \/>\n<meta property=\"og:locale:alternate\" content=\"lt_LT\" \/>\n<meta property=\"og:type\" content=\"article\" \/>\n<meta property=\"og:title\" content=\"Filosofin\u0117 antropologija, gamtos filosofija ir metafizika\" \/>\n<meta property=\"og:description\" content=\"\u012evadas. Filosofin\u0117 antropologija, gamtos filosofija ir metafizika Vosyliaus Sezemano rankra\u0161\u010diuose 6 Dvasinio ir materialaus prado s\u0105ry\u0161is. Refleksai,\" \/>\n<meta property=\"og:url\" content=\"https:\/\/skaitytaknyga.lt\/en\/produktas\/filosofine-antropologija-gamtos-filosofija-ir-metafizika\/\" \/>\n<meta property=\"og:site_name\" content=\"Skaitytaknyga\" \/>\n<meta property=\"article:publisher\" content=\"https:\/\/www.facebook.com\/skaitytaknyga\/\" \/>\n<meta property=\"article:modified_time\" content=\"2025-08-01T05:22:03+00:00\" \/>\n<meta property=\"og:image\" content=\"https:\/\/skaitytaknyga.lt\/wp-content\/uploads\/2025\/07\/Filosofine-antropologija-gamtos-filosofija-ir-metafizika-1.jpg\" \/>\n\t<meta property=\"og:image:width\" content=\"600\" \/>\n\t<meta property=\"og:image:height\" content=\"848\" \/>\n\t<meta property=\"og:image:type\" content=\"image\/jpeg\" \/>\n<meta name=\"twitter:card\" content=\"summary_large_image\" \/>\n<script type=\"application\/ld+json\" class=\"yoast-schema-graph\">{\"@context\":\"https:\/\/schema.org\",\"@graph\":[{\"@type\":\"WebPage\",\"@id\":\"https:\/\/skaitytaknyga.lt\/produktas\/filosofine-antropologija-gamtos-filosofija-ir-metafizika\/\",\"url\":\"https:\/\/skaitytaknyga.lt\/produktas\/filosofine-antropologija-gamtos-filosofija-ir-metafizika\/\",\"name\":\"Filosofin\u0117 antropologija, gamtos filosofija ir metafizika\",\"isPartOf\":{\"@id\":\"https:\/\/skaitytaknyga.lt\/#website\"},\"primaryImageOfPage\":{\"@id\":\"https:\/\/skaitytaknyga.lt\/produktas\/filosofine-antropologija-gamtos-filosofija-ir-metafizika\/#primaryimage\"},\"image\":{\"@id\":\"https:\/\/skaitytaknyga.lt\/produktas\/filosofine-antropologija-gamtos-filosofija-ir-metafizika\/#primaryimage\"},\"thumbnailUrl\":\"https:\/\/skaitytaknyga.lt\/wp-content\/uploads\/2025\/07\/Filosofine-antropologija-gamtos-filosofija-ir-metafizika-1.jpg\",\"datePublished\":\"2025-07-24T07:49:43+00:00\",\"dateModified\":\"2025-08-01T05:22:03+00:00\",\"description\":\"\u012evadas. Filosofin\u0117 antropologija, gamtos filosofija ir metafizika Vosyliaus Sezemano rankra\u0161\u010diuose 6 Dvasinio ir materialaus prado s\u0105ry\u0161is. Refleksai,\",\"breadcrumb\":{\"@id\":\"https:\/\/skaitytaknyga.lt\/produktas\/filosofine-antropologija-gamtos-filosofija-ir-metafizika\/#breadcrumb\"},\"inLanguage\":\"en-GB\",\"potentialAction\":[{\"@type\":\"ReadAction\",\"target\":[\"https:\/\/skaitytaknyga.lt\/produktas\/filosofine-antropologija-gamtos-filosofija-ir-metafizika\/\"]}]},{\"@type\":\"ImageObject\",\"inLanguage\":\"en-GB\",\"@id\":\"https:\/\/skaitytaknyga.lt\/produktas\/filosofine-antropologija-gamtos-filosofija-ir-metafizika\/#primaryimage\",\"url\":\"https:\/\/skaitytaknyga.lt\/wp-content\/uploads\/2025\/07\/Filosofine-antropologija-gamtos-filosofija-ir-metafizika-1.jpg\",\"contentUrl\":\"https:\/\/skaitytaknyga.lt\/wp-content\/uploads\/2025\/07\/Filosofine-antropologija-gamtos-filosofija-ir-metafizika-1.jpg\",\"width\":600,\"height\":848},{\"@type\":\"BreadcrumbList\",\"@id\":\"https:\/\/skaitytaknyga.lt\/produktas\/filosofine-antropologija-gamtos-filosofija-ir-metafizika\/#breadcrumb\",\"itemListElement\":[{\"@type\":\"ListItem\",\"position\":1,\"name\":\"Home\",\"item\":\"https:\/\/skaitytaknyga.lt\/\"},{\"@type\":\"ListItem\",\"position\":2,\"name\":\"Parduotuv\u0117\",\"item\":\"https:\/\/skaitytaknyga.lt\/knygu-parduotuve\/\"},{\"@type\":\"ListItem\",\"position\":3,\"name\":\"Filosofin\u0117 antropologija, gamtos filosofija ir metafizika\"}]},{\"@type\":\"WebSite\",\"@id\":\"https:\/\/skaitytaknyga.lt\/#website\",\"url\":\"https:\/\/skaitytaknyga.lt\/\",\"name\":\"skaitytaknyga.lt\",\"description\":\"Skaitytaknyga.lt \u2013 tai ma\u017eas \u0161eimos verslas, kuris prasid\u0117jo nuo meil\u0117s knygoms ir siekio i\u0161gelb\u0117ti knygas nuo likimo prie konteinerio. Kas vienam nereikalingas daiktas \u2013 kitam lobis, o mes esame tarpininkai, kurie padeda abiems tapti laimingesniems ???? \u017dinome kaip nelengva i\u0161gyventi ma\u017eiems verslams, tad nuo \u0161iol, \u010dia rasite ir kit\u0173, ma\u017e\u0173 \u0161eim\u0173 versl\u0173, rank\u0173 darbo, dovan\u0173 sau ir artimiesiems.\",\"publisher\":{\"@id\":\"https:\/\/skaitytaknyga.lt\/#organization\"},\"potentialAction\":[{\"@type\":\"SearchAction\",\"target\":{\"@type\":\"EntryPoint\",\"urlTemplate\":\"https:\/\/skaitytaknyga.lt\/?s={search_term_string}\"},\"query-input\":{\"@type\":\"PropertyValueSpecification\",\"valueRequired\":true,\"valueName\":\"search_term_string\"}}],\"inLanguage\":\"en-GB\"},{\"@type\":\"Organization\",\"@id\":\"https:\/\/skaitytaknyga.lt\/#organization\",\"name\":\"skaitytaknyga.lt\",\"url\":\"https:\/\/skaitytaknyga.lt\/\",\"logo\":{\"@type\":\"ImageObject\",\"inLanguage\":\"en-GB\",\"@id\":\"https:\/\/skaitytaknyga.lt\/#\/schema\/logo\/image\/\",\"url\":\"https:\/\/skaitytaknyga.lt\/wp-content\/uploads\/2024\/05\/cropped-cropped-cropped-02_00843_jt3bggkj1j3HLc7SyY6rEUpg.jpeg\",\"contentUrl\":\"https:\/\/skaitytaknyga.lt\/wp-content\/uploads\/2024\/05\/cropped-cropped-cropped-02_00843_jt3bggkj1j3HLc7SyY6rEUpg.jpeg\",\"width\":1600,\"height\":1600,\"caption\":\"skaitytaknyga.lt\"},\"image\":{\"@id\":\"https:\/\/skaitytaknyga.lt\/#\/schema\/logo\/image\/\"},\"sameAs\":[\"https:\/\/www.facebook.com\/skaitytaknyga\/\"]}]}<\/script>\n<!-- \/ Yoast SEO plugin. -->","yoast_head_json":{"title":"Filosofin\u0117 antropologija, gamtos filosofija ir metafizika","description":"\u012evadas. Filosofin\u0117 antropologija, gamtos filosofija ir metafizika Vosyliaus Sezemano rankra\u0161\u010diuose 6 Dvasinio ir materialaus prado s\u0105ry\u0161is. Refleksai,","robots":{"index":"index","follow":"follow","max-snippet":"max-snippet:-1","max-image-preview":"max-image-preview:large","max-video-preview":"max-video-preview:-1"},"canonical":"https:\/\/skaitytaknyga.lt\/en\/produktas\/filosofine-antropologija-gamtos-filosofija-ir-metafizika\/","og_locale":"en_GB","og_type":"article","og_title":"[:lt]Filosofin\u0117 antropologija, gamtos filosofija ir metafizika[:] - Skaitytaknyga","og_description":"\u012evadas. Filosofin\u0117 antropologija, gamtos filosofija ir metafizika Vosyliaus Sezemano rankra\u0161\u010diuose 6 Dvasinio ir materialaus prado s\u0105ry\u0161is. Refleksai,","og_url":"https:\/\/skaitytaknyga.lt\/en\/produktas\/filosofine-antropologija-gamtos-filosofija-ir-metafizika\/","og_site_name":"Skaitytaknyga","article_publisher":"https:\/\/www.facebook.com\/skaitytaknyga\/","article_modified_time":"2025-08-01T05:22:03+00:00","og_image":[{"width":600,"height":848,"url":"https:\/\/skaitytaknyga.lt\/wp-content\/uploads\/2025\/07\/Filosofine-antropologija-gamtos-filosofija-ir-metafizika-1.jpg","type":"image\/jpeg"}],"twitter_card":"summary_large_image","schema":{"@context":"https:\/\/schema.org","@graph":[{"@type":"WebPage","@id":"https:\/\/skaitytaknyga.lt\/produktas\/filosofine-antropologija-gamtos-filosofija-ir-metafizika\/","url":"https:\/\/skaitytaknyga.lt\/produktas\/filosofine-antropologija-gamtos-filosofija-ir-metafizika\/","name":"Filosofin\u0117 antropologija, gamtos filosofija ir metafizika","isPartOf":{"@id":"https:\/\/skaitytaknyga.lt\/#website"},"primaryImageOfPage":{"@id":"https:\/\/skaitytaknyga.lt\/produktas\/filosofine-antropologija-gamtos-filosofija-ir-metafizika\/#primaryimage"},"image":{"@id":"https:\/\/skaitytaknyga.lt\/produktas\/filosofine-antropologija-gamtos-filosofija-ir-metafizika\/#primaryimage"},"thumbnailUrl":"https:\/\/skaitytaknyga.lt\/wp-content\/uploads\/2025\/07\/Filosofine-antropologija-gamtos-filosofija-ir-metafizika-1.jpg","datePublished":"2025-07-24T07:49:43+00:00","dateModified":"2025-08-01T05:22:03+00:00","description":"\u012evadas. Filosofin\u0117 antropologija, gamtos filosofija ir metafizika Vosyliaus Sezemano rankra\u0161\u010diuose 6 Dvasinio ir materialaus prado s\u0105ry\u0161is. Refleksai,","breadcrumb":{"@id":"https:\/\/skaitytaknyga.lt\/produktas\/filosofine-antropologija-gamtos-filosofija-ir-metafizika\/#breadcrumb"},"inLanguage":"en-GB","potentialAction":[{"@type":"ReadAction","target":["https:\/\/skaitytaknyga.lt\/produktas\/filosofine-antropologija-gamtos-filosofija-ir-metafizika\/"]}]},{"@type":"ImageObject","inLanguage":"en-GB","@id":"https:\/\/skaitytaknyga.lt\/produktas\/filosofine-antropologija-gamtos-filosofija-ir-metafizika\/#primaryimage","url":"https:\/\/skaitytaknyga.lt\/wp-content\/uploads\/2025\/07\/Filosofine-antropologija-gamtos-filosofija-ir-metafizika-1.jpg","contentUrl":"https:\/\/skaitytaknyga.lt\/wp-content\/uploads\/2025\/07\/Filosofine-antropologija-gamtos-filosofija-ir-metafizika-1.jpg","width":600,"height":848},{"@type":"BreadcrumbList","@id":"https:\/\/skaitytaknyga.lt\/produktas\/filosofine-antropologija-gamtos-filosofija-ir-metafizika\/#breadcrumb","itemListElement":[{"@type":"ListItem","position":1,"name":"Home","item":"https:\/\/skaitytaknyga.lt\/"},{"@type":"ListItem","position":2,"name":"Parduotuv\u0117","item":"https:\/\/skaitytaknyga.lt\/knygu-parduotuve\/"},{"@type":"ListItem","position":3,"name":"Filosofin\u0117 antropologija, gamtos filosofija ir metafizika"}]},{"@type":"WebSite","@id":"https:\/\/skaitytaknyga.lt\/#website","url":"https:\/\/skaitytaknyga.lt\/","name":"skaitytaknyga.lt","description":"Skaitytaknyga.lt \u2013 tai ma\u017eas \u0161eimos verslas, kuris prasid\u0117jo nuo meil\u0117s knygoms ir siekio i\u0161gelb\u0117ti knygas nuo likimo prie konteinerio. Kas vienam nereikalingas daiktas \u2013 kitam lobis, o mes esame tarpininkai, kurie padeda abiems tapti laimingesniems ???? \u017dinome kaip nelengva i\u0161gyventi ma\u017eiems verslams, tad nuo \u0161iol, \u010dia rasite ir kit\u0173, ma\u017e\u0173 \u0161eim\u0173 versl\u0173, rank\u0173 darbo, dovan\u0173 sau ir artimiesiems.","publisher":{"@id":"https:\/\/skaitytaknyga.lt\/#organization"},"potentialAction":[{"@type":"SearchAction","target":{"@type":"EntryPoint","urlTemplate":"https:\/\/skaitytaknyga.lt\/?s={search_term_string}"},"query-input":{"@type":"PropertyValueSpecification","valueRequired":true,"valueName":"search_term_string"}}],"inLanguage":"en-GB"},{"@type":"Organization","@id":"https:\/\/skaitytaknyga.lt\/#organization","name":"skaitytaknyga.lt","url":"https:\/\/skaitytaknyga.lt\/","logo":{"@type":"ImageObject","inLanguage":"en-GB","@id":"https:\/\/skaitytaknyga.lt\/#\/schema\/logo\/image\/","url":"https:\/\/skaitytaknyga.lt\/wp-content\/uploads\/2024\/05\/cropped-cropped-cropped-02_00843_jt3bggkj1j3HLc7SyY6rEUpg.jpeg","contentUrl":"https:\/\/skaitytaknyga.lt\/wp-content\/uploads\/2024\/05\/cropped-cropped-cropped-02_00843_jt3bggkj1j3HLc7SyY6rEUpg.jpeg","width":1600,"height":1600,"caption":"skaitytaknyga.lt"},"image":{"@id":"https:\/\/skaitytaknyga.lt\/#\/schema\/logo\/image\/"},"sameAs":["https:\/\/www.facebook.com\/skaitytaknyga\/"]}]}},"_links":{"self":[{"href":"https:\/\/skaitytaknyga.lt\/en\/wp-json\/wp\/v2\/product\/19872","targetHints":{"allow":["GET"]}}],"collection":[{"href":"https:\/\/skaitytaknyga.lt\/en\/wp-json\/wp\/v2\/product"}],"about":[{"href":"https:\/\/skaitytaknyga.lt\/en\/wp-json\/wp\/v2\/types\/product"}],"replies":[{"embeddable":true,"href":"https:\/\/skaitytaknyga.lt\/en\/wp-json\/wp\/v2\/comments?post=19872"}],"wp:featuredmedia":[{"embeddable":true,"href":"https:\/\/skaitytaknyga.lt\/en\/wp-json\/wp\/v2\/media\/19876"}],"wp:attachment":[{"href":"https:\/\/skaitytaknyga.lt\/en\/wp-json\/wp\/v2\/media?parent=19872"}],"wp:term":[{"taxonomy":"product_brand","embeddable":true,"href":"https:\/\/skaitytaknyga.lt\/en\/wp-json\/wp\/v2\/product_brand?post=19872"},{"taxonomy":"product_cat","embeddable":true,"href":"https:\/\/skaitytaknyga.lt\/en\/wp-json\/wp\/v2\/product_cat?post=19872"},{"taxonomy":"product_tag","embeddable":true,"href":"https:\/\/skaitytaknyga.lt\/en\/wp-json\/wp\/v2\/product_tag?post=19872"}],"curies":[{"name":"wp","href":"https:\/\/api.w.org\/{rel}","templated":true}]}}