{"id":19871,"date":"2025-07-24T10:49:43","date_gmt":"2025-07-24T07:49:43","guid":{"rendered":"https:\/\/skaitytaknyga.lt\/?post_type=product&#038;p=19871"},"modified":"2025-08-01T08:22:03","modified_gmt":"2025-08-01T05:22:03","slug":"filosofine-antropologija-gamtos-filosofija-ir-metafizika-2","status":"publish","type":"product","link":"https:\/\/skaitytaknyga.lt\/en\/produktas\/filosofine-antropologija-gamtos-filosofija-ir-metafizika-2\/","title":{"rendered":"\u0160ventojo Pranci\u0161kaus \u017eiedeliai"},"content":{"rendered":"<p>\u201e\u0160ventojo Pranci\u0161kaus \u017eiedeliai\u201c \u2013 tai populiar\u016bs viduram\u017ei\u0173 pasakojimai, kuriuose apra\u0161omi \u0161v. Pranci\u0161kaus ir jo bendramin\u010di\u0173 nutikimai, pirmieji Ma\u017eesni\u0173j\u0173 broli\u0173 ordino gyvavimo de\u0161imtme\u010diai.<\/p>\n<p>Vis naujos \u017emoni\u0173 kartos, besiilgin\u010dios prarastojo rojaus, labai svarbios ir paprastos tiesos apie save ir pasaul\u012f, \u010dia aptiks \u0161vent\u0105j\u012f Asy\u017eiaus neturt\u0117l\u012f. \u0160v. Pranci\u0161kus traukia ir patraukia. Jis turi visiems parengt\u0105 laim\u0117s formul\u0119, i\u0161verst\u0105 \u012f daugyb\u0117s gyvenim\u0173 kalb\u0105.<\/p>\n<p>Pranci\u0161kus Asy\u017eietis \u2013 i\u0161tisa m\u012fsli\u0173 ir paradoks\u0173 grandin\u0117. Poetai ir menininkai, pacifistai ir \u201e\u017ealieji\u201c, mistikai ir vargdieni\u0173 gyn\u0117jai, ar\u0161\u016bs ba\u017enytininkai ir ne ma\u017eiau ar\u0161\u016bs antiklerikalai, humanistai ir mai\u0161tininkai, atgailautojai asketai ir gyvenimo d\u017eiaugsmo \u0161aukliai \u2013 jie visi nori rasti (ir nesunkiai randa) k\u0105 nors sava asmenyje to, kuris geid\u0117 b\u016bti pats ma\u017eiausias ir nereik\u0161mingiausias. I\u0161 ties\u0173 neturime kito Ba\u017eny\u010dios \u0161ventojo, kuris b\u016bt\u0173 toks simpatingas ir tinkamas kiekvienam, kuris tik krik\u0161\u010dionyb\u0117s istorijoje dairosi pavyzd\u017ei\u0173 ar \u012fkv\u0117pimo.<\/p>\n<p>Julius Sasnauskas<\/p>\n","protected":false},"excerpt":{"rendered":"<p>\u201e\u0160ventojo Pranci\u0161kaus \u017eiedeliai\u201c \u2013 tai populiar\u016bs viduram\u017ei\u0173 pasakojimai, kuriuose apra\u0161omi \u0161v. Pranci\u0161kaus ir jo bendramin\u010di\u0173 nutikimai, pirmieji Ma\u017eesni\u0173j\u0173 broli\u0173 ordino gyvavimo de\u0161imtme\u010diai. Vis naujos \u017emoni\u0173 kartos, besiilgin\u010dios prarastojo rojaus, labai svarbios ir paprastos tiesos apie save ir pasaul\u012f, \u010dia aptiks \u0161vent\u0105j\u012f Asy\u017eiaus neturt\u0117l\u012f. \u0160v. Pranci\u0161kus traukia ir patraukia. Jis turi visiems parengt\u0105 laim\u0117s formul\u0119, i\u0161verst\u0105 \u012f daugyb\u0117s gyvenim\u0173 kalb\u0105. Pranci\u0161kus Asy\u017eietis \u2013 i\u0161tisa m\u012fsli\u0173 ir paradoks\u0173 grandin\u0117. Poetai ir menininkai, pacifistai ir \u201e\u017ealieji\u201c, mistikai ir vargdieni\u0173 gyn\u0117jai, ar\u0161\u016bs ba\u017enytininkai ir ne ma\u017eiau ar\u0161\u016bs antiklerikalai, humanistai ir mai\u0161tininkai, atgailautojai asketai ir gyvenimo d\u017eiaugsmo \u0161aukliai \u2013 jie visi nori rasti (ir nesunkiai randa) k\u0105 nors sava asmenyje to, kuris geid\u0117 b\u016bti pats ma\u017eiausias ir nereik\u0161mingiausias. I\u0161 ties\u0173 neturime kito Ba\u017eny\u010dios \u0161ventojo, kuris b\u016bt\u0173 toks simpatingas ir tinkamas kiekvienam, kuris tik krik\u0161\u010dionyb\u0117s istorijoje dairosi pavyzd\u017ei\u0173 ar \u012fkv\u0117pimo. Julius Sasnauskas<\/p>\n","protected":false},"featured_media":19875,"comment_status":"open","ping_status":"closed","template":"","meta":{"_acf_changed":false,"site-sidebar-layout":"default","site-content-layout":"","ast-site-content-layout":"default","site-content-style":"default","site-sidebar-style":"default","ast-global-header-display":"","ast-banner-title-visibility":"","ast-main-header-display":"","ast-hfb-above-header-display":"","ast-hfb-below-header-display":"","ast-hfb-mobile-header-display":"","site-post-title":"","ast-breadcrumbs-content":"","ast-featured-img":"","footer-sml-layout":"","ast-disable-related-posts":"","theme-transparent-header-meta":"","adv-header-id-meta":"","stick-header-meta":"","header-above-stick-meta":"","header-main-stick-meta":"","header-below-stick-meta":"","astra-migrate-meta-layouts":"default","ast-page-background-enabled":"default","ast-page-background-meta":{"desktop":{"background-color":"","background-image":"","background-repeat":"repeat","background-position":"center center","background-size":"auto","background-attachment":"scroll","background-type":"","background-media":"","overlay-type":"","overlay-color":"","overlay-opacity":"","overlay-gradient":""},"tablet":{"background-color":"","background-image":"","background-repeat":"repeat","background-position":"center center","background-size":"auto","background-attachment":"scroll","background-type":"","background-media":"","overlay-type":"","overlay-color":"","overlay-opacity":"","overlay-gradient":""},"mobile":{"background-color":"","background-image":"","background-repeat":"repeat","background-position":"center center","background-size":"auto","background-attachment":"scroll","background-type":"","background-media":"","overlay-type":"","overlay-color":"","overlay-opacity":"","overlay-gradient":""}},"ast-content-background-meta":{"desktop":{"background-color":"var(--ast-global-color-4)","background-image":"","background-repeat":"repeat","background-position":"center center","background-size":"auto","background-attachment":"scroll","background-type":"","background-media":"","overlay-type":"","overlay-color":"","overlay-opacity":"","overlay-gradient":""},"tablet":{"background-color":"var(--ast-global-color-4)","background-image":"","background-repeat":"repeat","background-position":"center center","background-size":"auto","background-attachment":"scroll","background-type":"","background-media":"","overlay-type":"","overlay-color":"","overlay-opacity":"","overlay-gradient":""},"mobile":{"background-color":"var(--ast-global-color-4)","background-image":"","background-repeat":"repeat","background-position":"center center","background-size":"auto","background-attachment":"scroll","background-type":"","background-media":"","overlay-type":"","overlay-color":"","overlay-opacity":"","overlay-gradient":""}}},"product_brand":[],"product_cat":[165],"product_tag":[6829,5067,1942,3090,6826,6827,6828],"class_list":{"0":"post-19871","1":"product","2":"type-product","3":"status-publish","4":"has-post-thumbnail","6":"product_cat-religija-filosofija-ir-ezoterika","7":"product_tag-asketizmas","8":"product_tag-julius-sasnauskas","9":"product_tag-krikscionybe","10":"product_tag-pasakojimai","11":"product_tag-pranciskus-asyzietis","12":"product_tag-sventasis-pranciskus","13":"product_tag-vienuoliai","14":"desktop-align-left","15":"tablet-align-left","16":"mobile-align-left","18":"first","19":"instock","20":"shipping-taxable","21":"purchasable","22":"product-type-simple"},"acf":[],"yoast_head":"<!-- This site is optimized with the Yoast SEO plugin v27.0 - https:\/\/yoast.com\/product\/yoast-seo-wordpress\/ -->\n<title>\u0160ventojo Pranci\u0161kaus \u017eiedeliai<\/title>\n<meta name=\"description\" content=\"\u201e\u0160ventojo Pranci\u0161kaus \u017eiedeliai\u201c \u2013 tai populiar\u016bs viduram\u017ei\u0173 pasakojimai, kuriuose apra\u0161omi \u0161v. Pranci\u0161kaus ir jo bendramin\u010di\u0173 nutikimai, pirmieji\" \/>\n<meta name=\"robots\" content=\"index, follow, max-snippet:-1, max-image-preview:large, max-video-preview:-1\" \/>\n<link rel=\"canonical\" href=\"https:\/\/skaitytaknyga.lt\/en\/produktas\/filosofine-antropologija-gamtos-filosofija-ir-metafizika-2\/\" \/>\n<meta property=\"og:locale\" content=\"en_GB\" \/>\n<meta property=\"og:locale:alternate\" content=\"lt_LT\" \/>\n<meta property=\"og:type\" content=\"article\" \/>\n<meta property=\"og:title\" content=\"\u0160ventojo Pranci\u0161kaus \u017eiedeliai\" \/>\n<meta property=\"og:description\" content=\"\u201e\u0160ventojo Pranci\u0161kaus \u017eiedeliai\u201c \u2013 tai populiar\u016bs viduram\u017ei\u0173 pasakojimai, kuriuose apra\u0161omi \u0161v. Pranci\u0161kaus ir jo bendramin\u010di\u0173 nutikimai, pirmieji\" \/>\n<meta property=\"og:url\" content=\"https:\/\/skaitytaknyga.lt\/en\/produktas\/filosofine-antropologija-gamtos-filosofija-ir-metafizika-2\/\" \/>\n<meta property=\"og:site_name\" content=\"Skaitytaknyga\" \/>\n<meta property=\"article:publisher\" content=\"https:\/\/www.facebook.com\/skaitytaknyga\/\" \/>\n<meta property=\"article:modified_time\" content=\"2025-08-01T05:22:03+00:00\" \/>\n<meta property=\"og:image\" content=\"https:\/\/skaitytaknyga.lt\/wp-content\/uploads\/2025\/07\/Sventojo-Pranciskaus-ziedeliai-1.webp\" \/>\n\t<meta property=\"og:image:width\" content=\"522\" \/>\n\t<meta property=\"og:image:height\" content=\"801\" \/>\n\t<meta property=\"og:image:type\" content=\"image\/webp\" \/>\n<meta name=\"twitter:card\" content=\"summary_large_image\" \/>\n<meta name=\"twitter:label1\" content=\"Estimated reading time\" \/>\n\t<meta name=\"twitter:data1\" content=\"1 minute\" \/>\n<script type=\"application\/ld+json\" class=\"yoast-schema-graph\">{\"@context\":\"https:\/\/schema.org\",\"@graph\":[{\"@type\":\"WebPage\",\"@id\":\"https:\/\/skaitytaknyga.lt\/produktas\/filosofine-antropologija-gamtos-filosofija-ir-metafizika-2\/\",\"url\":\"https:\/\/skaitytaknyga.lt\/produktas\/filosofine-antropologija-gamtos-filosofija-ir-metafizika-2\/\",\"name\":\"\u0160ventojo Pranci\u0161kaus \u017eiedeliai\",\"isPartOf\":{\"@id\":\"https:\/\/skaitytaknyga.lt\/#website\"},\"primaryImageOfPage\":{\"@id\":\"https:\/\/skaitytaknyga.lt\/produktas\/filosofine-antropologija-gamtos-filosofija-ir-metafizika-2\/#primaryimage\"},\"image\":{\"@id\":\"https:\/\/skaitytaknyga.lt\/produktas\/filosofine-antropologija-gamtos-filosofija-ir-metafizika-2\/#primaryimage\"},\"thumbnailUrl\":\"https:\/\/skaitytaknyga.lt\/wp-content\/uploads\/2025\/07\/Sventojo-Pranciskaus-ziedeliai-1.webp\",\"datePublished\":\"2025-07-24T07:49:43+00:00\",\"dateModified\":\"2025-08-01T05:22:03+00:00\",\"description\":\"\u201e\u0160ventojo Pranci\u0161kaus \u017eiedeliai\u201c \u2013 tai populiar\u016bs viduram\u017ei\u0173 pasakojimai, kuriuose apra\u0161omi \u0161v. Pranci\u0161kaus ir jo bendramin\u010di\u0173 nutikimai, pirmieji\",\"breadcrumb\":{\"@id\":\"https:\/\/skaitytaknyga.lt\/produktas\/filosofine-antropologija-gamtos-filosofija-ir-metafizika-2\/#breadcrumb\"},\"inLanguage\":\"en-GB\",\"potentialAction\":[{\"@type\":\"ReadAction\",\"target\":[\"https:\/\/skaitytaknyga.lt\/produktas\/filosofine-antropologija-gamtos-filosofija-ir-metafizika-2\/\"]}]},{\"@type\":\"ImageObject\",\"inLanguage\":\"en-GB\",\"@id\":\"https:\/\/skaitytaknyga.lt\/produktas\/filosofine-antropologija-gamtos-filosofija-ir-metafizika-2\/#primaryimage\",\"url\":\"https:\/\/skaitytaknyga.lt\/wp-content\/uploads\/2025\/07\/Sventojo-Pranciskaus-ziedeliai-1.webp\",\"contentUrl\":\"https:\/\/skaitytaknyga.lt\/wp-content\/uploads\/2025\/07\/Sventojo-Pranciskaus-ziedeliai-1.webp\",\"width\":522,\"height\":801},{\"@type\":\"BreadcrumbList\",\"@id\":\"https:\/\/skaitytaknyga.lt\/produktas\/filosofine-antropologija-gamtos-filosofija-ir-metafizika-2\/#breadcrumb\",\"itemListElement\":[{\"@type\":\"ListItem\",\"position\":1,\"name\":\"Home\",\"item\":\"https:\/\/skaitytaknyga.lt\/\"},{\"@type\":\"ListItem\",\"position\":2,\"name\":\"Parduotuv\u0117\",\"item\":\"https:\/\/skaitytaknyga.lt\/knygu-parduotuve\/\"},{\"@type\":\"ListItem\",\"position\":3,\"name\":\"\u0160ventojo Pranci\u0161kaus \u017eiedeliai\"}]},{\"@type\":\"WebSite\",\"@id\":\"https:\/\/skaitytaknyga.lt\/#website\",\"url\":\"https:\/\/skaitytaknyga.lt\/\",\"name\":\"skaitytaknyga.lt\",\"description\":\"Skaitytaknyga.lt \u2013 tai ma\u017eas \u0161eimos verslas, kuris prasid\u0117jo nuo meil\u0117s knygoms ir siekio i\u0161gelb\u0117ti knygas nuo likimo prie konteinerio. Kas vienam nereikalingas daiktas \u2013 kitam lobis, o mes esame tarpininkai, kurie padeda abiems tapti laimingesniems ???? \u017dinome kaip nelengva i\u0161gyventi ma\u017eiems verslams, tad nuo \u0161iol, \u010dia rasite ir kit\u0173, ma\u017e\u0173 \u0161eim\u0173 versl\u0173, rank\u0173 darbo, dovan\u0173 sau ir artimiesiems.\",\"publisher\":{\"@id\":\"https:\/\/skaitytaknyga.lt\/#organization\"},\"potentialAction\":[{\"@type\":\"SearchAction\",\"target\":{\"@type\":\"EntryPoint\",\"urlTemplate\":\"https:\/\/skaitytaknyga.lt\/?s={search_term_string}\"},\"query-input\":{\"@type\":\"PropertyValueSpecification\",\"valueRequired\":true,\"valueName\":\"search_term_string\"}}],\"inLanguage\":\"en-GB\"},{\"@type\":\"Organization\",\"@id\":\"https:\/\/skaitytaknyga.lt\/#organization\",\"name\":\"skaitytaknyga.lt\",\"url\":\"https:\/\/skaitytaknyga.lt\/\",\"logo\":{\"@type\":\"ImageObject\",\"inLanguage\":\"en-GB\",\"@id\":\"https:\/\/skaitytaknyga.lt\/#\/schema\/logo\/image\/\",\"url\":\"https:\/\/skaitytaknyga.lt\/wp-content\/uploads\/2024\/05\/cropped-cropped-cropped-02_00843_jt3bggkj1j3HLc7SyY6rEUpg.jpeg\",\"contentUrl\":\"https:\/\/skaitytaknyga.lt\/wp-content\/uploads\/2024\/05\/cropped-cropped-cropped-02_00843_jt3bggkj1j3HLc7SyY6rEUpg.jpeg\",\"width\":1600,\"height\":1600,\"caption\":\"skaitytaknyga.lt\"},\"image\":{\"@id\":\"https:\/\/skaitytaknyga.lt\/#\/schema\/logo\/image\/\"},\"sameAs\":[\"https:\/\/www.facebook.com\/skaitytaknyga\/\"]}]}<\/script>\n<!-- \/ Yoast SEO plugin. -->","yoast_head_json":{"title":"\u0160ventojo Pranci\u0161kaus \u017eiedeliai","description":"\u201e\u0160ventojo Pranci\u0161kaus \u017eiedeliai\u201c \u2013 tai populiar\u016bs viduram\u017ei\u0173 pasakojimai, kuriuose apra\u0161omi \u0161v. Pranci\u0161kaus ir jo bendramin\u010di\u0173 nutikimai, pirmieji","robots":{"index":"index","follow":"follow","max-snippet":"max-snippet:-1","max-image-preview":"max-image-preview:large","max-video-preview":"max-video-preview:-1"},"canonical":"https:\/\/skaitytaknyga.lt\/en\/produktas\/filosofine-antropologija-gamtos-filosofija-ir-metafizika-2\/","og_locale":"en_GB","og_type":"article","og_title":"[:lt]\u0160ventojo Pranci\u0161kaus \u017eiedeliai[:] - Skaitytaknyga","og_description":"\u201e\u0160ventojo Pranci\u0161kaus \u017eiedeliai\u201c \u2013 tai populiar\u016bs viduram\u017ei\u0173 pasakojimai, kuriuose apra\u0161omi \u0161v. Pranci\u0161kaus ir jo bendramin\u010di\u0173 nutikimai, pirmieji","og_url":"https:\/\/skaitytaknyga.lt\/en\/produktas\/filosofine-antropologija-gamtos-filosofija-ir-metafizika-2\/","og_site_name":"Skaitytaknyga","article_publisher":"https:\/\/www.facebook.com\/skaitytaknyga\/","article_modified_time":"2025-08-01T05:22:03+00:00","og_image":[{"width":522,"height":801,"url":"https:\/\/skaitytaknyga.lt\/wp-content\/uploads\/2025\/07\/Sventojo-Pranciskaus-ziedeliai-1.webp","type":"image\/webp"}],"twitter_card":"summary_large_image","twitter_misc":{"Estimated reading time":"1 minute"},"schema":{"@context":"https:\/\/schema.org","@graph":[{"@type":"WebPage","@id":"https:\/\/skaitytaknyga.lt\/produktas\/filosofine-antropologija-gamtos-filosofija-ir-metafizika-2\/","url":"https:\/\/skaitytaknyga.lt\/produktas\/filosofine-antropologija-gamtos-filosofija-ir-metafizika-2\/","name":"\u0160ventojo Pranci\u0161kaus \u017eiedeliai","isPartOf":{"@id":"https:\/\/skaitytaknyga.lt\/#website"},"primaryImageOfPage":{"@id":"https:\/\/skaitytaknyga.lt\/produktas\/filosofine-antropologija-gamtos-filosofija-ir-metafizika-2\/#primaryimage"},"image":{"@id":"https:\/\/skaitytaknyga.lt\/produktas\/filosofine-antropologija-gamtos-filosofija-ir-metafizika-2\/#primaryimage"},"thumbnailUrl":"https:\/\/skaitytaknyga.lt\/wp-content\/uploads\/2025\/07\/Sventojo-Pranciskaus-ziedeliai-1.webp","datePublished":"2025-07-24T07:49:43+00:00","dateModified":"2025-08-01T05:22:03+00:00","description":"\u201e\u0160ventojo Pranci\u0161kaus \u017eiedeliai\u201c \u2013 tai populiar\u016bs viduram\u017ei\u0173 pasakojimai, kuriuose apra\u0161omi \u0161v. Pranci\u0161kaus ir jo bendramin\u010di\u0173 nutikimai, pirmieji","breadcrumb":{"@id":"https:\/\/skaitytaknyga.lt\/produktas\/filosofine-antropologija-gamtos-filosofija-ir-metafizika-2\/#breadcrumb"},"inLanguage":"en-GB","potentialAction":[{"@type":"ReadAction","target":["https:\/\/skaitytaknyga.lt\/produktas\/filosofine-antropologija-gamtos-filosofija-ir-metafizika-2\/"]}]},{"@type":"ImageObject","inLanguage":"en-GB","@id":"https:\/\/skaitytaknyga.lt\/produktas\/filosofine-antropologija-gamtos-filosofija-ir-metafizika-2\/#primaryimage","url":"https:\/\/skaitytaknyga.lt\/wp-content\/uploads\/2025\/07\/Sventojo-Pranciskaus-ziedeliai-1.webp","contentUrl":"https:\/\/skaitytaknyga.lt\/wp-content\/uploads\/2025\/07\/Sventojo-Pranciskaus-ziedeliai-1.webp","width":522,"height":801},{"@type":"BreadcrumbList","@id":"https:\/\/skaitytaknyga.lt\/produktas\/filosofine-antropologija-gamtos-filosofija-ir-metafizika-2\/#breadcrumb","itemListElement":[{"@type":"ListItem","position":1,"name":"Home","item":"https:\/\/skaitytaknyga.lt\/"},{"@type":"ListItem","position":2,"name":"Parduotuv\u0117","item":"https:\/\/skaitytaknyga.lt\/knygu-parduotuve\/"},{"@type":"ListItem","position":3,"name":"\u0160ventojo Pranci\u0161kaus \u017eiedeliai"}]},{"@type":"WebSite","@id":"https:\/\/skaitytaknyga.lt\/#website","url":"https:\/\/skaitytaknyga.lt\/","name":"skaitytaknyga.lt","description":"Skaitytaknyga.lt \u2013 tai ma\u017eas \u0161eimos verslas, kuris prasid\u0117jo nuo meil\u0117s knygoms ir siekio i\u0161gelb\u0117ti knygas nuo likimo prie konteinerio. Kas vienam nereikalingas daiktas \u2013 kitam lobis, o mes esame tarpininkai, kurie padeda abiems tapti laimingesniems ???? \u017dinome kaip nelengva i\u0161gyventi ma\u017eiems verslams, tad nuo \u0161iol, \u010dia rasite ir kit\u0173, ma\u017e\u0173 \u0161eim\u0173 versl\u0173, rank\u0173 darbo, dovan\u0173 sau ir artimiesiems.","publisher":{"@id":"https:\/\/skaitytaknyga.lt\/#organization"},"potentialAction":[{"@type":"SearchAction","target":{"@type":"EntryPoint","urlTemplate":"https:\/\/skaitytaknyga.lt\/?s={search_term_string}"},"query-input":{"@type":"PropertyValueSpecification","valueRequired":true,"valueName":"search_term_string"}}],"inLanguage":"en-GB"},{"@type":"Organization","@id":"https:\/\/skaitytaknyga.lt\/#organization","name":"skaitytaknyga.lt","url":"https:\/\/skaitytaknyga.lt\/","logo":{"@type":"ImageObject","inLanguage":"en-GB","@id":"https:\/\/skaitytaknyga.lt\/#\/schema\/logo\/image\/","url":"https:\/\/skaitytaknyga.lt\/wp-content\/uploads\/2024\/05\/cropped-cropped-cropped-02_00843_jt3bggkj1j3HLc7SyY6rEUpg.jpeg","contentUrl":"https:\/\/skaitytaknyga.lt\/wp-content\/uploads\/2024\/05\/cropped-cropped-cropped-02_00843_jt3bggkj1j3HLc7SyY6rEUpg.jpeg","width":1600,"height":1600,"caption":"skaitytaknyga.lt"},"image":{"@id":"https:\/\/skaitytaknyga.lt\/#\/schema\/logo\/image\/"},"sameAs":["https:\/\/www.facebook.com\/skaitytaknyga\/"]}]}},"_links":{"self":[{"href":"https:\/\/skaitytaknyga.lt\/en\/wp-json\/wp\/v2\/product\/19871","targetHints":{"allow":["GET"]}}],"collection":[{"href":"https:\/\/skaitytaknyga.lt\/en\/wp-json\/wp\/v2\/product"}],"about":[{"href":"https:\/\/skaitytaknyga.lt\/en\/wp-json\/wp\/v2\/types\/product"}],"replies":[{"embeddable":true,"href":"https:\/\/skaitytaknyga.lt\/en\/wp-json\/wp\/v2\/comments?post=19871"}],"wp:featuredmedia":[{"embeddable":true,"href":"https:\/\/skaitytaknyga.lt\/en\/wp-json\/wp\/v2\/media\/19875"}],"wp:attachment":[{"href":"https:\/\/skaitytaknyga.lt\/en\/wp-json\/wp\/v2\/media?parent=19871"}],"wp:term":[{"taxonomy":"product_brand","embeddable":true,"href":"https:\/\/skaitytaknyga.lt\/en\/wp-json\/wp\/v2\/product_brand?post=19871"},{"taxonomy":"product_cat","embeddable":true,"href":"https:\/\/skaitytaknyga.lt\/en\/wp-json\/wp\/v2\/product_cat?post=19871"},{"taxonomy":"product_tag","embeddable":true,"href":"https:\/\/skaitytaknyga.lt\/en\/wp-json\/wp\/v2\/product_tag?post=19871"}],"curies":[{"name":"wp","href":"https:\/\/api.w.org\/{rel}","templated":true}]}}