{"id":19870,"date":"2025-07-24T10:49:43","date_gmt":"2025-07-24T07:49:43","guid":{"rendered":"https:\/\/skaitytaknyga.lt\/?post_type=product&#038;p=19870"},"modified":"2025-07-25T09:50:57","modified_gmt":"2025-07-25T06:50:57","slug":"sventojo-pranciskaus-ziedeliai","status":"publish","type":"product","link":"https:\/\/skaitytaknyga.lt\/en\/produktas\/sventojo-pranciskaus-ziedeliai\/","title":{"rendered":"Karalyst\u0117"},"content":{"rendered":"<p>\u201e&#8230;skausmas susigadinus reikalus yra ma\u017eesnis, nei d\u017eiaugsmas \u012f pra\u017e\u016bt\u012f nusitempti kitus.&#8221;<\/p>\n<p>Broliai Opgardai visuomet buvo artimi: autoavarijoje tragi\u0161kai \u017euvus t\u0117vams, dar b\u016bdamas paauglys, tylenis Rojus prisi\u0117m\u0117 atsakomyb\u0119 u\u017e jautr\u0173, bet impulsyv\u0173 jaun\u0117l\u012f Karl\u0105. Stipraus ry\u0161io nesugriov\u0117 ir Karlo pasiry\u017eimas i\u0161vykti ie\u0161koti laim\u0117s \u012f JAV ir palikti Roj\u0173 vien\u0105 gimtajame miestelyje Norvegijos kalnuose.<\/p>\n<p>Ta\u010diau Karlui netik\u0117tai sugr\u012f\u017eus Roj\u0173 apninka abejon\u0117s. Kartu su architekte \u0160enon, savo charizmati\u0161k\u0105ja \u017emona, Karlas rengiasi pakeisti ne tik brolio, bet ir miestelio gyvenim\u0105 \u2013 j\u0173 \u0161eimos \u017eem\u0117je pastatyti mil\u017eini\u0161k\u0105 SPA vie\u0161but\u012f, niekuo nenusileid\u017eiant\u012f amerikieti\u0161kiems poilsio kompleksams. Rami Rojaus kasdienyb\u0117 gri\u016bva jo akyse&#8230;<\/p>\n<p>Negana to, \u0161i\u0105 radikali\u0105 ateities vizij\u0105 temdo nei\u0161ai\u0161kintos mirtys, viena po kitos i\u0161 naujo tiriamos vietos lensmano Kurto Olseno. Tarp jo byl\u0173 \u2013 ir broli\u0173 t\u0117v\u0173 mirtis. Kaln\u0173 miestel\u012f supanti praraja ima gausti nuo \u012ftampos: ar nelaimingos praeities \u017e\u016btys tikrai tebuvo atsitiktinumai? Kaip su \u0161iomis mirtimis susij\u0119 Opgard\u0173 broliai ir skaudi j\u0173 \u0161eimos istorija?<\/p>\n","protected":false},"excerpt":{"rendered":"<p>\u201e&#8230;skausmas susigadinus reikalus yra ma\u017eesnis, nei d\u017eiaugsmas \u012f pra\u017e\u016bt\u012f nusitempti kitus.&#8221; Broliai Opgardai visuomet buvo artimi: autoavarijoje tragi\u0161kai \u017euvus t\u0117vams, dar b\u016bdamas paauglys, tylenis Rojus prisi\u0117m\u0117 atsakomyb\u0119 u\u017e jautr\u0173, bet impulsyv\u0173 jaun\u0117l\u012f Karl\u0105. Stipraus ry\u0161io nesugriov\u0117 ir Karlo pasiry\u017eimas i\u0161vykti ie\u0161koti laim\u0117s \u012f JAV ir palikti Roj\u0173 vien\u0105 gimtajame miestelyje Norvegijos kalnuose. Ta\u010diau Karlui netik\u0117tai sugr\u012f\u017eus Roj\u0173 apninka abejon\u0117s. Kartu su architekte \u0160enon, savo charizmati\u0161k\u0105ja \u017emona, Karlas rengiasi pakeisti ne tik brolio, bet ir miestelio gyvenim\u0105 \u2013 j\u0173 \u0161eimos \u017eem\u0117je pastatyti mil\u017eini\u0161k\u0105 SPA vie\u0161but\u012f, niekuo nenusileid\u017eiant\u012f amerikieti\u0161kiems poilsio kompleksams. Rami Rojaus kasdienyb\u0117 gri\u016bva jo akyse&#8230; Negana to, \u0161i\u0105 radikali\u0105 ateities vizij\u0105 temdo nei\u0161ai\u0161kintos mirtys, viena po kitos i\u0161 naujo tiriamos vietos lensmano Kurto Olseno. Tarp jo byl\u0173 \u2013 ir broli\u0173 t\u0117v\u0173 mirtis. Kaln\u0173 miestel\u012f supanti praraja ima gausti nuo \u012ftampos: ar nelaimingos praeities \u017e\u016btys tikrai tebuvo atsitiktinumai? Kaip su \u0161iomis mirtimis susij\u0119 Opgard\u0173 broliai ir skaudi j\u0173 \u0161eimos istorija?<\/p>\n","protected":false},"featured_media":19910,"comment_status":"open","ping_status":"closed","template":"","meta":{"_acf_changed":false,"site-sidebar-layout":"default","site-content-layout":"","ast-site-content-layout":"default","site-content-style":"default","site-sidebar-style":"default","ast-global-header-display":"","ast-banner-title-visibility":"","ast-main-header-display":"","ast-hfb-above-header-display":"","ast-hfb-below-header-display":"","ast-hfb-mobile-header-display":"","site-post-title":"","ast-breadcrumbs-content":"","ast-featured-img":"","footer-sml-layout":"","ast-disable-related-posts":"","theme-transparent-header-meta":"","adv-header-id-meta":"","stick-header-meta":"","header-above-stick-meta":"","header-main-stick-meta":"","header-below-stick-meta":"","astra-migrate-meta-layouts":"default","ast-page-background-enabled":"default","ast-page-background-meta":{"desktop":{"background-color":"","background-image":"","background-repeat":"repeat","background-position":"center center","background-size":"auto","background-attachment":"scroll","background-type":"","background-media":"","overlay-type":"","overlay-color":"","overlay-opacity":"","overlay-gradient":""},"tablet":{"background-color":"","background-image":"","background-repeat":"repeat","background-position":"center center","background-size":"auto","background-attachment":"scroll","background-type":"","background-media":"","overlay-type":"","overlay-color":"","overlay-opacity":"","overlay-gradient":""},"mobile":{"background-color":"","background-image":"","background-repeat":"repeat","background-position":"center center","background-size":"auto","background-attachment":"scroll","background-type":"","background-media":"","overlay-type":"","overlay-color":"","overlay-opacity":"","overlay-gradient":""}},"ast-content-background-meta":{"desktop":{"background-color":"var(--ast-global-color-4)","background-image":"","background-repeat":"repeat","background-position":"center center","background-size":"auto","background-attachment":"scroll","background-type":"","background-media":"","overlay-type":"","overlay-color":"","overlay-opacity":"","overlay-gradient":""},"tablet":{"background-color":"var(--ast-global-color-4)","background-image":"","background-repeat":"repeat","background-position":"center center","background-size":"auto","background-attachment":"scroll","background-type":"","background-media":"","overlay-type":"","overlay-color":"","overlay-opacity":"","overlay-gradient":""},"mobile":{"background-color":"var(--ast-global-color-4)","background-image":"","background-repeat":"repeat","background-position":"center center","background-size":"auto","background-attachment":"scroll","background-type":"","background-media":"","overlay-type":"","overlay-color":"","overlay-opacity":"","overlay-gradient":""}}},"product_brand":[],"product_cat":[15],"product_tag":[],"class_list":{"0":"post-19870","1":"product","2":"type-product","3":"status-publish","4":"has-post-thumbnail","6":"product_cat-uncategorized","7":"desktop-align-left","8":"tablet-align-left","9":"mobile-align-left","11":"first","12":"instock","13":"shipping-taxable","14":"purchasable","15":"product-type-simple"},"acf":[],"yoast_head":"<!-- This site is optimized with the Yoast SEO plugin v27.0 - https:\/\/yoast.com\/product\/yoast-seo-wordpress\/ -->\n<title>Karalyst\u0117<\/title>\n<meta name=\"description\" content=\"\u201e...skausmas susigadinus reikalus yra ma\u017eesnis, nei d\u017eiaugsmas \u012f pra\u017e\u016bt\u012f nusitempti kitus.&quot; Broliai Opgardai visuomet buvo artimi: autoavarijoje tragi\u0161kai\" \/>\n<meta name=\"robots\" content=\"index, follow, max-snippet:-1, max-image-preview:large, max-video-preview:-1\" \/>\n<link rel=\"canonical\" href=\"https:\/\/skaitytaknyga.lt\/en\/produktas\/sventojo-pranciskaus-ziedeliai\/\" \/>\n<meta property=\"og:locale\" content=\"en_GB\" \/>\n<meta property=\"og:locale:alternate\" content=\"lt_LT\" \/>\n<meta property=\"og:type\" content=\"article\" \/>\n<meta property=\"og:title\" content=\"Karalyst\u0117\" \/>\n<meta property=\"og:description\" content=\"\u201e...skausmas susigadinus reikalus yra ma\u017eesnis, nei d\u017eiaugsmas \u012f pra\u017e\u016bt\u012f nusitempti kitus.&quot; Broliai Opgardai visuomet buvo artimi: autoavarijoje tragi\u0161kai\" \/>\n<meta property=\"og:url\" content=\"https:\/\/skaitytaknyga.lt\/en\/produktas\/sventojo-pranciskaus-ziedeliai\/\" \/>\n<meta property=\"og:site_name\" content=\"Skaitytaknyga\" \/>\n<meta property=\"article:publisher\" content=\"https:\/\/www.facebook.com\/skaitytaknyga\/\" \/>\n<meta property=\"article:modified_time\" content=\"2025-07-25T06:50:57+00:00\" \/>\n<meta property=\"og:image\" content=\"https:\/\/skaitytaknyga.lt\/wp-content\/uploads\/2025\/07\/Karalyste.jpg\" \/>\n\t<meta property=\"og:image:width\" content=\"450\" \/>\n\t<meta property=\"og:image:height\" content=\"652\" \/>\n\t<meta property=\"og:image:type\" content=\"image\/jpeg\" \/>\n<meta name=\"twitter:card\" content=\"summary_large_image\" \/>\n<meta name=\"twitter:label1\" content=\"Estimated reading time\" \/>\n\t<meta name=\"twitter:data1\" content=\"1 minute\" \/>\n<script type=\"application\/ld+json\" class=\"yoast-schema-graph\">{\"@context\":\"https:\/\/schema.org\",\"@graph\":[{\"@type\":\"WebPage\",\"@id\":\"https:\/\/skaitytaknyga.lt\/produktas\/sventojo-pranciskaus-ziedeliai\/\",\"url\":\"https:\/\/skaitytaknyga.lt\/produktas\/sventojo-pranciskaus-ziedeliai\/\",\"name\":\"Karalyst\u0117\",\"isPartOf\":{\"@id\":\"https:\/\/skaitytaknyga.lt\/#website\"},\"primaryImageOfPage\":{\"@id\":\"https:\/\/skaitytaknyga.lt\/produktas\/sventojo-pranciskaus-ziedeliai\/#primaryimage\"},\"image\":{\"@id\":\"https:\/\/skaitytaknyga.lt\/produktas\/sventojo-pranciskaus-ziedeliai\/#primaryimage\"},\"thumbnailUrl\":\"https:\/\/skaitytaknyga.lt\/wp-content\/uploads\/2025\/07\/Karalyste.jpg\",\"datePublished\":\"2025-07-24T07:49:43+00:00\",\"dateModified\":\"2025-07-25T06:50:57+00:00\",\"description\":\"\u201e...skausmas susigadinus reikalus yra ma\u017eesnis, nei d\u017eiaugsmas \u012f pra\u017e\u016bt\u012f nusitempti kitus.\\\" Broliai Opgardai visuomet buvo artimi: autoavarijoje tragi\u0161kai\",\"breadcrumb\":{\"@id\":\"https:\/\/skaitytaknyga.lt\/produktas\/sventojo-pranciskaus-ziedeliai\/#breadcrumb\"},\"inLanguage\":\"en-GB\",\"potentialAction\":[{\"@type\":\"ReadAction\",\"target\":[\"https:\/\/skaitytaknyga.lt\/produktas\/sventojo-pranciskaus-ziedeliai\/\"]}]},{\"@type\":\"ImageObject\",\"inLanguage\":\"en-GB\",\"@id\":\"https:\/\/skaitytaknyga.lt\/produktas\/sventojo-pranciskaus-ziedeliai\/#primaryimage\",\"url\":\"https:\/\/skaitytaknyga.lt\/wp-content\/uploads\/2025\/07\/Karalyste.jpg\",\"contentUrl\":\"https:\/\/skaitytaknyga.lt\/wp-content\/uploads\/2025\/07\/Karalyste.jpg\",\"width\":450,\"height\":652,\"caption\":\"Karalyst\u0117\"},{\"@type\":\"BreadcrumbList\",\"@id\":\"https:\/\/skaitytaknyga.lt\/produktas\/sventojo-pranciskaus-ziedeliai\/#breadcrumb\",\"itemListElement\":[{\"@type\":\"ListItem\",\"position\":1,\"name\":\"Home\",\"item\":\"https:\/\/skaitytaknyga.lt\/\"},{\"@type\":\"ListItem\",\"position\":2,\"name\":\"Parduotuv\u0117\",\"item\":\"https:\/\/skaitytaknyga.lt\/knygu-parduotuve\/\"},{\"@type\":\"ListItem\",\"position\":3,\"name\":\"Karalyst\u0117\"}]},{\"@type\":\"WebSite\",\"@id\":\"https:\/\/skaitytaknyga.lt\/#website\",\"url\":\"https:\/\/skaitytaknyga.lt\/\",\"name\":\"skaitytaknyga.lt\",\"description\":\"Skaitytaknyga.lt \u2013 tai ma\u017eas \u0161eimos verslas, kuris prasid\u0117jo nuo meil\u0117s knygoms ir siekio i\u0161gelb\u0117ti knygas nuo likimo prie konteinerio. Kas vienam nereikalingas daiktas \u2013 kitam lobis, o mes esame tarpininkai, kurie padeda abiems tapti laimingesniems ???? \u017dinome kaip nelengva i\u0161gyventi ma\u017eiems verslams, tad nuo \u0161iol, \u010dia rasite ir kit\u0173, ma\u017e\u0173 \u0161eim\u0173 versl\u0173, rank\u0173 darbo, dovan\u0173 sau ir artimiesiems.\",\"publisher\":{\"@id\":\"https:\/\/skaitytaknyga.lt\/#organization\"},\"potentialAction\":[{\"@type\":\"SearchAction\",\"target\":{\"@type\":\"EntryPoint\",\"urlTemplate\":\"https:\/\/skaitytaknyga.lt\/?s={search_term_string}\"},\"query-input\":{\"@type\":\"PropertyValueSpecification\",\"valueRequired\":true,\"valueName\":\"search_term_string\"}}],\"inLanguage\":\"en-GB\"},{\"@type\":\"Organization\",\"@id\":\"https:\/\/skaitytaknyga.lt\/#organization\",\"name\":\"skaitytaknyga.lt\",\"url\":\"https:\/\/skaitytaknyga.lt\/\",\"logo\":{\"@type\":\"ImageObject\",\"inLanguage\":\"en-GB\",\"@id\":\"https:\/\/skaitytaknyga.lt\/#\/schema\/logo\/image\/\",\"url\":\"https:\/\/skaitytaknyga.lt\/wp-content\/uploads\/2024\/05\/cropped-cropped-cropped-02_00843_jt3bggkj1j3HLc7SyY6rEUpg.jpeg\",\"contentUrl\":\"https:\/\/skaitytaknyga.lt\/wp-content\/uploads\/2024\/05\/cropped-cropped-cropped-02_00843_jt3bggkj1j3HLc7SyY6rEUpg.jpeg\",\"width\":1600,\"height\":1600,\"caption\":\"skaitytaknyga.lt\"},\"image\":{\"@id\":\"https:\/\/skaitytaknyga.lt\/#\/schema\/logo\/image\/\"},\"sameAs\":[\"https:\/\/www.facebook.com\/skaitytaknyga\/\"]}]}<\/script>\n<!-- \/ Yoast SEO plugin. -->","yoast_head_json":{"title":"Karalyst\u0117","description":"\u201e...skausmas susigadinus reikalus yra ma\u017eesnis, nei d\u017eiaugsmas \u012f pra\u017e\u016bt\u012f nusitempti kitus.\" Broliai Opgardai visuomet buvo artimi: autoavarijoje tragi\u0161kai","robots":{"index":"index","follow":"follow","max-snippet":"max-snippet:-1","max-image-preview":"max-image-preview:large","max-video-preview":"max-video-preview:-1"},"canonical":"https:\/\/skaitytaknyga.lt\/en\/produktas\/sventojo-pranciskaus-ziedeliai\/","og_locale":"en_GB","og_type":"article","og_title":"[:lt]Karalyst\u0117[:] - Skaitytaknyga","og_description":"\u201e...skausmas susigadinus reikalus yra ma\u017eesnis, nei d\u017eiaugsmas \u012f pra\u017e\u016bt\u012f nusitempti kitus.\" Broliai Opgardai visuomet buvo artimi: autoavarijoje tragi\u0161kai","og_url":"https:\/\/skaitytaknyga.lt\/en\/produktas\/sventojo-pranciskaus-ziedeliai\/","og_site_name":"Skaitytaknyga","article_publisher":"https:\/\/www.facebook.com\/skaitytaknyga\/","article_modified_time":"2025-07-25T06:50:57+00:00","og_image":[{"width":450,"height":652,"url":"https:\/\/skaitytaknyga.lt\/wp-content\/uploads\/2025\/07\/Karalyste.jpg","type":"image\/jpeg"}],"twitter_card":"summary_large_image","twitter_misc":{"Estimated reading time":"1 minute"},"schema":{"@context":"https:\/\/schema.org","@graph":[{"@type":"WebPage","@id":"https:\/\/skaitytaknyga.lt\/produktas\/sventojo-pranciskaus-ziedeliai\/","url":"https:\/\/skaitytaknyga.lt\/produktas\/sventojo-pranciskaus-ziedeliai\/","name":"Karalyst\u0117","isPartOf":{"@id":"https:\/\/skaitytaknyga.lt\/#website"},"primaryImageOfPage":{"@id":"https:\/\/skaitytaknyga.lt\/produktas\/sventojo-pranciskaus-ziedeliai\/#primaryimage"},"image":{"@id":"https:\/\/skaitytaknyga.lt\/produktas\/sventojo-pranciskaus-ziedeliai\/#primaryimage"},"thumbnailUrl":"https:\/\/skaitytaknyga.lt\/wp-content\/uploads\/2025\/07\/Karalyste.jpg","datePublished":"2025-07-24T07:49:43+00:00","dateModified":"2025-07-25T06:50:57+00:00","description":"\u201e...skausmas susigadinus reikalus yra ma\u017eesnis, nei d\u017eiaugsmas \u012f pra\u017e\u016bt\u012f nusitempti kitus.\" Broliai Opgardai visuomet buvo artimi: autoavarijoje tragi\u0161kai","breadcrumb":{"@id":"https:\/\/skaitytaknyga.lt\/produktas\/sventojo-pranciskaus-ziedeliai\/#breadcrumb"},"inLanguage":"en-GB","potentialAction":[{"@type":"ReadAction","target":["https:\/\/skaitytaknyga.lt\/produktas\/sventojo-pranciskaus-ziedeliai\/"]}]},{"@type":"ImageObject","inLanguage":"en-GB","@id":"https:\/\/skaitytaknyga.lt\/produktas\/sventojo-pranciskaus-ziedeliai\/#primaryimage","url":"https:\/\/skaitytaknyga.lt\/wp-content\/uploads\/2025\/07\/Karalyste.jpg","contentUrl":"https:\/\/skaitytaknyga.lt\/wp-content\/uploads\/2025\/07\/Karalyste.jpg","width":450,"height":652,"caption":"Karalyst\u0117"},{"@type":"BreadcrumbList","@id":"https:\/\/skaitytaknyga.lt\/produktas\/sventojo-pranciskaus-ziedeliai\/#breadcrumb","itemListElement":[{"@type":"ListItem","position":1,"name":"Home","item":"https:\/\/skaitytaknyga.lt\/"},{"@type":"ListItem","position":2,"name":"Parduotuv\u0117","item":"https:\/\/skaitytaknyga.lt\/knygu-parduotuve\/"},{"@type":"ListItem","position":3,"name":"Karalyst\u0117"}]},{"@type":"WebSite","@id":"https:\/\/skaitytaknyga.lt\/#website","url":"https:\/\/skaitytaknyga.lt\/","name":"skaitytaknyga.lt","description":"Skaitytaknyga.lt \u2013 tai ma\u017eas \u0161eimos verslas, kuris prasid\u0117jo nuo meil\u0117s knygoms ir siekio i\u0161gelb\u0117ti knygas nuo likimo prie konteinerio. Kas vienam nereikalingas daiktas \u2013 kitam lobis, o mes esame tarpininkai, kurie padeda abiems tapti laimingesniems ???? \u017dinome kaip nelengva i\u0161gyventi ma\u017eiems verslams, tad nuo \u0161iol, \u010dia rasite ir kit\u0173, ma\u017e\u0173 \u0161eim\u0173 versl\u0173, rank\u0173 darbo, dovan\u0173 sau ir artimiesiems.","publisher":{"@id":"https:\/\/skaitytaknyga.lt\/#organization"},"potentialAction":[{"@type":"SearchAction","target":{"@type":"EntryPoint","urlTemplate":"https:\/\/skaitytaknyga.lt\/?s={search_term_string}"},"query-input":{"@type":"PropertyValueSpecification","valueRequired":true,"valueName":"search_term_string"}}],"inLanguage":"en-GB"},{"@type":"Organization","@id":"https:\/\/skaitytaknyga.lt\/#organization","name":"skaitytaknyga.lt","url":"https:\/\/skaitytaknyga.lt\/","logo":{"@type":"ImageObject","inLanguage":"en-GB","@id":"https:\/\/skaitytaknyga.lt\/#\/schema\/logo\/image\/","url":"https:\/\/skaitytaknyga.lt\/wp-content\/uploads\/2024\/05\/cropped-cropped-cropped-02_00843_jt3bggkj1j3HLc7SyY6rEUpg.jpeg","contentUrl":"https:\/\/skaitytaknyga.lt\/wp-content\/uploads\/2024\/05\/cropped-cropped-cropped-02_00843_jt3bggkj1j3HLc7SyY6rEUpg.jpeg","width":1600,"height":1600,"caption":"skaitytaknyga.lt"},"image":{"@id":"https:\/\/skaitytaknyga.lt\/#\/schema\/logo\/image\/"},"sameAs":["https:\/\/www.facebook.com\/skaitytaknyga\/"]}]}},"_links":{"self":[{"href":"https:\/\/skaitytaknyga.lt\/en\/wp-json\/wp\/v2\/product\/19870","targetHints":{"allow":["GET"]}}],"collection":[{"href":"https:\/\/skaitytaknyga.lt\/en\/wp-json\/wp\/v2\/product"}],"about":[{"href":"https:\/\/skaitytaknyga.lt\/en\/wp-json\/wp\/v2\/types\/product"}],"replies":[{"embeddable":true,"href":"https:\/\/skaitytaknyga.lt\/en\/wp-json\/wp\/v2\/comments?post=19870"}],"wp:featuredmedia":[{"embeddable":true,"href":"https:\/\/skaitytaknyga.lt\/en\/wp-json\/wp\/v2\/media\/19910"}],"wp:attachment":[{"href":"https:\/\/skaitytaknyga.lt\/en\/wp-json\/wp\/v2\/media?parent=19870"}],"wp:term":[{"taxonomy":"product_brand","embeddable":true,"href":"https:\/\/skaitytaknyga.lt\/en\/wp-json\/wp\/v2\/product_brand?post=19870"},{"taxonomy":"product_cat","embeddable":true,"href":"https:\/\/skaitytaknyga.lt\/en\/wp-json\/wp\/v2\/product_cat?post=19870"},{"taxonomy":"product_tag","embeddable":true,"href":"https:\/\/skaitytaknyga.lt\/en\/wp-json\/wp\/v2\/product_tag?post=19870"}],"curies":[{"name":"wp","href":"https:\/\/api.w.org\/{rel}","templated":true}]}}