{"id":19868,"date":"2025-07-24T10:49:43","date_gmt":"2025-07-24T07:49:43","guid":{"rendered":"https:\/\/skaitytaknyga.lt\/?post_type=product&#038;p=19868"},"modified":"2025-07-25T09:18:49","modified_gmt":"2025-07-25T06:18:49","slug":"sese","status":"publish","type":"product","link":"https:\/\/skaitytaknyga.lt\/en\/produktas\/sese\/","title":{"rendered":"Ses\u0117"},"content":{"rendered":"<p>Romanas \u201eSes\u0117\u201c &#8211; did\u017eiausias 1996 m. \u012fvykis lenk\u0173 literat\u016broje. Knygos tira\u017eas i\u0161nyko per savait\u0119. Apie j\u0105 diskutuojama iki \u0161iol.<\/p>\n<p>Jei neturite pakankamai dr\u0105sos &#8211; n\u0117 neatsiverskite \u0161ios knygos. Tai tikra Pandoros skrynia. Autor\u0117 drasti\u0161kai sujungia seniausi\u0173 mit\u0173, Biblijos ir psichoanaliz\u0117s motyvus ir atkuria \u0161iuolaikinio \u017emogaus iniciacijos dram\u0105.<\/p>\n<p>U\u017evert\u0119 paskutin\u012f puslap\u012f suprasite, kad buvote atsid\u016br\u0119 netoli mirties paslap\u010di\u0173. Tai metafizinis trileris apie baim\u0119, apie tai, kaip ji u\u017evaldo ir sunaikina \u017emog\u0173. \u201eSes\u0117\u201c veda pakra\u0161\u010diu bedugn\u0117s, kurios negali u\u017epildyti nei antropologija, nei metafizika. \u010cia gali pad\u0117ti tik naujas mitas. Malgorzata Saramonowicz j\u012f kuria mums pateikdama \u0161\u012f t\u0105 daugiau nei sukre\u010diantis pasakojimas. \u201eSes\u0117\u201c &#8211; tai nauja teologija, nauja erezija.<\/p>\n","protected":false},"excerpt":{"rendered":"<p>Romanas \u201eSes\u0117\u201c &#8211; did\u017eiausias 1996 m. \u012fvykis lenk\u0173 literat\u016broje. Knygos tira\u017eas i\u0161nyko per savait\u0119. Apie j\u0105 diskutuojama iki \u0161iol. Jei neturite pakankamai dr\u0105sos &#8211; n\u0117 neatsiverskite \u0161ios knygos. Tai tikra Pandoros skrynia. Autor\u0117 drasti\u0161kai sujungia seniausi\u0173 mit\u0173, Biblijos ir psichoanaliz\u0117s motyvus ir atkuria \u0161iuolaikinio \u017emogaus iniciacijos dram\u0105. U\u017evert\u0119 paskutin\u012f puslap\u012f suprasite, kad buvote atsid\u016br\u0119 netoli mirties paslap\u010di\u0173. Tai metafizinis trileris apie baim\u0119, apie tai, kaip ji u\u017evaldo ir sunaikina \u017emog\u0173. \u201eSes\u0117\u201c veda pakra\u0161\u010diu bedugn\u0117s, kurios negali u\u017epildyti nei antropologija, nei metafizika. \u010cia gali pad\u0117ti tik naujas mitas. Malgorzata Saramonowicz j\u012f kuria mums pateikdama \u0161\u012f t\u0105 daugiau nei sukre\u010diantis pasakojimas. \u201eSes\u0117\u201c &#8211; tai nauja teologija, nauja erezija.<\/p>\n","protected":false},"featured_media":19873,"comment_status":"open","ping_status":"closed","template":"","meta":{"_acf_changed":false,"site-sidebar-layout":"default","site-content-layout":"","ast-site-content-layout":"default","site-content-style":"default","site-sidebar-style":"default","ast-global-header-display":"","ast-banner-title-visibility":"","ast-main-header-display":"","ast-hfb-above-header-display":"","ast-hfb-below-header-display":"","ast-hfb-mobile-header-display":"","site-post-title":"","ast-breadcrumbs-content":"","ast-featured-img":"","footer-sml-layout":"","ast-disable-related-posts":"","theme-transparent-header-meta":"","adv-header-id-meta":"","stick-header-meta":"","header-above-stick-meta":"","header-main-stick-meta":"","header-below-stick-meta":"","astra-migrate-meta-layouts":"default","ast-page-background-enabled":"default","ast-page-background-meta":{"desktop":{"background-color":"","background-image":"","background-repeat":"repeat","background-position":"center center","background-size":"auto","background-attachment":"scroll","background-type":"","background-media":"","overlay-type":"","overlay-color":"","overlay-opacity":"","overlay-gradient":""},"tablet":{"background-color":"","background-image":"","background-repeat":"repeat","background-position":"center center","background-size":"auto","background-attachment":"scroll","background-type":"","background-media":"","overlay-type":"","overlay-color":"","overlay-opacity":"","overlay-gradient":""},"mobile":{"background-color":"","background-image":"","background-repeat":"repeat","background-position":"center center","background-size":"auto","background-attachment":"scroll","background-type":"","background-media":"","overlay-type":"","overlay-color":"","overlay-opacity":"","overlay-gradient":""}},"ast-content-background-meta":{"desktop":{"background-color":"var(--ast-global-color-4)","background-image":"","background-repeat":"repeat","background-position":"center center","background-size":"auto","background-attachment":"scroll","background-type":"","background-media":"","overlay-type":"","overlay-color":"","overlay-opacity":"","overlay-gradient":""},"tablet":{"background-color":"var(--ast-global-color-4)","background-image":"","background-repeat":"repeat","background-position":"center center","background-size":"auto","background-attachment":"scroll","background-type":"","background-media":"","overlay-type":"","overlay-color":"","overlay-opacity":"","overlay-gradient":""},"mobile":{"background-color":"var(--ast-global-color-4)","background-image":"","background-repeat":"repeat","background-position":"center center","background-size":"auto","background-attachment":"scroll","background-type":"","background-media":"","overlay-type":"","overlay-color":"","overlay-opacity":"","overlay-gradient":""}}},"product_brand":[],"product_cat":[31],"product_tag":[6822,2902,6821,2833,1115,3937,1587],"class_list":{"0":"post-19868","1":"product","2":"type-product","3":"status-publish","4":"has-post-thumbnail","6":"product_cat-grozine-literatura","7":"product_tag-iniciacija","8":"product_tag-lenku-literatura","9":"product_tag-malgorzata-saramonowicz","10":"product_tag-metafizika","11":"product_tag-mitologija","12":"product_tag-psichoanalize","13":"product_tag-trileris","14":"desktop-align-left","15":"tablet-align-left","16":"mobile-align-left","18":"first","19":"instock","20":"shipping-taxable","21":"purchasable","22":"product-type-simple"},"acf":[],"yoast_head":"<!-- This site is optimized with the Yoast SEO plugin v27.0 - https:\/\/yoast.com\/product\/yoast-seo-wordpress\/ -->\n<title>Ses\u0117<\/title>\n<meta name=\"description\" content=\"Romanas \u201eSes\u0117\u201c - did\u017eiausias 1996 m. \u012fvykis lenk\u0173 literat\u016broje. Knygos tira\u017eas i\u0161nyko per savait\u0119. Apie j\u0105 diskutuojama iki \u0161iol. Jei neturite pakankamai\" \/>\n<meta name=\"robots\" content=\"index, follow, max-snippet:-1, max-image-preview:large, max-video-preview:-1\" \/>\n<link rel=\"canonical\" href=\"https:\/\/skaitytaknyga.lt\/en\/produktas\/sese\/\" \/>\n<meta property=\"og:locale\" content=\"en_GB\" \/>\n<meta property=\"og:locale:alternate\" content=\"lt_LT\" \/>\n<meta property=\"og:type\" content=\"article\" \/>\n<meta property=\"og:title\" content=\"Ses\u0117\" \/>\n<meta property=\"og:description\" content=\"Romanas \u201eSes\u0117\u201c - did\u017eiausias 1996 m. \u012fvykis lenk\u0173 literat\u016broje. Knygos tira\u017eas i\u0161nyko per savait\u0119. Apie j\u0105 diskutuojama iki \u0161iol. Jei neturite pakankamai\" \/>\n<meta property=\"og:url\" content=\"https:\/\/skaitytaknyga.lt\/en\/produktas\/sese\/\" \/>\n<meta property=\"og:site_name\" content=\"Skaitytaknyga\" \/>\n<meta property=\"article:publisher\" content=\"https:\/\/www.facebook.com\/skaitytaknyga\/\" \/>\n<meta property=\"article:modified_time\" content=\"2025-07-25T06:18:49+00:00\" \/>\n<meta property=\"og:image\" content=\"https:\/\/skaitytaknyga.lt\/wp-content\/uploads\/2025\/07\/Sese-1.webp\" \/>\n\t<meta property=\"og:image:width\" content=\"486\" \/>\n\t<meta property=\"og:image:height\" content=\"800\" \/>\n\t<meta property=\"og:image:type\" content=\"image\/webp\" \/>\n<meta name=\"twitter:card\" content=\"summary_large_image\" \/>\n<meta name=\"twitter:label1\" content=\"Estimated reading time\" \/>\n\t<meta name=\"twitter:data1\" content=\"1 minute\" \/>\n<script type=\"application\/ld+json\" class=\"yoast-schema-graph\">{\"@context\":\"https:\/\/schema.org\",\"@graph\":[{\"@type\":\"WebPage\",\"@id\":\"https:\/\/skaitytaknyga.lt\/produktas\/sese\/\",\"url\":\"https:\/\/skaitytaknyga.lt\/produktas\/sese\/\",\"name\":\"Ses\u0117\",\"isPartOf\":{\"@id\":\"https:\/\/skaitytaknyga.lt\/#website\"},\"primaryImageOfPage\":{\"@id\":\"https:\/\/skaitytaknyga.lt\/produktas\/sese\/#primaryimage\"},\"image\":{\"@id\":\"https:\/\/skaitytaknyga.lt\/produktas\/sese\/#primaryimage\"},\"thumbnailUrl\":\"https:\/\/skaitytaknyga.lt\/wp-content\/uploads\/2025\/07\/Sese-1.webp\",\"datePublished\":\"2025-07-24T07:49:43+00:00\",\"dateModified\":\"2025-07-25T06:18:49+00:00\",\"description\":\"Romanas \u201eSes\u0117\u201c - did\u017eiausias 1996 m. \u012fvykis lenk\u0173 literat\u016broje. Knygos tira\u017eas i\u0161nyko per savait\u0119. Apie j\u0105 diskutuojama iki \u0161iol. Jei neturite pakankamai\",\"breadcrumb\":{\"@id\":\"https:\/\/skaitytaknyga.lt\/produktas\/sese\/#breadcrumb\"},\"inLanguage\":\"en-GB\",\"potentialAction\":[{\"@type\":\"ReadAction\",\"target\":[\"https:\/\/skaitytaknyga.lt\/produktas\/sese\/\"]}]},{\"@type\":\"ImageObject\",\"inLanguage\":\"en-GB\",\"@id\":\"https:\/\/skaitytaknyga.lt\/produktas\/sese\/#primaryimage\",\"url\":\"https:\/\/skaitytaknyga.lt\/wp-content\/uploads\/2025\/07\/Sese-1.webp\",\"contentUrl\":\"https:\/\/skaitytaknyga.lt\/wp-content\/uploads\/2025\/07\/Sese-1.webp\",\"width\":486,\"height\":800,\"caption\":\"Ses\u0117\"},{\"@type\":\"BreadcrumbList\",\"@id\":\"https:\/\/skaitytaknyga.lt\/produktas\/sese\/#breadcrumb\",\"itemListElement\":[{\"@type\":\"ListItem\",\"position\":1,\"name\":\"Home\",\"item\":\"https:\/\/skaitytaknyga.lt\/\"},{\"@type\":\"ListItem\",\"position\":2,\"name\":\"Parduotuv\u0117\",\"item\":\"https:\/\/skaitytaknyga.lt\/knygu-parduotuve\/\"},{\"@type\":\"ListItem\",\"position\":3,\"name\":\"Ses\u0117\"}]},{\"@type\":\"WebSite\",\"@id\":\"https:\/\/skaitytaknyga.lt\/#website\",\"url\":\"https:\/\/skaitytaknyga.lt\/\",\"name\":\"skaitytaknyga.lt\",\"description\":\"Skaitytaknyga.lt \u2013 tai ma\u017eas \u0161eimos verslas, kuris prasid\u0117jo nuo meil\u0117s knygoms ir siekio i\u0161gelb\u0117ti knygas nuo likimo prie konteinerio. Kas vienam nereikalingas daiktas \u2013 kitam lobis, o mes esame tarpininkai, kurie padeda abiems tapti laimingesniems ???? \u017dinome kaip nelengva i\u0161gyventi ma\u017eiems verslams, tad nuo \u0161iol, \u010dia rasite ir kit\u0173, ma\u017e\u0173 \u0161eim\u0173 versl\u0173, rank\u0173 darbo, dovan\u0173 sau ir artimiesiems.\",\"publisher\":{\"@id\":\"https:\/\/skaitytaknyga.lt\/#organization\"},\"potentialAction\":[{\"@type\":\"SearchAction\",\"target\":{\"@type\":\"EntryPoint\",\"urlTemplate\":\"https:\/\/skaitytaknyga.lt\/?s={search_term_string}\"},\"query-input\":{\"@type\":\"PropertyValueSpecification\",\"valueRequired\":true,\"valueName\":\"search_term_string\"}}],\"inLanguage\":\"en-GB\"},{\"@type\":\"Organization\",\"@id\":\"https:\/\/skaitytaknyga.lt\/#organization\",\"name\":\"skaitytaknyga.lt\",\"url\":\"https:\/\/skaitytaknyga.lt\/\",\"logo\":{\"@type\":\"ImageObject\",\"inLanguage\":\"en-GB\",\"@id\":\"https:\/\/skaitytaknyga.lt\/#\/schema\/logo\/image\/\",\"url\":\"https:\/\/skaitytaknyga.lt\/wp-content\/uploads\/2024\/05\/cropped-cropped-cropped-02_00843_jt3bggkj1j3HLc7SyY6rEUpg.jpeg\",\"contentUrl\":\"https:\/\/skaitytaknyga.lt\/wp-content\/uploads\/2024\/05\/cropped-cropped-cropped-02_00843_jt3bggkj1j3HLc7SyY6rEUpg.jpeg\",\"width\":1600,\"height\":1600,\"caption\":\"skaitytaknyga.lt\"},\"image\":{\"@id\":\"https:\/\/skaitytaknyga.lt\/#\/schema\/logo\/image\/\"},\"sameAs\":[\"https:\/\/www.facebook.com\/skaitytaknyga\/\"]}]}<\/script>\n<!-- \/ Yoast SEO plugin. -->","yoast_head_json":{"title":"Ses\u0117","description":"Romanas \u201eSes\u0117\u201c - did\u017eiausias 1996 m. \u012fvykis lenk\u0173 literat\u016broje. Knygos tira\u017eas i\u0161nyko per savait\u0119. Apie j\u0105 diskutuojama iki \u0161iol. Jei neturite pakankamai","robots":{"index":"index","follow":"follow","max-snippet":"max-snippet:-1","max-image-preview":"max-image-preview:large","max-video-preview":"max-video-preview:-1"},"canonical":"https:\/\/skaitytaknyga.lt\/en\/produktas\/sese\/","og_locale":"en_GB","og_type":"article","og_title":"[:lt]Ses\u0117[:] - Skaitytaknyga","og_description":"Romanas \u201eSes\u0117\u201c - did\u017eiausias 1996 m. \u012fvykis lenk\u0173 literat\u016broje. Knygos tira\u017eas i\u0161nyko per savait\u0119. Apie j\u0105 diskutuojama iki \u0161iol. Jei neturite pakankamai","og_url":"https:\/\/skaitytaknyga.lt\/en\/produktas\/sese\/","og_site_name":"Skaitytaknyga","article_publisher":"https:\/\/www.facebook.com\/skaitytaknyga\/","article_modified_time":"2025-07-25T06:18:49+00:00","og_image":[{"width":486,"height":800,"url":"https:\/\/skaitytaknyga.lt\/wp-content\/uploads\/2025\/07\/Sese-1.webp","type":"image\/webp"}],"twitter_card":"summary_large_image","twitter_misc":{"Estimated reading time":"1 minute"},"schema":{"@context":"https:\/\/schema.org","@graph":[{"@type":"WebPage","@id":"https:\/\/skaitytaknyga.lt\/produktas\/sese\/","url":"https:\/\/skaitytaknyga.lt\/produktas\/sese\/","name":"Ses\u0117","isPartOf":{"@id":"https:\/\/skaitytaknyga.lt\/#website"},"primaryImageOfPage":{"@id":"https:\/\/skaitytaknyga.lt\/produktas\/sese\/#primaryimage"},"image":{"@id":"https:\/\/skaitytaknyga.lt\/produktas\/sese\/#primaryimage"},"thumbnailUrl":"https:\/\/skaitytaknyga.lt\/wp-content\/uploads\/2025\/07\/Sese-1.webp","datePublished":"2025-07-24T07:49:43+00:00","dateModified":"2025-07-25T06:18:49+00:00","description":"Romanas \u201eSes\u0117\u201c - did\u017eiausias 1996 m. \u012fvykis lenk\u0173 literat\u016broje. Knygos tira\u017eas i\u0161nyko per savait\u0119. Apie j\u0105 diskutuojama iki \u0161iol. Jei neturite pakankamai","breadcrumb":{"@id":"https:\/\/skaitytaknyga.lt\/produktas\/sese\/#breadcrumb"},"inLanguage":"en-GB","potentialAction":[{"@type":"ReadAction","target":["https:\/\/skaitytaknyga.lt\/produktas\/sese\/"]}]},{"@type":"ImageObject","inLanguage":"en-GB","@id":"https:\/\/skaitytaknyga.lt\/produktas\/sese\/#primaryimage","url":"https:\/\/skaitytaknyga.lt\/wp-content\/uploads\/2025\/07\/Sese-1.webp","contentUrl":"https:\/\/skaitytaknyga.lt\/wp-content\/uploads\/2025\/07\/Sese-1.webp","width":486,"height":800,"caption":"Ses\u0117"},{"@type":"BreadcrumbList","@id":"https:\/\/skaitytaknyga.lt\/produktas\/sese\/#breadcrumb","itemListElement":[{"@type":"ListItem","position":1,"name":"Home","item":"https:\/\/skaitytaknyga.lt\/"},{"@type":"ListItem","position":2,"name":"Parduotuv\u0117","item":"https:\/\/skaitytaknyga.lt\/knygu-parduotuve\/"},{"@type":"ListItem","position":3,"name":"Ses\u0117"}]},{"@type":"WebSite","@id":"https:\/\/skaitytaknyga.lt\/#website","url":"https:\/\/skaitytaknyga.lt\/","name":"skaitytaknyga.lt","description":"Skaitytaknyga.lt \u2013 tai ma\u017eas \u0161eimos verslas, kuris prasid\u0117jo nuo meil\u0117s knygoms ir siekio i\u0161gelb\u0117ti knygas nuo likimo prie konteinerio. Kas vienam nereikalingas daiktas \u2013 kitam lobis, o mes esame tarpininkai, kurie padeda abiems tapti laimingesniems ???? \u017dinome kaip nelengva i\u0161gyventi ma\u017eiems verslams, tad nuo \u0161iol, \u010dia rasite ir kit\u0173, ma\u017e\u0173 \u0161eim\u0173 versl\u0173, rank\u0173 darbo, dovan\u0173 sau ir artimiesiems.","publisher":{"@id":"https:\/\/skaitytaknyga.lt\/#organization"},"potentialAction":[{"@type":"SearchAction","target":{"@type":"EntryPoint","urlTemplate":"https:\/\/skaitytaknyga.lt\/?s={search_term_string}"},"query-input":{"@type":"PropertyValueSpecification","valueRequired":true,"valueName":"search_term_string"}}],"inLanguage":"en-GB"},{"@type":"Organization","@id":"https:\/\/skaitytaknyga.lt\/#organization","name":"skaitytaknyga.lt","url":"https:\/\/skaitytaknyga.lt\/","logo":{"@type":"ImageObject","inLanguage":"en-GB","@id":"https:\/\/skaitytaknyga.lt\/#\/schema\/logo\/image\/","url":"https:\/\/skaitytaknyga.lt\/wp-content\/uploads\/2024\/05\/cropped-cropped-cropped-02_00843_jt3bggkj1j3HLc7SyY6rEUpg.jpeg","contentUrl":"https:\/\/skaitytaknyga.lt\/wp-content\/uploads\/2024\/05\/cropped-cropped-cropped-02_00843_jt3bggkj1j3HLc7SyY6rEUpg.jpeg","width":1600,"height":1600,"caption":"skaitytaknyga.lt"},"image":{"@id":"https:\/\/skaitytaknyga.lt\/#\/schema\/logo\/image\/"},"sameAs":["https:\/\/www.facebook.com\/skaitytaknyga\/"]}]}},"_links":{"self":[{"href":"https:\/\/skaitytaknyga.lt\/en\/wp-json\/wp\/v2\/product\/19868","targetHints":{"allow":["GET"]}}],"collection":[{"href":"https:\/\/skaitytaknyga.lt\/en\/wp-json\/wp\/v2\/product"}],"about":[{"href":"https:\/\/skaitytaknyga.lt\/en\/wp-json\/wp\/v2\/types\/product"}],"replies":[{"embeddable":true,"href":"https:\/\/skaitytaknyga.lt\/en\/wp-json\/wp\/v2\/comments?post=19868"}],"wp:featuredmedia":[{"embeddable":true,"href":"https:\/\/skaitytaknyga.lt\/en\/wp-json\/wp\/v2\/media\/19873"}],"wp:attachment":[{"href":"https:\/\/skaitytaknyga.lt\/en\/wp-json\/wp\/v2\/media?parent=19868"}],"wp:term":[{"taxonomy":"product_brand","embeddable":true,"href":"https:\/\/skaitytaknyga.lt\/en\/wp-json\/wp\/v2\/product_brand?post=19868"},{"taxonomy":"product_cat","embeddable":true,"href":"https:\/\/skaitytaknyga.lt\/en\/wp-json\/wp\/v2\/product_cat?post=19868"},{"taxonomy":"product_tag","embeddable":true,"href":"https:\/\/skaitytaknyga.lt\/en\/wp-json\/wp\/v2\/product_tag?post=19868"}],"curies":[{"name":"wp","href":"https:\/\/api.w.org\/{rel}","templated":true}]}}