{"id":19862,"date":"2025-07-24T10:38:44","date_gmt":"2025-07-24T07:38:44","guid":{"rendered":"https:\/\/skaitytaknyga.lt\/?post_type=product&#038;p=19862"},"modified":"2025-07-25T09:18:49","modified_gmt":"2025-07-25T06:18:49","slug":"dzimas-saga-ir-paseles-tryliktukas","status":"publish","type":"product","link":"https:\/\/skaitytaknyga.lt\/en\/produktas\/dzimas-saga-ir-paseles-tryliktukas\/","title":{"rendered":"D\u017eimas Saga ir pa\u0161\u0117l\u0119s tryliktukas (su defektu)"},"content":{"rendered":"<p>Tai antroji garsaus vokie\u010di\u0173 ra\u0161ytojo Michaelio End\u0117s (Michael Ende) apysaka, kuri t\u0119sia nuotyki\u0173 istorij\u0105, prasid\u0117jusi\u0105 knygel\u0117je \u201eD\u017eimas Saga ir ma\u0161inistas Lukas&#8221;.<\/p>\n<p>Keliaudami ma\u0161inistas Lukas, D\u017eimas Saga ir storoji Ema patiria vis naujus nuotykius, kurie tik sustiprina j\u0173 draugyst\u0119. Jie i\u0161randa am\u017ein\u0105j\u012f varikl\u012f, stoja \u012f kov\u0105 su pl\u0117\u0161ikais, o D\u017eimas Saga pagaliau su\u017eino savo kilm\u0117s paslapt\u012f.<\/p>\n","protected":false},"excerpt":{"rendered":"<p>Tai antroji garsaus vokie\u010di\u0173 ra\u0161ytojo Michaelio End\u0117s (Michael Ende) apysaka, kuri t\u0119sia nuotyki\u0173 istorij\u0105, prasid\u0117jusi\u0105 knygel\u0117je \u201eD\u017eimas Saga ir ma\u0161inistas Lukas&#8221;. Keliaudami ma\u0161inistas Lukas, D\u017eimas Saga ir storoji Ema patiria vis naujus nuotykius, kurie tik sustiprina j\u0173 draugyst\u0119. Jie i\u0161randa am\u017ein\u0105j\u012f varikl\u012f, stoja \u012f kov\u0105 su pl\u0117\u0161ikais, o D\u017eimas Saga pagaliau su\u017eino savo kilm\u0117s paslapt\u012f.<\/p>\n","protected":false},"featured_media":19867,"comment_status":"open","ping_status":"closed","template":"","meta":{"_acf_changed":false,"site-sidebar-layout":"default","site-content-layout":"","ast-site-content-layout":"default","site-content-style":"default","site-sidebar-style":"default","ast-global-header-display":"","ast-banner-title-visibility":"","ast-main-header-display":"","ast-hfb-above-header-display":"","ast-hfb-below-header-display":"","ast-hfb-mobile-header-display":"","site-post-title":"","ast-breadcrumbs-content":"","ast-featured-img":"","footer-sml-layout":"","ast-disable-related-posts":"","theme-transparent-header-meta":"","adv-header-id-meta":"","stick-header-meta":"","header-above-stick-meta":"","header-main-stick-meta":"","header-below-stick-meta":"","astra-migrate-meta-layouts":"default","ast-page-background-enabled":"default","ast-page-background-meta":{"desktop":{"background-color":"","background-image":"","background-repeat":"repeat","background-position":"center center","background-size":"auto","background-attachment":"scroll","background-type":"","background-media":"","overlay-type":"","overlay-color":"","overlay-opacity":"","overlay-gradient":""},"tablet":{"background-color":"","background-image":"","background-repeat":"repeat","background-position":"center center","background-size":"auto","background-attachment":"scroll","background-type":"","background-media":"","overlay-type":"","overlay-color":"","overlay-opacity":"","overlay-gradient":""},"mobile":{"background-color":"","background-image":"","background-repeat":"repeat","background-position":"center center","background-size":"auto","background-attachment":"scroll","background-type":"","background-media":"","overlay-type":"","overlay-color":"","overlay-opacity":"","overlay-gradient":""}},"ast-content-background-meta":{"desktop":{"background-color":"var(--ast-global-color-4)","background-image":"","background-repeat":"repeat","background-position":"center center","background-size":"auto","background-attachment":"scroll","background-type":"","background-media":"","overlay-type":"","overlay-color":"","overlay-opacity":"","overlay-gradient":""},"tablet":{"background-color":"var(--ast-global-color-4)","background-image":"","background-repeat":"repeat","background-position":"center center","background-size":"auto","background-attachment":"scroll","background-type":"","background-media":"","overlay-type":"","overlay-color":"","overlay-opacity":"","overlay-gradient":""},"mobile":{"background-color":"var(--ast-global-color-4)","background-image":"","background-repeat":"repeat","background-position":"center center","background-size":"auto","background-attachment":"scroll","background-type":"","background-media":"","overlay-type":"","overlay-color":"","overlay-opacity":"","overlay-gradient":""}}},"product_brand":[],"product_cat":[15],"product_tag":[6818,1504,6820,6817,1451,1645,6819],"class_list":{"0":"post-19862","1":"product","2":"type-product","3":"status-publish","4":"has-post-thumbnail","6":"product_cat-uncategorized","7":"product_tag-dzimas-saga","8":"product_tag-fantastika","9":"product_tag-masinistas-lukas","10":"product_tag-michael-ende","11":"product_tag-nuotykiai","12":"product_tag-vaiku-literatura","13":"product_tag-vokieciu-rasytojas","14":"desktop-align-left","15":"tablet-align-left","16":"mobile-align-left","18":"first","19":"instock","20":"shipping-taxable","21":"purchasable","22":"product-type-simple"},"acf":[],"yoast_head":"<!-- This site is optimized with the Yoast SEO plugin v27.0 - https:\/\/yoast.com\/product\/yoast-seo-wordpress\/ -->\n<title>D\u017eimas Saga ir pa\u0161\u0117l\u0119s tryliktukas (su defektu)<\/title>\n<meta name=\"description\" content=\"Tai antroji garsaus vokie\u010di\u0173 ra\u0161ytojo Michaelio End\u0117s (Michael Ende) apysaka, kuri t\u0119sia nuotyki\u0173 istorij\u0105, prasid\u0117jusi\u0105 knygel\u0117je \u201eD\u017eimas Saga ir\" \/>\n<meta name=\"robots\" content=\"index, follow, max-snippet:-1, max-image-preview:large, max-video-preview:-1\" \/>\n<link rel=\"canonical\" href=\"https:\/\/skaitytaknyga.lt\/en\/produktas\/dzimas-saga-ir-paseles-tryliktukas\/\" \/>\n<meta property=\"og:locale\" content=\"en_GB\" \/>\n<meta property=\"og:locale:alternate\" content=\"lt_LT\" \/>\n<meta property=\"og:type\" content=\"article\" \/>\n<meta property=\"og:title\" content=\"D\u017eimas Saga ir pa\u0161\u0117l\u0119s tryliktukas (su defektu)\" \/>\n<meta property=\"og:description\" content=\"Tai antroji garsaus vokie\u010di\u0173 ra\u0161ytojo Michaelio End\u0117s (Michael Ende) apysaka, kuri t\u0119sia nuotyki\u0173 istorij\u0105, prasid\u0117jusi\u0105 knygel\u0117je \u201eD\u017eimas Saga ir\" \/>\n<meta property=\"og:url\" content=\"https:\/\/skaitytaknyga.lt\/en\/produktas\/dzimas-saga-ir-paseles-tryliktukas\/\" \/>\n<meta property=\"og:site_name\" content=\"Skaitytaknyga\" \/>\n<meta property=\"article:publisher\" content=\"https:\/\/www.facebook.com\/skaitytaknyga\/\" \/>\n<meta property=\"article:modified_time\" content=\"2025-07-25T06:18:49+00:00\" \/>\n<meta property=\"og:image\" content=\"https:\/\/skaitytaknyga.lt\/wp-content\/uploads\/2025\/07\/Dzimas-Saga-ir-paseles-tryliktukas-1.webp\" \/>\n\t<meta property=\"og:image:width\" content=\"513\" \/>\n\t<meta property=\"og:image:height\" content=\"801\" \/>\n\t<meta property=\"og:image:type\" content=\"image\/webp\" \/>\n<meta name=\"twitter:card\" content=\"summary_large_image\" \/>\n<script type=\"application\/ld+json\" class=\"yoast-schema-graph\">{\"@context\":\"https:\/\/schema.org\",\"@graph\":[{\"@type\":\"WebPage\",\"@id\":\"https:\/\/skaitytaknyga.lt\/produktas\/dzimas-saga-ir-paseles-tryliktukas\/\",\"url\":\"https:\/\/skaitytaknyga.lt\/produktas\/dzimas-saga-ir-paseles-tryliktukas\/\",\"name\":\"D\u017eimas Saga ir pa\u0161\u0117l\u0119s tryliktukas (su defektu)\",\"isPartOf\":{\"@id\":\"https:\/\/skaitytaknyga.lt\/#website\"},\"primaryImageOfPage\":{\"@id\":\"https:\/\/skaitytaknyga.lt\/produktas\/dzimas-saga-ir-paseles-tryliktukas\/#primaryimage\"},\"image\":{\"@id\":\"https:\/\/skaitytaknyga.lt\/produktas\/dzimas-saga-ir-paseles-tryliktukas\/#primaryimage\"},\"thumbnailUrl\":\"https:\/\/skaitytaknyga.lt\/wp-content\/uploads\/2025\/07\/Dzimas-Saga-ir-paseles-tryliktukas-1.webp\",\"datePublished\":\"2025-07-24T07:38:44+00:00\",\"dateModified\":\"2025-07-25T06:18:49+00:00\",\"description\":\"Tai antroji garsaus vokie\u010di\u0173 ra\u0161ytojo Michaelio End\u0117s (Michael Ende) apysaka, kuri t\u0119sia nuotyki\u0173 istorij\u0105, prasid\u0117jusi\u0105 knygel\u0117je \u201eD\u017eimas Saga ir\",\"breadcrumb\":{\"@id\":\"https:\/\/skaitytaknyga.lt\/produktas\/dzimas-saga-ir-paseles-tryliktukas\/#breadcrumb\"},\"inLanguage\":\"en-GB\",\"potentialAction\":[{\"@type\":\"ReadAction\",\"target\":[\"https:\/\/skaitytaknyga.lt\/produktas\/dzimas-saga-ir-paseles-tryliktukas\/\"]}]},{\"@type\":\"ImageObject\",\"inLanguage\":\"en-GB\",\"@id\":\"https:\/\/skaitytaknyga.lt\/produktas\/dzimas-saga-ir-paseles-tryliktukas\/#primaryimage\",\"url\":\"https:\/\/skaitytaknyga.lt\/wp-content\/uploads\/2025\/07\/Dzimas-Saga-ir-paseles-tryliktukas-1.webp\",\"contentUrl\":\"https:\/\/skaitytaknyga.lt\/wp-content\/uploads\/2025\/07\/Dzimas-Saga-ir-paseles-tryliktukas-1.webp\",\"width\":513,\"height\":801,\"caption\":\"D\u017eimas Saga ir pa\u0161\u0117l\u0119s tryliktukas\"},{\"@type\":\"BreadcrumbList\",\"@id\":\"https:\/\/skaitytaknyga.lt\/produktas\/dzimas-saga-ir-paseles-tryliktukas\/#breadcrumb\",\"itemListElement\":[{\"@type\":\"ListItem\",\"position\":1,\"name\":\"Home\",\"item\":\"https:\/\/skaitytaknyga.lt\/\"},{\"@type\":\"ListItem\",\"position\":2,\"name\":\"Parduotuv\u0117\",\"item\":\"https:\/\/skaitytaknyga.lt\/knygu-parduotuve\/\"},{\"@type\":\"ListItem\",\"position\":3,\"name\":\"D\u017eimas Saga ir pa\u0161\u0117l\u0119s tryliktukas (su defektu)\"}]},{\"@type\":\"WebSite\",\"@id\":\"https:\/\/skaitytaknyga.lt\/#website\",\"url\":\"https:\/\/skaitytaknyga.lt\/\",\"name\":\"skaitytaknyga.lt\",\"description\":\"Skaitytaknyga.lt \u2013 tai ma\u017eas \u0161eimos verslas, kuris prasid\u0117jo nuo meil\u0117s knygoms ir siekio i\u0161gelb\u0117ti knygas nuo likimo prie konteinerio. Kas vienam nereikalingas daiktas \u2013 kitam lobis, o mes esame tarpininkai, kurie padeda abiems tapti laimingesniems ???? \u017dinome kaip nelengva i\u0161gyventi ma\u017eiems verslams, tad nuo \u0161iol, \u010dia rasite ir kit\u0173, ma\u017e\u0173 \u0161eim\u0173 versl\u0173, rank\u0173 darbo, dovan\u0173 sau ir artimiesiems.\",\"publisher\":{\"@id\":\"https:\/\/skaitytaknyga.lt\/#organization\"},\"potentialAction\":[{\"@type\":\"SearchAction\",\"target\":{\"@type\":\"EntryPoint\",\"urlTemplate\":\"https:\/\/skaitytaknyga.lt\/?s={search_term_string}\"},\"query-input\":{\"@type\":\"PropertyValueSpecification\",\"valueRequired\":true,\"valueName\":\"search_term_string\"}}],\"inLanguage\":\"en-GB\"},{\"@type\":\"Organization\",\"@id\":\"https:\/\/skaitytaknyga.lt\/#organization\",\"name\":\"skaitytaknyga.lt\",\"url\":\"https:\/\/skaitytaknyga.lt\/\",\"logo\":{\"@type\":\"ImageObject\",\"inLanguage\":\"en-GB\",\"@id\":\"https:\/\/skaitytaknyga.lt\/#\/schema\/logo\/image\/\",\"url\":\"https:\/\/skaitytaknyga.lt\/wp-content\/uploads\/2024\/05\/cropped-cropped-cropped-02_00843_jt3bggkj1j3HLc7SyY6rEUpg.jpeg\",\"contentUrl\":\"https:\/\/skaitytaknyga.lt\/wp-content\/uploads\/2024\/05\/cropped-cropped-cropped-02_00843_jt3bggkj1j3HLc7SyY6rEUpg.jpeg\",\"width\":1600,\"height\":1600,\"caption\":\"skaitytaknyga.lt\"},\"image\":{\"@id\":\"https:\/\/skaitytaknyga.lt\/#\/schema\/logo\/image\/\"},\"sameAs\":[\"https:\/\/www.facebook.com\/skaitytaknyga\/\"]}]}<\/script>\n<!-- \/ Yoast SEO plugin. -->","yoast_head_json":{"title":"D\u017eimas Saga ir pa\u0161\u0117l\u0119s tryliktukas (su defektu)","description":"Tai antroji garsaus vokie\u010di\u0173 ra\u0161ytojo Michaelio End\u0117s (Michael Ende) apysaka, kuri t\u0119sia nuotyki\u0173 istorij\u0105, prasid\u0117jusi\u0105 knygel\u0117je \u201eD\u017eimas Saga ir","robots":{"index":"index","follow":"follow","max-snippet":"max-snippet:-1","max-image-preview":"max-image-preview:large","max-video-preview":"max-video-preview:-1"},"canonical":"https:\/\/skaitytaknyga.lt\/en\/produktas\/dzimas-saga-ir-paseles-tryliktukas\/","og_locale":"en_GB","og_type":"article","og_title":"[:lt]D\u017eimas Saga ir pa\u0161\u0117l\u0119s tryliktukas (su defektu)[:] - Skaitytaknyga","og_description":"Tai antroji garsaus vokie\u010di\u0173 ra\u0161ytojo Michaelio End\u0117s (Michael Ende) apysaka, kuri t\u0119sia nuotyki\u0173 istorij\u0105, prasid\u0117jusi\u0105 knygel\u0117je \u201eD\u017eimas Saga ir","og_url":"https:\/\/skaitytaknyga.lt\/en\/produktas\/dzimas-saga-ir-paseles-tryliktukas\/","og_site_name":"Skaitytaknyga","article_publisher":"https:\/\/www.facebook.com\/skaitytaknyga\/","article_modified_time":"2025-07-25T06:18:49+00:00","og_image":[{"width":513,"height":801,"url":"https:\/\/skaitytaknyga.lt\/wp-content\/uploads\/2025\/07\/Dzimas-Saga-ir-paseles-tryliktukas-1.webp","type":"image\/webp"}],"twitter_card":"summary_large_image","schema":{"@context":"https:\/\/schema.org","@graph":[{"@type":"WebPage","@id":"https:\/\/skaitytaknyga.lt\/produktas\/dzimas-saga-ir-paseles-tryliktukas\/","url":"https:\/\/skaitytaknyga.lt\/produktas\/dzimas-saga-ir-paseles-tryliktukas\/","name":"D\u017eimas Saga ir pa\u0161\u0117l\u0119s tryliktukas (su defektu)","isPartOf":{"@id":"https:\/\/skaitytaknyga.lt\/#website"},"primaryImageOfPage":{"@id":"https:\/\/skaitytaknyga.lt\/produktas\/dzimas-saga-ir-paseles-tryliktukas\/#primaryimage"},"image":{"@id":"https:\/\/skaitytaknyga.lt\/produktas\/dzimas-saga-ir-paseles-tryliktukas\/#primaryimage"},"thumbnailUrl":"https:\/\/skaitytaknyga.lt\/wp-content\/uploads\/2025\/07\/Dzimas-Saga-ir-paseles-tryliktukas-1.webp","datePublished":"2025-07-24T07:38:44+00:00","dateModified":"2025-07-25T06:18:49+00:00","description":"Tai antroji garsaus vokie\u010di\u0173 ra\u0161ytojo Michaelio End\u0117s (Michael Ende) apysaka, kuri t\u0119sia nuotyki\u0173 istorij\u0105, prasid\u0117jusi\u0105 knygel\u0117je \u201eD\u017eimas Saga ir","breadcrumb":{"@id":"https:\/\/skaitytaknyga.lt\/produktas\/dzimas-saga-ir-paseles-tryliktukas\/#breadcrumb"},"inLanguage":"en-GB","potentialAction":[{"@type":"ReadAction","target":["https:\/\/skaitytaknyga.lt\/produktas\/dzimas-saga-ir-paseles-tryliktukas\/"]}]},{"@type":"ImageObject","inLanguage":"en-GB","@id":"https:\/\/skaitytaknyga.lt\/produktas\/dzimas-saga-ir-paseles-tryliktukas\/#primaryimage","url":"https:\/\/skaitytaknyga.lt\/wp-content\/uploads\/2025\/07\/Dzimas-Saga-ir-paseles-tryliktukas-1.webp","contentUrl":"https:\/\/skaitytaknyga.lt\/wp-content\/uploads\/2025\/07\/Dzimas-Saga-ir-paseles-tryliktukas-1.webp","width":513,"height":801,"caption":"D\u017eimas Saga ir pa\u0161\u0117l\u0119s tryliktukas"},{"@type":"BreadcrumbList","@id":"https:\/\/skaitytaknyga.lt\/produktas\/dzimas-saga-ir-paseles-tryliktukas\/#breadcrumb","itemListElement":[{"@type":"ListItem","position":1,"name":"Home","item":"https:\/\/skaitytaknyga.lt\/"},{"@type":"ListItem","position":2,"name":"Parduotuv\u0117","item":"https:\/\/skaitytaknyga.lt\/knygu-parduotuve\/"},{"@type":"ListItem","position":3,"name":"D\u017eimas Saga ir pa\u0161\u0117l\u0119s tryliktukas (su defektu)"}]},{"@type":"WebSite","@id":"https:\/\/skaitytaknyga.lt\/#website","url":"https:\/\/skaitytaknyga.lt\/","name":"skaitytaknyga.lt","description":"Skaitytaknyga.lt \u2013 tai ma\u017eas \u0161eimos verslas, kuris prasid\u0117jo nuo meil\u0117s knygoms ir siekio i\u0161gelb\u0117ti knygas nuo likimo prie konteinerio. Kas vienam nereikalingas daiktas \u2013 kitam lobis, o mes esame tarpininkai, kurie padeda abiems tapti laimingesniems ???? \u017dinome kaip nelengva i\u0161gyventi ma\u017eiems verslams, tad nuo \u0161iol, \u010dia rasite ir kit\u0173, ma\u017e\u0173 \u0161eim\u0173 versl\u0173, rank\u0173 darbo, dovan\u0173 sau ir artimiesiems.","publisher":{"@id":"https:\/\/skaitytaknyga.lt\/#organization"},"potentialAction":[{"@type":"SearchAction","target":{"@type":"EntryPoint","urlTemplate":"https:\/\/skaitytaknyga.lt\/?s={search_term_string}"},"query-input":{"@type":"PropertyValueSpecification","valueRequired":true,"valueName":"search_term_string"}}],"inLanguage":"en-GB"},{"@type":"Organization","@id":"https:\/\/skaitytaknyga.lt\/#organization","name":"skaitytaknyga.lt","url":"https:\/\/skaitytaknyga.lt\/","logo":{"@type":"ImageObject","inLanguage":"en-GB","@id":"https:\/\/skaitytaknyga.lt\/#\/schema\/logo\/image\/","url":"https:\/\/skaitytaknyga.lt\/wp-content\/uploads\/2024\/05\/cropped-cropped-cropped-02_00843_jt3bggkj1j3HLc7SyY6rEUpg.jpeg","contentUrl":"https:\/\/skaitytaknyga.lt\/wp-content\/uploads\/2024\/05\/cropped-cropped-cropped-02_00843_jt3bggkj1j3HLc7SyY6rEUpg.jpeg","width":1600,"height":1600,"caption":"skaitytaknyga.lt"},"image":{"@id":"https:\/\/skaitytaknyga.lt\/#\/schema\/logo\/image\/"},"sameAs":["https:\/\/www.facebook.com\/skaitytaknyga\/"]}]}},"_links":{"self":[{"href":"https:\/\/skaitytaknyga.lt\/en\/wp-json\/wp\/v2\/product\/19862","targetHints":{"allow":["GET"]}}],"collection":[{"href":"https:\/\/skaitytaknyga.lt\/en\/wp-json\/wp\/v2\/product"}],"about":[{"href":"https:\/\/skaitytaknyga.lt\/en\/wp-json\/wp\/v2\/types\/product"}],"replies":[{"embeddable":true,"href":"https:\/\/skaitytaknyga.lt\/en\/wp-json\/wp\/v2\/comments?post=19862"}],"wp:featuredmedia":[{"embeddable":true,"href":"https:\/\/skaitytaknyga.lt\/en\/wp-json\/wp\/v2\/media\/19867"}],"wp:attachment":[{"href":"https:\/\/skaitytaknyga.lt\/en\/wp-json\/wp\/v2\/media?parent=19862"}],"wp:term":[{"taxonomy":"product_brand","embeddable":true,"href":"https:\/\/skaitytaknyga.lt\/en\/wp-json\/wp\/v2\/product_brand?post=19862"},{"taxonomy":"product_cat","embeddable":true,"href":"https:\/\/skaitytaknyga.lt\/en\/wp-json\/wp\/v2\/product_cat?post=19862"},{"taxonomy":"product_tag","embeddable":true,"href":"https:\/\/skaitytaknyga.lt\/en\/wp-json\/wp\/v2\/product_tag?post=19862"}],"curies":[{"name":"wp","href":"https:\/\/api.w.org\/{rel}","templated":true}]}}