{"id":19861,"date":"2025-07-24T10:38:44","date_gmt":"2025-07-24T07:38:44","guid":{"rendered":"https:\/\/skaitytaknyga.lt\/?post_type=product&#038;p=19861"},"modified":"2025-07-25T09:04:01","modified_gmt":"2025-07-25T06:04:01","slug":"kodel-drambliai-nemoka-sokineti","status":"publish","type":"product","link":"https:\/\/skaitytaknyga.lt\/en\/produktas\/kodel-drambliai-nemoka-sokineti\/","title":{"rendered":"Kod\u0117l drambliai nemoka \u0161okin\u0117ti?"},"content":{"rendered":"<p>Vis\u0173 laik\u0173 populiariausio New Scientist \u017eurnalo rubrika \u201eAutoritetinga nuomon\u0117\u201c \u2013 tai skaitytoj\u0173 nesibaigian\u010di\u0173 klausim\u0173 ir atsakym\u0173 rinktin\u0117 visiems tiems, kurie m\u0117gaujasi \u0161iuo mokslinio smalsumo, nuovokos ir i\u0161minties kokteiliu, \u0161is tomas bus tikrai smagus. Juolab, kad daugyb\u0117 paprast\u0173 klausim\u0173 provokuoja sud\u0117tingus atsakymus, o tie, kurie atrodo sud\u0117tingi i\u0161 pirmo \u017evilgsnio, paai\u0161kinami labai paprastai.<\/p>\n<p>Kod\u0117l u\u017e\u0161al\u0119s pienas pageltonuoja?<br \/>\nK\u0105 daryti su mirusiojo palaikais kosmose?<br \/>\nAr gyv\u016bnai serga trumparegyste?<br \/>\nKuo naudingi grybai?<br \/>\nKod\u0117l \u017emon\u0117s taria &#8220;e&#8230;&#8221; arba &#8220;hm&#8230;&#8221;, kai ne\u017eino, k\u0105 atsakyti?<br \/>\nKam vyrams speneliai, jeigu jie nemaitina kr\u016btimi?<br \/>\nKod\u0117l mes retai i\u0161krintame i\u0161 lovos, nors joje apsiver\u010diame daug kart\u0173?<\/p>\n<p>\u012e rinkin\u012f &#8220;Kod\u0117l drambliai nemoka \u0161okin\u0117ti?&#8221; \u012ftraukti naujausi, niekada anks\u010diau knygoje nespausdinti populiariausi klausimai ir atsakymai. \u0160ioje gausioje rinktin\u0117je surinkti i\u0161mintingi, keisti ir juokingi Autoritetingos nuomon\u0117s perlai, kurie neabejotinai suteiks jums naudingos informacijos, nustebins ir prad\u017eiugins.<\/p>\n","protected":false},"excerpt":{"rendered":"<p>Vis\u0173 laik\u0173 populiariausio New Scientist \u017eurnalo rubrika \u201eAutoritetinga nuomon\u0117\u201c \u2013 tai skaitytoj\u0173 nesibaigian\u010di\u0173 klausim\u0173 ir atsakym\u0173 rinktin\u0117 visiems tiems, kurie m\u0117gaujasi \u0161iuo mokslinio smalsumo, nuovokos ir i\u0161minties kokteiliu, \u0161is tomas bus tikrai smagus. Juolab, kad daugyb\u0117 paprast\u0173 klausim\u0173 provokuoja sud\u0117tingus atsakymus, o tie, kurie atrodo sud\u0117tingi i\u0161 pirmo \u017evilgsnio, paai\u0161kinami labai paprastai. Kod\u0117l u\u017e\u0161al\u0119s pienas pageltonuoja? K\u0105 daryti su mirusiojo palaikais kosmose? Ar gyv\u016bnai serga trumparegyste? Kuo naudingi grybai? Kod\u0117l \u017emon\u0117s taria &#8220;e&#8230;&#8221; arba &#8220;hm&#8230;&#8221;, kai ne\u017eino, k\u0105 atsakyti? Kam vyrams speneliai, jeigu jie nemaitina kr\u016btimi? Kod\u0117l mes retai i\u0161krintame i\u0161 lovos, nors joje apsiver\u010diame daug kart\u0173? \u012e rinkin\u012f &#8220;Kod\u0117l drambliai nemoka \u0161okin\u0117ti?&#8221; \u012ftraukti naujausi, niekada anks\u010diau knygoje nespausdinti populiariausi klausimai ir atsakymai. \u0160ioje gausioje rinktin\u0117je surinkti i\u0161mintingi, keisti ir juokingi Autoritetingos nuomon\u0117s perlai, kurie neabejotinai suteiks jums naudingos informacijos, nustebins ir prad\u017eiugins.<\/p>\n","protected":false},"featured_media":19866,"comment_status":"open","ping_status":"closed","template":"","meta":{"_acf_changed":false,"site-sidebar-layout":"default","site-content-layout":"","ast-site-content-layout":"default","site-content-style":"default","site-sidebar-style":"default","ast-global-header-display":"","ast-banner-title-visibility":"","ast-main-header-display":"","ast-hfb-above-header-display":"","ast-hfb-below-header-display":"","ast-hfb-mobile-header-display":"","site-post-title":"","ast-breadcrumbs-content":"","ast-featured-img":"","footer-sml-layout":"","ast-disable-related-posts":"","theme-transparent-header-meta":"","adv-header-id-meta":"","stick-header-meta":"","header-above-stick-meta":"","header-main-stick-meta":"","header-below-stick-meta":"","astra-migrate-meta-layouts":"default","ast-page-background-enabled":"default","ast-page-background-meta":{"desktop":{"background-color":"","background-image":"","background-repeat":"repeat","background-position":"center center","background-size":"auto","background-attachment":"scroll","background-type":"","background-media":"","overlay-type":"","overlay-color":"","overlay-opacity":"","overlay-gradient":""},"tablet":{"background-color":"","background-image":"","background-repeat":"repeat","background-position":"center center","background-size":"auto","background-attachment":"scroll","background-type":"","background-media":"","overlay-type":"","overlay-color":"","overlay-opacity":"","overlay-gradient":""},"mobile":{"background-color":"","background-image":"","background-repeat":"repeat","background-position":"center center","background-size":"auto","background-attachment":"scroll","background-type":"","background-media":"","overlay-type":"","overlay-color":"","overlay-opacity":"","overlay-gradient":""}},"ast-content-background-meta":{"desktop":{"background-color":"var(--ast-global-color-4)","background-image":"","background-repeat":"repeat","background-position":"center center","background-size":"auto","background-attachment":"scroll","background-type":"","background-media":"","overlay-type":"","overlay-color":"","overlay-opacity":"","overlay-gradient":""},"tablet":{"background-color":"var(--ast-global-color-4)","background-image":"","background-repeat":"repeat","background-position":"center center","background-size":"auto","background-attachment":"scroll","background-type":"","background-media":"","overlay-type":"","overlay-color":"","overlay-opacity":"","overlay-gradient":""},"mobile":{"background-color":"var(--ast-global-color-4)","background-image":"","background-repeat":"repeat","background-position":"center center","background-size":"auto","background-attachment":"scroll","background-type":"","background-media":"","overlay-type":"","overlay-color":"","overlay-opacity":"","overlay-gradient":""}}},"product_brand":[],"product_cat":[15],"product_tag":[2054,6816,5307,6813,1524,6815,6814],"class_list":{"0":"post-19861","1":"product","2":"type-product","3":"status-publish","4":"has-post-thumbnail","6":"product_cat-uncategorized","7":"product_tag-gyvunai","8":"product_tag-idomybes","9":"product_tag-klausimai-ir-atsakymai","10":"product_tag-mick-ohare","11":"product_tag-mokslas","12":"product_tag-new-scientist","13":"product_tag-populiarusis-mokslas","14":"desktop-align-left","15":"tablet-align-left","16":"mobile-align-left","18":"first","19":"instock","20":"shipping-taxable","21":"purchasable","22":"product-type-simple"},"acf":[],"yoast_head":"<!-- This site is optimized with the Yoast SEO plugin v27.0 - https:\/\/yoast.com\/product\/yoast-seo-wordpress\/ -->\n<title>Kod\u0117l drambliai nemoka \u0161okin\u0117ti?<\/title>\n<meta name=\"description\" content=\"Vis\u0173 laik\u0173 populiariausio New Scientist \u017eurnalo rubrika \u201eAutoritetinga nuomon\u0117\u201c \u2013 tai skaitytoj\u0173 nesibaigian\u010di\u0173 klausim\u0173 ir atsakym\u0173 rinktin\u0117 visiems\" \/>\n<meta name=\"robots\" content=\"index, follow, max-snippet:-1, max-image-preview:large, max-video-preview:-1\" \/>\n<link rel=\"canonical\" href=\"https:\/\/skaitytaknyga.lt\/en\/produktas\/kodel-drambliai-nemoka-sokineti\/\" \/>\n<meta property=\"og:locale\" content=\"en_GB\" \/>\n<meta property=\"og:locale:alternate\" content=\"lt_LT\" \/>\n<meta property=\"og:type\" content=\"article\" \/>\n<meta property=\"og:title\" content=\"Kod\u0117l drambliai nemoka \u0161okin\u0117ti?\" \/>\n<meta property=\"og:description\" content=\"Vis\u0173 laik\u0173 populiariausio New Scientist \u017eurnalo rubrika \u201eAutoritetinga nuomon\u0117\u201c \u2013 tai skaitytoj\u0173 nesibaigian\u010di\u0173 klausim\u0173 ir atsakym\u0173 rinktin\u0117 visiems\" \/>\n<meta property=\"og:url\" content=\"https:\/\/skaitytaknyga.lt\/en\/produktas\/kodel-drambliai-nemoka-sokineti\/\" \/>\n<meta property=\"og:site_name\" content=\"Skaitytaknyga\" \/>\n<meta property=\"article:publisher\" content=\"https:\/\/www.facebook.com\/skaitytaknyga\/\" \/>\n<meta property=\"article:modified_time\" content=\"2025-07-25T06:04:01+00:00\" \/>\n<meta property=\"og:image\" content=\"https:\/\/skaitytaknyga.lt\/wp-content\/uploads\/2025\/07\/Kodel-drambliai-nemoka-sokineti-1.webp\" \/>\n\t<meta property=\"og:image:width\" content=\"515\" \/>\n\t<meta property=\"og:image:height\" content=\"801\" \/>\n\t<meta property=\"og:image:type\" content=\"image\/webp\" \/>\n<meta name=\"twitter:card\" content=\"summary_large_image\" \/>\n<meta name=\"twitter:label1\" content=\"Estimated reading time\" \/>\n\t<meta name=\"twitter:data1\" content=\"1 minute\" \/>\n<script type=\"application\/ld+json\" class=\"yoast-schema-graph\">{\"@context\":\"https:\/\/schema.org\",\"@graph\":[{\"@type\":\"WebPage\",\"@id\":\"https:\/\/skaitytaknyga.lt\/produktas\/kodel-drambliai-nemoka-sokineti\/\",\"url\":\"https:\/\/skaitytaknyga.lt\/produktas\/kodel-drambliai-nemoka-sokineti\/\",\"name\":\"Kod\u0117l drambliai nemoka \u0161okin\u0117ti?\",\"isPartOf\":{\"@id\":\"https:\/\/skaitytaknyga.lt\/#website\"},\"primaryImageOfPage\":{\"@id\":\"https:\/\/skaitytaknyga.lt\/produktas\/kodel-drambliai-nemoka-sokineti\/#primaryimage\"},\"image\":{\"@id\":\"https:\/\/skaitytaknyga.lt\/produktas\/kodel-drambliai-nemoka-sokineti\/#primaryimage\"},\"thumbnailUrl\":\"https:\/\/skaitytaknyga.lt\/wp-content\/uploads\/2025\/07\/Kodel-drambliai-nemoka-sokineti-1.webp\",\"datePublished\":\"2025-07-24T07:38:44+00:00\",\"dateModified\":\"2025-07-25T06:04:01+00:00\",\"description\":\"Vis\u0173 laik\u0173 populiariausio New Scientist \u017eurnalo rubrika \u201eAutoritetinga nuomon\u0117\u201c \u2013 tai skaitytoj\u0173 nesibaigian\u010di\u0173 klausim\u0173 ir atsakym\u0173 rinktin\u0117 visiems\",\"breadcrumb\":{\"@id\":\"https:\/\/skaitytaknyga.lt\/produktas\/kodel-drambliai-nemoka-sokineti\/#breadcrumb\"},\"inLanguage\":\"en-GB\",\"potentialAction\":[{\"@type\":\"ReadAction\",\"target\":[\"https:\/\/skaitytaknyga.lt\/produktas\/kodel-drambliai-nemoka-sokineti\/\"]}]},{\"@type\":\"ImageObject\",\"inLanguage\":\"en-GB\",\"@id\":\"https:\/\/skaitytaknyga.lt\/produktas\/kodel-drambliai-nemoka-sokineti\/#primaryimage\",\"url\":\"https:\/\/skaitytaknyga.lt\/wp-content\/uploads\/2025\/07\/Kodel-drambliai-nemoka-sokineti-1.webp\",\"contentUrl\":\"https:\/\/skaitytaknyga.lt\/wp-content\/uploads\/2025\/07\/Kodel-drambliai-nemoka-sokineti-1.webp\",\"width\":515,\"height\":801,\"caption\":\"Kod\u0117l drambliai nemoka \u0161okin\u0117ti?\"},{\"@type\":\"BreadcrumbList\",\"@id\":\"https:\/\/skaitytaknyga.lt\/produktas\/kodel-drambliai-nemoka-sokineti\/#breadcrumb\",\"itemListElement\":[{\"@type\":\"ListItem\",\"position\":1,\"name\":\"Home\",\"item\":\"https:\/\/skaitytaknyga.lt\/\"},{\"@type\":\"ListItem\",\"position\":2,\"name\":\"Parduotuv\u0117\",\"item\":\"https:\/\/skaitytaknyga.lt\/knygu-parduotuve\/\"},{\"@type\":\"ListItem\",\"position\":3,\"name\":\"Kod\u0117l drambliai nemoka \u0161okin\u0117ti?\"}]},{\"@type\":\"WebSite\",\"@id\":\"https:\/\/skaitytaknyga.lt\/#website\",\"url\":\"https:\/\/skaitytaknyga.lt\/\",\"name\":\"skaitytaknyga.lt\",\"description\":\"Skaitytaknyga.lt \u2013 tai ma\u017eas \u0161eimos verslas, kuris prasid\u0117jo nuo meil\u0117s knygoms ir siekio i\u0161gelb\u0117ti knygas nuo likimo prie konteinerio. Kas vienam nereikalingas daiktas \u2013 kitam lobis, o mes esame tarpininkai, kurie padeda abiems tapti laimingesniems ???? \u017dinome kaip nelengva i\u0161gyventi ma\u017eiems verslams, tad nuo \u0161iol, \u010dia rasite ir kit\u0173, ma\u017e\u0173 \u0161eim\u0173 versl\u0173, rank\u0173 darbo, dovan\u0173 sau ir artimiesiems.\",\"publisher\":{\"@id\":\"https:\/\/skaitytaknyga.lt\/#organization\"},\"potentialAction\":[{\"@type\":\"SearchAction\",\"target\":{\"@type\":\"EntryPoint\",\"urlTemplate\":\"https:\/\/skaitytaknyga.lt\/?s={search_term_string}\"},\"query-input\":{\"@type\":\"PropertyValueSpecification\",\"valueRequired\":true,\"valueName\":\"search_term_string\"}}],\"inLanguage\":\"en-GB\"},{\"@type\":\"Organization\",\"@id\":\"https:\/\/skaitytaknyga.lt\/#organization\",\"name\":\"skaitytaknyga.lt\",\"url\":\"https:\/\/skaitytaknyga.lt\/\",\"logo\":{\"@type\":\"ImageObject\",\"inLanguage\":\"en-GB\",\"@id\":\"https:\/\/skaitytaknyga.lt\/#\/schema\/logo\/image\/\",\"url\":\"https:\/\/skaitytaknyga.lt\/wp-content\/uploads\/2024\/05\/cropped-cropped-cropped-02_00843_jt3bggkj1j3HLc7SyY6rEUpg.jpeg\",\"contentUrl\":\"https:\/\/skaitytaknyga.lt\/wp-content\/uploads\/2024\/05\/cropped-cropped-cropped-02_00843_jt3bggkj1j3HLc7SyY6rEUpg.jpeg\",\"width\":1600,\"height\":1600,\"caption\":\"skaitytaknyga.lt\"},\"image\":{\"@id\":\"https:\/\/skaitytaknyga.lt\/#\/schema\/logo\/image\/\"},\"sameAs\":[\"https:\/\/www.facebook.com\/skaitytaknyga\/\"]}]}<\/script>\n<!-- \/ Yoast SEO plugin. -->","yoast_head_json":{"title":"Kod\u0117l drambliai nemoka \u0161okin\u0117ti?","description":"Vis\u0173 laik\u0173 populiariausio New Scientist \u017eurnalo rubrika \u201eAutoritetinga nuomon\u0117\u201c \u2013 tai skaitytoj\u0173 nesibaigian\u010di\u0173 klausim\u0173 ir atsakym\u0173 rinktin\u0117 visiems","robots":{"index":"index","follow":"follow","max-snippet":"max-snippet:-1","max-image-preview":"max-image-preview:large","max-video-preview":"max-video-preview:-1"},"canonical":"https:\/\/skaitytaknyga.lt\/en\/produktas\/kodel-drambliai-nemoka-sokineti\/","og_locale":"en_GB","og_type":"article","og_title":"[:lt]Kod\u0117l drambliai nemoka \u0161okin\u0117ti?[:] - Skaitytaknyga","og_description":"Vis\u0173 laik\u0173 populiariausio New Scientist \u017eurnalo rubrika \u201eAutoritetinga nuomon\u0117\u201c \u2013 tai skaitytoj\u0173 nesibaigian\u010di\u0173 klausim\u0173 ir atsakym\u0173 rinktin\u0117 visiems","og_url":"https:\/\/skaitytaknyga.lt\/en\/produktas\/kodel-drambliai-nemoka-sokineti\/","og_site_name":"Skaitytaknyga","article_publisher":"https:\/\/www.facebook.com\/skaitytaknyga\/","article_modified_time":"2025-07-25T06:04:01+00:00","og_image":[{"width":515,"height":801,"url":"https:\/\/skaitytaknyga.lt\/wp-content\/uploads\/2025\/07\/Kodel-drambliai-nemoka-sokineti-1.webp","type":"image\/webp"}],"twitter_card":"summary_large_image","twitter_misc":{"Estimated reading time":"1 minute"},"schema":{"@context":"https:\/\/schema.org","@graph":[{"@type":"WebPage","@id":"https:\/\/skaitytaknyga.lt\/produktas\/kodel-drambliai-nemoka-sokineti\/","url":"https:\/\/skaitytaknyga.lt\/produktas\/kodel-drambliai-nemoka-sokineti\/","name":"Kod\u0117l drambliai nemoka \u0161okin\u0117ti?","isPartOf":{"@id":"https:\/\/skaitytaknyga.lt\/#website"},"primaryImageOfPage":{"@id":"https:\/\/skaitytaknyga.lt\/produktas\/kodel-drambliai-nemoka-sokineti\/#primaryimage"},"image":{"@id":"https:\/\/skaitytaknyga.lt\/produktas\/kodel-drambliai-nemoka-sokineti\/#primaryimage"},"thumbnailUrl":"https:\/\/skaitytaknyga.lt\/wp-content\/uploads\/2025\/07\/Kodel-drambliai-nemoka-sokineti-1.webp","datePublished":"2025-07-24T07:38:44+00:00","dateModified":"2025-07-25T06:04:01+00:00","description":"Vis\u0173 laik\u0173 populiariausio New Scientist \u017eurnalo rubrika \u201eAutoritetinga nuomon\u0117\u201c \u2013 tai skaitytoj\u0173 nesibaigian\u010di\u0173 klausim\u0173 ir atsakym\u0173 rinktin\u0117 visiems","breadcrumb":{"@id":"https:\/\/skaitytaknyga.lt\/produktas\/kodel-drambliai-nemoka-sokineti\/#breadcrumb"},"inLanguage":"en-GB","potentialAction":[{"@type":"ReadAction","target":["https:\/\/skaitytaknyga.lt\/produktas\/kodel-drambliai-nemoka-sokineti\/"]}]},{"@type":"ImageObject","inLanguage":"en-GB","@id":"https:\/\/skaitytaknyga.lt\/produktas\/kodel-drambliai-nemoka-sokineti\/#primaryimage","url":"https:\/\/skaitytaknyga.lt\/wp-content\/uploads\/2025\/07\/Kodel-drambliai-nemoka-sokineti-1.webp","contentUrl":"https:\/\/skaitytaknyga.lt\/wp-content\/uploads\/2025\/07\/Kodel-drambliai-nemoka-sokineti-1.webp","width":515,"height":801,"caption":"Kod\u0117l drambliai nemoka \u0161okin\u0117ti?"},{"@type":"BreadcrumbList","@id":"https:\/\/skaitytaknyga.lt\/produktas\/kodel-drambliai-nemoka-sokineti\/#breadcrumb","itemListElement":[{"@type":"ListItem","position":1,"name":"Home","item":"https:\/\/skaitytaknyga.lt\/"},{"@type":"ListItem","position":2,"name":"Parduotuv\u0117","item":"https:\/\/skaitytaknyga.lt\/knygu-parduotuve\/"},{"@type":"ListItem","position":3,"name":"Kod\u0117l drambliai nemoka \u0161okin\u0117ti?"}]},{"@type":"WebSite","@id":"https:\/\/skaitytaknyga.lt\/#website","url":"https:\/\/skaitytaknyga.lt\/","name":"skaitytaknyga.lt","description":"Skaitytaknyga.lt \u2013 tai ma\u017eas \u0161eimos verslas, kuris prasid\u0117jo nuo meil\u0117s knygoms ir siekio i\u0161gelb\u0117ti knygas nuo likimo prie konteinerio. Kas vienam nereikalingas daiktas \u2013 kitam lobis, o mes esame tarpininkai, kurie padeda abiems tapti laimingesniems ???? \u017dinome kaip nelengva i\u0161gyventi ma\u017eiems verslams, tad nuo \u0161iol, \u010dia rasite ir kit\u0173, ma\u017e\u0173 \u0161eim\u0173 versl\u0173, rank\u0173 darbo, dovan\u0173 sau ir artimiesiems.","publisher":{"@id":"https:\/\/skaitytaknyga.lt\/#organization"},"potentialAction":[{"@type":"SearchAction","target":{"@type":"EntryPoint","urlTemplate":"https:\/\/skaitytaknyga.lt\/?s={search_term_string}"},"query-input":{"@type":"PropertyValueSpecification","valueRequired":true,"valueName":"search_term_string"}}],"inLanguage":"en-GB"},{"@type":"Organization","@id":"https:\/\/skaitytaknyga.lt\/#organization","name":"skaitytaknyga.lt","url":"https:\/\/skaitytaknyga.lt\/","logo":{"@type":"ImageObject","inLanguage":"en-GB","@id":"https:\/\/skaitytaknyga.lt\/#\/schema\/logo\/image\/","url":"https:\/\/skaitytaknyga.lt\/wp-content\/uploads\/2024\/05\/cropped-cropped-cropped-02_00843_jt3bggkj1j3HLc7SyY6rEUpg.jpeg","contentUrl":"https:\/\/skaitytaknyga.lt\/wp-content\/uploads\/2024\/05\/cropped-cropped-cropped-02_00843_jt3bggkj1j3HLc7SyY6rEUpg.jpeg","width":1600,"height":1600,"caption":"skaitytaknyga.lt"},"image":{"@id":"https:\/\/skaitytaknyga.lt\/#\/schema\/logo\/image\/"},"sameAs":["https:\/\/www.facebook.com\/skaitytaknyga\/"]}]}},"_links":{"self":[{"href":"https:\/\/skaitytaknyga.lt\/en\/wp-json\/wp\/v2\/product\/19861","targetHints":{"allow":["GET"]}}],"collection":[{"href":"https:\/\/skaitytaknyga.lt\/en\/wp-json\/wp\/v2\/product"}],"about":[{"href":"https:\/\/skaitytaknyga.lt\/en\/wp-json\/wp\/v2\/types\/product"}],"replies":[{"embeddable":true,"href":"https:\/\/skaitytaknyga.lt\/en\/wp-json\/wp\/v2\/comments?post=19861"}],"wp:featuredmedia":[{"embeddable":true,"href":"https:\/\/skaitytaknyga.lt\/en\/wp-json\/wp\/v2\/media\/19866"}],"wp:attachment":[{"href":"https:\/\/skaitytaknyga.lt\/en\/wp-json\/wp\/v2\/media?parent=19861"}],"wp:term":[{"taxonomy":"product_brand","embeddable":true,"href":"https:\/\/skaitytaknyga.lt\/en\/wp-json\/wp\/v2\/product_brand?post=19861"},{"taxonomy":"product_cat","embeddable":true,"href":"https:\/\/skaitytaknyga.lt\/en\/wp-json\/wp\/v2\/product_cat?post=19861"},{"taxonomy":"product_tag","embeddable":true,"href":"https:\/\/skaitytaknyga.lt\/en\/wp-json\/wp\/v2\/product_tag?post=19861"}],"curies":[{"name":"wp","href":"https:\/\/api.w.org\/{rel}","templated":true}]}}