{"id":19859,"date":"2025-07-24T10:38:43","date_gmt":"2025-07-24T07:38:43","guid":{"rendered":"https:\/\/skaitytaknyga.lt\/?post_type=product&#038;p=19859"},"modified":"2025-07-25T09:03:52","modified_gmt":"2025-07-25T06:03:52","slug":"lietuviu-sunu-sunu-lietuviu-kalbu-zodynelis","status":"publish","type":"product","link":"https:\/\/skaitytaknyga.lt\/en\/produktas\/lietuviu-sunu-sunu-lietuviu-kalbu-zodynelis\/","title":{"rendered":"Lietuvi\u0173\u2013\u0161un\u0173 \u0161un\u0173\u2013lietuvi\u0173 kalb\u0173 \u017eodyn\u0117lis"},"content":{"rendered":"<p>Tai pirmas originalus \u0161uns ir jo \u0161eimininko pasikalb\u0117jim\u0173 \u017eodyn\u0117lis. Jame 160 ab\u0117c\u0117l\u0117s tvarka i\u0161d\u0117liot\u0173 \u017eod\u017ei\u0173 paai\u0161kinama \u017emogaus bei \u0161uns elgsena ir kasdienio gyvenimo situacijos. Veterinaras apib\u016bdina tokius reik\u0161minius \u017eod\u017eius kaip agresija, feromonai, hierarchija, lojimas, maudymas, staugimas, teritorija, depresija, \u017eaidimas ir kt.<\/p>\n<p>Informacij\u0105 papildo \u0161imtas nuotaiking\u0173 pie\u0161in\u0117li\u0173, iliustruojan\u010di\u0173 \u0161velnius, o kartais ir konflikti\u0161kus bi\u010diuli\u0173 santykius. Knyga tur\u0117t\u0173 praversti tiems \u0161un\u0173 augintojams, kurie nor\u0117t\u0173 geriau suprasti savo numyl\u0117tinio elgsen\u0105, kitaip tariant &#8211; \u201esusikalb\u0117ti&#8221;.<\/p>\n","protected":false},"excerpt":{"rendered":"<p>Tai pirmas originalus \u0161uns ir jo \u0161eimininko pasikalb\u0117jim\u0173 \u017eodyn\u0117lis. Jame 160 ab\u0117c\u0117l\u0117s tvarka i\u0161d\u0117liot\u0173 \u017eod\u017ei\u0173 paai\u0161kinama \u017emogaus bei \u0161uns elgsena ir kasdienio gyvenimo situacijos. Veterinaras apib\u016bdina tokius reik\u0161minius \u017eod\u017eius kaip agresija, feromonai, hierarchija, lojimas, maudymas, staugimas, teritorija, depresija, \u017eaidimas ir kt. Informacij\u0105 papildo \u0161imtas nuotaiking\u0173 pie\u0161in\u0117li\u0173, iliustruojan\u010di\u0173 \u0161velnius, o kartais ir konflikti\u0161kus bi\u010diuli\u0173 santykius. Knyga tur\u0117t\u0173 praversti tiems \u0161un\u0173 augintojams, kurie nor\u0117t\u0173 geriau suprasti savo numyl\u0117tinio elgsen\u0105, kitaip tariant &#8211; \u201esusikalb\u0117ti&#8221;.<\/p>\n","protected":false},"featured_media":19863,"comment_status":"open","ping_status":"closed","template":"","meta":{"_acf_changed":false,"site-sidebar-layout":"default","site-content-layout":"","ast-site-content-layout":"default","site-content-style":"default","site-sidebar-style":"default","ast-global-header-display":"","ast-banner-title-visibility":"","ast-main-header-display":"","ast-hfb-above-header-display":"","ast-hfb-below-header-display":"","ast-hfb-mobile-header-display":"","site-post-title":"","ast-breadcrumbs-content":"","ast-featured-img":"","footer-sml-layout":"","ast-disable-related-posts":"","theme-transparent-header-meta":"","adv-header-id-meta":"","stick-header-meta":"","header-above-stick-meta":"","header-main-stick-meta":"","header-below-stick-meta":"","astra-migrate-meta-layouts":"default","ast-page-background-enabled":"default","ast-page-background-meta":{"desktop":{"background-color":"","background-image":"","background-repeat":"repeat","background-position":"center center","background-size":"auto","background-attachment":"scroll","background-type":"","background-media":"","overlay-type":"","overlay-color":"","overlay-opacity":"","overlay-gradient":""},"tablet":{"background-color":"","background-image":"","background-repeat":"repeat","background-position":"center center","background-size":"auto","background-attachment":"scroll","background-type":"","background-media":"","overlay-type":"","overlay-color":"","overlay-opacity":"","overlay-gradient":""},"mobile":{"background-color":"","background-image":"","background-repeat":"repeat","background-position":"center center","background-size":"auto","background-attachment":"scroll","background-type":"","background-media":"","overlay-type":"","overlay-color":"","overlay-opacity":"","overlay-gradient":""}},"ast-content-background-meta":{"desktop":{"background-color":"var(--ast-global-color-4)","background-image":"","background-repeat":"repeat","background-position":"center center","background-size":"auto","background-attachment":"scroll","background-type":"","background-media":"","overlay-type":"","overlay-color":"","overlay-opacity":"","overlay-gradient":""},"tablet":{"background-color":"var(--ast-global-color-4)","background-image":"","background-repeat":"repeat","background-position":"center center","background-size":"auto","background-attachment":"scroll","background-type":"","background-media":"","overlay-type":"","overlay-color":"","overlay-opacity":"","overlay-gradient":""},"mobile":{"background-color":"var(--ast-global-color-4)","background-image":"","background-repeat":"repeat","background-position":"center center","background-size":"auto","background-attachment":"scroll","background-type":"","background-media":"","overlay-type":"","overlay-color":"","overlay-opacity":"","overlay-gradient":""}}},"product_brand":[],"product_cat":[15],"product_tag":[6806,6358,1521,3456,6808,6807,3384],"class_list":{"0":"post-19859","1":"product","2":"type-product","3":"status-publish","4":"has-post-thumbnail","6":"product_cat-uncategorized","7":"product_tag-dr-jean-cuvelier","8":"product_tag-dresura","9":"product_tag-sunu-elgsena","10":"product_tag-sunys","11":"product_tag-veterinarija","12":"product_tag-zmogaus-ir-suns-santykis","13":"product_tag-zodynelis","14":"desktop-align-left","15":"tablet-align-left","16":"mobile-align-left","18":"first","19":"instock","20":"shipping-taxable","21":"purchasable","22":"product-type-simple"},"acf":[],"yoast_head":"<!-- This site is optimized with the Yoast SEO plugin v27.0 - https:\/\/yoast.com\/product\/yoast-seo-wordpress\/ -->\n<title>Lietuvi\u0173\u2013\u0161un\u0173 \u0161un\u0173\u2013lietuvi\u0173 kalb\u0173 \u017eodyn\u0117lis<\/title>\n<meta name=\"description\" content=\"Tai pirmas originalus \u0161uns ir jo \u0161eimininko pasikalb\u0117jim\u0173 \u017eodyn\u0117lis. Jame 160 ab\u0117c\u0117l\u0117s tvarka i\u0161d\u0117liot\u0173 \u017eod\u017ei\u0173 paai\u0161kinama \u017emogaus bei \u0161uns elgsena ir\" \/>\n<meta name=\"robots\" content=\"index, follow, max-snippet:-1, max-image-preview:large, max-video-preview:-1\" \/>\n<link rel=\"canonical\" href=\"https:\/\/skaitytaknyga.lt\/en\/produktas\/lietuviu-sunu-sunu-lietuviu-kalbu-zodynelis\/\" \/>\n<meta property=\"og:locale\" content=\"en_GB\" \/>\n<meta property=\"og:locale:alternate\" content=\"lt_LT\" \/>\n<meta property=\"og:type\" content=\"article\" \/>\n<meta property=\"og:title\" content=\"Lietuvi\u0173\u2013\u0161un\u0173 \u0161un\u0173\u2013lietuvi\u0173 kalb\u0173 \u017eodyn\u0117lis\" \/>\n<meta property=\"og:description\" content=\"Tai pirmas originalus \u0161uns ir jo \u0161eimininko pasikalb\u0117jim\u0173 \u017eodyn\u0117lis. Jame 160 ab\u0117c\u0117l\u0117s tvarka i\u0161d\u0117liot\u0173 \u017eod\u017ei\u0173 paai\u0161kinama \u017emogaus bei \u0161uns elgsena ir\" \/>\n<meta property=\"og:url\" content=\"https:\/\/skaitytaknyga.lt\/en\/produktas\/lietuviu-sunu-sunu-lietuviu-kalbu-zodynelis\/\" \/>\n<meta property=\"og:site_name\" content=\"Skaitytaknyga\" \/>\n<meta property=\"article:publisher\" content=\"https:\/\/www.facebook.com\/skaitytaknyga\/\" \/>\n<meta property=\"article:modified_time\" content=\"2025-07-25T06:03:52+00:00\" \/>\n<meta property=\"og:image\" content=\"https:\/\/skaitytaknyga.lt\/wp-content\/uploads\/2025\/07\/Lietuviu\u2013sunu-sunu\u2013lietuviu-kalbu-zodynelis-1.webp\" \/>\n\t<meta property=\"og:image:width\" content=\"482\" \/>\n\t<meta property=\"og:image:height\" content=\"801\" \/>\n\t<meta property=\"og:image:type\" content=\"image\/webp\" \/>\n<meta name=\"twitter:card\" content=\"summary_large_image\" \/>\n<script type=\"application\/ld+json\" class=\"yoast-schema-graph\">{\"@context\":\"https:\/\/schema.org\",\"@graph\":[{\"@type\":\"WebPage\",\"@id\":\"https:\/\/skaitytaknyga.lt\/produktas\/lietuviu-sunu-sunu-lietuviu-kalbu-zodynelis\/\",\"url\":\"https:\/\/skaitytaknyga.lt\/produktas\/lietuviu-sunu-sunu-lietuviu-kalbu-zodynelis\/\",\"name\":\"Lietuvi\u0173\u2013\u0161un\u0173 \u0161un\u0173\u2013lietuvi\u0173 kalb\u0173 \u017eodyn\u0117lis\",\"isPartOf\":{\"@id\":\"https:\/\/skaitytaknyga.lt\/#website\"},\"primaryImageOfPage\":{\"@id\":\"https:\/\/skaitytaknyga.lt\/produktas\/lietuviu-sunu-sunu-lietuviu-kalbu-zodynelis\/#primaryimage\"},\"image\":{\"@id\":\"https:\/\/skaitytaknyga.lt\/produktas\/lietuviu-sunu-sunu-lietuviu-kalbu-zodynelis\/#primaryimage\"},\"thumbnailUrl\":\"https:\/\/skaitytaknyga.lt\/wp-content\/uploads\/2025\/07\/Lietuviu\u2013sunu-sunu\u2013lietuviu-kalbu-zodynelis-1.webp\",\"datePublished\":\"2025-07-24T07:38:43+00:00\",\"dateModified\":\"2025-07-25T06:03:52+00:00\",\"description\":\"Tai pirmas originalus \u0161uns ir jo \u0161eimininko pasikalb\u0117jim\u0173 \u017eodyn\u0117lis. Jame 160 ab\u0117c\u0117l\u0117s tvarka i\u0161d\u0117liot\u0173 \u017eod\u017ei\u0173 paai\u0161kinama \u017emogaus bei \u0161uns elgsena ir\",\"breadcrumb\":{\"@id\":\"https:\/\/skaitytaknyga.lt\/produktas\/lietuviu-sunu-sunu-lietuviu-kalbu-zodynelis\/#breadcrumb\"},\"inLanguage\":\"en-GB\",\"potentialAction\":[{\"@type\":\"ReadAction\",\"target\":[\"https:\/\/skaitytaknyga.lt\/produktas\/lietuviu-sunu-sunu-lietuviu-kalbu-zodynelis\/\"]}]},{\"@type\":\"ImageObject\",\"inLanguage\":\"en-GB\",\"@id\":\"https:\/\/skaitytaknyga.lt\/produktas\/lietuviu-sunu-sunu-lietuviu-kalbu-zodynelis\/#primaryimage\",\"url\":\"https:\/\/skaitytaknyga.lt\/wp-content\/uploads\/2025\/07\/Lietuviu\u2013sunu-sunu\u2013lietuviu-kalbu-zodynelis-1.webp\",\"contentUrl\":\"https:\/\/skaitytaknyga.lt\/wp-content\/uploads\/2025\/07\/Lietuviu\u2013sunu-sunu\u2013lietuviu-kalbu-zodynelis-1.webp\",\"width\":482,\"height\":801,\"caption\":\"Lietuvi\u0173\u2013\u0161un\u0173 \u0161un\u0173\u2013lietuvi\u0173 kalb\u0173 \u017eodyn\u0117lis\"},{\"@type\":\"BreadcrumbList\",\"@id\":\"https:\/\/skaitytaknyga.lt\/produktas\/lietuviu-sunu-sunu-lietuviu-kalbu-zodynelis\/#breadcrumb\",\"itemListElement\":[{\"@type\":\"ListItem\",\"position\":1,\"name\":\"Home\",\"item\":\"https:\/\/skaitytaknyga.lt\/\"},{\"@type\":\"ListItem\",\"position\":2,\"name\":\"Parduotuv\u0117\",\"item\":\"https:\/\/skaitytaknyga.lt\/knygu-parduotuve\/\"},{\"@type\":\"ListItem\",\"position\":3,\"name\":\"Lietuvi\u0173\u2013\u0161un\u0173 \u0161un\u0173\u2013lietuvi\u0173 kalb\u0173 \u017eodyn\u0117lis\"}]},{\"@type\":\"WebSite\",\"@id\":\"https:\/\/skaitytaknyga.lt\/#website\",\"url\":\"https:\/\/skaitytaknyga.lt\/\",\"name\":\"skaitytaknyga.lt\",\"description\":\"Skaitytaknyga.lt \u2013 tai ma\u017eas \u0161eimos verslas, kuris prasid\u0117jo nuo meil\u0117s knygoms ir siekio i\u0161gelb\u0117ti knygas nuo likimo prie konteinerio. Kas vienam nereikalingas daiktas \u2013 kitam lobis, o mes esame tarpininkai, kurie padeda abiems tapti laimingesniems ???? \u017dinome kaip nelengva i\u0161gyventi ma\u017eiems verslams, tad nuo \u0161iol, \u010dia rasite ir kit\u0173, ma\u017e\u0173 \u0161eim\u0173 versl\u0173, rank\u0173 darbo, dovan\u0173 sau ir artimiesiems.\",\"publisher\":{\"@id\":\"https:\/\/skaitytaknyga.lt\/#organization\"},\"potentialAction\":[{\"@type\":\"SearchAction\",\"target\":{\"@type\":\"EntryPoint\",\"urlTemplate\":\"https:\/\/skaitytaknyga.lt\/?s={search_term_string}\"},\"query-input\":{\"@type\":\"PropertyValueSpecification\",\"valueRequired\":true,\"valueName\":\"search_term_string\"}}],\"inLanguage\":\"en-GB\"},{\"@type\":\"Organization\",\"@id\":\"https:\/\/skaitytaknyga.lt\/#organization\",\"name\":\"skaitytaknyga.lt\",\"url\":\"https:\/\/skaitytaknyga.lt\/\",\"logo\":{\"@type\":\"ImageObject\",\"inLanguage\":\"en-GB\",\"@id\":\"https:\/\/skaitytaknyga.lt\/#\/schema\/logo\/image\/\",\"url\":\"https:\/\/skaitytaknyga.lt\/wp-content\/uploads\/2024\/05\/cropped-cropped-cropped-02_00843_jt3bggkj1j3HLc7SyY6rEUpg.jpeg\",\"contentUrl\":\"https:\/\/skaitytaknyga.lt\/wp-content\/uploads\/2024\/05\/cropped-cropped-cropped-02_00843_jt3bggkj1j3HLc7SyY6rEUpg.jpeg\",\"width\":1600,\"height\":1600,\"caption\":\"skaitytaknyga.lt\"},\"image\":{\"@id\":\"https:\/\/skaitytaknyga.lt\/#\/schema\/logo\/image\/\"},\"sameAs\":[\"https:\/\/www.facebook.com\/skaitytaknyga\/\"]}]}<\/script>\n<!-- \/ Yoast SEO plugin. -->","yoast_head_json":{"title":"Lietuvi\u0173\u2013\u0161un\u0173 \u0161un\u0173\u2013lietuvi\u0173 kalb\u0173 \u017eodyn\u0117lis","description":"Tai pirmas originalus \u0161uns ir jo \u0161eimininko pasikalb\u0117jim\u0173 \u017eodyn\u0117lis. Jame 160 ab\u0117c\u0117l\u0117s tvarka i\u0161d\u0117liot\u0173 \u017eod\u017ei\u0173 paai\u0161kinama \u017emogaus bei \u0161uns elgsena ir","robots":{"index":"index","follow":"follow","max-snippet":"max-snippet:-1","max-image-preview":"max-image-preview:large","max-video-preview":"max-video-preview:-1"},"canonical":"https:\/\/skaitytaknyga.lt\/en\/produktas\/lietuviu-sunu-sunu-lietuviu-kalbu-zodynelis\/","og_locale":"en_GB","og_type":"article","og_title":"[:lt]Lietuvi\u0173\u2013\u0161un\u0173 \u0161un\u0173\u2013lietuvi\u0173 kalb\u0173 \u017eodyn\u0117lis[:] - Skaitytaknyga","og_description":"Tai pirmas originalus \u0161uns ir jo \u0161eimininko pasikalb\u0117jim\u0173 \u017eodyn\u0117lis. Jame 160 ab\u0117c\u0117l\u0117s tvarka i\u0161d\u0117liot\u0173 \u017eod\u017ei\u0173 paai\u0161kinama \u017emogaus bei \u0161uns elgsena ir","og_url":"https:\/\/skaitytaknyga.lt\/en\/produktas\/lietuviu-sunu-sunu-lietuviu-kalbu-zodynelis\/","og_site_name":"Skaitytaknyga","article_publisher":"https:\/\/www.facebook.com\/skaitytaknyga\/","article_modified_time":"2025-07-25T06:03:52+00:00","og_image":[{"width":482,"height":801,"url":"https:\/\/skaitytaknyga.lt\/wp-content\/uploads\/2025\/07\/Lietuviu\u2013sunu-sunu\u2013lietuviu-kalbu-zodynelis-1.webp","type":"image\/webp"}],"twitter_card":"summary_large_image","schema":{"@context":"https:\/\/schema.org","@graph":[{"@type":"WebPage","@id":"https:\/\/skaitytaknyga.lt\/produktas\/lietuviu-sunu-sunu-lietuviu-kalbu-zodynelis\/","url":"https:\/\/skaitytaknyga.lt\/produktas\/lietuviu-sunu-sunu-lietuviu-kalbu-zodynelis\/","name":"Lietuvi\u0173\u2013\u0161un\u0173 \u0161un\u0173\u2013lietuvi\u0173 kalb\u0173 \u017eodyn\u0117lis","isPartOf":{"@id":"https:\/\/skaitytaknyga.lt\/#website"},"primaryImageOfPage":{"@id":"https:\/\/skaitytaknyga.lt\/produktas\/lietuviu-sunu-sunu-lietuviu-kalbu-zodynelis\/#primaryimage"},"image":{"@id":"https:\/\/skaitytaknyga.lt\/produktas\/lietuviu-sunu-sunu-lietuviu-kalbu-zodynelis\/#primaryimage"},"thumbnailUrl":"https:\/\/skaitytaknyga.lt\/wp-content\/uploads\/2025\/07\/Lietuviu\u2013sunu-sunu\u2013lietuviu-kalbu-zodynelis-1.webp","datePublished":"2025-07-24T07:38:43+00:00","dateModified":"2025-07-25T06:03:52+00:00","description":"Tai pirmas originalus \u0161uns ir jo \u0161eimininko pasikalb\u0117jim\u0173 \u017eodyn\u0117lis. Jame 160 ab\u0117c\u0117l\u0117s tvarka i\u0161d\u0117liot\u0173 \u017eod\u017ei\u0173 paai\u0161kinama \u017emogaus bei \u0161uns elgsena ir","breadcrumb":{"@id":"https:\/\/skaitytaknyga.lt\/produktas\/lietuviu-sunu-sunu-lietuviu-kalbu-zodynelis\/#breadcrumb"},"inLanguage":"en-GB","potentialAction":[{"@type":"ReadAction","target":["https:\/\/skaitytaknyga.lt\/produktas\/lietuviu-sunu-sunu-lietuviu-kalbu-zodynelis\/"]}]},{"@type":"ImageObject","inLanguage":"en-GB","@id":"https:\/\/skaitytaknyga.lt\/produktas\/lietuviu-sunu-sunu-lietuviu-kalbu-zodynelis\/#primaryimage","url":"https:\/\/skaitytaknyga.lt\/wp-content\/uploads\/2025\/07\/Lietuviu\u2013sunu-sunu\u2013lietuviu-kalbu-zodynelis-1.webp","contentUrl":"https:\/\/skaitytaknyga.lt\/wp-content\/uploads\/2025\/07\/Lietuviu\u2013sunu-sunu\u2013lietuviu-kalbu-zodynelis-1.webp","width":482,"height":801,"caption":"Lietuvi\u0173\u2013\u0161un\u0173 \u0161un\u0173\u2013lietuvi\u0173 kalb\u0173 \u017eodyn\u0117lis"},{"@type":"BreadcrumbList","@id":"https:\/\/skaitytaknyga.lt\/produktas\/lietuviu-sunu-sunu-lietuviu-kalbu-zodynelis\/#breadcrumb","itemListElement":[{"@type":"ListItem","position":1,"name":"Home","item":"https:\/\/skaitytaknyga.lt\/"},{"@type":"ListItem","position":2,"name":"Parduotuv\u0117","item":"https:\/\/skaitytaknyga.lt\/knygu-parduotuve\/"},{"@type":"ListItem","position":3,"name":"Lietuvi\u0173\u2013\u0161un\u0173 \u0161un\u0173\u2013lietuvi\u0173 kalb\u0173 \u017eodyn\u0117lis"}]},{"@type":"WebSite","@id":"https:\/\/skaitytaknyga.lt\/#website","url":"https:\/\/skaitytaknyga.lt\/","name":"skaitytaknyga.lt","description":"Skaitytaknyga.lt \u2013 tai ma\u017eas \u0161eimos verslas, kuris prasid\u0117jo nuo meil\u0117s knygoms ir siekio i\u0161gelb\u0117ti knygas nuo likimo prie konteinerio. Kas vienam nereikalingas daiktas \u2013 kitam lobis, o mes esame tarpininkai, kurie padeda abiems tapti laimingesniems ???? \u017dinome kaip nelengva i\u0161gyventi ma\u017eiems verslams, tad nuo \u0161iol, \u010dia rasite ir kit\u0173, ma\u017e\u0173 \u0161eim\u0173 versl\u0173, rank\u0173 darbo, dovan\u0173 sau ir artimiesiems.","publisher":{"@id":"https:\/\/skaitytaknyga.lt\/#organization"},"potentialAction":[{"@type":"SearchAction","target":{"@type":"EntryPoint","urlTemplate":"https:\/\/skaitytaknyga.lt\/?s={search_term_string}"},"query-input":{"@type":"PropertyValueSpecification","valueRequired":true,"valueName":"search_term_string"}}],"inLanguage":"en-GB"},{"@type":"Organization","@id":"https:\/\/skaitytaknyga.lt\/#organization","name":"skaitytaknyga.lt","url":"https:\/\/skaitytaknyga.lt\/","logo":{"@type":"ImageObject","inLanguage":"en-GB","@id":"https:\/\/skaitytaknyga.lt\/#\/schema\/logo\/image\/","url":"https:\/\/skaitytaknyga.lt\/wp-content\/uploads\/2024\/05\/cropped-cropped-cropped-02_00843_jt3bggkj1j3HLc7SyY6rEUpg.jpeg","contentUrl":"https:\/\/skaitytaknyga.lt\/wp-content\/uploads\/2024\/05\/cropped-cropped-cropped-02_00843_jt3bggkj1j3HLc7SyY6rEUpg.jpeg","width":1600,"height":1600,"caption":"skaitytaknyga.lt"},"image":{"@id":"https:\/\/skaitytaknyga.lt\/#\/schema\/logo\/image\/"},"sameAs":["https:\/\/www.facebook.com\/skaitytaknyga\/"]}]}},"_links":{"self":[{"href":"https:\/\/skaitytaknyga.lt\/en\/wp-json\/wp\/v2\/product\/19859","targetHints":{"allow":["GET"]}}],"collection":[{"href":"https:\/\/skaitytaknyga.lt\/en\/wp-json\/wp\/v2\/product"}],"about":[{"href":"https:\/\/skaitytaknyga.lt\/en\/wp-json\/wp\/v2\/types\/product"}],"replies":[{"embeddable":true,"href":"https:\/\/skaitytaknyga.lt\/en\/wp-json\/wp\/v2\/comments?post=19859"}],"wp:featuredmedia":[{"embeddable":true,"href":"https:\/\/skaitytaknyga.lt\/en\/wp-json\/wp\/v2\/media\/19863"}],"wp:attachment":[{"href":"https:\/\/skaitytaknyga.lt\/en\/wp-json\/wp\/v2\/media?parent=19859"}],"wp:term":[{"taxonomy":"product_brand","embeddable":true,"href":"https:\/\/skaitytaknyga.lt\/en\/wp-json\/wp\/v2\/product_brand?post=19859"},{"taxonomy":"product_cat","embeddable":true,"href":"https:\/\/skaitytaknyga.lt\/en\/wp-json\/wp\/v2\/product_cat?post=19859"},{"taxonomy":"product_tag","embeddable":true,"href":"https:\/\/skaitytaknyga.lt\/en\/wp-json\/wp\/v2\/product_tag?post=19859"}],"curies":[{"name":"wp","href":"https:\/\/api.w.org\/{rel}","templated":true}]}}