{"id":19849,"date":"2025-07-24T10:13:10","date_gmt":"2025-07-24T07:13:10","guid":{"rendered":"https:\/\/skaitytaknyga.lt\/?post_type=product&#038;p=19849"},"modified":"2026-02-26T09:58:01","modified_gmt":"2026-02-26T07:58:01","slug":"positive-intelligence","status":"publish","type":"product","link":"https:\/\/skaitytaknyga.lt\/en\/produktas\/positive-intelligence\/","title":{"rendered":"Positive Intelligence"},"content":{"rendered":"<p>New York Times Bestseller!   In his popular Stanford University lectures, Shirzad Chamine reveals how to achieve one&#8217;s true potential for both professional success and personal fulfillment.  His groundbreaking research exposes ten well-disguised mental Saboteurs.  Nearly 95 percent of the executives in his Stanford lectures conclude that these Saboteurs cause &#8220;significant harm&#8221; to achieving their full potential.  With Positive Intelligence, you can learn the secret to defeating these internal foes.  Positive Intelligence (PQ) measures the percentage of time your mind is serving you as opposed to sabotaging you.  While your IQ and EQ (emotional intelligence) contribute to your maximum potential, it is your PQ that determines how much of that potential you actually achieve.   The great news is that you can improve your PQ significantly in as little as 21 days.  With higher PQ, teams and professionals ranging from leaders to salespeople perform 30-35 percent better on average.  Importantly, they also report being far happier and less stressed.   The breakthrough tools and techniques in this book have been refined over years of coaching hundreds of CEOs and their executive teams.  Shirzad tells many of their remarkable stories, showing you how you too can take concrete steps to unleash the vast, untapped powers of your mind.  DISCOVER HOW TO: * Identify and conquer your top mental Saboteurs. Common Saboteurs include the Judge, Controller, Victim, Avoider, and Pleaser.  * Measure the Positive Intelligence score (PQ) for yourself or your team&#8211;see how close you come to the critical tipping point required for peak performance.* Increase PQ dramatically in as little as 21 days.* Develop new brain &#8220;muscles,&#8221; and access 5 untapped powers with energizing mental &#8220;power games.&#8221;* Apply PQ tools and techniques to increase both performance and fulfillment.  Applications include team building, mastering workload, working with &#8220;difficult&#8221; people, improving work\/life balance, reducing stress, and selling and persuading.<\/p>\n","protected":false},"excerpt":{"rendered":"<p>New York Times Bestseller! In his popular Stanford University lectures, Shirzad Chamine reveals how to achieve one&#8217;s true potential for both professional success and personal fulfillment. His groundbreaking research exposes ten well-disguised mental Saboteurs. Nearly 95 percent of the executives in his Stanford lectures conclude that these Saboteurs cause &#8220;significant harm&#8221; to achieving their full potential. With Positive Intelligence, you can learn the secret to defeating these internal foes. Positive Intelligence (PQ) measures the percentage of time your mind is serving you as opposed to sabotaging you. While your IQ and EQ (emotional intelligence) contribute to your maximum potential, it is your PQ that determines how much of that potential you actually achieve. The great news is that you can improve your PQ significantly in as little as 21 days. With higher PQ, teams and professionals ranging from leaders to salespeople perform 30-35 percent better on average. Importantly, they also report being far happier and less stressed. The breakthrough tools and techniques in this book have been refined over years of coaching hundreds of CEOs and their executive teams. Shirzad tells many of their remarkable stories, showing you how you too can take concrete steps to unleash the vast, untapped powers of your mind. DISCOVER HOW TO: * Identify and conquer your top mental Saboteurs. Common Saboteurs include the Judge, Controller, Victim, Avoider, and Pleaser. * Measure the Positive Intelligence score (PQ) for yourself or your team&#8211;see how close you come to the critical tipping point required for peak performance.* Increase PQ dramatically in as little as 21 days.* Develop new brain &#8220;muscles,&#8221; and access 5 untapped powers with energizing mental &#8220;power games.&#8221;* Apply PQ tools and techniques to increase both performance and fulfillment. Applications include team building, mastering workload, working with &#8220;difficult&#8221; people, improving work\/life balance, reducing stress, and selling and persuading.<\/p>\n","protected":false},"featured_media":19854,"comment_status":"open","ping_status":"closed","template":"","meta":{"_acf_changed":false,"site-sidebar-layout":"default","site-content-layout":"","ast-site-content-layout":"default","site-content-style":"default","site-sidebar-style":"default","ast-global-header-display":"","ast-banner-title-visibility":"","ast-main-header-display":"","ast-hfb-above-header-display":"","ast-hfb-below-header-display":"","ast-hfb-mobile-header-display":"","site-post-title":"","ast-breadcrumbs-content":"","ast-featured-img":"","footer-sml-layout":"","ast-disable-related-posts":"","theme-transparent-header-meta":"","adv-header-id-meta":"","stick-header-meta":"","header-above-stick-meta":"","header-main-stick-meta":"","header-below-stick-meta":"","astra-migrate-meta-layouts":"default","ast-page-background-enabled":"default","ast-page-background-meta":{"desktop":{"background-color":"","background-image":"","background-repeat":"repeat","background-position":"center center","background-size":"auto","background-attachment":"scroll","background-type":"","background-media":"","overlay-type":"","overlay-color":"","overlay-opacity":"","overlay-gradient":""},"tablet":{"background-color":"","background-image":"","background-repeat":"repeat","background-position":"center center","background-size":"auto","background-attachment":"scroll","background-type":"","background-media":"","overlay-type":"","overlay-color":"","overlay-opacity":"","overlay-gradient":""},"mobile":{"background-color":"","background-image":"","background-repeat":"repeat","background-position":"center center","background-size":"auto","background-attachment":"scroll","background-type":"","background-media":"","overlay-type":"","overlay-color":"","overlay-opacity":"","overlay-gradient":""}},"ast-content-background-meta":{"desktop":{"background-color":"var(--ast-global-color-4)","background-image":"","background-repeat":"repeat","background-position":"center center","background-size":"auto","background-attachment":"scroll","background-type":"","background-media":"","overlay-type":"","overlay-color":"","overlay-opacity":"","overlay-gradient":""},"tablet":{"background-color":"var(--ast-global-color-4)","background-image":"","background-repeat":"repeat","background-position":"center center","background-size":"auto","background-attachment":"scroll","background-type":"","background-media":"","overlay-type":"","overlay-color":"","overlay-opacity":"","overlay-gradient":""},"mobile":{"background-color":"var(--ast-global-color-4)","background-image":"","background-repeat":"repeat","background-position":"center center","background-size":"auto","background-attachment":"scroll","background-type":"","background-media":"","overlay-type":"","overlay-color":"","overlay-opacity":"","overlay-gradient":""}}},"product_brand":[],"product_cat":[34,26],"product_tag":[1397,6786,2026,6784,2411,6783,6785],"class_list":{"0":"post-19849","1":"product","2":"type-product","3":"status-publish","4":"has-post-thumbnail","6":"product_cat-knygos-anglu-kalba","7":"product_cat-verslas-vadyba-ir-finansai","8":"product_tag-emocinis-intelektas","9":"product_tag-potencialo-atskleidimas","10":"product_tag-pozityvus-mastymas","11":"product_tag-savistaba","12":"product_tag-sekme","13":"product_tag-shirzad-chamine","14":"product_tag-verslo-psichologija","15":"desktop-align-left","16":"tablet-align-left","17":"mobile-align-left","19":"first","20":"instock","21":"shipping-taxable","22":"purchasable","23":"product-type-simple"},"acf":[],"yoast_head":"<!-- This site is optimized with the Yoast SEO plugin v27.0 - https:\/\/yoast.com\/product\/yoast-seo-wordpress\/ -->\n<title>Positive Intelligence<\/title>\n<meta name=\"description\" content=\"New York Times Bestseller! In his popular Stanford University lectures, Shirzad Chamine reveals how to achieve one&#039;s true potential for both professional\" \/>\n<meta name=\"robots\" content=\"index, follow, max-snippet:-1, max-image-preview:large, max-video-preview:-1\" \/>\n<link rel=\"canonical\" href=\"https:\/\/skaitytaknyga.lt\/en\/produktas\/positive-intelligence\/\" \/>\n<meta property=\"og:locale\" content=\"en_GB\" \/>\n<meta property=\"og:locale:alternate\" content=\"lt_LT\" \/>\n<meta property=\"og:type\" content=\"article\" \/>\n<meta property=\"og:title\" content=\"Positive Intelligence\" \/>\n<meta property=\"og:description\" content=\"New York Times Bestseller! In his popular Stanford University lectures, Shirzad Chamine reveals how to achieve one&#039;s true potential for both professional\" \/>\n<meta property=\"og:url\" content=\"https:\/\/skaitytaknyga.lt\/en\/produktas\/positive-intelligence\/\" \/>\n<meta property=\"og:site_name\" content=\"Skaitytaknyga\" \/>\n<meta property=\"article:publisher\" content=\"https:\/\/www.facebook.com\/skaitytaknyga\/\" \/>\n<meta property=\"article:modified_time\" content=\"2026-02-26T07:58:01+00:00\" \/>\n<meta property=\"og:image\" content=\"https:\/\/skaitytaknyga.lt\/wp-content\/uploads\/2025\/07\/Positive-Intelligence-1.jpg\" \/>\n\t<meta property=\"og:image:width\" content=\"310\" \/>\n\t<meta property=\"og:image:height\" content=\"445\" \/>\n\t<meta property=\"og:image:type\" content=\"image\/jpeg\" \/>\n<meta name=\"twitter:card\" content=\"summary_large_image\" \/>\n<meta name=\"twitter:label1\" content=\"Estimated reading time\" \/>\n\t<meta name=\"twitter:data1\" content=\"1 minute\" \/>\n<script type=\"application\/ld+json\" class=\"yoast-schema-graph\">{\"@context\":\"https:\/\/schema.org\",\"@graph\":[{\"@type\":\"WebPage\",\"@id\":\"https:\/\/skaitytaknyga.lt\/produktas\/positive-intelligence\/\",\"url\":\"https:\/\/skaitytaknyga.lt\/produktas\/positive-intelligence\/\",\"name\":\"Positive Intelligence\",\"isPartOf\":{\"@id\":\"https:\/\/skaitytaknyga.lt\/#website\"},\"primaryImageOfPage\":{\"@id\":\"https:\/\/skaitytaknyga.lt\/produktas\/positive-intelligence\/#primaryimage\"},\"image\":{\"@id\":\"https:\/\/skaitytaknyga.lt\/produktas\/positive-intelligence\/#primaryimage\"},\"thumbnailUrl\":\"https:\/\/skaitytaknyga.lt\/wp-content\/uploads\/2025\/07\/Positive-Intelligence-1.jpg\",\"datePublished\":\"2025-07-24T07:13:10+00:00\",\"dateModified\":\"2026-02-26T07:58:01+00:00\",\"description\":\"New York Times Bestseller! In his popular Stanford University lectures, Shirzad Chamine reveals how to achieve one's true potential for both professional\",\"breadcrumb\":{\"@id\":\"https:\/\/skaitytaknyga.lt\/produktas\/positive-intelligence\/#breadcrumb\"},\"inLanguage\":\"en-GB\",\"potentialAction\":[{\"@type\":\"ReadAction\",\"target\":[\"https:\/\/skaitytaknyga.lt\/produktas\/positive-intelligence\/\"]}]},{\"@type\":\"ImageObject\",\"inLanguage\":\"en-GB\",\"@id\":\"https:\/\/skaitytaknyga.lt\/produktas\/positive-intelligence\/#primaryimage\",\"url\":\"https:\/\/skaitytaknyga.lt\/wp-content\/uploads\/2025\/07\/Positive-Intelligence-1.jpg\",\"contentUrl\":\"https:\/\/skaitytaknyga.lt\/wp-content\/uploads\/2025\/07\/Positive-Intelligence-1.jpg\",\"width\":310,\"height\":445},{\"@type\":\"BreadcrumbList\",\"@id\":\"https:\/\/skaitytaknyga.lt\/produktas\/positive-intelligence\/#breadcrumb\",\"itemListElement\":[{\"@type\":\"ListItem\",\"position\":1,\"name\":\"Home\",\"item\":\"https:\/\/skaitytaknyga.lt\/\"},{\"@type\":\"ListItem\",\"position\":2,\"name\":\"Parduotuv\u0117\",\"item\":\"https:\/\/skaitytaknyga.lt\/knygu-parduotuve\/\"},{\"@type\":\"ListItem\",\"position\":3,\"name\":\"Positive Intelligence\"}]},{\"@type\":\"WebSite\",\"@id\":\"https:\/\/skaitytaknyga.lt\/#website\",\"url\":\"https:\/\/skaitytaknyga.lt\/\",\"name\":\"skaitytaknyga.lt\",\"description\":\"Skaitytaknyga.lt \u2013 tai ma\u017eas \u0161eimos verslas, kuris prasid\u0117jo nuo meil\u0117s knygoms ir siekio i\u0161gelb\u0117ti knygas nuo likimo prie konteinerio. Kas vienam nereikalingas daiktas \u2013 kitam lobis, o mes esame tarpininkai, kurie padeda abiems tapti laimingesniems ???? \u017dinome kaip nelengva i\u0161gyventi ma\u017eiems verslams, tad nuo \u0161iol, \u010dia rasite ir kit\u0173, ma\u017e\u0173 \u0161eim\u0173 versl\u0173, rank\u0173 darbo, dovan\u0173 sau ir artimiesiems.\",\"publisher\":{\"@id\":\"https:\/\/skaitytaknyga.lt\/#organization\"},\"potentialAction\":[{\"@type\":\"SearchAction\",\"target\":{\"@type\":\"EntryPoint\",\"urlTemplate\":\"https:\/\/skaitytaknyga.lt\/?s={search_term_string}\"},\"query-input\":{\"@type\":\"PropertyValueSpecification\",\"valueRequired\":true,\"valueName\":\"search_term_string\"}}],\"inLanguage\":\"en-GB\"},{\"@type\":\"Organization\",\"@id\":\"https:\/\/skaitytaknyga.lt\/#organization\",\"name\":\"skaitytaknyga.lt\",\"url\":\"https:\/\/skaitytaknyga.lt\/\",\"logo\":{\"@type\":\"ImageObject\",\"inLanguage\":\"en-GB\",\"@id\":\"https:\/\/skaitytaknyga.lt\/#\/schema\/logo\/image\/\",\"url\":\"https:\/\/skaitytaknyga.lt\/wp-content\/uploads\/2024\/05\/cropped-cropped-cropped-02_00843_jt3bggkj1j3HLc7SyY6rEUpg.jpeg\",\"contentUrl\":\"https:\/\/skaitytaknyga.lt\/wp-content\/uploads\/2024\/05\/cropped-cropped-cropped-02_00843_jt3bggkj1j3HLc7SyY6rEUpg.jpeg\",\"width\":1600,\"height\":1600,\"caption\":\"skaitytaknyga.lt\"},\"image\":{\"@id\":\"https:\/\/skaitytaknyga.lt\/#\/schema\/logo\/image\/\"},\"sameAs\":[\"https:\/\/www.facebook.com\/skaitytaknyga\/\"]}]}<\/script>\n<!-- \/ Yoast SEO plugin. -->","yoast_head_json":{"title":"Positive Intelligence","description":"New York Times Bestseller! In his popular Stanford University lectures, Shirzad Chamine reveals how to achieve one's true potential for both professional","robots":{"index":"index","follow":"follow","max-snippet":"max-snippet:-1","max-image-preview":"max-image-preview:large","max-video-preview":"max-video-preview:-1"},"canonical":"https:\/\/skaitytaknyga.lt\/en\/produktas\/positive-intelligence\/","og_locale":"en_GB","og_type":"article","og_title":"[:lt]Positive Intelligence[:] - Skaitytaknyga","og_description":"New York Times Bestseller! In his popular Stanford University lectures, Shirzad Chamine reveals how to achieve one's true potential for both professional","og_url":"https:\/\/skaitytaknyga.lt\/en\/produktas\/positive-intelligence\/","og_site_name":"Skaitytaknyga","article_publisher":"https:\/\/www.facebook.com\/skaitytaknyga\/","article_modified_time":"2026-02-26T07:58:01+00:00","og_image":[{"width":310,"height":445,"url":"https:\/\/skaitytaknyga.lt\/wp-content\/uploads\/2025\/07\/Positive-Intelligence-1.jpg","type":"image\/jpeg"}],"twitter_card":"summary_large_image","twitter_misc":{"Estimated reading time":"1 minute"},"schema":{"@context":"https:\/\/schema.org","@graph":[{"@type":"WebPage","@id":"https:\/\/skaitytaknyga.lt\/produktas\/positive-intelligence\/","url":"https:\/\/skaitytaknyga.lt\/produktas\/positive-intelligence\/","name":"Positive Intelligence","isPartOf":{"@id":"https:\/\/skaitytaknyga.lt\/#website"},"primaryImageOfPage":{"@id":"https:\/\/skaitytaknyga.lt\/produktas\/positive-intelligence\/#primaryimage"},"image":{"@id":"https:\/\/skaitytaknyga.lt\/produktas\/positive-intelligence\/#primaryimage"},"thumbnailUrl":"https:\/\/skaitytaknyga.lt\/wp-content\/uploads\/2025\/07\/Positive-Intelligence-1.jpg","datePublished":"2025-07-24T07:13:10+00:00","dateModified":"2026-02-26T07:58:01+00:00","description":"New York Times Bestseller! In his popular Stanford University lectures, Shirzad Chamine reveals how to achieve one's true potential for both professional","breadcrumb":{"@id":"https:\/\/skaitytaknyga.lt\/produktas\/positive-intelligence\/#breadcrumb"},"inLanguage":"en-GB","potentialAction":[{"@type":"ReadAction","target":["https:\/\/skaitytaknyga.lt\/produktas\/positive-intelligence\/"]}]},{"@type":"ImageObject","inLanguage":"en-GB","@id":"https:\/\/skaitytaknyga.lt\/produktas\/positive-intelligence\/#primaryimage","url":"https:\/\/skaitytaknyga.lt\/wp-content\/uploads\/2025\/07\/Positive-Intelligence-1.jpg","contentUrl":"https:\/\/skaitytaknyga.lt\/wp-content\/uploads\/2025\/07\/Positive-Intelligence-1.jpg","width":310,"height":445},{"@type":"BreadcrumbList","@id":"https:\/\/skaitytaknyga.lt\/produktas\/positive-intelligence\/#breadcrumb","itemListElement":[{"@type":"ListItem","position":1,"name":"Home","item":"https:\/\/skaitytaknyga.lt\/"},{"@type":"ListItem","position":2,"name":"Parduotuv\u0117","item":"https:\/\/skaitytaknyga.lt\/knygu-parduotuve\/"},{"@type":"ListItem","position":3,"name":"Positive Intelligence"}]},{"@type":"WebSite","@id":"https:\/\/skaitytaknyga.lt\/#website","url":"https:\/\/skaitytaknyga.lt\/","name":"skaitytaknyga.lt","description":"Skaitytaknyga.lt \u2013 tai ma\u017eas \u0161eimos verslas, kuris prasid\u0117jo nuo meil\u0117s knygoms ir siekio i\u0161gelb\u0117ti knygas nuo likimo prie konteinerio. Kas vienam nereikalingas daiktas \u2013 kitam lobis, o mes esame tarpininkai, kurie padeda abiems tapti laimingesniems ???? \u017dinome kaip nelengva i\u0161gyventi ma\u017eiems verslams, tad nuo \u0161iol, \u010dia rasite ir kit\u0173, ma\u017e\u0173 \u0161eim\u0173 versl\u0173, rank\u0173 darbo, dovan\u0173 sau ir artimiesiems.","publisher":{"@id":"https:\/\/skaitytaknyga.lt\/#organization"},"potentialAction":[{"@type":"SearchAction","target":{"@type":"EntryPoint","urlTemplate":"https:\/\/skaitytaknyga.lt\/?s={search_term_string}"},"query-input":{"@type":"PropertyValueSpecification","valueRequired":true,"valueName":"search_term_string"}}],"inLanguage":"en-GB"},{"@type":"Organization","@id":"https:\/\/skaitytaknyga.lt\/#organization","name":"skaitytaknyga.lt","url":"https:\/\/skaitytaknyga.lt\/","logo":{"@type":"ImageObject","inLanguage":"en-GB","@id":"https:\/\/skaitytaknyga.lt\/#\/schema\/logo\/image\/","url":"https:\/\/skaitytaknyga.lt\/wp-content\/uploads\/2024\/05\/cropped-cropped-cropped-02_00843_jt3bggkj1j3HLc7SyY6rEUpg.jpeg","contentUrl":"https:\/\/skaitytaknyga.lt\/wp-content\/uploads\/2024\/05\/cropped-cropped-cropped-02_00843_jt3bggkj1j3HLc7SyY6rEUpg.jpeg","width":1600,"height":1600,"caption":"skaitytaknyga.lt"},"image":{"@id":"https:\/\/skaitytaknyga.lt\/#\/schema\/logo\/image\/"},"sameAs":["https:\/\/www.facebook.com\/skaitytaknyga\/"]}]}},"_links":{"self":[{"href":"https:\/\/skaitytaknyga.lt\/en\/wp-json\/wp\/v2\/product\/19849","targetHints":{"allow":["GET"]}}],"collection":[{"href":"https:\/\/skaitytaknyga.lt\/en\/wp-json\/wp\/v2\/product"}],"about":[{"href":"https:\/\/skaitytaknyga.lt\/en\/wp-json\/wp\/v2\/types\/product"}],"replies":[{"embeddable":true,"href":"https:\/\/skaitytaknyga.lt\/en\/wp-json\/wp\/v2\/comments?post=19849"}],"wp:featuredmedia":[{"embeddable":true,"href":"https:\/\/skaitytaknyga.lt\/en\/wp-json\/wp\/v2\/media\/19854"}],"wp:attachment":[{"href":"https:\/\/skaitytaknyga.lt\/en\/wp-json\/wp\/v2\/media?parent=19849"}],"wp:term":[{"taxonomy":"product_brand","embeddable":true,"href":"https:\/\/skaitytaknyga.lt\/en\/wp-json\/wp\/v2\/product_brand?post=19849"},{"taxonomy":"product_cat","embeddable":true,"href":"https:\/\/skaitytaknyga.lt\/en\/wp-json\/wp\/v2\/product_cat?post=19849"},{"taxonomy":"product_tag","embeddable":true,"href":"https:\/\/skaitytaknyga.lt\/en\/wp-json\/wp\/v2\/product_tag?post=19849"}],"curies":[{"name":"wp","href":"https:\/\/api.w.org\/{rel}","templated":true}]}}