{"id":19848,"date":"2025-07-24T10:13:10","date_gmt":"2025-07-24T07:13:10","guid":{"rendered":"https:\/\/skaitytaknyga.lt\/?post_type=product&#038;p=19848"},"modified":"2026-03-18T14:53:35","modified_gmt":"2026-03-18T12:53:35","slug":"rezistentu-pogrindiniai-periodiniai-leidiniai","status":"publish","type":"product","link":"https:\/\/skaitytaknyga.lt\/en\/produktas\/rezistentu-pogrindiniai-periodiniai-leidiniai\/","title":{"rendered":"Rezistent\u0173 pogrindiniai periodiniai leidiniai"},"content":{"rendered":"<p>\u0160i knyga \u2013 tai okupacij\u0173 metais (1940\u20131989) rezistent\u0173 leist\u0173 periodini\u0173 leidini\u0173 s\u0105vadas. Jame pateikiama informacija apie ginkluotos rezistencijos (partizan\u0173), politini\u0173 kalini\u0173 ir tremtini\u0173 bei neginkluotos rezistencijos pogrindinius leidinius, daugintus \u012fvairiausiomis priemon\u0117mis.<\/p>\n","protected":false},"excerpt":{"rendered":"<p>\u0160i knyga \u2013 tai okupacij\u0173 metais (1940\u20131989) rezistent\u0173 leist\u0173 periodini\u0173 leidini\u0173 s\u0105vadas. Jame pateikiama informacija apie ginkluotos rezistencijos (partizan\u0173), politini\u0173 kalini\u0173 ir tremtini\u0173 bei neginkluotos rezistencijos pogrindinius leidinius, daugintus \u012fvairiausiomis priemon\u0117mis.<\/p>\n","protected":false},"featured_media":19853,"comment_status":"open","ping_status":"closed","template":"","meta":{"_acf_changed":false,"site-sidebar-layout":"default","site-content-layout":"","ast-site-content-layout":"default","site-content-style":"default","site-sidebar-style":"default","ast-global-header-display":"","ast-banner-title-visibility":"","ast-main-header-display":"","ast-hfb-above-header-display":"","ast-hfb-below-header-display":"","ast-hfb-mobile-header-display":"","site-post-title":"","ast-breadcrumbs-content":"","ast-featured-img":"","footer-sml-layout":"","ast-disable-related-posts":"","theme-transparent-header-meta":"","adv-header-id-meta":"","stick-header-meta":"","header-above-stick-meta":"","header-main-stick-meta":"","header-below-stick-meta":"","astra-migrate-meta-layouts":"default","ast-page-background-enabled":"default","ast-page-background-meta":{"desktop":{"background-color":"","background-image":"","background-repeat":"repeat","background-position":"center center","background-size":"auto","background-attachment":"scroll","background-type":"","background-media":"","overlay-type":"","overlay-color":"","overlay-opacity":"","overlay-gradient":""},"tablet":{"background-color":"","background-image":"","background-repeat":"repeat","background-position":"center center","background-size":"auto","background-attachment":"scroll","background-type":"","background-media":"","overlay-type":"","overlay-color":"","overlay-opacity":"","overlay-gradient":""},"mobile":{"background-color":"","background-image":"","background-repeat":"repeat","background-position":"center center","background-size":"auto","background-attachment":"scroll","background-type":"","background-media":"","overlay-type":"","overlay-color":"","overlay-opacity":"","overlay-gradient":""}},"ast-content-background-meta":{"desktop":{"background-color":"var(--ast-global-color-4)","background-image":"","background-repeat":"repeat","background-position":"center center","background-size":"auto","background-attachment":"scroll","background-type":"","background-media":"","overlay-type":"","overlay-color":"","overlay-opacity":"","overlay-gradient":""},"tablet":{"background-color":"var(--ast-global-color-4)","background-image":"","background-repeat":"repeat","background-position":"center center","background-size":"auto","background-attachment":"scroll","background-type":"","background-media":"","overlay-type":"","overlay-color":"","overlay-opacity":"","overlay-gradient":""},"mobile":{"background-color":"var(--ast-global-color-4)","background-image":"","background-repeat":"repeat","background-position":"center center","background-size":"auto","background-attachment":"scroll","background-type":"","background-media":"","overlay-type":"","overlay-color":"","overlay-opacity":"","overlay-gradient":""}}},"product_brand":[],"product_cat":[9862,174,15],"product_tag":[6781,6782,2228,2225,5145,2441,2227],"class_list":{"0":"post-19848","1":"product","2":"type-product","3":"status-publish","4":"has-post-thumbnail","6":"product_cat-lietuvos-istorija","7":"product_cat-istorija-ir-politologija","8":"product_cat-uncategorized","9":"product_tag-albertas-ruzgas","10":"product_tag-leidiniai","11":"product_tag-lietuvos-istorija","12":"product_tag-partizanai","13":"product_tag-pogrindis","14":"product_tag-rezistencija","15":"product_tag-sovietine-okupacija","16":"desktop-align-left","17":"tablet-align-left","18":"mobile-align-left","20":"first","21":"instock","22":"shipping-taxable","23":"purchasable","24":"product-type-simple"},"acf":[],"yoast_head":"<!-- This site is optimized with the Yoast SEO plugin v27.0 - https:\/\/yoast.com\/product\/yoast-seo-wordpress\/ -->\n<title>Rezistent\u0173 pogrindiniai periodiniai leidiniai<\/title>\n<meta name=\"description\" content=\"\u0160i knyga \u2013 tai okupacij\u0173 metais (1940\u20131989) rezistent\u0173 leist\u0173 periodini\u0173 leidini\u0173 s\u0105vadas. Jame pateikiama informacija apie ginkluotos rezistencijos\" \/>\n<meta name=\"robots\" content=\"index, follow, max-snippet:-1, max-image-preview:large, max-video-preview:-1\" \/>\n<link rel=\"canonical\" href=\"https:\/\/skaitytaknyga.lt\/en\/produktas\/rezistentu-pogrindiniai-periodiniai-leidiniai\/\" \/>\n<meta property=\"og:locale\" content=\"en_GB\" \/>\n<meta property=\"og:locale:alternate\" content=\"lt_LT\" \/>\n<meta property=\"og:type\" content=\"article\" \/>\n<meta property=\"og:title\" content=\"Rezistent\u0173 pogrindiniai periodiniai leidiniai\" \/>\n<meta property=\"og:description\" content=\"\u0160i knyga \u2013 tai okupacij\u0173 metais (1940\u20131989) rezistent\u0173 leist\u0173 periodini\u0173 leidini\u0173 s\u0105vadas. Jame pateikiama informacija apie ginkluotos rezistencijos\" \/>\n<meta property=\"og:url\" content=\"https:\/\/skaitytaknyga.lt\/en\/produktas\/rezistentu-pogrindiniai-periodiniai-leidiniai\/\" \/>\n<meta property=\"og:site_name\" content=\"Skaitytaknyga\" \/>\n<meta property=\"article:publisher\" content=\"https:\/\/www.facebook.com\/skaitytaknyga\/\" \/>\n<meta property=\"article:modified_time\" content=\"2026-03-18T12:53:35+00:00\" \/>\n<meta property=\"og:image\" content=\"https:\/\/skaitytaknyga.lt\/wp-content\/uploads\/2025\/07\/Rezistentu-pogrindiniai-periodiniai-leidiniai-1.webp\" \/>\n\t<meta property=\"og:image:width\" content=\"556\" \/>\n\t<meta property=\"og:image:height\" content=\"801\" \/>\n\t<meta property=\"og:image:type\" content=\"image\/webp\" \/>\n<meta name=\"twitter:card\" content=\"summary_large_image\" \/>\n<script type=\"application\/ld+json\" class=\"yoast-schema-graph\">{\"@context\":\"https:\/\/schema.org\",\"@graph\":[{\"@type\":\"WebPage\",\"@id\":\"https:\/\/skaitytaknyga.lt\/produktas\/rezistentu-pogrindiniai-periodiniai-leidiniai\/\",\"url\":\"https:\/\/skaitytaknyga.lt\/produktas\/rezistentu-pogrindiniai-periodiniai-leidiniai\/\",\"name\":\"Rezistent\u0173 pogrindiniai periodiniai leidiniai\",\"isPartOf\":{\"@id\":\"https:\/\/skaitytaknyga.lt\/#website\"},\"primaryImageOfPage\":{\"@id\":\"https:\/\/skaitytaknyga.lt\/produktas\/rezistentu-pogrindiniai-periodiniai-leidiniai\/#primaryimage\"},\"image\":{\"@id\":\"https:\/\/skaitytaknyga.lt\/produktas\/rezistentu-pogrindiniai-periodiniai-leidiniai\/#primaryimage\"},\"thumbnailUrl\":\"https:\/\/skaitytaknyga.lt\/wp-content\/uploads\/2025\/07\/Rezistentu-pogrindiniai-periodiniai-leidiniai-1.webp\",\"datePublished\":\"2025-07-24T07:13:10+00:00\",\"dateModified\":\"2026-03-18T12:53:35+00:00\",\"description\":\"\u0160i knyga \u2013 tai okupacij\u0173 metais (1940\u20131989) rezistent\u0173 leist\u0173 periodini\u0173 leidini\u0173 s\u0105vadas. Jame pateikiama informacija apie ginkluotos rezistencijos\",\"breadcrumb\":{\"@id\":\"https:\/\/skaitytaknyga.lt\/produktas\/rezistentu-pogrindiniai-periodiniai-leidiniai\/#breadcrumb\"},\"inLanguage\":\"en-GB\",\"potentialAction\":[{\"@type\":\"ReadAction\",\"target\":[\"https:\/\/skaitytaknyga.lt\/produktas\/rezistentu-pogrindiniai-periodiniai-leidiniai\/\"]}]},{\"@type\":\"ImageObject\",\"inLanguage\":\"en-GB\",\"@id\":\"https:\/\/skaitytaknyga.lt\/produktas\/rezistentu-pogrindiniai-periodiniai-leidiniai\/#primaryimage\",\"url\":\"https:\/\/skaitytaknyga.lt\/wp-content\/uploads\/2025\/07\/Rezistentu-pogrindiniai-periodiniai-leidiniai-1.webp\",\"contentUrl\":\"https:\/\/skaitytaknyga.lt\/wp-content\/uploads\/2025\/07\/Rezistentu-pogrindiniai-periodiniai-leidiniai-1.webp\",\"width\":556,\"height\":801,\"caption\":\"Rezistent\u0173 pogrindiniai periodiniai leidiniai\"},{\"@type\":\"BreadcrumbList\",\"@id\":\"https:\/\/skaitytaknyga.lt\/produktas\/rezistentu-pogrindiniai-periodiniai-leidiniai\/#breadcrumb\",\"itemListElement\":[{\"@type\":\"ListItem\",\"position\":1,\"name\":\"Home\",\"item\":\"https:\/\/skaitytaknyga.lt\/\"},{\"@type\":\"ListItem\",\"position\":2,\"name\":\"Parduotuv\u0117\",\"item\":\"https:\/\/skaitytaknyga.lt\/knygu-parduotuve\/\"},{\"@type\":\"ListItem\",\"position\":3,\"name\":\"Rezistent\u0173 pogrindiniai periodiniai leidiniai\"}]},{\"@type\":\"WebSite\",\"@id\":\"https:\/\/skaitytaknyga.lt\/#website\",\"url\":\"https:\/\/skaitytaknyga.lt\/\",\"name\":\"skaitytaknyga.lt\",\"description\":\"Skaitytaknyga.lt \u2013 tai ma\u017eas \u0161eimos verslas, kuris prasid\u0117jo nuo meil\u0117s knygoms ir siekio i\u0161gelb\u0117ti knygas nuo likimo prie konteinerio. Kas vienam nereikalingas daiktas \u2013 kitam lobis, o mes esame tarpininkai, kurie padeda abiems tapti laimingesniems ???? \u017dinome kaip nelengva i\u0161gyventi ma\u017eiems verslams, tad nuo \u0161iol, \u010dia rasite ir kit\u0173, ma\u017e\u0173 \u0161eim\u0173 versl\u0173, rank\u0173 darbo, dovan\u0173 sau ir artimiesiems.\",\"publisher\":{\"@id\":\"https:\/\/skaitytaknyga.lt\/#organization\"},\"potentialAction\":[{\"@type\":\"SearchAction\",\"target\":{\"@type\":\"EntryPoint\",\"urlTemplate\":\"https:\/\/skaitytaknyga.lt\/?s={search_term_string}\"},\"query-input\":{\"@type\":\"PropertyValueSpecification\",\"valueRequired\":true,\"valueName\":\"search_term_string\"}}],\"inLanguage\":\"en-GB\"},{\"@type\":\"Organization\",\"@id\":\"https:\/\/skaitytaknyga.lt\/#organization\",\"name\":\"skaitytaknyga.lt\",\"url\":\"https:\/\/skaitytaknyga.lt\/\",\"logo\":{\"@type\":\"ImageObject\",\"inLanguage\":\"en-GB\",\"@id\":\"https:\/\/skaitytaknyga.lt\/#\/schema\/logo\/image\/\",\"url\":\"https:\/\/skaitytaknyga.lt\/wp-content\/uploads\/2024\/05\/cropped-cropped-cropped-02_00843_jt3bggkj1j3HLc7SyY6rEUpg.jpeg\",\"contentUrl\":\"https:\/\/skaitytaknyga.lt\/wp-content\/uploads\/2024\/05\/cropped-cropped-cropped-02_00843_jt3bggkj1j3HLc7SyY6rEUpg.jpeg\",\"width\":1600,\"height\":1600,\"caption\":\"skaitytaknyga.lt\"},\"image\":{\"@id\":\"https:\/\/skaitytaknyga.lt\/#\/schema\/logo\/image\/\"},\"sameAs\":[\"https:\/\/www.facebook.com\/skaitytaknyga\/\"]}]}<\/script>\n<!-- \/ Yoast SEO plugin. -->","yoast_head_json":{"title":"Rezistent\u0173 pogrindiniai periodiniai leidiniai","description":"\u0160i knyga \u2013 tai okupacij\u0173 metais (1940\u20131989) rezistent\u0173 leist\u0173 periodini\u0173 leidini\u0173 s\u0105vadas. Jame pateikiama informacija apie ginkluotos rezistencijos","robots":{"index":"index","follow":"follow","max-snippet":"max-snippet:-1","max-image-preview":"max-image-preview:large","max-video-preview":"max-video-preview:-1"},"canonical":"https:\/\/skaitytaknyga.lt\/en\/produktas\/rezistentu-pogrindiniai-periodiniai-leidiniai\/","og_locale":"en_GB","og_type":"article","og_title":"[:lt]Rezistent\u0173 pogrindiniai periodiniai leidiniai[:] - Skaitytaknyga","og_description":"\u0160i knyga \u2013 tai okupacij\u0173 metais (1940\u20131989) rezistent\u0173 leist\u0173 periodini\u0173 leidini\u0173 s\u0105vadas. Jame pateikiama informacija apie ginkluotos rezistencijos","og_url":"https:\/\/skaitytaknyga.lt\/en\/produktas\/rezistentu-pogrindiniai-periodiniai-leidiniai\/","og_site_name":"Skaitytaknyga","article_publisher":"https:\/\/www.facebook.com\/skaitytaknyga\/","article_modified_time":"2026-03-18T12:53:35+00:00","og_image":[{"width":556,"height":801,"url":"https:\/\/skaitytaknyga.lt\/wp-content\/uploads\/2025\/07\/Rezistentu-pogrindiniai-periodiniai-leidiniai-1.webp","type":"image\/webp"}],"twitter_card":"summary_large_image","schema":{"@context":"https:\/\/schema.org","@graph":[{"@type":"WebPage","@id":"https:\/\/skaitytaknyga.lt\/produktas\/rezistentu-pogrindiniai-periodiniai-leidiniai\/","url":"https:\/\/skaitytaknyga.lt\/produktas\/rezistentu-pogrindiniai-periodiniai-leidiniai\/","name":"Rezistent\u0173 pogrindiniai periodiniai leidiniai","isPartOf":{"@id":"https:\/\/skaitytaknyga.lt\/#website"},"primaryImageOfPage":{"@id":"https:\/\/skaitytaknyga.lt\/produktas\/rezistentu-pogrindiniai-periodiniai-leidiniai\/#primaryimage"},"image":{"@id":"https:\/\/skaitytaknyga.lt\/produktas\/rezistentu-pogrindiniai-periodiniai-leidiniai\/#primaryimage"},"thumbnailUrl":"https:\/\/skaitytaknyga.lt\/wp-content\/uploads\/2025\/07\/Rezistentu-pogrindiniai-periodiniai-leidiniai-1.webp","datePublished":"2025-07-24T07:13:10+00:00","dateModified":"2026-03-18T12:53:35+00:00","description":"\u0160i knyga \u2013 tai okupacij\u0173 metais (1940\u20131989) rezistent\u0173 leist\u0173 periodini\u0173 leidini\u0173 s\u0105vadas. Jame pateikiama informacija apie ginkluotos rezistencijos","breadcrumb":{"@id":"https:\/\/skaitytaknyga.lt\/produktas\/rezistentu-pogrindiniai-periodiniai-leidiniai\/#breadcrumb"},"inLanguage":"en-GB","potentialAction":[{"@type":"ReadAction","target":["https:\/\/skaitytaknyga.lt\/produktas\/rezistentu-pogrindiniai-periodiniai-leidiniai\/"]}]},{"@type":"ImageObject","inLanguage":"en-GB","@id":"https:\/\/skaitytaknyga.lt\/produktas\/rezistentu-pogrindiniai-periodiniai-leidiniai\/#primaryimage","url":"https:\/\/skaitytaknyga.lt\/wp-content\/uploads\/2025\/07\/Rezistentu-pogrindiniai-periodiniai-leidiniai-1.webp","contentUrl":"https:\/\/skaitytaknyga.lt\/wp-content\/uploads\/2025\/07\/Rezistentu-pogrindiniai-periodiniai-leidiniai-1.webp","width":556,"height":801,"caption":"Rezistent\u0173 pogrindiniai periodiniai leidiniai"},{"@type":"BreadcrumbList","@id":"https:\/\/skaitytaknyga.lt\/produktas\/rezistentu-pogrindiniai-periodiniai-leidiniai\/#breadcrumb","itemListElement":[{"@type":"ListItem","position":1,"name":"Home","item":"https:\/\/skaitytaknyga.lt\/"},{"@type":"ListItem","position":2,"name":"Parduotuv\u0117","item":"https:\/\/skaitytaknyga.lt\/knygu-parduotuve\/"},{"@type":"ListItem","position":3,"name":"Rezistent\u0173 pogrindiniai periodiniai leidiniai"}]},{"@type":"WebSite","@id":"https:\/\/skaitytaknyga.lt\/#website","url":"https:\/\/skaitytaknyga.lt\/","name":"skaitytaknyga.lt","description":"Skaitytaknyga.lt \u2013 tai ma\u017eas \u0161eimos verslas, kuris prasid\u0117jo nuo meil\u0117s knygoms ir siekio i\u0161gelb\u0117ti knygas nuo likimo prie konteinerio. Kas vienam nereikalingas daiktas \u2013 kitam lobis, o mes esame tarpininkai, kurie padeda abiems tapti laimingesniems ???? \u017dinome kaip nelengva i\u0161gyventi ma\u017eiems verslams, tad nuo \u0161iol, \u010dia rasite ir kit\u0173, ma\u017e\u0173 \u0161eim\u0173 versl\u0173, rank\u0173 darbo, dovan\u0173 sau ir artimiesiems.","publisher":{"@id":"https:\/\/skaitytaknyga.lt\/#organization"},"potentialAction":[{"@type":"SearchAction","target":{"@type":"EntryPoint","urlTemplate":"https:\/\/skaitytaknyga.lt\/?s={search_term_string}"},"query-input":{"@type":"PropertyValueSpecification","valueRequired":true,"valueName":"search_term_string"}}],"inLanguage":"en-GB"},{"@type":"Organization","@id":"https:\/\/skaitytaknyga.lt\/#organization","name":"skaitytaknyga.lt","url":"https:\/\/skaitytaknyga.lt\/","logo":{"@type":"ImageObject","inLanguage":"en-GB","@id":"https:\/\/skaitytaknyga.lt\/#\/schema\/logo\/image\/","url":"https:\/\/skaitytaknyga.lt\/wp-content\/uploads\/2024\/05\/cropped-cropped-cropped-02_00843_jt3bggkj1j3HLc7SyY6rEUpg.jpeg","contentUrl":"https:\/\/skaitytaknyga.lt\/wp-content\/uploads\/2024\/05\/cropped-cropped-cropped-02_00843_jt3bggkj1j3HLc7SyY6rEUpg.jpeg","width":1600,"height":1600,"caption":"skaitytaknyga.lt"},"image":{"@id":"https:\/\/skaitytaknyga.lt\/#\/schema\/logo\/image\/"},"sameAs":["https:\/\/www.facebook.com\/skaitytaknyga\/"]}]}},"_links":{"self":[{"href":"https:\/\/skaitytaknyga.lt\/en\/wp-json\/wp\/v2\/product\/19848","targetHints":{"allow":["GET"]}}],"collection":[{"href":"https:\/\/skaitytaknyga.lt\/en\/wp-json\/wp\/v2\/product"}],"about":[{"href":"https:\/\/skaitytaknyga.lt\/en\/wp-json\/wp\/v2\/types\/product"}],"replies":[{"embeddable":true,"href":"https:\/\/skaitytaknyga.lt\/en\/wp-json\/wp\/v2\/comments?post=19848"}],"wp:featuredmedia":[{"embeddable":true,"href":"https:\/\/skaitytaknyga.lt\/en\/wp-json\/wp\/v2\/media\/19853"}],"wp:attachment":[{"href":"https:\/\/skaitytaknyga.lt\/en\/wp-json\/wp\/v2\/media?parent=19848"}],"wp:term":[{"taxonomy":"product_brand","embeddable":true,"href":"https:\/\/skaitytaknyga.lt\/en\/wp-json\/wp\/v2\/product_brand?post=19848"},{"taxonomy":"product_cat","embeddable":true,"href":"https:\/\/skaitytaknyga.lt\/en\/wp-json\/wp\/v2\/product_cat?post=19848"},{"taxonomy":"product_tag","embeddable":true,"href":"https:\/\/skaitytaknyga.lt\/en\/wp-json\/wp\/v2\/product_tag?post=19848"}],"curies":[{"name":"wp","href":"https:\/\/api.w.org\/{rel}","templated":true}]}}