{"id":19842,"date":"2025-07-24T09:13:18","date_gmt":"2025-07-24T06:13:18","guid":{"rendered":"https:\/\/skaitytaknyga.lt\/?post_type=product&#038;p=19842"},"modified":"2025-07-24T09:23:36","modified_gmt":"2025-07-24T06:23:36","slug":"sutartos-futbolo-rungtynes","status":"publish","type":"product","link":"https:\/\/skaitytaknyga.lt\/en\/produktas\/sutartos-futbolo-rungtynes\/","title":{"rendered":"Sutartos futbolo rungtyn\u0117s"},"content":{"rendered":"<p>KARAS PRIE\u0160 FUTBOL\u0104.<\/p>\n<p>Sutart\u0173 rungtyni\u0173 banga prad\u0117jo kelti gr\u0117sm\u0119 populiariausio pasaulio sporto i\u0161likimui.<br \/>\nSutartos futbolo rungtyn\u0117s. \u017dvilgsnis i\u0161 vidaus.<br \/>\n\u012evairiose \u0161alyse vyksta de\u0161imtys policijos tyrim\u0173; \u0161imtai ma\u010d\u0173, nuo auk\u0161\u010diausio lygio tarptautini\u0173 rungtyni\u0173 \u010cempion\u0173 lygoje iki jaunimo ekip\u0173 susitikim\u0173 buvo sutarti ir vir\u0161 t\u016bkstan\u010dio \u017eaid\u0117j\u0173, treneri\u0173 ir teis\u0117j\u0173 pateko u\u017e grot\u0173.<br \/>\n\u0160i nauja sporto korupcijos forma sunaikins futbol\u0105, jei mes jai nepasiprie\u0161insime.<\/p>\n<p>NOR\u0116DAMI PRIE\u0160 TAI KOVOTI, TURIME TAI SUPRASTI.<\/p>\n<p>Knyga \u201eSutartos futbolo rungtyn\u0117s. \u017dvilgsnis i\u0161 vidaus&#8221; analizuoja motyvacij\u0105, mechanizm\u0105 ir metodus naujuose sutart\u0173 rungtyni\u0173 modeliuose.<\/p>\n<p>Tai \u2013 mokslin\u0117 knyga, skirta ne mokslininkams, paremta daktaro disertacija, para\u0161yta \u017eurnalisto, tyrin\u0117tojo ir Oksfordo Universiteto akademiko Declano Hillo.<\/p>\n<p>Hillas buvo pirmasis \u017emogus, atskleid\u0119s nauj\u0105 suk\u010diavimo b\u016bd\u0105 futbole, kai \u012fsiskverb\u0117 \u012f Azijos sutart\u0173 rungtyni\u0173 grupuot\u0119.<\/p>\n","protected":false},"excerpt":{"rendered":"<p>KARAS PRIE\u0160 FUTBOL\u0104. Sutart\u0173 rungtyni\u0173 banga prad\u0117jo kelti gr\u0117sm\u0119 populiariausio pasaulio sporto i\u0161likimui. Sutartos futbolo rungtyn\u0117s. \u017dvilgsnis i\u0161 vidaus. \u012evairiose \u0161alyse vyksta de\u0161imtys policijos tyrim\u0173; \u0161imtai ma\u010d\u0173, nuo auk\u0161\u010diausio lygio tarptautini\u0173 rungtyni\u0173 \u010cempion\u0173 lygoje iki jaunimo ekip\u0173 susitikim\u0173 buvo sutarti ir vir\u0161 t\u016bkstan\u010dio \u017eaid\u0117j\u0173, treneri\u0173 ir teis\u0117j\u0173 pateko u\u017e grot\u0173. \u0160i nauja sporto korupcijos forma sunaikins futbol\u0105, jei mes jai nepasiprie\u0161insime. NOR\u0116DAMI PRIE\u0160 TAI KOVOTI, TURIME TAI SUPRASTI. Knyga \u201eSutartos futbolo rungtyn\u0117s. \u017dvilgsnis i\u0161 vidaus&#8221; analizuoja motyvacij\u0105, mechanizm\u0105 ir metodus naujuose sutart\u0173 rungtyni\u0173 modeliuose. Tai \u2013 mokslin\u0117 knyga, skirta ne mokslininkams, paremta daktaro disertacija, para\u0161yta \u017eurnalisto, tyrin\u0117tojo ir Oksfordo Universiteto akademiko Declano Hillo. Hillas buvo pirmasis \u017emogus, atskleid\u0119s nauj\u0105 suk\u010diavimo b\u016bd\u0105 futbole, kai \u012fsiskverb\u0117 \u012f Azijos sutart\u0173 rungtyni\u0173 grupuot\u0119.<\/p>\n","protected":false},"featured_media":19847,"comment_status":"open","ping_status":"closed","template":"","meta":{"_acf_changed":false,"site-sidebar-layout":"default","site-content-layout":"","ast-site-content-layout":"default","site-content-style":"default","site-sidebar-style":"default","ast-global-header-display":"","ast-banner-title-visibility":"","ast-main-header-display":"","ast-hfb-above-header-display":"","ast-hfb-below-header-display":"","ast-hfb-mobile-header-display":"","site-post-title":"","ast-breadcrumbs-content":"","ast-featured-img":"","footer-sml-layout":"","ast-disable-related-posts":"","theme-transparent-header-meta":"","adv-header-id-meta":"","stick-header-meta":"","header-above-stick-meta":"","header-main-stick-meta":"","header-below-stick-meta":"","astra-migrate-meta-layouts":"default","ast-page-background-enabled":"default","ast-page-background-meta":{"desktop":{"background-color":"","background-image":"","background-repeat":"repeat","background-position":"center center","background-size":"auto","background-attachment":"scroll","background-type":"","background-media":"","overlay-type":"","overlay-color":"","overlay-opacity":"","overlay-gradient":""},"tablet":{"background-color":"","background-image":"","background-repeat":"repeat","background-position":"center center","background-size":"auto","background-attachment":"scroll","background-type":"","background-media":"","overlay-type":"","overlay-color":"","overlay-opacity":"","overlay-gradient":""},"mobile":{"background-color":"","background-image":"","background-repeat":"repeat","background-position":"center center","background-size":"auto","background-attachment":"scroll","background-type":"","background-media":"","overlay-type":"","overlay-color":"","overlay-opacity":"","overlay-gradient":""}},"ast-content-background-meta":{"desktop":{"background-color":"var(--ast-global-color-4)","background-image":"","background-repeat":"repeat","background-position":"center center","background-size":"auto","background-attachment":"scroll","background-type":"","background-media":"","overlay-type":"","overlay-color":"","overlay-opacity":"","overlay-gradient":""},"tablet":{"background-color":"var(--ast-global-color-4)","background-image":"","background-repeat":"repeat","background-position":"center center","background-size":"auto","background-attachment":"scroll","background-type":"","background-media":"","overlay-type":"","overlay-color":"","overlay-opacity":"","overlay-gradient":""},"mobile":{"background-color":"var(--ast-global-color-4)","background-image":"","background-repeat":"repeat","background-position":"center center","background-size":"auto","background-attachment":"scroll","background-type":"","background-media":"","overlay-type":"","overlay-color":"","overlay-opacity":"","overlay-gradient":""}}},"product_brand":[],"product_cat":[15],"product_tag":[6766,3168,6764,6765,6761,6762,6763],"class_list":{"0":"post-19842","1":"product","2":"type-product","3":"status-publish","4":"has-post-thumbnail","6":"product_cat-uncategorized","7":"product_tag-declan-hill","8":"product_tag-futbolas","9":"product_tag-organizuotas-nusikalstamumas","10":"product_tag-sociologinis-tyrimas","11":"product_tag-sporto-korupcija","12":"product_tag-sutartos-rungtynes","13":"product_tag-zurnalistinis-tyrimas","14":"desktop-align-left","15":"tablet-align-left","16":"mobile-align-left","18":"first","19":"instock","20":"shipping-taxable","21":"purchasable","22":"product-type-simple"},"acf":[],"yoast_head":"<!-- This site is optimized with the Yoast SEO plugin v27.0 - https:\/\/yoast.com\/product\/yoast-seo-wordpress\/ -->\n<title>Sutartos futbolo rungtyn\u0117s<\/title>\n<meta name=\"description\" content=\"KARAS PRIE\u0160 FUTBOL\u0104. Sutart\u0173 rungtyni\u0173 banga prad\u0117jo kelti gr\u0117sm\u0119 populiariausio pasaulio sporto i\u0161likimui. Sutartos futbolo rungtyn\u0117s. \u017dvilgsnis i\u0161\" \/>\n<meta name=\"robots\" content=\"index, follow, max-snippet:-1, max-image-preview:large, max-video-preview:-1\" \/>\n<link rel=\"canonical\" href=\"https:\/\/skaitytaknyga.lt\/en\/produktas\/sutartos-futbolo-rungtynes\/\" \/>\n<meta property=\"og:locale\" content=\"en_GB\" \/>\n<meta property=\"og:locale:alternate\" content=\"lt_LT\" \/>\n<meta property=\"og:type\" content=\"article\" \/>\n<meta property=\"og:title\" content=\"Sutartos futbolo rungtyn\u0117s\" \/>\n<meta property=\"og:description\" content=\"KARAS PRIE\u0160 FUTBOL\u0104. Sutart\u0173 rungtyni\u0173 banga prad\u0117jo kelti gr\u0117sm\u0119 populiariausio pasaulio sporto i\u0161likimui. Sutartos futbolo rungtyn\u0117s. \u017dvilgsnis i\u0161\" \/>\n<meta property=\"og:url\" content=\"https:\/\/skaitytaknyga.lt\/en\/produktas\/sutartos-futbolo-rungtynes\/\" \/>\n<meta property=\"og:site_name\" content=\"Skaitytaknyga\" \/>\n<meta property=\"article:publisher\" content=\"https:\/\/www.facebook.com\/skaitytaknyga\/\" \/>\n<meta property=\"article:modified_time\" content=\"2025-07-24T06:23:36+00:00\" \/>\n<meta property=\"og:image\" content=\"https:\/\/skaitytaknyga.lt\/wp-content\/uploads\/2025\/07\/Sutartos-futbolo-rungtynes-1.webp\" \/>\n\t<meta property=\"og:image:width\" content=\"563\" \/>\n\t<meta property=\"og:image:height\" content=\"801\" \/>\n\t<meta property=\"og:image:type\" content=\"image\/webp\" \/>\n<meta name=\"twitter:card\" content=\"summary_large_image\" \/>\n<meta name=\"twitter:label1\" content=\"Estimated reading time\" \/>\n\t<meta name=\"twitter:data1\" content=\"1 minute\" \/>\n<script type=\"application\/ld+json\" class=\"yoast-schema-graph\">{\"@context\":\"https:\/\/schema.org\",\"@graph\":[{\"@type\":\"WebPage\",\"@id\":\"https:\/\/skaitytaknyga.lt\/produktas\/sutartos-futbolo-rungtynes\/\",\"url\":\"https:\/\/skaitytaknyga.lt\/produktas\/sutartos-futbolo-rungtynes\/\",\"name\":\"Sutartos futbolo rungtyn\u0117s\",\"isPartOf\":{\"@id\":\"https:\/\/skaitytaknyga.lt\/#website\"},\"primaryImageOfPage\":{\"@id\":\"https:\/\/skaitytaknyga.lt\/produktas\/sutartos-futbolo-rungtynes\/#primaryimage\"},\"image\":{\"@id\":\"https:\/\/skaitytaknyga.lt\/produktas\/sutartos-futbolo-rungtynes\/#primaryimage\"},\"thumbnailUrl\":\"https:\/\/skaitytaknyga.lt\/wp-content\/uploads\/2025\/07\/Sutartos-futbolo-rungtynes-1.webp\",\"datePublished\":\"2025-07-24T06:13:18+00:00\",\"dateModified\":\"2025-07-24T06:23:36+00:00\",\"description\":\"KARAS PRIE\u0160 FUTBOL\u0104. Sutart\u0173 rungtyni\u0173 banga prad\u0117jo kelti gr\u0117sm\u0119 populiariausio pasaulio sporto i\u0161likimui. Sutartos futbolo rungtyn\u0117s. \u017dvilgsnis i\u0161\",\"breadcrumb\":{\"@id\":\"https:\/\/skaitytaknyga.lt\/produktas\/sutartos-futbolo-rungtynes\/#breadcrumb\"},\"inLanguage\":\"en-GB\",\"potentialAction\":[{\"@type\":\"ReadAction\",\"target\":[\"https:\/\/skaitytaknyga.lt\/produktas\/sutartos-futbolo-rungtynes\/\"]}]},{\"@type\":\"ImageObject\",\"inLanguage\":\"en-GB\",\"@id\":\"https:\/\/skaitytaknyga.lt\/produktas\/sutartos-futbolo-rungtynes\/#primaryimage\",\"url\":\"https:\/\/skaitytaknyga.lt\/wp-content\/uploads\/2025\/07\/Sutartos-futbolo-rungtynes-1.webp\",\"contentUrl\":\"https:\/\/skaitytaknyga.lt\/wp-content\/uploads\/2025\/07\/Sutartos-futbolo-rungtynes-1.webp\",\"width\":563,\"height\":801,\"caption\":\"Sutartos futbolo rungtyn\u0117s\"},{\"@type\":\"BreadcrumbList\",\"@id\":\"https:\/\/skaitytaknyga.lt\/produktas\/sutartos-futbolo-rungtynes\/#breadcrumb\",\"itemListElement\":[{\"@type\":\"ListItem\",\"position\":1,\"name\":\"Home\",\"item\":\"https:\/\/skaitytaknyga.lt\/\"},{\"@type\":\"ListItem\",\"position\":2,\"name\":\"Parduotuv\u0117\",\"item\":\"https:\/\/skaitytaknyga.lt\/knygu-parduotuve\/\"},{\"@type\":\"ListItem\",\"position\":3,\"name\":\"Sutartos futbolo rungtyn\u0117s\"}]},{\"@type\":\"WebSite\",\"@id\":\"https:\/\/skaitytaknyga.lt\/#website\",\"url\":\"https:\/\/skaitytaknyga.lt\/\",\"name\":\"skaitytaknyga.lt\",\"description\":\"Skaitytaknyga.lt \u2013 tai ma\u017eas \u0161eimos verslas, kuris prasid\u0117jo nuo meil\u0117s knygoms ir siekio i\u0161gelb\u0117ti knygas nuo likimo prie konteinerio. Kas vienam nereikalingas daiktas \u2013 kitam lobis, o mes esame tarpininkai, kurie padeda abiems tapti laimingesniems ???? \u017dinome kaip nelengva i\u0161gyventi ma\u017eiems verslams, tad nuo \u0161iol, \u010dia rasite ir kit\u0173, ma\u017e\u0173 \u0161eim\u0173 versl\u0173, rank\u0173 darbo, dovan\u0173 sau ir artimiesiems.\",\"publisher\":{\"@id\":\"https:\/\/skaitytaknyga.lt\/#organization\"},\"potentialAction\":[{\"@type\":\"SearchAction\",\"target\":{\"@type\":\"EntryPoint\",\"urlTemplate\":\"https:\/\/skaitytaknyga.lt\/?s={search_term_string}\"},\"query-input\":{\"@type\":\"PropertyValueSpecification\",\"valueRequired\":true,\"valueName\":\"search_term_string\"}}],\"inLanguage\":\"en-GB\"},{\"@type\":\"Organization\",\"@id\":\"https:\/\/skaitytaknyga.lt\/#organization\",\"name\":\"skaitytaknyga.lt\",\"url\":\"https:\/\/skaitytaknyga.lt\/\",\"logo\":{\"@type\":\"ImageObject\",\"inLanguage\":\"en-GB\",\"@id\":\"https:\/\/skaitytaknyga.lt\/#\/schema\/logo\/image\/\",\"url\":\"https:\/\/skaitytaknyga.lt\/wp-content\/uploads\/2024\/05\/cropped-cropped-cropped-02_00843_jt3bggkj1j3HLc7SyY6rEUpg.jpeg\",\"contentUrl\":\"https:\/\/skaitytaknyga.lt\/wp-content\/uploads\/2024\/05\/cropped-cropped-cropped-02_00843_jt3bggkj1j3HLc7SyY6rEUpg.jpeg\",\"width\":1600,\"height\":1600,\"caption\":\"skaitytaknyga.lt\"},\"image\":{\"@id\":\"https:\/\/skaitytaknyga.lt\/#\/schema\/logo\/image\/\"},\"sameAs\":[\"https:\/\/www.facebook.com\/skaitytaknyga\/\"]}]}<\/script>\n<!-- \/ Yoast SEO plugin. -->","yoast_head_json":{"title":"Sutartos futbolo rungtyn\u0117s","description":"KARAS PRIE\u0160 FUTBOL\u0104. Sutart\u0173 rungtyni\u0173 banga prad\u0117jo kelti gr\u0117sm\u0119 populiariausio pasaulio sporto i\u0161likimui. Sutartos futbolo rungtyn\u0117s. \u017dvilgsnis i\u0161","robots":{"index":"index","follow":"follow","max-snippet":"max-snippet:-1","max-image-preview":"max-image-preview:large","max-video-preview":"max-video-preview:-1"},"canonical":"https:\/\/skaitytaknyga.lt\/en\/produktas\/sutartos-futbolo-rungtynes\/","og_locale":"en_GB","og_type":"article","og_title":"[:lt]Sutartos futbolo rungtyn\u0117s[:] - Skaitytaknyga","og_description":"KARAS PRIE\u0160 FUTBOL\u0104. Sutart\u0173 rungtyni\u0173 banga prad\u0117jo kelti gr\u0117sm\u0119 populiariausio pasaulio sporto i\u0161likimui. Sutartos futbolo rungtyn\u0117s. \u017dvilgsnis i\u0161","og_url":"https:\/\/skaitytaknyga.lt\/en\/produktas\/sutartos-futbolo-rungtynes\/","og_site_name":"Skaitytaknyga","article_publisher":"https:\/\/www.facebook.com\/skaitytaknyga\/","article_modified_time":"2025-07-24T06:23:36+00:00","og_image":[{"width":563,"height":801,"url":"https:\/\/skaitytaknyga.lt\/wp-content\/uploads\/2025\/07\/Sutartos-futbolo-rungtynes-1.webp","type":"image\/webp"}],"twitter_card":"summary_large_image","twitter_misc":{"Estimated reading time":"1 minute"},"schema":{"@context":"https:\/\/schema.org","@graph":[{"@type":"WebPage","@id":"https:\/\/skaitytaknyga.lt\/produktas\/sutartos-futbolo-rungtynes\/","url":"https:\/\/skaitytaknyga.lt\/produktas\/sutartos-futbolo-rungtynes\/","name":"Sutartos futbolo rungtyn\u0117s","isPartOf":{"@id":"https:\/\/skaitytaknyga.lt\/#website"},"primaryImageOfPage":{"@id":"https:\/\/skaitytaknyga.lt\/produktas\/sutartos-futbolo-rungtynes\/#primaryimage"},"image":{"@id":"https:\/\/skaitytaknyga.lt\/produktas\/sutartos-futbolo-rungtynes\/#primaryimage"},"thumbnailUrl":"https:\/\/skaitytaknyga.lt\/wp-content\/uploads\/2025\/07\/Sutartos-futbolo-rungtynes-1.webp","datePublished":"2025-07-24T06:13:18+00:00","dateModified":"2025-07-24T06:23:36+00:00","description":"KARAS PRIE\u0160 FUTBOL\u0104. Sutart\u0173 rungtyni\u0173 banga prad\u0117jo kelti gr\u0117sm\u0119 populiariausio pasaulio sporto i\u0161likimui. Sutartos futbolo rungtyn\u0117s. \u017dvilgsnis i\u0161","breadcrumb":{"@id":"https:\/\/skaitytaknyga.lt\/produktas\/sutartos-futbolo-rungtynes\/#breadcrumb"},"inLanguage":"en-GB","potentialAction":[{"@type":"ReadAction","target":["https:\/\/skaitytaknyga.lt\/produktas\/sutartos-futbolo-rungtynes\/"]}]},{"@type":"ImageObject","inLanguage":"en-GB","@id":"https:\/\/skaitytaknyga.lt\/produktas\/sutartos-futbolo-rungtynes\/#primaryimage","url":"https:\/\/skaitytaknyga.lt\/wp-content\/uploads\/2025\/07\/Sutartos-futbolo-rungtynes-1.webp","contentUrl":"https:\/\/skaitytaknyga.lt\/wp-content\/uploads\/2025\/07\/Sutartos-futbolo-rungtynes-1.webp","width":563,"height":801,"caption":"Sutartos futbolo rungtyn\u0117s"},{"@type":"BreadcrumbList","@id":"https:\/\/skaitytaknyga.lt\/produktas\/sutartos-futbolo-rungtynes\/#breadcrumb","itemListElement":[{"@type":"ListItem","position":1,"name":"Home","item":"https:\/\/skaitytaknyga.lt\/"},{"@type":"ListItem","position":2,"name":"Parduotuv\u0117","item":"https:\/\/skaitytaknyga.lt\/knygu-parduotuve\/"},{"@type":"ListItem","position":3,"name":"Sutartos futbolo rungtyn\u0117s"}]},{"@type":"WebSite","@id":"https:\/\/skaitytaknyga.lt\/#website","url":"https:\/\/skaitytaknyga.lt\/","name":"skaitytaknyga.lt","description":"Skaitytaknyga.lt \u2013 tai ma\u017eas \u0161eimos verslas, kuris prasid\u0117jo nuo meil\u0117s knygoms ir siekio i\u0161gelb\u0117ti knygas nuo likimo prie konteinerio. Kas vienam nereikalingas daiktas \u2013 kitam lobis, o mes esame tarpininkai, kurie padeda abiems tapti laimingesniems ???? \u017dinome kaip nelengva i\u0161gyventi ma\u017eiems verslams, tad nuo \u0161iol, \u010dia rasite ir kit\u0173, ma\u017e\u0173 \u0161eim\u0173 versl\u0173, rank\u0173 darbo, dovan\u0173 sau ir artimiesiems.","publisher":{"@id":"https:\/\/skaitytaknyga.lt\/#organization"},"potentialAction":[{"@type":"SearchAction","target":{"@type":"EntryPoint","urlTemplate":"https:\/\/skaitytaknyga.lt\/?s={search_term_string}"},"query-input":{"@type":"PropertyValueSpecification","valueRequired":true,"valueName":"search_term_string"}}],"inLanguage":"en-GB"},{"@type":"Organization","@id":"https:\/\/skaitytaknyga.lt\/#organization","name":"skaitytaknyga.lt","url":"https:\/\/skaitytaknyga.lt\/","logo":{"@type":"ImageObject","inLanguage":"en-GB","@id":"https:\/\/skaitytaknyga.lt\/#\/schema\/logo\/image\/","url":"https:\/\/skaitytaknyga.lt\/wp-content\/uploads\/2024\/05\/cropped-cropped-cropped-02_00843_jt3bggkj1j3HLc7SyY6rEUpg.jpeg","contentUrl":"https:\/\/skaitytaknyga.lt\/wp-content\/uploads\/2024\/05\/cropped-cropped-cropped-02_00843_jt3bggkj1j3HLc7SyY6rEUpg.jpeg","width":1600,"height":1600,"caption":"skaitytaknyga.lt"},"image":{"@id":"https:\/\/skaitytaknyga.lt\/#\/schema\/logo\/image\/"},"sameAs":["https:\/\/www.facebook.com\/skaitytaknyga\/"]}]}},"_links":{"self":[{"href":"https:\/\/skaitytaknyga.lt\/en\/wp-json\/wp\/v2\/product\/19842","targetHints":{"allow":["GET"]}}],"collection":[{"href":"https:\/\/skaitytaknyga.lt\/en\/wp-json\/wp\/v2\/product"}],"about":[{"href":"https:\/\/skaitytaknyga.lt\/en\/wp-json\/wp\/v2\/types\/product"}],"replies":[{"embeddable":true,"href":"https:\/\/skaitytaknyga.lt\/en\/wp-json\/wp\/v2\/comments?post=19842"}],"wp:featuredmedia":[{"embeddable":true,"href":"https:\/\/skaitytaknyga.lt\/en\/wp-json\/wp\/v2\/media\/19847"}],"wp:attachment":[{"href":"https:\/\/skaitytaknyga.lt\/en\/wp-json\/wp\/v2\/media?parent=19842"}],"wp:term":[{"taxonomy":"product_brand","embeddable":true,"href":"https:\/\/skaitytaknyga.lt\/en\/wp-json\/wp\/v2\/product_brand?post=19842"},{"taxonomy":"product_cat","embeddable":true,"href":"https:\/\/skaitytaknyga.lt\/en\/wp-json\/wp\/v2\/product_cat?post=19842"},{"taxonomy":"product_tag","embeddable":true,"href":"https:\/\/skaitytaknyga.lt\/en\/wp-json\/wp\/v2\/product_tag?post=19842"}],"curies":[{"name":"wp","href":"https:\/\/api.w.org\/{rel}","templated":true}]}}