{"id":19841,"date":"2025-07-24T09:13:18","date_gmt":"2025-07-24T06:13:18","guid":{"rendered":"https:\/\/skaitytaknyga.lt\/?post_type=product&#038;p=19841"},"modified":"2026-03-18T14:59:45","modified_gmt":"2026-03-18T12:59:45","slug":"lietuvos-valdovu-paslaptys-kestutis-ir-birute","status":"publish","type":"product","link":"https:\/\/skaitytaknyga.lt\/en\/produktas\/lietuvos-valdovu-paslaptys-kestutis-ir-birute\/","title":{"rendered":"Lietuvos valdov\u0173 paslaptys. K\u0119stutis ir Birut\u0117"},"content":{"rendered":"<p>Du valstyb\u0117s perversmai, viena sulau\u017eyta priesaika, skandalingos vedybos, vyresni\u0173j\u0173 s\u016bn\u0173 i\u0161davyst\u0117&#8230; ir tai tik prad\u017eia. Istorik\u0117s Ingos Baranauskien\u0117s naujoje sensacingoje knygoje LIETUVOS VALDOV\u0172 PASLAPTYS atskleid\u017eiami netik\u0117ti faktai ne tik apie Lietuvos kunigaik\u0161t\u012f K\u0119stut\u012f, jo pagrobt\u0105 \u017emon\u0105 vaidilut\u0119 Birut\u0119, bet ir paslaptys ir m\u012fsl\u0117s gaubusios Marienburg\u0105&#8230;<\/p>\n<p>K\u0119stutis \u2013 viena ry\u0161kiausi\u0173 viduram\u017ei\u0173 Lietuvos istorijos asmenybi\u0173. Apsuptas pagars\u0117jusi\u0173 i\u0161kili\u0173 valdov\u0173 ir did\u017ei\u0105j\u0105 gyvenimo dal\u012f buv\u0119s tik antruoju asmeniu valstyb\u0117je, jis neliko nei t\u0117vo Gedimino, nei brolio Algirdo, nei s\u016bnaus Vytauto \u0161e\u0161\u0117lyje. Am\u017einink\u0173 ir aini\u0173 atmintin K\u0119stutis \u012fsir\u0117\u017e\u0117 kaip nenuilstantis kovotojas u\u017e savo kra\u0161to laisv\u0119 ir tiesiog kaip garbingas \u017emogus, kuriam net prie\u0161ai ver\u017edavosi paspausti rank\u0105.<\/p>\n<p>Vis d\u0117lto K\u0119stu\u010dio s\u0105skaitoje du valstyb\u0117s perversmai, viena sulau\u017eyta priesaika, skandalingos vedybos, vyresni\u0173j\u0173 s\u016bn\u0173 i\u0161davyst\u0117 ir dar daug kitoki\u0173 politini\u0173 vingi\u0173 ir asmenini\u0173 nuotyki\u0173. Jo meil\u0117 ir vedybos su Birute, vaidilute, skirta tarnauti dievams ir i\u0161 j\u0173 pagrobta \u2013 romanti\u0161kiausia ir dr\u0105siausia to meto meil\u0117s istorija.<\/p>\n<p>Tad kaipgi kunigaik\u0161\u010diui K\u0119stu\u010diui pavyko u\u017esitarnauti garbingo \u017emogaus reputacij\u0105?<\/p>\n<p>Knygoje rasite \u012f\u017evalg\u0173 apie K\u0119stu\u010dio karin\u0119 ir politin\u0119 veikl\u0105, asmeninio gyvenimo peripetijas, bandymus atskleisti nu\u017eudymo paslapt\u012f, net m\u0117ginimus paneigti lietuvi\u0173 barzdo\u010di\u0173 \u012fvaizd\u017eio mit\u0105 \u2013 juk kunigaik\u0161tis K\u0119stutis savo antspaude be barzdos!<\/p>\n<p>Istorik\u0117 Inga Baranauskien\u0117 naujoje sensacingoje knygoje LIETUVOS VALDOV\u0172 PASLAPTYS dr\u0105siai griauna mitus, nar\u0161o lyg \u0161iol netyrin\u0117toje istoriografin\u0117je med\u017eiagoje ir atskleid\u017eia visi\u0161kai nauj\u0105 m\u016bs\u0173 valdov\u0173 portret\u0105. Tai knyga, kuri\u0105 visi istorijos m\u0117g\u0117jai tiesiog suris per nakt\u012f!<\/p>\n","protected":false},"excerpt":{"rendered":"<p>Du valstyb\u0117s perversmai, viena sulau\u017eyta priesaika, skandalingos vedybos, vyresni\u0173j\u0173 s\u016bn\u0173 i\u0161davyst\u0117&#8230; ir tai tik prad\u017eia. Istorik\u0117s Ingos Baranauskien\u0117s naujoje sensacingoje knygoje LIETUVOS VALDOV\u0172 PASLAPTYS atskleid\u017eiami netik\u0117ti faktai ne tik apie Lietuvos kunigaik\u0161t\u012f K\u0119stut\u012f, jo pagrobt\u0105 \u017emon\u0105 vaidilut\u0119 Birut\u0119, bet ir paslaptys ir m\u012fsl\u0117s gaubusios Marienburg\u0105&#8230; K\u0119stutis \u2013 viena ry\u0161kiausi\u0173 viduram\u017ei\u0173 Lietuvos istorijos asmenybi\u0173. Apsuptas pagars\u0117jusi\u0173 i\u0161kili\u0173 valdov\u0173 ir did\u017ei\u0105j\u0105 gyvenimo dal\u012f buv\u0119s tik antruoju asmeniu valstyb\u0117je, jis neliko nei t\u0117vo Gedimino, nei brolio Algirdo, nei s\u016bnaus Vytauto \u0161e\u0161\u0117lyje. Am\u017einink\u0173 ir aini\u0173 atmintin K\u0119stutis \u012fsir\u0117\u017e\u0117 kaip nenuilstantis kovotojas u\u017e savo kra\u0161to laisv\u0119 ir tiesiog kaip garbingas \u017emogus, kuriam net prie\u0161ai ver\u017edavosi paspausti rank\u0105. Vis d\u0117lto K\u0119stu\u010dio s\u0105skaitoje du valstyb\u0117s perversmai, viena sulau\u017eyta priesaika, skandalingos vedybos, vyresni\u0173j\u0173 s\u016bn\u0173 i\u0161davyst\u0117 ir dar daug kitoki\u0173 politini\u0173 vingi\u0173 ir asmenini\u0173 nuotyki\u0173. Jo meil\u0117 ir vedybos su Birute, vaidilute, skirta tarnauti dievams ir i\u0161 j\u0173 pagrobta \u2013 romanti\u0161kiausia ir dr\u0105siausia to meto meil\u0117s istorija. Tad kaipgi kunigaik\u0161\u010diui K\u0119stu\u010diui pavyko u\u017esitarnauti garbingo \u017emogaus reputacij\u0105? Knygoje rasite \u012f\u017evalg\u0173 apie K\u0119stu\u010dio karin\u0119 ir politin\u0119 veikl\u0105, asmeninio gyvenimo peripetijas, bandymus atskleisti nu\u017eudymo paslapt\u012f, net m\u0117ginimus paneigti lietuvi\u0173 barzdo\u010di\u0173 \u012fvaizd\u017eio mit\u0105 \u2013 juk kunigaik\u0161tis K\u0119stutis savo antspaude be barzdos! Istorik\u0117 Inga Baranauskien\u0117 naujoje sensacingoje knygoje LIETUVOS VALDOV\u0172 PASLAPTYS dr\u0105siai griauna mitus, nar\u0161o lyg \u0161iol netyrin\u0117toje istoriografin\u0117je med\u017eiagoje ir atskleid\u017eia visi\u0161kai nauj\u0105 m\u016bs\u0173 valdov\u0173 portret\u0105. Tai knyga, kuri\u0105 visi istorijos m\u0117g\u0117jai tiesiog suris per nakt\u012f!<\/p>\n","protected":false},"featured_media":19846,"comment_status":"open","ping_status":"closed","template":"","meta":{"_acf_changed":false,"site-sidebar-layout":"default","site-content-layout":"","ast-site-content-layout":"default","site-content-style":"default","site-sidebar-style":"default","ast-global-header-display":"","ast-banner-title-visibility":"","ast-main-header-display":"","ast-hfb-above-header-display":"","ast-hfb-below-header-display":"","ast-hfb-mobile-header-display":"","site-post-title":"","ast-breadcrumbs-content":"","ast-featured-img":"","footer-sml-layout":"","ast-disable-related-posts":"","theme-transparent-header-meta":"","adv-header-id-meta":"","stick-header-meta":"","header-above-stick-meta":"","header-main-stick-meta":"","header-below-stick-meta":"","astra-migrate-meta-layouts":"default","ast-page-background-enabled":"default","ast-page-background-meta":{"desktop":{"background-color":"","background-image":"","background-repeat":"repeat","background-position":"center center","background-size":"auto","background-attachment":"scroll","background-type":"","background-media":"","overlay-type":"","overlay-color":"","overlay-opacity":"","overlay-gradient":""},"tablet":{"background-color":"","background-image":"","background-repeat":"repeat","background-position":"center center","background-size":"auto","background-attachment":"scroll","background-type":"","background-media":"","overlay-type":"","overlay-color":"","overlay-opacity":"","overlay-gradient":""},"mobile":{"background-color":"","background-image":"","background-repeat":"repeat","background-position":"center center","background-size":"auto","background-attachment":"scroll","background-type":"","background-media":"","overlay-type":"","overlay-color":"","overlay-opacity":"","overlay-gradient":""}},"ast-content-background-meta":{"desktop":{"background-color":"var(--ast-global-color-4)","background-image":"","background-repeat":"repeat","background-position":"center center","background-size":"auto","background-attachment":"scroll","background-type":"","background-media":"","overlay-type":"","overlay-color":"","overlay-opacity":"","overlay-gradient":""},"tablet":{"background-color":"var(--ast-global-color-4)","background-image":"","background-repeat":"repeat","background-position":"center center","background-size":"auto","background-attachment":"scroll","background-type":"","background-media":"","overlay-type":"","overlay-color":"","overlay-opacity":"","overlay-gradient":""},"mobile":{"background-color":"var(--ast-global-color-4)","background-image":"","background-repeat":"repeat","background-position":"center center","background-size":"auto","background-attachment":"scroll","background-type":"","background-media":"","overlay-type":"","overlay-color":"","overlay-opacity":"","overlay-gradient":""}}},"product_brand":[],"product_cat":[9862,174],"product_tag":[6758,6760,6740,6757,2228,6759,3040],"class_list":{"0":"post-19841","1":"product","2":"type-product","3":"status-publish","4":"has-post-thumbnail","6":"product_cat-lietuvos-istorija","7":"product_cat-istorija-ir-politologija","8":"product_tag-birute","9":"product_tag-inga-baranauskiene","10":"product_tag-istorine-publicistika","11":"product_tag-kunigaikstis-kestutis","12":"product_tag-lietuvos-istorija","13":"product_tag-valdovu-paslaptys","14":"product_tag-viduramziai","15":"desktop-align-left","16":"tablet-align-left","17":"mobile-align-left","19":"first","20":"instock","21":"shipping-taxable","22":"purchasable","23":"product-type-simple"},"acf":[],"yoast_head":"<!-- This site is optimized with the Yoast SEO plugin v27.0 - https:\/\/yoast.com\/product\/yoast-seo-wordpress\/ -->\n<title>Lietuvos valdov\u0173 paslaptys. K\u0119stutis ir Birut\u0117<\/title>\n<meta name=\"description\" content=\"Du valstyb\u0117s perversmai, viena sulau\u017eyta priesaika, skandalingos vedybos, vyresni\u0173j\u0173 s\u016bn\u0173 i\u0161davyst\u0117... ir tai tik prad\u017eia. Istorik\u0117s Ingos Baranauskien\u0117s\" \/>\n<meta name=\"robots\" content=\"index, follow, max-snippet:-1, max-image-preview:large, max-video-preview:-1\" \/>\n<link rel=\"canonical\" href=\"https:\/\/skaitytaknyga.lt\/en\/produktas\/lietuvos-valdovu-paslaptys-kestutis-ir-birute\/\" \/>\n<meta property=\"og:locale\" content=\"en_GB\" \/>\n<meta property=\"og:locale:alternate\" content=\"lt_LT\" \/>\n<meta property=\"og:type\" content=\"article\" \/>\n<meta property=\"og:title\" content=\"Lietuvos valdov\u0173 paslaptys. K\u0119stutis ir Birut\u0117\" \/>\n<meta property=\"og:description\" content=\"Du valstyb\u0117s perversmai, viena sulau\u017eyta priesaika, skandalingos vedybos, vyresni\u0173j\u0173 s\u016bn\u0173 i\u0161davyst\u0117... ir tai tik prad\u017eia. Istorik\u0117s Ingos Baranauskien\u0117s\" \/>\n<meta property=\"og:url\" content=\"https:\/\/skaitytaknyga.lt\/en\/produktas\/lietuvos-valdovu-paslaptys-kestutis-ir-birute\/\" \/>\n<meta property=\"og:site_name\" content=\"Skaitytaknyga\" \/>\n<meta property=\"article:publisher\" content=\"https:\/\/www.facebook.com\/skaitytaknyga\/\" \/>\n<meta property=\"article:modified_time\" content=\"2026-03-18T12:59:45+00:00\" \/>\n<meta property=\"og:image\" content=\"https:\/\/skaitytaknyga.lt\/wp-content\/uploads\/2025\/07\/Lietuvos-valdovu-paslaptys.-Kestutis-ir-Birute.webp\" \/>\n\t<meta property=\"og:image:width\" content=\"541\" \/>\n\t<meta property=\"og:image:height\" content=\"801\" \/>\n\t<meta property=\"og:image:type\" content=\"image\/webp\" \/>\n<meta name=\"twitter:card\" content=\"summary_large_image\" \/>\n<meta name=\"twitter:label1\" content=\"Estimated reading time\" \/>\n\t<meta name=\"twitter:data1\" content=\"1 minute\" \/>\n<script type=\"application\/ld+json\" class=\"yoast-schema-graph\">{\"@context\":\"https:\/\/schema.org\",\"@graph\":[{\"@type\":\"WebPage\",\"@id\":\"https:\/\/skaitytaknyga.lt\/produktas\/lietuvos-valdovu-paslaptys-kestutis-ir-birute\/\",\"url\":\"https:\/\/skaitytaknyga.lt\/produktas\/lietuvos-valdovu-paslaptys-kestutis-ir-birute\/\",\"name\":\"Lietuvos valdov\u0173 paslaptys. K\u0119stutis ir Birut\u0117\",\"isPartOf\":{\"@id\":\"https:\/\/skaitytaknyga.lt\/#website\"},\"primaryImageOfPage\":{\"@id\":\"https:\/\/skaitytaknyga.lt\/produktas\/lietuvos-valdovu-paslaptys-kestutis-ir-birute\/#primaryimage\"},\"image\":{\"@id\":\"https:\/\/skaitytaknyga.lt\/produktas\/lietuvos-valdovu-paslaptys-kestutis-ir-birute\/#primaryimage\"},\"thumbnailUrl\":\"https:\/\/skaitytaknyga.lt\/wp-content\/uploads\/2025\/07\/Lietuvos-valdovu-paslaptys.-Kestutis-ir-Birute.webp\",\"datePublished\":\"2025-07-24T06:13:18+00:00\",\"dateModified\":\"2026-03-18T12:59:45+00:00\",\"description\":\"Du valstyb\u0117s perversmai, viena sulau\u017eyta priesaika, skandalingos vedybos, vyresni\u0173j\u0173 s\u016bn\u0173 i\u0161davyst\u0117... ir tai tik prad\u017eia. Istorik\u0117s Ingos Baranauskien\u0117s\",\"breadcrumb\":{\"@id\":\"https:\/\/skaitytaknyga.lt\/produktas\/lietuvos-valdovu-paslaptys-kestutis-ir-birute\/#breadcrumb\"},\"inLanguage\":\"en-GB\",\"potentialAction\":[{\"@type\":\"ReadAction\",\"target\":[\"https:\/\/skaitytaknyga.lt\/produktas\/lietuvos-valdovu-paslaptys-kestutis-ir-birute\/\"]}]},{\"@type\":\"ImageObject\",\"inLanguage\":\"en-GB\",\"@id\":\"https:\/\/skaitytaknyga.lt\/produktas\/lietuvos-valdovu-paslaptys-kestutis-ir-birute\/#primaryimage\",\"url\":\"https:\/\/skaitytaknyga.lt\/wp-content\/uploads\/2025\/07\/Lietuvos-valdovu-paslaptys.-Kestutis-ir-Birute.webp\",\"contentUrl\":\"https:\/\/skaitytaknyga.lt\/wp-content\/uploads\/2025\/07\/Lietuvos-valdovu-paslaptys.-Kestutis-ir-Birute.webp\",\"width\":541,\"height\":801},{\"@type\":\"BreadcrumbList\",\"@id\":\"https:\/\/skaitytaknyga.lt\/produktas\/lietuvos-valdovu-paslaptys-kestutis-ir-birute\/#breadcrumb\",\"itemListElement\":[{\"@type\":\"ListItem\",\"position\":1,\"name\":\"Home\",\"item\":\"https:\/\/skaitytaknyga.lt\/\"},{\"@type\":\"ListItem\",\"position\":2,\"name\":\"Parduotuv\u0117\",\"item\":\"https:\/\/skaitytaknyga.lt\/knygu-parduotuve\/\"},{\"@type\":\"ListItem\",\"position\":3,\"name\":\"Lietuvos valdov\u0173 paslaptys. K\u0119stutis ir Birut\u0117\"}]},{\"@type\":\"WebSite\",\"@id\":\"https:\/\/skaitytaknyga.lt\/#website\",\"url\":\"https:\/\/skaitytaknyga.lt\/\",\"name\":\"skaitytaknyga.lt\",\"description\":\"Skaitytaknyga.lt \u2013 tai ma\u017eas \u0161eimos verslas, kuris prasid\u0117jo nuo meil\u0117s knygoms ir siekio i\u0161gelb\u0117ti knygas nuo likimo prie konteinerio. Kas vienam nereikalingas daiktas \u2013 kitam lobis, o mes esame tarpininkai, kurie padeda abiems tapti laimingesniems ???? \u017dinome kaip nelengva i\u0161gyventi ma\u017eiems verslams, tad nuo \u0161iol, \u010dia rasite ir kit\u0173, ma\u017e\u0173 \u0161eim\u0173 versl\u0173, rank\u0173 darbo, dovan\u0173 sau ir artimiesiems.\",\"publisher\":{\"@id\":\"https:\/\/skaitytaknyga.lt\/#organization\"},\"potentialAction\":[{\"@type\":\"SearchAction\",\"target\":{\"@type\":\"EntryPoint\",\"urlTemplate\":\"https:\/\/skaitytaknyga.lt\/?s={search_term_string}\"},\"query-input\":{\"@type\":\"PropertyValueSpecification\",\"valueRequired\":true,\"valueName\":\"search_term_string\"}}],\"inLanguage\":\"en-GB\"},{\"@type\":\"Organization\",\"@id\":\"https:\/\/skaitytaknyga.lt\/#organization\",\"name\":\"skaitytaknyga.lt\",\"url\":\"https:\/\/skaitytaknyga.lt\/\",\"logo\":{\"@type\":\"ImageObject\",\"inLanguage\":\"en-GB\",\"@id\":\"https:\/\/skaitytaknyga.lt\/#\/schema\/logo\/image\/\",\"url\":\"https:\/\/skaitytaknyga.lt\/wp-content\/uploads\/2024\/05\/cropped-cropped-cropped-02_00843_jt3bggkj1j3HLc7SyY6rEUpg.jpeg\",\"contentUrl\":\"https:\/\/skaitytaknyga.lt\/wp-content\/uploads\/2024\/05\/cropped-cropped-cropped-02_00843_jt3bggkj1j3HLc7SyY6rEUpg.jpeg\",\"width\":1600,\"height\":1600,\"caption\":\"skaitytaknyga.lt\"},\"image\":{\"@id\":\"https:\/\/skaitytaknyga.lt\/#\/schema\/logo\/image\/\"},\"sameAs\":[\"https:\/\/www.facebook.com\/skaitytaknyga\/\"]}]}<\/script>\n<!-- \/ Yoast SEO plugin. -->","yoast_head_json":{"title":"Lietuvos valdov\u0173 paslaptys. K\u0119stutis ir Birut\u0117","description":"Du valstyb\u0117s perversmai, viena sulau\u017eyta priesaika, skandalingos vedybos, vyresni\u0173j\u0173 s\u016bn\u0173 i\u0161davyst\u0117... ir tai tik prad\u017eia. Istorik\u0117s Ingos Baranauskien\u0117s","robots":{"index":"index","follow":"follow","max-snippet":"max-snippet:-1","max-image-preview":"max-image-preview:large","max-video-preview":"max-video-preview:-1"},"canonical":"https:\/\/skaitytaknyga.lt\/en\/produktas\/lietuvos-valdovu-paslaptys-kestutis-ir-birute\/","og_locale":"en_GB","og_type":"article","og_title":"[:lt]Lietuvos valdov\u0173 paslaptys. K\u0119stutis ir Birut\u0117[:] - Skaitytaknyga","og_description":"Du valstyb\u0117s perversmai, viena sulau\u017eyta priesaika, skandalingos vedybos, vyresni\u0173j\u0173 s\u016bn\u0173 i\u0161davyst\u0117... ir tai tik prad\u017eia. Istorik\u0117s Ingos Baranauskien\u0117s","og_url":"https:\/\/skaitytaknyga.lt\/en\/produktas\/lietuvos-valdovu-paslaptys-kestutis-ir-birute\/","og_site_name":"Skaitytaknyga","article_publisher":"https:\/\/www.facebook.com\/skaitytaknyga\/","article_modified_time":"2026-03-18T12:59:45+00:00","og_image":[{"width":541,"height":801,"url":"https:\/\/skaitytaknyga.lt\/wp-content\/uploads\/2025\/07\/Lietuvos-valdovu-paslaptys.-Kestutis-ir-Birute.webp","type":"image\/webp"}],"twitter_card":"summary_large_image","twitter_misc":{"Estimated reading time":"1 minute"},"schema":{"@context":"https:\/\/schema.org","@graph":[{"@type":"WebPage","@id":"https:\/\/skaitytaknyga.lt\/produktas\/lietuvos-valdovu-paslaptys-kestutis-ir-birute\/","url":"https:\/\/skaitytaknyga.lt\/produktas\/lietuvos-valdovu-paslaptys-kestutis-ir-birute\/","name":"Lietuvos valdov\u0173 paslaptys. K\u0119stutis ir Birut\u0117","isPartOf":{"@id":"https:\/\/skaitytaknyga.lt\/#website"},"primaryImageOfPage":{"@id":"https:\/\/skaitytaknyga.lt\/produktas\/lietuvos-valdovu-paslaptys-kestutis-ir-birute\/#primaryimage"},"image":{"@id":"https:\/\/skaitytaknyga.lt\/produktas\/lietuvos-valdovu-paslaptys-kestutis-ir-birute\/#primaryimage"},"thumbnailUrl":"https:\/\/skaitytaknyga.lt\/wp-content\/uploads\/2025\/07\/Lietuvos-valdovu-paslaptys.-Kestutis-ir-Birute.webp","datePublished":"2025-07-24T06:13:18+00:00","dateModified":"2026-03-18T12:59:45+00:00","description":"Du valstyb\u0117s perversmai, viena sulau\u017eyta priesaika, skandalingos vedybos, vyresni\u0173j\u0173 s\u016bn\u0173 i\u0161davyst\u0117... ir tai tik prad\u017eia. Istorik\u0117s Ingos Baranauskien\u0117s","breadcrumb":{"@id":"https:\/\/skaitytaknyga.lt\/produktas\/lietuvos-valdovu-paslaptys-kestutis-ir-birute\/#breadcrumb"},"inLanguage":"en-GB","potentialAction":[{"@type":"ReadAction","target":["https:\/\/skaitytaknyga.lt\/produktas\/lietuvos-valdovu-paslaptys-kestutis-ir-birute\/"]}]},{"@type":"ImageObject","inLanguage":"en-GB","@id":"https:\/\/skaitytaknyga.lt\/produktas\/lietuvos-valdovu-paslaptys-kestutis-ir-birute\/#primaryimage","url":"https:\/\/skaitytaknyga.lt\/wp-content\/uploads\/2025\/07\/Lietuvos-valdovu-paslaptys.-Kestutis-ir-Birute.webp","contentUrl":"https:\/\/skaitytaknyga.lt\/wp-content\/uploads\/2025\/07\/Lietuvos-valdovu-paslaptys.-Kestutis-ir-Birute.webp","width":541,"height":801},{"@type":"BreadcrumbList","@id":"https:\/\/skaitytaknyga.lt\/produktas\/lietuvos-valdovu-paslaptys-kestutis-ir-birute\/#breadcrumb","itemListElement":[{"@type":"ListItem","position":1,"name":"Home","item":"https:\/\/skaitytaknyga.lt\/"},{"@type":"ListItem","position":2,"name":"Parduotuv\u0117","item":"https:\/\/skaitytaknyga.lt\/knygu-parduotuve\/"},{"@type":"ListItem","position":3,"name":"Lietuvos valdov\u0173 paslaptys. K\u0119stutis ir Birut\u0117"}]},{"@type":"WebSite","@id":"https:\/\/skaitytaknyga.lt\/#website","url":"https:\/\/skaitytaknyga.lt\/","name":"skaitytaknyga.lt","description":"Skaitytaknyga.lt \u2013 tai ma\u017eas \u0161eimos verslas, kuris prasid\u0117jo nuo meil\u0117s knygoms ir siekio i\u0161gelb\u0117ti knygas nuo likimo prie konteinerio. Kas vienam nereikalingas daiktas \u2013 kitam lobis, o mes esame tarpininkai, kurie padeda abiems tapti laimingesniems ???? \u017dinome kaip nelengva i\u0161gyventi ma\u017eiems verslams, tad nuo \u0161iol, \u010dia rasite ir kit\u0173, ma\u017e\u0173 \u0161eim\u0173 versl\u0173, rank\u0173 darbo, dovan\u0173 sau ir artimiesiems.","publisher":{"@id":"https:\/\/skaitytaknyga.lt\/#organization"},"potentialAction":[{"@type":"SearchAction","target":{"@type":"EntryPoint","urlTemplate":"https:\/\/skaitytaknyga.lt\/?s={search_term_string}"},"query-input":{"@type":"PropertyValueSpecification","valueRequired":true,"valueName":"search_term_string"}}],"inLanguage":"en-GB"},{"@type":"Organization","@id":"https:\/\/skaitytaknyga.lt\/#organization","name":"skaitytaknyga.lt","url":"https:\/\/skaitytaknyga.lt\/","logo":{"@type":"ImageObject","inLanguage":"en-GB","@id":"https:\/\/skaitytaknyga.lt\/#\/schema\/logo\/image\/","url":"https:\/\/skaitytaknyga.lt\/wp-content\/uploads\/2024\/05\/cropped-cropped-cropped-02_00843_jt3bggkj1j3HLc7SyY6rEUpg.jpeg","contentUrl":"https:\/\/skaitytaknyga.lt\/wp-content\/uploads\/2024\/05\/cropped-cropped-cropped-02_00843_jt3bggkj1j3HLc7SyY6rEUpg.jpeg","width":1600,"height":1600,"caption":"skaitytaknyga.lt"},"image":{"@id":"https:\/\/skaitytaknyga.lt\/#\/schema\/logo\/image\/"},"sameAs":["https:\/\/www.facebook.com\/skaitytaknyga\/"]}]}},"_links":{"self":[{"href":"https:\/\/skaitytaknyga.lt\/en\/wp-json\/wp\/v2\/product\/19841","targetHints":{"allow":["GET"]}}],"collection":[{"href":"https:\/\/skaitytaknyga.lt\/en\/wp-json\/wp\/v2\/product"}],"about":[{"href":"https:\/\/skaitytaknyga.lt\/en\/wp-json\/wp\/v2\/types\/product"}],"replies":[{"embeddable":true,"href":"https:\/\/skaitytaknyga.lt\/en\/wp-json\/wp\/v2\/comments?post=19841"}],"wp:featuredmedia":[{"embeddable":true,"href":"https:\/\/skaitytaknyga.lt\/en\/wp-json\/wp\/v2\/media\/19846"}],"wp:attachment":[{"href":"https:\/\/skaitytaknyga.lt\/en\/wp-json\/wp\/v2\/media?parent=19841"}],"wp:term":[{"taxonomy":"product_brand","embeddable":true,"href":"https:\/\/skaitytaknyga.lt\/en\/wp-json\/wp\/v2\/product_brand?post=19841"},{"taxonomy":"product_cat","embeddable":true,"href":"https:\/\/skaitytaknyga.lt\/en\/wp-json\/wp\/v2\/product_cat?post=19841"},{"taxonomy":"product_tag","embeddable":true,"href":"https:\/\/skaitytaknyga.lt\/en\/wp-json\/wp\/v2\/product_tag?post=19841"}],"curies":[{"name":"wp","href":"https:\/\/api.w.org\/{rel}","templated":true}]}}