{"id":19840,"date":"2025-07-24T09:13:17","date_gmt":"2025-07-24T06:13:17","guid":{"rendered":"https:\/\/skaitytaknyga.lt\/?post_type=product&#038;p=19840"},"modified":"2026-03-18T14:55:47","modified_gmt":"2026-03-18T12:55:47","slug":"velnio-dienorastis","status":"publish","type":"product","link":"https:\/\/skaitytaknyga.lt\/en\/produktas\/velnio-dienorastis\/","title":{"rendered":"Velnio dienora\u0161tis"},"content":{"rendered":"<p>\u201eVelnio dienora\u0161tyje&#8221; tiriami artimo Hitlerio bendra\u017eygio ir vieno i\u0161 Tre\u010diojo reicho ideologijos architekt\u0173 Alfredo Rosenbergo asmeninio dienora\u0161\u010dio u\u017era\u0161ai, pasakojama kone detektyvin\u0117 jo dingimo ir suradimo 2013 m. istorija.<\/p>\n<p>Pirmiausia Rosenbergo dienora\u0161tis buvo rastas Antrojo pasaulinio karo pabaigoje pasl\u0117ptas vienoje Bavarijos pilyje \u2013 500 puslapi\u0173, atskleid\u017eian\u010di\u0173 tamsiausius \u017emogaus, pad\u0117jusio pamatus Holokaustui, s\u0105mon\u0117s u\u017ekampius. Niurnbergo tribunolo metu dienora\u0161tis buvo analizuotas, ta\u010diau, Rosenbergui \u012fvykd\u017eius mirties bausm\u0119, paslaptingai dingo. Amerikie\u010diai autoriai Robertas K. Wittmanas ir Davidas Kinney knygoje pasakoja apie daugiau nei de\u0161imtmet\u012f trukusias dienora\u0161\u010dio paie\u0161kas ir atskleid\u017eia ma\u017eai \u017einomas Rosenbergo u\u017era\u0161\u0173 detales.<\/p>\n<p>Knygoje apra\u0161om\u0173 veik\u0117j\u0173 biografijos ir asmenin\u0117 patirtis gyvai perteikia Pirm\u0105j\u012f pasaulin\u012f kar\u0105 pralaim\u0117jusios Vokietijos b\u016bkl\u0119, socialin\u012f ir politin\u012f jos vaizd\u0105, detaliai vaizduoja katastrofa pasibaigus\u012f nacionalsocialist\u0173 i\u0161kilim\u0105 \u012f vald\u017ei\u0105, j\u0173 siekius, motyvacij\u0105, tarpusavio ry\u0161ius ir intrigas. Dokumentinis pasakojimas moksliniu tikslumu parodo Vokietij\u0105 ir pasaul\u012f XX a. supur\u010diusius \u012fvykius.<\/p>\n<p>\u201eStulbinamas mokslinis ir kartu detektyvinis tyrimas.&#8221;<br \/>\nKirkus Reviews<\/p>\n<p>\u201ePraturtinantis pasakojimas. Jame ne tik \u0161vie\u017eiai ir itin i\u0161samiai parodomas Alfredo Rosenbergo vaidmuo vykdant Holokaust\u0105, bet ir atskleid\u017eiamas nuostabus, nors ir painus, istorijos tyrin\u0117jimo ir jos u\u017era\u0161ymo pasaulis.&#8221;<br \/>\nNeal Bascomb<\/p>\n<p>\u201ePerskai\u010dius \u0161i\u0105 knyg\u0105 prie\u0161 akis bauginamai ai\u0161kiai i\u0161kyla Alfredo Rosenbergo asmenyb\u0117. \u201eVelnio dienora\u0161tyje&#8221; per plauk\u0105 i\u0161saugotas Rosenbergo dienora\u0161tis interpretuojamas meistri\u0161kai. Tai intriguojamas skaitinys visiems, besidomintiems naci\u0173 Vokietija.&#8221;<br \/>\nJack El-Hai<\/p>\n<p>Robert K. Wittman \u2013 amerikie\u010di\u0173 ra\u0161ytojas, buv\u0119s FTB kult\u016bros nusikaltim\u0173 tyrim\u0173 ekspertas.<br \/>\nDavid Kinney \u2013 amerikie\u010di\u0173 \u017eurnalistas ir ra\u0161ytojas, Pulicerio premijos laureatas.<\/p>\n","protected":false},"excerpt":{"rendered":"<p>\u201eVelnio dienora\u0161tyje&#8221; tiriami artimo Hitlerio bendra\u017eygio ir vieno i\u0161 Tre\u010diojo reicho ideologijos architekt\u0173 Alfredo Rosenbergo asmeninio dienora\u0161\u010dio u\u017era\u0161ai, pasakojama kone detektyvin\u0117 jo dingimo ir suradimo 2013 m. istorija. Pirmiausia Rosenbergo dienora\u0161tis buvo rastas Antrojo pasaulinio karo pabaigoje pasl\u0117ptas vienoje Bavarijos pilyje \u2013 500 puslapi\u0173, atskleid\u017eian\u010di\u0173 tamsiausius \u017emogaus, pad\u0117jusio pamatus Holokaustui, s\u0105mon\u0117s u\u017ekampius. Niurnbergo tribunolo metu dienora\u0161tis buvo analizuotas, ta\u010diau, Rosenbergui \u012fvykd\u017eius mirties bausm\u0119, paslaptingai dingo. Amerikie\u010diai autoriai Robertas K. Wittmanas ir Davidas Kinney knygoje pasakoja apie daugiau nei de\u0161imtmet\u012f trukusias dienora\u0161\u010dio paie\u0161kas ir atskleid\u017eia ma\u017eai \u017einomas Rosenbergo u\u017era\u0161\u0173 detales. Knygoje apra\u0161om\u0173 veik\u0117j\u0173 biografijos ir asmenin\u0117 patirtis gyvai perteikia Pirm\u0105j\u012f pasaulin\u012f kar\u0105 pralaim\u0117jusios Vokietijos b\u016bkl\u0119, socialin\u012f ir politin\u012f jos vaizd\u0105, detaliai vaizduoja katastrofa pasibaigus\u012f nacionalsocialist\u0173 i\u0161kilim\u0105 \u012f vald\u017ei\u0105, j\u0173 siekius, motyvacij\u0105, tarpusavio ry\u0161ius ir intrigas. Dokumentinis pasakojimas moksliniu tikslumu parodo Vokietij\u0105 ir pasaul\u012f XX a. supur\u010diusius \u012fvykius. \u201eStulbinamas mokslinis ir kartu detektyvinis tyrimas.&#8221; Kirkus Reviews \u201ePraturtinantis pasakojimas. Jame ne tik \u0161vie\u017eiai ir itin i\u0161samiai parodomas Alfredo Rosenbergo vaidmuo vykdant Holokaust\u0105, bet ir atskleid\u017eiamas nuostabus, nors ir painus, istorijos tyrin\u0117jimo ir jos u\u017era\u0161ymo pasaulis.&#8221; Neal Bascomb \u201ePerskai\u010dius \u0161i\u0105 knyg\u0105 prie\u0161 akis bauginamai ai\u0161kiai i\u0161kyla Alfredo Rosenbergo asmenyb\u0117. \u201eVelnio dienora\u0161tyje&#8221; per plauk\u0105 i\u0161saugotas Rosenbergo dienora\u0161tis interpretuojamas meistri\u0161kai. Tai intriguojamas skaitinys visiems, besidomintiems naci\u0173 Vokietija.&#8221; Jack El-Hai Robert K. Wittman \u2013 amerikie\u010di\u0173 ra\u0161ytojas, buv\u0119s FTB kult\u016bros nusikaltim\u0173 tyrim\u0173 ekspertas. David Kinney \u2013 amerikie\u010di\u0173 \u017eurnalistas ir ra\u0161ytojas, Pulicerio premijos laureatas.<\/p>\n","protected":false},"featured_media":19845,"comment_status":"open","ping_status":"closed","template":"","meta":{"_acf_changed":false,"site-sidebar-layout":"default","site-content-layout":"","ast-site-content-layout":"default","site-content-style":"default","site-sidebar-style":"default","ast-global-header-display":"","ast-banner-title-visibility":"","ast-main-header-display":"","ast-hfb-above-header-display":"","ast-hfb-below-header-display":"","ast-hfb-mobile-header-display":"","site-post-title":"","ast-breadcrumbs-content":"","ast-featured-img":"","footer-sml-layout":"","ast-disable-related-posts":"","theme-transparent-header-meta":"","adv-header-id-meta":"","stick-header-meta":"","header-above-stick-meta":"","header-main-stick-meta":"","header-below-stick-meta":"","astra-migrate-meta-layouts":"default","ast-page-background-enabled":"default","ast-page-background-meta":{"desktop":{"background-color":"","background-image":"","background-repeat":"repeat","background-position":"center center","background-size":"auto","background-attachment":"scroll","background-type":"","background-media":"","overlay-type":"","overlay-color":"","overlay-opacity":"","overlay-gradient":""},"tablet":{"background-color":"","background-image":"","background-repeat":"repeat","background-position":"center center","background-size":"auto","background-attachment":"scroll","background-type":"","background-media":"","overlay-type":"","overlay-color":"","overlay-opacity":"","overlay-gradient":""},"mobile":{"background-color":"","background-image":"","background-repeat":"repeat","background-position":"center center","background-size":"auto","background-attachment":"scroll","background-type":"","background-media":"","overlay-type":"","overlay-color":"","overlay-opacity":"","overlay-gradient":""}},"ast-content-background-meta":{"desktop":{"background-color":"var(--ast-global-color-4)","background-image":"","background-repeat":"repeat","background-position":"center center","background-size":"auto","background-attachment":"scroll","background-type":"","background-media":"","overlay-type":"","overlay-color":"","overlay-opacity":"","overlay-gradient":""},"tablet":{"background-color":"var(--ast-global-color-4)","background-image":"","background-repeat":"repeat","background-position":"center center","background-size":"auto","background-attachment":"scroll","background-type":"","background-media":"","overlay-type":"","overlay-color":"","overlay-opacity":"","overlay-gradient":""},"mobile":{"background-color":"var(--ast-global-color-4)","background-image":"","background-repeat":"repeat","background-position":"center center","background-size":"auto","background-attachment":"scroll","background-type":"","background-media":"","overlay-type":"","overlay-color":"","overlay-opacity":"","overlay-gradient":""}}},"product_brand":[],"product_cat":[9864,174],"product_tag":[1095,6756,6753,3705,6751,6754,6755,6752],"class_list":{"0":"post-19840","1":"product","2":"type-product","3":"status-publish","4":"has-post-thumbnail","6":"product_cat-karo-istorija","7":"product_cat-istorija-ir-politologija","8":"product_tag-antrasis-pasaulinis-karas","9":"product_tag-david-kinney","10":"product_tag-dokumentine-istorija","11":"product_tag-holokaustas","12":"product_tag-naciu-vokietija","13":"product_tag-nacizmo-ideologija","14":"product_tag-robert-k-wittman","15":"product_tag-rosenbergo-dienorastis","16":"desktop-align-left","17":"tablet-align-left","18":"mobile-align-left","20":"first","21":"instock","22":"shipping-taxable","23":"purchasable","24":"product-type-simple"},"acf":[],"yoast_head":"<!-- This site is optimized with the Yoast SEO plugin v27.0 - https:\/\/yoast.com\/product\/yoast-seo-wordpress\/ -->\n<title>Velnio dienora\u0161tis<\/title>\n<meta name=\"description\" content=\"\u201eVelnio dienora\u0161tyje&quot; tiriami artimo Hitlerio bendra\u017eygio ir vieno i\u0161 Tre\u010diojo reicho ideologijos architekt\u0173 Alfredo Rosenbergo asmeninio dienora\u0161\u010dio\" \/>\n<meta name=\"robots\" content=\"index, follow, max-snippet:-1, max-image-preview:large, max-video-preview:-1\" \/>\n<link rel=\"canonical\" href=\"https:\/\/skaitytaknyga.lt\/en\/produktas\/velnio-dienorastis\/\" \/>\n<meta property=\"og:locale\" content=\"en_GB\" \/>\n<meta property=\"og:locale:alternate\" content=\"lt_LT\" \/>\n<meta property=\"og:type\" content=\"article\" \/>\n<meta property=\"og:title\" content=\"Velnio dienora\u0161tis\" \/>\n<meta property=\"og:description\" content=\"\u201eVelnio dienora\u0161tyje&quot; tiriami artimo Hitlerio bendra\u017eygio ir vieno i\u0161 Tre\u010diojo reicho ideologijos architekt\u0173 Alfredo Rosenbergo asmeninio dienora\u0161\u010dio\" \/>\n<meta property=\"og:url\" content=\"https:\/\/skaitytaknyga.lt\/en\/produktas\/velnio-dienorastis\/\" \/>\n<meta property=\"og:site_name\" content=\"Skaitytaknyga\" \/>\n<meta property=\"article:publisher\" content=\"https:\/\/www.facebook.com\/skaitytaknyga\/\" \/>\n<meta property=\"article:modified_time\" content=\"2026-03-18T12:55:47+00:00\" \/>\n<meta property=\"og:image\" content=\"https:\/\/skaitytaknyga.lt\/wp-content\/uploads\/2025\/07\/Velnio-dienorastis-1.webp\" \/>\n\t<meta property=\"og:image:width\" content=\"395\" \/>\n\t<meta property=\"og:image:height\" content=\"652\" \/>\n\t<meta property=\"og:image:type\" content=\"image\/webp\" \/>\n<meta name=\"twitter:card\" content=\"summary_large_image\" \/>\n<meta name=\"twitter:label1\" content=\"Estimated reading time\" \/>\n\t<meta name=\"twitter:data1\" content=\"1 minute\" \/>\n<script type=\"application\/ld+json\" class=\"yoast-schema-graph\">{\"@context\":\"https:\/\/schema.org\",\"@graph\":[{\"@type\":\"WebPage\",\"@id\":\"https:\/\/skaitytaknyga.lt\/produktas\/velnio-dienorastis\/\",\"url\":\"https:\/\/skaitytaknyga.lt\/produktas\/velnio-dienorastis\/\",\"name\":\"Velnio dienora\u0161tis\",\"isPartOf\":{\"@id\":\"https:\/\/skaitytaknyga.lt\/#website\"},\"primaryImageOfPage\":{\"@id\":\"https:\/\/skaitytaknyga.lt\/produktas\/velnio-dienorastis\/#primaryimage\"},\"image\":{\"@id\":\"https:\/\/skaitytaknyga.lt\/produktas\/velnio-dienorastis\/#primaryimage\"},\"thumbnailUrl\":\"https:\/\/skaitytaknyga.lt\/wp-content\/uploads\/2025\/07\/Velnio-dienorastis-1.webp\",\"datePublished\":\"2025-07-24T06:13:17+00:00\",\"dateModified\":\"2026-03-18T12:55:47+00:00\",\"description\":\"\u201eVelnio dienora\u0161tyje\\\" tiriami artimo Hitlerio bendra\u017eygio ir vieno i\u0161 Tre\u010diojo reicho ideologijos architekt\u0173 Alfredo Rosenbergo asmeninio dienora\u0161\u010dio\",\"breadcrumb\":{\"@id\":\"https:\/\/skaitytaknyga.lt\/produktas\/velnio-dienorastis\/#breadcrumb\"},\"inLanguage\":\"en-GB\",\"potentialAction\":[{\"@type\":\"ReadAction\",\"target\":[\"https:\/\/skaitytaknyga.lt\/produktas\/velnio-dienorastis\/\"]}]},{\"@type\":\"ImageObject\",\"inLanguage\":\"en-GB\",\"@id\":\"https:\/\/skaitytaknyga.lt\/produktas\/velnio-dienorastis\/#primaryimage\",\"url\":\"https:\/\/skaitytaknyga.lt\/wp-content\/uploads\/2025\/07\/Velnio-dienorastis-1.webp\",\"contentUrl\":\"https:\/\/skaitytaknyga.lt\/wp-content\/uploads\/2025\/07\/Velnio-dienorastis-1.webp\",\"width\":395,\"height\":652,\"caption\":\"Velnio dienora\u0161tis\"},{\"@type\":\"BreadcrumbList\",\"@id\":\"https:\/\/skaitytaknyga.lt\/produktas\/velnio-dienorastis\/#breadcrumb\",\"itemListElement\":[{\"@type\":\"ListItem\",\"position\":1,\"name\":\"Home\",\"item\":\"https:\/\/skaitytaknyga.lt\/\"},{\"@type\":\"ListItem\",\"position\":2,\"name\":\"Parduotuv\u0117\",\"item\":\"https:\/\/skaitytaknyga.lt\/knygu-parduotuve\/\"},{\"@type\":\"ListItem\",\"position\":3,\"name\":\"Velnio dienora\u0161tis\"}]},{\"@type\":\"WebSite\",\"@id\":\"https:\/\/skaitytaknyga.lt\/#website\",\"url\":\"https:\/\/skaitytaknyga.lt\/\",\"name\":\"skaitytaknyga.lt\",\"description\":\"Skaitytaknyga.lt \u2013 tai ma\u017eas \u0161eimos verslas, kuris prasid\u0117jo nuo meil\u0117s knygoms ir siekio i\u0161gelb\u0117ti knygas nuo likimo prie konteinerio. Kas vienam nereikalingas daiktas \u2013 kitam lobis, o mes esame tarpininkai, kurie padeda abiems tapti laimingesniems ???? \u017dinome kaip nelengva i\u0161gyventi ma\u017eiems verslams, tad nuo \u0161iol, \u010dia rasite ir kit\u0173, ma\u017e\u0173 \u0161eim\u0173 versl\u0173, rank\u0173 darbo, dovan\u0173 sau ir artimiesiems.\",\"publisher\":{\"@id\":\"https:\/\/skaitytaknyga.lt\/#organization\"},\"potentialAction\":[{\"@type\":\"SearchAction\",\"target\":{\"@type\":\"EntryPoint\",\"urlTemplate\":\"https:\/\/skaitytaknyga.lt\/?s={search_term_string}\"},\"query-input\":{\"@type\":\"PropertyValueSpecification\",\"valueRequired\":true,\"valueName\":\"search_term_string\"}}],\"inLanguage\":\"en-GB\"},{\"@type\":\"Organization\",\"@id\":\"https:\/\/skaitytaknyga.lt\/#organization\",\"name\":\"skaitytaknyga.lt\",\"url\":\"https:\/\/skaitytaknyga.lt\/\",\"logo\":{\"@type\":\"ImageObject\",\"inLanguage\":\"en-GB\",\"@id\":\"https:\/\/skaitytaknyga.lt\/#\/schema\/logo\/image\/\",\"url\":\"https:\/\/skaitytaknyga.lt\/wp-content\/uploads\/2024\/05\/cropped-cropped-cropped-02_00843_jt3bggkj1j3HLc7SyY6rEUpg.jpeg\",\"contentUrl\":\"https:\/\/skaitytaknyga.lt\/wp-content\/uploads\/2024\/05\/cropped-cropped-cropped-02_00843_jt3bggkj1j3HLc7SyY6rEUpg.jpeg\",\"width\":1600,\"height\":1600,\"caption\":\"skaitytaknyga.lt\"},\"image\":{\"@id\":\"https:\/\/skaitytaknyga.lt\/#\/schema\/logo\/image\/\"},\"sameAs\":[\"https:\/\/www.facebook.com\/skaitytaknyga\/\"]}]}<\/script>\n<!-- \/ Yoast SEO plugin. -->","yoast_head_json":{"title":"Velnio dienora\u0161tis","description":"\u201eVelnio dienora\u0161tyje\" tiriami artimo Hitlerio bendra\u017eygio ir vieno i\u0161 Tre\u010diojo reicho ideologijos architekt\u0173 Alfredo Rosenbergo asmeninio dienora\u0161\u010dio","robots":{"index":"index","follow":"follow","max-snippet":"max-snippet:-1","max-image-preview":"max-image-preview:large","max-video-preview":"max-video-preview:-1"},"canonical":"https:\/\/skaitytaknyga.lt\/en\/produktas\/velnio-dienorastis\/","og_locale":"en_GB","og_type":"article","og_title":"[:lt]Velnio dienora\u0161tis[:] - Skaitytaknyga","og_description":"\u201eVelnio dienora\u0161tyje\" tiriami artimo Hitlerio bendra\u017eygio ir vieno i\u0161 Tre\u010diojo reicho ideologijos architekt\u0173 Alfredo Rosenbergo asmeninio dienora\u0161\u010dio","og_url":"https:\/\/skaitytaknyga.lt\/en\/produktas\/velnio-dienorastis\/","og_site_name":"Skaitytaknyga","article_publisher":"https:\/\/www.facebook.com\/skaitytaknyga\/","article_modified_time":"2026-03-18T12:55:47+00:00","og_image":[{"width":395,"height":652,"url":"https:\/\/skaitytaknyga.lt\/wp-content\/uploads\/2025\/07\/Velnio-dienorastis-1.webp","type":"image\/webp"}],"twitter_card":"summary_large_image","twitter_misc":{"Estimated reading time":"1 minute"},"schema":{"@context":"https:\/\/schema.org","@graph":[{"@type":"WebPage","@id":"https:\/\/skaitytaknyga.lt\/produktas\/velnio-dienorastis\/","url":"https:\/\/skaitytaknyga.lt\/produktas\/velnio-dienorastis\/","name":"Velnio dienora\u0161tis","isPartOf":{"@id":"https:\/\/skaitytaknyga.lt\/#website"},"primaryImageOfPage":{"@id":"https:\/\/skaitytaknyga.lt\/produktas\/velnio-dienorastis\/#primaryimage"},"image":{"@id":"https:\/\/skaitytaknyga.lt\/produktas\/velnio-dienorastis\/#primaryimage"},"thumbnailUrl":"https:\/\/skaitytaknyga.lt\/wp-content\/uploads\/2025\/07\/Velnio-dienorastis-1.webp","datePublished":"2025-07-24T06:13:17+00:00","dateModified":"2026-03-18T12:55:47+00:00","description":"\u201eVelnio dienora\u0161tyje\" tiriami artimo Hitlerio bendra\u017eygio ir vieno i\u0161 Tre\u010diojo reicho ideologijos architekt\u0173 Alfredo Rosenbergo asmeninio dienora\u0161\u010dio","breadcrumb":{"@id":"https:\/\/skaitytaknyga.lt\/produktas\/velnio-dienorastis\/#breadcrumb"},"inLanguage":"en-GB","potentialAction":[{"@type":"ReadAction","target":["https:\/\/skaitytaknyga.lt\/produktas\/velnio-dienorastis\/"]}]},{"@type":"ImageObject","inLanguage":"en-GB","@id":"https:\/\/skaitytaknyga.lt\/produktas\/velnio-dienorastis\/#primaryimage","url":"https:\/\/skaitytaknyga.lt\/wp-content\/uploads\/2025\/07\/Velnio-dienorastis-1.webp","contentUrl":"https:\/\/skaitytaknyga.lt\/wp-content\/uploads\/2025\/07\/Velnio-dienorastis-1.webp","width":395,"height":652,"caption":"Velnio dienora\u0161tis"},{"@type":"BreadcrumbList","@id":"https:\/\/skaitytaknyga.lt\/produktas\/velnio-dienorastis\/#breadcrumb","itemListElement":[{"@type":"ListItem","position":1,"name":"Home","item":"https:\/\/skaitytaknyga.lt\/"},{"@type":"ListItem","position":2,"name":"Parduotuv\u0117","item":"https:\/\/skaitytaknyga.lt\/knygu-parduotuve\/"},{"@type":"ListItem","position":3,"name":"Velnio dienora\u0161tis"}]},{"@type":"WebSite","@id":"https:\/\/skaitytaknyga.lt\/#website","url":"https:\/\/skaitytaknyga.lt\/","name":"skaitytaknyga.lt","description":"Skaitytaknyga.lt \u2013 tai ma\u017eas \u0161eimos verslas, kuris prasid\u0117jo nuo meil\u0117s knygoms ir siekio i\u0161gelb\u0117ti knygas nuo likimo prie konteinerio. Kas vienam nereikalingas daiktas \u2013 kitam lobis, o mes esame tarpininkai, kurie padeda abiems tapti laimingesniems ???? \u017dinome kaip nelengva i\u0161gyventi ma\u017eiems verslams, tad nuo \u0161iol, \u010dia rasite ir kit\u0173, ma\u017e\u0173 \u0161eim\u0173 versl\u0173, rank\u0173 darbo, dovan\u0173 sau ir artimiesiems.","publisher":{"@id":"https:\/\/skaitytaknyga.lt\/#organization"},"potentialAction":[{"@type":"SearchAction","target":{"@type":"EntryPoint","urlTemplate":"https:\/\/skaitytaknyga.lt\/?s={search_term_string}"},"query-input":{"@type":"PropertyValueSpecification","valueRequired":true,"valueName":"search_term_string"}}],"inLanguage":"en-GB"},{"@type":"Organization","@id":"https:\/\/skaitytaknyga.lt\/#organization","name":"skaitytaknyga.lt","url":"https:\/\/skaitytaknyga.lt\/","logo":{"@type":"ImageObject","inLanguage":"en-GB","@id":"https:\/\/skaitytaknyga.lt\/#\/schema\/logo\/image\/","url":"https:\/\/skaitytaknyga.lt\/wp-content\/uploads\/2024\/05\/cropped-cropped-cropped-02_00843_jt3bggkj1j3HLc7SyY6rEUpg.jpeg","contentUrl":"https:\/\/skaitytaknyga.lt\/wp-content\/uploads\/2024\/05\/cropped-cropped-cropped-02_00843_jt3bggkj1j3HLc7SyY6rEUpg.jpeg","width":1600,"height":1600,"caption":"skaitytaknyga.lt"},"image":{"@id":"https:\/\/skaitytaknyga.lt\/#\/schema\/logo\/image\/"},"sameAs":["https:\/\/www.facebook.com\/skaitytaknyga\/"]}]}},"_links":{"self":[{"href":"https:\/\/skaitytaknyga.lt\/en\/wp-json\/wp\/v2\/product\/19840","targetHints":{"allow":["GET"]}}],"collection":[{"href":"https:\/\/skaitytaknyga.lt\/en\/wp-json\/wp\/v2\/product"}],"about":[{"href":"https:\/\/skaitytaknyga.lt\/en\/wp-json\/wp\/v2\/types\/product"}],"replies":[{"embeddable":true,"href":"https:\/\/skaitytaknyga.lt\/en\/wp-json\/wp\/v2\/comments?post=19840"}],"wp:featuredmedia":[{"embeddable":true,"href":"https:\/\/skaitytaknyga.lt\/en\/wp-json\/wp\/v2\/media\/19845"}],"wp:attachment":[{"href":"https:\/\/skaitytaknyga.lt\/en\/wp-json\/wp\/v2\/media?parent=19840"}],"wp:term":[{"taxonomy":"product_brand","embeddable":true,"href":"https:\/\/skaitytaknyga.lt\/en\/wp-json\/wp\/v2\/product_brand?post=19840"},{"taxonomy":"product_cat","embeddable":true,"href":"https:\/\/skaitytaknyga.lt\/en\/wp-json\/wp\/v2\/product_cat?post=19840"},{"taxonomy":"product_tag","embeddable":true,"href":"https:\/\/skaitytaknyga.lt\/en\/wp-json\/wp\/v2\/product_tag?post=19840"}],"curies":[{"name":"wp","href":"https:\/\/api.w.org\/{rel}","templated":true}]}}