{"id":19839,"date":"2025-07-24T09:13:17","date_gmt":"2025-07-24T06:13:17","guid":{"rendered":"https:\/\/skaitytaknyga.lt\/?post_type=product&#038;p=19839"},"modified":"2026-03-18T14:59:45","modified_gmt":"2026-03-18T12:59:45","slug":"prezidento-zvalgas-du-gyvenimai-albinas-ciuoderis-lietuvoje-ir-kolumbijoje","status":"publish","type":"product","link":"https:\/\/skaitytaknyga.lt\/en\/produktas\/prezidento-zvalgas-du-gyvenimai-albinas-ciuoderis-lietuvoje-ir-kolumbijoje\/","title":{"rendered":"Prezidento \u017evalgas: du gyvenimai: Albinas \u010ciuoderis Lietuvoje ir Kolumbijoje"},"content":{"rendered":"<p>2018-aisiais Lietuvos \u017evalgyba mini \u012fk\u016brimo \u0161imtmet\u012f. \u0160i knyga skirta vienam pirm\u0173j\u0173 jos darbuotoj\u0173, kurio memuarai ir u\u017era\u0161ai netik\u0117tai buvo atrasti Kolumbijoje. I\u0161vyk\u0119s \u012f \u0161i\u0105 \u0161al\u012f ir \u010dia prad\u0117j\u0119s nauj\u0105 gyvenim\u0105 jis paliko u\u017era\u0161us su unikaliomis nuotraukomis \u2013 jose \u012fam\u017eintas ne tik jis pats, bet ir VSD darbuotoj\u0173 laisvalaikis, lietuvi\u0173 karo pab\u0117g\u0117liai Vokietijoje ir Kolumbijoje, kelion\u0117 laivu \u012f Kolumbij\u0105 1948 m.<\/p>\n<p>Lietuvos kariuomen\u0117s k\u016br\u0117jas-savanoris, dalyvav\u0119s Nepriklausomyb\u0117s kare, 1921 m. prad\u0117j\u0119s darb\u0105 Lietuvos \u017evalgybos ir saugumo tarnybose, vadovav\u0119s prezidento A. Smetonos apsaugai, ne kart\u0105 gelb\u0117j\u0119s prezident\u0105 \u2013 taip galima apib\u016bdinti Albin\u0105 \u010ciuoder\u012f (1898\u20131965). Paskutin\u0117 jo u\u017eduotis buvo u\u017etikrinti prezidento pasitraukim\u0105 i\u0161 Lietuvos pirm\u0105j\u0105 okupacijos dien\u0105. Dabar atrasti A.\u010ciuoderio u\u017era\u0161ai leid\u017eia naujai \u012fvertinti VSD veikimo aplinkybes ir kai kuriuos svarbius istorinius \u012fvykius. Jo prisiminimai apie A. Snie\u010dk\u0173, J. Paleck\u012f, A. Smeton\u0105, Lietuvos saugumo darb\u0105 nacistin\u0117s okupacijos metais priskirtini prie \u012fdomiausi\u0173 m\u016bs\u0173 \u017evalgybos istorijos \u0161altini\u0173.<\/p>\n<p>Arvydas Anu\u0161auskas \u2013 istorikas, politikas, dokumentini\u0173 film\u0173 scenarij\u0173 ir knyg\u0173 apie XX a. Lietuvos istorija, slapt\u0105sias tarnybas ir sovietin\u012f teror\u0105 autorius.<\/p>\n","protected":false},"excerpt":{"rendered":"<p>2018-aisiais Lietuvos \u017evalgyba mini \u012fk\u016brimo \u0161imtmet\u012f. \u0160i knyga skirta vienam pirm\u0173j\u0173 jos darbuotoj\u0173, kurio memuarai ir u\u017era\u0161ai netik\u0117tai buvo atrasti Kolumbijoje. I\u0161vyk\u0119s \u012f \u0161i\u0105 \u0161al\u012f ir \u010dia prad\u0117j\u0119s nauj\u0105 gyvenim\u0105 jis paliko u\u017era\u0161us su unikaliomis nuotraukomis \u2013 jose \u012fam\u017eintas ne tik jis pats, bet ir VSD darbuotoj\u0173 laisvalaikis, lietuvi\u0173 karo pab\u0117g\u0117liai Vokietijoje ir Kolumbijoje, kelion\u0117 laivu \u012f Kolumbij\u0105 1948 m. Lietuvos kariuomen\u0117s k\u016br\u0117jas-savanoris, dalyvav\u0119s Nepriklausomyb\u0117s kare, 1921 m. prad\u0117j\u0119s darb\u0105 Lietuvos \u017evalgybos ir saugumo tarnybose, vadovav\u0119s prezidento A. Smetonos apsaugai, ne kart\u0105 gelb\u0117j\u0119s prezident\u0105 \u2013 taip galima apib\u016bdinti Albin\u0105 \u010ciuoder\u012f (1898\u20131965). Paskutin\u0117 jo u\u017eduotis buvo u\u017etikrinti prezidento pasitraukim\u0105 i\u0161 Lietuvos pirm\u0105j\u0105 okupacijos dien\u0105. Dabar atrasti A.\u010ciuoderio u\u017era\u0161ai leid\u017eia naujai \u012fvertinti VSD veikimo aplinkybes ir kai kuriuos svarbius istorinius \u012fvykius. Jo prisiminimai apie A. Snie\u010dk\u0173, J. Paleck\u012f, A. Smeton\u0105, Lietuvos saugumo darb\u0105 nacistin\u0117s okupacijos metais priskirtini prie \u012fdomiausi\u0173 m\u016bs\u0173 \u017evalgybos istorijos \u0161altini\u0173. Arvydas Anu\u0161auskas \u2013 istorikas, politikas, dokumentini\u0173 film\u0173 scenarij\u0173 ir knyg\u0173 apie XX a. Lietuvos istorija, slapt\u0105sias tarnybas ir sovietin\u012f teror\u0105 autorius.<\/p>\n","protected":false},"featured_media":19844,"comment_status":"open","ping_status":"closed","template":"","meta":{"_acf_changed":false,"site-sidebar-layout":"default","site-content-layout":"","ast-site-content-layout":"default","site-content-style":"default","site-sidebar-style":"default","ast-global-header-display":"","ast-banner-title-visibility":"","ast-main-header-display":"","ast-hfb-above-header-display":"","ast-hfb-below-header-display":"","ast-hfb-mobile-header-display":"","site-post-title":"","ast-breadcrumbs-content":"","ast-featured-img":"","footer-sml-layout":"","ast-disable-related-posts":"","theme-transparent-header-meta":"","adv-header-id-meta":"","stick-header-meta":"","header-above-stick-meta":"","header-main-stick-meta":"","header-below-stick-meta":"","astra-migrate-meta-layouts":"default","ast-page-background-enabled":"default","ast-page-background-meta":{"desktop":{"background-color":"","background-image":"","background-repeat":"repeat","background-position":"center center","background-size":"auto","background-attachment":"scroll","background-type":"","background-media":"","overlay-type":"","overlay-color":"","overlay-opacity":"","overlay-gradient":""},"tablet":{"background-color":"","background-image":"","background-repeat":"repeat","background-position":"center center","background-size":"auto","background-attachment":"scroll","background-type":"","background-media":"","overlay-type":"","overlay-color":"","overlay-opacity":"","overlay-gradient":""},"mobile":{"background-color":"","background-image":"","background-repeat":"repeat","background-position":"center center","background-size":"auto","background-attachment":"scroll","background-type":"","background-media":"","overlay-type":"","overlay-color":"","overlay-opacity":"","overlay-gradient":""}},"ast-content-background-meta":{"desktop":{"background-color":"var(--ast-global-color-4)","background-image":"","background-repeat":"repeat","background-position":"center center","background-size":"auto","background-attachment":"scroll","background-type":"","background-media":"","overlay-type":"","overlay-color":"","overlay-opacity":"","overlay-gradient":""},"tablet":{"background-color":"var(--ast-global-color-4)","background-image":"","background-repeat":"repeat","background-position":"center center","background-size":"auto","background-attachment":"scroll","background-type":"","background-media":"","overlay-type":"","overlay-color":"","overlay-opacity":"","overlay-gradient":""},"mobile":{"background-color":"var(--ast-global-color-4)","background-image":"","background-repeat":"repeat","background-position":"center center","background-size":"auto","background-attachment":"scroll","background-type":"","background-media":"","overlay-type":"","overlay-color":"","overlay-opacity":"","overlay-gradient":""}}},"product_brand":[],"product_cat":[174,9862],"product_tag":[6748,6750,4442,6749,6747,5114,4942],"class_list":{"0":"post-19839","1":"product","2":"type-product","3":"status-publish","4":"has-post-thumbnail","6":"product_cat-istorija-ir-politologija","7":"product_cat-lietuvos-istorija","8":"product_tag-albinas-ciuoderis","9":"product_tag-arvydas-anusauskas","10":"product_tag-iseivija","11":"product_tag-istoriniai-liudijimai","12":"product_tag-lietuvos-saugumas","13":"product_tag-tarpukario-lietuva","14":"product_tag-zvalgyba","15":"desktop-align-left","16":"tablet-align-left","17":"mobile-align-left","19":"first","20":"instock","21":"shipping-taxable","22":"purchasable","23":"product-type-simple"},"acf":[],"yoast_head":"<!-- This site is optimized with the Yoast SEO plugin v27.4 - https:\/\/yoast.com\/product\/yoast-seo-wordpress\/ -->\n<title>Prezidento \u017evalgas: du gyvenimai: Albinas \u010ciuoderis Lietuvoje ir Kolumbijoje<\/title>\n<meta name=\"description\" content=\"2018-aisiais Lietuvos \u017evalgyba mini \u012fk\u016brimo \u0161imtmet\u012f. \u0160i knyga skirta vienam pirm\u0173j\u0173 jos darbuotoj\u0173, kurio memuarai ir u\u017era\u0161ai netik\u0117tai buvo atrasti\" \/>\n<meta name=\"robots\" content=\"index, follow, max-snippet:-1, max-image-preview:large, max-video-preview:-1\" \/>\n<link rel=\"canonical\" href=\"https:\/\/skaitytaknyga.lt\/en\/produktas\/prezidento-zvalgas-du-gyvenimai-albinas-ciuoderis-lietuvoje-ir-kolumbijoje\/\" \/>\n<meta property=\"og:locale\" content=\"en_GB\" \/>\n<meta property=\"og:locale:alternate\" content=\"lt_LT\" \/>\n<meta property=\"og:type\" content=\"article\" \/>\n<meta property=\"og:title\" content=\"Prezidento \u017evalgas: du gyvenimai: Albinas \u010ciuoderis Lietuvoje ir Kolumbijoje\" \/>\n<meta property=\"og:description\" content=\"2018-aisiais Lietuvos \u017evalgyba mini \u012fk\u016brimo \u0161imtmet\u012f. \u0160i knyga skirta vienam pirm\u0173j\u0173 jos darbuotoj\u0173, kurio memuarai ir u\u017era\u0161ai netik\u0117tai buvo atrasti\" \/>\n<meta property=\"og:url\" content=\"https:\/\/skaitytaknyga.lt\/en\/produktas\/prezidento-zvalgas-du-gyvenimai-albinas-ciuoderis-lietuvoje-ir-kolumbijoje\/\" \/>\n<meta property=\"og:site_name\" content=\"Skaitytaknyga\" \/>\n<meta property=\"article:publisher\" content=\"https:\/\/www.facebook.com\/skaitytaknyga\/\" \/>\n<meta property=\"article:modified_time\" content=\"2026-03-18T12:59:45+00:00\" \/>\n<meta property=\"og:image\" content=\"https:\/\/skaitytaknyga.lt\/wp-content\/uploads\/2025\/07\/Prezidento-zvalgas.webp\" \/>\n\t<meta property=\"og:image:width\" content=\"350\" \/>\n\t<meta property=\"og:image:height\" content=\"499\" \/>\n\t<meta property=\"og:image:type\" content=\"image\/webp\" \/>\n<meta name=\"twitter:card\" content=\"summary_large_image\" \/>\n<meta name=\"twitter:label1\" content=\"Estimated reading time\" \/>\n\t<meta name=\"twitter:data1\" content=\"1 minute\" \/>\n<script type=\"application\/ld+json\" class=\"yoast-schema-graph\">{\"@context\":\"https:\\\/\\\/schema.org\",\"@graph\":[{\"@type\":\"WebPage\",\"@id\":\"https:\\\/\\\/skaitytaknyga.lt\\\/produktas\\\/prezidento-zvalgas-du-gyvenimai-albinas-ciuoderis-lietuvoje-ir-kolumbijoje\\\/\",\"url\":\"https:\\\/\\\/skaitytaknyga.lt\\\/produktas\\\/prezidento-zvalgas-du-gyvenimai-albinas-ciuoderis-lietuvoje-ir-kolumbijoje\\\/\",\"name\":\"Prezidento \u017evalgas: du gyvenimai: Albinas \u010ciuoderis Lietuvoje ir Kolumbijoje\",\"isPartOf\":{\"@id\":\"https:\\\/\\\/skaitytaknyga.lt\\\/#website\"},\"primaryImageOfPage\":{\"@id\":\"https:\\\/\\\/skaitytaknyga.lt\\\/produktas\\\/prezidento-zvalgas-du-gyvenimai-albinas-ciuoderis-lietuvoje-ir-kolumbijoje\\\/#primaryimage\"},\"image\":{\"@id\":\"https:\\\/\\\/skaitytaknyga.lt\\\/produktas\\\/prezidento-zvalgas-du-gyvenimai-albinas-ciuoderis-lietuvoje-ir-kolumbijoje\\\/#primaryimage\"},\"thumbnailUrl\":\"https:\\\/\\\/skaitytaknyga.lt\\\/wp-content\\\/uploads\\\/2025\\\/07\\\/Prezidento-zvalgas.webp\",\"datePublished\":\"2025-07-24T06:13:17+00:00\",\"dateModified\":\"2026-03-18T12:59:45+00:00\",\"description\":\"2018-aisiais Lietuvos \u017evalgyba mini \u012fk\u016brimo \u0161imtmet\u012f. \u0160i knyga skirta vienam pirm\u0173j\u0173 jos darbuotoj\u0173, kurio memuarai ir u\u017era\u0161ai netik\u0117tai buvo atrasti\",\"breadcrumb\":{\"@id\":\"https:\\\/\\\/skaitytaknyga.lt\\\/produktas\\\/prezidento-zvalgas-du-gyvenimai-albinas-ciuoderis-lietuvoje-ir-kolumbijoje\\\/#breadcrumb\"},\"inLanguage\":\"en-GB\",\"potentialAction\":[{\"@type\":\"ReadAction\",\"target\":[\"https:\\\/\\\/skaitytaknyga.lt\\\/produktas\\\/prezidento-zvalgas-du-gyvenimai-albinas-ciuoderis-lietuvoje-ir-kolumbijoje\\\/\"]}]},{\"@type\":\"ImageObject\",\"inLanguage\":\"en-GB\",\"@id\":\"https:\\\/\\\/skaitytaknyga.lt\\\/produktas\\\/prezidento-zvalgas-du-gyvenimai-albinas-ciuoderis-lietuvoje-ir-kolumbijoje\\\/#primaryimage\",\"url\":\"https:\\\/\\\/skaitytaknyga.lt\\\/wp-content\\\/uploads\\\/2025\\\/07\\\/Prezidento-zvalgas.webp\",\"contentUrl\":\"https:\\\/\\\/skaitytaknyga.lt\\\/wp-content\\\/uploads\\\/2025\\\/07\\\/Prezidento-zvalgas.webp\",\"width\":350,\"height\":499,\"caption\":\"Prezidento \u017evalgas: du gyvenimai: Albinas \u010ciuoderis Lietuvoje ir Kolumbijoje\"},{\"@type\":\"BreadcrumbList\",\"@id\":\"https:\\\/\\\/skaitytaknyga.lt\\\/produktas\\\/prezidento-zvalgas-du-gyvenimai-albinas-ciuoderis-lietuvoje-ir-kolumbijoje\\\/#breadcrumb\",\"itemListElement\":[{\"@type\":\"ListItem\",\"position\":1,\"name\":\"Home\",\"item\":\"https:\\\/\\\/skaitytaknyga.lt\\\/\"},{\"@type\":\"ListItem\",\"position\":2,\"name\":\"Parduotuv\u0117\",\"item\":\"https:\\\/\\\/skaitytaknyga.lt\\\/knygu-parduotuve\\\/\"},{\"@type\":\"ListItem\",\"position\":3,\"name\":\"Prezidento \u017evalgas: du gyvenimai: Albinas \u010ciuoderis Lietuvoje ir Kolumbijoje\"}]},{\"@type\":\"WebSite\",\"@id\":\"https:\\\/\\\/skaitytaknyga.lt\\\/#website\",\"url\":\"https:\\\/\\\/skaitytaknyga.lt\\\/\",\"name\":\"skaitytaknyga.lt\",\"description\":\"Skaitytaknyga.lt \u2013 tai ma\u017eas \u0161eimos verslas, kuris prasid\u0117jo nuo meil\u0117s knygoms ir siekio i\u0161gelb\u0117ti knygas nuo likimo prie konteinerio. Kas vienam nereikalingas daiktas \u2013 kitam lobis, o mes esame tarpininkai, kurie padeda abiems tapti laimingesniems ???? \u017dinome kaip nelengva i\u0161gyventi ma\u017eiems verslams, tad nuo \u0161iol, \u010dia rasite ir kit\u0173, ma\u017e\u0173 \u0161eim\u0173 versl\u0173, rank\u0173 darbo, dovan\u0173 sau ir artimiesiems.\",\"publisher\":{\"@id\":\"https:\\\/\\\/skaitytaknyga.lt\\\/#organization\"},\"potentialAction\":[{\"@type\":\"SearchAction\",\"target\":{\"@type\":\"EntryPoint\",\"urlTemplate\":\"https:\\\/\\\/skaitytaknyga.lt\\\/?s={search_term_string}\"},\"query-input\":{\"@type\":\"PropertyValueSpecification\",\"valueRequired\":true,\"valueName\":\"search_term_string\"}}],\"inLanguage\":\"en-GB\"},{\"@type\":\"Organization\",\"@id\":\"https:\\\/\\\/skaitytaknyga.lt\\\/#organization\",\"name\":\"skaitytaknyga.lt\",\"url\":\"https:\\\/\\\/skaitytaknyga.lt\\\/\",\"logo\":{\"@type\":\"ImageObject\",\"inLanguage\":\"en-GB\",\"@id\":\"https:\\\/\\\/skaitytaknyga.lt\\\/#\\\/schema\\\/logo\\\/image\\\/\",\"url\":\"https:\\\/\\\/skaitytaknyga.lt\\\/wp-content\\\/uploads\\\/2024\\\/05\\\/cropped-cropped-cropped-02_00843_jt3bggkj1j3HLc7SyY6rEUpg.jpeg\",\"contentUrl\":\"https:\\\/\\\/skaitytaknyga.lt\\\/wp-content\\\/uploads\\\/2024\\\/05\\\/cropped-cropped-cropped-02_00843_jt3bggkj1j3HLc7SyY6rEUpg.jpeg\",\"width\":1600,\"height\":1600,\"caption\":\"skaitytaknyga.lt\"},\"image\":{\"@id\":\"https:\\\/\\\/skaitytaknyga.lt\\\/#\\\/schema\\\/logo\\\/image\\\/\"},\"sameAs\":[\"https:\\\/\\\/www.facebook.com\\\/skaitytaknyga\\\/\"]}]}<\/script>\n<!-- \/ Yoast SEO plugin. -->","yoast_head_json":{"title":"Prezidento \u017evalgas: du gyvenimai: Albinas \u010ciuoderis Lietuvoje ir Kolumbijoje","description":"2018-aisiais Lietuvos \u017evalgyba mini \u012fk\u016brimo \u0161imtmet\u012f. \u0160i knyga skirta vienam pirm\u0173j\u0173 jos darbuotoj\u0173, kurio memuarai ir u\u017era\u0161ai netik\u0117tai buvo atrasti","robots":{"index":"index","follow":"follow","max-snippet":"max-snippet:-1","max-image-preview":"max-image-preview:large","max-video-preview":"max-video-preview:-1"},"canonical":"https:\/\/skaitytaknyga.lt\/en\/produktas\/prezidento-zvalgas-du-gyvenimai-albinas-ciuoderis-lietuvoje-ir-kolumbijoje\/","og_locale":"en_GB","og_type":"article","og_title":"[:lt]Prezidento \u017evalgas: du gyvenimai: Albinas \u010ciuoderis Lietuvoje ir Kolumbijoje[:] - Skaitytaknyga","og_description":"2018-aisiais Lietuvos \u017evalgyba mini \u012fk\u016brimo \u0161imtmet\u012f. \u0160i knyga skirta vienam pirm\u0173j\u0173 jos darbuotoj\u0173, kurio memuarai ir u\u017era\u0161ai netik\u0117tai buvo atrasti","og_url":"https:\/\/skaitytaknyga.lt\/en\/produktas\/prezidento-zvalgas-du-gyvenimai-albinas-ciuoderis-lietuvoje-ir-kolumbijoje\/","og_site_name":"Skaitytaknyga","article_publisher":"https:\/\/www.facebook.com\/skaitytaknyga\/","article_modified_time":"2026-03-18T12:59:45+00:00","og_image":[{"width":350,"height":499,"url":"https:\/\/skaitytaknyga.lt\/wp-content\/uploads\/2025\/07\/Prezidento-zvalgas.webp","type":"image\/webp"}],"twitter_card":"summary_large_image","twitter_misc":{"Estimated reading time":"1 minute"},"schema":{"@context":"https:\/\/schema.org","@graph":[{"@type":"WebPage","@id":"https:\/\/skaitytaknyga.lt\/produktas\/prezidento-zvalgas-du-gyvenimai-albinas-ciuoderis-lietuvoje-ir-kolumbijoje\/","url":"https:\/\/skaitytaknyga.lt\/produktas\/prezidento-zvalgas-du-gyvenimai-albinas-ciuoderis-lietuvoje-ir-kolumbijoje\/","name":"Prezidento \u017evalgas: du gyvenimai: Albinas \u010ciuoderis Lietuvoje ir Kolumbijoje","isPartOf":{"@id":"https:\/\/skaitytaknyga.lt\/#website"},"primaryImageOfPage":{"@id":"https:\/\/skaitytaknyga.lt\/produktas\/prezidento-zvalgas-du-gyvenimai-albinas-ciuoderis-lietuvoje-ir-kolumbijoje\/#primaryimage"},"image":{"@id":"https:\/\/skaitytaknyga.lt\/produktas\/prezidento-zvalgas-du-gyvenimai-albinas-ciuoderis-lietuvoje-ir-kolumbijoje\/#primaryimage"},"thumbnailUrl":"https:\/\/skaitytaknyga.lt\/wp-content\/uploads\/2025\/07\/Prezidento-zvalgas.webp","datePublished":"2025-07-24T06:13:17+00:00","dateModified":"2026-03-18T12:59:45+00:00","description":"2018-aisiais Lietuvos \u017evalgyba mini \u012fk\u016brimo \u0161imtmet\u012f. \u0160i knyga skirta vienam pirm\u0173j\u0173 jos darbuotoj\u0173, kurio memuarai ir u\u017era\u0161ai netik\u0117tai buvo atrasti","breadcrumb":{"@id":"https:\/\/skaitytaknyga.lt\/produktas\/prezidento-zvalgas-du-gyvenimai-albinas-ciuoderis-lietuvoje-ir-kolumbijoje\/#breadcrumb"},"inLanguage":"en-GB","potentialAction":[{"@type":"ReadAction","target":["https:\/\/skaitytaknyga.lt\/produktas\/prezidento-zvalgas-du-gyvenimai-albinas-ciuoderis-lietuvoje-ir-kolumbijoje\/"]}]},{"@type":"ImageObject","inLanguage":"en-GB","@id":"https:\/\/skaitytaknyga.lt\/produktas\/prezidento-zvalgas-du-gyvenimai-albinas-ciuoderis-lietuvoje-ir-kolumbijoje\/#primaryimage","url":"https:\/\/skaitytaknyga.lt\/wp-content\/uploads\/2025\/07\/Prezidento-zvalgas.webp","contentUrl":"https:\/\/skaitytaknyga.lt\/wp-content\/uploads\/2025\/07\/Prezidento-zvalgas.webp","width":350,"height":499,"caption":"Prezidento \u017evalgas: du gyvenimai: Albinas \u010ciuoderis Lietuvoje ir Kolumbijoje"},{"@type":"BreadcrumbList","@id":"https:\/\/skaitytaknyga.lt\/produktas\/prezidento-zvalgas-du-gyvenimai-albinas-ciuoderis-lietuvoje-ir-kolumbijoje\/#breadcrumb","itemListElement":[{"@type":"ListItem","position":1,"name":"Home","item":"https:\/\/skaitytaknyga.lt\/"},{"@type":"ListItem","position":2,"name":"Parduotuv\u0117","item":"https:\/\/skaitytaknyga.lt\/knygu-parduotuve\/"},{"@type":"ListItem","position":3,"name":"Prezidento \u017evalgas: du gyvenimai: Albinas \u010ciuoderis Lietuvoje ir Kolumbijoje"}]},{"@type":"WebSite","@id":"https:\/\/skaitytaknyga.lt\/#website","url":"https:\/\/skaitytaknyga.lt\/","name":"skaitytaknyga.lt","description":"Skaitytaknyga.lt \u2013 tai ma\u017eas \u0161eimos verslas, kuris prasid\u0117jo nuo meil\u0117s knygoms ir siekio i\u0161gelb\u0117ti knygas nuo likimo prie konteinerio. Kas vienam nereikalingas daiktas \u2013 kitam lobis, o mes esame tarpininkai, kurie padeda abiems tapti laimingesniems ???? \u017dinome kaip nelengva i\u0161gyventi ma\u017eiems verslams, tad nuo \u0161iol, \u010dia rasite ir kit\u0173, ma\u017e\u0173 \u0161eim\u0173 versl\u0173, rank\u0173 darbo, dovan\u0173 sau ir artimiesiems.","publisher":{"@id":"https:\/\/skaitytaknyga.lt\/#organization"},"potentialAction":[{"@type":"SearchAction","target":{"@type":"EntryPoint","urlTemplate":"https:\/\/skaitytaknyga.lt\/?s={search_term_string}"},"query-input":{"@type":"PropertyValueSpecification","valueRequired":true,"valueName":"search_term_string"}}],"inLanguage":"en-GB"},{"@type":"Organization","@id":"https:\/\/skaitytaknyga.lt\/#organization","name":"skaitytaknyga.lt","url":"https:\/\/skaitytaknyga.lt\/","logo":{"@type":"ImageObject","inLanguage":"en-GB","@id":"https:\/\/skaitytaknyga.lt\/#\/schema\/logo\/image\/","url":"https:\/\/skaitytaknyga.lt\/wp-content\/uploads\/2024\/05\/cropped-cropped-cropped-02_00843_jt3bggkj1j3HLc7SyY6rEUpg.jpeg","contentUrl":"https:\/\/skaitytaknyga.lt\/wp-content\/uploads\/2024\/05\/cropped-cropped-cropped-02_00843_jt3bggkj1j3HLc7SyY6rEUpg.jpeg","width":1600,"height":1600,"caption":"skaitytaknyga.lt"},"image":{"@id":"https:\/\/skaitytaknyga.lt\/#\/schema\/logo\/image\/"},"sameAs":["https:\/\/www.facebook.com\/skaitytaknyga\/"]}]}},"_links":{"self":[{"href":"https:\/\/skaitytaknyga.lt\/en\/wp-json\/wp\/v2\/product\/19839","targetHints":{"allow":["GET"]}}],"collection":[{"href":"https:\/\/skaitytaknyga.lt\/en\/wp-json\/wp\/v2\/product"}],"about":[{"href":"https:\/\/skaitytaknyga.lt\/en\/wp-json\/wp\/v2\/types\/product"}],"replies":[{"embeddable":true,"href":"https:\/\/skaitytaknyga.lt\/en\/wp-json\/wp\/v2\/comments?post=19839"}],"wp:featuredmedia":[{"embeddable":true,"href":"https:\/\/skaitytaknyga.lt\/en\/wp-json\/wp\/v2\/media\/19844"}],"wp:attachment":[{"href":"https:\/\/skaitytaknyga.lt\/en\/wp-json\/wp\/v2\/media?parent=19839"}],"wp:term":[{"taxonomy":"product_brand","embeddable":true,"href":"https:\/\/skaitytaknyga.lt\/en\/wp-json\/wp\/v2\/product_brand?post=19839"},{"taxonomy":"product_cat","embeddable":true,"href":"https:\/\/skaitytaknyga.lt\/en\/wp-json\/wp\/v2\/product_cat?post=19839"},{"taxonomy":"product_tag","embeddable":true,"href":"https:\/\/skaitytaknyga.lt\/en\/wp-json\/wp\/v2\/product_tag?post=19839"}],"curies":[{"name":"wp","href":"https:\/\/api.w.org\/{rel}","templated":true}]}}