{"id":19838,"date":"2025-07-24T09:13:17","date_gmt":"2025-07-24T06:13:17","guid":{"rendered":"https:\/\/skaitytaknyga.lt\/?post_type=product&#038;p=19838"},"modified":"2026-03-18T14:55:46","modified_gmt":"2026-03-18T12:55:46","slug":"dvylika-metu-su-hitleriu-naciu-partijos-spaudos-vadovo-atsiminimai","status":"publish","type":"product","link":"https:\/\/skaitytaknyga.lt\/en\/produktas\/dvylika-metu-su-hitleriu-naciu-partijos-spaudos-vadovo-atsiminimai\/","title":{"rendered":"Dvylika met\u0173 su Hitleriu: naci\u0173 partijos spaudos vadovo atsiminimai"},"content":{"rendered":"<p>Tre\u010diojo reicho fiureris Adolfas Hitleris \u2013 viena pa\u010di\u0173 baisiausi\u0173 ir ni\u016briausi\u0173 asmenybi\u0173 \u017emonijos istorijoje. Ta\u010diau, nepaisant menko i\u0161silavinimo, kunkuliuojan\u010dios neapykantos ir vidinio isteri\u0161kumo, \u0161is Pirmojo pasaulinio karo jefreitorius patrauk\u0117 milijonus vokie\u010di\u0173, kartais vien savo pasirodymu sukeldamas miniai palaiming\u0105 ekstaz\u0119.<\/p>\n<p>Fiurerio fenomen\u0105 nagrin\u0117j\u0119 biografai ir istorikai da\u017eniausiai remiasi prisiminimais t\u0173 \u017emoni\u0173, kuriems teko tiesiogiai bendrauti su Hitleriu, matyti ne tik i\u0161orin\u012f, bet ir asmenin\u012f jo gyvenim\u0105. Vienas toki\u0173 \u2013 \u0161ios knygos autorius Otto Dietrichas, buv\u0119s naci\u0173 partijos spaudos \u0161efas, v\u0117liau \u2013 Reicho spaudos palatos prezidentas, nema\u017eai asmeni\u0161kai prisid\u0117j\u0119s prie Hitlerio, kaip vokie\u010di\u0173 tautos mesijo, \u012fvaizd\u017eio k\u016brimo. \u0160ioje pokariu para\u0161ytoje knygoje O. Dietrichas nu\u0161vie\u010dia psichologin\u012f Hitlerio portret\u0105, bando i\u0161narplioti jo greito pakilimo ir dar greitesnio \u017elugimo paslapt\u012f.<\/p>\n","protected":false},"excerpt":{"rendered":"<p>Tre\u010diojo reicho fiureris Adolfas Hitleris \u2013 viena pa\u010di\u0173 baisiausi\u0173 ir ni\u016briausi\u0173 asmenybi\u0173 \u017emonijos istorijoje. Ta\u010diau, nepaisant menko i\u0161silavinimo, kunkuliuojan\u010dios neapykantos ir vidinio isteri\u0161kumo, \u0161is Pirmojo pasaulinio karo jefreitorius patrauk\u0117 milijonus vokie\u010di\u0173, kartais vien savo pasirodymu sukeldamas miniai palaiming\u0105 ekstaz\u0119. Fiurerio fenomen\u0105 nagrin\u0117j\u0119 biografai ir istorikai da\u017eniausiai remiasi prisiminimais t\u0173 \u017emoni\u0173, kuriems teko tiesiogiai bendrauti su Hitleriu, matyti ne tik i\u0161orin\u012f, bet ir asmenin\u012f jo gyvenim\u0105. Vienas toki\u0173 \u2013 \u0161ios knygos autorius Otto Dietrichas, buv\u0119s naci\u0173 partijos spaudos \u0161efas, v\u0117liau \u2013 Reicho spaudos palatos prezidentas, nema\u017eai asmeni\u0161kai prisid\u0117j\u0119s prie Hitlerio, kaip vokie\u010di\u0173 tautos mesijo, \u012fvaizd\u017eio k\u016brimo. \u0160ioje pokariu para\u0161ytoje knygoje O. Dietrichas nu\u0161vie\u010dia psichologin\u012f Hitlerio portret\u0105, bando i\u0161narplioti jo greito pakilimo ir dar greitesnio \u017elugimo paslapt\u012f.<\/p>\n","protected":false},"featured_media":19843,"comment_status":"open","ping_status":"closed","template":"","meta":{"_acf_changed":false,"site-sidebar-layout":"default","site-content-layout":"","ast-site-content-layout":"default","site-content-style":"default","site-sidebar-style":"default","ast-global-header-display":"","ast-banner-title-visibility":"","ast-main-header-display":"","ast-hfb-above-header-display":"","ast-hfb-below-header-display":"","ast-hfb-mobile-header-display":"","site-post-title":"","ast-breadcrumbs-content":"","ast-featured-img":"","footer-sml-layout":"","ast-disable-related-posts":"","theme-transparent-header-meta":"","adv-header-id-meta":"","stick-header-meta":"","header-above-stick-meta":"","header-main-stick-meta":"","header-below-stick-meta":"","astra-migrate-meta-layouts":"default","ast-page-background-enabled":"default","ast-page-background-meta":{"desktop":{"background-color":"","background-image":"","background-repeat":"repeat","background-position":"center center","background-size":"auto","background-attachment":"scroll","background-type":"","background-media":"","overlay-type":"","overlay-color":"","overlay-opacity":"","overlay-gradient":""},"tablet":{"background-color":"","background-image":"","background-repeat":"repeat","background-position":"center center","background-size":"auto","background-attachment":"scroll","background-type":"","background-media":"","overlay-type":"","overlay-color":"","overlay-opacity":"","overlay-gradient":""},"mobile":{"background-color":"","background-image":"","background-repeat":"repeat","background-position":"center center","background-size":"auto","background-attachment":"scroll","background-type":"","background-media":"","overlay-type":"","overlay-color":"","overlay-opacity":"","overlay-gradient":""}},"ast-content-background-meta":{"desktop":{"background-color":"var(--ast-global-color-4)","background-image":"","background-repeat":"repeat","background-position":"center center","background-size":"auto","background-attachment":"scroll","background-type":"","background-media":"","overlay-type":"","overlay-color":"","overlay-opacity":"","overlay-gradient":""},"tablet":{"background-color":"var(--ast-global-color-4)","background-image":"","background-repeat":"repeat","background-position":"center center","background-size":"auto","background-attachment":"scroll","background-type":"","background-media":"","overlay-type":"","overlay-color":"","overlay-opacity":"","overlay-gradient":""},"mobile":{"background-color":"var(--ast-global-color-4)","background-image":"","background-repeat":"repeat","background-position":"center center","background-size":"auto","background-attachment":"scroll","background-type":"","background-media":"","overlay-type":"","overlay-color":"","overlay-opacity":"","overlay-gradient":""}}},"product_brand":[],"product_cat":[9864,174],"product_tag":[2692,3414,6742,6746,6744,6745,6743],"class_list":{"0":"post-19838","1":"product","2":"type-product","3":"status-publish","4":"has-post-thumbnail","6":"product_cat-karo-istorija","7":"product_cat-istorija-ir-politologija","8":"product_tag-autobiografija","9":"product_tag-hitleris","10":"product_tag-naciu-propaganda","11":"product_tag-otto-dietrich","12":"product_tag-politine-istorija","13":"product_tag-spaudos-manipuliacija","14":"product_tag-treciasis-reichas","15":"desktop-align-left","16":"tablet-align-left","17":"mobile-align-left","19":"first","20":"instock","21":"shipping-taxable","22":"purchasable","23":"product-type-simple"},"acf":[],"yoast_head":"<!-- This site is optimized with the Yoast SEO plugin v27.0 - https:\/\/yoast.com\/product\/yoast-seo-wordpress\/ -->\n<title>Dvylika met\u0173 su Hitleriu: naci\u0173 partijos spaudos vadovo atsiminimai<\/title>\n<meta name=\"description\" content=\"Tre\u010diojo reicho fiureris Adolfas Hitleris \u2013 viena pa\u010di\u0173 baisiausi\u0173 ir ni\u016briausi\u0173 asmenybi\u0173 \u017emonijos istorijoje. Ta\u010diau, nepaisant menko i\u0161silavinimo,\" \/>\n<meta name=\"robots\" content=\"index, follow, max-snippet:-1, max-image-preview:large, max-video-preview:-1\" \/>\n<link rel=\"canonical\" href=\"https:\/\/skaitytaknyga.lt\/en\/produktas\/dvylika-metu-su-hitleriu-naciu-partijos-spaudos-vadovo-atsiminimai\/\" \/>\n<meta property=\"og:locale\" content=\"en_GB\" \/>\n<meta property=\"og:locale:alternate\" content=\"lt_LT\" \/>\n<meta property=\"og:type\" content=\"article\" \/>\n<meta property=\"og:title\" content=\"Dvylika met\u0173 su Hitleriu: naci\u0173 partijos spaudos vadovo atsiminimai\" \/>\n<meta property=\"og:description\" content=\"Tre\u010diojo reicho fiureris Adolfas Hitleris \u2013 viena pa\u010di\u0173 baisiausi\u0173 ir ni\u016briausi\u0173 asmenybi\u0173 \u017emonijos istorijoje. Ta\u010diau, nepaisant menko i\u0161silavinimo,\" \/>\n<meta property=\"og:url\" content=\"https:\/\/skaitytaknyga.lt\/en\/produktas\/dvylika-metu-su-hitleriu-naciu-partijos-spaudos-vadovo-atsiminimai\/\" \/>\n<meta property=\"og:site_name\" content=\"Skaitytaknyga\" \/>\n<meta property=\"article:publisher\" content=\"https:\/\/www.facebook.com\/skaitytaknyga\/\" \/>\n<meta property=\"article:modified_time\" content=\"2026-03-18T12:55:46+00:00\" \/>\n<meta property=\"og:image\" content=\"https:\/\/skaitytaknyga.lt\/wp-content\/uploads\/2025\/07\/Dvylika-metu-su-Hitleriu-naciu-partijos-spaudos-vadovo-atsiminimai-1.webp\" \/>\n\t<meta property=\"og:image:width\" content=\"544\" \/>\n\t<meta property=\"og:image:height\" content=\"801\" \/>\n\t<meta property=\"og:image:type\" content=\"image\/webp\" \/>\n<meta name=\"twitter:card\" content=\"summary_large_image\" \/>\n<meta name=\"twitter:label1\" content=\"Estimated reading time\" \/>\n\t<meta name=\"twitter:data1\" content=\"1 minute\" \/>\n<script type=\"application\/ld+json\" class=\"yoast-schema-graph\">{\"@context\":\"https:\/\/schema.org\",\"@graph\":[{\"@type\":\"WebPage\",\"@id\":\"https:\/\/skaitytaknyga.lt\/produktas\/dvylika-metu-su-hitleriu-naciu-partijos-spaudos-vadovo-atsiminimai\/\",\"url\":\"https:\/\/skaitytaknyga.lt\/produktas\/dvylika-metu-su-hitleriu-naciu-partijos-spaudos-vadovo-atsiminimai\/\",\"name\":\"Dvylika met\u0173 su Hitleriu: naci\u0173 partijos spaudos vadovo atsiminimai\",\"isPartOf\":{\"@id\":\"https:\/\/skaitytaknyga.lt\/#website\"},\"primaryImageOfPage\":{\"@id\":\"https:\/\/skaitytaknyga.lt\/produktas\/dvylika-metu-su-hitleriu-naciu-partijos-spaudos-vadovo-atsiminimai\/#primaryimage\"},\"image\":{\"@id\":\"https:\/\/skaitytaknyga.lt\/produktas\/dvylika-metu-su-hitleriu-naciu-partijos-spaudos-vadovo-atsiminimai\/#primaryimage\"},\"thumbnailUrl\":\"https:\/\/skaitytaknyga.lt\/wp-content\/uploads\/2025\/07\/Dvylika-metu-su-Hitleriu-naciu-partijos-spaudos-vadovo-atsiminimai-1.webp\",\"datePublished\":\"2025-07-24T06:13:17+00:00\",\"dateModified\":\"2026-03-18T12:55:46+00:00\",\"description\":\"Tre\u010diojo reicho fiureris Adolfas Hitleris \u2013 viena pa\u010di\u0173 baisiausi\u0173 ir ni\u016briausi\u0173 asmenybi\u0173 \u017emonijos istorijoje. Ta\u010diau, nepaisant menko i\u0161silavinimo,\",\"breadcrumb\":{\"@id\":\"https:\/\/skaitytaknyga.lt\/produktas\/dvylika-metu-su-hitleriu-naciu-partijos-spaudos-vadovo-atsiminimai\/#breadcrumb\"},\"inLanguage\":\"en-GB\",\"potentialAction\":[{\"@type\":\"ReadAction\",\"target\":[\"https:\/\/skaitytaknyga.lt\/produktas\/dvylika-metu-su-hitleriu-naciu-partijos-spaudos-vadovo-atsiminimai\/\"]}]},{\"@type\":\"ImageObject\",\"inLanguage\":\"en-GB\",\"@id\":\"https:\/\/skaitytaknyga.lt\/produktas\/dvylika-metu-su-hitleriu-naciu-partijos-spaudos-vadovo-atsiminimai\/#primaryimage\",\"url\":\"https:\/\/skaitytaknyga.lt\/wp-content\/uploads\/2025\/07\/Dvylika-metu-su-Hitleriu-naciu-partijos-spaudos-vadovo-atsiminimai-1.webp\",\"contentUrl\":\"https:\/\/skaitytaknyga.lt\/wp-content\/uploads\/2025\/07\/Dvylika-metu-su-Hitleriu-naciu-partijos-spaudos-vadovo-atsiminimai-1.webp\",\"width\":544,\"height\":801},{\"@type\":\"BreadcrumbList\",\"@id\":\"https:\/\/skaitytaknyga.lt\/produktas\/dvylika-metu-su-hitleriu-naciu-partijos-spaudos-vadovo-atsiminimai\/#breadcrumb\",\"itemListElement\":[{\"@type\":\"ListItem\",\"position\":1,\"name\":\"Home\",\"item\":\"https:\/\/skaitytaknyga.lt\/\"},{\"@type\":\"ListItem\",\"position\":2,\"name\":\"Parduotuv\u0117\",\"item\":\"https:\/\/skaitytaknyga.lt\/knygu-parduotuve\/\"},{\"@type\":\"ListItem\",\"position\":3,\"name\":\"Dvylika met\u0173 su Hitleriu: naci\u0173 partijos spaudos vadovo atsiminimai\"}]},{\"@type\":\"WebSite\",\"@id\":\"https:\/\/skaitytaknyga.lt\/#website\",\"url\":\"https:\/\/skaitytaknyga.lt\/\",\"name\":\"skaitytaknyga.lt\",\"description\":\"Skaitytaknyga.lt \u2013 tai ma\u017eas \u0161eimos verslas, kuris prasid\u0117jo nuo meil\u0117s knygoms ir siekio i\u0161gelb\u0117ti knygas nuo likimo prie konteinerio. Kas vienam nereikalingas daiktas \u2013 kitam lobis, o mes esame tarpininkai, kurie padeda abiems tapti laimingesniems ???? \u017dinome kaip nelengva i\u0161gyventi ma\u017eiems verslams, tad nuo \u0161iol, \u010dia rasite ir kit\u0173, ma\u017e\u0173 \u0161eim\u0173 versl\u0173, rank\u0173 darbo, dovan\u0173 sau ir artimiesiems.\",\"publisher\":{\"@id\":\"https:\/\/skaitytaknyga.lt\/#organization\"},\"potentialAction\":[{\"@type\":\"SearchAction\",\"target\":{\"@type\":\"EntryPoint\",\"urlTemplate\":\"https:\/\/skaitytaknyga.lt\/?s={search_term_string}\"},\"query-input\":{\"@type\":\"PropertyValueSpecification\",\"valueRequired\":true,\"valueName\":\"search_term_string\"}}],\"inLanguage\":\"en-GB\"},{\"@type\":\"Organization\",\"@id\":\"https:\/\/skaitytaknyga.lt\/#organization\",\"name\":\"skaitytaknyga.lt\",\"url\":\"https:\/\/skaitytaknyga.lt\/\",\"logo\":{\"@type\":\"ImageObject\",\"inLanguage\":\"en-GB\",\"@id\":\"https:\/\/skaitytaknyga.lt\/#\/schema\/logo\/image\/\",\"url\":\"https:\/\/skaitytaknyga.lt\/wp-content\/uploads\/2024\/05\/cropped-cropped-cropped-02_00843_jt3bggkj1j3HLc7SyY6rEUpg.jpeg\",\"contentUrl\":\"https:\/\/skaitytaknyga.lt\/wp-content\/uploads\/2024\/05\/cropped-cropped-cropped-02_00843_jt3bggkj1j3HLc7SyY6rEUpg.jpeg\",\"width\":1600,\"height\":1600,\"caption\":\"skaitytaknyga.lt\"},\"image\":{\"@id\":\"https:\/\/skaitytaknyga.lt\/#\/schema\/logo\/image\/\"},\"sameAs\":[\"https:\/\/www.facebook.com\/skaitytaknyga\/\"]}]}<\/script>\n<!-- \/ Yoast SEO plugin. -->","yoast_head_json":{"title":"Dvylika met\u0173 su Hitleriu: naci\u0173 partijos spaudos vadovo atsiminimai","description":"Tre\u010diojo reicho fiureris Adolfas Hitleris \u2013 viena pa\u010di\u0173 baisiausi\u0173 ir ni\u016briausi\u0173 asmenybi\u0173 \u017emonijos istorijoje. Ta\u010diau, nepaisant menko i\u0161silavinimo,","robots":{"index":"index","follow":"follow","max-snippet":"max-snippet:-1","max-image-preview":"max-image-preview:large","max-video-preview":"max-video-preview:-1"},"canonical":"https:\/\/skaitytaknyga.lt\/en\/produktas\/dvylika-metu-su-hitleriu-naciu-partijos-spaudos-vadovo-atsiminimai\/","og_locale":"en_GB","og_type":"article","og_title":"[:lt]Dvylika met\u0173 su Hitleriu: naci\u0173 partijos spaudos vadovo atsiminimai[:] - Skaitytaknyga","og_description":"Tre\u010diojo reicho fiureris Adolfas Hitleris \u2013 viena pa\u010di\u0173 baisiausi\u0173 ir ni\u016briausi\u0173 asmenybi\u0173 \u017emonijos istorijoje. Ta\u010diau, nepaisant menko i\u0161silavinimo,","og_url":"https:\/\/skaitytaknyga.lt\/en\/produktas\/dvylika-metu-su-hitleriu-naciu-partijos-spaudos-vadovo-atsiminimai\/","og_site_name":"Skaitytaknyga","article_publisher":"https:\/\/www.facebook.com\/skaitytaknyga\/","article_modified_time":"2026-03-18T12:55:46+00:00","og_image":[{"width":544,"height":801,"url":"https:\/\/skaitytaknyga.lt\/wp-content\/uploads\/2025\/07\/Dvylika-metu-su-Hitleriu-naciu-partijos-spaudos-vadovo-atsiminimai-1.webp","type":"image\/webp"}],"twitter_card":"summary_large_image","twitter_misc":{"Estimated reading time":"1 minute"},"schema":{"@context":"https:\/\/schema.org","@graph":[{"@type":"WebPage","@id":"https:\/\/skaitytaknyga.lt\/produktas\/dvylika-metu-su-hitleriu-naciu-partijos-spaudos-vadovo-atsiminimai\/","url":"https:\/\/skaitytaknyga.lt\/produktas\/dvylika-metu-su-hitleriu-naciu-partijos-spaudos-vadovo-atsiminimai\/","name":"Dvylika met\u0173 su Hitleriu: naci\u0173 partijos spaudos vadovo atsiminimai","isPartOf":{"@id":"https:\/\/skaitytaknyga.lt\/#website"},"primaryImageOfPage":{"@id":"https:\/\/skaitytaknyga.lt\/produktas\/dvylika-metu-su-hitleriu-naciu-partijos-spaudos-vadovo-atsiminimai\/#primaryimage"},"image":{"@id":"https:\/\/skaitytaknyga.lt\/produktas\/dvylika-metu-su-hitleriu-naciu-partijos-spaudos-vadovo-atsiminimai\/#primaryimage"},"thumbnailUrl":"https:\/\/skaitytaknyga.lt\/wp-content\/uploads\/2025\/07\/Dvylika-metu-su-Hitleriu-naciu-partijos-spaudos-vadovo-atsiminimai-1.webp","datePublished":"2025-07-24T06:13:17+00:00","dateModified":"2026-03-18T12:55:46+00:00","description":"Tre\u010diojo reicho fiureris Adolfas Hitleris \u2013 viena pa\u010di\u0173 baisiausi\u0173 ir ni\u016briausi\u0173 asmenybi\u0173 \u017emonijos istorijoje. Ta\u010diau, nepaisant menko i\u0161silavinimo,","breadcrumb":{"@id":"https:\/\/skaitytaknyga.lt\/produktas\/dvylika-metu-su-hitleriu-naciu-partijos-spaudos-vadovo-atsiminimai\/#breadcrumb"},"inLanguage":"en-GB","potentialAction":[{"@type":"ReadAction","target":["https:\/\/skaitytaknyga.lt\/produktas\/dvylika-metu-su-hitleriu-naciu-partijos-spaudos-vadovo-atsiminimai\/"]}]},{"@type":"ImageObject","inLanguage":"en-GB","@id":"https:\/\/skaitytaknyga.lt\/produktas\/dvylika-metu-su-hitleriu-naciu-partijos-spaudos-vadovo-atsiminimai\/#primaryimage","url":"https:\/\/skaitytaknyga.lt\/wp-content\/uploads\/2025\/07\/Dvylika-metu-su-Hitleriu-naciu-partijos-spaudos-vadovo-atsiminimai-1.webp","contentUrl":"https:\/\/skaitytaknyga.lt\/wp-content\/uploads\/2025\/07\/Dvylika-metu-su-Hitleriu-naciu-partijos-spaudos-vadovo-atsiminimai-1.webp","width":544,"height":801},{"@type":"BreadcrumbList","@id":"https:\/\/skaitytaknyga.lt\/produktas\/dvylika-metu-su-hitleriu-naciu-partijos-spaudos-vadovo-atsiminimai\/#breadcrumb","itemListElement":[{"@type":"ListItem","position":1,"name":"Home","item":"https:\/\/skaitytaknyga.lt\/"},{"@type":"ListItem","position":2,"name":"Parduotuv\u0117","item":"https:\/\/skaitytaknyga.lt\/knygu-parduotuve\/"},{"@type":"ListItem","position":3,"name":"Dvylika met\u0173 su Hitleriu: naci\u0173 partijos spaudos vadovo atsiminimai"}]},{"@type":"WebSite","@id":"https:\/\/skaitytaknyga.lt\/#website","url":"https:\/\/skaitytaknyga.lt\/","name":"skaitytaknyga.lt","description":"Skaitytaknyga.lt \u2013 tai ma\u017eas \u0161eimos verslas, kuris prasid\u0117jo nuo meil\u0117s knygoms ir siekio i\u0161gelb\u0117ti knygas nuo likimo prie konteinerio. Kas vienam nereikalingas daiktas \u2013 kitam lobis, o mes esame tarpininkai, kurie padeda abiems tapti laimingesniems ???? \u017dinome kaip nelengva i\u0161gyventi ma\u017eiems verslams, tad nuo \u0161iol, \u010dia rasite ir kit\u0173, ma\u017e\u0173 \u0161eim\u0173 versl\u0173, rank\u0173 darbo, dovan\u0173 sau ir artimiesiems.","publisher":{"@id":"https:\/\/skaitytaknyga.lt\/#organization"},"potentialAction":[{"@type":"SearchAction","target":{"@type":"EntryPoint","urlTemplate":"https:\/\/skaitytaknyga.lt\/?s={search_term_string}"},"query-input":{"@type":"PropertyValueSpecification","valueRequired":true,"valueName":"search_term_string"}}],"inLanguage":"en-GB"},{"@type":"Organization","@id":"https:\/\/skaitytaknyga.lt\/#organization","name":"skaitytaknyga.lt","url":"https:\/\/skaitytaknyga.lt\/","logo":{"@type":"ImageObject","inLanguage":"en-GB","@id":"https:\/\/skaitytaknyga.lt\/#\/schema\/logo\/image\/","url":"https:\/\/skaitytaknyga.lt\/wp-content\/uploads\/2024\/05\/cropped-cropped-cropped-02_00843_jt3bggkj1j3HLc7SyY6rEUpg.jpeg","contentUrl":"https:\/\/skaitytaknyga.lt\/wp-content\/uploads\/2024\/05\/cropped-cropped-cropped-02_00843_jt3bggkj1j3HLc7SyY6rEUpg.jpeg","width":1600,"height":1600,"caption":"skaitytaknyga.lt"},"image":{"@id":"https:\/\/skaitytaknyga.lt\/#\/schema\/logo\/image\/"},"sameAs":["https:\/\/www.facebook.com\/skaitytaknyga\/"]}]}},"_links":{"self":[{"href":"https:\/\/skaitytaknyga.lt\/en\/wp-json\/wp\/v2\/product\/19838","targetHints":{"allow":["GET"]}}],"collection":[{"href":"https:\/\/skaitytaknyga.lt\/en\/wp-json\/wp\/v2\/product"}],"about":[{"href":"https:\/\/skaitytaknyga.lt\/en\/wp-json\/wp\/v2\/types\/product"}],"replies":[{"embeddable":true,"href":"https:\/\/skaitytaknyga.lt\/en\/wp-json\/wp\/v2\/comments?post=19838"}],"wp:featuredmedia":[{"embeddable":true,"href":"https:\/\/skaitytaknyga.lt\/en\/wp-json\/wp\/v2\/media\/19843"}],"wp:attachment":[{"href":"https:\/\/skaitytaknyga.lt\/en\/wp-json\/wp\/v2\/media?parent=19838"}],"wp:term":[{"taxonomy":"product_brand","embeddable":true,"href":"https:\/\/skaitytaknyga.lt\/en\/wp-json\/wp\/v2\/product_brand?post=19838"},{"taxonomy":"product_cat","embeddable":true,"href":"https:\/\/skaitytaknyga.lt\/en\/wp-json\/wp\/v2\/product_cat?post=19838"},{"taxonomy":"product_tag","embeddable":true,"href":"https:\/\/skaitytaknyga.lt\/en\/wp-json\/wp\/v2\/product_tag?post=19838"}],"curies":[{"name":"wp","href":"https:\/\/api.w.org\/{rel}","templated":true}]}}