{"id":19830,"date":"2025-07-24T09:00:32","date_gmt":"2025-07-24T06:00:32","guid":{"rendered":"https:\/\/skaitytaknyga.lt\/?post_type=product&#038;p=19830"},"modified":"2025-11-27T17:11:44","modified_gmt":"2025-11-27T15:11:44","slug":"dekingumas-tai-gyvenimo-budas","status":"publish","type":"product","link":"https:\/\/skaitytaknyga.lt\/en\/produktas\/dekingumas-tai-gyvenimo-budas\/","title":{"rendered":"D\u0117kingumas tai gyvenimo b\u016bdas"},"content":{"rendered":"<p>Mano sielos gelm\u0117je tryk\u0161ta am\u017einas d\u0117kingumo \u0160altinis. Tegu jis u\u017elieja \u0161ird\u012f, k\u016bn\u0105, prot\u0105, s\u0105mon\u0119 &#8211; vis\u0105 mano esyb\u0119. Tegu d\u0117kingumas sklinda nuo man\u0119s \u012f visas puses, po vis\u0105 pasaul\u012f ir gr\u012f\u017eta man, kad tur\u0117\u010diau dar daugiau u\u017e k\u0105 d\u0117koti. \u017dinau, kad \u0161is \u0160altinis niekada nei\u0161seks. D\u0117kojama jau\u010diuosi puikiai, lieju d\u017eiaugsm\u0105 ir skleid\u017eiu \u0161irdies \u0161ilum\u0105.<\/p>\n<p>Ra\u0161ytoja ir leid\u0117ja Luiza Hei, surinko savo draug\u0173 (ra\u0161ytoj\u0173, gydytoj\u0173, filosof\u0173, dvasinink\u0173) mintis apie d\u0117kingum\u0105, jo prasm\u0119 ir reik\u0161m\u0119 \u017emogaus gyvenime.<\/p>\n","protected":false},"excerpt":{"rendered":"<p>Mano sielos gelm\u0117je tryk\u0161ta am\u017einas d\u0117kingumo \u0160altinis. Tegu jis u\u017elieja \u0161ird\u012f, k\u016bn\u0105, prot\u0105, s\u0105mon\u0119 &#8211; vis\u0105 mano esyb\u0119. Tegu d\u0117kingumas sklinda nuo man\u0119s \u012f visas puses, po vis\u0105 pasaul\u012f ir gr\u012f\u017eta man, kad tur\u0117\u010diau dar daugiau u\u017e k\u0105 d\u0117koti. \u017dinau, kad \u0161is \u0160altinis niekada nei\u0161seks. D\u0117kojama jau\u010diuosi puikiai, lieju d\u017eiaugsm\u0105 ir skleid\u017eiu \u0161irdies \u0161ilum\u0105. Ra\u0161ytoja ir leid\u0117ja Luiza Hei, surinko savo draug\u0173 (ra\u0161ytoj\u0173, gydytoj\u0173, filosof\u0173, dvasinink\u0173) mintis apie d\u0117kingum\u0105, jo prasm\u0119 ir reik\u0161m\u0119 \u017emogaus gyvenime.<\/p>\n","protected":false},"featured_media":19835,"comment_status":"open","ping_status":"closed","template":"","meta":{"_acf_changed":false,"site-sidebar-layout":"default","site-content-layout":"","ast-site-content-layout":"default","site-content-style":"default","site-sidebar-style":"default","ast-global-header-display":"","ast-banner-title-visibility":"","ast-main-header-display":"","ast-hfb-above-header-display":"","ast-hfb-below-header-display":"","ast-hfb-mobile-header-display":"","site-post-title":"","ast-breadcrumbs-content":"","ast-featured-img":"","footer-sml-layout":"","ast-disable-related-posts":"","theme-transparent-header-meta":"","adv-header-id-meta":"","stick-header-meta":"","header-above-stick-meta":"","header-main-stick-meta":"","header-below-stick-meta":"","astra-migrate-meta-layouts":"default","ast-page-background-enabled":"default","ast-page-background-meta":{"desktop":{"background-color":"","background-image":"","background-repeat":"repeat","background-position":"center center","background-size":"auto","background-attachment":"scroll","background-type":"","background-media":"","overlay-type":"","overlay-color":"","overlay-opacity":"","overlay-gradient":""},"tablet":{"background-color":"","background-image":"","background-repeat":"repeat","background-position":"center center","background-size":"auto","background-attachment":"scroll","background-type":"","background-media":"","overlay-type":"","overlay-color":"","overlay-opacity":"","overlay-gradient":""},"mobile":{"background-color":"","background-image":"","background-repeat":"repeat","background-position":"center center","background-size":"auto","background-attachment":"scroll","background-type":"","background-media":"","overlay-type":"","overlay-color":"","overlay-opacity":"","overlay-gradient":""}},"ast-content-background-meta":{"desktop":{"background-color":"var(--ast-global-color-4)","background-image":"","background-repeat":"repeat","background-position":"center center","background-size":"auto","background-attachment":"scroll","background-type":"","background-media":"","overlay-type":"","overlay-color":"","overlay-opacity":"","overlay-gradient":""},"tablet":{"background-color":"var(--ast-global-color-4)","background-image":"","background-repeat":"repeat","background-position":"center center","background-size":"auto","background-attachment":"scroll","background-type":"","background-media":"","overlay-type":"","overlay-color":"","overlay-opacity":"","overlay-gradient":""},"mobile":{"background-color":"var(--ast-global-color-4)","background-image":"","background-repeat":"repeat","background-position":"center center","background-size":"auto","background-attachment":"scroll","background-type":"","background-media":"","overlay-type":"","overlay-color":"","overlay-opacity":"","overlay-gradient":""}}},"product_brand":[],"product_cat":[165],"product_tag":[6733,6734,5600,1374,2026],"class_list":{"0":"post-19830","1":"product","2":"type-product","3":"status-publish","4":"has-post-thumbnail","6":"product_cat-religija-filosofija-ir-ezoterika","7":"product_tag-dekingumas","8":"product_tag-dvasine-literatura","9":"product_tag-gyvenimo-filosofija","10":"product_tag-louise-l-hay","11":"product_tag-pozityvus-mastymas","12":"desktop-align-left","13":"tablet-align-left","14":"mobile-align-left","16":"first","17":"instock","18":"shipping-taxable","19":"purchasable","20":"product-type-simple"},"acf":[],"yoast_head":"<!-- This site is optimized with the Yoast SEO plugin v27.0 - https:\/\/yoast.com\/product\/yoast-seo-wordpress\/ -->\n<title>D\u0117kingumas tai gyvenimo b\u016bdas<\/title>\n<meta name=\"description\" content=\"Mano sielos gelm\u0117je tryk\u0161ta am\u017einas d\u0117kingumo \u0160altinis. Tegu jis u\u017elieja \u0161ird\u012f, k\u016bn\u0105, prot\u0105, s\u0105mon\u0119 - vis\u0105 mano esyb\u0119. Tegu d\u0117kingumas sklinda nuo man\u0119s \u012f\" \/>\n<meta name=\"robots\" content=\"index, follow, max-snippet:-1, max-image-preview:large, max-video-preview:-1\" \/>\n<link rel=\"canonical\" href=\"https:\/\/skaitytaknyga.lt\/en\/produktas\/dekingumas-tai-gyvenimo-budas\/\" \/>\n<meta property=\"og:locale\" content=\"en_GB\" \/>\n<meta property=\"og:locale:alternate\" content=\"lt_LT\" \/>\n<meta property=\"og:type\" content=\"article\" \/>\n<meta property=\"og:title\" content=\"D\u0117kingumas tai gyvenimo b\u016bdas\" \/>\n<meta property=\"og:description\" content=\"Mano sielos gelm\u0117je tryk\u0161ta am\u017einas d\u0117kingumo \u0160altinis. Tegu jis u\u017elieja \u0161ird\u012f, k\u016bn\u0105, prot\u0105, s\u0105mon\u0119 - vis\u0105 mano esyb\u0119. Tegu d\u0117kingumas sklinda nuo man\u0119s \u012f\" \/>\n<meta property=\"og:url\" content=\"https:\/\/skaitytaknyga.lt\/en\/produktas\/dekingumas-tai-gyvenimo-budas\/\" \/>\n<meta property=\"og:site_name\" content=\"Skaitytaknyga\" \/>\n<meta property=\"article:publisher\" content=\"https:\/\/www.facebook.com\/skaitytaknyga\/\" \/>\n<meta property=\"article:modified_time\" content=\"2025-11-27T15:11:44+00:00\" \/>\n<meta property=\"og:image\" content=\"https:\/\/skaitytaknyga.lt\/wp-content\/uploads\/2025\/07\/Dekingumas-tai-gyvenimo-budas-1.webp\" \/>\n\t<meta property=\"og:image:width\" content=\"529\" \/>\n\t<meta property=\"og:image:height\" content=\"800\" \/>\n\t<meta property=\"og:image:type\" content=\"image\/webp\" \/>\n<meta name=\"twitter:card\" content=\"summary_large_image\" \/>\n<script type=\"application\/ld+json\" class=\"yoast-schema-graph\">{\"@context\":\"https:\/\/schema.org\",\"@graph\":[{\"@type\":\"WebPage\",\"@id\":\"https:\/\/skaitytaknyga.lt\/produktas\/dekingumas-tai-gyvenimo-budas\/\",\"url\":\"https:\/\/skaitytaknyga.lt\/produktas\/dekingumas-tai-gyvenimo-budas\/\",\"name\":\"D\u0117kingumas tai gyvenimo b\u016bdas\",\"isPartOf\":{\"@id\":\"https:\/\/skaitytaknyga.lt\/#website\"},\"primaryImageOfPage\":{\"@id\":\"https:\/\/skaitytaknyga.lt\/produktas\/dekingumas-tai-gyvenimo-budas\/#primaryimage\"},\"image\":{\"@id\":\"https:\/\/skaitytaknyga.lt\/produktas\/dekingumas-tai-gyvenimo-budas\/#primaryimage\"},\"thumbnailUrl\":\"https:\/\/skaitytaknyga.lt\/wp-content\/uploads\/2025\/07\/Dekingumas-tai-gyvenimo-budas-1.webp\",\"datePublished\":\"2025-07-24T06:00:32+00:00\",\"dateModified\":\"2025-11-27T15:11:44+00:00\",\"description\":\"Mano sielos gelm\u0117je tryk\u0161ta am\u017einas d\u0117kingumo \u0160altinis. Tegu jis u\u017elieja \u0161ird\u012f, k\u016bn\u0105, prot\u0105, s\u0105mon\u0119 - vis\u0105 mano esyb\u0119. Tegu d\u0117kingumas sklinda nuo man\u0119s \u012f\",\"breadcrumb\":{\"@id\":\"https:\/\/skaitytaknyga.lt\/produktas\/dekingumas-tai-gyvenimo-budas\/#breadcrumb\"},\"inLanguage\":\"en-GB\",\"potentialAction\":[{\"@type\":\"ReadAction\",\"target\":[\"https:\/\/skaitytaknyga.lt\/produktas\/dekingumas-tai-gyvenimo-budas\/\"]}]},{\"@type\":\"ImageObject\",\"inLanguage\":\"en-GB\",\"@id\":\"https:\/\/skaitytaknyga.lt\/produktas\/dekingumas-tai-gyvenimo-budas\/#primaryimage\",\"url\":\"https:\/\/skaitytaknyga.lt\/wp-content\/uploads\/2025\/07\/Dekingumas-tai-gyvenimo-budas-1.webp\",\"contentUrl\":\"https:\/\/skaitytaknyga.lt\/wp-content\/uploads\/2025\/07\/Dekingumas-tai-gyvenimo-budas-1.webp\",\"width\":529,\"height\":800,\"caption\":\"D\u0117kingumas tai gyvenimo b\u016bdas\"},{\"@type\":\"BreadcrumbList\",\"@id\":\"https:\/\/skaitytaknyga.lt\/produktas\/dekingumas-tai-gyvenimo-budas\/#breadcrumb\",\"itemListElement\":[{\"@type\":\"ListItem\",\"position\":1,\"name\":\"Home\",\"item\":\"https:\/\/skaitytaknyga.lt\/\"},{\"@type\":\"ListItem\",\"position\":2,\"name\":\"Parduotuv\u0117\",\"item\":\"https:\/\/skaitytaknyga.lt\/knygu-parduotuve\/\"},{\"@type\":\"ListItem\",\"position\":3,\"name\":\"D\u0117kingumas tai gyvenimo b\u016bdas\"}]},{\"@type\":\"WebSite\",\"@id\":\"https:\/\/skaitytaknyga.lt\/#website\",\"url\":\"https:\/\/skaitytaknyga.lt\/\",\"name\":\"skaitytaknyga.lt\",\"description\":\"Skaitytaknyga.lt \u2013 tai ma\u017eas \u0161eimos verslas, kuris prasid\u0117jo nuo meil\u0117s knygoms ir siekio i\u0161gelb\u0117ti knygas nuo likimo prie konteinerio. Kas vienam nereikalingas daiktas \u2013 kitam lobis, o mes esame tarpininkai, kurie padeda abiems tapti laimingesniems ???? \u017dinome kaip nelengva i\u0161gyventi ma\u017eiems verslams, tad nuo \u0161iol, \u010dia rasite ir kit\u0173, ma\u017e\u0173 \u0161eim\u0173 versl\u0173, rank\u0173 darbo, dovan\u0173 sau ir artimiesiems.\",\"publisher\":{\"@id\":\"https:\/\/skaitytaknyga.lt\/#organization\"},\"potentialAction\":[{\"@type\":\"SearchAction\",\"target\":{\"@type\":\"EntryPoint\",\"urlTemplate\":\"https:\/\/skaitytaknyga.lt\/?s={search_term_string}\"},\"query-input\":{\"@type\":\"PropertyValueSpecification\",\"valueRequired\":true,\"valueName\":\"search_term_string\"}}],\"inLanguage\":\"en-GB\"},{\"@type\":\"Organization\",\"@id\":\"https:\/\/skaitytaknyga.lt\/#organization\",\"name\":\"skaitytaknyga.lt\",\"url\":\"https:\/\/skaitytaknyga.lt\/\",\"logo\":{\"@type\":\"ImageObject\",\"inLanguage\":\"en-GB\",\"@id\":\"https:\/\/skaitytaknyga.lt\/#\/schema\/logo\/image\/\",\"url\":\"https:\/\/skaitytaknyga.lt\/wp-content\/uploads\/2024\/05\/cropped-cropped-cropped-02_00843_jt3bggkj1j3HLc7SyY6rEUpg.jpeg\",\"contentUrl\":\"https:\/\/skaitytaknyga.lt\/wp-content\/uploads\/2024\/05\/cropped-cropped-cropped-02_00843_jt3bggkj1j3HLc7SyY6rEUpg.jpeg\",\"width\":1600,\"height\":1600,\"caption\":\"skaitytaknyga.lt\"},\"image\":{\"@id\":\"https:\/\/skaitytaknyga.lt\/#\/schema\/logo\/image\/\"},\"sameAs\":[\"https:\/\/www.facebook.com\/skaitytaknyga\/\"]}]}<\/script>\n<!-- \/ Yoast SEO plugin. -->","yoast_head_json":{"title":"D\u0117kingumas tai gyvenimo b\u016bdas","description":"Mano sielos gelm\u0117je tryk\u0161ta am\u017einas d\u0117kingumo \u0160altinis. Tegu jis u\u017elieja \u0161ird\u012f, k\u016bn\u0105, prot\u0105, s\u0105mon\u0119 - vis\u0105 mano esyb\u0119. Tegu d\u0117kingumas sklinda nuo man\u0119s \u012f","robots":{"index":"index","follow":"follow","max-snippet":"max-snippet:-1","max-image-preview":"max-image-preview:large","max-video-preview":"max-video-preview:-1"},"canonical":"https:\/\/skaitytaknyga.lt\/en\/produktas\/dekingumas-tai-gyvenimo-budas\/","og_locale":"en_GB","og_type":"article","og_title":"[:lt]D\u0117kingumas tai gyvenimo b\u016bdas[:] - Skaitytaknyga","og_description":"Mano sielos gelm\u0117je tryk\u0161ta am\u017einas d\u0117kingumo \u0160altinis. Tegu jis u\u017elieja \u0161ird\u012f, k\u016bn\u0105, prot\u0105, s\u0105mon\u0119 - vis\u0105 mano esyb\u0119. Tegu d\u0117kingumas sklinda nuo man\u0119s \u012f","og_url":"https:\/\/skaitytaknyga.lt\/en\/produktas\/dekingumas-tai-gyvenimo-budas\/","og_site_name":"Skaitytaknyga","article_publisher":"https:\/\/www.facebook.com\/skaitytaknyga\/","article_modified_time":"2025-11-27T15:11:44+00:00","og_image":[{"width":529,"height":800,"url":"https:\/\/skaitytaknyga.lt\/wp-content\/uploads\/2025\/07\/Dekingumas-tai-gyvenimo-budas-1.webp","type":"image\/webp"}],"twitter_card":"summary_large_image","schema":{"@context":"https:\/\/schema.org","@graph":[{"@type":"WebPage","@id":"https:\/\/skaitytaknyga.lt\/produktas\/dekingumas-tai-gyvenimo-budas\/","url":"https:\/\/skaitytaknyga.lt\/produktas\/dekingumas-tai-gyvenimo-budas\/","name":"D\u0117kingumas tai gyvenimo b\u016bdas","isPartOf":{"@id":"https:\/\/skaitytaknyga.lt\/#website"},"primaryImageOfPage":{"@id":"https:\/\/skaitytaknyga.lt\/produktas\/dekingumas-tai-gyvenimo-budas\/#primaryimage"},"image":{"@id":"https:\/\/skaitytaknyga.lt\/produktas\/dekingumas-tai-gyvenimo-budas\/#primaryimage"},"thumbnailUrl":"https:\/\/skaitytaknyga.lt\/wp-content\/uploads\/2025\/07\/Dekingumas-tai-gyvenimo-budas-1.webp","datePublished":"2025-07-24T06:00:32+00:00","dateModified":"2025-11-27T15:11:44+00:00","description":"Mano sielos gelm\u0117je tryk\u0161ta am\u017einas d\u0117kingumo \u0160altinis. Tegu jis u\u017elieja \u0161ird\u012f, k\u016bn\u0105, prot\u0105, s\u0105mon\u0119 - vis\u0105 mano esyb\u0119. Tegu d\u0117kingumas sklinda nuo man\u0119s \u012f","breadcrumb":{"@id":"https:\/\/skaitytaknyga.lt\/produktas\/dekingumas-tai-gyvenimo-budas\/#breadcrumb"},"inLanguage":"en-GB","potentialAction":[{"@type":"ReadAction","target":["https:\/\/skaitytaknyga.lt\/produktas\/dekingumas-tai-gyvenimo-budas\/"]}]},{"@type":"ImageObject","inLanguage":"en-GB","@id":"https:\/\/skaitytaknyga.lt\/produktas\/dekingumas-tai-gyvenimo-budas\/#primaryimage","url":"https:\/\/skaitytaknyga.lt\/wp-content\/uploads\/2025\/07\/Dekingumas-tai-gyvenimo-budas-1.webp","contentUrl":"https:\/\/skaitytaknyga.lt\/wp-content\/uploads\/2025\/07\/Dekingumas-tai-gyvenimo-budas-1.webp","width":529,"height":800,"caption":"D\u0117kingumas tai gyvenimo b\u016bdas"},{"@type":"BreadcrumbList","@id":"https:\/\/skaitytaknyga.lt\/produktas\/dekingumas-tai-gyvenimo-budas\/#breadcrumb","itemListElement":[{"@type":"ListItem","position":1,"name":"Home","item":"https:\/\/skaitytaknyga.lt\/"},{"@type":"ListItem","position":2,"name":"Parduotuv\u0117","item":"https:\/\/skaitytaknyga.lt\/knygu-parduotuve\/"},{"@type":"ListItem","position":3,"name":"D\u0117kingumas tai gyvenimo b\u016bdas"}]},{"@type":"WebSite","@id":"https:\/\/skaitytaknyga.lt\/#website","url":"https:\/\/skaitytaknyga.lt\/","name":"skaitytaknyga.lt","description":"Skaitytaknyga.lt \u2013 tai ma\u017eas \u0161eimos verslas, kuris prasid\u0117jo nuo meil\u0117s knygoms ir siekio i\u0161gelb\u0117ti knygas nuo likimo prie konteinerio. Kas vienam nereikalingas daiktas \u2013 kitam lobis, o mes esame tarpininkai, kurie padeda abiems tapti laimingesniems ???? \u017dinome kaip nelengva i\u0161gyventi ma\u017eiems verslams, tad nuo \u0161iol, \u010dia rasite ir kit\u0173, ma\u017e\u0173 \u0161eim\u0173 versl\u0173, rank\u0173 darbo, dovan\u0173 sau ir artimiesiems.","publisher":{"@id":"https:\/\/skaitytaknyga.lt\/#organization"},"potentialAction":[{"@type":"SearchAction","target":{"@type":"EntryPoint","urlTemplate":"https:\/\/skaitytaknyga.lt\/?s={search_term_string}"},"query-input":{"@type":"PropertyValueSpecification","valueRequired":true,"valueName":"search_term_string"}}],"inLanguage":"en-GB"},{"@type":"Organization","@id":"https:\/\/skaitytaknyga.lt\/#organization","name":"skaitytaknyga.lt","url":"https:\/\/skaitytaknyga.lt\/","logo":{"@type":"ImageObject","inLanguage":"en-GB","@id":"https:\/\/skaitytaknyga.lt\/#\/schema\/logo\/image\/","url":"https:\/\/skaitytaknyga.lt\/wp-content\/uploads\/2024\/05\/cropped-cropped-cropped-02_00843_jt3bggkj1j3HLc7SyY6rEUpg.jpeg","contentUrl":"https:\/\/skaitytaknyga.lt\/wp-content\/uploads\/2024\/05\/cropped-cropped-cropped-02_00843_jt3bggkj1j3HLc7SyY6rEUpg.jpeg","width":1600,"height":1600,"caption":"skaitytaknyga.lt"},"image":{"@id":"https:\/\/skaitytaknyga.lt\/#\/schema\/logo\/image\/"},"sameAs":["https:\/\/www.facebook.com\/skaitytaknyga\/"]}]}},"_links":{"self":[{"href":"https:\/\/skaitytaknyga.lt\/en\/wp-json\/wp\/v2\/product\/19830","targetHints":{"allow":["GET"]}}],"collection":[{"href":"https:\/\/skaitytaknyga.lt\/en\/wp-json\/wp\/v2\/product"}],"about":[{"href":"https:\/\/skaitytaknyga.lt\/en\/wp-json\/wp\/v2\/types\/product"}],"replies":[{"embeddable":true,"href":"https:\/\/skaitytaknyga.lt\/en\/wp-json\/wp\/v2\/comments?post=19830"}],"wp:featuredmedia":[{"embeddable":true,"href":"https:\/\/skaitytaknyga.lt\/en\/wp-json\/wp\/v2\/media\/19835"}],"wp:attachment":[{"href":"https:\/\/skaitytaknyga.lt\/en\/wp-json\/wp\/v2\/media?parent=19830"}],"wp:term":[{"taxonomy":"product_brand","embeddable":true,"href":"https:\/\/skaitytaknyga.lt\/en\/wp-json\/wp\/v2\/product_brand?post=19830"},{"taxonomy":"product_cat","embeddable":true,"href":"https:\/\/skaitytaknyga.lt\/en\/wp-json\/wp\/v2\/product_cat?post=19830"},{"taxonomy":"product_tag","embeddable":true,"href":"https:\/\/skaitytaknyga.lt\/en\/wp-json\/wp\/v2\/product_tag?post=19830"}],"curies":[{"name":"wp","href":"https:\/\/api.w.org\/{rel}","templated":true}]}}