{"id":19821,"date":"2025-07-24T08:37:43","date_gmt":"2025-07-24T05:37:43","guid":{"rendered":"https:\/\/skaitytaknyga.lt\/?post_type=product&#038;p=19821"},"modified":"2025-07-31T08:10:33","modified_gmt":"2025-07-31T05:10:33","slug":"atlantida-mitas-ar-realybe","status":"publish","type":"product","link":"https:\/\/skaitytaknyga.lt\/en\/produktas\/atlantida-mitas-ar-realybe\/","title":{"rendered":"Atlantida. Mitas ar realyb\u0117?"},"content":{"rendered":"<p>Platono pasakojimas apie dingusi\u0105 Atlantid\u0105 yra vienas \u012fdomiausi\u0173 \u017emonijos istorijos puslapi\u0173. Daugelis nor\u0117t\u0173 \u017einoti, ar \u0161ioje legendoje slypi tiesa. Dar ne taip seniai mokslininkai buvo prat\u0119 atsainiai atmesti id\u0117j\u0105, kad did\u017eiuliai \u017dem\u0117s kontinentai gal\u0117jo staigiai be p\u0117dsak\u0173 nugrimzti vandenyse. Murry Hope pateikia nauj\u0173 \u017eini\u0173 apie \u017dem\u0117s a\u0161i\u0173 posvyrius, apie sp\u0117jam\u0105 m\u016bs\u0173 planetos susid\u016brim\u0105 su mil\u017eini\u0161ku asteroidu (laimei, pana\u0161aus susid\u016brimo buvo i\u0161vengta 1989 metais). Pasir\u0117mus \u0161iomis \u017einiomis, galima \u012ftikinamiau paai\u0161kinti Atlantidos katastrof\u0105.<\/p>\n<p>Knygoje ai\u0161kinama atlant\u0173 religija ir mokslas. \u017dmoni\u0173 kraujo grupi\u0173 tyrimai, taip pat fakt\u0173 \u012fvairov\u0117 pradedant And\u0173 miest\u0173 griuv\u0117siais ir baigiant Afrikos gen\u010di\u0173 astronomin\u0117mis \u017einiomis &#8211; visa tai darniai persipina. Jos padeda i\u0161sklaidyti abejones, kad kadaise prie\u0161istoriniais laikais \u017dem\u0117je buvusi netgi ne viena toli pa\u017eengusi kult\u016bra.<\/p>\n","protected":false},"excerpt":{"rendered":"<p>Platono pasakojimas apie dingusi\u0105 Atlantid\u0105 yra vienas \u012fdomiausi\u0173 \u017emonijos istorijos puslapi\u0173. Daugelis nor\u0117t\u0173 \u017einoti, ar \u0161ioje legendoje slypi tiesa. Dar ne taip seniai mokslininkai buvo prat\u0119 atsainiai atmesti id\u0117j\u0105, kad did\u017eiuliai \u017dem\u0117s kontinentai gal\u0117jo staigiai be p\u0117dsak\u0173 nugrimzti vandenyse. Murry Hope pateikia nauj\u0173 \u017eini\u0173 apie \u017dem\u0117s a\u0161i\u0173 posvyrius, apie sp\u0117jam\u0105 m\u016bs\u0173 planetos susid\u016brim\u0105 su mil\u017eini\u0161ku asteroidu (laimei, pana\u0161aus susid\u016brimo buvo i\u0161vengta 1989 metais). Pasir\u0117mus \u0161iomis \u017einiomis, galima \u012ftikinamiau paai\u0161kinti Atlantidos katastrof\u0105. Knygoje ai\u0161kinama atlant\u0173 religija ir mokslas. \u017dmoni\u0173 kraujo grupi\u0173 tyrimai, taip pat fakt\u0173 \u012fvairov\u0117 pradedant And\u0173 miest\u0173 griuv\u0117siais ir baigiant Afrikos gen\u010di\u0173 astronomin\u0117mis \u017einiomis &#8211; visa tai darniai persipina. Jos padeda i\u0161sklaidyti abejones, kad kadaise prie\u0161istoriniais laikais \u017dem\u0117je buvusi netgi ne viena toli pa\u017eengusi kult\u016bra.<\/p>\n","protected":false},"featured_media":19826,"comment_status":"open","ping_status":"closed","template":"","meta":{"_acf_changed":false,"site-sidebar-layout":"default","site-content-layout":"","ast-site-content-layout":"default","site-content-style":"default","site-sidebar-style":"default","ast-global-header-display":"","ast-banner-title-visibility":"","ast-main-header-display":"","ast-hfb-above-header-display":"","ast-hfb-below-header-display":"","ast-hfb-mobile-header-display":"","site-post-title":"","ast-breadcrumbs-content":"","ast-featured-img":"","footer-sml-layout":"","ast-disable-related-posts":"","theme-transparent-header-meta":"","adv-header-id-meta":"","stick-header-meta":"","header-above-stick-meta":"","header-main-stick-meta":"","header-below-stick-meta":"","astra-migrate-meta-layouts":"default","ast-page-background-enabled":"default","ast-page-background-meta":{"desktop":{"background-color":"","background-image":"","background-repeat":"repeat","background-position":"center center","background-size":"auto","background-attachment":"scroll","background-type":"","background-media":"","overlay-type":"","overlay-color":"","overlay-opacity":"","overlay-gradient":""},"tablet":{"background-color":"","background-image":"","background-repeat":"repeat","background-position":"center center","background-size":"auto","background-attachment":"scroll","background-type":"","background-media":"","overlay-type":"","overlay-color":"","overlay-opacity":"","overlay-gradient":""},"mobile":{"background-color":"","background-image":"","background-repeat":"repeat","background-position":"center center","background-size":"auto","background-attachment":"scroll","background-type":"","background-media":"","overlay-type":"","overlay-color":"","overlay-opacity":"","overlay-gradient":""}},"ast-content-background-meta":{"desktop":{"background-color":"var(--ast-global-color-4)","background-image":"","background-repeat":"repeat","background-position":"center center","background-size":"auto","background-attachment":"scroll","background-type":"","background-media":"","overlay-type":"","overlay-color":"","overlay-opacity":"","overlay-gradient":""},"tablet":{"background-color":"var(--ast-global-color-4)","background-image":"","background-repeat":"repeat","background-position":"center center","background-size":"auto","background-attachment":"scroll","background-type":"","background-media":"","overlay-type":"","overlay-color":"","overlay-opacity":"","overlay-gradient":""},"mobile":{"background-color":"var(--ast-global-color-4)","background-image":"","background-repeat":"repeat","background-position":"center center","background-size":"auto","background-attachment":"scroll","background-type":"","background-media":"","overlay-type":"","overlay-color":"","overlay-opacity":"","overlay-gradient":""}}},"product_brand":[],"product_cat":[174],"product_tag":[6716,6714,2583,1524,6717,6715],"class_list":{"0":"post-19821","1":"product","2":"type-product","3":"status-publish","4":"has-post-thumbnail","6":"product_cat-istorija-ir-politologija","7":"product_tag-alternatyvioji-istorija","8":"product_tag-atlantida","9":"product_tag-mitai","10":"product_tag-mokslas","11":"product_tag-murry-hope","12":"product_tag-praeities-civilizacijos","13":"desktop-align-left","14":"tablet-align-left","15":"mobile-align-left","17":"first","18":"instock","19":"shipping-taxable","20":"purchasable","21":"product-type-simple"},"acf":[],"yoast_head":"<!-- This site is optimized with the Yoast SEO plugin v27.0 - https:\/\/yoast.com\/product\/yoast-seo-wordpress\/ -->\n<title>Atlantida. Mitas ar realyb\u0117?<\/title>\n<meta name=\"description\" content=\"Platono pasakojimas apie dingusi\u0105 Atlantid\u0105 yra vienas \u012fdomiausi\u0173 \u017emonijos istorijos puslapi\u0173. Daugelis nor\u0117t\u0173 \u017einoti, ar \u0161ioje legendoje slypi tiesa. Dar\" \/>\n<meta name=\"robots\" content=\"index, follow, max-snippet:-1, max-image-preview:large, max-video-preview:-1\" \/>\n<link rel=\"canonical\" href=\"https:\/\/skaitytaknyga.lt\/en\/produktas\/atlantida-mitas-ar-realybe\/\" \/>\n<meta property=\"og:locale\" content=\"en_GB\" \/>\n<meta property=\"og:locale:alternate\" content=\"lt_LT\" \/>\n<meta property=\"og:type\" content=\"article\" \/>\n<meta property=\"og:title\" content=\"Atlantida. Mitas ar realyb\u0117?\" \/>\n<meta property=\"og:description\" content=\"Platono pasakojimas apie dingusi\u0105 Atlantid\u0105 yra vienas \u012fdomiausi\u0173 \u017emonijos istorijos puslapi\u0173. Daugelis nor\u0117t\u0173 \u017einoti, ar \u0161ioje legendoje slypi tiesa. Dar\" \/>\n<meta property=\"og:url\" content=\"https:\/\/skaitytaknyga.lt\/en\/produktas\/atlantida-mitas-ar-realybe\/\" \/>\n<meta property=\"og:site_name\" content=\"Skaitytaknyga\" \/>\n<meta property=\"article:publisher\" content=\"https:\/\/www.facebook.com\/skaitytaknyga\/\" \/>\n<meta property=\"article:modified_time\" content=\"2025-07-31T05:10:33+00:00\" \/>\n<meta property=\"og:image\" content=\"https:\/\/skaitytaknyga.lt\/wp-content\/uploads\/2025\/07\/Atlantida.-Mitas-ar-realybe-1.webp\" \/>\n\t<meta property=\"og:image:width\" content=\"493\" \/>\n\t<meta property=\"og:image:height\" content=\"801\" \/>\n\t<meta property=\"og:image:type\" content=\"image\/webp\" \/>\n<meta name=\"twitter:card\" content=\"summary_large_image\" \/>\n<meta name=\"twitter:label1\" content=\"Estimated reading time\" \/>\n\t<meta name=\"twitter:data1\" content=\"1 minute\" \/>\n<script type=\"application\/ld+json\" class=\"yoast-schema-graph\">{\"@context\":\"https:\/\/schema.org\",\"@graph\":[{\"@type\":\"WebPage\",\"@id\":\"https:\/\/skaitytaknyga.lt\/produktas\/atlantida-mitas-ar-realybe\/\",\"url\":\"https:\/\/skaitytaknyga.lt\/produktas\/atlantida-mitas-ar-realybe\/\",\"name\":\"Atlantida. Mitas ar realyb\u0117?\",\"isPartOf\":{\"@id\":\"https:\/\/skaitytaknyga.lt\/#website\"},\"primaryImageOfPage\":{\"@id\":\"https:\/\/skaitytaknyga.lt\/produktas\/atlantida-mitas-ar-realybe\/#primaryimage\"},\"image\":{\"@id\":\"https:\/\/skaitytaknyga.lt\/produktas\/atlantida-mitas-ar-realybe\/#primaryimage\"},\"thumbnailUrl\":\"https:\/\/skaitytaknyga.lt\/wp-content\/uploads\/2025\/07\/Atlantida.-Mitas-ar-realybe-1.webp\",\"datePublished\":\"2025-07-24T05:37:43+00:00\",\"dateModified\":\"2025-07-31T05:10:33+00:00\",\"description\":\"Platono pasakojimas apie dingusi\u0105 Atlantid\u0105 yra vienas \u012fdomiausi\u0173 \u017emonijos istorijos puslapi\u0173. Daugelis nor\u0117t\u0173 \u017einoti, ar \u0161ioje legendoje slypi tiesa. Dar\",\"breadcrumb\":{\"@id\":\"https:\/\/skaitytaknyga.lt\/produktas\/atlantida-mitas-ar-realybe\/#breadcrumb\"},\"inLanguage\":\"en-GB\",\"potentialAction\":[{\"@type\":\"ReadAction\",\"target\":[\"https:\/\/skaitytaknyga.lt\/produktas\/atlantida-mitas-ar-realybe\/\"]}]},{\"@type\":\"ImageObject\",\"inLanguage\":\"en-GB\",\"@id\":\"https:\/\/skaitytaknyga.lt\/produktas\/atlantida-mitas-ar-realybe\/#primaryimage\",\"url\":\"https:\/\/skaitytaknyga.lt\/wp-content\/uploads\/2025\/07\/Atlantida.-Mitas-ar-realybe-1.webp\",\"contentUrl\":\"https:\/\/skaitytaknyga.lt\/wp-content\/uploads\/2025\/07\/Atlantida.-Mitas-ar-realybe-1.webp\",\"width\":493,\"height\":801,\"caption\":\"Atlantida. Mitas ar realyb\u0117?\"},{\"@type\":\"BreadcrumbList\",\"@id\":\"https:\/\/skaitytaknyga.lt\/produktas\/atlantida-mitas-ar-realybe\/#breadcrumb\",\"itemListElement\":[{\"@type\":\"ListItem\",\"position\":1,\"name\":\"Home\",\"item\":\"https:\/\/skaitytaknyga.lt\/\"},{\"@type\":\"ListItem\",\"position\":2,\"name\":\"Parduotuv\u0117\",\"item\":\"https:\/\/skaitytaknyga.lt\/knygu-parduotuve\/\"},{\"@type\":\"ListItem\",\"position\":3,\"name\":\"Atlantida. Mitas ar realyb\u0117?\"}]},{\"@type\":\"WebSite\",\"@id\":\"https:\/\/skaitytaknyga.lt\/#website\",\"url\":\"https:\/\/skaitytaknyga.lt\/\",\"name\":\"skaitytaknyga.lt\",\"description\":\"Skaitytaknyga.lt \u2013 tai ma\u017eas \u0161eimos verslas, kuris prasid\u0117jo nuo meil\u0117s knygoms ir siekio i\u0161gelb\u0117ti knygas nuo likimo prie konteinerio. Kas vienam nereikalingas daiktas \u2013 kitam lobis, o mes esame tarpininkai, kurie padeda abiems tapti laimingesniems ???? \u017dinome kaip nelengva i\u0161gyventi ma\u017eiems verslams, tad nuo \u0161iol, \u010dia rasite ir kit\u0173, ma\u017e\u0173 \u0161eim\u0173 versl\u0173, rank\u0173 darbo, dovan\u0173 sau ir artimiesiems.\",\"publisher\":{\"@id\":\"https:\/\/skaitytaknyga.lt\/#organization\"},\"potentialAction\":[{\"@type\":\"SearchAction\",\"target\":{\"@type\":\"EntryPoint\",\"urlTemplate\":\"https:\/\/skaitytaknyga.lt\/?s={search_term_string}\"},\"query-input\":{\"@type\":\"PropertyValueSpecification\",\"valueRequired\":true,\"valueName\":\"search_term_string\"}}],\"inLanguage\":\"en-GB\"},{\"@type\":\"Organization\",\"@id\":\"https:\/\/skaitytaknyga.lt\/#organization\",\"name\":\"skaitytaknyga.lt\",\"url\":\"https:\/\/skaitytaknyga.lt\/\",\"logo\":{\"@type\":\"ImageObject\",\"inLanguage\":\"en-GB\",\"@id\":\"https:\/\/skaitytaknyga.lt\/#\/schema\/logo\/image\/\",\"url\":\"https:\/\/skaitytaknyga.lt\/wp-content\/uploads\/2024\/05\/cropped-cropped-cropped-02_00843_jt3bggkj1j3HLc7SyY6rEUpg.jpeg\",\"contentUrl\":\"https:\/\/skaitytaknyga.lt\/wp-content\/uploads\/2024\/05\/cropped-cropped-cropped-02_00843_jt3bggkj1j3HLc7SyY6rEUpg.jpeg\",\"width\":1600,\"height\":1600,\"caption\":\"skaitytaknyga.lt\"},\"image\":{\"@id\":\"https:\/\/skaitytaknyga.lt\/#\/schema\/logo\/image\/\"},\"sameAs\":[\"https:\/\/www.facebook.com\/skaitytaknyga\/\"]}]}<\/script>\n<!-- \/ Yoast SEO plugin. -->","yoast_head_json":{"title":"Atlantida. Mitas ar realyb\u0117?","description":"Platono pasakojimas apie dingusi\u0105 Atlantid\u0105 yra vienas \u012fdomiausi\u0173 \u017emonijos istorijos puslapi\u0173. Daugelis nor\u0117t\u0173 \u017einoti, ar \u0161ioje legendoje slypi tiesa. Dar","robots":{"index":"index","follow":"follow","max-snippet":"max-snippet:-1","max-image-preview":"max-image-preview:large","max-video-preview":"max-video-preview:-1"},"canonical":"https:\/\/skaitytaknyga.lt\/en\/produktas\/atlantida-mitas-ar-realybe\/","og_locale":"en_GB","og_type":"article","og_title":"[:lt]Atlantida. Mitas ar realyb\u0117?[:] - Skaitytaknyga","og_description":"Platono pasakojimas apie dingusi\u0105 Atlantid\u0105 yra vienas \u012fdomiausi\u0173 \u017emonijos istorijos puslapi\u0173. Daugelis nor\u0117t\u0173 \u017einoti, ar \u0161ioje legendoje slypi tiesa. Dar","og_url":"https:\/\/skaitytaknyga.lt\/en\/produktas\/atlantida-mitas-ar-realybe\/","og_site_name":"Skaitytaknyga","article_publisher":"https:\/\/www.facebook.com\/skaitytaknyga\/","article_modified_time":"2025-07-31T05:10:33+00:00","og_image":[{"width":493,"height":801,"url":"https:\/\/skaitytaknyga.lt\/wp-content\/uploads\/2025\/07\/Atlantida.-Mitas-ar-realybe-1.webp","type":"image\/webp"}],"twitter_card":"summary_large_image","twitter_misc":{"Estimated reading time":"1 minute"},"schema":{"@context":"https:\/\/schema.org","@graph":[{"@type":"WebPage","@id":"https:\/\/skaitytaknyga.lt\/produktas\/atlantida-mitas-ar-realybe\/","url":"https:\/\/skaitytaknyga.lt\/produktas\/atlantida-mitas-ar-realybe\/","name":"Atlantida. Mitas ar realyb\u0117?","isPartOf":{"@id":"https:\/\/skaitytaknyga.lt\/#website"},"primaryImageOfPage":{"@id":"https:\/\/skaitytaknyga.lt\/produktas\/atlantida-mitas-ar-realybe\/#primaryimage"},"image":{"@id":"https:\/\/skaitytaknyga.lt\/produktas\/atlantida-mitas-ar-realybe\/#primaryimage"},"thumbnailUrl":"https:\/\/skaitytaknyga.lt\/wp-content\/uploads\/2025\/07\/Atlantida.-Mitas-ar-realybe-1.webp","datePublished":"2025-07-24T05:37:43+00:00","dateModified":"2025-07-31T05:10:33+00:00","description":"Platono pasakojimas apie dingusi\u0105 Atlantid\u0105 yra vienas \u012fdomiausi\u0173 \u017emonijos istorijos puslapi\u0173. Daugelis nor\u0117t\u0173 \u017einoti, ar \u0161ioje legendoje slypi tiesa. Dar","breadcrumb":{"@id":"https:\/\/skaitytaknyga.lt\/produktas\/atlantida-mitas-ar-realybe\/#breadcrumb"},"inLanguage":"en-GB","potentialAction":[{"@type":"ReadAction","target":["https:\/\/skaitytaknyga.lt\/produktas\/atlantida-mitas-ar-realybe\/"]}]},{"@type":"ImageObject","inLanguage":"en-GB","@id":"https:\/\/skaitytaknyga.lt\/produktas\/atlantida-mitas-ar-realybe\/#primaryimage","url":"https:\/\/skaitytaknyga.lt\/wp-content\/uploads\/2025\/07\/Atlantida.-Mitas-ar-realybe-1.webp","contentUrl":"https:\/\/skaitytaknyga.lt\/wp-content\/uploads\/2025\/07\/Atlantida.-Mitas-ar-realybe-1.webp","width":493,"height":801,"caption":"Atlantida. Mitas ar realyb\u0117?"},{"@type":"BreadcrumbList","@id":"https:\/\/skaitytaknyga.lt\/produktas\/atlantida-mitas-ar-realybe\/#breadcrumb","itemListElement":[{"@type":"ListItem","position":1,"name":"Home","item":"https:\/\/skaitytaknyga.lt\/"},{"@type":"ListItem","position":2,"name":"Parduotuv\u0117","item":"https:\/\/skaitytaknyga.lt\/knygu-parduotuve\/"},{"@type":"ListItem","position":3,"name":"Atlantida. Mitas ar realyb\u0117?"}]},{"@type":"WebSite","@id":"https:\/\/skaitytaknyga.lt\/#website","url":"https:\/\/skaitytaknyga.lt\/","name":"skaitytaknyga.lt","description":"Skaitytaknyga.lt \u2013 tai ma\u017eas \u0161eimos verslas, kuris prasid\u0117jo nuo meil\u0117s knygoms ir siekio i\u0161gelb\u0117ti knygas nuo likimo prie konteinerio. Kas vienam nereikalingas daiktas \u2013 kitam lobis, o mes esame tarpininkai, kurie padeda abiems tapti laimingesniems ???? \u017dinome kaip nelengva i\u0161gyventi ma\u017eiems verslams, tad nuo \u0161iol, \u010dia rasite ir kit\u0173, ma\u017e\u0173 \u0161eim\u0173 versl\u0173, rank\u0173 darbo, dovan\u0173 sau ir artimiesiems.","publisher":{"@id":"https:\/\/skaitytaknyga.lt\/#organization"},"potentialAction":[{"@type":"SearchAction","target":{"@type":"EntryPoint","urlTemplate":"https:\/\/skaitytaknyga.lt\/?s={search_term_string}"},"query-input":{"@type":"PropertyValueSpecification","valueRequired":true,"valueName":"search_term_string"}}],"inLanguage":"en-GB"},{"@type":"Organization","@id":"https:\/\/skaitytaknyga.lt\/#organization","name":"skaitytaknyga.lt","url":"https:\/\/skaitytaknyga.lt\/","logo":{"@type":"ImageObject","inLanguage":"en-GB","@id":"https:\/\/skaitytaknyga.lt\/#\/schema\/logo\/image\/","url":"https:\/\/skaitytaknyga.lt\/wp-content\/uploads\/2024\/05\/cropped-cropped-cropped-02_00843_jt3bggkj1j3HLc7SyY6rEUpg.jpeg","contentUrl":"https:\/\/skaitytaknyga.lt\/wp-content\/uploads\/2024\/05\/cropped-cropped-cropped-02_00843_jt3bggkj1j3HLc7SyY6rEUpg.jpeg","width":1600,"height":1600,"caption":"skaitytaknyga.lt"},"image":{"@id":"https:\/\/skaitytaknyga.lt\/#\/schema\/logo\/image\/"},"sameAs":["https:\/\/www.facebook.com\/skaitytaknyga\/"]}]}},"_links":{"self":[{"href":"https:\/\/skaitytaknyga.lt\/en\/wp-json\/wp\/v2\/product\/19821","targetHints":{"allow":["GET"]}}],"collection":[{"href":"https:\/\/skaitytaknyga.lt\/en\/wp-json\/wp\/v2\/product"}],"about":[{"href":"https:\/\/skaitytaknyga.lt\/en\/wp-json\/wp\/v2\/types\/product"}],"replies":[{"embeddable":true,"href":"https:\/\/skaitytaknyga.lt\/en\/wp-json\/wp\/v2\/comments?post=19821"}],"wp:featuredmedia":[{"embeddable":true,"href":"https:\/\/skaitytaknyga.lt\/en\/wp-json\/wp\/v2\/media\/19826"}],"wp:attachment":[{"href":"https:\/\/skaitytaknyga.lt\/en\/wp-json\/wp\/v2\/media?parent=19821"}],"wp:term":[{"taxonomy":"product_brand","embeddable":true,"href":"https:\/\/skaitytaknyga.lt\/en\/wp-json\/wp\/v2\/product_brand?post=19821"},{"taxonomy":"product_cat","embeddable":true,"href":"https:\/\/skaitytaknyga.lt\/en\/wp-json\/wp\/v2\/product_cat?post=19821"},{"taxonomy":"product_tag","embeddable":true,"href":"https:\/\/skaitytaknyga.lt\/en\/wp-json\/wp\/v2\/product_tag?post=19821"}],"curies":[{"name":"wp","href":"https:\/\/api.w.org\/{rel}","templated":true}]}}