{"id":19811,"date":"2025-07-24T08:15:18","date_gmt":"2025-07-24T05:15:18","guid":{"rendered":"https:\/\/skaitytaknyga.lt\/?post_type=product&#038;p=19811"},"modified":"2025-07-24T08:50:42","modified_gmt":"2025-07-24T05:50:42","slug":"ieskau-tikro-lietuvio","status":"publish","type":"product","link":"https:\/\/skaitytaknyga.lt\/en\/produktas\/ieskau-tikro-lietuvio\/","title":{"rendered":"Ie\u0161kau tikro lietuvio"},"content":{"rendered":"<p>Mums kenkia lengvai \u012fgytas, neu\u017edirbtas turtas, o sunkus darbas taurina.<\/p>\n<p>Gydytoja, ra\u0161ytoja Filomena Taunyt\u0117 svarsto, koks \u0161iandien yra tikras lietuvis: ji ie\u0161ko ir randa tauri\u0173 asmenybi\u0173, bet aptinka ir nauj\u0173 did\u017ei\u0173j\u0173 nuod\u0117mi\u0173 \u2013 pataikavim\u0105, nusi\u017eeminim\u0105 ir baim\u0119. \u0160ios paprast\u0173 \u017emoni\u0173 ydos leid\u017eia tarpti vir\u0161\u016bn\u0117li\u0173 savanaudi\u0161kumui ir pasip\u016btimui.<\/p>\n<p>Did\u017eiul\u0119 patirt\u012f sukaupusi medik\u0117 pataria gydyti dvasios ir k\u016bno ligas savo praktikoje patikrintais paprastais, bet veiksmingais metodais. Daug d\u0117mesio ji skiria mitybai. Ir \u0161ioje knygoje nema\u017eai kalbama apie pasninkavim\u0105, gydom\u0105j\u012f badavim\u0105, bet persp\u0117jama klausyti sveiko proto ir nepulti \u012f kra\u0161tutinumus. Autor\u0117 pateikia mitybos patarim\u0173 ir tiems, kurie nesiry\u017eta badauti, bet turi reguliuoti svor\u012f ne i\u0161 tu\u0161tyb\u0117s, o d\u0117l sveikatos.<\/p>\n<p>Pirm\u0105 kart\u0105 gydytoja pla\u010diau ra\u0161o apie akupunkt\u016br\u0105 ir akupres\u016br\u0105, apie tai, kaip atpa\u017einti ligas pagal akies rainel\u0119 ir kaip jas \u012fveikti darant stuburui \u2013 sveikatos vie\u0161keliui \u2013 skirtus paprastus ir lengvus auksin\u0117s \u017euvel\u0117s pratimus.<\/p>\n<p>Knygoje rasite nauj\u0173 recept\u0173, vaista\u017eoli\u0173 antpil\u0173 apra\u0161ym\u0173, i\u0161moksite nebrangiai pasidaryti sanatorij\u0105 nuosavame sode ir net liaudi\u0161komis priemon\u0117mis pad\u0117ti m\u0117gstantiems per daug i\u0161gerti.<\/p>\n<p>Lietuviai nuo am\u017ei\u0173 gyveno kartu su kit\u0173 taut\u0173 \u017emon\u0117mis, tad visada turi prog\u0105 pasinaudoti j\u0173 sukaupta i\u0161mintimi. Skaitydami knyg\u0105 su\u017einosite, kaip autor\u0117 vos netapo \u017eyde, kaip ie\u0161kojo bendros kalbos su lenkais ir k\u0105 lietuviui gali duoti japoni\u0161kas sodas.<\/p>\n","protected":false},"excerpt":{"rendered":"<p>Mums kenkia lengvai \u012fgytas, neu\u017edirbtas turtas, o sunkus darbas taurina. Gydytoja, ra\u0161ytoja Filomena Taunyt\u0117 svarsto, koks \u0161iandien yra tikras lietuvis: ji ie\u0161ko ir randa tauri\u0173 asmenybi\u0173, bet aptinka ir nauj\u0173 did\u017ei\u0173j\u0173 nuod\u0117mi\u0173 \u2013 pataikavim\u0105, nusi\u017eeminim\u0105 ir baim\u0119. \u0160ios paprast\u0173 \u017emoni\u0173 ydos leid\u017eia tarpti vir\u0161\u016bn\u0117li\u0173 savanaudi\u0161kumui ir pasip\u016btimui. Did\u017eiul\u0119 patirt\u012f sukaupusi medik\u0117 pataria gydyti dvasios ir k\u016bno ligas savo praktikoje patikrintais paprastais, bet veiksmingais metodais. Daug d\u0117mesio ji skiria mitybai. Ir \u0161ioje knygoje nema\u017eai kalbama apie pasninkavim\u0105, gydom\u0105j\u012f badavim\u0105, bet persp\u0117jama klausyti sveiko proto ir nepulti \u012f kra\u0161tutinumus. Autor\u0117 pateikia mitybos patarim\u0173 ir tiems, kurie nesiry\u017eta badauti, bet turi reguliuoti svor\u012f ne i\u0161 tu\u0161tyb\u0117s, o d\u0117l sveikatos. Pirm\u0105 kart\u0105 gydytoja pla\u010diau ra\u0161o apie akupunkt\u016br\u0105 ir akupres\u016br\u0105, apie tai, kaip atpa\u017einti ligas pagal akies rainel\u0119 ir kaip jas \u012fveikti darant stuburui \u2013 sveikatos vie\u0161keliui \u2013 skirtus paprastus ir lengvus auksin\u0117s \u017euvel\u0117s pratimus. Knygoje rasite nauj\u0173 recept\u0173, vaista\u017eoli\u0173 antpil\u0173 apra\u0161ym\u0173, i\u0161moksite nebrangiai pasidaryti sanatorij\u0105 nuosavame sode ir net liaudi\u0161komis priemon\u0117mis pad\u0117ti m\u0117gstantiems per daug i\u0161gerti. Lietuviai nuo am\u017ei\u0173 gyveno kartu su kit\u0173 taut\u0173 \u017emon\u0117mis, tad visada turi prog\u0105 pasinaudoti j\u0173 sukaupta i\u0161mintimi. Skaitydami knyg\u0105 su\u017einosite, kaip autor\u0117 vos netapo \u017eyde, kaip ie\u0161kojo bendros kalbos su lenkais ir k\u0105 lietuviui gali duoti japoni\u0161kas sodas.<\/p>\n","protected":false},"featured_media":19816,"comment_status":"open","ping_status":"closed","template":"","meta":{"_acf_changed":false,"site-sidebar-layout":"default","site-content-layout":"","ast-site-content-layout":"default","site-content-style":"default","site-sidebar-style":"default","ast-global-header-display":"","ast-banner-title-visibility":"","ast-main-header-display":"","ast-hfb-above-header-display":"","ast-hfb-below-header-display":"","ast-hfb-mobile-header-display":"","site-post-title":"","ast-breadcrumbs-content":"","ast-featured-img":"","footer-sml-layout":"","ast-disable-related-posts":"","theme-transparent-header-meta":"","adv-header-id-meta":"","stick-header-meta":"","header-above-stick-meta":"","header-main-stick-meta":"","header-below-stick-meta":"","astra-migrate-meta-layouts":"default","ast-page-background-enabled":"default","ast-page-background-meta":{"desktop":{"background-color":"","background-image":"","background-repeat":"repeat","background-position":"center center","background-size":"auto","background-attachment":"scroll","background-type":"","background-media":"","overlay-type":"","overlay-color":"","overlay-opacity":"","overlay-gradient":""},"tablet":{"background-color":"","background-image":"","background-repeat":"repeat","background-position":"center center","background-size":"auto","background-attachment":"scroll","background-type":"","background-media":"","overlay-type":"","overlay-color":"","overlay-opacity":"","overlay-gradient":""},"mobile":{"background-color":"","background-image":"","background-repeat":"repeat","background-position":"center center","background-size":"auto","background-attachment":"scroll","background-type":"","background-media":"","overlay-type":"","overlay-color":"","overlay-opacity":"","overlay-gradient":""}},"ast-content-background-meta":{"desktop":{"background-color":"var(--ast-global-color-4)","background-image":"","background-repeat":"repeat","background-position":"center center","background-size":"auto","background-attachment":"scroll","background-type":"","background-media":"","overlay-type":"","overlay-color":"","overlay-opacity":"","overlay-gradient":""},"tablet":{"background-color":"var(--ast-global-color-4)","background-image":"","background-repeat":"repeat","background-position":"center center","background-size":"auto","background-attachment":"scroll","background-type":"","background-media":"","overlay-type":"","overlay-color":"","overlay-opacity":"","overlay-gradient":""},"mobile":{"background-color":"var(--ast-global-color-4)","background-image":"","background-repeat":"repeat","background-position":"center center","background-size":"auto","background-attachment":"scroll","background-type":"","background-media":"","overlay-type":"","overlay-color":"","overlay-opacity":"","overlay-gradient":""}}},"product_brand":[],"product_cat":[31],"product_tag":[4225,1999,6705,2196,1680],"class_list":{"0":"post-19811","1":"product","2":"type-product","3":"status-publish","4":"has-post-thumbnail","6":"product_cat-grozine-literatura","7":"product_tag-dvasine-sveikata","8":"product_tag-filomena-taunyte","9":"product_tag-lietuviu-tapatybe","10":"product_tag-mityba","11":"product_tag-sveikata","12":"desktop-align-left","13":"tablet-align-left","14":"mobile-align-left","16":"first","17":"instock","18":"shipping-taxable","19":"purchasable","20":"product-type-simple"},"acf":[],"yoast_head":"<!-- This site is optimized with the Yoast SEO plugin v27.0 - https:\/\/yoast.com\/product\/yoast-seo-wordpress\/ -->\n<title>Ie\u0161kau tikro lietuvio<\/title>\n<meta name=\"description\" content=\"Mums kenkia lengvai \u012fgytas, neu\u017edirbtas turtas, o sunkus darbas taurina. Gydytoja, ra\u0161ytoja Filomena Taunyt\u0117 svarsto, koks \u0161iandien yra tikras lietuvis:\" \/>\n<meta name=\"robots\" content=\"index, follow, max-snippet:-1, max-image-preview:large, max-video-preview:-1\" \/>\n<link rel=\"canonical\" href=\"https:\/\/skaitytaknyga.lt\/en\/produktas\/ieskau-tikro-lietuvio\/\" \/>\n<meta property=\"og:locale\" content=\"en_GB\" \/>\n<meta property=\"og:locale:alternate\" content=\"lt_LT\" \/>\n<meta property=\"og:type\" content=\"article\" \/>\n<meta property=\"og:title\" content=\"Ie\u0161kau tikro lietuvio\" \/>\n<meta property=\"og:description\" content=\"Mums kenkia lengvai \u012fgytas, neu\u017edirbtas turtas, o sunkus darbas taurina. Gydytoja, ra\u0161ytoja Filomena Taunyt\u0117 svarsto, koks \u0161iandien yra tikras lietuvis:\" \/>\n<meta property=\"og:url\" content=\"https:\/\/skaitytaknyga.lt\/en\/produktas\/ieskau-tikro-lietuvio\/\" \/>\n<meta property=\"og:site_name\" content=\"Skaitytaknyga\" \/>\n<meta property=\"article:publisher\" content=\"https:\/\/www.facebook.com\/skaitytaknyga\/\" \/>\n<meta property=\"article:modified_time\" content=\"2025-07-24T05:50:42+00:00\" \/>\n<meta property=\"og:image\" content=\"https:\/\/skaitytaknyga.lt\/wp-content\/uploads\/2025\/07\/Ieskau-tikro-lietuvio-1.webp\" \/>\n\t<meta property=\"og:image:width\" content=\"412\" \/>\n\t<meta property=\"og:image:height\" content=\"616\" \/>\n\t<meta property=\"og:image:type\" content=\"image\/webp\" \/>\n<meta name=\"twitter:card\" content=\"summary_large_image\" \/>\n<meta name=\"twitter:label1\" content=\"Estimated reading time\" \/>\n\t<meta name=\"twitter:data1\" content=\"1 minute\" \/>\n<script type=\"application\/ld+json\" class=\"yoast-schema-graph\">{\"@context\":\"https:\/\/schema.org\",\"@graph\":[{\"@type\":\"WebPage\",\"@id\":\"https:\/\/skaitytaknyga.lt\/produktas\/ieskau-tikro-lietuvio\/\",\"url\":\"https:\/\/skaitytaknyga.lt\/produktas\/ieskau-tikro-lietuvio\/\",\"name\":\"Ie\u0161kau tikro lietuvio\",\"isPartOf\":{\"@id\":\"https:\/\/skaitytaknyga.lt\/#website\"},\"primaryImageOfPage\":{\"@id\":\"https:\/\/skaitytaknyga.lt\/produktas\/ieskau-tikro-lietuvio\/#primaryimage\"},\"image\":{\"@id\":\"https:\/\/skaitytaknyga.lt\/produktas\/ieskau-tikro-lietuvio\/#primaryimage\"},\"thumbnailUrl\":\"https:\/\/skaitytaknyga.lt\/wp-content\/uploads\/2025\/07\/Ieskau-tikro-lietuvio-1.webp\",\"datePublished\":\"2025-07-24T05:15:18+00:00\",\"dateModified\":\"2025-07-24T05:50:42+00:00\",\"description\":\"Mums kenkia lengvai \u012fgytas, neu\u017edirbtas turtas, o sunkus darbas taurina. Gydytoja, ra\u0161ytoja Filomena Taunyt\u0117 svarsto, koks \u0161iandien yra tikras lietuvis:\",\"breadcrumb\":{\"@id\":\"https:\/\/skaitytaknyga.lt\/produktas\/ieskau-tikro-lietuvio\/#breadcrumb\"},\"inLanguage\":\"en-GB\",\"potentialAction\":[{\"@type\":\"ReadAction\",\"target\":[\"https:\/\/skaitytaknyga.lt\/produktas\/ieskau-tikro-lietuvio\/\"]}]},{\"@type\":\"ImageObject\",\"inLanguage\":\"en-GB\",\"@id\":\"https:\/\/skaitytaknyga.lt\/produktas\/ieskau-tikro-lietuvio\/#primaryimage\",\"url\":\"https:\/\/skaitytaknyga.lt\/wp-content\/uploads\/2025\/07\/Ieskau-tikro-lietuvio-1.webp\",\"contentUrl\":\"https:\/\/skaitytaknyga.lt\/wp-content\/uploads\/2025\/07\/Ieskau-tikro-lietuvio-1.webp\",\"width\":412,\"height\":616,\"caption\":\"Ie\u0161kau tikro lietuvio\"},{\"@type\":\"BreadcrumbList\",\"@id\":\"https:\/\/skaitytaknyga.lt\/produktas\/ieskau-tikro-lietuvio\/#breadcrumb\",\"itemListElement\":[{\"@type\":\"ListItem\",\"position\":1,\"name\":\"Home\",\"item\":\"https:\/\/skaitytaknyga.lt\/\"},{\"@type\":\"ListItem\",\"position\":2,\"name\":\"Parduotuv\u0117\",\"item\":\"https:\/\/skaitytaknyga.lt\/knygu-parduotuve\/\"},{\"@type\":\"ListItem\",\"position\":3,\"name\":\"Ie\u0161kau tikro lietuvio\"}]},{\"@type\":\"WebSite\",\"@id\":\"https:\/\/skaitytaknyga.lt\/#website\",\"url\":\"https:\/\/skaitytaknyga.lt\/\",\"name\":\"skaitytaknyga.lt\",\"description\":\"Skaitytaknyga.lt \u2013 tai ma\u017eas \u0161eimos verslas, kuris prasid\u0117jo nuo meil\u0117s knygoms ir siekio i\u0161gelb\u0117ti knygas nuo likimo prie konteinerio. Kas vienam nereikalingas daiktas \u2013 kitam lobis, o mes esame tarpininkai, kurie padeda abiems tapti laimingesniems ???? \u017dinome kaip nelengva i\u0161gyventi ma\u017eiems verslams, tad nuo \u0161iol, \u010dia rasite ir kit\u0173, ma\u017e\u0173 \u0161eim\u0173 versl\u0173, rank\u0173 darbo, dovan\u0173 sau ir artimiesiems.\",\"publisher\":{\"@id\":\"https:\/\/skaitytaknyga.lt\/#organization\"},\"potentialAction\":[{\"@type\":\"SearchAction\",\"target\":{\"@type\":\"EntryPoint\",\"urlTemplate\":\"https:\/\/skaitytaknyga.lt\/?s={search_term_string}\"},\"query-input\":{\"@type\":\"PropertyValueSpecification\",\"valueRequired\":true,\"valueName\":\"search_term_string\"}}],\"inLanguage\":\"en-GB\"},{\"@type\":\"Organization\",\"@id\":\"https:\/\/skaitytaknyga.lt\/#organization\",\"name\":\"skaitytaknyga.lt\",\"url\":\"https:\/\/skaitytaknyga.lt\/\",\"logo\":{\"@type\":\"ImageObject\",\"inLanguage\":\"en-GB\",\"@id\":\"https:\/\/skaitytaknyga.lt\/#\/schema\/logo\/image\/\",\"url\":\"https:\/\/skaitytaknyga.lt\/wp-content\/uploads\/2024\/05\/cropped-cropped-cropped-02_00843_jt3bggkj1j3HLc7SyY6rEUpg.jpeg\",\"contentUrl\":\"https:\/\/skaitytaknyga.lt\/wp-content\/uploads\/2024\/05\/cropped-cropped-cropped-02_00843_jt3bggkj1j3HLc7SyY6rEUpg.jpeg\",\"width\":1600,\"height\":1600,\"caption\":\"skaitytaknyga.lt\"},\"image\":{\"@id\":\"https:\/\/skaitytaknyga.lt\/#\/schema\/logo\/image\/\"},\"sameAs\":[\"https:\/\/www.facebook.com\/skaitytaknyga\/\"]}]}<\/script>\n<!-- \/ Yoast SEO plugin. -->","yoast_head_json":{"title":"Ie\u0161kau tikro lietuvio","description":"Mums kenkia lengvai \u012fgytas, neu\u017edirbtas turtas, o sunkus darbas taurina. Gydytoja, ra\u0161ytoja Filomena Taunyt\u0117 svarsto, koks \u0161iandien yra tikras lietuvis:","robots":{"index":"index","follow":"follow","max-snippet":"max-snippet:-1","max-image-preview":"max-image-preview:large","max-video-preview":"max-video-preview:-1"},"canonical":"https:\/\/skaitytaknyga.lt\/en\/produktas\/ieskau-tikro-lietuvio\/","og_locale":"en_GB","og_type":"article","og_title":"[:lt]Ie\u0161kau tikro lietuvio[:] - Skaitytaknyga","og_description":"Mums kenkia lengvai \u012fgytas, neu\u017edirbtas turtas, o sunkus darbas taurina. Gydytoja, ra\u0161ytoja Filomena Taunyt\u0117 svarsto, koks \u0161iandien yra tikras lietuvis:","og_url":"https:\/\/skaitytaknyga.lt\/en\/produktas\/ieskau-tikro-lietuvio\/","og_site_name":"Skaitytaknyga","article_publisher":"https:\/\/www.facebook.com\/skaitytaknyga\/","article_modified_time":"2025-07-24T05:50:42+00:00","og_image":[{"width":412,"height":616,"url":"https:\/\/skaitytaknyga.lt\/wp-content\/uploads\/2025\/07\/Ieskau-tikro-lietuvio-1.webp","type":"image\/webp"}],"twitter_card":"summary_large_image","twitter_misc":{"Estimated reading time":"1 minute"},"schema":{"@context":"https:\/\/schema.org","@graph":[{"@type":"WebPage","@id":"https:\/\/skaitytaknyga.lt\/produktas\/ieskau-tikro-lietuvio\/","url":"https:\/\/skaitytaknyga.lt\/produktas\/ieskau-tikro-lietuvio\/","name":"Ie\u0161kau tikro lietuvio","isPartOf":{"@id":"https:\/\/skaitytaknyga.lt\/#website"},"primaryImageOfPage":{"@id":"https:\/\/skaitytaknyga.lt\/produktas\/ieskau-tikro-lietuvio\/#primaryimage"},"image":{"@id":"https:\/\/skaitytaknyga.lt\/produktas\/ieskau-tikro-lietuvio\/#primaryimage"},"thumbnailUrl":"https:\/\/skaitytaknyga.lt\/wp-content\/uploads\/2025\/07\/Ieskau-tikro-lietuvio-1.webp","datePublished":"2025-07-24T05:15:18+00:00","dateModified":"2025-07-24T05:50:42+00:00","description":"Mums kenkia lengvai \u012fgytas, neu\u017edirbtas turtas, o sunkus darbas taurina. Gydytoja, ra\u0161ytoja Filomena Taunyt\u0117 svarsto, koks \u0161iandien yra tikras lietuvis:","breadcrumb":{"@id":"https:\/\/skaitytaknyga.lt\/produktas\/ieskau-tikro-lietuvio\/#breadcrumb"},"inLanguage":"en-GB","potentialAction":[{"@type":"ReadAction","target":["https:\/\/skaitytaknyga.lt\/produktas\/ieskau-tikro-lietuvio\/"]}]},{"@type":"ImageObject","inLanguage":"en-GB","@id":"https:\/\/skaitytaknyga.lt\/produktas\/ieskau-tikro-lietuvio\/#primaryimage","url":"https:\/\/skaitytaknyga.lt\/wp-content\/uploads\/2025\/07\/Ieskau-tikro-lietuvio-1.webp","contentUrl":"https:\/\/skaitytaknyga.lt\/wp-content\/uploads\/2025\/07\/Ieskau-tikro-lietuvio-1.webp","width":412,"height":616,"caption":"Ie\u0161kau tikro lietuvio"},{"@type":"BreadcrumbList","@id":"https:\/\/skaitytaknyga.lt\/produktas\/ieskau-tikro-lietuvio\/#breadcrumb","itemListElement":[{"@type":"ListItem","position":1,"name":"Home","item":"https:\/\/skaitytaknyga.lt\/"},{"@type":"ListItem","position":2,"name":"Parduotuv\u0117","item":"https:\/\/skaitytaknyga.lt\/knygu-parduotuve\/"},{"@type":"ListItem","position":3,"name":"Ie\u0161kau tikro lietuvio"}]},{"@type":"WebSite","@id":"https:\/\/skaitytaknyga.lt\/#website","url":"https:\/\/skaitytaknyga.lt\/","name":"skaitytaknyga.lt","description":"Skaitytaknyga.lt \u2013 tai ma\u017eas \u0161eimos verslas, kuris prasid\u0117jo nuo meil\u0117s knygoms ir siekio i\u0161gelb\u0117ti knygas nuo likimo prie konteinerio. Kas vienam nereikalingas daiktas \u2013 kitam lobis, o mes esame tarpininkai, kurie padeda abiems tapti laimingesniems ???? \u017dinome kaip nelengva i\u0161gyventi ma\u017eiems verslams, tad nuo \u0161iol, \u010dia rasite ir kit\u0173, ma\u017e\u0173 \u0161eim\u0173 versl\u0173, rank\u0173 darbo, dovan\u0173 sau ir artimiesiems.","publisher":{"@id":"https:\/\/skaitytaknyga.lt\/#organization"},"potentialAction":[{"@type":"SearchAction","target":{"@type":"EntryPoint","urlTemplate":"https:\/\/skaitytaknyga.lt\/?s={search_term_string}"},"query-input":{"@type":"PropertyValueSpecification","valueRequired":true,"valueName":"search_term_string"}}],"inLanguage":"en-GB"},{"@type":"Organization","@id":"https:\/\/skaitytaknyga.lt\/#organization","name":"skaitytaknyga.lt","url":"https:\/\/skaitytaknyga.lt\/","logo":{"@type":"ImageObject","inLanguage":"en-GB","@id":"https:\/\/skaitytaknyga.lt\/#\/schema\/logo\/image\/","url":"https:\/\/skaitytaknyga.lt\/wp-content\/uploads\/2024\/05\/cropped-cropped-cropped-02_00843_jt3bggkj1j3HLc7SyY6rEUpg.jpeg","contentUrl":"https:\/\/skaitytaknyga.lt\/wp-content\/uploads\/2024\/05\/cropped-cropped-cropped-02_00843_jt3bggkj1j3HLc7SyY6rEUpg.jpeg","width":1600,"height":1600,"caption":"skaitytaknyga.lt"},"image":{"@id":"https:\/\/skaitytaknyga.lt\/#\/schema\/logo\/image\/"},"sameAs":["https:\/\/www.facebook.com\/skaitytaknyga\/"]}]}},"_links":{"self":[{"href":"https:\/\/skaitytaknyga.lt\/en\/wp-json\/wp\/v2\/product\/19811","targetHints":{"allow":["GET"]}}],"collection":[{"href":"https:\/\/skaitytaknyga.lt\/en\/wp-json\/wp\/v2\/product"}],"about":[{"href":"https:\/\/skaitytaknyga.lt\/en\/wp-json\/wp\/v2\/types\/product"}],"replies":[{"embeddable":true,"href":"https:\/\/skaitytaknyga.lt\/en\/wp-json\/wp\/v2\/comments?post=19811"}],"wp:featuredmedia":[{"embeddable":true,"href":"https:\/\/skaitytaknyga.lt\/en\/wp-json\/wp\/v2\/media\/19816"}],"wp:attachment":[{"href":"https:\/\/skaitytaknyga.lt\/en\/wp-json\/wp\/v2\/media?parent=19811"}],"wp:term":[{"taxonomy":"product_brand","embeddable":true,"href":"https:\/\/skaitytaknyga.lt\/en\/wp-json\/wp\/v2\/product_brand?post=19811"},{"taxonomy":"product_cat","embeddable":true,"href":"https:\/\/skaitytaknyga.lt\/en\/wp-json\/wp\/v2\/product_cat?post=19811"},{"taxonomy":"product_tag","embeddable":true,"href":"https:\/\/skaitytaknyga.lt\/en\/wp-json\/wp\/v2\/product_tag?post=19811"}],"curies":[{"name":"wp","href":"https:\/\/api.w.org\/{rel}","templated":true}]}}