{"id":19808,"date":"2025-07-24T08:15:18","date_gmt":"2025-07-24T05:15:18","guid":{"rendered":"https:\/\/skaitytaknyga.lt\/?post_type=product&#038;p=19808"},"modified":"2025-07-24T08:50:31","modified_gmt":"2025-07-24T05:50:31","slug":"erelio-sparnu-dvelksmas","status":"publish","type":"product","link":"https:\/\/skaitytaknyga.lt\/en\/produktas\/erelio-sparnu-dvelksmas\/","title":{"rendered":"Erelio sparn\u0173 dvelksmas"},"content":{"rendered":"<p>\u201eErelio sparn\u0173 dvelksmas\u201c \u2013 istorinio romano \u201eIe\u0161kok Maskvos sfinkso\u201c t\u0119sinys, apimantis laikotarp\u012f nuo 1940 m. bir\u017eelio vidurio iki 1942 m. kovo pabaigos. \u201eMaskvos sfinkse\u201c atskleid\u0119s Lietuvos nepriklausomyb\u0117s praradimo 1940 m. peripetijas, antrajame savo istoriniame romane Alfonsas Eidintas siekia parodyti Lietuvos patriot\u0173 (nacionalist\u0173) iliuzij\u0173, siejam\u0173 su Vokietija ir prasid\u0117sian\u010diu SSRS ir Vokietijos karu, \u017elugim\u0105.<\/p>\n<p>1941 m. prad\u017eioje Vokietijoje, daugiausiai Kazio \u0160kirpos pastangomis, \u012fsteigiamas Lietuvi\u0173 aktyvist\u0173 frontas (LAF), kuris m\u0117gina koordinuoti Bir\u017eelio sukilim\u0105 Lietuvoje, suformuojama Laikinoji Lietuvos vyriausyb\u0117, vadovaujama Juozo Ambrazevi\u010diaus, kuriami savisaugos batalionai&#8230; Deja, okupacin\u0117 vokie\u010di\u0173 vald\u017eia net neketina rimtai bendradarbiauti nei su LAF\u2018u, nei su Laikin\u0105ja viriausybe, nei su \u012fsisteigusia Lietuvi\u0173 nacionalistu partija (LNP). Savisaugos batalionai klastingai \u012ftraukiami \u012f \u017eyd\u0173 \u017eudynes, Bir\u017eelio sukilimo nuopelnai menkinami, Laikinoji vyriausyb\u0117 paleid\u017eiama, galiausiai u\u017edaroma ir Lietuvi\u0173 nacionalist\u0173 partija&#8230; Lietuvoje papras\u010diausias okupacinis re\u017eimas, pridengtas savivaldos regimybe (generolas Petras Kubili\u016bnas ir jo tar\u0117jai).<\/p>\n<p>Nauja \u201eErelio sparnuose\u201c yra tai, kad pirm\u0105 kart\u0105 taip nuosekliai ir \u012ftikinamai parodytas lietuvi\u0173 patriot\u0173 (nacionalist\u0173) id\u0117j\u0173, sieki\u0173 ir darb\u0173 tragi\u0161kas neatitikimas, vidin\u0117 drama: i\u0161 tikr\u0173j\u0173 kolaboravimas okupacijos s\u0105lygomis rei\u0161kia ir tautos, ir sav\u0119s, ir nepriklausomyb\u0117s i\u0161davyst\u0119, o \u012fsiv\u0117lus i \u017eyd\u0173 bei tautie\u010di\u0173 naikinim\u0105 \u2013 ir nusikaltim\u0105 \u017emogi\u0161kumui. Did\u017eioji, visa persmelkianti romano mintis \u2013 bet kuri (ar sovietin\u0117, ar nacistin\u0117) okupacija siekia sugniu\u017edyti tautos vali\u0105, i\u0161 vidaus i\u0161sprogdinti jos dorovines nuostatas, su\u017elugdyti jos geb\u0117jim\u0105 blaiviai m\u0105styti&#8230;<\/p>\n<p>Autorius vykusiai naudojasi istorine med\u017eiaga, itin \u012ftaigu, kad Nacionalist\u0173 partijos ideologo Zenono Blyno, rus\u0173 su\u0161audyto 1945 m., paveikslas kuriamas remiantis jo dienora\u0161\u010diais. Be abejo, romane t\u0119siamas pasakojimas apie Vytauto Kundroto, Jono Paragio, taip pat kit\u0173 istorini\u0173 ano meto asmenybi\u0173 likimus. Tai dokumentuota vokie\u010di\u0173 akupuotos Lietuvos (daugiausia Kauno) vizija.<\/p>\n<p>Dvi okupacijos, negailestingai lau\u017eiusios likimus, leid\u017eia suvokti, kod\u0117l toks \u017eiaurus Lietuvoje buvo pokaris: pa\u017eeistas patsai \u017emoni\u0161kumo branduolys. Ta\u010diau tai ne tiesiogin\u0117, o i\u0161vestin\u0117 \u201eErelio sparn\u0173 dvelksmo\u201c \u012f\u017evalga.<\/p>\n","protected":false},"excerpt":{"rendered":"<p>\u201eErelio sparn\u0173 dvelksmas\u201c \u2013 istorinio romano \u201eIe\u0161kok Maskvos sfinkso\u201c t\u0119sinys, apimantis laikotarp\u012f nuo 1940 m. bir\u017eelio vidurio iki 1942 m. kovo pabaigos. \u201eMaskvos sfinkse\u201c atskleid\u0119s Lietuvos nepriklausomyb\u0117s praradimo 1940 m. peripetijas, antrajame savo istoriniame romane Alfonsas Eidintas siekia parodyti Lietuvos patriot\u0173 (nacionalist\u0173) iliuzij\u0173, siejam\u0173 su Vokietija ir prasid\u0117sian\u010diu SSRS ir Vokietijos karu, \u017elugim\u0105. 1941 m. prad\u017eioje Vokietijoje, daugiausiai Kazio \u0160kirpos pastangomis, \u012fsteigiamas Lietuvi\u0173 aktyvist\u0173 frontas (LAF), kuris m\u0117gina koordinuoti Bir\u017eelio sukilim\u0105 Lietuvoje, suformuojama Laikinoji Lietuvos vyriausyb\u0117, vadovaujama Juozo Ambrazevi\u010diaus, kuriami savisaugos batalionai&#8230; Deja, okupacin\u0117 vokie\u010di\u0173 vald\u017eia net neketina rimtai bendradarbiauti nei su LAF\u2018u, nei su Laikin\u0105ja viriausybe, nei su \u012fsisteigusia Lietuvi\u0173 nacionalistu partija (LNP). Savisaugos batalionai klastingai \u012ftraukiami \u012f \u017eyd\u0173 \u017eudynes, Bir\u017eelio sukilimo nuopelnai menkinami, Laikinoji vyriausyb\u0117 paleid\u017eiama, galiausiai u\u017edaroma ir Lietuvi\u0173 nacionalist\u0173 partija&#8230; Lietuvoje papras\u010diausias okupacinis re\u017eimas, pridengtas savivaldos regimybe (generolas Petras Kubili\u016bnas ir jo tar\u0117jai). Nauja \u201eErelio sparnuose\u201c yra tai, kad pirm\u0105 kart\u0105 taip nuosekliai ir \u012ftikinamai parodytas lietuvi\u0173 patriot\u0173 (nacionalist\u0173) id\u0117j\u0173, sieki\u0173 ir darb\u0173 tragi\u0161kas neatitikimas, vidin\u0117 drama: i\u0161 tikr\u0173j\u0173 kolaboravimas okupacijos s\u0105lygomis rei\u0161kia ir tautos, ir sav\u0119s, ir nepriklausomyb\u0117s i\u0161davyst\u0119, o \u012fsiv\u0117lus i \u017eyd\u0173 bei tautie\u010di\u0173 naikinim\u0105 \u2013 ir nusikaltim\u0105 \u017emogi\u0161kumui. Did\u017eioji, visa persmelkianti romano mintis \u2013 bet kuri (ar sovietin\u0117, ar nacistin\u0117) okupacija siekia sugniu\u017edyti tautos vali\u0105, i\u0161 vidaus i\u0161sprogdinti jos dorovines nuostatas, su\u017elugdyti jos geb\u0117jim\u0105 blaiviai m\u0105styti&#8230; Autorius vykusiai naudojasi istorine med\u017eiaga, itin \u012ftaigu, kad Nacionalist\u0173 partijos ideologo Zenono Blyno, rus\u0173 su\u0161audyto 1945 m., paveikslas kuriamas remiantis jo dienora\u0161\u010diais. Be abejo, romane t\u0119siamas pasakojimas apie Vytauto Kundroto, Jono Paragio, taip pat kit\u0173 istorini\u0173 ano meto asmenybi\u0173 likimus. Tai dokumentuota vokie\u010di\u0173 akupuotos Lietuvos (daugiausia Kauno) vizija. Dvi okupacijos, negailestingai lau\u017eiusios likimus, leid\u017eia suvokti, kod\u0117l toks \u017eiaurus Lietuvoje buvo pokaris: pa\u017eeistas patsai \u017emoni\u0161kumo branduolys. Ta\u010diau tai ne tiesiogin\u0117, o i\u0161vestin\u0117 \u201eErelio sparn\u0173 dvelksmo\u201c \u012f\u017evalga.<\/p>\n","protected":false},"featured_media":19813,"comment_status":"open","ping_status":"closed","template":"","meta":{"_acf_changed":false,"site-sidebar-layout":"default","site-content-layout":"","ast-site-content-layout":"default","site-content-style":"default","site-sidebar-style":"default","ast-global-header-display":"","ast-banner-title-visibility":"","ast-main-header-display":"","ast-hfb-above-header-display":"","ast-hfb-below-header-display":"","ast-hfb-mobile-header-display":"","site-post-title":"","ast-breadcrumbs-content":"","ast-featured-img":"","footer-sml-layout":"","ast-disable-related-posts":"","theme-transparent-header-meta":"","adv-header-id-meta":"","stick-header-meta":"","header-above-stick-meta":"","header-main-stick-meta":"","header-below-stick-meta":"","astra-migrate-meta-layouts":"default","ast-page-background-enabled":"default","ast-page-background-meta":{"desktop":{"background-color":"","background-image":"","background-repeat":"repeat","background-position":"center center","background-size":"auto","background-attachment":"scroll","background-type":"","background-media":"","overlay-type":"","overlay-color":"","overlay-opacity":"","overlay-gradient":""},"tablet":{"background-color":"","background-image":"","background-repeat":"repeat","background-position":"center center","background-size":"auto","background-attachment":"scroll","background-type":"","background-media":"","overlay-type":"","overlay-color":"","overlay-opacity":"","overlay-gradient":""},"mobile":{"background-color":"","background-image":"","background-repeat":"repeat","background-position":"center center","background-size":"auto","background-attachment":"scroll","background-type":"","background-media":"","overlay-type":"","overlay-color":"","overlay-opacity":"","overlay-gradient":""}},"ast-content-background-meta":{"desktop":{"background-color":"var(--ast-global-color-4)","background-image":"","background-repeat":"repeat","background-position":"center center","background-size":"auto","background-attachment":"scroll","background-type":"","background-media":"","overlay-type":"","overlay-color":"","overlay-opacity":"","overlay-gradient":""},"tablet":{"background-color":"var(--ast-global-color-4)","background-image":"","background-repeat":"repeat","background-position":"center center","background-size":"auto","background-attachment":"scroll","background-type":"","background-media":"","overlay-type":"","overlay-color":"","overlay-opacity":"","overlay-gradient":""},"mobile":{"background-color":"var(--ast-global-color-4)","background-image":"","background-repeat":"repeat","background-position":"center center","background-size":"auto","background-attachment":"scroll","background-type":"","background-media":"","overlay-type":"","overlay-color":"","overlay-opacity":"","overlay-gradient":""}}},"product_brand":[],"product_cat":[31],"product_tag":[1340,2069,6703,2625,6702,4026],"class_list":{"0":"post-19808","1":"product","2":"type-product","3":"status-publish","4":"has-post-thumbnail","6":"product_cat-grozine-literatura","7":"product_tag-alfonsas-eidintas","8":"product_tag-istorinis-romanas","9":"product_tag-kolaboravimas","10":"product_tag-lietuva","11":"product_tag-nacionalizmas","12":"product_tag-okupacija","13":"desktop-align-left","14":"tablet-align-left","15":"mobile-align-left","17":"first","18":"instock","19":"shipping-taxable","20":"purchasable","21":"product-type-simple"},"acf":[],"yoast_head":"<!-- This site is optimized with the Yoast SEO plugin v27.0 - https:\/\/yoast.com\/product\/yoast-seo-wordpress\/ -->\n<title>Erelio sparn\u0173 dvelksmas<\/title>\n<meta name=\"description\" content=\"\u201eErelio sparn\u0173 dvelksmas\u201c \u2013 istorinio romano \u201eIe\u0161kok Maskvos sfinkso\u201c t\u0119sinys, apimantis laikotarp\u012f nuo 1940 m. bir\u017eelio vidurio iki 1942 m. kovo\" \/>\n<meta name=\"robots\" content=\"index, follow, max-snippet:-1, max-image-preview:large, max-video-preview:-1\" \/>\n<link rel=\"canonical\" href=\"https:\/\/skaitytaknyga.lt\/en\/produktas\/erelio-sparnu-dvelksmas\/\" \/>\n<meta property=\"og:locale\" content=\"en_GB\" \/>\n<meta property=\"og:locale:alternate\" content=\"lt_LT\" \/>\n<meta property=\"og:type\" content=\"article\" \/>\n<meta property=\"og:title\" content=\"Erelio sparn\u0173 dvelksmas\" \/>\n<meta property=\"og:description\" content=\"\u201eErelio sparn\u0173 dvelksmas\u201c \u2013 istorinio romano \u201eIe\u0161kok Maskvos sfinkso\u201c t\u0119sinys, apimantis laikotarp\u012f nuo 1940 m. bir\u017eelio vidurio iki 1942 m. kovo\" \/>\n<meta property=\"og:url\" content=\"https:\/\/skaitytaknyga.lt\/en\/produktas\/erelio-sparnu-dvelksmas\/\" \/>\n<meta property=\"og:site_name\" content=\"Skaitytaknyga\" \/>\n<meta property=\"article:publisher\" content=\"https:\/\/www.facebook.com\/skaitytaknyga\/\" \/>\n<meta property=\"article:modified_time\" content=\"2025-07-24T05:50:31+00:00\" \/>\n<meta property=\"og:image\" content=\"https:\/\/skaitytaknyga.lt\/wp-content\/uploads\/2025\/07\/Erelio-sparnu-dvelksmas-1.webp\" \/>\n\t<meta property=\"og:image:width\" content=\"521\" \/>\n\t<meta property=\"og:image:height\" content=\"801\" \/>\n\t<meta property=\"og:image:type\" content=\"image\/webp\" \/>\n<meta name=\"twitter:card\" content=\"summary_large_image\" \/>\n<meta name=\"twitter:label1\" content=\"Estimated reading time\" \/>\n\t<meta name=\"twitter:data1\" content=\"2 minutes\" \/>\n<script type=\"application\/ld+json\" class=\"yoast-schema-graph\">{\"@context\":\"https:\/\/schema.org\",\"@graph\":[{\"@type\":\"WebPage\",\"@id\":\"https:\/\/skaitytaknyga.lt\/produktas\/erelio-sparnu-dvelksmas\/\",\"url\":\"https:\/\/skaitytaknyga.lt\/produktas\/erelio-sparnu-dvelksmas\/\",\"name\":\"Erelio sparn\u0173 dvelksmas\",\"isPartOf\":{\"@id\":\"https:\/\/skaitytaknyga.lt\/#website\"},\"primaryImageOfPage\":{\"@id\":\"https:\/\/skaitytaknyga.lt\/produktas\/erelio-sparnu-dvelksmas\/#primaryimage\"},\"image\":{\"@id\":\"https:\/\/skaitytaknyga.lt\/produktas\/erelio-sparnu-dvelksmas\/#primaryimage\"},\"thumbnailUrl\":\"https:\/\/skaitytaknyga.lt\/wp-content\/uploads\/2025\/07\/Erelio-sparnu-dvelksmas-1.webp\",\"datePublished\":\"2025-07-24T05:15:18+00:00\",\"dateModified\":\"2025-07-24T05:50:31+00:00\",\"description\":\"\u201eErelio sparn\u0173 dvelksmas\u201c \u2013 istorinio romano \u201eIe\u0161kok Maskvos sfinkso\u201c t\u0119sinys, apimantis laikotarp\u012f nuo 1940 m. bir\u017eelio vidurio iki 1942 m. kovo\",\"breadcrumb\":{\"@id\":\"https:\/\/skaitytaknyga.lt\/produktas\/erelio-sparnu-dvelksmas\/#breadcrumb\"},\"inLanguage\":\"en-GB\",\"potentialAction\":[{\"@type\":\"ReadAction\",\"target\":[\"https:\/\/skaitytaknyga.lt\/produktas\/erelio-sparnu-dvelksmas\/\"]}]},{\"@type\":\"ImageObject\",\"inLanguage\":\"en-GB\",\"@id\":\"https:\/\/skaitytaknyga.lt\/produktas\/erelio-sparnu-dvelksmas\/#primaryimage\",\"url\":\"https:\/\/skaitytaknyga.lt\/wp-content\/uploads\/2025\/07\/Erelio-sparnu-dvelksmas-1.webp\",\"contentUrl\":\"https:\/\/skaitytaknyga.lt\/wp-content\/uploads\/2025\/07\/Erelio-sparnu-dvelksmas-1.webp\",\"width\":521,\"height\":801,\"caption\":\"Erelio sparn\u0173 dvelksmas\"},{\"@type\":\"BreadcrumbList\",\"@id\":\"https:\/\/skaitytaknyga.lt\/produktas\/erelio-sparnu-dvelksmas\/#breadcrumb\",\"itemListElement\":[{\"@type\":\"ListItem\",\"position\":1,\"name\":\"Home\",\"item\":\"https:\/\/skaitytaknyga.lt\/\"},{\"@type\":\"ListItem\",\"position\":2,\"name\":\"Parduotuv\u0117\",\"item\":\"https:\/\/skaitytaknyga.lt\/knygu-parduotuve\/\"},{\"@type\":\"ListItem\",\"position\":3,\"name\":\"Erelio sparn\u0173 dvelksmas\"}]},{\"@type\":\"WebSite\",\"@id\":\"https:\/\/skaitytaknyga.lt\/#website\",\"url\":\"https:\/\/skaitytaknyga.lt\/\",\"name\":\"skaitytaknyga.lt\",\"description\":\"Skaitytaknyga.lt \u2013 tai ma\u017eas \u0161eimos verslas, kuris prasid\u0117jo nuo meil\u0117s knygoms ir siekio i\u0161gelb\u0117ti knygas nuo likimo prie konteinerio. Kas vienam nereikalingas daiktas \u2013 kitam lobis, o mes esame tarpininkai, kurie padeda abiems tapti laimingesniems ???? \u017dinome kaip nelengva i\u0161gyventi ma\u017eiems verslams, tad nuo \u0161iol, \u010dia rasite ir kit\u0173, ma\u017e\u0173 \u0161eim\u0173 versl\u0173, rank\u0173 darbo, dovan\u0173 sau ir artimiesiems.\",\"publisher\":{\"@id\":\"https:\/\/skaitytaknyga.lt\/#organization\"},\"potentialAction\":[{\"@type\":\"SearchAction\",\"target\":{\"@type\":\"EntryPoint\",\"urlTemplate\":\"https:\/\/skaitytaknyga.lt\/?s={search_term_string}\"},\"query-input\":{\"@type\":\"PropertyValueSpecification\",\"valueRequired\":true,\"valueName\":\"search_term_string\"}}],\"inLanguage\":\"en-GB\"},{\"@type\":\"Organization\",\"@id\":\"https:\/\/skaitytaknyga.lt\/#organization\",\"name\":\"skaitytaknyga.lt\",\"url\":\"https:\/\/skaitytaknyga.lt\/\",\"logo\":{\"@type\":\"ImageObject\",\"inLanguage\":\"en-GB\",\"@id\":\"https:\/\/skaitytaknyga.lt\/#\/schema\/logo\/image\/\",\"url\":\"https:\/\/skaitytaknyga.lt\/wp-content\/uploads\/2024\/05\/cropped-cropped-cropped-02_00843_jt3bggkj1j3HLc7SyY6rEUpg.jpeg\",\"contentUrl\":\"https:\/\/skaitytaknyga.lt\/wp-content\/uploads\/2024\/05\/cropped-cropped-cropped-02_00843_jt3bggkj1j3HLc7SyY6rEUpg.jpeg\",\"width\":1600,\"height\":1600,\"caption\":\"skaitytaknyga.lt\"},\"image\":{\"@id\":\"https:\/\/skaitytaknyga.lt\/#\/schema\/logo\/image\/\"},\"sameAs\":[\"https:\/\/www.facebook.com\/skaitytaknyga\/\"]}]}<\/script>\n<!-- \/ Yoast SEO plugin. -->","yoast_head_json":{"title":"Erelio sparn\u0173 dvelksmas","description":"\u201eErelio sparn\u0173 dvelksmas\u201c \u2013 istorinio romano \u201eIe\u0161kok Maskvos sfinkso\u201c t\u0119sinys, apimantis laikotarp\u012f nuo 1940 m. bir\u017eelio vidurio iki 1942 m. kovo","robots":{"index":"index","follow":"follow","max-snippet":"max-snippet:-1","max-image-preview":"max-image-preview:large","max-video-preview":"max-video-preview:-1"},"canonical":"https:\/\/skaitytaknyga.lt\/en\/produktas\/erelio-sparnu-dvelksmas\/","og_locale":"en_GB","og_type":"article","og_title":"[:lt]Erelio sparn\u0173 dvelksmas[:] - Skaitytaknyga","og_description":"\u201eErelio sparn\u0173 dvelksmas\u201c \u2013 istorinio romano \u201eIe\u0161kok Maskvos sfinkso\u201c t\u0119sinys, apimantis laikotarp\u012f nuo 1940 m. bir\u017eelio vidurio iki 1942 m. kovo","og_url":"https:\/\/skaitytaknyga.lt\/en\/produktas\/erelio-sparnu-dvelksmas\/","og_site_name":"Skaitytaknyga","article_publisher":"https:\/\/www.facebook.com\/skaitytaknyga\/","article_modified_time":"2025-07-24T05:50:31+00:00","og_image":[{"width":521,"height":801,"url":"https:\/\/skaitytaknyga.lt\/wp-content\/uploads\/2025\/07\/Erelio-sparnu-dvelksmas-1.webp","type":"image\/webp"}],"twitter_card":"summary_large_image","twitter_misc":{"Estimated reading time":"2 minutes"},"schema":{"@context":"https:\/\/schema.org","@graph":[{"@type":"WebPage","@id":"https:\/\/skaitytaknyga.lt\/produktas\/erelio-sparnu-dvelksmas\/","url":"https:\/\/skaitytaknyga.lt\/produktas\/erelio-sparnu-dvelksmas\/","name":"Erelio sparn\u0173 dvelksmas","isPartOf":{"@id":"https:\/\/skaitytaknyga.lt\/#website"},"primaryImageOfPage":{"@id":"https:\/\/skaitytaknyga.lt\/produktas\/erelio-sparnu-dvelksmas\/#primaryimage"},"image":{"@id":"https:\/\/skaitytaknyga.lt\/produktas\/erelio-sparnu-dvelksmas\/#primaryimage"},"thumbnailUrl":"https:\/\/skaitytaknyga.lt\/wp-content\/uploads\/2025\/07\/Erelio-sparnu-dvelksmas-1.webp","datePublished":"2025-07-24T05:15:18+00:00","dateModified":"2025-07-24T05:50:31+00:00","description":"\u201eErelio sparn\u0173 dvelksmas\u201c \u2013 istorinio romano \u201eIe\u0161kok Maskvos sfinkso\u201c t\u0119sinys, apimantis laikotarp\u012f nuo 1940 m. bir\u017eelio vidurio iki 1942 m. kovo","breadcrumb":{"@id":"https:\/\/skaitytaknyga.lt\/produktas\/erelio-sparnu-dvelksmas\/#breadcrumb"},"inLanguage":"en-GB","potentialAction":[{"@type":"ReadAction","target":["https:\/\/skaitytaknyga.lt\/produktas\/erelio-sparnu-dvelksmas\/"]}]},{"@type":"ImageObject","inLanguage":"en-GB","@id":"https:\/\/skaitytaknyga.lt\/produktas\/erelio-sparnu-dvelksmas\/#primaryimage","url":"https:\/\/skaitytaknyga.lt\/wp-content\/uploads\/2025\/07\/Erelio-sparnu-dvelksmas-1.webp","contentUrl":"https:\/\/skaitytaknyga.lt\/wp-content\/uploads\/2025\/07\/Erelio-sparnu-dvelksmas-1.webp","width":521,"height":801,"caption":"Erelio sparn\u0173 dvelksmas"},{"@type":"BreadcrumbList","@id":"https:\/\/skaitytaknyga.lt\/produktas\/erelio-sparnu-dvelksmas\/#breadcrumb","itemListElement":[{"@type":"ListItem","position":1,"name":"Home","item":"https:\/\/skaitytaknyga.lt\/"},{"@type":"ListItem","position":2,"name":"Parduotuv\u0117","item":"https:\/\/skaitytaknyga.lt\/knygu-parduotuve\/"},{"@type":"ListItem","position":3,"name":"Erelio sparn\u0173 dvelksmas"}]},{"@type":"WebSite","@id":"https:\/\/skaitytaknyga.lt\/#website","url":"https:\/\/skaitytaknyga.lt\/","name":"skaitytaknyga.lt","description":"Skaitytaknyga.lt \u2013 tai ma\u017eas \u0161eimos verslas, kuris prasid\u0117jo nuo meil\u0117s knygoms ir siekio i\u0161gelb\u0117ti knygas nuo likimo prie konteinerio. Kas vienam nereikalingas daiktas \u2013 kitam lobis, o mes esame tarpininkai, kurie padeda abiems tapti laimingesniems ???? \u017dinome kaip nelengva i\u0161gyventi ma\u017eiems verslams, tad nuo \u0161iol, \u010dia rasite ir kit\u0173, ma\u017e\u0173 \u0161eim\u0173 versl\u0173, rank\u0173 darbo, dovan\u0173 sau ir artimiesiems.","publisher":{"@id":"https:\/\/skaitytaknyga.lt\/#organization"},"potentialAction":[{"@type":"SearchAction","target":{"@type":"EntryPoint","urlTemplate":"https:\/\/skaitytaknyga.lt\/?s={search_term_string}"},"query-input":{"@type":"PropertyValueSpecification","valueRequired":true,"valueName":"search_term_string"}}],"inLanguage":"en-GB"},{"@type":"Organization","@id":"https:\/\/skaitytaknyga.lt\/#organization","name":"skaitytaknyga.lt","url":"https:\/\/skaitytaknyga.lt\/","logo":{"@type":"ImageObject","inLanguage":"en-GB","@id":"https:\/\/skaitytaknyga.lt\/#\/schema\/logo\/image\/","url":"https:\/\/skaitytaknyga.lt\/wp-content\/uploads\/2024\/05\/cropped-cropped-cropped-02_00843_jt3bggkj1j3HLc7SyY6rEUpg.jpeg","contentUrl":"https:\/\/skaitytaknyga.lt\/wp-content\/uploads\/2024\/05\/cropped-cropped-cropped-02_00843_jt3bggkj1j3HLc7SyY6rEUpg.jpeg","width":1600,"height":1600,"caption":"skaitytaknyga.lt"},"image":{"@id":"https:\/\/skaitytaknyga.lt\/#\/schema\/logo\/image\/"},"sameAs":["https:\/\/www.facebook.com\/skaitytaknyga\/"]}]}},"_links":{"self":[{"href":"https:\/\/skaitytaknyga.lt\/en\/wp-json\/wp\/v2\/product\/19808","targetHints":{"allow":["GET"]}}],"collection":[{"href":"https:\/\/skaitytaknyga.lt\/en\/wp-json\/wp\/v2\/product"}],"about":[{"href":"https:\/\/skaitytaknyga.lt\/en\/wp-json\/wp\/v2\/types\/product"}],"replies":[{"embeddable":true,"href":"https:\/\/skaitytaknyga.lt\/en\/wp-json\/wp\/v2\/comments?post=19808"}],"wp:featuredmedia":[{"embeddable":true,"href":"https:\/\/skaitytaknyga.lt\/en\/wp-json\/wp\/v2\/media\/19813"}],"wp:attachment":[{"href":"https:\/\/skaitytaknyga.lt\/en\/wp-json\/wp\/v2\/media?parent=19808"}],"wp:term":[{"taxonomy":"product_brand","embeddable":true,"href":"https:\/\/skaitytaknyga.lt\/en\/wp-json\/wp\/v2\/product_brand?post=19808"},{"taxonomy":"product_cat","embeddable":true,"href":"https:\/\/skaitytaknyga.lt\/en\/wp-json\/wp\/v2\/product_cat?post=19808"},{"taxonomy":"product_tag","embeddable":true,"href":"https:\/\/skaitytaknyga.lt\/en\/wp-json\/wp\/v2\/product_tag?post=19808"}],"curies":[{"name":"wp","href":"https:\/\/api.w.org\/{rel}","templated":true}]}}