{"id":19806,"date":"2025-07-23T16:00:19","date_gmt":"2025-07-23T13:00:19","guid":{"rendered":"https:\/\/skaitytaknyga.lt\/?post_type=product&#038;p=19806"},"modified":"2026-03-05T13:11:00","modified_gmt":"2026-03-05T11:11:00","slug":"vaiksciojantis-per-miegus","status":"publish","type":"product","link":"https:\/\/skaitytaknyga.lt\/en\/produktas\/vaiksciojantis-per-miegus\/","title":{"rendered":"Vaik\u0161\u010diojantis per miegus"},"content":{"rendered":"<p>Kai jis panyra \u012f sapn\u0105, prasideda kruvinas ko\u0161maras&#8230;<\/p>\n<p>Vidury nakties sulaukiama pagalbos skambu\u010dio, kuriuo prane\u0161ama apie \u012fsilau\u017eim\u0105 \u012f \u017eiemos sezonui u\u017edaryt\u0105 Bredengo kemping\u0105 netoli Stokholmo.<\/p>\n<p>\u012e i\u0161kvietim\u0105 atsiliepia ar\u010diausiai patruliuojantis policijos automobilis. Kempingo teritorija skendi tamsoje, ta\u010diau viename i\u0161 atokiausiai stovin\u010di\u0173 nameli\u0173 dega \u0161viesa. Kai pareig\u016bnai atidaro duris, prie\u0161 juos atsiveria siaubingas vaizdas \u2013 grindys, sienos ir baldai \u2013 viskas apta\u0161kyta krauju. Auka buvo \u017eiauriai sukapota kirviu.<\/p>\n<p>Kitame namelio kambaryje ant grind\u0173 miega jaunuolis, vietoj pagalv\u0117s pasid\u0117j\u0119s nukirst\u0105 rank\u0105. Jis sulaikomas ir nuve\u017eamas \u012f Kronobergo are\u0161tin\u0119. Policija nustato, kad sulaikytasis \u2013 septyniolikmetis Hugo Sandas, garsaus ra\u0161ytojo s\u016bnus.<\/p>\n<p>Paai\u0161k\u0117ja, kad Hugo serga reta somnambulizmo forma, kuri\u0105 sukelia ko\u0161marai. Jis gali b\u016bti arba nusikalt\u0117lis, arba liudininkas, ta\u010diau jaunuolis tvirtina, kad tos nakties \u012fvyki\u0173 visai neprisimena.<\/p>\n<p>Jonas Lina, kuriam paskiriama i\u0161tirti \u0161i\u0105 byl\u0105, susisiekia su savo senu draugu Eriku Marija Barku, kad \u0161is pasitelkt\u0173 hipnoz\u0119 ir pad\u0117t\u0173 i\u0161siai\u0161kinti, kas nutiko t\u0105 kraupi\u0105 nakt\u012f. Taip prasideda sud\u0117tinga \u017ev\u0117ri\u0161kai pavojingo serijinio \u017eudiko med\u017eiokl\u0117.<\/p>\n","protected":false},"excerpt":{"rendered":"<p>Kai jis panyra \u012f sapn\u0105, prasideda kruvinas ko\u0161maras&#8230; Vidury nakties sulaukiama pagalbos skambu\u010dio, kuriuo prane\u0161ama apie \u012fsilau\u017eim\u0105 \u012f \u017eiemos sezonui u\u017edaryt\u0105 Bredengo kemping\u0105 netoli Stokholmo. \u012e i\u0161kvietim\u0105 atsiliepia ar\u010diausiai patruliuojantis policijos automobilis. Kempingo teritorija skendi tamsoje, ta\u010diau viename i\u0161 atokiausiai stovin\u010di\u0173 nameli\u0173 dega \u0161viesa. Kai pareig\u016bnai atidaro duris, prie\u0161 juos atsiveria siaubingas vaizdas \u2013 grindys, sienos ir baldai \u2013 viskas apta\u0161kyta krauju. Auka buvo \u017eiauriai sukapota kirviu. Kitame namelio kambaryje ant grind\u0173 miega jaunuolis, vietoj pagalv\u0117s pasid\u0117j\u0119s nukirst\u0105 rank\u0105. Jis sulaikomas ir nuve\u017eamas \u012f Kronobergo are\u0161tin\u0119. Policija nustato, kad sulaikytasis \u2013 septyniolikmetis Hugo Sandas, garsaus ra\u0161ytojo s\u016bnus. Paai\u0161k\u0117ja, kad Hugo serga reta somnambulizmo forma, kuri\u0105 sukelia ko\u0161marai. Jis gali b\u016bti arba nusikalt\u0117lis, arba liudininkas, ta\u010diau jaunuolis tvirtina, kad tos nakties \u012fvyki\u0173 visai neprisimena. Jonas Lina, kuriam paskiriama i\u0161tirti \u0161i\u0105 byl\u0105, susisiekia su savo senu draugu Eriku Marija Barku, kad \u0161is pasitelkt\u0173 hipnoz\u0119 ir pad\u0117t\u0173 i\u0161siai\u0161kinti, kas nutiko t\u0105 kraupi\u0105 nakt\u012f. Taip prasideda sud\u0117tinga \u017ev\u0117ri\u0161kai pavojingo serijinio \u017eudiko med\u017eiokl\u0117.<\/p>\n","protected":false},"featured_media":19807,"comment_status":"open","ping_status":"closed","template":"","meta":{"_acf_changed":false,"site-sidebar-layout":"default","site-content-layout":"","ast-site-content-layout":"default","site-content-style":"default","site-sidebar-style":"default","ast-global-header-display":"","ast-banner-title-visibility":"","ast-main-header-display":"","ast-hfb-above-header-display":"","ast-hfb-below-header-display":"","ast-hfb-mobile-header-display":"","site-post-title":"","ast-breadcrumbs-content":"","ast-featured-img":"","footer-sml-layout":"","ast-disable-related-posts":"","theme-transparent-header-meta":"","adv-header-id-meta":"","stick-header-meta":"","header-above-stick-meta":"","header-main-stick-meta":"","header-below-stick-meta":"","astra-migrate-meta-layouts":"default","ast-page-background-enabled":"default","ast-page-background-meta":{"desktop":{"background-color":"","background-image":"","background-repeat":"repeat","background-position":"center center","background-size":"auto","background-attachment":"scroll","background-type":"","background-media":"","overlay-type":"","overlay-color":"","overlay-opacity":"","overlay-gradient":""},"tablet":{"background-color":"","background-image":"","background-repeat":"repeat","background-position":"center center","background-size":"auto","background-attachment":"scroll","background-type":"","background-media":"","overlay-type":"","overlay-color":"","overlay-opacity":"","overlay-gradient":""},"mobile":{"background-color":"","background-image":"","background-repeat":"repeat","background-position":"center center","background-size":"auto","background-attachment":"scroll","background-type":"","background-media":"","overlay-type":"","overlay-color":"","overlay-opacity":"","overlay-gradient":""}},"ast-content-background-meta":{"desktop":{"background-color":"var(--ast-global-color-4)","background-image":"","background-repeat":"repeat","background-position":"center center","background-size":"auto","background-attachment":"scroll","background-type":"","background-media":"","overlay-type":"","overlay-color":"","overlay-opacity":"","overlay-gradient":""},"tablet":{"background-color":"var(--ast-global-color-4)","background-image":"","background-repeat":"repeat","background-position":"center center","background-size":"auto","background-attachment":"scroll","background-type":"","background-media":"","overlay-type":"","overlay-color":"","overlay-opacity":"","overlay-gradient":""},"mobile":{"background-color":"var(--ast-global-color-4)","background-image":"","background-repeat":"repeat","background-position":"center center","background-size":"auto","background-attachment":"scroll","background-type":"","background-media":"","overlay-type":"","overlay-color":"","overlay-opacity":"","overlay-gradient":""}}},"product_brand":[],"product_cat":[9581],"product_tag":[1476,6700,2155,6701,1772],"class_list":{"0":"post-19806","1":"product","2":"type-product","3":"status-publish","4":"has-post-thumbnail","6":"product_cat-kriminaliniai-romanai","7":"product_tag-detektyvas","8":"product_tag-lars-kepler","9":"product_tag-psichologinis-trileris","10":"product_tag-somnambulizmas","11":"product_tag-zmogzudyste","12":"desktop-align-left","13":"tablet-align-left","14":"mobile-align-left","16":"first","17":"outofstock","18":"shipping-taxable","19":"purchasable","20":"product-type-simple"},"acf":[],"yoast_head":"<!-- This site is optimized with the Yoast SEO plugin v27.0 - https:\/\/yoast.com\/product\/yoast-seo-wordpress\/ -->\n<title>Vaik\u0161\u010diojantis per miegus<\/title>\n<meta name=\"description\" content=\"Kai jis panyra \u012f sapn\u0105, prasideda kruvinas ko\u0161maras... Vidury nakties sulaukiama pagalbos skambu\u010dio, kuriuo prane\u0161ama apie \u012fsilau\u017eim\u0105 \u012f \u017eiemos sezonui\" \/>\n<meta name=\"robots\" content=\"index, follow, max-snippet:-1, max-image-preview:large, max-video-preview:-1\" \/>\n<link rel=\"canonical\" href=\"https:\/\/skaitytaknyga.lt\/en\/produktas\/vaiksciojantis-per-miegus\/\" \/>\n<meta property=\"og:locale\" content=\"en_GB\" \/>\n<meta property=\"og:locale:alternate\" content=\"lt_LT\" \/>\n<meta property=\"og:type\" content=\"article\" \/>\n<meta property=\"og:title\" content=\"Vaik\u0161\u010diojantis per miegus\" \/>\n<meta property=\"og:description\" content=\"Kai jis panyra \u012f sapn\u0105, prasideda kruvinas ko\u0161maras... Vidury nakties sulaukiama pagalbos skambu\u010dio, kuriuo prane\u0161ama apie \u012fsilau\u017eim\u0105 \u012f \u017eiemos sezonui\" \/>\n<meta property=\"og:url\" content=\"https:\/\/skaitytaknyga.lt\/en\/produktas\/vaiksciojantis-per-miegus\/\" \/>\n<meta property=\"og:site_name\" content=\"Skaitytaknyga\" \/>\n<meta property=\"article:publisher\" content=\"https:\/\/www.facebook.com\/skaitytaknyga\/\" \/>\n<meta property=\"article:modified_time\" content=\"2026-03-05T11:11:00+00:00\" \/>\n<meta property=\"og:image\" content=\"https:\/\/skaitytaknyga.lt\/wp-content\/uploads\/2025\/07\/Vaiksciojantis-per-miegus.webp\" \/>\n\t<meta property=\"og:image:width\" content=\"549\" \/>\n\t<meta property=\"og:image:height\" content=\"801\" \/>\n\t<meta property=\"og:image:type\" content=\"image\/webp\" \/>\n<meta name=\"twitter:card\" content=\"summary_large_image\" \/>\n<meta name=\"twitter:label1\" content=\"Estimated reading time\" \/>\n\t<meta name=\"twitter:data1\" content=\"1 minute\" \/>\n<script type=\"application\/ld+json\" class=\"yoast-schema-graph\">{\"@context\":\"https:\/\/schema.org\",\"@graph\":[{\"@type\":\"WebPage\",\"@id\":\"https:\/\/skaitytaknyga.lt\/produktas\/vaiksciojantis-per-miegus\/\",\"url\":\"https:\/\/skaitytaknyga.lt\/produktas\/vaiksciojantis-per-miegus\/\",\"name\":\"Vaik\u0161\u010diojantis per miegus\",\"isPartOf\":{\"@id\":\"https:\/\/skaitytaknyga.lt\/#website\"},\"primaryImageOfPage\":{\"@id\":\"https:\/\/skaitytaknyga.lt\/produktas\/vaiksciojantis-per-miegus\/#primaryimage\"},\"image\":{\"@id\":\"https:\/\/skaitytaknyga.lt\/produktas\/vaiksciojantis-per-miegus\/#primaryimage\"},\"thumbnailUrl\":\"https:\/\/skaitytaknyga.lt\/wp-content\/uploads\/2025\/07\/Vaiksciojantis-per-miegus.webp\",\"datePublished\":\"2025-07-23T13:00:19+00:00\",\"dateModified\":\"2026-03-05T11:11:00+00:00\",\"description\":\"Kai jis panyra \u012f sapn\u0105, prasideda kruvinas ko\u0161maras... Vidury nakties sulaukiama pagalbos skambu\u010dio, kuriuo prane\u0161ama apie \u012fsilau\u017eim\u0105 \u012f \u017eiemos sezonui\",\"breadcrumb\":{\"@id\":\"https:\/\/skaitytaknyga.lt\/produktas\/vaiksciojantis-per-miegus\/#breadcrumb\"},\"inLanguage\":\"en-GB\",\"potentialAction\":[{\"@type\":\"ReadAction\",\"target\":[\"https:\/\/skaitytaknyga.lt\/produktas\/vaiksciojantis-per-miegus\/\"]}]},{\"@type\":\"ImageObject\",\"inLanguage\":\"en-GB\",\"@id\":\"https:\/\/skaitytaknyga.lt\/produktas\/vaiksciojantis-per-miegus\/#primaryimage\",\"url\":\"https:\/\/skaitytaknyga.lt\/wp-content\/uploads\/2025\/07\/Vaiksciojantis-per-miegus.webp\",\"contentUrl\":\"https:\/\/skaitytaknyga.lt\/wp-content\/uploads\/2025\/07\/Vaiksciojantis-per-miegus.webp\",\"width\":549,\"height\":801},{\"@type\":\"BreadcrumbList\",\"@id\":\"https:\/\/skaitytaknyga.lt\/produktas\/vaiksciojantis-per-miegus\/#breadcrumb\",\"itemListElement\":[{\"@type\":\"ListItem\",\"position\":1,\"name\":\"Home\",\"item\":\"https:\/\/skaitytaknyga.lt\/\"},{\"@type\":\"ListItem\",\"position\":2,\"name\":\"Parduotuv\u0117\",\"item\":\"https:\/\/skaitytaknyga.lt\/knygu-parduotuve\/\"},{\"@type\":\"ListItem\",\"position\":3,\"name\":\"Vaik\u0161\u010diojantis per miegus\"}]},{\"@type\":\"WebSite\",\"@id\":\"https:\/\/skaitytaknyga.lt\/#website\",\"url\":\"https:\/\/skaitytaknyga.lt\/\",\"name\":\"skaitytaknyga.lt\",\"description\":\"Skaitytaknyga.lt \u2013 tai ma\u017eas \u0161eimos verslas, kuris prasid\u0117jo nuo meil\u0117s knygoms ir siekio i\u0161gelb\u0117ti knygas nuo likimo prie konteinerio. Kas vienam nereikalingas daiktas \u2013 kitam lobis, o mes esame tarpininkai, kurie padeda abiems tapti laimingesniems ???? \u017dinome kaip nelengva i\u0161gyventi ma\u017eiems verslams, tad nuo \u0161iol, \u010dia rasite ir kit\u0173, ma\u017e\u0173 \u0161eim\u0173 versl\u0173, rank\u0173 darbo, dovan\u0173 sau ir artimiesiems.\",\"publisher\":{\"@id\":\"https:\/\/skaitytaknyga.lt\/#organization\"},\"potentialAction\":[{\"@type\":\"SearchAction\",\"target\":{\"@type\":\"EntryPoint\",\"urlTemplate\":\"https:\/\/skaitytaknyga.lt\/?s={search_term_string}\"},\"query-input\":{\"@type\":\"PropertyValueSpecification\",\"valueRequired\":true,\"valueName\":\"search_term_string\"}}],\"inLanguage\":\"en-GB\"},{\"@type\":\"Organization\",\"@id\":\"https:\/\/skaitytaknyga.lt\/#organization\",\"name\":\"skaitytaknyga.lt\",\"url\":\"https:\/\/skaitytaknyga.lt\/\",\"logo\":{\"@type\":\"ImageObject\",\"inLanguage\":\"en-GB\",\"@id\":\"https:\/\/skaitytaknyga.lt\/#\/schema\/logo\/image\/\",\"url\":\"https:\/\/skaitytaknyga.lt\/wp-content\/uploads\/2024\/05\/cropped-cropped-cropped-02_00843_jt3bggkj1j3HLc7SyY6rEUpg.jpeg\",\"contentUrl\":\"https:\/\/skaitytaknyga.lt\/wp-content\/uploads\/2024\/05\/cropped-cropped-cropped-02_00843_jt3bggkj1j3HLc7SyY6rEUpg.jpeg\",\"width\":1600,\"height\":1600,\"caption\":\"skaitytaknyga.lt\"},\"image\":{\"@id\":\"https:\/\/skaitytaknyga.lt\/#\/schema\/logo\/image\/\"},\"sameAs\":[\"https:\/\/www.facebook.com\/skaitytaknyga\/\"]}]}<\/script>\n<!-- \/ Yoast SEO plugin. -->","yoast_head_json":{"title":"Vaik\u0161\u010diojantis per miegus","description":"Kai jis panyra \u012f sapn\u0105, prasideda kruvinas ko\u0161maras... Vidury nakties sulaukiama pagalbos skambu\u010dio, kuriuo prane\u0161ama apie \u012fsilau\u017eim\u0105 \u012f \u017eiemos sezonui","robots":{"index":"index","follow":"follow","max-snippet":"max-snippet:-1","max-image-preview":"max-image-preview:large","max-video-preview":"max-video-preview:-1"},"canonical":"https:\/\/skaitytaknyga.lt\/en\/produktas\/vaiksciojantis-per-miegus\/","og_locale":"en_GB","og_type":"article","og_title":"[:lt]Vaik\u0161\u010diojantis per miegus[:] - Skaitytaknyga","og_description":"Kai jis panyra \u012f sapn\u0105, prasideda kruvinas ko\u0161maras... Vidury nakties sulaukiama pagalbos skambu\u010dio, kuriuo prane\u0161ama apie \u012fsilau\u017eim\u0105 \u012f \u017eiemos sezonui","og_url":"https:\/\/skaitytaknyga.lt\/en\/produktas\/vaiksciojantis-per-miegus\/","og_site_name":"Skaitytaknyga","article_publisher":"https:\/\/www.facebook.com\/skaitytaknyga\/","article_modified_time":"2026-03-05T11:11:00+00:00","og_image":[{"width":549,"height":801,"url":"https:\/\/skaitytaknyga.lt\/wp-content\/uploads\/2025\/07\/Vaiksciojantis-per-miegus.webp","type":"image\/webp"}],"twitter_card":"summary_large_image","twitter_misc":{"Estimated reading time":"1 minute"},"schema":{"@context":"https:\/\/schema.org","@graph":[{"@type":"WebPage","@id":"https:\/\/skaitytaknyga.lt\/produktas\/vaiksciojantis-per-miegus\/","url":"https:\/\/skaitytaknyga.lt\/produktas\/vaiksciojantis-per-miegus\/","name":"Vaik\u0161\u010diojantis per miegus","isPartOf":{"@id":"https:\/\/skaitytaknyga.lt\/#website"},"primaryImageOfPage":{"@id":"https:\/\/skaitytaknyga.lt\/produktas\/vaiksciojantis-per-miegus\/#primaryimage"},"image":{"@id":"https:\/\/skaitytaknyga.lt\/produktas\/vaiksciojantis-per-miegus\/#primaryimage"},"thumbnailUrl":"https:\/\/skaitytaknyga.lt\/wp-content\/uploads\/2025\/07\/Vaiksciojantis-per-miegus.webp","datePublished":"2025-07-23T13:00:19+00:00","dateModified":"2026-03-05T11:11:00+00:00","description":"Kai jis panyra \u012f sapn\u0105, prasideda kruvinas ko\u0161maras... Vidury nakties sulaukiama pagalbos skambu\u010dio, kuriuo prane\u0161ama apie \u012fsilau\u017eim\u0105 \u012f \u017eiemos sezonui","breadcrumb":{"@id":"https:\/\/skaitytaknyga.lt\/produktas\/vaiksciojantis-per-miegus\/#breadcrumb"},"inLanguage":"en-GB","potentialAction":[{"@type":"ReadAction","target":["https:\/\/skaitytaknyga.lt\/produktas\/vaiksciojantis-per-miegus\/"]}]},{"@type":"ImageObject","inLanguage":"en-GB","@id":"https:\/\/skaitytaknyga.lt\/produktas\/vaiksciojantis-per-miegus\/#primaryimage","url":"https:\/\/skaitytaknyga.lt\/wp-content\/uploads\/2025\/07\/Vaiksciojantis-per-miegus.webp","contentUrl":"https:\/\/skaitytaknyga.lt\/wp-content\/uploads\/2025\/07\/Vaiksciojantis-per-miegus.webp","width":549,"height":801},{"@type":"BreadcrumbList","@id":"https:\/\/skaitytaknyga.lt\/produktas\/vaiksciojantis-per-miegus\/#breadcrumb","itemListElement":[{"@type":"ListItem","position":1,"name":"Home","item":"https:\/\/skaitytaknyga.lt\/"},{"@type":"ListItem","position":2,"name":"Parduotuv\u0117","item":"https:\/\/skaitytaknyga.lt\/knygu-parduotuve\/"},{"@type":"ListItem","position":3,"name":"Vaik\u0161\u010diojantis per miegus"}]},{"@type":"WebSite","@id":"https:\/\/skaitytaknyga.lt\/#website","url":"https:\/\/skaitytaknyga.lt\/","name":"skaitytaknyga.lt","description":"Skaitytaknyga.lt \u2013 tai ma\u017eas \u0161eimos verslas, kuris prasid\u0117jo nuo meil\u0117s knygoms ir siekio i\u0161gelb\u0117ti knygas nuo likimo prie konteinerio. Kas vienam nereikalingas daiktas \u2013 kitam lobis, o mes esame tarpininkai, kurie padeda abiems tapti laimingesniems ???? \u017dinome kaip nelengva i\u0161gyventi ma\u017eiems verslams, tad nuo \u0161iol, \u010dia rasite ir kit\u0173, ma\u017e\u0173 \u0161eim\u0173 versl\u0173, rank\u0173 darbo, dovan\u0173 sau ir artimiesiems.","publisher":{"@id":"https:\/\/skaitytaknyga.lt\/#organization"},"potentialAction":[{"@type":"SearchAction","target":{"@type":"EntryPoint","urlTemplate":"https:\/\/skaitytaknyga.lt\/?s={search_term_string}"},"query-input":{"@type":"PropertyValueSpecification","valueRequired":true,"valueName":"search_term_string"}}],"inLanguage":"en-GB"},{"@type":"Organization","@id":"https:\/\/skaitytaknyga.lt\/#organization","name":"skaitytaknyga.lt","url":"https:\/\/skaitytaknyga.lt\/","logo":{"@type":"ImageObject","inLanguage":"en-GB","@id":"https:\/\/skaitytaknyga.lt\/#\/schema\/logo\/image\/","url":"https:\/\/skaitytaknyga.lt\/wp-content\/uploads\/2024\/05\/cropped-cropped-cropped-02_00843_jt3bggkj1j3HLc7SyY6rEUpg.jpeg","contentUrl":"https:\/\/skaitytaknyga.lt\/wp-content\/uploads\/2024\/05\/cropped-cropped-cropped-02_00843_jt3bggkj1j3HLc7SyY6rEUpg.jpeg","width":1600,"height":1600,"caption":"skaitytaknyga.lt"},"image":{"@id":"https:\/\/skaitytaknyga.lt\/#\/schema\/logo\/image\/"},"sameAs":["https:\/\/www.facebook.com\/skaitytaknyga\/"]}]}},"_links":{"self":[{"href":"https:\/\/skaitytaknyga.lt\/en\/wp-json\/wp\/v2\/product\/19806","targetHints":{"allow":["GET"]}}],"collection":[{"href":"https:\/\/skaitytaknyga.lt\/en\/wp-json\/wp\/v2\/product"}],"about":[{"href":"https:\/\/skaitytaknyga.lt\/en\/wp-json\/wp\/v2\/types\/product"}],"replies":[{"embeddable":true,"href":"https:\/\/skaitytaknyga.lt\/en\/wp-json\/wp\/v2\/comments?post=19806"}],"wp:featuredmedia":[{"embeddable":true,"href":"https:\/\/skaitytaknyga.lt\/en\/wp-json\/wp\/v2\/media\/19807"}],"wp:attachment":[{"href":"https:\/\/skaitytaknyga.lt\/en\/wp-json\/wp\/v2\/media?parent=19806"}],"wp:term":[{"taxonomy":"product_brand","embeddable":true,"href":"https:\/\/skaitytaknyga.lt\/en\/wp-json\/wp\/v2\/product_brand?post=19806"},{"taxonomy":"product_cat","embeddable":true,"href":"https:\/\/skaitytaknyga.lt\/en\/wp-json\/wp\/v2\/product_cat?post=19806"},{"taxonomy":"product_tag","embeddable":true,"href":"https:\/\/skaitytaknyga.lt\/en\/wp-json\/wp\/v2\/product_tag?post=19806"}],"curies":[{"name":"wp","href":"https:\/\/api.w.org\/{rel}","templated":true}]}}