{"id":19800,"date":"2025-07-23T11:59:03","date_gmt":"2025-07-23T08:59:03","guid":{"rendered":"https:\/\/skaitytaknyga.lt\/?post_type=product&#038;p=19800"},"modified":"2026-03-05T10:35:39","modified_gmt":"2026-03-05T08:35:39","slug":"voras","status":"publish","type":"product","link":"https:\/\/skaitytaknyga.lt\/en\/produktas\/voras\/","title":{"rendered":"Voras"},"content":{"rendered":"<p>VORAS \u2013 garantuotai dovanos did\u017eiausi\u0105 skaitymo malonum\u0105. Pakliuvus \u012f jo tinkl\u0105, i\u0161sivaduoti nepavyks&#8230;<\/p>\n<p>\u017dudiko ginkle \u2013 devynios baltos kulkos. Viena j\u0173 skirta detektyvui Jonui Linai&#8230;<\/p>\n<p>Prie\u0161 trejus metus Saga Bauer gavo atviruk\u0105 su grasinan\u010dia \u017einute, kurioje u\u017esimenama apie ginkl\u0105 su devyniomis baltomis kulkomis. Viena j\u0173 skirta detektyvui Jonui Linai. Saga parod\u0117 atviruk\u0105 Jonui, ta\u010diau b\u0117gant laikui grasinimas pasimir\u0161o ir abu paman\u0117, kad tai tebuvo bereik\u0161m\u0117 provokacija. Iki dabar.<\/p>\n<p>Kapelskare prie med\u017eio randamas krep\u0161ys, kuriame \u2013 beveik visi\u0161kai suir\u0119s k\u016bnas. \u017dmog\u017eudyst\u0117s vietoje pareig\u016bnai aptinka ir pieno baltumo kulk\u0105. Ima atrodyti, kad senas grasinimas gali virsti tikrove, o prad\u0117jus tyrim\u0105 \u2013 m\u012fsli\u0173 ir apgauling\u0173 u\u017euomin\u0173 tik daug\u0117ja. Negi \u017eudikas policijos pareig\u016bnams ty\u010dia duoda galimyb\u0119 sustabdyti \u017emog\u017eudystes? O gal tai pra\u017e\u016btingo plano dalis?<\/p>\n<p>Jonas Lina ir Saga Bauer petys \u012f pet\u012f stengiasi apsaugoti b\u016bsimas aukas, kol dar ne per v\u0117lu. Ta\u010diau laikas nenumaldomai tiksi ir smurto bei adrenalino kupina med\u017eiokl\u0117 tampa vis bevilti\u0161kesn\u0117. Galb\u016bt \u0161io \u017eudiko ne\u012fmanoma sustabdyti? Galb\u016bt jie \u012fkliuvo \u012f neapsakomai \u017eiauraus voro tinkl\u0105?<\/p>\n<p>Tarptautin\u0117s sensacijos, tapusios bestseleriu kiekvienoje i\u0161 50 \u0161ali\u0173, kurioje buvo i\u0161leista, autoriaus Larso Keplerio paie\u0161kos taip pat primena detektyv\u0105. Kai net du gars\u016bs \u0161ved\u0173 ra\u0161ytojai oficialiai atsi\u017ead\u0117jo romano HIPNOTIZUOTOJAS autoryst\u0117s, vieno dienra\u0161\u010dio \u017eurnalistai atkapst\u0117, jog po Larso Keplerio slapyvard\u017eiu slepiasi Alexanderis ir Alexandra Ahndorilai, \u0161ved\u0173 ra\u0161ytoj\u0173 pora. Priremti prie sienos ir apakinti blyks\u010di\u0173, jie parei\u0161k\u0117: \u201ePara\u0161yti knyg\u0105 \u2013 ne nusikaltimas.&#8221; Taip gim\u0117 garsiausia \u0161iuolaikin\u0117 \u0160vedijos detektyv\u0173 \u017evaig\u017ed\u0117, pardavimais lenkianti visus kitus detektyv\u0173 autorius, o kritik\u0173 lyginama su Jo Nesb\u00f8 ir Stiegu Larssonu.<\/p>\n","protected":false},"excerpt":{"rendered":"<p>VORAS \u2013 garantuotai dovanos did\u017eiausi\u0105 skaitymo malonum\u0105. Pakliuvus \u012f jo tinkl\u0105, i\u0161sivaduoti nepavyks&#8230; \u017dudiko ginkle \u2013 devynios baltos kulkos. Viena j\u0173 skirta detektyvui Jonui Linai&#8230; Prie\u0161 trejus metus Saga Bauer gavo atviruk\u0105 su grasinan\u010dia \u017einute, kurioje u\u017esimenama apie ginkl\u0105 su devyniomis baltomis kulkomis. Viena j\u0173 skirta detektyvui Jonui Linai. Saga parod\u0117 atviruk\u0105 Jonui, ta\u010diau b\u0117gant laikui grasinimas pasimir\u0161o ir abu paman\u0117, kad tai tebuvo bereik\u0161m\u0117 provokacija. Iki dabar. Kapelskare prie med\u017eio randamas krep\u0161ys, kuriame \u2013 beveik visi\u0161kai suir\u0119s k\u016bnas. \u017dmog\u017eudyst\u0117s vietoje pareig\u016bnai aptinka ir pieno baltumo kulk\u0105. Ima atrodyti, kad senas grasinimas gali virsti tikrove, o prad\u0117jus tyrim\u0105 \u2013 m\u012fsli\u0173 ir apgauling\u0173 u\u017euomin\u0173 tik daug\u0117ja. Negi \u017eudikas policijos pareig\u016bnams ty\u010dia duoda galimyb\u0119 sustabdyti \u017emog\u017eudystes? O gal tai pra\u017e\u016btingo plano dalis? Jonas Lina ir Saga Bauer petys \u012f pet\u012f stengiasi apsaugoti b\u016bsimas aukas, kol dar ne per v\u0117lu. Ta\u010diau laikas nenumaldomai tiksi ir smurto bei adrenalino kupina med\u017eiokl\u0117 tampa vis bevilti\u0161kesn\u0117. Galb\u016bt \u0161io \u017eudiko ne\u012fmanoma sustabdyti? Galb\u016bt jie \u012fkliuvo \u012f neapsakomai \u017eiauraus voro tinkl\u0105? Tarptautin\u0117s sensacijos, tapusios bestseleriu kiekvienoje i\u0161 50 \u0161ali\u0173, kurioje buvo i\u0161leista, autoriaus Larso Keplerio paie\u0161kos taip pat primena detektyv\u0105. Kai net du gars\u016bs \u0161ved\u0173 ra\u0161ytojai oficialiai atsi\u017ead\u0117jo romano HIPNOTIZUOTOJAS autoryst\u0117s, vieno dienra\u0161\u010dio \u017eurnalistai atkapst\u0117, jog po Larso Keplerio slapyvard\u017eiu slepiasi Alexanderis ir Alexandra Ahndorilai, \u0161ved\u0173 ra\u0161ytoj\u0173 pora. Priremti prie sienos ir apakinti blyks\u010di\u0173, jie parei\u0161k\u0117: \u201ePara\u0161yti knyg\u0105 \u2013 ne nusikaltimas.&#8221; Taip gim\u0117 garsiausia \u0161iuolaikin\u0117 \u0160vedijos detektyv\u0173 \u017evaig\u017ed\u0117, pardavimais lenkianti visus kitus detektyv\u0173 autorius, o kritik\u0173 lyginama su Jo Nesb\u00f8 ir Stiegu Larssonu.<\/p>\n","protected":false},"featured_media":19805,"comment_status":"open","ping_status":"closed","template":"","meta":{"_acf_changed":false,"site-sidebar-layout":"default","site-content-layout":"","ast-site-content-layout":"default","site-content-style":"default","site-sidebar-style":"default","ast-global-header-display":"","ast-banner-title-visibility":"","ast-main-header-display":"","ast-hfb-above-header-display":"","ast-hfb-below-header-display":"","ast-hfb-mobile-header-display":"","site-post-title":"","ast-breadcrumbs-content":"","ast-featured-img":"","footer-sml-layout":"","ast-disable-related-posts":"","theme-transparent-header-meta":"","adv-header-id-meta":"","stick-header-meta":"","header-above-stick-meta":"","header-main-stick-meta":"","header-below-stick-meta":"","astra-migrate-meta-layouts":"default","ast-page-background-enabled":"default","ast-page-background-meta":{"desktop":{"background-color":"","background-image":"","background-repeat":"repeat","background-position":"center center","background-size":"auto","background-attachment":"scroll","background-type":"","background-media":"","overlay-type":"","overlay-color":"","overlay-opacity":"","overlay-gradient":""},"tablet":{"background-color":"","background-image":"","background-repeat":"repeat","background-position":"center center","background-size":"auto","background-attachment":"scroll","background-type":"","background-media":"","overlay-type":"","overlay-color":"","overlay-opacity":"","overlay-gradient":""},"mobile":{"background-color":"","background-image":"","background-repeat":"repeat","background-position":"center center","background-size":"auto","background-attachment":"scroll","background-type":"","background-media":"","overlay-type":"","overlay-color":"","overlay-opacity":"","overlay-gradient":""}},"ast-content-background-meta":{"desktop":{"background-color":"var(--ast-global-color-4)","background-image":"","background-repeat":"repeat","background-position":"center center","background-size":"auto","background-attachment":"scroll","background-type":"","background-media":"","overlay-type":"","overlay-color":"","overlay-opacity":"","overlay-gradient":""},"tablet":{"background-color":"var(--ast-global-color-4)","background-image":"","background-repeat":"repeat","background-position":"center center","background-size":"auto","background-attachment":"scroll","background-type":"","background-media":"","overlay-type":"","overlay-color":"","overlay-opacity":"","overlay-gradient":""},"mobile":{"background-color":"var(--ast-global-color-4)","background-image":"","background-repeat":"repeat","background-position":"center center","background-size":"auto","background-attachment":"scroll","background-type":"","background-media":"","overlay-type":"","overlay-color":"","overlay-opacity":"","overlay-gradient":""}}},"product_brand":[],"product_cat":[9581],"product_tag":[1476,6700,6397,3982,1587],"class_list":{"0":"post-19800","1":"product","2":"type-product","3":"status-publish","4":"has-post-thumbnail","6":"product_cat-kriminaliniai-romanai","7":"product_tag-detektyvas","8":"product_tag-lars-kepler","9":"product_tag-policijos-tyrimas","10":"product_tag-serijinis-zudikas","11":"product_tag-trileris","12":"desktop-align-left","13":"tablet-align-left","14":"mobile-align-left","16":"first","17":"instock","18":"shipping-taxable","19":"purchasable","20":"product-type-simple"},"acf":[],"yoast_head":"<!-- This site is optimized with the Yoast SEO plugin v27.0 - https:\/\/yoast.com\/product\/yoast-seo-wordpress\/ -->\n<title>Voras<\/title>\n<meta name=\"description\" content=\"VORAS \u2013 garantuotai dovanos did\u017eiausi\u0105 skaitymo malonum\u0105. Pakliuvus \u012f jo tinkl\u0105, i\u0161sivaduoti nepavyks... \u017dudiko ginkle \u2013 devynios baltos kulkos. Viena j\u0173\" \/>\n<meta name=\"robots\" content=\"index, follow, max-snippet:-1, max-image-preview:large, max-video-preview:-1\" \/>\n<link rel=\"canonical\" href=\"https:\/\/skaitytaknyga.lt\/en\/produktas\/voras\/\" \/>\n<meta property=\"og:locale\" content=\"en_GB\" \/>\n<meta property=\"og:locale:alternate\" content=\"lt_LT\" \/>\n<meta property=\"og:type\" content=\"article\" \/>\n<meta property=\"og:title\" content=\"Voras\" \/>\n<meta property=\"og:description\" content=\"VORAS \u2013 garantuotai dovanos did\u017eiausi\u0105 skaitymo malonum\u0105. Pakliuvus \u012f jo tinkl\u0105, i\u0161sivaduoti nepavyks... \u017dudiko ginkle \u2013 devynios baltos kulkos. Viena j\u0173\" \/>\n<meta property=\"og:url\" content=\"https:\/\/skaitytaknyga.lt\/en\/produktas\/voras\/\" \/>\n<meta property=\"og:site_name\" content=\"Skaitytaknyga\" \/>\n<meta property=\"article:publisher\" content=\"https:\/\/www.facebook.com\/skaitytaknyga\/\" \/>\n<meta property=\"article:modified_time\" content=\"2026-03-05T08:35:39+00:00\" \/>\n<meta property=\"og:image\" content=\"https:\/\/skaitytaknyga.lt\/wp-content\/uploads\/2025\/07\/Voras-1.webp\" \/>\n\t<meta property=\"og:image:width\" content=\"462\" \/>\n\t<meta property=\"og:image:height\" content=\"676\" \/>\n\t<meta property=\"og:image:type\" content=\"image\/webp\" \/>\n<meta name=\"twitter:card\" content=\"summary_large_image\" \/>\n<meta name=\"twitter:label1\" content=\"Estimated reading time\" \/>\n\t<meta name=\"twitter:data1\" content=\"1 minute\" \/>\n<script type=\"application\/ld+json\" class=\"yoast-schema-graph\">{\"@context\":\"https:\/\/schema.org\",\"@graph\":[{\"@type\":\"WebPage\",\"@id\":\"https:\/\/skaitytaknyga.lt\/produktas\/voras\/\",\"url\":\"https:\/\/skaitytaknyga.lt\/produktas\/voras\/\",\"name\":\"Voras\",\"isPartOf\":{\"@id\":\"https:\/\/skaitytaknyga.lt\/#website\"},\"primaryImageOfPage\":{\"@id\":\"https:\/\/skaitytaknyga.lt\/produktas\/voras\/#primaryimage\"},\"image\":{\"@id\":\"https:\/\/skaitytaknyga.lt\/produktas\/voras\/#primaryimage\"},\"thumbnailUrl\":\"https:\/\/skaitytaknyga.lt\/wp-content\/uploads\/2025\/07\/Voras-1.webp\",\"datePublished\":\"2025-07-23T08:59:03+00:00\",\"dateModified\":\"2026-03-05T08:35:39+00:00\",\"description\":\"VORAS \u2013 garantuotai dovanos did\u017eiausi\u0105 skaitymo malonum\u0105. Pakliuvus \u012f jo tinkl\u0105, i\u0161sivaduoti nepavyks... \u017dudiko ginkle \u2013 devynios baltos kulkos. Viena j\u0173\",\"breadcrumb\":{\"@id\":\"https:\/\/skaitytaknyga.lt\/produktas\/voras\/#breadcrumb\"},\"inLanguage\":\"en-GB\",\"potentialAction\":[{\"@type\":\"ReadAction\",\"target\":[\"https:\/\/skaitytaknyga.lt\/produktas\/voras\/\"]}]},{\"@type\":\"ImageObject\",\"inLanguage\":\"en-GB\",\"@id\":\"https:\/\/skaitytaknyga.lt\/produktas\/voras\/#primaryimage\",\"url\":\"https:\/\/skaitytaknyga.lt\/wp-content\/uploads\/2025\/07\/Voras-1.webp\",\"contentUrl\":\"https:\/\/skaitytaknyga.lt\/wp-content\/uploads\/2025\/07\/Voras-1.webp\",\"width\":462,\"height\":676,\"caption\":\"voras\"},{\"@type\":\"BreadcrumbList\",\"@id\":\"https:\/\/skaitytaknyga.lt\/produktas\/voras\/#breadcrumb\",\"itemListElement\":[{\"@type\":\"ListItem\",\"position\":1,\"name\":\"Home\",\"item\":\"https:\/\/skaitytaknyga.lt\/\"},{\"@type\":\"ListItem\",\"position\":2,\"name\":\"Parduotuv\u0117\",\"item\":\"https:\/\/skaitytaknyga.lt\/knygu-parduotuve\/\"},{\"@type\":\"ListItem\",\"position\":3,\"name\":\"Voras\"}]},{\"@type\":\"WebSite\",\"@id\":\"https:\/\/skaitytaknyga.lt\/#website\",\"url\":\"https:\/\/skaitytaknyga.lt\/\",\"name\":\"skaitytaknyga.lt\",\"description\":\"Skaitytaknyga.lt \u2013 tai ma\u017eas \u0161eimos verslas, kuris prasid\u0117jo nuo meil\u0117s knygoms ir siekio i\u0161gelb\u0117ti knygas nuo likimo prie konteinerio. Kas vienam nereikalingas daiktas \u2013 kitam lobis, o mes esame tarpininkai, kurie padeda abiems tapti laimingesniems ???? \u017dinome kaip nelengva i\u0161gyventi ma\u017eiems verslams, tad nuo \u0161iol, \u010dia rasite ir kit\u0173, ma\u017e\u0173 \u0161eim\u0173 versl\u0173, rank\u0173 darbo, dovan\u0173 sau ir artimiesiems.\",\"publisher\":{\"@id\":\"https:\/\/skaitytaknyga.lt\/#organization\"},\"potentialAction\":[{\"@type\":\"SearchAction\",\"target\":{\"@type\":\"EntryPoint\",\"urlTemplate\":\"https:\/\/skaitytaknyga.lt\/?s={search_term_string}\"},\"query-input\":{\"@type\":\"PropertyValueSpecification\",\"valueRequired\":true,\"valueName\":\"search_term_string\"}}],\"inLanguage\":\"en-GB\"},{\"@type\":\"Organization\",\"@id\":\"https:\/\/skaitytaknyga.lt\/#organization\",\"name\":\"skaitytaknyga.lt\",\"url\":\"https:\/\/skaitytaknyga.lt\/\",\"logo\":{\"@type\":\"ImageObject\",\"inLanguage\":\"en-GB\",\"@id\":\"https:\/\/skaitytaknyga.lt\/#\/schema\/logo\/image\/\",\"url\":\"https:\/\/skaitytaknyga.lt\/wp-content\/uploads\/2024\/05\/cropped-cropped-cropped-02_00843_jt3bggkj1j3HLc7SyY6rEUpg.jpeg\",\"contentUrl\":\"https:\/\/skaitytaknyga.lt\/wp-content\/uploads\/2024\/05\/cropped-cropped-cropped-02_00843_jt3bggkj1j3HLc7SyY6rEUpg.jpeg\",\"width\":1600,\"height\":1600,\"caption\":\"skaitytaknyga.lt\"},\"image\":{\"@id\":\"https:\/\/skaitytaknyga.lt\/#\/schema\/logo\/image\/\"},\"sameAs\":[\"https:\/\/www.facebook.com\/skaitytaknyga\/\"]}]}<\/script>\n<!-- \/ Yoast SEO plugin. -->","yoast_head_json":{"title":"Voras","description":"VORAS \u2013 garantuotai dovanos did\u017eiausi\u0105 skaitymo malonum\u0105. Pakliuvus \u012f jo tinkl\u0105, i\u0161sivaduoti nepavyks... \u017dudiko ginkle \u2013 devynios baltos kulkos. Viena j\u0173","robots":{"index":"index","follow":"follow","max-snippet":"max-snippet:-1","max-image-preview":"max-image-preview:large","max-video-preview":"max-video-preview:-1"},"canonical":"https:\/\/skaitytaknyga.lt\/en\/produktas\/voras\/","og_locale":"en_GB","og_type":"article","og_title":"[:lt]Voras[:] - Skaitytaknyga","og_description":"VORAS \u2013 garantuotai dovanos did\u017eiausi\u0105 skaitymo malonum\u0105. Pakliuvus \u012f jo tinkl\u0105, i\u0161sivaduoti nepavyks... \u017dudiko ginkle \u2013 devynios baltos kulkos. Viena j\u0173","og_url":"https:\/\/skaitytaknyga.lt\/en\/produktas\/voras\/","og_site_name":"Skaitytaknyga","article_publisher":"https:\/\/www.facebook.com\/skaitytaknyga\/","article_modified_time":"2026-03-05T08:35:39+00:00","og_image":[{"width":462,"height":676,"url":"https:\/\/skaitytaknyga.lt\/wp-content\/uploads\/2025\/07\/Voras-1.webp","type":"image\/webp"}],"twitter_card":"summary_large_image","twitter_misc":{"Estimated reading time":"1 minute"},"schema":{"@context":"https:\/\/schema.org","@graph":[{"@type":"WebPage","@id":"https:\/\/skaitytaknyga.lt\/produktas\/voras\/","url":"https:\/\/skaitytaknyga.lt\/produktas\/voras\/","name":"Voras","isPartOf":{"@id":"https:\/\/skaitytaknyga.lt\/#website"},"primaryImageOfPage":{"@id":"https:\/\/skaitytaknyga.lt\/produktas\/voras\/#primaryimage"},"image":{"@id":"https:\/\/skaitytaknyga.lt\/produktas\/voras\/#primaryimage"},"thumbnailUrl":"https:\/\/skaitytaknyga.lt\/wp-content\/uploads\/2025\/07\/Voras-1.webp","datePublished":"2025-07-23T08:59:03+00:00","dateModified":"2026-03-05T08:35:39+00:00","description":"VORAS \u2013 garantuotai dovanos did\u017eiausi\u0105 skaitymo malonum\u0105. Pakliuvus \u012f jo tinkl\u0105, i\u0161sivaduoti nepavyks... \u017dudiko ginkle \u2013 devynios baltos kulkos. Viena j\u0173","breadcrumb":{"@id":"https:\/\/skaitytaknyga.lt\/produktas\/voras\/#breadcrumb"},"inLanguage":"en-GB","potentialAction":[{"@type":"ReadAction","target":["https:\/\/skaitytaknyga.lt\/produktas\/voras\/"]}]},{"@type":"ImageObject","inLanguage":"en-GB","@id":"https:\/\/skaitytaknyga.lt\/produktas\/voras\/#primaryimage","url":"https:\/\/skaitytaknyga.lt\/wp-content\/uploads\/2025\/07\/Voras-1.webp","contentUrl":"https:\/\/skaitytaknyga.lt\/wp-content\/uploads\/2025\/07\/Voras-1.webp","width":462,"height":676,"caption":"voras"},{"@type":"BreadcrumbList","@id":"https:\/\/skaitytaknyga.lt\/produktas\/voras\/#breadcrumb","itemListElement":[{"@type":"ListItem","position":1,"name":"Home","item":"https:\/\/skaitytaknyga.lt\/"},{"@type":"ListItem","position":2,"name":"Parduotuv\u0117","item":"https:\/\/skaitytaknyga.lt\/knygu-parduotuve\/"},{"@type":"ListItem","position":3,"name":"Voras"}]},{"@type":"WebSite","@id":"https:\/\/skaitytaknyga.lt\/#website","url":"https:\/\/skaitytaknyga.lt\/","name":"skaitytaknyga.lt","description":"Skaitytaknyga.lt \u2013 tai ma\u017eas \u0161eimos verslas, kuris prasid\u0117jo nuo meil\u0117s knygoms ir siekio i\u0161gelb\u0117ti knygas nuo likimo prie konteinerio. Kas vienam nereikalingas daiktas \u2013 kitam lobis, o mes esame tarpininkai, kurie padeda abiems tapti laimingesniems ???? \u017dinome kaip nelengva i\u0161gyventi ma\u017eiems verslams, tad nuo \u0161iol, \u010dia rasite ir kit\u0173, ma\u017e\u0173 \u0161eim\u0173 versl\u0173, rank\u0173 darbo, dovan\u0173 sau ir artimiesiems.","publisher":{"@id":"https:\/\/skaitytaknyga.lt\/#organization"},"potentialAction":[{"@type":"SearchAction","target":{"@type":"EntryPoint","urlTemplate":"https:\/\/skaitytaknyga.lt\/?s={search_term_string}"},"query-input":{"@type":"PropertyValueSpecification","valueRequired":true,"valueName":"search_term_string"}}],"inLanguage":"en-GB"},{"@type":"Organization","@id":"https:\/\/skaitytaknyga.lt\/#organization","name":"skaitytaknyga.lt","url":"https:\/\/skaitytaknyga.lt\/","logo":{"@type":"ImageObject","inLanguage":"en-GB","@id":"https:\/\/skaitytaknyga.lt\/#\/schema\/logo\/image\/","url":"https:\/\/skaitytaknyga.lt\/wp-content\/uploads\/2024\/05\/cropped-cropped-cropped-02_00843_jt3bggkj1j3HLc7SyY6rEUpg.jpeg","contentUrl":"https:\/\/skaitytaknyga.lt\/wp-content\/uploads\/2024\/05\/cropped-cropped-cropped-02_00843_jt3bggkj1j3HLc7SyY6rEUpg.jpeg","width":1600,"height":1600,"caption":"skaitytaknyga.lt"},"image":{"@id":"https:\/\/skaitytaknyga.lt\/#\/schema\/logo\/image\/"},"sameAs":["https:\/\/www.facebook.com\/skaitytaknyga\/"]}]}},"_links":{"self":[{"href":"https:\/\/skaitytaknyga.lt\/en\/wp-json\/wp\/v2\/product\/19800","targetHints":{"allow":["GET"]}}],"collection":[{"href":"https:\/\/skaitytaknyga.lt\/en\/wp-json\/wp\/v2\/product"}],"about":[{"href":"https:\/\/skaitytaknyga.lt\/en\/wp-json\/wp\/v2\/types\/product"}],"replies":[{"embeddable":true,"href":"https:\/\/skaitytaknyga.lt\/en\/wp-json\/wp\/v2\/comments?post=19800"}],"wp:featuredmedia":[{"embeddable":true,"href":"https:\/\/skaitytaknyga.lt\/en\/wp-json\/wp\/v2\/media\/19805"}],"wp:attachment":[{"href":"https:\/\/skaitytaknyga.lt\/en\/wp-json\/wp\/v2\/media?parent=19800"}],"wp:term":[{"taxonomy":"product_brand","embeddable":true,"href":"https:\/\/skaitytaknyga.lt\/en\/wp-json\/wp\/v2\/product_brand?post=19800"},{"taxonomy":"product_cat","embeddable":true,"href":"https:\/\/skaitytaknyga.lt\/en\/wp-json\/wp\/v2\/product_cat?post=19800"},{"taxonomy":"product_tag","embeddable":true,"href":"https:\/\/skaitytaknyga.lt\/en\/wp-json\/wp\/v2\/product_tag?post=19800"}],"curies":[{"name":"wp","href":"https:\/\/api.w.org\/{rel}","templated":true}]}}