{"id":19799,"date":"2025-07-23T11:59:03","date_gmt":"2025-07-23T08:59:03","guid":{"rendered":"https:\/\/skaitytaknyga.lt\/?post_type=product&#038;p=19799"},"modified":"2026-03-05T10:35:39","modified_gmt":"2026-03-05T08:35:39","slug":"veidrodziu-zmogus","status":"publish","type":"product","link":"https:\/\/skaitytaknyga.lt\/en\/produktas\/veidrodziu-zmogus\/","title":{"rendered":"Veidrod\u017ei\u0173 \u017emogus"},"content":{"rendered":"<p>Jei liudininkas i\u0161tars nors \u017eod\u012f, nekalti \u017emon\u0117s mirs&#8230; Daugiau nei 15 milijon\u0173 egzempliori\u0173 knyg\u0173 detektyvo Jono Linos serijoje pardav\u0119s \u0161ved\u0173 detektyvo super\u017evaig\u017ed\u0117 Lars Kepler pristato a\u0161tuntaj\u012f serijos \u0161edevr\u0105 VEIDROD\u017dI\u0172 \u017dMOGUS, kuris \u0161vedi\u0161kai rekordi\u0161ku tira\u017eu bus i\u0161leistas \u0161i\u0173 met\u0173 spalio 21 d., o Lietuvos skaitytojus gruod\u017eio m\u0117n.!<\/p>\n<p>Jauna mergina dingsta i\u0161 mokyklos. Nepaisant policijos ir \u0161eimos pastang\u0173, jos rasti nepavyksta&#8230; Po penkeri\u0173 met\u0173 ji randama \u017eiauriai nu\u017eudyta \u017eaidim\u0173 aik\u0161tel\u0117je Stokholmo viduryje.<\/p>\n<p>Naudodamas steb\u0117jimo kameras, inspektorius Jonas Lina suseka liudinink\u0105. Pasirodo, Martinas yra psichikos liga sergantis \u017emogus, kuris neprisimena to, k\u0105 mat\u0117. Tai smarkiai traumuotas \u017emogus, kuris kaltina save d\u0117l dukters mirties. Jonas nusprend\u017eia susisiekti su psichiatru Eriku Maria Barka ir pabandyti i\u0161siai\u0161kinti ties\u0105 per hipnoz\u0119. Ta\u010diau Martino \u017emona gauna \u012fsp\u0117jim\u0105: jei liudytojas kalb\u0117s, artimas nekaltas \u017emogus mirs&#8230;<\/p>\n<p>Kas ir kod\u0117l grobia jaunas moteris? K\u0105 pagrob\u0117jas dar su jomis? Jonas Lina susiduria su nauja \u0161iurpia byla, kur niekas n\u0117ra tuo, kuo atrodo i\u0161 pirmo \u017evilgsnio&#8230;<\/p>\n<p>Tarptautin\u0117s sensacijos, tapusios bestseleriu kiekvienoje i\u0161 50 \u0161ali\u0173, kurioje buvo i\u0161leista, autoriaus Larso Keplerio paie\u0161kos taip pat primena detektyv\u0105. Kai net du gars\u016bs \u0161ved\u0173 ra\u0161ytojai oficialiai atsi\u017ead\u0117jo romano HIPNOTIZUOTOJAS autoryst\u0117s, vieno dienra\u0161\u010dio \u017eurnalistai atkapst\u0117, jog po Larso Keplerio slapyvard\u017eiu slepiasi Alexanderis ir Alexandra Ahndorilai, \u0161ved\u0173 ra\u0161ytoj\u0173 pora. Priremti prie sienos ir apakinti blyks\u010di\u0173, jie parei\u0161k\u0117: \u201ePara\u0161yti knyg\u0105 \u2013 ne nusikaltimas.&#8221; Taip gim\u0117 garsiausia \u0161iuolaikin\u0117 \u0160vedijos detektyv\u0173 \u017evaig\u017ed\u0117, pardavimais lenkianti visus kitus detektyv\u0173 autorius, o kritik\u0173 lyginama su Jo Nesb\u00f8 ir Stiegu Larssonu.<\/p>\n","protected":false},"excerpt":{"rendered":"<p>Jei liudininkas i\u0161tars nors \u017eod\u012f, nekalti \u017emon\u0117s mirs&#8230; Daugiau nei 15 milijon\u0173 egzempliori\u0173 knyg\u0173 detektyvo Jono Linos serijoje pardav\u0119s \u0161ved\u0173 detektyvo super\u017evaig\u017ed\u0117 Lars Kepler pristato a\u0161tuntaj\u012f serijos \u0161edevr\u0105 VEIDROD\u017dI\u0172 \u017dMOGUS, kuris \u0161vedi\u0161kai rekordi\u0161ku tira\u017eu bus i\u0161leistas \u0161i\u0173 met\u0173 spalio 21 d., o Lietuvos skaitytojus gruod\u017eio m\u0117n.! Jauna mergina dingsta i\u0161 mokyklos. Nepaisant policijos ir \u0161eimos pastang\u0173, jos rasti nepavyksta&#8230; Po penkeri\u0173 met\u0173 ji randama \u017eiauriai nu\u017eudyta \u017eaidim\u0173 aik\u0161tel\u0117je Stokholmo viduryje. Naudodamas steb\u0117jimo kameras, inspektorius Jonas Lina suseka liudinink\u0105. Pasirodo, Martinas yra psichikos liga sergantis \u017emogus, kuris neprisimena to, k\u0105 mat\u0117. Tai smarkiai traumuotas \u017emogus, kuris kaltina save d\u0117l dukters mirties. Jonas nusprend\u017eia susisiekti su psichiatru Eriku Maria Barka ir pabandyti i\u0161siai\u0161kinti ties\u0105 per hipnoz\u0119. Ta\u010diau Martino \u017emona gauna \u012fsp\u0117jim\u0105: jei liudytojas kalb\u0117s, artimas nekaltas \u017emogus mirs&#8230; Kas ir kod\u0117l grobia jaunas moteris? K\u0105 pagrob\u0117jas dar su jomis? Jonas Lina susiduria su nauja \u0161iurpia byla, kur niekas n\u0117ra tuo, kuo atrodo i\u0161 pirmo \u017evilgsnio&#8230; Tarptautin\u0117s sensacijos, tapusios bestseleriu kiekvienoje i\u0161 50 \u0161ali\u0173, kurioje buvo i\u0161leista, autoriaus Larso Keplerio paie\u0161kos taip pat primena detektyv\u0105. Kai net du gars\u016bs \u0161ved\u0173 ra\u0161ytojai oficialiai atsi\u017ead\u0117jo romano HIPNOTIZUOTOJAS autoryst\u0117s, vieno dienra\u0161\u010dio \u017eurnalistai atkapst\u0117, jog po Larso Keplerio slapyvard\u017eiu slepiasi Alexanderis ir Alexandra Ahndorilai, \u0161ved\u0173 ra\u0161ytoj\u0173 pora. Priremti prie sienos ir apakinti blyks\u010di\u0173, jie parei\u0161k\u0117: \u201ePara\u0161yti knyg\u0105 \u2013 ne nusikaltimas.&#8221; Taip gim\u0117 garsiausia \u0161iuolaikin\u0117 \u0160vedijos detektyv\u0173 \u017evaig\u017ed\u0117, pardavimais lenkianti visus kitus detektyv\u0173 autorius, o kritik\u0173 lyginama su Jo Nesb\u00f8 ir Stiegu Larssonu.<\/p>\n","protected":false},"featured_media":19804,"comment_status":"open","ping_status":"closed","template":"","meta":{"_acf_changed":false,"site-sidebar-layout":"default","site-content-layout":"","ast-site-content-layout":"default","site-content-style":"default","site-sidebar-style":"default","ast-global-header-display":"","ast-banner-title-visibility":"","ast-main-header-display":"","ast-hfb-above-header-display":"","ast-hfb-below-header-display":"","ast-hfb-mobile-header-display":"","site-post-title":"","ast-breadcrumbs-content":"","ast-featured-img":"","footer-sml-layout":"","ast-disable-related-posts":"","theme-transparent-header-meta":"","adv-header-id-meta":"","stick-header-meta":"","header-above-stick-meta":"","header-main-stick-meta":"","header-below-stick-meta":"","astra-migrate-meta-layouts":"default","ast-page-background-enabled":"default","ast-page-background-meta":{"desktop":{"background-color":"","background-image":"","background-repeat":"repeat","background-position":"center center","background-size":"auto","background-attachment":"scroll","background-type":"","background-media":"","overlay-type":"","overlay-color":"","overlay-opacity":"","overlay-gradient":""},"tablet":{"background-color":"","background-image":"","background-repeat":"repeat","background-position":"center center","background-size":"auto","background-attachment":"scroll","background-type":"","background-media":"","overlay-type":"","overlay-color":"","overlay-opacity":"","overlay-gradient":""},"mobile":{"background-color":"","background-image":"","background-repeat":"repeat","background-position":"center center","background-size":"auto","background-attachment":"scroll","background-type":"","background-media":"","overlay-type":"","overlay-color":"","overlay-opacity":"","overlay-gradient":""}},"ast-content-background-meta":{"desktop":{"background-color":"var(--ast-global-color-4)","background-image":"","background-repeat":"repeat","background-position":"center center","background-size":"auto","background-attachment":"scroll","background-type":"","background-media":"","overlay-type":"","overlay-color":"","overlay-opacity":"","overlay-gradient":""},"tablet":{"background-color":"var(--ast-global-color-4)","background-image":"","background-repeat":"repeat","background-position":"center center","background-size":"auto","background-attachment":"scroll","background-type":"","background-media":"","overlay-type":"","overlay-color":"","overlay-opacity":"","overlay-gradient":""},"mobile":{"background-color":"var(--ast-global-color-4)","background-image":"","background-repeat":"repeat","background-position":"center center","background-size":"auto","background-attachment":"scroll","background-type":"","background-media":"","overlay-type":"","overlay-color":"","overlay-opacity":"","overlay-gradient":""}}},"product_brand":[],"product_cat":[9581],"product_tag":[1476,4636,6700,6376,3982],"class_list":{"0":"post-19799","1":"product","2":"type-product","3":"status-publish","4":"has-post-thumbnail","6":"product_cat-kriminaliniai-romanai","7":"product_tag-detektyvas","8":"product_tag-hipnoze","9":"product_tag-lars-kepler","10":"product_tag-pagrobimai","11":"product_tag-serijinis-zudikas","12":"desktop-align-left","13":"tablet-align-left","14":"mobile-align-left","16":"first","17":"instock","18":"shipping-taxable","19":"purchasable","20":"product-type-simple"},"acf":[],"yoast_head":"<!-- This site is optimized with the Yoast SEO plugin v27.0 - https:\/\/yoast.com\/product\/yoast-seo-wordpress\/ -->\n<title>Veidrod\u017ei\u0173 \u017emogus<\/title>\n<meta name=\"description\" content=\"Jei liudininkas i\u0161tars nors \u017eod\u012f, nekalti \u017emon\u0117s mirs... Daugiau nei 15 milijon\u0173 egzempliori\u0173 knyg\u0173 detektyvo Jono Linos serijoje pardav\u0119s \u0161ved\u0173 detektyvo\" \/>\n<meta name=\"robots\" content=\"index, follow, max-snippet:-1, max-image-preview:large, max-video-preview:-1\" \/>\n<link rel=\"canonical\" href=\"https:\/\/skaitytaknyga.lt\/en\/produktas\/veidrodziu-zmogus\/\" \/>\n<meta property=\"og:locale\" content=\"en_GB\" \/>\n<meta property=\"og:locale:alternate\" content=\"lt_LT\" \/>\n<meta property=\"og:type\" content=\"article\" \/>\n<meta property=\"og:title\" content=\"Veidrod\u017ei\u0173 \u017emogus\" \/>\n<meta property=\"og:description\" content=\"Jei liudininkas i\u0161tars nors \u017eod\u012f, nekalti \u017emon\u0117s mirs... Daugiau nei 15 milijon\u0173 egzempliori\u0173 knyg\u0173 detektyvo Jono Linos serijoje pardav\u0119s \u0161ved\u0173 detektyvo\" \/>\n<meta property=\"og:url\" content=\"https:\/\/skaitytaknyga.lt\/en\/produktas\/veidrodziu-zmogus\/\" \/>\n<meta property=\"og:site_name\" content=\"Skaitytaknyga\" \/>\n<meta property=\"article:publisher\" content=\"https:\/\/www.facebook.com\/skaitytaknyga\/\" \/>\n<meta property=\"article:modified_time\" content=\"2026-03-05T08:35:39+00:00\" \/>\n<meta property=\"og:image\" content=\"https:\/\/skaitytaknyga.lt\/wp-content\/uploads\/2025\/07\/Veidrodziu-zmogus-1.webp\" \/>\n\t<meta property=\"og:image:width\" content=\"465\" \/>\n\t<meta property=\"og:image:height\" content=\"675\" \/>\n\t<meta property=\"og:image:type\" content=\"image\/webp\" \/>\n<meta name=\"twitter:card\" content=\"summary_large_image\" \/>\n<meta name=\"twitter:label1\" content=\"Estimated reading time\" \/>\n\t<meta name=\"twitter:data1\" content=\"1 minute\" \/>\n<script type=\"application\/ld+json\" class=\"yoast-schema-graph\">{\"@context\":\"https:\/\/schema.org\",\"@graph\":[{\"@type\":\"WebPage\",\"@id\":\"https:\/\/skaitytaknyga.lt\/produktas\/veidrodziu-zmogus\/\",\"url\":\"https:\/\/skaitytaknyga.lt\/produktas\/veidrodziu-zmogus\/\",\"name\":\"Veidrod\u017ei\u0173 \u017emogus\",\"isPartOf\":{\"@id\":\"https:\/\/skaitytaknyga.lt\/#website\"},\"primaryImageOfPage\":{\"@id\":\"https:\/\/skaitytaknyga.lt\/produktas\/veidrodziu-zmogus\/#primaryimage\"},\"image\":{\"@id\":\"https:\/\/skaitytaknyga.lt\/produktas\/veidrodziu-zmogus\/#primaryimage\"},\"thumbnailUrl\":\"https:\/\/skaitytaknyga.lt\/wp-content\/uploads\/2025\/07\/Veidrodziu-zmogus-1.webp\",\"datePublished\":\"2025-07-23T08:59:03+00:00\",\"dateModified\":\"2026-03-05T08:35:39+00:00\",\"description\":\"Jei liudininkas i\u0161tars nors \u017eod\u012f, nekalti \u017emon\u0117s mirs... Daugiau nei 15 milijon\u0173 egzempliori\u0173 knyg\u0173 detektyvo Jono Linos serijoje pardav\u0119s \u0161ved\u0173 detektyvo\",\"breadcrumb\":{\"@id\":\"https:\/\/skaitytaknyga.lt\/produktas\/veidrodziu-zmogus\/#breadcrumb\"},\"inLanguage\":\"en-GB\",\"potentialAction\":[{\"@type\":\"ReadAction\",\"target\":[\"https:\/\/skaitytaknyga.lt\/produktas\/veidrodziu-zmogus\/\"]}]},{\"@type\":\"ImageObject\",\"inLanguage\":\"en-GB\",\"@id\":\"https:\/\/skaitytaknyga.lt\/produktas\/veidrodziu-zmogus\/#primaryimage\",\"url\":\"https:\/\/skaitytaknyga.lt\/wp-content\/uploads\/2025\/07\/Veidrodziu-zmogus-1.webp\",\"contentUrl\":\"https:\/\/skaitytaknyga.lt\/wp-content\/uploads\/2025\/07\/Veidrodziu-zmogus-1.webp\",\"width\":465,\"height\":675},{\"@type\":\"BreadcrumbList\",\"@id\":\"https:\/\/skaitytaknyga.lt\/produktas\/veidrodziu-zmogus\/#breadcrumb\",\"itemListElement\":[{\"@type\":\"ListItem\",\"position\":1,\"name\":\"Home\",\"item\":\"https:\/\/skaitytaknyga.lt\/\"},{\"@type\":\"ListItem\",\"position\":2,\"name\":\"Parduotuv\u0117\",\"item\":\"https:\/\/skaitytaknyga.lt\/knygu-parduotuve\/\"},{\"@type\":\"ListItem\",\"position\":3,\"name\":\"Veidrod\u017ei\u0173 \u017emogus\"}]},{\"@type\":\"WebSite\",\"@id\":\"https:\/\/skaitytaknyga.lt\/#website\",\"url\":\"https:\/\/skaitytaknyga.lt\/\",\"name\":\"skaitytaknyga.lt\",\"description\":\"Skaitytaknyga.lt \u2013 tai ma\u017eas \u0161eimos verslas, kuris prasid\u0117jo nuo meil\u0117s knygoms ir siekio i\u0161gelb\u0117ti knygas nuo likimo prie konteinerio. Kas vienam nereikalingas daiktas \u2013 kitam lobis, o mes esame tarpininkai, kurie padeda abiems tapti laimingesniems ???? \u017dinome kaip nelengva i\u0161gyventi ma\u017eiems verslams, tad nuo \u0161iol, \u010dia rasite ir kit\u0173, ma\u017e\u0173 \u0161eim\u0173 versl\u0173, rank\u0173 darbo, dovan\u0173 sau ir artimiesiems.\",\"publisher\":{\"@id\":\"https:\/\/skaitytaknyga.lt\/#organization\"},\"potentialAction\":[{\"@type\":\"SearchAction\",\"target\":{\"@type\":\"EntryPoint\",\"urlTemplate\":\"https:\/\/skaitytaknyga.lt\/?s={search_term_string}\"},\"query-input\":{\"@type\":\"PropertyValueSpecification\",\"valueRequired\":true,\"valueName\":\"search_term_string\"}}],\"inLanguage\":\"en-GB\"},{\"@type\":\"Organization\",\"@id\":\"https:\/\/skaitytaknyga.lt\/#organization\",\"name\":\"skaitytaknyga.lt\",\"url\":\"https:\/\/skaitytaknyga.lt\/\",\"logo\":{\"@type\":\"ImageObject\",\"inLanguage\":\"en-GB\",\"@id\":\"https:\/\/skaitytaknyga.lt\/#\/schema\/logo\/image\/\",\"url\":\"https:\/\/skaitytaknyga.lt\/wp-content\/uploads\/2024\/05\/cropped-cropped-cropped-02_00843_jt3bggkj1j3HLc7SyY6rEUpg.jpeg\",\"contentUrl\":\"https:\/\/skaitytaknyga.lt\/wp-content\/uploads\/2024\/05\/cropped-cropped-cropped-02_00843_jt3bggkj1j3HLc7SyY6rEUpg.jpeg\",\"width\":1600,\"height\":1600,\"caption\":\"skaitytaknyga.lt\"},\"image\":{\"@id\":\"https:\/\/skaitytaknyga.lt\/#\/schema\/logo\/image\/\"},\"sameAs\":[\"https:\/\/www.facebook.com\/skaitytaknyga\/\"]}]}<\/script>\n<!-- \/ Yoast SEO plugin. -->","yoast_head_json":{"title":"Veidrod\u017ei\u0173 \u017emogus","description":"Jei liudininkas i\u0161tars nors \u017eod\u012f, nekalti \u017emon\u0117s mirs... Daugiau nei 15 milijon\u0173 egzempliori\u0173 knyg\u0173 detektyvo Jono Linos serijoje pardav\u0119s \u0161ved\u0173 detektyvo","robots":{"index":"index","follow":"follow","max-snippet":"max-snippet:-1","max-image-preview":"max-image-preview:large","max-video-preview":"max-video-preview:-1"},"canonical":"https:\/\/skaitytaknyga.lt\/en\/produktas\/veidrodziu-zmogus\/","og_locale":"en_GB","og_type":"article","og_title":"[:lt]Veidrod\u017ei\u0173 \u017emogus[:] - Skaitytaknyga","og_description":"Jei liudininkas i\u0161tars nors \u017eod\u012f, nekalti \u017emon\u0117s mirs... Daugiau nei 15 milijon\u0173 egzempliori\u0173 knyg\u0173 detektyvo Jono Linos serijoje pardav\u0119s \u0161ved\u0173 detektyvo","og_url":"https:\/\/skaitytaknyga.lt\/en\/produktas\/veidrodziu-zmogus\/","og_site_name":"Skaitytaknyga","article_publisher":"https:\/\/www.facebook.com\/skaitytaknyga\/","article_modified_time":"2026-03-05T08:35:39+00:00","og_image":[{"width":465,"height":675,"url":"https:\/\/skaitytaknyga.lt\/wp-content\/uploads\/2025\/07\/Veidrodziu-zmogus-1.webp","type":"image\/webp"}],"twitter_card":"summary_large_image","twitter_misc":{"Estimated reading time":"1 minute"},"schema":{"@context":"https:\/\/schema.org","@graph":[{"@type":"WebPage","@id":"https:\/\/skaitytaknyga.lt\/produktas\/veidrodziu-zmogus\/","url":"https:\/\/skaitytaknyga.lt\/produktas\/veidrodziu-zmogus\/","name":"Veidrod\u017ei\u0173 \u017emogus","isPartOf":{"@id":"https:\/\/skaitytaknyga.lt\/#website"},"primaryImageOfPage":{"@id":"https:\/\/skaitytaknyga.lt\/produktas\/veidrodziu-zmogus\/#primaryimage"},"image":{"@id":"https:\/\/skaitytaknyga.lt\/produktas\/veidrodziu-zmogus\/#primaryimage"},"thumbnailUrl":"https:\/\/skaitytaknyga.lt\/wp-content\/uploads\/2025\/07\/Veidrodziu-zmogus-1.webp","datePublished":"2025-07-23T08:59:03+00:00","dateModified":"2026-03-05T08:35:39+00:00","description":"Jei liudininkas i\u0161tars nors \u017eod\u012f, nekalti \u017emon\u0117s mirs... Daugiau nei 15 milijon\u0173 egzempliori\u0173 knyg\u0173 detektyvo Jono Linos serijoje pardav\u0119s \u0161ved\u0173 detektyvo","breadcrumb":{"@id":"https:\/\/skaitytaknyga.lt\/produktas\/veidrodziu-zmogus\/#breadcrumb"},"inLanguage":"en-GB","potentialAction":[{"@type":"ReadAction","target":["https:\/\/skaitytaknyga.lt\/produktas\/veidrodziu-zmogus\/"]}]},{"@type":"ImageObject","inLanguage":"en-GB","@id":"https:\/\/skaitytaknyga.lt\/produktas\/veidrodziu-zmogus\/#primaryimage","url":"https:\/\/skaitytaknyga.lt\/wp-content\/uploads\/2025\/07\/Veidrodziu-zmogus-1.webp","contentUrl":"https:\/\/skaitytaknyga.lt\/wp-content\/uploads\/2025\/07\/Veidrodziu-zmogus-1.webp","width":465,"height":675},{"@type":"BreadcrumbList","@id":"https:\/\/skaitytaknyga.lt\/produktas\/veidrodziu-zmogus\/#breadcrumb","itemListElement":[{"@type":"ListItem","position":1,"name":"Home","item":"https:\/\/skaitytaknyga.lt\/"},{"@type":"ListItem","position":2,"name":"Parduotuv\u0117","item":"https:\/\/skaitytaknyga.lt\/knygu-parduotuve\/"},{"@type":"ListItem","position":3,"name":"Veidrod\u017ei\u0173 \u017emogus"}]},{"@type":"WebSite","@id":"https:\/\/skaitytaknyga.lt\/#website","url":"https:\/\/skaitytaknyga.lt\/","name":"skaitytaknyga.lt","description":"Skaitytaknyga.lt \u2013 tai ma\u017eas \u0161eimos verslas, kuris prasid\u0117jo nuo meil\u0117s knygoms ir siekio i\u0161gelb\u0117ti knygas nuo likimo prie konteinerio. Kas vienam nereikalingas daiktas \u2013 kitam lobis, o mes esame tarpininkai, kurie padeda abiems tapti laimingesniems ???? \u017dinome kaip nelengva i\u0161gyventi ma\u017eiems verslams, tad nuo \u0161iol, \u010dia rasite ir kit\u0173, ma\u017e\u0173 \u0161eim\u0173 versl\u0173, rank\u0173 darbo, dovan\u0173 sau ir artimiesiems.","publisher":{"@id":"https:\/\/skaitytaknyga.lt\/#organization"},"potentialAction":[{"@type":"SearchAction","target":{"@type":"EntryPoint","urlTemplate":"https:\/\/skaitytaknyga.lt\/?s={search_term_string}"},"query-input":{"@type":"PropertyValueSpecification","valueRequired":true,"valueName":"search_term_string"}}],"inLanguage":"en-GB"},{"@type":"Organization","@id":"https:\/\/skaitytaknyga.lt\/#organization","name":"skaitytaknyga.lt","url":"https:\/\/skaitytaknyga.lt\/","logo":{"@type":"ImageObject","inLanguage":"en-GB","@id":"https:\/\/skaitytaknyga.lt\/#\/schema\/logo\/image\/","url":"https:\/\/skaitytaknyga.lt\/wp-content\/uploads\/2024\/05\/cropped-cropped-cropped-02_00843_jt3bggkj1j3HLc7SyY6rEUpg.jpeg","contentUrl":"https:\/\/skaitytaknyga.lt\/wp-content\/uploads\/2024\/05\/cropped-cropped-cropped-02_00843_jt3bggkj1j3HLc7SyY6rEUpg.jpeg","width":1600,"height":1600,"caption":"skaitytaknyga.lt"},"image":{"@id":"https:\/\/skaitytaknyga.lt\/#\/schema\/logo\/image\/"},"sameAs":["https:\/\/www.facebook.com\/skaitytaknyga\/"]}]}},"_links":{"self":[{"href":"https:\/\/skaitytaknyga.lt\/en\/wp-json\/wp\/v2\/product\/19799","targetHints":{"allow":["GET"]}}],"collection":[{"href":"https:\/\/skaitytaknyga.lt\/en\/wp-json\/wp\/v2\/product"}],"about":[{"href":"https:\/\/skaitytaknyga.lt\/en\/wp-json\/wp\/v2\/types\/product"}],"replies":[{"embeddable":true,"href":"https:\/\/skaitytaknyga.lt\/en\/wp-json\/wp\/v2\/comments?post=19799"}],"wp:featuredmedia":[{"embeddable":true,"href":"https:\/\/skaitytaknyga.lt\/en\/wp-json\/wp\/v2\/media\/19804"}],"wp:attachment":[{"href":"https:\/\/skaitytaknyga.lt\/en\/wp-json\/wp\/v2\/media?parent=19799"}],"wp:term":[{"taxonomy":"product_brand","embeddable":true,"href":"https:\/\/skaitytaknyga.lt\/en\/wp-json\/wp\/v2\/product_brand?post=19799"},{"taxonomy":"product_cat","embeddable":true,"href":"https:\/\/skaitytaknyga.lt\/en\/wp-json\/wp\/v2\/product_cat?post=19799"},{"taxonomy":"product_tag","embeddable":true,"href":"https:\/\/skaitytaknyga.lt\/en\/wp-json\/wp\/v2\/product_tag?post=19799"}],"curies":[{"name":"wp","href":"https:\/\/api.w.org\/{rel}","templated":true}]}}