{"id":19798,"date":"2025-07-23T11:59:03","date_gmt":"2025-07-23T08:59:03","guid":{"rendered":"https:\/\/skaitytaknyga.lt\/?post_type=product&#038;p=19798"},"modified":"2026-03-05T13:11:54","modified_gmt":"2026-03-05T11:11:54","slug":"psichoterapeute","status":"publish","type":"product","link":"https:\/\/skaitytaknyga.lt\/en\/produktas\/psichoterapeute\/","title":{"rendered":"Psichoterapeut\u0117"},"content":{"rendered":"<p>Psichoterapeut\u0117 \u017eino visas J\u016bs\u0173 tamsiausias paslaptis&#8230; Bet \u0161\u012fkart tiesa apie tai, kas nutiko, slypi giliai pa\u010dios psichoterapeut\u0117s galvoje&#8230; Norvegijos literat\u016bros \u017evaig\u017ed\u0117 Helene Flood talentingai ir \u0161iuolaiki\u0161kai sujungia tikrovi\u0161k\u0105 kasdien\u0119 aplink\u0105 su nenumaldom\u0105 \u0161iurp\u0105 kelian\u010dia \u012ftampa bei nerim\u0105 \u017eadinan\u010diomis \u012f\u017evalgomis apie tai, kas gali sl\u0117ptis tamsiausiose m\u016bs\u0173 pas\u0105mon\u0117s kert\u0117se&#8230; Did\u017eiausias pavojus slypi detal\u0117se, o kraupios \u012f\u017evalgos pas\u0117ja \u012ftarimus, kurie priver\u010dia bijoti net savo pa\u010di\u0173 \u0161e\u0161\u0117lio&#8230;<\/p>\n<p>Psichoterapeut\u0117 Sara, atrodyt\u0173, gyvena tradicin\u012f \u0161eimos gyvenim\u0105: kartais pasibara su vyru d\u0117l nebaigto remontuoti namo, d\u0117l nepatenkint\u0173 pacient\u0173, d\u0117l Sigurdo v\u0117lyv\u0173 gr\u012f\u017eim\u0173 namo&#8230; Kol vien\u0105 savaitgal\u012f Sara balso pa\u0161te randa vyro \u017einut\u0119, kad jis su draugais i\u0161vyko \u012f kaln\u0173 trobel\u0119. Ta\u010diau trobel\u0117je vyras nepasirodo. Sigurdas netik\u0117tai dingsta, palik\u0119s \u017emonai daugyb\u0119 ne\u012fmint\u0173 m\u012fsli\u0173.<\/p>\n<p>Tamsi, \u012ftraukianti ir pilna sud\u0117ting\u0173 pos\u016bki\u0173 istorija. Helene Flood yra nuostabi pasakotoja. Jos \u201ePsichoterapeut\u0117&#8221; vert\u0117 mane sp\u0117lioti iki pat paskutinio siu\u017eeto vingio.<\/p>\n<p>\u2013 Chrisas Whitakeris, brit\u0173 ra\u0161ytojas, kriminalini\u0173 bestseleri\u0173 autorius<\/p>\n<p>Sara stengiasi nepal\u016b\u017eti: konsultuoja pacientus, bando i\u0161siai\u0161kinti slap\u010diausias j\u0173 baimes, kol galiausiai suvokia, kad jos pa\u010dios pas\u0105mon\u0117je t\u016bno daugyb\u0117 vaiduokli\u0173. Apie Sigurdo dingim\u0105 Sara prane\u0161a policijai, o netrukus surandamas vyro lavonas. Policija imasi tyrimo ir susidomi, kod\u0117l \u017emona i\u0161tryn\u0117 Sigurdo balso \u017einut\u0119?..<\/p>\n<p>Nepasitik\u0117dama policija, Sara pati imasi ai\u0161kintis Sigurdo mirties aplinkybes \u2013 tai priver\u010dia j\u0105 suabejoti viskuo, k\u0105 iki \u0161iol \u017einojo apie savo santuok\u0105&#8230;<\/p>\n","protected":false},"excerpt":{"rendered":"<p>Psichoterapeut\u0117 \u017eino visas J\u016bs\u0173 tamsiausias paslaptis&#8230; Bet \u0161\u012fkart tiesa apie tai, kas nutiko, slypi giliai pa\u010dios psichoterapeut\u0117s galvoje&#8230; Norvegijos literat\u016bros \u017evaig\u017ed\u0117 Helene Flood talentingai ir \u0161iuolaiki\u0161kai sujungia tikrovi\u0161k\u0105 kasdien\u0119 aplink\u0105 su nenumaldom\u0105 \u0161iurp\u0105 kelian\u010dia \u012ftampa bei nerim\u0105 \u017eadinan\u010diomis \u012f\u017evalgomis apie tai, kas gali sl\u0117ptis tamsiausiose m\u016bs\u0173 pas\u0105mon\u0117s kert\u0117se&#8230; Did\u017eiausias pavojus slypi detal\u0117se, o kraupios \u012f\u017evalgos pas\u0117ja \u012ftarimus, kurie priver\u010dia bijoti net savo pa\u010di\u0173 \u0161e\u0161\u0117lio&#8230; Psichoterapeut\u0117 Sara, atrodyt\u0173, gyvena tradicin\u012f \u0161eimos gyvenim\u0105: kartais pasibara su vyru d\u0117l nebaigto remontuoti namo, d\u0117l nepatenkint\u0173 pacient\u0173, d\u0117l Sigurdo v\u0117lyv\u0173 gr\u012f\u017eim\u0173 namo&#8230; Kol vien\u0105 savaitgal\u012f Sara balso pa\u0161te randa vyro \u017einut\u0119, kad jis su draugais i\u0161vyko \u012f kaln\u0173 trobel\u0119. Ta\u010diau trobel\u0117je vyras nepasirodo. Sigurdas netik\u0117tai dingsta, palik\u0119s \u017emonai daugyb\u0119 ne\u012fmint\u0173 m\u012fsli\u0173. Tamsi, \u012ftraukianti ir pilna sud\u0117ting\u0173 pos\u016bki\u0173 istorija. Helene Flood yra nuostabi pasakotoja. Jos \u201ePsichoterapeut\u0117&#8221; vert\u0117 mane sp\u0117lioti iki pat paskutinio siu\u017eeto vingio. \u2013 Chrisas Whitakeris, brit\u0173 ra\u0161ytojas, kriminalini\u0173 bestseleri\u0173 autorius Sara stengiasi nepal\u016b\u017eti: konsultuoja pacientus, bando i\u0161siai\u0161kinti slap\u010diausias j\u0173 baimes, kol galiausiai suvokia, kad jos pa\u010dios pas\u0105mon\u0117je t\u016bno daugyb\u0117 vaiduokli\u0173. Apie Sigurdo dingim\u0105 Sara prane\u0161a policijai, o netrukus surandamas vyro lavonas. Policija imasi tyrimo ir susidomi, kod\u0117l \u017emona i\u0161tryn\u0117 Sigurdo balso \u017einut\u0119?.. Nepasitik\u0117dama policija, Sara pati imasi ai\u0161kintis Sigurdo mirties aplinkybes \u2013 tai priver\u010dia j\u0105 suabejoti viskuo, k\u0105 iki \u0161iol \u017einojo apie savo santuok\u0105&#8230;<\/p>\n","protected":false},"featured_media":19803,"comment_status":"open","ping_status":"closed","template":"","meta":{"_acf_changed":false,"site-sidebar-layout":"default","site-content-layout":"","ast-site-content-layout":"default","site-content-style":"default","site-sidebar-style":"default","ast-global-header-display":"","ast-banner-title-visibility":"","ast-main-header-display":"","ast-hfb-above-header-display":"","ast-hfb-below-header-display":"","ast-hfb-mobile-header-display":"","site-post-title":"","ast-breadcrumbs-content":"","ast-featured-img":"","footer-sml-layout":"","ast-disable-related-posts":"","theme-transparent-header-meta":"","adv-header-id-meta":"","stick-header-meta":"","header-above-stick-meta":"","header-main-stick-meta":"","header-below-stick-meta":"","astra-migrate-meta-layouts":"default","ast-page-background-enabled":"default","ast-page-background-meta":{"desktop":{"background-color":"","background-image":"","background-repeat":"repeat","background-position":"center center","background-size":"auto","background-attachment":"scroll","background-type":"","background-media":"","overlay-type":"","overlay-color":"","overlay-opacity":"","overlay-gradient":""},"tablet":{"background-color":"","background-image":"","background-repeat":"repeat","background-position":"center center","background-size":"auto","background-attachment":"scroll","background-type":"","background-media":"","overlay-type":"","overlay-color":"","overlay-opacity":"","overlay-gradient":""},"mobile":{"background-color":"","background-image":"","background-repeat":"repeat","background-position":"center center","background-size":"auto","background-attachment":"scroll","background-type":"","background-media":"","overlay-type":"","overlay-color":"","overlay-opacity":"","overlay-gradient":""}},"ast-content-background-meta":{"desktop":{"background-color":"var(--ast-global-color-4)","background-image":"","background-repeat":"repeat","background-position":"center center","background-size":"auto","background-attachment":"scroll","background-type":"","background-media":"","overlay-type":"","overlay-color":"","overlay-opacity":"","overlay-gradient":""},"tablet":{"background-color":"var(--ast-global-color-4)","background-image":"","background-repeat":"repeat","background-position":"center center","background-size":"auto","background-attachment":"scroll","background-type":"","background-media":"","overlay-type":"","overlay-color":"","overlay-opacity":"","overlay-gradient":""},"mobile":{"background-color":"var(--ast-global-color-4)","background-image":"","background-repeat":"repeat","background-position":"center center","background-size":"auto","background-attachment":"scroll","background-type":"","background-media":"","overlay-type":"","overlay-color":"","overlay-opacity":"","overlay-gradient":""}}},"product_brand":[],"product_cat":[9580],"product_tag":[6650,6699,2504,2155,2745],"class_list":{"0":"post-19798","1":"product","2":"type-product","3":"status-publish","4":"has-post-thumbnail","6":"product_cat-psichologiniai-detektyvai","7":"product_tag-dingimas","8":"product_tag-helene-flood","9":"product_tag-pasamone","10":"product_tag-psichologinis-trileris","11":"product_tag-santuoka","12":"desktop-align-left","13":"tablet-align-left","14":"mobile-align-left","16":"first","17":"instock","18":"shipping-taxable","19":"purchasable","20":"product-type-simple"},"acf":[],"yoast_head":"<!-- This site is optimized with the Yoast SEO plugin v27.0 - https:\/\/yoast.com\/product\/yoast-seo-wordpress\/ -->\n<title>Psichoterapeut\u0117<\/title>\n<meta name=\"description\" content=\"Psichoterapeut\u0117 \u017eino visas J\u016bs\u0173 tamsiausias paslaptis... Bet \u0161\u012fkart tiesa apie tai, kas nutiko, slypi giliai pa\u010dios psichoterapeut\u0117s galvoje... Norvegijos\" \/>\n<meta name=\"robots\" content=\"index, follow, max-snippet:-1, max-image-preview:large, max-video-preview:-1\" \/>\n<link rel=\"canonical\" href=\"https:\/\/skaitytaknyga.lt\/en\/produktas\/psichoterapeute\/\" \/>\n<meta property=\"og:locale\" content=\"en_GB\" \/>\n<meta property=\"og:locale:alternate\" content=\"lt_LT\" \/>\n<meta property=\"og:type\" content=\"article\" \/>\n<meta property=\"og:title\" content=\"Psichoterapeut\u0117\" \/>\n<meta property=\"og:description\" content=\"Psichoterapeut\u0117 \u017eino visas J\u016bs\u0173 tamsiausias paslaptis... Bet \u0161\u012fkart tiesa apie tai, kas nutiko, slypi giliai pa\u010dios psichoterapeut\u0117s galvoje... Norvegijos\" \/>\n<meta property=\"og:url\" content=\"https:\/\/skaitytaknyga.lt\/en\/produktas\/psichoterapeute\/\" \/>\n<meta property=\"og:site_name\" content=\"Skaitytaknyga\" \/>\n<meta property=\"article:publisher\" content=\"https:\/\/www.facebook.com\/skaitytaknyga\/\" \/>\n<meta property=\"article:modified_time\" content=\"2026-03-05T11:11:54+00:00\" \/>\n<meta property=\"og:image\" content=\"https:\/\/skaitytaknyga.lt\/wp-content\/uploads\/2025\/07\/Psichoterapeute-2.webp\" \/>\n\t<meta property=\"og:image:width\" content=\"464\" \/>\n\t<meta property=\"og:image:height\" content=\"678\" \/>\n\t<meta property=\"og:image:type\" content=\"image\/webp\" \/>\n<meta name=\"twitter:card\" content=\"summary_large_image\" \/>\n<meta name=\"twitter:label1\" content=\"Estimated reading time\" \/>\n\t<meta name=\"twitter:data1\" content=\"1 minute\" \/>\n<script type=\"application\/ld+json\" class=\"yoast-schema-graph\">{\"@context\":\"https:\/\/schema.org\",\"@graph\":[{\"@type\":\"WebPage\",\"@id\":\"https:\/\/skaitytaknyga.lt\/produktas\/psichoterapeute\/\",\"url\":\"https:\/\/skaitytaknyga.lt\/produktas\/psichoterapeute\/\",\"name\":\"Psichoterapeut\u0117\",\"isPartOf\":{\"@id\":\"https:\/\/skaitytaknyga.lt\/#website\"},\"primaryImageOfPage\":{\"@id\":\"https:\/\/skaitytaknyga.lt\/produktas\/psichoterapeute\/#primaryimage\"},\"image\":{\"@id\":\"https:\/\/skaitytaknyga.lt\/produktas\/psichoterapeute\/#primaryimage\"},\"thumbnailUrl\":\"https:\/\/skaitytaknyga.lt\/wp-content\/uploads\/2025\/07\/Psichoterapeute-2.webp\",\"datePublished\":\"2025-07-23T08:59:03+00:00\",\"dateModified\":\"2026-03-05T11:11:54+00:00\",\"description\":\"Psichoterapeut\u0117 \u017eino visas J\u016bs\u0173 tamsiausias paslaptis... Bet \u0161\u012fkart tiesa apie tai, kas nutiko, slypi giliai pa\u010dios psichoterapeut\u0117s galvoje... Norvegijos\",\"breadcrumb\":{\"@id\":\"https:\/\/skaitytaknyga.lt\/produktas\/psichoterapeute\/#breadcrumb\"},\"inLanguage\":\"en-GB\",\"potentialAction\":[{\"@type\":\"ReadAction\",\"target\":[\"https:\/\/skaitytaknyga.lt\/produktas\/psichoterapeute\/\"]}]},{\"@type\":\"ImageObject\",\"inLanguage\":\"en-GB\",\"@id\":\"https:\/\/skaitytaknyga.lt\/produktas\/psichoterapeute\/#primaryimage\",\"url\":\"https:\/\/skaitytaknyga.lt\/wp-content\/uploads\/2025\/07\/Psichoterapeute-2.webp\",\"contentUrl\":\"https:\/\/skaitytaknyga.lt\/wp-content\/uploads\/2025\/07\/Psichoterapeute-2.webp\",\"width\":464,\"height\":678,\"caption\":\"Psichoterapeut\u0117\"},{\"@type\":\"BreadcrumbList\",\"@id\":\"https:\/\/skaitytaknyga.lt\/produktas\/psichoterapeute\/#breadcrumb\",\"itemListElement\":[{\"@type\":\"ListItem\",\"position\":1,\"name\":\"Home\",\"item\":\"https:\/\/skaitytaknyga.lt\/\"},{\"@type\":\"ListItem\",\"position\":2,\"name\":\"Parduotuv\u0117\",\"item\":\"https:\/\/skaitytaknyga.lt\/knygu-parduotuve\/\"},{\"@type\":\"ListItem\",\"position\":3,\"name\":\"Psichoterapeut\u0117\"}]},{\"@type\":\"WebSite\",\"@id\":\"https:\/\/skaitytaknyga.lt\/#website\",\"url\":\"https:\/\/skaitytaknyga.lt\/\",\"name\":\"skaitytaknyga.lt\",\"description\":\"Skaitytaknyga.lt \u2013 tai ma\u017eas \u0161eimos verslas, kuris prasid\u0117jo nuo meil\u0117s knygoms ir siekio i\u0161gelb\u0117ti knygas nuo likimo prie konteinerio. Kas vienam nereikalingas daiktas \u2013 kitam lobis, o mes esame tarpininkai, kurie padeda abiems tapti laimingesniems ???? \u017dinome kaip nelengva i\u0161gyventi ma\u017eiems verslams, tad nuo \u0161iol, \u010dia rasite ir kit\u0173, ma\u017e\u0173 \u0161eim\u0173 versl\u0173, rank\u0173 darbo, dovan\u0173 sau ir artimiesiems.\",\"publisher\":{\"@id\":\"https:\/\/skaitytaknyga.lt\/#organization\"},\"potentialAction\":[{\"@type\":\"SearchAction\",\"target\":{\"@type\":\"EntryPoint\",\"urlTemplate\":\"https:\/\/skaitytaknyga.lt\/?s={search_term_string}\"},\"query-input\":{\"@type\":\"PropertyValueSpecification\",\"valueRequired\":true,\"valueName\":\"search_term_string\"}}],\"inLanguage\":\"en-GB\"},{\"@type\":\"Organization\",\"@id\":\"https:\/\/skaitytaknyga.lt\/#organization\",\"name\":\"skaitytaknyga.lt\",\"url\":\"https:\/\/skaitytaknyga.lt\/\",\"logo\":{\"@type\":\"ImageObject\",\"inLanguage\":\"en-GB\",\"@id\":\"https:\/\/skaitytaknyga.lt\/#\/schema\/logo\/image\/\",\"url\":\"https:\/\/skaitytaknyga.lt\/wp-content\/uploads\/2024\/05\/cropped-cropped-cropped-02_00843_jt3bggkj1j3HLc7SyY6rEUpg.jpeg\",\"contentUrl\":\"https:\/\/skaitytaknyga.lt\/wp-content\/uploads\/2024\/05\/cropped-cropped-cropped-02_00843_jt3bggkj1j3HLc7SyY6rEUpg.jpeg\",\"width\":1600,\"height\":1600,\"caption\":\"skaitytaknyga.lt\"},\"image\":{\"@id\":\"https:\/\/skaitytaknyga.lt\/#\/schema\/logo\/image\/\"},\"sameAs\":[\"https:\/\/www.facebook.com\/skaitytaknyga\/\"]}]}<\/script>\n<!-- \/ Yoast SEO plugin. -->","yoast_head_json":{"title":"Psichoterapeut\u0117","description":"Psichoterapeut\u0117 \u017eino visas J\u016bs\u0173 tamsiausias paslaptis... Bet \u0161\u012fkart tiesa apie tai, kas nutiko, slypi giliai pa\u010dios psichoterapeut\u0117s galvoje... Norvegijos","robots":{"index":"index","follow":"follow","max-snippet":"max-snippet:-1","max-image-preview":"max-image-preview:large","max-video-preview":"max-video-preview:-1"},"canonical":"https:\/\/skaitytaknyga.lt\/en\/produktas\/psichoterapeute\/","og_locale":"en_GB","og_type":"article","og_title":"[:lt]Psichoterapeut\u0117[:] - Skaitytaknyga","og_description":"Psichoterapeut\u0117 \u017eino visas J\u016bs\u0173 tamsiausias paslaptis... Bet \u0161\u012fkart tiesa apie tai, kas nutiko, slypi giliai pa\u010dios psichoterapeut\u0117s galvoje... Norvegijos","og_url":"https:\/\/skaitytaknyga.lt\/en\/produktas\/psichoterapeute\/","og_site_name":"Skaitytaknyga","article_publisher":"https:\/\/www.facebook.com\/skaitytaknyga\/","article_modified_time":"2026-03-05T11:11:54+00:00","og_image":[{"width":464,"height":678,"url":"https:\/\/skaitytaknyga.lt\/wp-content\/uploads\/2025\/07\/Psichoterapeute-2.webp","type":"image\/webp"}],"twitter_card":"summary_large_image","twitter_misc":{"Estimated reading time":"1 minute"},"schema":{"@context":"https:\/\/schema.org","@graph":[{"@type":"WebPage","@id":"https:\/\/skaitytaknyga.lt\/produktas\/psichoterapeute\/","url":"https:\/\/skaitytaknyga.lt\/produktas\/psichoterapeute\/","name":"Psichoterapeut\u0117","isPartOf":{"@id":"https:\/\/skaitytaknyga.lt\/#website"},"primaryImageOfPage":{"@id":"https:\/\/skaitytaknyga.lt\/produktas\/psichoterapeute\/#primaryimage"},"image":{"@id":"https:\/\/skaitytaknyga.lt\/produktas\/psichoterapeute\/#primaryimage"},"thumbnailUrl":"https:\/\/skaitytaknyga.lt\/wp-content\/uploads\/2025\/07\/Psichoterapeute-2.webp","datePublished":"2025-07-23T08:59:03+00:00","dateModified":"2026-03-05T11:11:54+00:00","description":"Psichoterapeut\u0117 \u017eino visas J\u016bs\u0173 tamsiausias paslaptis... Bet \u0161\u012fkart tiesa apie tai, kas nutiko, slypi giliai pa\u010dios psichoterapeut\u0117s galvoje... Norvegijos","breadcrumb":{"@id":"https:\/\/skaitytaknyga.lt\/produktas\/psichoterapeute\/#breadcrumb"},"inLanguage":"en-GB","potentialAction":[{"@type":"ReadAction","target":["https:\/\/skaitytaknyga.lt\/produktas\/psichoterapeute\/"]}]},{"@type":"ImageObject","inLanguage":"en-GB","@id":"https:\/\/skaitytaknyga.lt\/produktas\/psichoterapeute\/#primaryimage","url":"https:\/\/skaitytaknyga.lt\/wp-content\/uploads\/2025\/07\/Psichoterapeute-2.webp","contentUrl":"https:\/\/skaitytaknyga.lt\/wp-content\/uploads\/2025\/07\/Psichoterapeute-2.webp","width":464,"height":678,"caption":"Psichoterapeut\u0117"},{"@type":"BreadcrumbList","@id":"https:\/\/skaitytaknyga.lt\/produktas\/psichoterapeute\/#breadcrumb","itemListElement":[{"@type":"ListItem","position":1,"name":"Home","item":"https:\/\/skaitytaknyga.lt\/"},{"@type":"ListItem","position":2,"name":"Parduotuv\u0117","item":"https:\/\/skaitytaknyga.lt\/knygu-parduotuve\/"},{"@type":"ListItem","position":3,"name":"Psichoterapeut\u0117"}]},{"@type":"WebSite","@id":"https:\/\/skaitytaknyga.lt\/#website","url":"https:\/\/skaitytaknyga.lt\/","name":"skaitytaknyga.lt","description":"Skaitytaknyga.lt \u2013 tai ma\u017eas \u0161eimos verslas, kuris prasid\u0117jo nuo meil\u0117s knygoms ir siekio i\u0161gelb\u0117ti knygas nuo likimo prie konteinerio. Kas vienam nereikalingas daiktas \u2013 kitam lobis, o mes esame tarpininkai, kurie padeda abiems tapti laimingesniems ???? \u017dinome kaip nelengva i\u0161gyventi ma\u017eiems verslams, tad nuo \u0161iol, \u010dia rasite ir kit\u0173, ma\u017e\u0173 \u0161eim\u0173 versl\u0173, rank\u0173 darbo, dovan\u0173 sau ir artimiesiems.","publisher":{"@id":"https:\/\/skaitytaknyga.lt\/#organization"},"potentialAction":[{"@type":"SearchAction","target":{"@type":"EntryPoint","urlTemplate":"https:\/\/skaitytaknyga.lt\/?s={search_term_string}"},"query-input":{"@type":"PropertyValueSpecification","valueRequired":true,"valueName":"search_term_string"}}],"inLanguage":"en-GB"},{"@type":"Organization","@id":"https:\/\/skaitytaknyga.lt\/#organization","name":"skaitytaknyga.lt","url":"https:\/\/skaitytaknyga.lt\/","logo":{"@type":"ImageObject","inLanguage":"en-GB","@id":"https:\/\/skaitytaknyga.lt\/#\/schema\/logo\/image\/","url":"https:\/\/skaitytaknyga.lt\/wp-content\/uploads\/2024\/05\/cropped-cropped-cropped-02_00843_jt3bggkj1j3HLc7SyY6rEUpg.jpeg","contentUrl":"https:\/\/skaitytaknyga.lt\/wp-content\/uploads\/2024\/05\/cropped-cropped-cropped-02_00843_jt3bggkj1j3HLc7SyY6rEUpg.jpeg","width":1600,"height":1600,"caption":"skaitytaknyga.lt"},"image":{"@id":"https:\/\/skaitytaknyga.lt\/#\/schema\/logo\/image\/"},"sameAs":["https:\/\/www.facebook.com\/skaitytaknyga\/"]}]}},"_links":{"self":[{"href":"https:\/\/skaitytaknyga.lt\/en\/wp-json\/wp\/v2\/product\/19798","targetHints":{"allow":["GET"]}}],"collection":[{"href":"https:\/\/skaitytaknyga.lt\/en\/wp-json\/wp\/v2\/product"}],"about":[{"href":"https:\/\/skaitytaknyga.lt\/en\/wp-json\/wp\/v2\/types\/product"}],"replies":[{"embeddable":true,"href":"https:\/\/skaitytaknyga.lt\/en\/wp-json\/wp\/v2\/comments?post=19798"}],"wp:featuredmedia":[{"embeddable":true,"href":"https:\/\/skaitytaknyga.lt\/en\/wp-json\/wp\/v2\/media\/19803"}],"wp:attachment":[{"href":"https:\/\/skaitytaknyga.lt\/en\/wp-json\/wp\/v2\/media?parent=19798"}],"wp:term":[{"taxonomy":"product_brand","embeddable":true,"href":"https:\/\/skaitytaknyga.lt\/en\/wp-json\/wp\/v2\/product_brand?post=19798"},{"taxonomy":"product_cat","embeddable":true,"href":"https:\/\/skaitytaknyga.lt\/en\/wp-json\/wp\/v2\/product_cat?post=19798"},{"taxonomy":"product_tag","embeddable":true,"href":"https:\/\/skaitytaknyga.lt\/en\/wp-json\/wp\/v2\/product_tag?post=19798"}],"curies":[{"name":"wp","href":"https:\/\/api.w.org\/{rel}","templated":true}]}}