{"id":19797,"date":"2025-07-23T11:59:03","date_gmt":"2025-07-23T08:59:03","guid":{"rendered":"https:\/\/skaitytaknyga.lt\/?post_type=product&#038;p=19797"},"modified":"2026-03-05T13:11:42","modified_gmt":"2026-03-05T11:11:42","slug":"sutrupinti-kaulai","status":"publish","type":"product","link":"https:\/\/skaitytaknyga.lt\/en\/produktas\/sutrupinti-kaulai\/","title":{"rendered":"Sutrupinti kaulai"},"content":{"rendered":"<p>Dar vienas apdovanojimais \u012fvertinto ra\u0161ytojo Stuarto MacBride&#8217;o bestseleris. Septintasis trileris apie kriminalist\u0105 ser\u017eant\u0105 Logan\u0105 Makr\u0117j\u0173 \u2013 \u012ftraukianti ir iki paskutinio puslapio nepaleid\u017eianti knyga, kurioje \u0161lov\u0117 ir pinigai susiduria su nusikaltimu ir bausme.<\/p>\n<p>Joki\u0173 \u012ftariam\u0173j\u0173. Joki\u0173 \u012fkal\u010di\u0173. Jokio atokv\u0117pio pareig\u016bnams.<\/p>\n<p>\u201eJei norite, kad Elison ir D\u017een\u0117 Makgregor saugiai gr\u012f\u017et\u0173 namo, surinksite pinig\u0173. Jei per keturiolika dien\u0173 surinksite j\u0173 pakankamai, jos bus paleistos. Jei ne, D\u017een\u0117 bus nu\u017eudyta.&#8221;<\/p>\n<p>I\u0161 Aberdyno kilusios motina ir dukra patenka \u012f muzikinio televizijos \u0161ou \u201eKylanti Britanijos \u017evaig\u017ed\u0117&#8221; pusfinal\u012f. J\u0173 televizin\u0117 svajon\u0117 netrukus tampa pa\u010diu tikriausiu ko\u0161maru.<\/p>\n<p>Per laikra\u0161\u010dius, televizij\u0105 ir internet\u0105 imama reikalauti i\u0161pirkos, skelbiama, kad visuomenei teks papurtyti ki\u0161enes, jei nori i\u0161gelb\u0117ti Elison ir D\u017een\u0119.<\/p>\n<p>Laikas senka, bet kriminalistas ser\u017eantas Loganas Makr\u0117jus ir jo kolegos neturi u\u017e ko u\u017esikabinti: pagrob\u0117jai nepalieka n\u0117 menkiausio \u012fkal\u010dio, n\u0117ra joki\u0173 liudinink\u0173.<\/p>\n<p>Pana\u0161u, kad \u0161lov\u0117s kaina tampa vis didesn\u0117&#8230;<\/p>\n","protected":false},"excerpt":{"rendered":"<p>Dar vienas apdovanojimais \u012fvertinto ra\u0161ytojo Stuarto MacBride&#8217;o bestseleris. Septintasis trileris apie kriminalist\u0105 ser\u017eant\u0105 Logan\u0105 Makr\u0117j\u0173 \u2013 \u012ftraukianti ir iki paskutinio puslapio nepaleid\u017eianti knyga, kurioje \u0161lov\u0117 ir pinigai susiduria su nusikaltimu ir bausme. Joki\u0173 \u012ftariam\u0173j\u0173. Joki\u0173 \u012fkal\u010di\u0173. Jokio atokv\u0117pio pareig\u016bnams. \u201eJei norite, kad Elison ir D\u017een\u0117 Makgregor saugiai gr\u012f\u017et\u0173 namo, surinksite pinig\u0173. Jei per keturiolika dien\u0173 surinksite j\u0173 pakankamai, jos bus paleistos. Jei ne, D\u017een\u0117 bus nu\u017eudyta.&#8221; I\u0161 Aberdyno kilusios motina ir dukra patenka \u012f muzikinio televizijos \u0161ou \u201eKylanti Britanijos \u017evaig\u017ed\u0117&#8221; pusfinal\u012f. J\u0173 televizin\u0117 svajon\u0117 netrukus tampa pa\u010diu tikriausiu ko\u0161maru. Per laikra\u0161\u010dius, televizij\u0105 ir internet\u0105 imama reikalauti i\u0161pirkos, skelbiama, kad visuomenei teks papurtyti ki\u0161enes, jei nori i\u0161gelb\u0117ti Elison ir D\u017een\u0119. Laikas senka, bet kriminalistas ser\u017eantas Loganas Makr\u0117jus ir jo kolegos neturi u\u017e ko u\u017esikabinti: pagrob\u0117jai nepalieka n\u0117 menkiausio \u012fkal\u010dio, n\u0117ra joki\u0173 liudinink\u0173. Pana\u0161u, kad \u0161lov\u0117s kaina tampa vis didesn\u0117&#8230;<\/p>\n","protected":false},"featured_media":19802,"comment_status":"open","ping_status":"closed","template":"","meta":{"_acf_changed":false,"site-sidebar-layout":"default","site-content-layout":"","ast-site-content-layout":"default","site-content-style":"default","site-sidebar-style":"default","ast-global-header-display":"","ast-banner-title-visibility":"","ast-main-header-display":"","ast-hfb-above-header-display":"","ast-hfb-below-header-display":"","ast-hfb-mobile-header-display":"","site-post-title":"","ast-breadcrumbs-content":"","ast-featured-img":"","footer-sml-layout":"","ast-disable-related-posts":"","theme-transparent-header-meta":"","adv-header-id-meta":"","stick-header-meta":"","header-above-stick-meta":"","header-main-stick-meta":"","header-below-stick-meta":"","astra-migrate-meta-layouts":"default","ast-page-background-enabled":"default","ast-page-background-meta":{"desktop":{"background-color":"","background-image":"","background-repeat":"repeat","background-position":"center center","background-size":"auto","background-attachment":"scroll","background-type":"","background-media":"","overlay-type":"","overlay-color":"","overlay-opacity":"","overlay-gradient":""},"tablet":{"background-color":"","background-image":"","background-repeat":"repeat","background-position":"center center","background-size":"auto","background-attachment":"scroll","background-type":"","background-media":"","overlay-type":"","overlay-color":"","overlay-opacity":"","overlay-gradient":""},"mobile":{"background-color":"","background-image":"","background-repeat":"repeat","background-position":"center center","background-size":"auto","background-attachment":"scroll","background-type":"","background-media":"","overlay-type":"","overlay-color":"","overlay-opacity":"","overlay-gradient":""}},"ast-content-background-meta":{"desktop":{"background-color":"var(--ast-global-color-4)","background-image":"","background-repeat":"repeat","background-position":"center center","background-size":"auto","background-attachment":"scroll","background-type":"","background-media":"","overlay-type":"","overlay-color":"","overlay-opacity":"","overlay-gradient":""},"tablet":{"background-color":"var(--ast-global-color-4)","background-image":"","background-repeat":"repeat","background-position":"center center","background-size":"auto","background-attachment":"scroll","background-type":"","background-media":"","overlay-type":"","overlay-color":"","overlay-opacity":"","overlay-gradient":""},"mobile":{"background-color":"var(--ast-global-color-4)","background-image":"","background-repeat":"repeat","background-position":"center center","background-size":"auto","background-attachment":"scroll","background-type":"","background-media":"","overlay-type":"","overlay-color":"","overlay-opacity":"","overlay-gradient":""}}},"product_brand":[],"product_cat":[9581],"product_tag":[1476,2312,6656,6697,6698],"class_list":{"0":"post-19797","1":"product","2":"type-product","3":"status-publish","4":"has-post-thumbnail","6":"product_cat-kriminaliniai-romanai","7":"product_tag-detektyvas","8":"product_tag-nusikaltimas","9":"product_tag-pagrobimas","10":"product_tag-santazas","11":"product_tag-televizija","12":"desktop-align-left","13":"tablet-align-left","14":"mobile-align-left","16":"first","17":"instock","18":"shipping-taxable","19":"purchasable","20":"product-type-simple"},"acf":[],"yoast_head":"<!-- This site is optimized with the Yoast SEO plugin v27.0 - https:\/\/yoast.com\/product\/yoast-seo-wordpress\/ -->\n<title>Sutrupinti kaulai<\/title>\n<meta name=\"description\" content=\"Dar vienas apdovanojimais \u012fvertinto ra\u0161ytojo Stuarto MacBride&#039;o bestseleris. Septintasis trileris apie kriminalist\u0105 ser\u017eant\u0105 Logan\u0105 Makr\u0117j\u0173 \u2013 \u012ftraukianti\" \/>\n<meta name=\"robots\" content=\"index, follow, max-snippet:-1, max-image-preview:large, max-video-preview:-1\" \/>\n<link rel=\"canonical\" href=\"https:\/\/skaitytaknyga.lt\/en\/produktas\/sutrupinti-kaulai\/\" \/>\n<meta property=\"og:locale\" content=\"en_GB\" \/>\n<meta property=\"og:locale:alternate\" content=\"lt_LT\" \/>\n<meta property=\"og:type\" content=\"article\" \/>\n<meta property=\"og:title\" content=\"Sutrupinti kaulai\" \/>\n<meta property=\"og:description\" content=\"Dar vienas apdovanojimais \u012fvertinto ra\u0161ytojo Stuarto MacBride&#039;o bestseleris. Septintasis trileris apie kriminalist\u0105 ser\u017eant\u0105 Logan\u0105 Makr\u0117j\u0173 \u2013 \u012ftraukianti\" \/>\n<meta property=\"og:url\" content=\"https:\/\/skaitytaknyga.lt\/en\/produktas\/sutrupinti-kaulai\/\" \/>\n<meta property=\"og:site_name\" content=\"Skaitytaknyga\" \/>\n<meta property=\"article:publisher\" content=\"https:\/\/www.facebook.com\/skaitytaknyga\/\" \/>\n<meta property=\"article:modified_time\" content=\"2026-03-05T11:11:42+00:00\" \/>\n<meta property=\"og:image\" content=\"https:\/\/skaitytaknyga.lt\/wp-content\/uploads\/2025\/07\/Sutrupinti-kaulai-1.webp\" \/>\n\t<meta property=\"og:image:width\" content=\"516\" \/>\n\t<meta property=\"og:image:height\" content=\"766\" \/>\n\t<meta property=\"og:image:type\" content=\"image\/webp\" \/>\n<meta name=\"twitter:card\" content=\"summary_large_image\" \/>\n<meta name=\"twitter:label1\" content=\"Estimated reading time\" \/>\n\t<meta name=\"twitter:data1\" content=\"1 minute\" \/>\n<script type=\"application\/ld+json\" class=\"yoast-schema-graph\">{\"@context\":\"https:\/\/schema.org\",\"@graph\":[{\"@type\":\"WebPage\",\"@id\":\"https:\/\/skaitytaknyga.lt\/produktas\/sutrupinti-kaulai\/\",\"url\":\"https:\/\/skaitytaknyga.lt\/produktas\/sutrupinti-kaulai\/\",\"name\":\"Sutrupinti kaulai\",\"isPartOf\":{\"@id\":\"https:\/\/skaitytaknyga.lt\/#website\"},\"primaryImageOfPage\":{\"@id\":\"https:\/\/skaitytaknyga.lt\/produktas\/sutrupinti-kaulai\/#primaryimage\"},\"image\":{\"@id\":\"https:\/\/skaitytaknyga.lt\/produktas\/sutrupinti-kaulai\/#primaryimage\"},\"thumbnailUrl\":\"https:\/\/skaitytaknyga.lt\/wp-content\/uploads\/2025\/07\/Sutrupinti-kaulai-1.webp\",\"datePublished\":\"2025-07-23T08:59:03+00:00\",\"dateModified\":\"2026-03-05T11:11:42+00:00\",\"description\":\"Dar vienas apdovanojimais \u012fvertinto ra\u0161ytojo Stuarto MacBride'o bestseleris. Septintasis trileris apie kriminalist\u0105 ser\u017eant\u0105 Logan\u0105 Makr\u0117j\u0173 \u2013 \u012ftraukianti\",\"breadcrumb\":{\"@id\":\"https:\/\/skaitytaknyga.lt\/produktas\/sutrupinti-kaulai\/#breadcrumb\"},\"inLanguage\":\"en-GB\",\"potentialAction\":[{\"@type\":\"ReadAction\",\"target\":[\"https:\/\/skaitytaknyga.lt\/produktas\/sutrupinti-kaulai\/\"]}]},{\"@type\":\"ImageObject\",\"inLanguage\":\"en-GB\",\"@id\":\"https:\/\/skaitytaknyga.lt\/produktas\/sutrupinti-kaulai\/#primaryimage\",\"url\":\"https:\/\/skaitytaknyga.lt\/wp-content\/uploads\/2025\/07\/Sutrupinti-kaulai-1.webp\",\"contentUrl\":\"https:\/\/skaitytaknyga.lt\/wp-content\/uploads\/2025\/07\/Sutrupinti-kaulai-1.webp\",\"width\":516,\"height\":766,\"caption\":\"Sutrupinti kaulai\"},{\"@type\":\"BreadcrumbList\",\"@id\":\"https:\/\/skaitytaknyga.lt\/produktas\/sutrupinti-kaulai\/#breadcrumb\",\"itemListElement\":[{\"@type\":\"ListItem\",\"position\":1,\"name\":\"Home\",\"item\":\"https:\/\/skaitytaknyga.lt\/\"},{\"@type\":\"ListItem\",\"position\":2,\"name\":\"Parduotuv\u0117\",\"item\":\"https:\/\/skaitytaknyga.lt\/knygu-parduotuve\/\"},{\"@type\":\"ListItem\",\"position\":3,\"name\":\"Sutrupinti kaulai\"}]},{\"@type\":\"WebSite\",\"@id\":\"https:\/\/skaitytaknyga.lt\/#website\",\"url\":\"https:\/\/skaitytaknyga.lt\/\",\"name\":\"skaitytaknyga.lt\",\"description\":\"Skaitytaknyga.lt \u2013 tai ma\u017eas \u0161eimos verslas, kuris prasid\u0117jo nuo meil\u0117s knygoms ir siekio i\u0161gelb\u0117ti knygas nuo likimo prie konteinerio. Kas vienam nereikalingas daiktas \u2013 kitam lobis, o mes esame tarpininkai, kurie padeda abiems tapti laimingesniems ???? \u017dinome kaip nelengva i\u0161gyventi ma\u017eiems verslams, tad nuo \u0161iol, \u010dia rasite ir kit\u0173, ma\u017e\u0173 \u0161eim\u0173 versl\u0173, rank\u0173 darbo, dovan\u0173 sau ir artimiesiems.\",\"publisher\":{\"@id\":\"https:\/\/skaitytaknyga.lt\/#organization\"},\"potentialAction\":[{\"@type\":\"SearchAction\",\"target\":{\"@type\":\"EntryPoint\",\"urlTemplate\":\"https:\/\/skaitytaknyga.lt\/?s={search_term_string}\"},\"query-input\":{\"@type\":\"PropertyValueSpecification\",\"valueRequired\":true,\"valueName\":\"search_term_string\"}}],\"inLanguage\":\"en-GB\"},{\"@type\":\"Organization\",\"@id\":\"https:\/\/skaitytaknyga.lt\/#organization\",\"name\":\"skaitytaknyga.lt\",\"url\":\"https:\/\/skaitytaknyga.lt\/\",\"logo\":{\"@type\":\"ImageObject\",\"inLanguage\":\"en-GB\",\"@id\":\"https:\/\/skaitytaknyga.lt\/#\/schema\/logo\/image\/\",\"url\":\"https:\/\/skaitytaknyga.lt\/wp-content\/uploads\/2024\/05\/cropped-cropped-cropped-02_00843_jt3bggkj1j3HLc7SyY6rEUpg.jpeg\",\"contentUrl\":\"https:\/\/skaitytaknyga.lt\/wp-content\/uploads\/2024\/05\/cropped-cropped-cropped-02_00843_jt3bggkj1j3HLc7SyY6rEUpg.jpeg\",\"width\":1600,\"height\":1600,\"caption\":\"skaitytaknyga.lt\"},\"image\":{\"@id\":\"https:\/\/skaitytaknyga.lt\/#\/schema\/logo\/image\/\"},\"sameAs\":[\"https:\/\/www.facebook.com\/skaitytaknyga\/\"]}]}<\/script>\n<!-- \/ Yoast SEO plugin. -->","yoast_head_json":{"title":"Sutrupinti kaulai","description":"Dar vienas apdovanojimais \u012fvertinto ra\u0161ytojo Stuarto MacBride'o bestseleris. Septintasis trileris apie kriminalist\u0105 ser\u017eant\u0105 Logan\u0105 Makr\u0117j\u0173 \u2013 \u012ftraukianti","robots":{"index":"index","follow":"follow","max-snippet":"max-snippet:-1","max-image-preview":"max-image-preview:large","max-video-preview":"max-video-preview:-1"},"canonical":"https:\/\/skaitytaknyga.lt\/en\/produktas\/sutrupinti-kaulai\/","og_locale":"en_GB","og_type":"article","og_title":"[:lt]Sutrupinti kaulai[:] - Skaitytaknyga","og_description":"Dar vienas apdovanojimais \u012fvertinto ra\u0161ytojo Stuarto MacBride'o bestseleris. Septintasis trileris apie kriminalist\u0105 ser\u017eant\u0105 Logan\u0105 Makr\u0117j\u0173 \u2013 \u012ftraukianti","og_url":"https:\/\/skaitytaknyga.lt\/en\/produktas\/sutrupinti-kaulai\/","og_site_name":"Skaitytaknyga","article_publisher":"https:\/\/www.facebook.com\/skaitytaknyga\/","article_modified_time":"2026-03-05T11:11:42+00:00","og_image":[{"width":516,"height":766,"url":"https:\/\/skaitytaknyga.lt\/wp-content\/uploads\/2025\/07\/Sutrupinti-kaulai-1.webp","type":"image\/webp"}],"twitter_card":"summary_large_image","twitter_misc":{"Estimated reading time":"1 minute"},"schema":{"@context":"https:\/\/schema.org","@graph":[{"@type":"WebPage","@id":"https:\/\/skaitytaknyga.lt\/produktas\/sutrupinti-kaulai\/","url":"https:\/\/skaitytaknyga.lt\/produktas\/sutrupinti-kaulai\/","name":"Sutrupinti kaulai","isPartOf":{"@id":"https:\/\/skaitytaknyga.lt\/#website"},"primaryImageOfPage":{"@id":"https:\/\/skaitytaknyga.lt\/produktas\/sutrupinti-kaulai\/#primaryimage"},"image":{"@id":"https:\/\/skaitytaknyga.lt\/produktas\/sutrupinti-kaulai\/#primaryimage"},"thumbnailUrl":"https:\/\/skaitytaknyga.lt\/wp-content\/uploads\/2025\/07\/Sutrupinti-kaulai-1.webp","datePublished":"2025-07-23T08:59:03+00:00","dateModified":"2026-03-05T11:11:42+00:00","description":"Dar vienas apdovanojimais \u012fvertinto ra\u0161ytojo Stuarto MacBride'o bestseleris. Septintasis trileris apie kriminalist\u0105 ser\u017eant\u0105 Logan\u0105 Makr\u0117j\u0173 \u2013 \u012ftraukianti","breadcrumb":{"@id":"https:\/\/skaitytaknyga.lt\/produktas\/sutrupinti-kaulai\/#breadcrumb"},"inLanguage":"en-GB","potentialAction":[{"@type":"ReadAction","target":["https:\/\/skaitytaknyga.lt\/produktas\/sutrupinti-kaulai\/"]}]},{"@type":"ImageObject","inLanguage":"en-GB","@id":"https:\/\/skaitytaknyga.lt\/produktas\/sutrupinti-kaulai\/#primaryimage","url":"https:\/\/skaitytaknyga.lt\/wp-content\/uploads\/2025\/07\/Sutrupinti-kaulai-1.webp","contentUrl":"https:\/\/skaitytaknyga.lt\/wp-content\/uploads\/2025\/07\/Sutrupinti-kaulai-1.webp","width":516,"height":766,"caption":"Sutrupinti kaulai"},{"@type":"BreadcrumbList","@id":"https:\/\/skaitytaknyga.lt\/produktas\/sutrupinti-kaulai\/#breadcrumb","itemListElement":[{"@type":"ListItem","position":1,"name":"Home","item":"https:\/\/skaitytaknyga.lt\/"},{"@type":"ListItem","position":2,"name":"Parduotuv\u0117","item":"https:\/\/skaitytaknyga.lt\/knygu-parduotuve\/"},{"@type":"ListItem","position":3,"name":"Sutrupinti kaulai"}]},{"@type":"WebSite","@id":"https:\/\/skaitytaknyga.lt\/#website","url":"https:\/\/skaitytaknyga.lt\/","name":"skaitytaknyga.lt","description":"Skaitytaknyga.lt \u2013 tai ma\u017eas \u0161eimos verslas, kuris prasid\u0117jo nuo meil\u0117s knygoms ir siekio i\u0161gelb\u0117ti knygas nuo likimo prie konteinerio. Kas vienam nereikalingas daiktas \u2013 kitam lobis, o mes esame tarpininkai, kurie padeda abiems tapti laimingesniems ???? \u017dinome kaip nelengva i\u0161gyventi ma\u017eiems verslams, tad nuo \u0161iol, \u010dia rasite ir kit\u0173, ma\u017e\u0173 \u0161eim\u0173 versl\u0173, rank\u0173 darbo, dovan\u0173 sau ir artimiesiems.","publisher":{"@id":"https:\/\/skaitytaknyga.lt\/#organization"},"potentialAction":[{"@type":"SearchAction","target":{"@type":"EntryPoint","urlTemplate":"https:\/\/skaitytaknyga.lt\/?s={search_term_string}"},"query-input":{"@type":"PropertyValueSpecification","valueRequired":true,"valueName":"search_term_string"}}],"inLanguage":"en-GB"},{"@type":"Organization","@id":"https:\/\/skaitytaknyga.lt\/#organization","name":"skaitytaknyga.lt","url":"https:\/\/skaitytaknyga.lt\/","logo":{"@type":"ImageObject","inLanguage":"en-GB","@id":"https:\/\/skaitytaknyga.lt\/#\/schema\/logo\/image\/","url":"https:\/\/skaitytaknyga.lt\/wp-content\/uploads\/2024\/05\/cropped-cropped-cropped-02_00843_jt3bggkj1j3HLc7SyY6rEUpg.jpeg","contentUrl":"https:\/\/skaitytaknyga.lt\/wp-content\/uploads\/2024\/05\/cropped-cropped-cropped-02_00843_jt3bggkj1j3HLc7SyY6rEUpg.jpeg","width":1600,"height":1600,"caption":"skaitytaknyga.lt"},"image":{"@id":"https:\/\/skaitytaknyga.lt\/#\/schema\/logo\/image\/"},"sameAs":["https:\/\/www.facebook.com\/skaitytaknyga\/"]}]}},"_links":{"self":[{"href":"https:\/\/skaitytaknyga.lt\/en\/wp-json\/wp\/v2\/product\/19797","targetHints":{"allow":["GET"]}}],"collection":[{"href":"https:\/\/skaitytaknyga.lt\/en\/wp-json\/wp\/v2\/product"}],"about":[{"href":"https:\/\/skaitytaknyga.lt\/en\/wp-json\/wp\/v2\/types\/product"}],"replies":[{"embeddable":true,"href":"https:\/\/skaitytaknyga.lt\/en\/wp-json\/wp\/v2\/comments?post=19797"}],"wp:featuredmedia":[{"embeddable":true,"href":"https:\/\/skaitytaknyga.lt\/en\/wp-json\/wp\/v2\/media\/19802"}],"wp:attachment":[{"href":"https:\/\/skaitytaknyga.lt\/en\/wp-json\/wp\/v2\/media?parent=19797"}],"wp:term":[{"taxonomy":"product_brand","embeddable":true,"href":"https:\/\/skaitytaknyga.lt\/en\/wp-json\/wp\/v2\/product_brand?post=19797"},{"taxonomy":"product_cat","embeddable":true,"href":"https:\/\/skaitytaknyga.lt\/en\/wp-json\/wp\/v2\/product_cat?post=19797"},{"taxonomy":"product_tag","embeddable":true,"href":"https:\/\/skaitytaknyga.lt\/en\/wp-json\/wp\/v2\/product_tag?post=19797"}],"curies":[{"name":"wp","href":"https:\/\/api.w.org\/{rel}","templated":true}]}}