{"id":19796,"date":"2025-07-23T11:59:02","date_gmt":"2025-07-23T08:59:02","guid":{"rendered":"https:\/\/skaitytaknyga.lt\/?post_type=product&#038;p=19796"},"modified":"2026-03-05T10:35:39","modified_gmt":"2026-03-05T08:35:39","slug":"berniukas-sniege","status":"publish","type":"product","link":"https:\/\/skaitytaknyga.lt\/en\/produktas\/berniukas-sniege\/","title":{"rendered":"Berniukas sniege"},"content":{"rendered":"<p>Pasaulini\u0173 bestseleri\u0173 \u201eA\u0161 keliauju viena&#8221; ir \u201ePel\u0117da med\u017eioja nakt\u012f&#8221; autorius, pripa\u017eintas ni\u016bri\u0173 skandinavi\u0161k\u0173 detektyv\u0173 meistras Samuel Bj\u00f8rk pristato tre\u010di\u0105 knyg\u0105 apie vis\u0173 pam\u0117gtus detektyvus Holger\u012f Munk\u0105 ir Mi\u0105 Kriuger.<\/p>\n<p>1999-\u0173j\u0173 \u017eiema. Pagyvenusiam vyrui sutemus keliaujant namo, prie\u0161ais j\u012f kelyje staiga i\u0161nyra gyv\u016bno siluetas. Bandydamas i\u0161vengti susid\u016brimo, \u017emogus vos sp\u0117ja sustabdyti automobil\u012f. Ta\u010diau tai, k\u0105 jis pamato, atima \u017ead\u0105. Geriau \u012fsi\u017ei\u016br\u0117j\u0119s jis suvokia, jog tai ne \u017ev\u0117ris, o ma\u017eas i\u0161sigand\u0119s berniukas su elnio ragais, pritvirtintais prie galvos&#8230;<\/p>\n<p>Po keturiolikos met\u0173 nuo\u0161aliame kaln\u0173 e\u017eere randamas jaunos merginos k\u016bnas. Vis\u0173 keis\u010diausia, jog ji vis dar su balerinos kostiumu, puantais, susiri\u0161usi plaukus \u012f kuodel\u012f. Krante paliktas fotoaparatas ir lapai, i\u0161pl\u0117\u0161ti i\u0161 Astridos Lindgren knygos \u201eBroliai Li\u016bta\u0161ird\u017eiai&#8221;. Kaip ir kod\u0117l \u0161ok\u0117ja ten atsid\u016br\u0117, jeigu n\u0117ra joki\u0173 grumtyni\u0173 po\u017eymi\u0173? Per kitas savaites randami dar du k\u016bnai. Kiekvien\u0105 kart\u0105 \u017eudikas palieka po nedidel\u0119 u\u017euomin\u0105.<\/p>\n<p>Nor\u0117dami sugauti nusikalt\u0117l\u012f detektyvai Munkas ir Mia Kruger vis giliau klimpsta \u012f jo sugalvot\u0105 kat\u0117s ir pel\u0117s \u017eaidim\u0105. \u017daidim\u0105, kurio jie galb\u016bt ir nelaim\u0117s. Jis ver\u010dia juos knaisiotis po savo praeit\u012f, po u\u017emir\u0161tus prisiminimus. Kaip sustabdyti \u017eudik\u0105 ar numatyti jo veiksmus, jeigu jis aukas renkasi atsitiktine tvarka?<\/p>\n<p>Drama nuo pat pirm\u0173j\u0173 puslapi\u0173, \u012fvyki\u0173 peripetijos kei\u010diasi su kiekvienu skyriumi, o \u012ftampa ir intriga prikausto net ir skepti\u0161kiausi\u0105 skaitytoj\u0105. Ne veltui \u0161is ra\u0161ytojas tituluojamas Jo Nesb\u00f8 konkurentu.<\/p>\n","protected":false},"excerpt":{"rendered":"<p>Pasaulini\u0173 bestseleri\u0173 \u201eA\u0161 keliauju viena&#8221; ir \u201ePel\u0117da med\u017eioja nakt\u012f&#8221; autorius, pripa\u017eintas ni\u016bri\u0173 skandinavi\u0161k\u0173 detektyv\u0173 meistras Samuel Bj\u00f8rk pristato tre\u010di\u0105 knyg\u0105 apie vis\u0173 pam\u0117gtus detektyvus Holger\u012f Munk\u0105 ir Mi\u0105 Kriuger. 1999-\u0173j\u0173 \u017eiema. Pagyvenusiam vyrui sutemus keliaujant namo, prie\u0161ais j\u012f kelyje staiga i\u0161nyra gyv\u016bno siluetas. Bandydamas i\u0161vengti susid\u016brimo, \u017emogus vos sp\u0117ja sustabdyti automobil\u012f. Ta\u010diau tai, k\u0105 jis pamato, atima \u017ead\u0105. Geriau \u012fsi\u017ei\u016br\u0117j\u0119s jis suvokia, jog tai ne \u017ev\u0117ris, o ma\u017eas i\u0161sigand\u0119s berniukas su elnio ragais, pritvirtintais prie galvos&#8230; Po keturiolikos met\u0173 nuo\u0161aliame kaln\u0173 e\u017eere randamas jaunos merginos k\u016bnas. Vis\u0173 keis\u010diausia, jog ji vis dar su balerinos kostiumu, puantais, susiri\u0161usi plaukus \u012f kuodel\u012f. Krante paliktas fotoaparatas ir lapai, i\u0161pl\u0117\u0161ti i\u0161 Astridos Lindgren knygos \u201eBroliai Li\u016bta\u0161ird\u017eiai&#8221;. Kaip ir kod\u0117l \u0161ok\u0117ja ten atsid\u016br\u0117, jeigu n\u0117ra joki\u0173 grumtyni\u0173 po\u017eymi\u0173? Per kitas savaites randami dar du k\u016bnai. Kiekvien\u0105 kart\u0105 \u017eudikas palieka po nedidel\u0119 u\u017euomin\u0105. Nor\u0117dami sugauti nusikalt\u0117l\u012f detektyvai Munkas ir Mia Kruger vis giliau klimpsta \u012f jo sugalvot\u0105 kat\u0117s ir pel\u0117s \u017eaidim\u0105. \u017daidim\u0105, kurio jie galb\u016bt ir nelaim\u0117s. Jis ver\u010dia juos knaisiotis po savo praeit\u012f, po u\u017emir\u0161tus prisiminimus. Kaip sustabdyti \u017eudik\u0105 ar numatyti jo veiksmus, jeigu jis aukas renkasi atsitiktine tvarka? Drama nuo pat pirm\u0173j\u0173 puslapi\u0173, \u012fvyki\u0173 peripetijos kei\u010diasi su kiekvienu skyriumi, o \u012ftampa ir intriga prikausto net ir skepti\u0161kiausi\u0105 skaitytoj\u0105. Ne veltui \u0161is ra\u0161ytojas tituluojamas Jo Nesb\u00f8 konkurentu.<\/p>\n","protected":false},"featured_media":19801,"comment_status":"open","ping_status":"closed","template":"","meta":{"_acf_changed":false,"site-sidebar-layout":"default","site-content-layout":"","ast-site-content-layout":"default","site-content-style":"default","site-sidebar-style":"default","ast-global-header-display":"","ast-banner-title-visibility":"","ast-main-header-display":"","ast-hfb-above-header-display":"","ast-hfb-below-header-display":"","ast-hfb-mobile-header-display":"","site-post-title":"","ast-breadcrumbs-content":"","ast-featured-img":"","footer-sml-layout":"","ast-disable-related-posts":"","theme-transparent-header-meta":"","adv-header-id-meta":"","stick-header-meta":"","header-above-stick-meta":"","header-main-stick-meta":"","header-below-stick-meta":"","astra-migrate-meta-layouts":"default","ast-page-background-enabled":"default","ast-page-background-meta":{"desktop":{"background-color":"","background-image":"","background-repeat":"repeat","background-position":"center center","background-size":"auto","background-attachment":"scroll","background-type":"","background-media":"","overlay-type":"","overlay-color":"","overlay-opacity":"","overlay-gradient":""},"tablet":{"background-color":"","background-image":"","background-repeat":"repeat","background-position":"center center","background-size":"auto","background-attachment":"scroll","background-type":"","background-media":"","overlay-type":"","overlay-color":"","overlay-opacity":"","overlay-gradient":""},"mobile":{"background-color":"","background-image":"","background-repeat":"repeat","background-position":"center center","background-size":"auto","background-attachment":"scroll","background-type":"","background-media":"","overlay-type":"","overlay-color":"","overlay-opacity":"","overlay-gradient":""}},"ast-content-background-meta":{"desktop":{"background-color":"var(--ast-global-color-4)","background-image":"","background-repeat":"repeat","background-position":"center center","background-size":"auto","background-attachment":"scroll","background-type":"","background-media":"","overlay-type":"","overlay-color":"","overlay-opacity":"","overlay-gradient":""},"tablet":{"background-color":"var(--ast-global-color-4)","background-image":"","background-repeat":"repeat","background-position":"center center","background-size":"auto","background-attachment":"scroll","background-type":"","background-media":"","overlay-type":"","overlay-color":"","overlay-opacity":"","overlay-gradient":""},"mobile":{"background-color":"var(--ast-global-color-4)","background-image":"","background-repeat":"repeat","background-position":"center center","background-size":"auto","background-attachment":"scroll","background-type":"","background-media":"","overlay-type":"","overlay-color":"","overlay-opacity":"","overlay-gradient":""}}},"product_brand":[],"product_cat":[9581],"product_tag":[1476,6694,6695,6693,6696,3982,6692,1587],"class_list":{"0":"post-19796","1":"product","2":"type-product","3":"status-publish","4":"has-post-thumbnail","6":"product_cat-kriminaliniai-romanai","7":"product_tag-detektyvas","8":"product_tag-holgeris-munkas","9":"product_tag-mia-kruger","10":"product_tag-psichologine-itampa","11":"product_tag-samuel-bjork","12":"product_tag-serijinis-zudikas","13":"product_tag-siaures-kriminas","14":"product_tag-trileris","15":"desktop-align-left","16":"tablet-align-left","17":"mobile-align-left","19":"first","20":"outofstock","21":"shipping-taxable","22":"purchasable","23":"product-type-simple"},"acf":[],"yoast_head":"<!-- This site is optimized with the Yoast SEO plugin v27.0 - https:\/\/yoast.com\/product\/yoast-seo-wordpress\/ -->\n<title>Berniukas sniege<\/title>\n<meta name=\"description\" content=\"Pasaulini\u0173 bestseleri\u0173 \u201eA\u0161 keliauju viena&quot; ir \u201ePel\u0117da med\u017eioja nakt\u012f&quot; autorius, pripa\u017eintas ni\u016bri\u0173 skandinavi\u0161k\u0173 detektyv\u0173 meistras Samuel Bj\u00f8rk pristato\" \/>\n<meta name=\"robots\" content=\"index, follow, max-snippet:-1, max-image-preview:large, max-video-preview:-1\" \/>\n<link rel=\"canonical\" href=\"https:\/\/skaitytaknyga.lt\/en\/produktas\/berniukas-sniege\/\" \/>\n<meta property=\"og:locale\" content=\"en_GB\" \/>\n<meta property=\"og:locale:alternate\" content=\"lt_LT\" \/>\n<meta property=\"og:type\" content=\"article\" \/>\n<meta property=\"og:title\" content=\"Berniukas sniege\" \/>\n<meta property=\"og:description\" content=\"Pasaulini\u0173 bestseleri\u0173 \u201eA\u0161 keliauju viena&quot; ir \u201ePel\u0117da med\u017eioja nakt\u012f&quot; autorius, pripa\u017eintas ni\u016bri\u0173 skandinavi\u0161k\u0173 detektyv\u0173 meistras Samuel Bj\u00f8rk pristato\" \/>\n<meta property=\"og:url\" content=\"https:\/\/skaitytaknyga.lt\/en\/produktas\/berniukas-sniege\/\" \/>\n<meta property=\"og:site_name\" content=\"Skaitytaknyga\" \/>\n<meta property=\"article:publisher\" content=\"https:\/\/www.facebook.com\/skaitytaknyga\/\" \/>\n<meta property=\"article:modified_time\" content=\"2026-03-05T08:35:39+00:00\" \/>\n<meta property=\"og:image\" content=\"https:\/\/skaitytaknyga.lt\/wp-content\/uploads\/2025\/07\/Berniukas-sniege-1.webp\" \/>\n\t<meta property=\"og:image:width\" content=\"366\" \/>\n\t<meta property=\"og:image:height\" content=\"600\" \/>\n\t<meta property=\"og:image:type\" content=\"image\/webp\" \/>\n<meta name=\"twitter:card\" content=\"summary_large_image\" \/>\n<meta name=\"twitter:label1\" content=\"Estimated reading time\" \/>\n\t<meta name=\"twitter:data1\" content=\"1 minute\" \/>\n<script type=\"application\/ld+json\" class=\"yoast-schema-graph\">{\"@context\":\"https:\/\/schema.org\",\"@graph\":[{\"@type\":\"WebPage\",\"@id\":\"https:\/\/skaitytaknyga.lt\/produktas\/berniukas-sniege\/\",\"url\":\"https:\/\/skaitytaknyga.lt\/produktas\/berniukas-sniege\/\",\"name\":\"Berniukas sniege\",\"isPartOf\":{\"@id\":\"https:\/\/skaitytaknyga.lt\/#website\"},\"primaryImageOfPage\":{\"@id\":\"https:\/\/skaitytaknyga.lt\/produktas\/berniukas-sniege\/#primaryimage\"},\"image\":{\"@id\":\"https:\/\/skaitytaknyga.lt\/produktas\/berniukas-sniege\/#primaryimage\"},\"thumbnailUrl\":\"https:\/\/skaitytaknyga.lt\/wp-content\/uploads\/2025\/07\/Berniukas-sniege-1.webp\",\"datePublished\":\"2025-07-23T08:59:02+00:00\",\"dateModified\":\"2026-03-05T08:35:39+00:00\",\"description\":\"Pasaulini\u0173 bestseleri\u0173 \u201eA\u0161 keliauju viena\\\" ir \u201ePel\u0117da med\u017eioja nakt\u012f\\\" autorius, pripa\u017eintas ni\u016bri\u0173 skandinavi\u0161k\u0173 detektyv\u0173 meistras Samuel Bj\u00f8rk pristato\",\"breadcrumb\":{\"@id\":\"https:\/\/skaitytaknyga.lt\/produktas\/berniukas-sniege\/#breadcrumb\"},\"inLanguage\":\"en-GB\",\"potentialAction\":[{\"@type\":\"ReadAction\",\"target\":[\"https:\/\/skaitytaknyga.lt\/produktas\/berniukas-sniege\/\"]}]},{\"@type\":\"ImageObject\",\"inLanguage\":\"en-GB\",\"@id\":\"https:\/\/skaitytaknyga.lt\/produktas\/berniukas-sniege\/#primaryimage\",\"url\":\"https:\/\/skaitytaknyga.lt\/wp-content\/uploads\/2025\/07\/Berniukas-sniege-1.webp\",\"contentUrl\":\"https:\/\/skaitytaknyga.lt\/wp-content\/uploads\/2025\/07\/Berniukas-sniege-1.webp\",\"width\":366,\"height\":600,\"caption\":\"Berniukas sniege\"},{\"@type\":\"BreadcrumbList\",\"@id\":\"https:\/\/skaitytaknyga.lt\/produktas\/berniukas-sniege\/#breadcrumb\",\"itemListElement\":[{\"@type\":\"ListItem\",\"position\":1,\"name\":\"Home\",\"item\":\"https:\/\/skaitytaknyga.lt\/\"},{\"@type\":\"ListItem\",\"position\":2,\"name\":\"Parduotuv\u0117\",\"item\":\"https:\/\/skaitytaknyga.lt\/knygu-parduotuve\/\"},{\"@type\":\"ListItem\",\"position\":3,\"name\":\"Berniukas sniege\"}]},{\"@type\":\"WebSite\",\"@id\":\"https:\/\/skaitytaknyga.lt\/#website\",\"url\":\"https:\/\/skaitytaknyga.lt\/\",\"name\":\"skaitytaknyga.lt\",\"description\":\"Skaitytaknyga.lt \u2013 tai ma\u017eas \u0161eimos verslas, kuris prasid\u0117jo nuo meil\u0117s knygoms ir siekio i\u0161gelb\u0117ti knygas nuo likimo prie konteinerio. Kas vienam nereikalingas daiktas \u2013 kitam lobis, o mes esame tarpininkai, kurie padeda abiems tapti laimingesniems ???? \u017dinome kaip nelengva i\u0161gyventi ma\u017eiems verslams, tad nuo \u0161iol, \u010dia rasite ir kit\u0173, ma\u017e\u0173 \u0161eim\u0173 versl\u0173, rank\u0173 darbo, dovan\u0173 sau ir artimiesiems.\",\"publisher\":{\"@id\":\"https:\/\/skaitytaknyga.lt\/#organization\"},\"potentialAction\":[{\"@type\":\"SearchAction\",\"target\":{\"@type\":\"EntryPoint\",\"urlTemplate\":\"https:\/\/skaitytaknyga.lt\/?s={search_term_string}\"},\"query-input\":{\"@type\":\"PropertyValueSpecification\",\"valueRequired\":true,\"valueName\":\"search_term_string\"}}],\"inLanguage\":\"en-GB\"},{\"@type\":\"Organization\",\"@id\":\"https:\/\/skaitytaknyga.lt\/#organization\",\"name\":\"skaitytaknyga.lt\",\"url\":\"https:\/\/skaitytaknyga.lt\/\",\"logo\":{\"@type\":\"ImageObject\",\"inLanguage\":\"en-GB\",\"@id\":\"https:\/\/skaitytaknyga.lt\/#\/schema\/logo\/image\/\",\"url\":\"https:\/\/skaitytaknyga.lt\/wp-content\/uploads\/2024\/05\/cropped-cropped-cropped-02_00843_jt3bggkj1j3HLc7SyY6rEUpg.jpeg\",\"contentUrl\":\"https:\/\/skaitytaknyga.lt\/wp-content\/uploads\/2024\/05\/cropped-cropped-cropped-02_00843_jt3bggkj1j3HLc7SyY6rEUpg.jpeg\",\"width\":1600,\"height\":1600,\"caption\":\"skaitytaknyga.lt\"},\"image\":{\"@id\":\"https:\/\/skaitytaknyga.lt\/#\/schema\/logo\/image\/\"},\"sameAs\":[\"https:\/\/www.facebook.com\/skaitytaknyga\/\"]}]}<\/script>\n<!-- \/ Yoast SEO plugin. -->","yoast_head_json":{"title":"Berniukas sniege","description":"Pasaulini\u0173 bestseleri\u0173 \u201eA\u0161 keliauju viena\" ir \u201ePel\u0117da med\u017eioja nakt\u012f\" autorius, pripa\u017eintas ni\u016bri\u0173 skandinavi\u0161k\u0173 detektyv\u0173 meistras Samuel Bj\u00f8rk pristato","robots":{"index":"index","follow":"follow","max-snippet":"max-snippet:-1","max-image-preview":"max-image-preview:large","max-video-preview":"max-video-preview:-1"},"canonical":"https:\/\/skaitytaknyga.lt\/en\/produktas\/berniukas-sniege\/","og_locale":"en_GB","og_type":"article","og_title":"[:lt]Berniukas sniege[:] - Skaitytaknyga","og_description":"Pasaulini\u0173 bestseleri\u0173 \u201eA\u0161 keliauju viena\" ir \u201ePel\u0117da med\u017eioja nakt\u012f\" autorius, pripa\u017eintas ni\u016bri\u0173 skandinavi\u0161k\u0173 detektyv\u0173 meistras Samuel Bj\u00f8rk pristato","og_url":"https:\/\/skaitytaknyga.lt\/en\/produktas\/berniukas-sniege\/","og_site_name":"Skaitytaknyga","article_publisher":"https:\/\/www.facebook.com\/skaitytaknyga\/","article_modified_time":"2026-03-05T08:35:39+00:00","og_image":[{"width":366,"height":600,"url":"https:\/\/skaitytaknyga.lt\/wp-content\/uploads\/2025\/07\/Berniukas-sniege-1.webp","type":"image\/webp"}],"twitter_card":"summary_large_image","twitter_misc":{"Estimated reading time":"1 minute"},"schema":{"@context":"https:\/\/schema.org","@graph":[{"@type":"WebPage","@id":"https:\/\/skaitytaknyga.lt\/produktas\/berniukas-sniege\/","url":"https:\/\/skaitytaknyga.lt\/produktas\/berniukas-sniege\/","name":"Berniukas sniege","isPartOf":{"@id":"https:\/\/skaitytaknyga.lt\/#website"},"primaryImageOfPage":{"@id":"https:\/\/skaitytaknyga.lt\/produktas\/berniukas-sniege\/#primaryimage"},"image":{"@id":"https:\/\/skaitytaknyga.lt\/produktas\/berniukas-sniege\/#primaryimage"},"thumbnailUrl":"https:\/\/skaitytaknyga.lt\/wp-content\/uploads\/2025\/07\/Berniukas-sniege-1.webp","datePublished":"2025-07-23T08:59:02+00:00","dateModified":"2026-03-05T08:35:39+00:00","description":"Pasaulini\u0173 bestseleri\u0173 \u201eA\u0161 keliauju viena\" ir \u201ePel\u0117da med\u017eioja nakt\u012f\" autorius, pripa\u017eintas ni\u016bri\u0173 skandinavi\u0161k\u0173 detektyv\u0173 meistras Samuel Bj\u00f8rk pristato","breadcrumb":{"@id":"https:\/\/skaitytaknyga.lt\/produktas\/berniukas-sniege\/#breadcrumb"},"inLanguage":"en-GB","potentialAction":[{"@type":"ReadAction","target":["https:\/\/skaitytaknyga.lt\/produktas\/berniukas-sniege\/"]}]},{"@type":"ImageObject","inLanguage":"en-GB","@id":"https:\/\/skaitytaknyga.lt\/produktas\/berniukas-sniege\/#primaryimage","url":"https:\/\/skaitytaknyga.lt\/wp-content\/uploads\/2025\/07\/Berniukas-sniege-1.webp","contentUrl":"https:\/\/skaitytaknyga.lt\/wp-content\/uploads\/2025\/07\/Berniukas-sniege-1.webp","width":366,"height":600,"caption":"Berniukas sniege"},{"@type":"BreadcrumbList","@id":"https:\/\/skaitytaknyga.lt\/produktas\/berniukas-sniege\/#breadcrumb","itemListElement":[{"@type":"ListItem","position":1,"name":"Home","item":"https:\/\/skaitytaknyga.lt\/"},{"@type":"ListItem","position":2,"name":"Parduotuv\u0117","item":"https:\/\/skaitytaknyga.lt\/knygu-parduotuve\/"},{"@type":"ListItem","position":3,"name":"Berniukas sniege"}]},{"@type":"WebSite","@id":"https:\/\/skaitytaknyga.lt\/#website","url":"https:\/\/skaitytaknyga.lt\/","name":"skaitytaknyga.lt","description":"Skaitytaknyga.lt \u2013 tai ma\u017eas \u0161eimos verslas, kuris prasid\u0117jo nuo meil\u0117s knygoms ir siekio i\u0161gelb\u0117ti knygas nuo likimo prie konteinerio. Kas vienam nereikalingas daiktas \u2013 kitam lobis, o mes esame tarpininkai, kurie padeda abiems tapti laimingesniems ???? \u017dinome kaip nelengva i\u0161gyventi ma\u017eiems verslams, tad nuo \u0161iol, \u010dia rasite ir kit\u0173, ma\u017e\u0173 \u0161eim\u0173 versl\u0173, rank\u0173 darbo, dovan\u0173 sau ir artimiesiems.","publisher":{"@id":"https:\/\/skaitytaknyga.lt\/#organization"},"potentialAction":[{"@type":"SearchAction","target":{"@type":"EntryPoint","urlTemplate":"https:\/\/skaitytaknyga.lt\/?s={search_term_string}"},"query-input":{"@type":"PropertyValueSpecification","valueRequired":true,"valueName":"search_term_string"}}],"inLanguage":"en-GB"},{"@type":"Organization","@id":"https:\/\/skaitytaknyga.lt\/#organization","name":"skaitytaknyga.lt","url":"https:\/\/skaitytaknyga.lt\/","logo":{"@type":"ImageObject","inLanguage":"en-GB","@id":"https:\/\/skaitytaknyga.lt\/#\/schema\/logo\/image\/","url":"https:\/\/skaitytaknyga.lt\/wp-content\/uploads\/2024\/05\/cropped-cropped-cropped-02_00843_jt3bggkj1j3HLc7SyY6rEUpg.jpeg","contentUrl":"https:\/\/skaitytaknyga.lt\/wp-content\/uploads\/2024\/05\/cropped-cropped-cropped-02_00843_jt3bggkj1j3HLc7SyY6rEUpg.jpeg","width":1600,"height":1600,"caption":"skaitytaknyga.lt"},"image":{"@id":"https:\/\/skaitytaknyga.lt\/#\/schema\/logo\/image\/"},"sameAs":["https:\/\/www.facebook.com\/skaitytaknyga\/"]}]}},"_links":{"self":[{"href":"https:\/\/skaitytaknyga.lt\/en\/wp-json\/wp\/v2\/product\/19796","targetHints":{"allow":["GET"]}}],"collection":[{"href":"https:\/\/skaitytaknyga.lt\/en\/wp-json\/wp\/v2\/product"}],"about":[{"href":"https:\/\/skaitytaknyga.lt\/en\/wp-json\/wp\/v2\/types\/product"}],"replies":[{"embeddable":true,"href":"https:\/\/skaitytaknyga.lt\/en\/wp-json\/wp\/v2\/comments?post=19796"}],"wp:featuredmedia":[{"embeddable":true,"href":"https:\/\/skaitytaknyga.lt\/en\/wp-json\/wp\/v2\/media\/19801"}],"wp:attachment":[{"href":"https:\/\/skaitytaknyga.lt\/en\/wp-json\/wp\/v2\/media?parent=19796"}],"wp:term":[{"taxonomy":"product_brand","embeddable":true,"href":"https:\/\/skaitytaknyga.lt\/en\/wp-json\/wp\/v2\/product_brand?post=19796"},{"taxonomy":"product_cat","embeddable":true,"href":"https:\/\/skaitytaknyga.lt\/en\/wp-json\/wp\/v2\/product_cat?post=19796"},{"taxonomy":"product_tag","embeddable":true,"href":"https:\/\/skaitytaknyga.lt\/en\/wp-json\/wp\/v2\/product_tag?post=19796"}],"curies":[{"name":"wp","href":"https:\/\/api.w.org\/{rel}","templated":true}]}}