{"id":19789,"date":"2025-07-23T11:35:50","date_gmt":"2025-07-23T08:35:50","guid":{"rendered":"https:\/\/skaitytaknyga.lt\/?post_type=product&#038;p=19789"},"modified":"2026-03-05T13:40:41","modified_gmt":"2026-03-05T11:40:41","slug":"mergeles","status":"publish","type":"product","link":"https:\/\/skaitytaknyga.lt\/en\/produktas\/mergeles\/","title":{"rendered":"Mergel\u0117s"},"content":{"rendered":"<p>VISI TURIME PASLAP\u010cI\u0172. NET NUO SAV\u0118S.<\/p>\n<p>Edvardas Foska yra \u017eudikas. Tai faktas. Mariana j\u012f suvok\u0117 ne tik protu, tai nebuvo \u0161iaip mintis. \u0160itai ji jaut\u0117 visu k\u016bnu. \u017dinojimas buvo j\u0105 persmelk\u0119s iki kaul\u0173, iki kraujo, iki paskutin\u0117s l\u0105stel\u0117s. Edvardas Foska kaltas.<\/p>\n<p>Londone gyvenanti puiki psichoterapeut\u0117 Mariana Andros dirba su pacient\u0173 grup\u0117mis. Asmeniniame gyvenime patyrusi nema\u017ea sm\u016bgi\u0173 moteris niekaip negali susitaikyti su nesena mylimo vyro netektimi. Kol vien\u0105 dien\u0105 netik\u0117tai \u012fsitraukia \u012f tai, kas vyksta Kembrid\u017eo universitete, kuriame pati kadaise studijavo, o dabar studijuoja jos dukter\u0117\u010dia Zoja.<\/p>\n<p>Universiteto apylink\u0117se randama kraupiai nu\u017eudyta jauna mergina, Zojos draug\u0117. Mariana i\u0161skuba \u012f Kembrid\u017e\u0105 ir netrukus ima rimtai \u012ftarti Edvard\u0105 Fosk\u0105, \u017eaving\u0105 profesori\u0173, d\u0117stant\u012f graik\u0173 tragedijos kurs\u0105 ir \u012fsteigus\u012f Mergeli\u0173 \u2013 gabiausi\u0173 (ir gra\u017eiausi\u0173) studen\u010di\u0173 \u2013 draugij\u0105. Draugijos nar\u0117s viena po kitos tampa \u017eudiko aukomis. Kaltinan\u010dia profesori\u0173 Mariana niekas netiki, juk jis visada turi alibi. Ta\u010diau ji pasiry\u017eusi \u012fveikti \u0161\u012f visiems \u012f akis besijuokiant\u012f grobuon\u012f. Bet kokia kaina.<\/p>\n<p>Nestokojantis reik\u0161mingos simbolikos ir sumaniai parinkt\u0173 u\u017euomin\u0173, dinami\u0161kas ir daugiasluoksnis \u2013 \u0161is romanas turi visa, ko reikia tikrai geram psichologiniam trileriui, \u012fskaitant netik\u0117t\u0105 ir sukre\u010dian\u010di\u0105 atomazg\u0105.<\/p>\n","protected":false},"excerpt":{"rendered":"<p>VISI TURIME PASLAP\u010cI\u0172. NET NUO SAV\u0118S. Edvardas Foska yra \u017eudikas. Tai faktas. Mariana j\u012f suvok\u0117 ne tik protu, tai nebuvo \u0161iaip mintis. \u0160itai ji jaut\u0117 visu k\u016bnu. \u017dinojimas buvo j\u0105 persmelk\u0119s iki kaul\u0173, iki kraujo, iki paskutin\u0117s l\u0105stel\u0117s. Edvardas Foska kaltas. Londone gyvenanti puiki psichoterapeut\u0117 Mariana Andros dirba su pacient\u0173 grup\u0117mis. Asmeniniame gyvenime patyrusi nema\u017ea sm\u016bgi\u0173 moteris niekaip negali susitaikyti su nesena mylimo vyro netektimi. Kol vien\u0105 dien\u0105 netik\u0117tai \u012fsitraukia \u012f tai, kas vyksta Kembrid\u017eo universitete, kuriame pati kadaise studijavo, o dabar studijuoja jos dukter\u0117\u010dia Zoja. Universiteto apylink\u0117se randama kraupiai nu\u017eudyta jauna mergina, Zojos draug\u0117. Mariana i\u0161skuba \u012f Kembrid\u017e\u0105 ir netrukus ima rimtai \u012ftarti Edvard\u0105 Fosk\u0105, \u017eaving\u0105 profesori\u0173, d\u0117stant\u012f graik\u0173 tragedijos kurs\u0105 ir \u012fsteigus\u012f Mergeli\u0173 \u2013 gabiausi\u0173 (ir gra\u017eiausi\u0173) studen\u010di\u0173 \u2013 draugij\u0105. Draugijos nar\u0117s viena po kitos tampa \u017eudiko aukomis. Kaltinan\u010dia profesori\u0173 Mariana niekas netiki, juk jis visada turi alibi. Ta\u010diau ji pasiry\u017eusi \u012fveikti \u0161\u012f visiems \u012f akis besijuokiant\u012f grobuon\u012f. Bet kokia kaina. Nestokojantis reik\u0161mingos simbolikos ir sumaniai parinkt\u0173 u\u017euomin\u0173, dinami\u0161kas ir daugiasluoksnis \u2013 \u0161is romanas turi visa, ko reikia tikrai geram psichologiniam trileriui, \u012fskaitant netik\u0117t\u0105 ir sukre\u010dian\u010di\u0105 atomazg\u0105.<\/p>\n","protected":false},"featured_media":19794,"comment_status":"open","ping_status":"closed","template":"","meta":{"_acf_changed":false,"site-sidebar-layout":"default","site-content-layout":"","ast-site-content-layout":"default","site-content-style":"default","site-sidebar-style":"default","ast-global-header-display":"","ast-banner-title-visibility":"","ast-main-header-display":"","ast-hfb-above-header-display":"","ast-hfb-below-header-display":"","ast-hfb-mobile-header-display":"","site-post-title":"","ast-breadcrumbs-content":"","ast-featured-img":"","footer-sml-layout":"","ast-disable-related-posts":"","theme-transparent-header-meta":"","adv-header-id-meta":"","stick-header-meta":"","header-above-stick-meta":"","header-main-stick-meta":"","header-below-stick-meta":"","astra-migrate-meta-layouts":"default","ast-page-background-enabled":"default","ast-page-background-meta":{"desktop":{"background-color":"","background-image":"","background-repeat":"repeat","background-position":"center center","background-size":"auto","background-attachment":"scroll","background-type":"","background-media":"","overlay-type":"","overlay-color":"","overlay-opacity":"","overlay-gradient":""},"tablet":{"background-color":"","background-image":"","background-repeat":"repeat","background-position":"center center","background-size":"auto","background-attachment":"scroll","background-type":"","background-media":"","overlay-type":"","overlay-color":"","overlay-opacity":"","overlay-gradient":""},"mobile":{"background-color":"","background-image":"","background-repeat":"repeat","background-position":"center center","background-size":"auto","background-attachment":"scroll","background-type":"","background-media":"","overlay-type":"","overlay-color":"","overlay-opacity":"","overlay-gradient":""}},"ast-content-background-meta":{"desktop":{"background-color":"var(--ast-global-color-4)","background-image":"","background-repeat":"repeat","background-position":"center center","background-size":"auto","background-attachment":"scroll","background-type":"","background-media":"","overlay-type":"","overlay-color":"","overlay-opacity":"","overlay-gradient":""},"tablet":{"background-color":"var(--ast-global-color-4)","background-image":"","background-repeat":"repeat","background-position":"center center","background-size":"auto","background-attachment":"scroll","background-type":"","background-media":"","overlay-type":"","overlay-color":"","overlay-opacity":"","overlay-gradient":""},"mobile":{"background-color":"var(--ast-global-color-4)","background-image":"","background-repeat":"repeat","background-position":"center center","background-size":"auto","background-attachment":"scroll","background-type":"","background-media":"","overlay-type":"","overlay-color":"","overlay-opacity":"","overlay-gradient":""}}},"product_brand":[],"product_cat":[9580],"product_tag":[6679,6682,6680,6681,2155,3242],"class_list":{"0":"post-19789","1":"product","2":"type-product","3":"status-publish","4":"has-post-thumbnail","6":"product_cat-psichologiniai-detektyvai","7":"product_tag-alex-michaelides","8":"product_tag-autore-alex-michaelides","9":"product_tag-kembridzas","10":"product_tag-mergeliu-draugija","11":"product_tag-psichologinis-trileris","12":"product_tag-zudikas","13":"desktop-align-left","14":"tablet-align-left","15":"mobile-align-left","17":"first","18":"instock","19":"shipping-taxable","20":"purchasable","21":"product-type-simple"},"acf":[],"yoast_head":"<!-- This site is optimized with the Yoast SEO plugin v27.0 - https:\/\/yoast.com\/product\/yoast-seo-wordpress\/ -->\n<title>Mergel\u0117s<\/title>\n<meta name=\"description\" content=\"VISI TURIME PASLAP\u010cI\u0172. NET NUO SAV\u0118S. Edvardas Foska yra \u017eudikas. Tai faktas. Mariana j\u012f suvok\u0117 ne tik protu, tai nebuvo \u0161iaip mintis. \u0160itai ji jaut\u0117 visu\" \/>\n<meta name=\"robots\" content=\"index, follow, max-snippet:-1, max-image-preview:large, max-video-preview:-1\" \/>\n<link rel=\"canonical\" href=\"https:\/\/skaitytaknyga.lt\/en\/produktas\/mergeles\/\" \/>\n<meta property=\"og:locale\" content=\"en_GB\" \/>\n<meta property=\"og:locale:alternate\" content=\"lt_LT\" \/>\n<meta property=\"og:type\" content=\"article\" \/>\n<meta property=\"og:title\" content=\"Mergel\u0117s\" \/>\n<meta property=\"og:description\" content=\"VISI TURIME PASLAP\u010cI\u0172. NET NUO SAV\u0118S. Edvardas Foska yra \u017eudikas. Tai faktas. Mariana j\u012f suvok\u0117 ne tik protu, tai nebuvo \u0161iaip mintis. \u0160itai ji jaut\u0117 visu\" \/>\n<meta property=\"og:url\" content=\"https:\/\/skaitytaknyga.lt\/en\/produktas\/mergeles\/\" \/>\n<meta property=\"og:site_name\" content=\"Skaitytaknyga\" \/>\n<meta property=\"article:publisher\" content=\"https:\/\/www.facebook.com\/skaitytaknyga\/\" \/>\n<meta property=\"article:modified_time\" content=\"2026-03-05T11:40:41+00:00\" \/>\n<meta property=\"og:image\" content=\"https:\/\/skaitytaknyga.lt\/wp-content\/uploads\/2025\/07\/Mergeles-1.webp\" \/>\n\t<meta property=\"og:image:width\" content=\"402\" \/>\n\t<meta property=\"og:image:height\" content=\"600\" \/>\n\t<meta property=\"og:image:type\" content=\"image\/webp\" \/>\n<meta name=\"twitter:card\" content=\"summary_large_image\" \/>\n<meta name=\"twitter:label1\" content=\"Estimated reading time\" \/>\n\t<meta name=\"twitter:data1\" content=\"1 minute\" \/>\n<script type=\"application\/ld+json\" class=\"yoast-schema-graph\">{\"@context\":\"https:\/\/schema.org\",\"@graph\":[{\"@type\":\"WebPage\",\"@id\":\"https:\/\/skaitytaknyga.lt\/produktas\/mergeles\/\",\"url\":\"https:\/\/skaitytaknyga.lt\/produktas\/mergeles\/\",\"name\":\"Mergel\u0117s\",\"isPartOf\":{\"@id\":\"https:\/\/skaitytaknyga.lt\/#website\"},\"primaryImageOfPage\":{\"@id\":\"https:\/\/skaitytaknyga.lt\/produktas\/mergeles\/#primaryimage\"},\"image\":{\"@id\":\"https:\/\/skaitytaknyga.lt\/produktas\/mergeles\/#primaryimage\"},\"thumbnailUrl\":\"https:\/\/skaitytaknyga.lt\/wp-content\/uploads\/2025\/07\/Mergeles-1.webp\",\"datePublished\":\"2025-07-23T08:35:50+00:00\",\"dateModified\":\"2026-03-05T11:40:41+00:00\",\"description\":\"VISI TURIME PASLAP\u010cI\u0172. NET NUO SAV\u0118S. Edvardas Foska yra \u017eudikas. Tai faktas. Mariana j\u012f suvok\u0117 ne tik protu, tai nebuvo \u0161iaip mintis. \u0160itai ji jaut\u0117 visu\",\"breadcrumb\":{\"@id\":\"https:\/\/skaitytaknyga.lt\/produktas\/mergeles\/#breadcrumb\"},\"inLanguage\":\"en-GB\",\"potentialAction\":[{\"@type\":\"ReadAction\",\"target\":[\"https:\/\/skaitytaknyga.lt\/produktas\/mergeles\/\"]}]},{\"@type\":\"ImageObject\",\"inLanguage\":\"en-GB\",\"@id\":\"https:\/\/skaitytaknyga.lt\/produktas\/mergeles\/#primaryimage\",\"url\":\"https:\/\/skaitytaknyga.lt\/wp-content\/uploads\/2025\/07\/Mergeles-1.webp\",\"contentUrl\":\"https:\/\/skaitytaknyga.lt\/wp-content\/uploads\/2025\/07\/Mergeles-1.webp\",\"width\":402,\"height\":600},{\"@type\":\"BreadcrumbList\",\"@id\":\"https:\/\/skaitytaknyga.lt\/produktas\/mergeles\/#breadcrumb\",\"itemListElement\":[{\"@type\":\"ListItem\",\"position\":1,\"name\":\"Home\",\"item\":\"https:\/\/skaitytaknyga.lt\/\"},{\"@type\":\"ListItem\",\"position\":2,\"name\":\"Parduotuv\u0117\",\"item\":\"https:\/\/skaitytaknyga.lt\/knygu-parduotuve\/\"},{\"@type\":\"ListItem\",\"position\":3,\"name\":\"Mergel\u0117s\"}]},{\"@type\":\"WebSite\",\"@id\":\"https:\/\/skaitytaknyga.lt\/#website\",\"url\":\"https:\/\/skaitytaknyga.lt\/\",\"name\":\"skaitytaknyga.lt\",\"description\":\"Skaitytaknyga.lt \u2013 tai ma\u017eas \u0161eimos verslas, kuris prasid\u0117jo nuo meil\u0117s knygoms ir siekio i\u0161gelb\u0117ti knygas nuo likimo prie konteinerio. Kas vienam nereikalingas daiktas \u2013 kitam lobis, o mes esame tarpininkai, kurie padeda abiems tapti laimingesniems ???? \u017dinome kaip nelengva i\u0161gyventi ma\u017eiems verslams, tad nuo \u0161iol, \u010dia rasite ir kit\u0173, ma\u017e\u0173 \u0161eim\u0173 versl\u0173, rank\u0173 darbo, dovan\u0173 sau ir artimiesiems.\",\"publisher\":{\"@id\":\"https:\/\/skaitytaknyga.lt\/#organization\"},\"potentialAction\":[{\"@type\":\"SearchAction\",\"target\":{\"@type\":\"EntryPoint\",\"urlTemplate\":\"https:\/\/skaitytaknyga.lt\/?s={search_term_string}\"},\"query-input\":{\"@type\":\"PropertyValueSpecification\",\"valueRequired\":true,\"valueName\":\"search_term_string\"}}],\"inLanguage\":\"en-GB\"},{\"@type\":\"Organization\",\"@id\":\"https:\/\/skaitytaknyga.lt\/#organization\",\"name\":\"skaitytaknyga.lt\",\"url\":\"https:\/\/skaitytaknyga.lt\/\",\"logo\":{\"@type\":\"ImageObject\",\"inLanguage\":\"en-GB\",\"@id\":\"https:\/\/skaitytaknyga.lt\/#\/schema\/logo\/image\/\",\"url\":\"https:\/\/skaitytaknyga.lt\/wp-content\/uploads\/2024\/05\/cropped-cropped-cropped-02_00843_jt3bggkj1j3HLc7SyY6rEUpg.jpeg\",\"contentUrl\":\"https:\/\/skaitytaknyga.lt\/wp-content\/uploads\/2024\/05\/cropped-cropped-cropped-02_00843_jt3bggkj1j3HLc7SyY6rEUpg.jpeg\",\"width\":1600,\"height\":1600,\"caption\":\"skaitytaknyga.lt\"},\"image\":{\"@id\":\"https:\/\/skaitytaknyga.lt\/#\/schema\/logo\/image\/\"},\"sameAs\":[\"https:\/\/www.facebook.com\/skaitytaknyga\/\"]}]}<\/script>\n<!-- \/ Yoast SEO plugin. -->","yoast_head_json":{"title":"Mergel\u0117s","description":"VISI TURIME PASLAP\u010cI\u0172. NET NUO SAV\u0118S. Edvardas Foska yra \u017eudikas. Tai faktas. Mariana j\u012f suvok\u0117 ne tik protu, tai nebuvo \u0161iaip mintis. \u0160itai ji jaut\u0117 visu","robots":{"index":"index","follow":"follow","max-snippet":"max-snippet:-1","max-image-preview":"max-image-preview:large","max-video-preview":"max-video-preview:-1"},"canonical":"https:\/\/skaitytaknyga.lt\/en\/produktas\/mergeles\/","og_locale":"en_GB","og_type":"article","og_title":"[:lt]Mergel\u0117s[:] - Skaitytaknyga","og_description":"VISI TURIME PASLAP\u010cI\u0172. NET NUO SAV\u0118S. Edvardas Foska yra \u017eudikas. Tai faktas. Mariana j\u012f suvok\u0117 ne tik protu, tai nebuvo \u0161iaip mintis. \u0160itai ji jaut\u0117 visu","og_url":"https:\/\/skaitytaknyga.lt\/en\/produktas\/mergeles\/","og_site_name":"Skaitytaknyga","article_publisher":"https:\/\/www.facebook.com\/skaitytaknyga\/","article_modified_time":"2026-03-05T11:40:41+00:00","og_image":[{"width":402,"height":600,"url":"https:\/\/skaitytaknyga.lt\/wp-content\/uploads\/2025\/07\/Mergeles-1.webp","type":"image\/webp"}],"twitter_card":"summary_large_image","twitter_misc":{"Estimated reading time":"1 minute"},"schema":{"@context":"https:\/\/schema.org","@graph":[{"@type":"WebPage","@id":"https:\/\/skaitytaknyga.lt\/produktas\/mergeles\/","url":"https:\/\/skaitytaknyga.lt\/produktas\/mergeles\/","name":"Mergel\u0117s","isPartOf":{"@id":"https:\/\/skaitytaknyga.lt\/#website"},"primaryImageOfPage":{"@id":"https:\/\/skaitytaknyga.lt\/produktas\/mergeles\/#primaryimage"},"image":{"@id":"https:\/\/skaitytaknyga.lt\/produktas\/mergeles\/#primaryimage"},"thumbnailUrl":"https:\/\/skaitytaknyga.lt\/wp-content\/uploads\/2025\/07\/Mergeles-1.webp","datePublished":"2025-07-23T08:35:50+00:00","dateModified":"2026-03-05T11:40:41+00:00","description":"VISI TURIME PASLAP\u010cI\u0172. NET NUO SAV\u0118S. Edvardas Foska yra \u017eudikas. Tai faktas. Mariana j\u012f suvok\u0117 ne tik protu, tai nebuvo \u0161iaip mintis. \u0160itai ji jaut\u0117 visu","breadcrumb":{"@id":"https:\/\/skaitytaknyga.lt\/produktas\/mergeles\/#breadcrumb"},"inLanguage":"en-GB","potentialAction":[{"@type":"ReadAction","target":["https:\/\/skaitytaknyga.lt\/produktas\/mergeles\/"]}]},{"@type":"ImageObject","inLanguage":"en-GB","@id":"https:\/\/skaitytaknyga.lt\/produktas\/mergeles\/#primaryimage","url":"https:\/\/skaitytaknyga.lt\/wp-content\/uploads\/2025\/07\/Mergeles-1.webp","contentUrl":"https:\/\/skaitytaknyga.lt\/wp-content\/uploads\/2025\/07\/Mergeles-1.webp","width":402,"height":600},{"@type":"BreadcrumbList","@id":"https:\/\/skaitytaknyga.lt\/produktas\/mergeles\/#breadcrumb","itemListElement":[{"@type":"ListItem","position":1,"name":"Home","item":"https:\/\/skaitytaknyga.lt\/"},{"@type":"ListItem","position":2,"name":"Parduotuv\u0117","item":"https:\/\/skaitytaknyga.lt\/knygu-parduotuve\/"},{"@type":"ListItem","position":3,"name":"Mergel\u0117s"}]},{"@type":"WebSite","@id":"https:\/\/skaitytaknyga.lt\/#website","url":"https:\/\/skaitytaknyga.lt\/","name":"skaitytaknyga.lt","description":"Skaitytaknyga.lt \u2013 tai ma\u017eas \u0161eimos verslas, kuris prasid\u0117jo nuo meil\u0117s knygoms ir siekio i\u0161gelb\u0117ti knygas nuo likimo prie konteinerio. Kas vienam nereikalingas daiktas \u2013 kitam lobis, o mes esame tarpininkai, kurie padeda abiems tapti laimingesniems ???? \u017dinome kaip nelengva i\u0161gyventi ma\u017eiems verslams, tad nuo \u0161iol, \u010dia rasite ir kit\u0173, ma\u017e\u0173 \u0161eim\u0173 versl\u0173, rank\u0173 darbo, dovan\u0173 sau ir artimiesiems.","publisher":{"@id":"https:\/\/skaitytaknyga.lt\/#organization"},"potentialAction":[{"@type":"SearchAction","target":{"@type":"EntryPoint","urlTemplate":"https:\/\/skaitytaknyga.lt\/?s={search_term_string}"},"query-input":{"@type":"PropertyValueSpecification","valueRequired":true,"valueName":"search_term_string"}}],"inLanguage":"en-GB"},{"@type":"Organization","@id":"https:\/\/skaitytaknyga.lt\/#organization","name":"skaitytaknyga.lt","url":"https:\/\/skaitytaknyga.lt\/","logo":{"@type":"ImageObject","inLanguage":"en-GB","@id":"https:\/\/skaitytaknyga.lt\/#\/schema\/logo\/image\/","url":"https:\/\/skaitytaknyga.lt\/wp-content\/uploads\/2024\/05\/cropped-cropped-cropped-02_00843_jt3bggkj1j3HLc7SyY6rEUpg.jpeg","contentUrl":"https:\/\/skaitytaknyga.lt\/wp-content\/uploads\/2024\/05\/cropped-cropped-cropped-02_00843_jt3bggkj1j3HLc7SyY6rEUpg.jpeg","width":1600,"height":1600,"caption":"skaitytaknyga.lt"},"image":{"@id":"https:\/\/skaitytaknyga.lt\/#\/schema\/logo\/image\/"},"sameAs":["https:\/\/www.facebook.com\/skaitytaknyga\/"]}]}},"_links":{"self":[{"href":"https:\/\/skaitytaknyga.lt\/en\/wp-json\/wp\/v2\/product\/19789","targetHints":{"allow":["GET"]}}],"collection":[{"href":"https:\/\/skaitytaknyga.lt\/en\/wp-json\/wp\/v2\/product"}],"about":[{"href":"https:\/\/skaitytaknyga.lt\/en\/wp-json\/wp\/v2\/types\/product"}],"replies":[{"embeddable":true,"href":"https:\/\/skaitytaknyga.lt\/en\/wp-json\/wp\/v2\/comments?post=19789"}],"wp:featuredmedia":[{"embeddable":true,"href":"https:\/\/skaitytaknyga.lt\/en\/wp-json\/wp\/v2\/media\/19794"}],"wp:attachment":[{"href":"https:\/\/skaitytaknyga.lt\/en\/wp-json\/wp\/v2\/media?parent=19789"}],"wp:term":[{"taxonomy":"product_brand","embeddable":true,"href":"https:\/\/skaitytaknyga.lt\/en\/wp-json\/wp\/v2\/product_brand?post=19789"},{"taxonomy":"product_cat","embeddable":true,"href":"https:\/\/skaitytaknyga.lt\/en\/wp-json\/wp\/v2\/product_cat?post=19789"},{"taxonomy":"product_tag","embeddable":true,"href":"https:\/\/skaitytaknyga.lt\/en\/wp-json\/wp\/v2\/product_tag?post=19789"}],"curies":[{"name":"wp","href":"https:\/\/api.w.org\/{rel}","templated":true}]}}