{"id":19788,"date":"2025-07-23T11:35:50","date_gmt":"2025-07-23T08:35:50","guid":{"rendered":"https:\/\/skaitytaknyga.lt\/?post_type=product&#038;p=19788"},"modified":"2026-03-05T13:22:43","modified_gmt":"2026-03-05T11:22:43","slug":"krucifiksas","status":"publish","type":"product","link":"https:\/\/skaitytaknyga.lt\/en\/produktas\/krucifiksas\/","title":{"rendered":"Krucifiksas"},"content":{"rendered":"<p>Persi\u017eegnok ir melskis, kad mirtum&#8230; greitai.<\/p>\n<p>Apleistame name Los And\u017eele randama i\u0161niekinta ir \u017eiauriai nu\u017eudyta jauna moteris. Ant sprando jai i\u0161rai\u017eytas keistas dvigubas kry\u017eius \u2014 tai psichopato, \u017einomo kaip Krucifiksas, \u017eenklas.<\/p>\n<p>Bet ar taip gal\u0117t\u0173 b\u016bti, nes prie\u0161 dvejus metus Krucifiksas buvo sugautas, nuteistas ir jam \u012fvykdyta mirties bausm\u0117. O gal j\u012f kas nors m\u0117gd\u017eioja? Nejaugi \u017dmog\u017eudys\u010di\u0173 skyriaus detektyvui teks pripa\u017einti tai, apie k\u0105 nenori n\u0117 pagalvoti? Galb\u016bt tikrasis Krucifiksas vis dar laisv\u0117je ir erzina Robert\u0105 Hanter\u012f, kuriam niekaip nepavyksta jo atskleisti ir su\u010diupti?<\/p>\n<p>Hanterio ir jo naujojo partnerio laukia nesuvokiamas ko\u0161maras&#8230;<\/p>\n<p>Ital\u0173 kilm\u0117s ra\u0161ytojas Chrisas Carteris gim\u0117 Brazilijoje, Mi\u010digano universitete studijavo psichologij\u0105 ir nusikalstam\u0105 elgsen\u0105. Kaip Mi\u010digano valstijos apygardos prokuroro kriminalin\u0117s psichologijos komandos narys, jis apklaus\u0117 ir tyr\u0117 daugyb\u0119 nusikalt\u0117li\u0173, \u012fskaitant ir serijinius \u017eudikus.<\/p>\n<p>\u201eIntriguojantis&#8230; ne jautruoliams.\u201c \u2013 Heat<\/p>\n","protected":false},"excerpt":{"rendered":"<p>Persi\u017eegnok ir melskis, kad mirtum&#8230; greitai. Apleistame name Los And\u017eele randama i\u0161niekinta ir \u017eiauriai nu\u017eudyta jauna moteris. Ant sprando jai i\u0161rai\u017eytas keistas dvigubas kry\u017eius \u2014 tai psichopato, \u017einomo kaip Krucifiksas, \u017eenklas. Bet ar taip gal\u0117t\u0173 b\u016bti, nes prie\u0161 dvejus metus Krucifiksas buvo sugautas, nuteistas ir jam \u012fvykdyta mirties bausm\u0117. O gal j\u012f kas nors m\u0117gd\u017eioja? Nejaugi \u017dmog\u017eudys\u010di\u0173 skyriaus detektyvui teks pripa\u017einti tai, apie k\u0105 nenori n\u0117 pagalvoti? Galb\u016bt tikrasis Krucifiksas vis dar laisv\u0117je ir erzina Robert\u0105 Hanter\u012f, kuriam niekaip nepavyksta jo atskleisti ir su\u010diupti? Hanterio ir jo naujojo partnerio laukia nesuvokiamas ko\u0161maras&#8230; Ital\u0173 kilm\u0117s ra\u0161ytojas Chrisas Carteris gim\u0117 Brazilijoje, Mi\u010digano universitete studijavo psichologij\u0105 ir nusikalstam\u0105 elgsen\u0105. Kaip Mi\u010digano valstijos apygardos prokuroro kriminalin\u0117s psichologijos komandos narys, jis apklaus\u0117 ir tyr\u0117 daugyb\u0119 nusikalt\u0117li\u0173, \u012fskaitant ir serijinius \u017eudikus. \u201eIntriguojantis&#8230; ne jautruoliams.\u201c \u2013 Heat<\/p>\n","protected":false},"featured_media":19793,"comment_status":"open","ping_status":"closed","template":"","meta":{"_acf_changed":false,"site-sidebar-layout":"default","site-content-layout":"","ast-site-content-layout":"default","site-content-style":"default","site-sidebar-style":"default","ast-global-header-display":"","ast-banner-title-visibility":"","ast-main-header-display":"","ast-hfb-above-header-display":"","ast-hfb-below-header-display":"","ast-hfb-mobile-header-display":"","site-post-title":"","ast-breadcrumbs-content":"","ast-featured-img":"","footer-sml-layout":"","ast-disable-related-posts":"","theme-transparent-header-meta":"","adv-header-id-meta":"","stick-header-meta":"","header-above-stick-meta":"","header-main-stick-meta":"","header-below-stick-meta":"","astra-migrate-meta-layouts":"default","ast-page-background-enabled":"default","ast-page-background-meta":{"desktop":{"background-color":"","background-image":"","background-repeat":"repeat","background-position":"center center","background-size":"auto","background-attachment":"scroll","background-type":"","background-media":"","overlay-type":"","overlay-color":"","overlay-opacity":"","overlay-gradient":""},"tablet":{"background-color":"","background-image":"","background-repeat":"repeat","background-position":"center center","background-size":"auto","background-attachment":"scroll","background-type":"","background-media":"","overlay-type":"","overlay-color":"","overlay-opacity":"","overlay-gradient":""},"mobile":{"background-color":"","background-image":"","background-repeat":"repeat","background-position":"center center","background-size":"auto","background-attachment":"scroll","background-type":"","background-media":"","overlay-type":"","overlay-color":"","overlay-opacity":"","overlay-gradient":""}},"ast-content-background-meta":{"desktop":{"background-color":"var(--ast-global-color-4)","background-image":"","background-repeat":"repeat","background-position":"center center","background-size":"auto","background-attachment":"scroll","background-type":"","background-media":"","overlay-type":"","overlay-color":"","overlay-opacity":"","overlay-gradient":""},"tablet":{"background-color":"var(--ast-global-color-4)","background-image":"","background-repeat":"repeat","background-position":"center center","background-size":"auto","background-attachment":"scroll","background-type":"","background-media":"","overlay-type":"","overlay-color":"","overlay-opacity":"","overlay-gradient":""},"mobile":{"background-color":"var(--ast-global-color-4)","background-image":"","background-repeat":"repeat","background-position":"center center","background-size":"auto","background-attachment":"scroll","background-type":"","background-media":"","overlay-type":"","overlay-color":"","overlay-opacity":"","overlay-gradient":""}}},"product_brand":[],"product_cat":[9581],"product_tag":[6678,6674,6677,6675,6676,3982],"class_list":{"0":"post-19788","1":"product","2":"type-product","3":"status-publish","4":"has-post-thumbnail","6":"product_cat-kriminaliniai-romanai","7":"product_tag-autore-chris-carter","8":"product_tag-chris-carter","9":"product_tag-detektyvas-hanteris","10":"product_tag-kriminalinis-trileris","11":"product_tag-los-andzelas","12":"product_tag-serijinis-zudikas","13":"desktop-align-left","14":"tablet-align-left","15":"mobile-align-left","17":"first","18":"instock","19":"shipping-taxable","20":"purchasable","21":"product-type-simple"},"acf":[],"yoast_head":"<!-- This site is optimized with the Yoast SEO plugin v27.0 - https:\/\/yoast.com\/product\/yoast-seo-wordpress\/ -->\n<title>Krucifiksas<\/title>\n<meta name=\"description\" content=\"Persi\u017eegnok ir melskis, kad mirtum... greitai. Apleistame name Los And\u017eele randama i\u0161niekinta ir \u017eiauriai nu\u017eudyta jauna moteris. Ant sprando jai\" \/>\n<meta name=\"robots\" content=\"index, follow, max-snippet:-1, max-image-preview:large, max-video-preview:-1\" \/>\n<link rel=\"canonical\" href=\"https:\/\/skaitytaknyga.lt\/en\/produktas\/krucifiksas\/\" \/>\n<meta property=\"og:locale\" content=\"en_GB\" \/>\n<meta property=\"og:locale:alternate\" content=\"lt_LT\" \/>\n<meta property=\"og:type\" content=\"article\" \/>\n<meta property=\"og:title\" content=\"Krucifiksas\" \/>\n<meta property=\"og:description\" content=\"Persi\u017eegnok ir melskis, kad mirtum... greitai. Apleistame name Los And\u017eele randama i\u0161niekinta ir \u017eiauriai nu\u017eudyta jauna moteris. Ant sprando jai\" \/>\n<meta property=\"og:url\" content=\"https:\/\/skaitytaknyga.lt\/en\/produktas\/krucifiksas\/\" \/>\n<meta property=\"og:site_name\" content=\"Skaitytaknyga\" \/>\n<meta property=\"article:publisher\" content=\"https:\/\/www.facebook.com\/skaitytaknyga\/\" \/>\n<meta property=\"article:modified_time\" content=\"2026-03-05T11:22:43+00:00\" \/>\n<meta property=\"og:image\" content=\"https:\/\/skaitytaknyga.lt\/wp-content\/uploads\/2025\/07\/Krucifiksas-1.webp\" \/>\n\t<meta property=\"og:image:width\" content=\"529\" \/>\n\t<meta property=\"og:image:height\" content=\"801\" \/>\n\t<meta property=\"og:image:type\" content=\"image\/webp\" \/>\n<meta name=\"twitter:card\" content=\"summary_large_image\" \/>\n<meta name=\"twitter:label1\" content=\"Estimated reading time\" \/>\n\t<meta name=\"twitter:data1\" content=\"1 minute\" \/>\n<script type=\"application\/ld+json\" class=\"yoast-schema-graph\">{\"@context\":\"https:\/\/schema.org\",\"@graph\":[{\"@type\":\"WebPage\",\"@id\":\"https:\/\/skaitytaknyga.lt\/produktas\/krucifiksas\/\",\"url\":\"https:\/\/skaitytaknyga.lt\/produktas\/krucifiksas\/\",\"name\":\"Krucifiksas\",\"isPartOf\":{\"@id\":\"https:\/\/skaitytaknyga.lt\/#website\"},\"primaryImageOfPage\":{\"@id\":\"https:\/\/skaitytaknyga.lt\/produktas\/krucifiksas\/#primaryimage\"},\"image\":{\"@id\":\"https:\/\/skaitytaknyga.lt\/produktas\/krucifiksas\/#primaryimage\"},\"thumbnailUrl\":\"https:\/\/skaitytaknyga.lt\/wp-content\/uploads\/2025\/07\/Krucifiksas-1.webp\",\"datePublished\":\"2025-07-23T08:35:50+00:00\",\"dateModified\":\"2026-03-05T11:22:43+00:00\",\"description\":\"Persi\u017eegnok ir melskis, kad mirtum... greitai. Apleistame name Los And\u017eele randama i\u0161niekinta ir \u017eiauriai nu\u017eudyta jauna moteris. Ant sprando jai\",\"breadcrumb\":{\"@id\":\"https:\/\/skaitytaknyga.lt\/produktas\/krucifiksas\/#breadcrumb\"},\"inLanguage\":\"en-GB\",\"potentialAction\":[{\"@type\":\"ReadAction\",\"target\":[\"https:\/\/skaitytaknyga.lt\/produktas\/krucifiksas\/\"]}]},{\"@type\":\"ImageObject\",\"inLanguage\":\"en-GB\",\"@id\":\"https:\/\/skaitytaknyga.lt\/produktas\/krucifiksas\/#primaryimage\",\"url\":\"https:\/\/skaitytaknyga.lt\/wp-content\/uploads\/2025\/07\/Krucifiksas-1.webp\",\"contentUrl\":\"https:\/\/skaitytaknyga.lt\/wp-content\/uploads\/2025\/07\/Krucifiksas-1.webp\",\"width\":529,\"height\":801},{\"@type\":\"BreadcrumbList\",\"@id\":\"https:\/\/skaitytaknyga.lt\/produktas\/krucifiksas\/#breadcrumb\",\"itemListElement\":[{\"@type\":\"ListItem\",\"position\":1,\"name\":\"Home\",\"item\":\"https:\/\/skaitytaknyga.lt\/\"},{\"@type\":\"ListItem\",\"position\":2,\"name\":\"Parduotuv\u0117\",\"item\":\"https:\/\/skaitytaknyga.lt\/knygu-parduotuve\/\"},{\"@type\":\"ListItem\",\"position\":3,\"name\":\"Krucifiksas\"}]},{\"@type\":\"WebSite\",\"@id\":\"https:\/\/skaitytaknyga.lt\/#website\",\"url\":\"https:\/\/skaitytaknyga.lt\/\",\"name\":\"skaitytaknyga.lt\",\"description\":\"Skaitytaknyga.lt \u2013 tai ma\u017eas \u0161eimos verslas, kuris prasid\u0117jo nuo meil\u0117s knygoms ir siekio i\u0161gelb\u0117ti knygas nuo likimo prie konteinerio. Kas vienam nereikalingas daiktas \u2013 kitam lobis, o mes esame tarpininkai, kurie padeda abiems tapti laimingesniems ???? \u017dinome kaip nelengva i\u0161gyventi ma\u017eiems verslams, tad nuo \u0161iol, \u010dia rasite ir kit\u0173, ma\u017e\u0173 \u0161eim\u0173 versl\u0173, rank\u0173 darbo, dovan\u0173 sau ir artimiesiems.\",\"publisher\":{\"@id\":\"https:\/\/skaitytaknyga.lt\/#organization\"},\"potentialAction\":[{\"@type\":\"SearchAction\",\"target\":{\"@type\":\"EntryPoint\",\"urlTemplate\":\"https:\/\/skaitytaknyga.lt\/?s={search_term_string}\"},\"query-input\":{\"@type\":\"PropertyValueSpecification\",\"valueRequired\":true,\"valueName\":\"search_term_string\"}}],\"inLanguage\":\"en-GB\"},{\"@type\":\"Organization\",\"@id\":\"https:\/\/skaitytaknyga.lt\/#organization\",\"name\":\"skaitytaknyga.lt\",\"url\":\"https:\/\/skaitytaknyga.lt\/\",\"logo\":{\"@type\":\"ImageObject\",\"inLanguage\":\"en-GB\",\"@id\":\"https:\/\/skaitytaknyga.lt\/#\/schema\/logo\/image\/\",\"url\":\"https:\/\/skaitytaknyga.lt\/wp-content\/uploads\/2024\/05\/cropped-cropped-cropped-02_00843_jt3bggkj1j3HLc7SyY6rEUpg.jpeg\",\"contentUrl\":\"https:\/\/skaitytaknyga.lt\/wp-content\/uploads\/2024\/05\/cropped-cropped-cropped-02_00843_jt3bggkj1j3HLc7SyY6rEUpg.jpeg\",\"width\":1600,\"height\":1600,\"caption\":\"skaitytaknyga.lt\"},\"image\":{\"@id\":\"https:\/\/skaitytaknyga.lt\/#\/schema\/logo\/image\/\"},\"sameAs\":[\"https:\/\/www.facebook.com\/skaitytaknyga\/\"]}]}<\/script>\n<!-- \/ Yoast SEO plugin. -->","yoast_head_json":{"title":"Krucifiksas","description":"Persi\u017eegnok ir melskis, kad mirtum... greitai. Apleistame name Los And\u017eele randama i\u0161niekinta ir \u017eiauriai nu\u017eudyta jauna moteris. Ant sprando jai","robots":{"index":"index","follow":"follow","max-snippet":"max-snippet:-1","max-image-preview":"max-image-preview:large","max-video-preview":"max-video-preview:-1"},"canonical":"https:\/\/skaitytaknyga.lt\/en\/produktas\/krucifiksas\/","og_locale":"en_GB","og_type":"article","og_title":"[:lt]Krucifiksas[:] - Skaitytaknyga","og_description":"Persi\u017eegnok ir melskis, kad mirtum... greitai. Apleistame name Los And\u017eele randama i\u0161niekinta ir \u017eiauriai nu\u017eudyta jauna moteris. Ant sprando jai","og_url":"https:\/\/skaitytaknyga.lt\/en\/produktas\/krucifiksas\/","og_site_name":"Skaitytaknyga","article_publisher":"https:\/\/www.facebook.com\/skaitytaknyga\/","article_modified_time":"2026-03-05T11:22:43+00:00","og_image":[{"width":529,"height":801,"url":"https:\/\/skaitytaknyga.lt\/wp-content\/uploads\/2025\/07\/Krucifiksas-1.webp","type":"image\/webp"}],"twitter_card":"summary_large_image","twitter_misc":{"Estimated reading time":"1 minute"},"schema":{"@context":"https:\/\/schema.org","@graph":[{"@type":"WebPage","@id":"https:\/\/skaitytaknyga.lt\/produktas\/krucifiksas\/","url":"https:\/\/skaitytaknyga.lt\/produktas\/krucifiksas\/","name":"Krucifiksas","isPartOf":{"@id":"https:\/\/skaitytaknyga.lt\/#website"},"primaryImageOfPage":{"@id":"https:\/\/skaitytaknyga.lt\/produktas\/krucifiksas\/#primaryimage"},"image":{"@id":"https:\/\/skaitytaknyga.lt\/produktas\/krucifiksas\/#primaryimage"},"thumbnailUrl":"https:\/\/skaitytaknyga.lt\/wp-content\/uploads\/2025\/07\/Krucifiksas-1.webp","datePublished":"2025-07-23T08:35:50+00:00","dateModified":"2026-03-05T11:22:43+00:00","description":"Persi\u017eegnok ir melskis, kad mirtum... greitai. Apleistame name Los And\u017eele randama i\u0161niekinta ir \u017eiauriai nu\u017eudyta jauna moteris. Ant sprando jai","breadcrumb":{"@id":"https:\/\/skaitytaknyga.lt\/produktas\/krucifiksas\/#breadcrumb"},"inLanguage":"en-GB","potentialAction":[{"@type":"ReadAction","target":["https:\/\/skaitytaknyga.lt\/produktas\/krucifiksas\/"]}]},{"@type":"ImageObject","inLanguage":"en-GB","@id":"https:\/\/skaitytaknyga.lt\/produktas\/krucifiksas\/#primaryimage","url":"https:\/\/skaitytaknyga.lt\/wp-content\/uploads\/2025\/07\/Krucifiksas-1.webp","contentUrl":"https:\/\/skaitytaknyga.lt\/wp-content\/uploads\/2025\/07\/Krucifiksas-1.webp","width":529,"height":801},{"@type":"BreadcrumbList","@id":"https:\/\/skaitytaknyga.lt\/produktas\/krucifiksas\/#breadcrumb","itemListElement":[{"@type":"ListItem","position":1,"name":"Home","item":"https:\/\/skaitytaknyga.lt\/"},{"@type":"ListItem","position":2,"name":"Parduotuv\u0117","item":"https:\/\/skaitytaknyga.lt\/knygu-parduotuve\/"},{"@type":"ListItem","position":3,"name":"Krucifiksas"}]},{"@type":"WebSite","@id":"https:\/\/skaitytaknyga.lt\/#website","url":"https:\/\/skaitytaknyga.lt\/","name":"skaitytaknyga.lt","description":"Skaitytaknyga.lt \u2013 tai ma\u017eas \u0161eimos verslas, kuris prasid\u0117jo nuo meil\u0117s knygoms ir siekio i\u0161gelb\u0117ti knygas nuo likimo prie konteinerio. Kas vienam nereikalingas daiktas \u2013 kitam lobis, o mes esame tarpininkai, kurie padeda abiems tapti laimingesniems ???? \u017dinome kaip nelengva i\u0161gyventi ma\u017eiems verslams, tad nuo \u0161iol, \u010dia rasite ir kit\u0173, ma\u017e\u0173 \u0161eim\u0173 versl\u0173, rank\u0173 darbo, dovan\u0173 sau ir artimiesiems.","publisher":{"@id":"https:\/\/skaitytaknyga.lt\/#organization"},"potentialAction":[{"@type":"SearchAction","target":{"@type":"EntryPoint","urlTemplate":"https:\/\/skaitytaknyga.lt\/?s={search_term_string}"},"query-input":{"@type":"PropertyValueSpecification","valueRequired":true,"valueName":"search_term_string"}}],"inLanguage":"en-GB"},{"@type":"Organization","@id":"https:\/\/skaitytaknyga.lt\/#organization","name":"skaitytaknyga.lt","url":"https:\/\/skaitytaknyga.lt\/","logo":{"@type":"ImageObject","inLanguage":"en-GB","@id":"https:\/\/skaitytaknyga.lt\/#\/schema\/logo\/image\/","url":"https:\/\/skaitytaknyga.lt\/wp-content\/uploads\/2024\/05\/cropped-cropped-cropped-02_00843_jt3bggkj1j3HLc7SyY6rEUpg.jpeg","contentUrl":"https:\/\/skaitytaknyga.lt\/wp-content\/uploads\/2024\/05\/cropped-cropped-cropped-02_00843_jt3bggkj1j3HLc7SyY6rEUpg.jpeg","width":1600,"height":1600,"caption":"skaitytaknyga.lt"},"image":{"@id":"https:\/\/skaitytaknyga.lt\/#\/schema\/logo\/image\/"},"sameAs":["https:\/\/www.facebook.com\/skaitytaknyga\/"]}]}},"_links":{"self":[{"href":"https:\/\/skaitytaknyga.lt\/en\/wp-json\/wp\/v2\/product\/19788","targetHints":{"allow":["GET"]}}],"collection":[{"href":"https:\/\/skaitytaknyga.lt\/en\/wp-json\/wp\/v2\/product"}],"about":[{"href":"https:\/\/skaitytaknyga.lt\/en\/wp-json\/wp\/v2\/types\/product"}],"replies":[{"embeddable":true,"href":"https:\/\/skaitytaknyga.lt\/en\/wp-json\/wp\/v2\/comments?post=19788"}],"wp:featuredmedia":[{"embeddable":true,"href":"https:\/\/skaitytaknyga.lt\/en\/wp-json\/wp\/v2\/media\/19793"}],"wp:attachment":[{"href":"https:\/\/skaitytaknyga.lt\/en\/wp-json\/wp\/v2\/media?parent=19788"}],"wp:term":[{"taxonomy":"product_brand","embeddable":true,"href":"https:\/\/skaitytaknyga.lt\/en\/wp-json\/wp\/v2\/product_brand?post=19788"},{"taxonomy":"product_cat","embeddable":true,"href":"https:\/\/skaitytaknyga.lt\/en\/wp-json\/wp\/v2\/product_cat?post=19788"},{"taxonomy":"product_tag","embeddable":true,"href":"https:\/\/skaitytaknyga.lt\/en\/wp-json\/wp\/v2\/product_tag?post=19788"}],"curies":[{"name":"wp","href":"https:\/\/api.w.org\/{rel}","templated":true}]}}